{"id":24128,"date":"2020-10-17T09:38:14","date_gmt":"2020-10-17T06:38:14","guid":{"rendered":"https:\/\/www.waterskis.lv\/product\/vienvietigs-kajaks-hobie-mirage-passport-12-0\/"},"modified":"2022-02-08T16:38:43","modified_gmt":"2022-02-08T13:38:43","slug":"solo-kayak-hobie-mirage-passport-12-0","status":"publish","type":"product","link":"https:\/\/www.waterskis.lv\/en\/product\/solo-kayak-hobie-mirage-passport-12-0\/","title":{"rendered":"Solo kayak HOBIE MIRAGE PASSPORT 12.0"},"content":{"rendered":"<p>Solo kayak HOBIE MIRAGE PASSPORT 12.0<\/p>\n<p>Introducing the new Hobie Mirage Passport. Your ticket to fun.<\/p>\n<div class=\"block_content1 rte active\">\n<p>The 12-foot Mirage Passport takes you where you want to go with ease and world-class authority with pedal propulsion. When you\u2019re not relaxing in the Passport\u2019s breathable mesh seat, a wider cockpit area with EVA floor padding provides a stable platform for standing and stretching your legs or casting a lure. There\u2019s plenty of real estate to stash equipment on the bow or stern cargo areas and more below deck access through the center 8\u201d Twist-n-Seal hatch. Anglers will be happy that the Passport 12 has a transducer cavity and scupper for simple install of your favorite fishfinder and a Power-Pole\u00ae Micro bracket indent to mount your favorite shallow water anchor. Additional features include steering system with stowable rudder, two fishing rod holders, accessory tracks, and under seat and gunnel tackle storage.<\/p>\n<\/div>\n<p id=\"table-data\" class=\"page-product-heading\">DATA SHEET<\/p>\n<table class=\"block_content2 table-data-sheet\">\n<tbody>\n<tr class=\"odd\">\n<td>Type<\/td>\n<td>Pedal powered Sit-On-Top kayak<\/td>\n<\/tr>\n<tr class=\"even\">\n<td>Length<\/td>\n<td>360 cm<\/td>\n<\/tr>\n<tr class=\"odd\">\n<td>Width<\/td>\n<td>86 cm<\/td>\n<\/tr>\n<tr class=\"even\">\n<td>Height<\/td>\n<td>33 cm<\/td>\n<\/tr>\n<tr class=\"odd\">\n<td>Weight<\/td>\n<td>38 kg<\/td>\n<\/tr>\n<tr class=\"even\">\n<td>Material<\/td>\n<td>HDPE<\/td>\n<\/tr>\n<tr class=\"odd\">\n<td>Number of persons<\/td>\n<td>1<\/td>\n<\/tr>\n<tr class=\"even\">\n<td>Capacity<\/td>\n<td>181 kg<\/td>\n<\/tr>\n<tr class=\"odd\">\n<td>Purpose of usage<\/td>\n<td>Universal usage<\/td>\n<\/tr>\n<tr class=\"even\">\n<td>Country of origin<\/td>\n<td>USA<\/td>\n<\/tr>\n<\/tbody>\n<\/table>\n<p>&nbsp;<\/p>\n<p>Solo kayak HOBIE MIRAGE PASSPORT 12.0<\/p>\n<p>Colour: seagrass green, slate blue<\/p>\n<table class=\"table\">\n<tbody>\n<tr>\n<th scope=\"row\">COLORS:<\/th>\n<td><img decoding=\"async\" class=\"pc-color-chip\" title=\"\" src=\"https:\/\/static.hobie.com\/consumer\/images\/colorchip-slate-blue.png\" data-toggle=\"tooltip\" data-original-title=\"Slate Blue\" \/><img decoding=\"async\" class=\"pc-color-chip\" title=\"\" src=\"https:\/\/static.hobie.com\/consumer\/images\/colorchip-seagrass-green.png\" data-toggle=\"tooltip\" data-original-title=\"Seagrass Green\" aria-describedby=\"tooltip56475\" \/><\/td>\n<\/tr>\n<\/tbody>\n<\/table>\n<p><iframe title=\"Ultimate Hobie Mirage Passport 12.0 - Rigged for Fishing\" width=\"640\" height=\"360\" src=\"https:\/\/www.youtube.com\/embed\/u8ouFu5z_F0?feature=oembed\" frameborder=\"0\" allow=\"accelerometer; autoplay; clipboard-write; encrypted-media; gyroscope; picture-in-picture; web-share\" referrerpolicy=\"strict-origin-when-cross-origin\" allowfullscreen><\/iframe><\/p>\n","protected":false},"excerpt":{"rendered":"<p>https:\/\/www.youtube.com\/watch?v=u8ouFu5z_F0 [&#8230;]<\/p>\n<p><a class=\"btn btn-secondary understrap-read-more-link\" href=\"https:\/\/www.waterskis.lv\/en\/product\/solo-kayak-hobie-mirage-passport-12-0\/\">Read More&#8230;<\/a><\/p>\n","protected":false},"featured_media":21044,"comment_status":"closed","ping_status":"closed","template":"","meta":{"_acf_changed":false,"inline_featured_image":false},"product_brand":[],"product_cat":[682,507,535,683,528],"product_tag":[],"class_list":{"0":"post-24128","1":"product","2":"type-product","3":"status-publish","4":"has-post-thumbnail","6":"product_cat-hobie-pedal-kayaks","7":"product_cat-kayaks","8":"product_cat-sot-kayaks","9":"product_cat-solo-hobie-kayaks","10":"product_cat-solo-sit-on-kayaks","12":"first","13":"instock","14":"shipping-taxable","15":"product-type-simple"},"acf":[],"yoast_head":"<!-- This site is optimized with the Yoast SEO plugin v27.3 - https:\/\/yoast.com\/product\/yoast-seo-wordpress\/ -->\n<title>Solo kayak HOBIE MIRAGE PASSPORT 12.0 - WATERSKIS.LV<\/title>\n<meta name=\"description\" content=\"Solo kayak HOBIE MIRAGE PASSPORT 12.0. Waterskis.lv - buy, rent different types of kayaks and related equipment. Visit us.\" \/>\n<meta name=\"robots\" content=\"index, follow, max-snippet:-1, max-image-preview:large, max-video-preview:-1\" \/>\n<link rel=\"canonical\" href=\"https:\/\/www.waterskis.lv\/en\/product\/solo-kayak-hobie-mirage-passport-12-0\/\" \/>\n<meta property=\"og:locale\" content=\"en_US\" \/>\n<meta property=\"og:type\" content=\"article\" \/>\n<meta property=\"og:title\" content=\"Solo kayak HOBIE MIRAGE PASSPORT 12.0\" \/>\n<meta property=\"og:description\" content=\"Solo kayak HOBIE MIRAGE PASSPORT 12.0\" \/>\n<meta property=\"og:url\" content=\"https:\/\/www.waterskis.lv\/en\/product\/solo-kayak-hobie-mirage-passport-12-0\/\" \/>\n<meta property=\"og:site_name\" content=\"WATERSKIS.LV\" \/>\n<meta property=\"article:publisher\" content=\"https:\/\/www.facebook.com\/jurmalawaterskiwakeboardpark\/\" \/>\n<meta property=\"article:modified_time\" content=\"2022-02-08T13:38:43+00:00\" \/>\n<meta property=\"og:image\" content=\"https:\/\/www.waterskis.lv\/wp-content\/uploads\/2020\/10\/passport-1202.jpg\" \/>\n<meta name=\"twitter:card\" content=\"summary_large_image\" \/>\n<meta name=\"twitter:label1\" content=\"Est. reading time\" \/>\n\t<meta name=\"twitter:data1\" content=\"2 minutes\" \/>\n<script type=\"application\/ld+json\" class=\"yoast-schema-graph\">{\"@context\":\"https:\\\/\\\/schema.org\",\"@graph\":[{\"@type\":\"WebPage\",\"@id\":\"https:\\\/\\\/www.waterskis.lv\\\/en\\\/product\\\/solo-kayak-hobie-mirage-passport-12-0\\\/\",\"url\":\"https:\\\/\\\/www.waterskis.lv\\\/en\\\/product\\\/solo-kayak-hobie-mirage-passport-12-0\\\/\",\"name\":\"Solo kayak HOBIE MIRAGE PASSPORT 12.0 - WATERSKIS.LV\",\"isPartOf\":{\"@id\":\"https:\\\/\\\/www.waterskis.lv\\\/en\\\/#website\"},\"primaryImageOfPage\":{\"@id\":\"https:\\\/\\\/www.waterskis.lv\\\/en\\\/product\\\/solo-kayak-hobie-mirage-passport-12-0\\\/#primaryimage\"},\"image\":{\"@id\":\"https:\\\/\\\/www.waterskis.lv\\\/en\\\/product\\\/solo-kayak-hobie-mirage-passport-12-0\\\/#primaryimage\"},\"thumbnailUrl\":\"https:\\\/\\\/www.waterskis.lv\\\/wp-content\\\/uploads\\\/2020\\\/10\\\/passport-120.jpg\",\"datePublished\":\"2020-10-17T06:38:14+00:00\",\"dateModified\":\"2022-02-08T13:38:43+00:00\",\"description\":\"Solo kayak HOBIE MIRAGE PASSPORT 12.0. Waterskis.lv - buy, rent different types of kayaks and related equipment. Visit us.\",\"breadcrumb\":{\"@id\":\"https:\\\/\\\/www.waterskis.lv\\\/en\\\/product\\\/solo-kayak-hobie-mirage-passport-12-0\\\/#breadcrumb\"},\"inLanguage\":\"en-US\",\"potentialAction\":[{\"@type\":\"ReadAction\",\"target\":[\"https:\\\/\\\/www.waterskis.lv\\\/en\\\/product\\\/solo-kayak-hobie-mirage-passport-12-0\\\/\"]}]},{\"@type\":\"ImageObject\",\"inLanguage\":\"en-US\",\"@id\":\"https:\\\/\\\/www.waterskis.lv\\\/en\\\/product\\\/solo-kayak-hobie-mirage-passport-12-0\\\/#primaryimage\",\"url\":\"https:\\\/\\\/www.waterskis.lv\\\/wp-content\\\/uploads\\\/2020\\\/10\\\/passport-120.jpg\",\"contentUrl\":\"https:\\\/\\\/www.waterskis.lv\\\/wp-content\\\/uploads\\\/2020\\\/10\\\/passport-120.jpg\",\"width\":1000,\"height\":1000,\"caption\":\"Solo kayak HOBIE MIRAGE PASSPORT 12.0\"},{\"@type\":\"BreadcrumbList\",\"@id\":\"https:\\\/\\\/www.waterskis.lv\\\/en\\\/product\\\/solo-kayak-hobie-mirage-passport-12-0\\\/#breadcrumb\",\"itemListElement\":[{\"@type\":\"ListItem\",\"position\":1,\"name\":\"Home\",\"item\":\"https:\\\/\\\/www.waterskis.lv\\\/en\\\/\"},{\"@type\":\"ListItem\",\"position\":2,\"name\":\"Shop\",\"item\":\"https:\\\/\\\/waterskis.lv\\\/en\\\/shop\\\/\"},{\"@type\":\"ListItem\",\"position\":3,\"name\":\"Solo kayak HOBIE MIRAGE PASSPORT 12.0\"}]},{\"@type\":\"WebSite\",\"@id\":\"https:\\\/\\\/www.waterskis.lv\\\/en\\\/#website\",\"url\":\"https:\\\/\\\/www.waterskis.lv\\\/en\\\/\",\"name\":\"WATERSKIS.LV\",\"description\":\"SUP d\u0113\u013ci, kajaki, kanoe, airu laivas, \u016bdenssl\u0113po\u0161ana, veikbords, SUP d\u0113\u013cu noma, kajaku nomaakt\u012bv\u0101s atp\u016btas centrs, laivu noma, sup noma, kajaku noma\",\"publisher\":{\"@id\":\"https:\\\/\\\/www.waterskis.lv\\\/en\\\/#organization\"},\"potentialAction\":[{\"@type\":\"SearchAction\",\"target\":{\"@type\":\"EntryPoint\",\"urlTemplate\":\"https:\\\/\\\/www.waterskis.lv\\\/en\\\/?s={search_term_string}\"},\"query-input\":{\"@type\":\"PropertyValueSpecification\",\"valueRequired\":true,\"valueName\":\"search_term_string\"}}],\"inLanguage\":\"en-US\"},{\"@type\":\"Organization\",\"@id\":\"https:\\\/\\\/www.waterskis.lv\\\/en\\\/#organization\",\"name\":\"WATERSKIS.LV\",\"url\":\"https:\\\/\\\/www.waterskis.lv\\\/en\\\/\",\"logo\":{\"@type\":\"ImageObject\",\"inLanguage\":\"en-US\",\"@id\":\"https:\\\/\\\/www.waterskis.lv\\\/en\\\/#\\\/schema\\\/logo\\\/image\\\/\",\"url\":\"https:\\\/\\\/www.waterskis.lv\\\/wp-content\\\/uploads\\\/2025\\\/01\\\/JUVP-logo.png\",\"contentUrl\":\"https:\\\/\\\/www.waterskis.lv\\\/wp-content\\\/uploads\\\/2025\\\/01\\\/JUVP-logo.png\",\"width\":421,\"height\":202,\"caption\":\"WATERSKIS.LV\"},\"image\":{\"@id\":\"https:\\\/\\\/www.waterskis.lv\\\/en\\\/#\\\/schema\\\/logo\\\/image\\\/\"},\"sameAs\":[\"https:\\\/\\\/www.facebook.com\\\/jurmalawaterskiwakeboardpark\\\/\"]}]}<\/script>\n<!-- \/ Yoast SEO plugin. -->","yoast_head_json":{"title":"Solo kayak HOBIE MIRAGE PASSPORT 12.0 - WATERSKIS.LV","description":"Solo kayak HOBIE MIRAGE PASSPORT 12.0. Waterskis.lv - buy, rent different types of kayaks and related equipment. Visit us.","robots":{"index":"index","follow":"follow","max-snippet":"max-snippet:-1","max-image-preview":"max-image-preview:large","max-video-preview":"max-video-preview:-1"},"canonical":"https:\/\/www.waterskis.lv\/en\/product\/solo-kayak-hobie-mirage-passport-12-0\/","og_locale":"en_US","og_type":"article","og_title":"Solo kayak HOBIE MIRAGE PASSPORT 12.0","og_description":"Solo kayak HOBIE MIRAGE PASSPORT 12.0","og_url":"https:\/\/www.waterskis.lv\/en\/product\/solo-kayak-hobie-mirage-passport-12-0\/","og_site_name":"WATERSKIS.LV","article_publisher":"https:\/\/www.facebook.com\/jurmalawaterskiwakeboardpark\/","article_modified_time":"2022-02-08T13:38:43+00:00","og_image":[{"url":"https:\/\/www.waterskis.lv\/wp-content\/uploads\/2020\/10\/passport-1202.jpg","type":"","width":"","height":""}],"twitter_card":"summary_large_image","twitter_misc":{"Est. reading time":"2 minutes"},"schema":{"@context":"https:\/\/schema.org","@graph":[{"@type":"WebPage","@id":"https:\/\/www.waterskis.lv\/en\/product\/solo-kayak-hobie-mirage-passport-12-0\/","url":"https:\/\/www.waterskis.lv\/en\/product\/solo-kayak-hobie-mirage-passport-12-0\/","name":"Solo kayak HOBIE MIRAGE PASSPORT 12.0 - WATERSKIS.LV","isPartOf":{"@id":"https:\/\/www.waterskis.lv\/en\/#website"},"primaryImageOfPage":{"@id":"https:\/\/www.waterskis.lv\/en\/product\/solo-kayak-hobie-mirage-passport-12-0\/#primaryimage"},"image":{"@id":"https:\/\/www.waterskis.lv\/en\/product\/solo-kayak-hobie-mirage-passport-12-0\/#primaryimage"},"thumbnailUrl":"https:\/\/www.waterskis.lv\/wp-content\/uploads\/2020\/10\/passport-120.jpg","datePublished":"2020-10-17T06:38:14+00:00","dateModified":"2022-02-08T13:38:43+00:00","description":"Solo kayak HOBIE MIRAGE PASSPORT 12.0. Waterskis.lv - buy, rent different types of kayaks and related equipment. Visit us.","breadcrumb":{"@id":"https:\/\/www.waterskis.lv\/en\/product\/solo-kayak-hobie-mirage-passport-12-0\/#breadcrumb"},"inLanguage":"en-US","potentialAction":[{"@type":"ReadAction","target":["https:\/\/www.waterskis.lv\/en\/product\/solo-kayak-hobie-mirage-passport-12-0\/"]}]},{"@type":"ImageObject","inLanguage":"en-US","@id":"https:\/\/www.waterskis.lv\/en\/product\/solo-kayak-hobie-mirage-passport-12-0\/#primaryimage","url":"https:\/\/www.waterskis.lv\/wp-content\/uploads\/2020\/10\/passport-120.jpg","contentUrl":"https:\/\/www.waterskis.lv\/wp-content\/uploads\/2020\/10\/passport-120.jpg","width":1000,"height":1000,"caption":"Solo kayak HOBIE MIRAGE PASSPORT 12.0"},{"@type":"BreadcrumbList","@id":"https:\/\/www.waterskis.lv\/en\/product\/solo-kayak-hobie-mirage-passport-12-0\/#breadcrumb","itemListElement":[{"@type":"ListItem","position":1,"name":"Home","item":"https:\/\/www.waterskis.lv\/en\/"},{"@type":"ListItem","position":2,"name":"Shop","item":"https:\/\/waterskis.lv\/en\/shop\/"},{"@type":"ListItem","position":3,"name":"Solo kayak HOBIE MIRAGE PASSPORT 12.0"}]},{"@type":"WebSite","@id":"https:\/\/www.waterskis.lv\/en\/#website","url":"https:\/\/www.waterskis.lv\/en\/","name":"WATERSKIS.LV","description":"SUP d\u0113\u013ci, kajaki, kanoe, airu laivas, \u016bdenssl\u0113po\u0161ana, veikbords, SUP d\u0113\u013cu noma, kajaku nomaakt\u012bv\u0101s atp\u016btas centrs, laivu noma, sup noma, kajaku noma","publisher":{"@id":"https:\/\/www.waterskis.lv\/en\/#organization"},"potentialAction":[{"@type":"SearchAction","target":{"@type":"EntryPoint","urlTemplate":"https:\/\/www.waterskis.lv\/en\/?s={search_term_string}"},"query-input":{"@type":"PropertyValueSpecification","valueRequired":true,"valueName":"search_term_string"}}],"inLanguage":"en-US"},{"@type":"Organization","@id":"https:\/\/www.waterskis.lv\/en\/#organization","name":"WATERSKIS.LV","url":"https:\/\/www.waterskis.lv\/en\/","logo":{"@type":"ImageObject","inLanguage":"en-US","@id":"https:\/\/www.waterskis.lv\/en\/#\/schema\/logo\/image\/","url":"https:\/\/www.waterskis.lv\/wp-content\/uploads\/2025\/01\/JUVP-logo.png","contentUrl":"https:\/\/www.waterskis.lv\/wp-content\/uploads\/2025\/01\/JUVP-logo.png","width":421,"height":202,"caption":"WATERSKIS.LV"},"image":{"@id":"https:\/\/www.waterskis.lv\/en\/#\/schema\/logo\/image\/"},"sameAs":["https:\/\/www.facebook.com\/jurmalawaterskiwakeboardpark\/"]}]}},"_links":{"self":[{"href":"https:\/\/www.waterskis.lv\/en\/wp-json\/wp\/v2\/product\/24128","targetHints":{"allow":["GET"]}}],"collection":[{"href":"https:\/\/www.waterskis.lv\/en\/wp-json\/wp\/v2\/product"}],"about":[{"href":"https:\/\/www.waterskis.lv\/en\/wp-json\/wp\/v2\/types\/product"}],"replies":[{"embeddable":true,"href":"https:\/\/www.waterskis.lv\/en\/wp-json\/wp\/v2\/comments?post=24128"}],"wp:featuredmedia":[{"embeddable":true,"href":"https:\/\/www.waterskis.lv\/en\/wp-json\/wp\/v2\/media\/21044"}],"wp:attachment":[{"href":"https:\/\/www.waterskis.lv\/en\/wp-json\/wp\/v2\/media?parent=24128"}],"wp:term":[{"taxonomy":"product_brand","embeddable":true,"href":"https:\/\/www.waterskis.lv\/en\/wp-json\/wp\/v2\/product_brand?post=24128"},{"taxonomy":"product_cat","embeddable":true,"href":"https:\/\/www.waterskis.lv\/en\/wp-json\/wp\/v2\/product_cat?post=24128"},{"taxonomy":"product_tag","embeddable":true,"href":"https:\/\/www.waterskis.lv\/en\/wp-json\/wp\/v2\/product_tag?post=24128"}],"curies":[{"name":"wp","href":"https:\/\/api.w.org\/{rel}","templated":true}]}}