{"id":24136,"date":"2020-09-20T19:03:23","date_gmt":"2020-09-20T16:03:23","guid":{"rendered":"https:\/\/www.waterskis.lv\/product\/kajaks-hobie-mirage-compass-camo-turbo-fins\/"},"modified":"2022-02-14T15:39:16","modified_gmt":"2022-02-14T12:39:16","slug":"solo-kayak-hobie-mirage-compass-camo-miragedrive-180-turbo-fins","status":"publish","type":"product","link":"https:\/\/www.waterskis.lv\/en\/product\/solo-kayak-hobie-mirage-compass-camo-miragedrive-180-turbo-fins\/","title":{"rendered":"Solo kayak HOBIE MIRAGE COMPASS CAMO MIRAGEDRIVE 180 TURBO FINS"},"content":{"rendered":"<p>Solo kayak HOBIE MIRAGE COMPASS CAMO MIRAGEDRIVE 180 TURBO FINS<\/p>\n<p>Set your course with the Mirage Compass &#8211; now with patented Kick-Up Fins. Now with MirageDrive 180<\/p>\n<div class=\"block_content1 rte active\">\n<p>Simplicity defined, its time-tested MirageDrive pedal system with Glide Technology and new Kick-Up Fins moves you easily through the water. Patented Kick-Up Fin Technology takes the worry out of kayaking in shallow, structure-filled waters by automatically retracting upon impact. Outfitted with a breathable mesh seat, the Compass offers maximum stability and an oversized cockpit and flat deck for standing. A sharp turning radius makes this fishing kayak nimble in tight quarters, yet able to speed over open water in stealthy fashion. Kayak fishing features include molded-in rod holders, H-Track accessory mounts and a transducer cavity ready for you to install a Lowrance\u00ae fishfinder. For a stealthy look, upgrade to the Compass Camo package that is outfitted with the reversing MirageDrive 180 with Kick-Up Fins and comes in Camo color.<\/p>\n<\/div>\n<p id=\"table-data\" class=\"page-product-heading\">DATA SHEET<\/p>\n<table class=\"block_content2 table-data-sheet\">\n<tbody>\n<tr class=\"odd\">\n<td>Type<\/td>\n<td>Pedal powered Sit-On-Top kayak<\/td>\n<\/tr>\n<tr class=\"even\">\n<td>Length<\/td>\n<td>366 cm<\/td>\n<\/tr>\n<tr class=\"odd\">\n<td>Width<\/td>\n<td>86 cm<\/td>\n<\/tr>\n<tr class=\"even\">\n<td>Height<\/td>\n<td>33 cm<\/td>\n<\/tr>\n<tr class=\"odd\">\n<td>Weight<\/td>\n<td>39 kg<\/td>\n<\/tr>\n<tr class=\"even\">\n<td>Material<\/td>\n<td>HDPE<\/td>\n<\/tr>\n<tr class=\"odd\">\n<td>Number of persons<\/td>\n<td>1<\/td>\n<\/tr>\n<tr class=\"even\">\n<td>Capacity<\/td>\n<td>181 kg<\/td>\n<\/tr>\n<tr class=\"odd\">\n<td>Purpose of usage<\/td>\n<td>Universal usage<\/td>\n<\/tr>\n<tr class=\"even\">\n<td>Country of origin<\/td>\n<td>USA<\/td>\n<\/tr>\n<\/tbody>\n<\/table>\n<p>&nbsp;<\/p>\n<p>Solo kayak HOBIE MIRAGE COMPASS CAMO MIRAGEDRIVE 180 TURBO FINS<\/p>\n<table class=\"table\">\n<tbody>\n<tr>\n<th scope=\"row\">Colour:<\/th>\n<td><img decoding=\"async\" class=\"pc-color-chip\" title=\"\" src=\"https:\/\/static.hobie.com\/consumer\/images\/colorchip-camo.png\" data-toggle=\"tooltip\" data-original-title=\"Camo\" \/><\/td>\n<\/tr>\n<\/tbody>\n<\/table>\n","protected":false},"excerpt":{"rendered":"<p>https:\/\/www.youtube.com\/watch?v=cBzP-1Yhak0<\/p>\n<p>https:\/\/www.youtube.com\/watch?v=4UdWgC5ZpuU&amp;t=2s [&#8230;]<\/p>\n<p><a class=\"btn btn-secondary understrap-read-more-link\" href=\"https:\/\/www.waterskis.lv\/en\/product\/solo-kayak-hobie-mirage-compass-camo-miragedrive-180-turbo-fins\/\">Read More&#8230;<\/a><\/p>\n","protected":false},"featured_media":19502,"comment_status":"closed","ping_status":"closed","template":"","meta":{"_acf_changed":false,"inline_featured_image":false},"product_brand":[],"product_cat":[680,532,682,507,681,535,683,528],"product_tag":[],"class_list":{"0":"post-24136","1":"product","2":"type-product","3":"status-publish","4":"has-post-thumbnail","6":"product_cat-fishing-kayaks-en","7":"product_cat-fishing-kayaks","8":"product_cat-hobie-pedal-kayaks","9":"product_cat-kayaks","10":"product_cat-pedal-driven-fishing-kayaks","11":"product_cat-sot-kayaks","12":"product_cat-solo-hobie-kayaks","13":"product_cat-solo-sit-on-kayaks","15":"first","16":"instock","17":"shipping-taxable","18":"product-type-simple"},"acf":[],"yoast_head":"<!-- This site is optimized with the Yoast SEO plugin v27.5 - https:\/\/yoast.com\/product\/yoast-seo-wordpress\/ -->\n<title>Solo kayak HOBIE MIRAGE COMPASS CAMO MIRAGEDRIVE 180 TURBO FINS - WATERSKIS.LV<\/title>\n<meta name=\"description\" content=\"Solo kayak HOBIE MIRAGE COMPASS CAMO MIRAGEDRIVE 180 TURBO FINS. Established manufacturers, high quality, good price. Kayaks, boats and more\" \/>\n<meta name=\"robots\" content=\"index, follow, max-snippet:-1, max-image-preview:large, max-video-preview:-1\" \/>\n<link rel=\"canonical\" href=\"https:\/\/www.waterskis.lv\/en\/product\/solo-kayak-hobie-mirage-compass-camo-miragedrive-180-turbo-fins\/\" \/>\n<meta property=\"og:locale\" content=\"en_US\" \/>\n<meta property=\"og:type\" content=\"article\" \/>\n<meta property=\"og:title\" content=\"Solo kayak HOBIE MIRAGE COMPASS CAMO MIRAGEDRIVE 180 TURBO FINS\" \/>\n<meta property=\"og:description\" content=\"Solo kayak HOBIE MIRAGE COMPASS CAMO MIRAGEDRIVE 180 TURBO FINS\" \/>\n<meta property=\"og:url\" content=\"https:\/\/www.waterskis.lv\/en\/product\/solo-kayak-hobie-mirage-compass-camo-miragedrive-180-turbo-fins\/\" \/>\n<meta property=\"og:site_name\" content=\"WATERSKIS.LV\" \/>\n<meta property=\"article:publisher\" content=\"https:\/\/www.facebook.com\/jurmalawaterskiwakeboardpark\/\" \/>\n<meta property=\"article:modified_time\" content=\"2022-02-14T12:39:16+00:00\" \/>\n<meta property=\"og:image\" content=\"https:\/\/www.waterskis.lv\/wp-content\/uploads\/2020\/09\/CompassCamo.jpg\" \/>\n<meta name=\"twitter:card\" content=\"summary_large_image\" \/>\n<meta name=\"twitter:label1\" content=\"Est. reading time\" \/>\n\t<meta name=\"twitter:data1\" content=\"2 minutes\" \/>\n<script type=\"application\/ld+json\" class=\"yoast-schema-graph\">{\"@context\":\"https:\\\/\\\/schema.org\",\"@graph\":[{\"@type\":\"WebPage\",\"@id\":\"https:\\\/\\\/www.waterskis.lv\\\/en\\\/product\\\/solo-kayak-hobie-mirage-compass-camo-miragedrive-180-turbo-fins\\\/\",\"url\":\"https:\\\/\\\/www.waterskis.lv\\\/en\\\/product\\\/solo-kayak-hobie-mirage-compass-camo-miragedrive-180-turbo-fins\\\/\",\"name\":\"Solo kayak HOBIE MIRAGE COMPASS CAMO MIRAGEDRIVE 180 TURBO FINS - WATERSKIS.LV\",\"isPartOf\":{\"@id\":\"https:\\\/\\\/www.waterskis.lv\\\/en\\\/#website\"},\"primaryImageOfPage\":{\"@id\":\"https:\\\/\\\/www.waterskis.lv\\\/en\\\/product\\\/solo-kayak-hobie-mirage-compass-camo-miragedrive-180-turbo-fins\\\/#primaryimage\"},\"image\":{\"@id\":\"https:\\\/\\\/www.waterskis.lv\\\/en\\\/product\\\/solo-kayak-hobie-mirage-compass-camo-miragedrive-180-turbo-fins\\\/#primaryimage\"},\"thumbnailUrl\":\"https:\\\/\\\/www.waterskis.lv\\\/wp-content\\\/uploads\\\/2020\\\/09\\\/CompassCamo.jpg\",\"datePublished\":\"2020-09-20T16:03:23+00:00\",\"dateModified\":\"2022-02-14T12:39:16+00:00\",\"description\":\"Solo kayak HOBIE MIRAGE COMPASS CAMO MIRAGEDRIVE 180 TURBO FINS. Established manufacturers, high quality, good price. Kayaks, boats and more\",\"breadcrumb\":{\"@id\":\"https:\\\/\\\/www.waterskis.lv\\\/en\\\/product\\\/solo-kayak-hobie-mirage-compass-camo-miragedrive-180-turbo-fins\\\/#breadcrumb\"},\"inLanguage\":\"en-US\",\"potentialAction\":[{\"@type\":\"ReadAction\",\"target\":[\"https:\\\/\\\/www.waterskis.lv\\\/en\\\/product\\\/solo-kayak-hobie-mirage-compass-camo-miragedrive-180-turbo-fins\\\/\"]}]},{\"@type\":\"ImageObject\",\"inLanguage\":\"en-US\",\"@id\":\"https:\\\/\\\/www.waterskis.lv\\\/en\\\/product\\\/solo-kayak-hobie-mirage-compass-camo-miragedrive-180-turbo-fins\\\/#primaryimage\",\"url\":\"https:\\\/\\\/www.waterskis.lv\\\/wp-content\\\/uploads\\\/2020\\\/09\\\/CompassCamo.jpg\",\"contentUrl\":\"https:\\\/\\\/www.waterskis.lv\\\/wp-content\\\/uploads\\\/2020\\\/09\\\/CompassCamo.jpg\",\"width\":1000,\"height\":1000,\"caption\":\"Solo kayak HOBIE MIRAGE COMPASS CAMO TURBO FINS\"},{\"@type\":\"BreadcrumbList\",\"@id\":\"https:\\\/\\\/www.waterskis.lv\\\/en\\\/product\\\/solo-kayak-hobie-mirage-compass-camo-miragedrive-180-turbo-fins\\\/#breadcrumb\",\"itemListElement\":[{\"@type\":\"ListItem\",\"position\":1,\"name\":\"Home\",\"item\":\"https:\\\/\\\/www.waterskis.lv\\\/en\\\/\"},{\"@type\":\"ListItem\",\"position\":2,\"name\":\"Shop\",\"item\":\"https:\\\/\\\/waterskis.lv\\\/en\\\/shop\\\/\"},{\"@type\":\"ListItem\",\"position\":3,\"name\":\"Solo kayak HOBIE MIRAGE COMPASS CAMO MIRAGEDRIVE 180 TURBO FINS\"}]},{\"@type\":\"WebSite\",\"@id\":\"https:\\\/\\\/www.waterskis.lv\\\/en\\\/#website\",\"url\":\"https:\\\/\\\/www.waterskis.lv\\\/en\\\/\",\"name\":\"WATERSKIS.LV\",\"description\":\"SUP d\u0113\u013ci, kajaki, kanoe, airu laivas, \u016bdenssl\u0113po\u0161ana, veikbords, SUP d\u0113\u013cu noma, kajaku nomaakt\u012bv\u0101s atp\u016btas centrs, laivu noma, sup noma, kajaku noma\",\"publisher\":{\"@id\":\"https:\\\/\\\/www.waterskis.lv\\\/en\\\/#organization\"},\"potentialAction\":[{\"@type\":\"SearchAction\",\"target\":{\"@type\":\"EntryPoint\",\"urlTemplate\":\"https:\\\/\\\/www.waterskis.lv\\\/en\\\/?s={search_term_string}\"},\"query-input\":{\"@type\":\"PropertyValueSpecification\",\"valueRequired\":true,\"valueName\":\"search_term_string\"}}],\"inLanguage\":\"en-US\"},{\"@type\":\"Organization\",\"@id\":\"https:\\\/\\\/www.waterskis.lv\\\/en\\\/#organization\",\"name\":\"WATERSKIS.LV\",\"url\":\"https:\\\/\\\/www.waterskis.lv\\\/en\\\/\",\"logo\":{\"@type\":\"ImageObject\",\"inLanguage\":\"en-US\",\"@id\":\"https:\\\/\\\/www.waterskis.lv\\\/en\\\/#\\\/schema\\\/logo\\\/image\\\/\",\"url\":\"https:\\\/\\\/www.waterskis.lv\\\/wp-content\\\/uploads\\\/2025\\\/01\\\/JUVP-logo.png\",\"contentUrl\":\"https:\\\/\\\/www.waterskis.lv\\\/wp-content\\\/uploads\\\/2025\\\/01\\\/JUVP-logo.png\",\"width\":421,\"height\":202,\"caption\":\"WATERSKIS.LV\"},\"image\":{\"@id\":\"https:\\\/\\\/www.waterskis.lv\\\/en\\\/#\\\/schema\\\/logo\\\/image\\\/\"},\"sameAs\":[\"https:\\\/\\\/www.facebook.com\\\/jurmalawaterskiwakeboardpark\\\/\"]}]}<\/script>\n<!-- \/ Yoast SEO plugin. -->","yoast_head_json":{"title":"Solo kayak HOBIE MIRAGE COMPASS CAMO MIRAGEDRIVE 180 TURBO FINS - WATERSKIS.LV","description":"Solo kayak HOBIE MIRAGE COMPASS CAMO MIRAGEDRIVE 180 TURBO FINS. Established manufacturers, high quality, good price. Kayaks, boats and more","robots":{"index":"index","follow":"follow","max-snippet":"max-snippet:-1","max-image-preview":"max-image-preview:large","max-video-preview":"max-video-preview:-1"},"canonical":"https:\/\/www.waterskis.lv\/en\/product\/solo-kayak-hobie-mirage-compass-camo-miragedrive-180-turbo-fins\/","og_locale":"en_US","og_type":"article","og_title":"Solo kayak HOBIE MIRAGE COMPASS CAMO MIRAGEDRIVE 180 TURBO FINS","og_description":"Solo kayak HOBIE MIRAGE COMPASS CAMO MIRAGEDRIVE 180 TURBO FINS","og_url":"https:\/\/www.waterskis.lv\/en\/product\/solo-kayak-hobie-mirage-compass-camo-miragedrive-180-turbo-fins\/","og_site_name":"WATERSKIS.LV","article_publisher":"https:\/\/www.facebook.com\/jurmalawaterskiwakeboardpark\/","article_modified_time":"2022-02-14T12:39:16+00:00","og_image":[{"url":"https:\/\/www.waterskis.lv\/wp-content\/uploads\/2020\/09\/CompassCamo.jpg","type":"","width":"","height":""}],"twitter_card":"summary_large_image","twitter_misc":{"Est. reading time":"2 minutes"},"schema":{"@context":"https:\/\/schema.org","@graph":[{"@type":"WebPage","@id":"https:\/\/www.waterskis.lv\/en\/product\/solo-kayak-hobie-mirage-compass-camo-miragedrive-180-turbo-fins\/","url":"https:\/\/www.waterskis.lv\/en\/product\/solo-kayak-hobie-mirage-compass-camo-miragedrive-180-turbo-fins\/","name":"Solo kayak HOBIE MIRAGE COMPASS CAMO MIRAGEDRIVE 180 TURBO FINS - WATERSKIS.LV","isPartOf":{"@id":"https:\/\/www.waterskis.lv\/en\/#website"},"primaryImageOfPage":{"@id":"https:\/\/www.waterskis.lv\/en\/product\/solo-kayak-hobie-mirage-compass-camo-miragedrive-180-turbo-fins\/#primaryimage"},"image":{"@id":"https:\/\/www.waterskis.lv\/en\/product\/solo-kayak-hobie-mirage-compass-camo-miragedrive-180-turbo-fins\/#primaryimage"},"thumbnailUrl":"https:\/\/www.waterskis.lv\/wp-content\/uploads\/2020\/09\/CompassCamo.jpg","datePublished":"2020-09-20T16:03:23+00:00","dateModified":"2022-02-14T12:39:16+00:00","description":"Solo kayak HOBIE MIRAGE COMPASS CAMO MIRAGEDRIVE 180 TURBO FINS. Established manufacturers, high quality, good price. Kayaks, boats and more","breadcrumb":{"@id":"https:\/\/www.waterskis.lv\/en\/product\/solo-kayak-hobie-mirage-compass-camo-miragedrive-180-turbo-fins\/#breadcrumb"},"inLanguage":"en-US","potentialAction":[{"@type":"ReadAction","target":["https:\/\/www.waterskis.lv\/en\/product\/solo-kayak-hobie-mirage-compass-camo-miragedrive-180-turbo-fins\/"]}]},{"@type":"ImageObject","inLanguage":"en-US","@id":"https:\/\/www.waterskis.lv\/en\/product\/solo-kayak-hobie-mirage-compass-camo-miragedrive-180-turbo-fins\/#primaryimage","url":"https:\/\/www.waterskis.lv\/wp-content\/uploads\/2020\/09\/CompassCamo.jpg","contentUrl":"https:\/\/www.waterskis.lv\/wp-content\/uploads\/2020\/09\/CompassCamo.jpg","width":1000,"height":1000,"caption":"Solo kayak HOBIE MIRAGE COMPASS CAMO TURBO FINS"},{"@type":"BreadcrumbList","@id":"https:\/\/www.waterskis.lv\/en\/product\/solo-kayak-hobie-mirage-compass-camo-miragedrive-180-turbo-fins\/#breadcrumb","itemListElement":[{"@type":"ListItem","position":1,"name":"Home","item":"https:\/\/www.waterskis.lv\/en\/"},{"@type":"ListItem","position":2,"name":"Shop","item":"https:\/\/waterskis.lv\/en\/shop\/"},{"@type":"ListItem","position":3,"name":"Solo kayak HOBIE MIRAGE COMPASS CAMO MIRAGEDRIVE 180 TURBO FINS"}]},{"@type":"WebSite","@id":"https:\/\/www.waterskis.lv\/en\/#website","url":"https:\/\/www.waterskis.lv\/en\/","name":"WATERSKIS.LV","description":"SUP d\u0113\u013ci, kajaki, kanoe, airu laivas, \u016bdenssl\u0113po\u0161ana, veikbords, SUP d\u0113\u013cu noma, kajaku nomaakt\u012bv\u0101s atp\u016btas centrs, laivu noma, sup noma, kajaku noma","publisher":{"@id":"https:\/\/www.waterskis.lv\/en\/#organization"},"potentialAction":[{"@type":"SearchAction","target":{"@type":"EntryPoint","urlTemplate":"https:\/\/www.waterskis.lv\/en\/?s={search_term_string}"},"query-input":{"@type":"PropertyValueSpecification","valueRequired":true,"valueName":"search_term_string"}}],"inLanguage":"en-US"},{"@type":"Organization","@id":"https:\/\/www.waterskis.lv\/en\/#organization","name":"WATERSKIS.LV","url":"https:\/\/www.waterskis.lv\/en\/","logo":{"@type":"ImageObject","inLanguage":"en-US","@id":"https:\/\/www.waterskis.lv\/en\/#\/schema\/logo\/image\/","url":"https:\/\/www.waterskis.lv\/wp-content\/uploads\/2025\/01\/JUVP-logo.png","contentUrl":"https:\/\/www.waterskis.lv\/wp-content\/uploads\/2025\/01\/JUVP-logo.png","width":421,"height":202,"caption":"WATERSKIS.LV"},"image":{"@id":"https:\/\/www.waterskis.lv\/en\/#\/schema\/logo\/image\/"},"sameAs":["https:\/\/www.facebook.com\/jurmalawaterskiwakeboardpark\/"]}]}},"_links":{"self":[{"href":"https:\/\/www.waterskis.lv\/en\/wp-json\/wp\/v2\/product\/24136","targetHints":{"allow":["GET"]}}],"collection":[{"href":"https:\/\/www.waterskis.lv\/en\/wp-json\/wp\/v2\/product"}],"about":[{"href":"https:\/\/www.waterskis.lv\/en\/wp-json\/wp\/v2\/types\/product"}],"replies":[{"embeddable":true,"href":"https:\/\/www.waterskis.lv\/en\/wp-json\/wp\/v2\/comments?post=24136"}],"wp:featuredmedia":[{"embeddable":true,"href":"https:\/\/www.waterskis.lv\/en\/wp-json\/wp\/v2\/media\/19502"}],"wp:attachment":[{"href":"https:\/\/www.waterskis.lv\/en\/wp-json\/wp\/v2\/media?parent=24136"}],"wp:term":[{"taxonomy":"product_brand","embeddable":true,"href":"https:\/\/www.waterskis.lv\/en\/wp-json\/wp\/v2\/product_brand?post=24136"},{"taxonomy":"product_cat","embeddable":true,"href":"https:\/\/www.waterskis.lv\/en\/wp-json\/wp\/v2\/product_cat?post=24136"},{"taxonomy":"product_tag","embeddable":true,"href":"https:\/\/www.waterskis.lv\/en\/wp-json\/wp\/v2\/product_tag?post=24136"}],"curies":[{"name":"wp","href":"https:\/\/api.w.org\/{rel}","templated":true}]}}