{"id":24178,"date":"2020-09-29T18:54:24","date_gmt":"2020-09-29T15:54:24","guid":{"rendered":"https:\/\/www.waterskis.lv\/product\/makskernieku-kajaks-hobie-mirage-pro-angler-12-360-drive\/"},"modified":"2022-02-14T12:57:24","modified_gmt":"2022-02-14T09:57:24","slug":"solo-fishing-kayak-hobie-mirage-pro-angler-12-360-drive","status":"publish","type":"product","link":"https:\/\/www.waterskis.lv\/en\/product\/solo-fishing-kayak-hobie-mirage-pro-angler-12-360-drive\/","title":{"rendered":"Solo fishing kayak HOBIE MIRAGE PRO ANGLER 12 360 DRIVE"},"content":{"rendered":"<p>Solo fishing kayak HOBIE MIRAGE PRO ANGLER 12 360 DRIVE<\/p>\n<p>Dominate the water, fresh or salt, withThe 2020 Pro Angler 12 with the MirageDrive 360 and Kick-Up Fins gives you the competitive edge with full-circle power and maneuverability.this superior fishing kayak. All the big-boat fishing features on a 12 foot platform.<\/p>\n<div class=\"block_content1 rte active\">\n<p>With the all-new MirageDrive 360 and Kick-Up fins, move through the water without constraints, going exactly where you want to go. Effortlessly spin and move in every direction. Hobie\u2019s new Kick-Up Fins which immediately retract on impact \u2013 even shallow areas are now entirely navigable. Logs, kelp, shallows, rocks, no problem. The PA 12 is packed full of features including six rod holders, the adjustable, elevated Vantage ST seat, extra wide hull and stain-resistant EVA padding.<\/p>\n<\/div>\n<p id=\"table-data\" class=\"page-product-heading\">DATA SHEET &#8211; Solo fishing kayak HOBIE MIRAGE PRO ANGLER 12 360 DRIVE<\/p>\n<table class=\"block_content2 table-data-sheet\">\n<tbody>\n<tr class=\"odd\">\n<td>Type<\/td>\n<td>Pedal powered Sit-On-Top kayak<\/td>\n<\/tr>\n<tr class=\"even\">\n<td>Length<\/td>\n<td>366 cm<\/td>\n<\/tr>\n<tr class=\"odd\">\n<td>Width<\/td>\n<td>91 cm<\/td>\n<\/tr>\n<tr class=\"even\">\n<td>Height<\/td>\n<td>51 cm<\/td>\n<\/tr>\n<tr class=\"odd\">\n<td>Weight<\/td>\n<td>60 kg<\/td>\n<\/tr>\n<tr class=\"even\">\n<td>Material<\/td>\n<td>HDPE<\/td>\n<\/tr>\n<tr class=\"odd\">\n<td>Number of persons<\/td>\n<td>1<\/td>\n<\/tr>\n<tr class=\"even\">\n<td>Capacity<\/td>\n<td>227 kg<\/td>\n<\/tr>\n<tr class=\"odd\">\n<td>Country of origin<\/td>\n<td>USA<\/td>\n<\/tr>\n<\/tbody>\n<\/table>\n<table class=\"table\">\n<tbody>\n<tr>\n<th scope=\"row\">COLORS:<\/th>\n<td><img decoding=\"async\" class=\"pc-color-chip\" title=\"\" src=\"https:\/\/static.hobie.com\/consumer\/images\/colorchip-arctic-blue-camo.png\" data-toggle=\"tooltip\" data-original-title=\"Arctic Blue Camo\" \/><img decoding=\"async\" class=\"pc-color-chip\" title=\"\" src=\"https:\/\/static.hobie.com\/consumer\/images\/colorchip-amazon-green-camo.png\" data-toggle=\"tooltip\" data-original-title=\"Amazon Green Camo\" \/><\/td>\n<\/tr>\n<\/tbody>\n<\/table>\n<p>&nbsp;<\/p>\n","protected":false},"excerpt":{"rendered":"<p>https:\/\/www.youtube.com\/watch?v=Jdx4mirKozU<\/p>\n<p>https:\/\/www.youtube.com\/watch?v=eBYO4OPFvmQ [&#8230;]<\/p>\n<p><a class=\"btn btn-secondary understrap-read-more-link\" href=\"https:\/\/www.waterskis.lv\/en\/product\/solo-fishing-kayak-hobie-mirage-pro-angler-12-360-drive\/\">Read More&#8230;<\/a><\/p>\n","protected":false},"featured_media":19704,"comment_status":"closed","ping_status":"closed","template":"","meta":{"_acf_changed":false,"inline_featured_image":false},"product_brand":[],"product_cat":[680,532,682,507,681,535,683],"product_tag":[],"class_list":{"0":"post-24178","1":"product","2":"type-product","3":"status-publish","4":"has-post-thumbnail","6":"product_cat-fishing-kayaks-en","7":"product_cat-fishing-kayaks","8":"product_cat-hobie-pedal-kayaks","9":"product_cat-kayaks","10":"product_cat-pedal-driven-fishing-kayaks","11":"product_cat-sot-kayaks","12":"product_cat-solo-hobie-kayaks","14":"first","15":"instock","16":"shipping-taxable","17":"product-type-simple"},"acf":[],"yoast_head":"<!-- This site is optimized with the Yoast SEO plugin v27.5 - https:\/\/yoast.com\/product\/yoast-seo-wordpress\/ -->\n<title>Solo fishing kayak HOBIE MIRAGE PRO ANGLER 12 360 DRIVE - WATERSKIS.LV<\/title>\n<meta name=\"description\" content=\"Solo fishing kayak HOBIE MIRAGE PRO ANGLER 12 360 DRIVE. Waterskis.lv - established manufacturers, high quality, good price.\" \/>\n<meta name=\"robots\" content=\"index, follow, max-snippet:-1, max-image-preview:large, max-video-preview:-1\" \/>\n<link rel=\"canonical\" href=\"https:\/\/www.waterskis.lv\/en\/product\/solo-fishing-kayak-hobie-mirage-pro-angler-12-360-drive\/\" \/>\n<meta property=\"og:locale\" content=\"en_US\" \/>\n<meta property=\"og:type\" content=\"article\" \/>\n<meta property=\"og:title\" content=\"Solo fishing kayak HOBIE MIRAGE PRO ANGLER 12 360 DRIVE - WATERSKIS.LV\" \/>\n<meta property=\"og:description\" content=\"Solo fishing kayak HOBIE MIRAGE PRO ANGLER 12 360 DRIVE. Waterskis.lv - established manufacturers, high quality, good price.\" \/>\n<meta property=\"og:url\" content=\"https:\/\/www.waterskis.lv\/en\/product\/solo-fishing-kayak-hobie-mirage-pro-angler-12-360-drive\/\" \/>\n<meta property=\"og:site_name\" content=\"WATERSKIS.LV\" \/>\n<meta property=\"article:publisher\" content=\"https:\/\/www.facebook.com\/jurmalawaterskiwakeboardpark\/\" \/>\n<meta property=\"article:modified_time\" content=\"2022-02-14T09:57:24+00:00\" \/>\n<meta property=\"og:image\" content=\"https:\/\/www.waterskis.lv\/wp-content\/uploads\/2020\/09\/Mirage12-360-1.png\" \/>\n\t<meta property=\"og:image:width\" content=\"1000\" \/>\n\t<meta property=\"og:image:height\" content=\"1000\" \/>\n\t<meta property=\"og:image:type\" content=\"image\/png\" \/>\n<meta name=\"twitter:card\" content=\"summary_large_image\" \/>\n<meta name=\"twitter:label1\" content=\"Est. reading time\" \/>\n\t<meta name=\"twitter:data1\" content=\"2 minutes\" \/>\n<script type=\"application\/ld+json\" class=\"yoast-schema-graph\">{\"@context\":\"https:\\\/\\\/schema.org\",\"@graph\":[{\"@type\":\"WebPage\",\"@id\":\"https:\\\/\\\/www.waterskis.lv\\\/en\\\/product\\\/solo-fishing-kayak-hobie-mirage-pro-angler-12-360-drive\\\/\",\"url\":\"https:\\\/\\\/www.waterskis.lv\\\/en\\\/product\\\/solo-fishing-kayak-hobie-mirage-pro-angler-12-360-drive\\\/\",\"name\":\"Solo fishing kayak HOBIE MIRAGE PRO ANGLER 12 360 DRIVE - WATERSKIS.LV\",\"isPartOf\":{\"@id\":\"https:\\\/\\\/www.waterskis.lv\\\/en\\\/#website\"},\"primaryImageOfPage\":{\"@id\":\"https:\\\/\\\/www.waterskis.lv\\\/en\\\/product\\\/solo-fishing-kayak-hobie-mirage-pro-angler-12-360-drive\\\/#primaryimage\"},\"image\":{\"@id\":\"https:\\\/\\\/www.waterskis.lv\\\/en\\\/product\\\/solo-fishing-kayak-hobie-mirage-pro-angler-12-360-drive\\\/#primaryimage\"},\"thumbnailUrl\":\"https:\\\/\\\/www.waterskis.lv\\\/wp-content\\\/uploads\\\/2020\\\/09\\\/Mirage12-360-1.png\",\"datePublished\":\"2020-09-29T15:54:24+00:00\",\"dateModified\":\"2022-02-14T09:57:24+00:00\",\"description\":\"Solo fishing kayak HOBIE MIRAGE PRO ANGLER 12 360 DRIVE. Waterskis.lv - established manufacturers, high quality, good price.\",\"breadcrumb\":{\"@id\":\"https:\\\/\\\/www.waterskis.lv\\\/en\\\/product\\\/solo-fishing-kayak-hobie-mirage-pro-angler-12-360-drive\\\/#breadcrumb\"},\"inLanguage\":\"en-US\",\"potentialAction\":[{\"@type\":\"ReadAction\",\"target\":[\"https:\\\/\\\/www.waterskis.lv\\\/en\\\/product\\\/solo-fishing-kayak-hobie-mirage-pro-angler-12-360-drive\\\/\"]}]},{\"@type\":\"ImageObject\",\"inLanguage\":\"en-US\",\"@id\":\"https:\\\/\\\/www.waterskis.lv\\\/en\\\/product\\\/solo-fishing-kayak-hobie-mirage-pro-angler-12-360-drive\\\/#primaryimage\",\"url\":\"https:\\\/\\\/www.waterskis.lv\\\/wp-content\\\/uploads\\\/2020\\\/09\\\/Mirage12-360-1.png\",\"contentUrl\":\"https:\\\/\\\/www.waterskis.lv\\\/wp-content\\\/uploads\\\/2020\\\/09\\\/Mirage12-360-1.png\",\"width\":1000,\"height\":1000,\"caption\":\"Solo fishing kayak HOBIE MIRAGE PRO ANGLER 12 360 DRIVE\"},{\"@type\":\"BreadcrumbList\",\"@id\":\"https:\\\/\\\/www.waterskis.lv\\\/en\\\/product\\\/solo-fishing-kayak-hobie-mirage-pro-angler-12-360-drive\\\/#breadcrumb\",\"itemListElement\":[{\"@type\":\"ListItem\",\"position\":1,\"name\":\"Home\",\"item\":\"https:\\\/\\\/www.waterskis.lv\\\/en\\\/\"},{\"@type\":\"ListItem\",\"position\":2,\"name\":\"Shop\",\"item\":\"https:\\\/\\\/waterskis.lv\\\/en\\\/shop\\\/\"},{\"@type\":\"ListItem\",\"position\":3,\"name\":\"Solo fishing kayak HOBIE MIRAGE PRO ANGLER 12 360 DRIVE\"}]},{\"@type\":\"WebSite\",\"@id\":\"https:\\\/\\\/www.waterskis.lv\\\/en\\\/#website\",\"url\":\"https:\\\/\\\/www.waterskis.lv\\\/en\\\/\",\"name\":\"WATERSKIS.LV\",\"description\":\"SUP d\u0113\u013ci, kajaki, kanoe, airu laivas, \u016bdenssl\u0113po\u0161ana, veikbords, SUP d\u0113\u013cu noma, kajaku nomaakt\u012bv\u0101s atp\u016btas centrs, laivu noma, sup noma, kajaku noma\",\"publisher\":{\"@id\":\"https:\\\/\\\/www.waterskis.lv\\\/en\\\/#organization\"},\"potentialAction\":[{\"@type\":\"SearchAction\",\"target\":{\"@type\":\"EntryPoint\",\"urlTemplate\":\"https:\\\/\\\/www.waterskis.lv\\\/en\\\/?s={search_term_string}\"},\"query-input\":{\"@type\":\"PropertyValueSpecification\",\"valueRequired\":true,\"valueName\":\"search_term_string\"}}],\"inLanguage\":\"en-US\"},{\"@type\":\"Organization\",\"@id\":\"https:\\\/\\\/www.waterskis.lv\\\/en\\\/#organization\",\"name\":\"WATERSKIS.LV\",\"url\":\"https:\\\/\\\/www.waterskis.lv\\\/en\\\/\",\"logo\":{\"@type\":\"ImageObject\",\"inLanguage\":\"en-US\",\"@id\":\"https:\\\/\\\/www.waterskis.lv\\\/en\\\/#\\\/schema\\\/logo\\\/image\\\/\",\"url\":\"https:\\\/\\\/www.waterskis.lv\\\/wp-content\\\/uploads\\\/2025\\\/01\\\/JUVP-logo.png\",\"contentUrl\":\"https:\\\/\\\/www.waterskis.lv\\\/wp-content\\\/uploads\\\/2025\\\/01\\\/JUVP-logo.png\",\"width\":421,\"height\":202,\"caption\":\"WATERSKIS.LV\"},\"image\":{\"@id\":\"https:\\\/\\\/www.waterskis.lv\\\/en\\\/#\\\/schema\\\/logo\\\/image\\\/\"},\"sameAs\":[\"https:\\\/\\\/www.facebook.com\\\/jurmalawaterskiwakeboardpark\\\/\"]}]}<\/script>\n<!-- \/ Yoast SEO plugin. -->","yoast_head_json":{"title":"Solo fishing kayak HOBIE MIRAGE PRO ANGLER 12 360 DRIVE - WATERSKIS.LV","description":"Solo fishing kayak HOBIE MIRAGE PRO ANGLER 12 360 DRIVE. Waterskis.lv - established manufacturers, high quality, good price.","robots":{"index":"index","follow":"follow","max-snippet":"max-snippet:-1","max-image-preview":"max-image-preview:large","max-video-preview":"max-video-preview:-1"},"canonical":"https:\/\/www.waterskis.lv\/en\/product\/solo-fishing-kayak-hobie-mirage-pro-angler-12-360-drive\/","og_locale":"en_US","og_type":"article","og_title":"Solo fishing kayak HOBIE MIRAGE PRO ANGLER 12 360 DRIVE - WATERSKIS.LV","og_description":"Solo fishing kayak HOBIE MIRAGE PRO ANGLER 12 360 DRIVE. Waterskis.lv - established manufacturers, high quality, good price.","og_url":"https:\/\/www.waterskis.lv\/en\/product\/solo-fishing-kayak-hobie-mirage-pro-angler-12-360-drive\/","og_site_name":"WATERSKIS.LV","article_publisher":"https:\/\/www.facebook.com\/jurmalawaterskiwakeboardpark\/","article_modified_time":"2022-02-14T09:57:24+00:00","og_image":[{"width":1000,"height":1000,"url":"https:\/\/www.waterskis.lv\/wp-content\/uploads\/2020\/09\/Mirage12-360-1.png","type":"image\/png"}],"twitter_card":"summary_large_image","twitter_misc":{"Est. reading time":"2 minutes"},"schema":{"@context":"https:\/\/schema.org","@graph":[{"@type":"WebPage","@id":"https:\/\/www.waterskis.lv\/en\/product\/solo-fishing-kayak-hobie-mirage-pro-angler-12-360-drive\/","url":"https:\/\/www.waterskis.lv\/en\/product\/solo-fishing-kayak-hobie-mirage-pro-angler-12-360-drive\/","name":"Solo fishing kayak HOBIE MIRAGE PRO ANGLER 12 360 DRIVE - WATERSKIS.LV","isPartOf":{"@id":"https:\/\/www.waterskis.lv\/en\/#website"},"primaryImageOfPage":{"@id":"https:\/\/www.waterskis.lv\/en\/product\/solo-fishing-kayak-hobie-mirage-pro-angler-12-360-drive\/#primaryimage"},"image":{"@id":"https:\/\/www.waterskis.lv\/en\/product\/solo-fishing-kayak-hobie-mirage-pro-angler-12-360-drive\/#primaryimage"},"thumbnailUrl":"https:\/\/www.waterskis.lv\/wp-content\/uploads\/2020\/09\/Mirage12-360-1.png","datePublished":"2020-09-29T15:54:24+00:00","dateModified":"2022-02-14T09:57:24+00:00","description":"Solo fishing kayak HOBIE MIRAGE PRO ANGLER 12 360 DRIVE. Waterskis.lv - established manufacturers, high quality, good price.","breadcrumb":{"@id":"https:\/\/www.waterskis.lv\/en\/product\/solo-fishing-kayak-hobie-mirage-pro-angler-12-360-drive\/#breadcrumb"},"inLanguage":"en-US","potentialAction":[{"@type":"ReadAction","target":["https:\/\/www.waterskis.lv\/en\/product\/solo-fishing-kayak-hobie-mirage-pro-angler-12-360-drive\/"]}]},{"@type":"ImageObject","inLanguage":"en-US","@id":"https:\/\/www.waterskis.lv\/en\/product\/solo-fishing-kayak-hobie-mirage-pro-angler-12-360-drive\/#primaryimage","url":"https:\/\/www.waterskis.lv\/wp-content\/uploads\/2020\/09\/Mirage12-360-1.png","contentUrl":"https:\/\/www.waterskis.lv\/wp-content\/uploads\/2020\/09\/Mirage12-360-1.png","width":1000,"height":1000,"caption":"Solo fishing kayak HOBIE MIRAGE PRO ANGLER 12 360 DRIVE"},{"@type":"BreadcrumbList","@id":"https:\/\/www.waterskis.lv\/en\/product\/solo-fishing-kayak-hobie-mirage-pro-angler-12-360-drive\/#breadcrumb","itemListElement":[{"@type":"ListItem","position":1,"name":"Home","item":"https:\/\/www.waterskis.lv\/en\/"},{"@type":"ListItem","position":2,"name":"Shop","item":"https:\/\/waterskis.lv\/en\/shop\/"},{"@type":"ListItem","position":3,"name":"Solo fishing kayak HOBIE MIRAGE PRO ANGLER 12 360 DRIVE"}]},{"@type":"WebSite","@id":"https:\/\/www.waterskis.lv\/en\/#website","url":"https:\/\/www.waterskis.lv\/en\/","name":"WATERSKIS.LV","description":"SUP d\u0113\u013ci, kajaki, kanoe, airu laivas, \u016bdenssl\u0113po\u0161ana, veikbords, SUP d\u0113\u013cu noma, kajaku nomaakt\u012bv\u0101s atp\u016btas centrs, laivu noma, sup noma, kajaku noma","publisher":{"@id":"https:\/\/www.waterskis.lv\/en\/#organization"},"potentialAction":[{"@type":"SearchAction","target":{"@type":"EntryPoint","urlTemplate":"https:\/\/www.waterskis.lv\/en\/?s={search_term_string}"},"query-input":{"@type":"PropertyValueSpecification","valueRequired":true,"valueName":"search_term_string"}}],"inLanguage":"en-US"},{"@type":"Organization","@id":"https:\/\/www.waterskis.lv\/en\/#organization","name":"WATERSKIS.LV","url":"https:\/\/www.waterskis.lv\/en\/","logo":{"@type":"ImageObject","inLanguage":"en-US","@id":"https:\/\/www.waterskis.lv\/en\/#\/schema\/logo\/image\/","url":"https:\/\/www.waterskis.lv\/wp-content\/uploads\/2025\/01\/JUVP-logo.png","contentUrl":"https:\/\/www.waterskis.lv\/wp-content\/uploads\/2025\/01\/JUVP-logo.png","width":421,"height":202,"caption":"WATERSKIS.LV"},"image":{"@id":"https:\/\/www.waterskis.lv\/en\/#\/schema\/logo\/image\/"},"sameAs":["https:\/\/www.facebook.com\/jurmalawaterskiwakeboardpark\/"]}]}},"_links":{"self":[{"href":"https:\/\/www.waterskis.lv\/en\/wp-json\/wp\/v2\/product\/24178","targetHints":{"allow":["GET"]}}],"collection":[{"href":"https:\/\/www.waterskis.lv\/en\/wp-json\/wp\/v2\/product"}],"about":[{"href":"https:\/\/www.waterskis.lv\/en\/wp-json\/wp\/v2\/types\/product"}],"replies":[{"embeddable":true,"href":"https:\/\/www.waterskis.lv\/en\/wp-json\/wp\/v2\/comments?post=24178"}],"wp:featuredmedia":[{"embeddable":true,"href":"https:\/\/www.waterskis.lv\/en\/wp-json\/wp\/v2\/media\/19704"}],"wp:attachment":[{"href":"https:\/\/www.waterskis.lv\/en\/wp-json\/wp\/v2\/media?parent=24178"}],"wp:term":[{"taxonomy":"product_brand","embeddable":true,"href":"https:\/\/www.waterskis.lv\/en\/wp-json\/wp\/v2\/product_brand?post=24178"},{"taxonomy":"product_cat","embeddable":true,"href":"https:\/\/www.waterskis.lv\/en\/wp-json\/wp\/v2\/product_cat?post=24178"},{"taxonomy":"product_tag","embeddable":true,"href":"https:\/\/www.waterskis.lv\/en\/wp-json\/wp\/v2\/product_tag?post=24178"}],"curies":[{"name":"wp","href":"https:\/\/api.w.org\/{rel}","templated":true}]}}