{"id":24221,"date":"2020-09-20T18:52:35","date_gmt":"2020-09-20T15:52:35","guid":{"rendered":"https:\/\/www.waterskis.lv\/product\/divvietigs-makskeresanas-kajaks-feelfree-lure-tandem-overdrive\/"},"modified":"2022-02-14T15:12:02","modified_gmt":"2022-02-14T12:12:02","slug":"tandem-fishing-kayak-feelfree-lure-tandem-overdrive","status":"publish","type":"product","link":"https:\/\/www.waterskis.lv\/en\/product\/tandem-fishing-kayak-feelfree-lure-tandem-overdrive\/","title":{"rendered":"Kayak FEELFREE LURE TANDEM OVERDRIVE"},"content":{"rendered":"<p>The Feelfree Lure II Tandem Overdrive features the modern evolution of pedal powered kayak propulsion offering effortless speed, ease of use and adaptability.<\/p>\n<div class=\"block_content1 rte active\">\n<div><strong>*ALL OVERDRIVE READY BOATS WILL BE EQUIPPED WITH THE 8 BALL HAND CONTROL &amp; BEAVER TAIL RUDDER. PLEASE NOTE &#8211; IMAGE MAY NOT SHOW THESE PARTS*<\/strong><\/div>\n<div><\/div>\n<div><strong>*ONE OVERDRIVE PEDAL UNIT INCLUDED, EVEN IF NOT SHOW IN PRODUCT IMAGE*<\/strong><\/div>\n<div><\/div>\n<div><strong>*BOAT WILL SHIP SEPARATELY FROM OVERDRIVE UNIT, SHIPPING CHARGES HAVE BEEN RAISED ACCORDINGLY*<\/strong><\/div>\n<div><\/div>\n<div>The Feelfree Lure II Tandem Overdrive features the modern evolution of pedal powered kayak propulsion offering effortless speed, ease of use and adaptability. The Overdrive is in the rear seat cockpit area giving the front passenger the option to fish, help you find fish or simply sit back and relax. The Overdrive unit is the only two-in-one system that offers forward and reverse pedal or power driven capabilities in one single unit when paired with the Motordrive*. It features our 8Ball steering system and Gravity seat adjuster for the ultimate in accessibility and comfort. Engineered to last, the system is manufactured using cast aluminum and finished off with heavy-duty components. Paddle, pedal or power, the Overdrive system gives kayak anglers and recreational paddlers the flexibility to Feelfree all day long no matter where they choose to have fun!<\/div>\n<div><\/div>\n<div>*The Motordrive attachment is sold separately.<\/div>\n<\/div>\n<p id=\"table-data\" class=\"page-product-heading\">DATA SHEET<\/p>\n<table class=\"block_content2 table-data-sheet\">\n<tbody>\n<tr class=\"odd\">\n<td>Type<\/td>\n<td>Fishing<\/td>\n<\/tr>\n<tr class=\"even\">\n<td>Length<\/td>\n<td>432 cm<\/td>\n<\/tr>\n<tr class=\"odd\">\n<td>Width<\/td>\n<td>91 cm<\/td>\n<\/tr>\n<tr class=\"even\">\n<td>Weight<\/td>\n<td>42 kg<\/td>\n<\/tr>\n<tr class=\"odd\">\n<td>Material<\/td>\n<td>HDPE<\/td>\n<\/tr>\n<tr class=\"even\">\n<td>Number of persons<\/td>\n<td>2<\/td>\n<\/tr>\n<tr class=\"odd\">\n<td>Capacity<\/td>\n<td>227 kg<\/td>\n<\/tr>\n<tr class=\"even\">\n<td>Country of origin<\/td>\n<td>Thailand\/ USA<\/td>\n<\/tr>\n<\/tbody>\n<\/table>\n<p>&nbsp;<\/p>\n<div><\/div>\n","protected":false},"excerpt":{"rendered":"<p>https:\/\/www.youtube.com\/watch?v=o8h9us7KwRw<\/p>\n<p>https:\/\/www.youtube.com\/watch?v=LgenteSW8ZQ [&#8230;]<\/p>\n<p><a class=\"btn btn-secondary understrap-read-more-link\" href=\"https:\/\/www.waterskis.lv\/en\/product\/tandem-fishing-kayak-feelfree-lure-tandem-overdrive\/\">Read More&#8230;<\/a><\/p>\n","protected":false},"featured_media":19488,"comment_status":"closed","ping_status":"closed","template":"","meta":{"_acf_changed":false,"inline_featured_image":false},"product_brand":[],"product_cat":[680,532,681],"product_tag":[],"class_list":{"0":"post-24221","1":"product","2":"type-product","3":"status-publish","4":"has-post-thumbnail","6":"product_cat-fishing-kayaks-en","7":"product_cat-fishing-kayaks","8":"product_cat-pedal-driven-fishing-kayaks","10":"first","11":"instock","12":"shipping-taxable","13":"product-type-simple"},"acf":[],"yoast_head":"<!-- This site is optimized with the Yoast SEO plugin v27.4 - https:\/\/yoast.com\/product\/yoast-seo-wordpress\/ -->\n<title>Kayak FEELFREE LURE TANDEM OVERDRIVE - WATERSKIS.LV<\/title>\n<meta name=\"description\" content=\"Tandem fishing kayak FEELFREE LURE TANDEM OVERDRIVE.Waterskis.lv - established manufacturers, high quality, good price.\" \/>\n<meta name=\"robots\" content=\"index, follow, max-snippet:-1, max-image-preview:large, max-video-preview:-1\" \/>\n<link rel=\"canonical\" href=\"https:\/\/www.waterskis.lv\/en\/product\/tandem-fishing-kayak-feelfree-lure-tandem-overdrive\/\" \/>\n<meta property=\"og:locale\" content=\"en_US\" \/>\n<meta property=\"og:type\" content=\"article\" \/>\n<meta property=\"og:title\" content=\"Kayak FEELFREE LURE TANDEM OVERDRIVE - WATERSKIS.LV\" \/>\n<meta property=\"og:description\" content=\"Tandem fishing kayak FEELFREE LURE TANDEM OVERDRIVE.Waterskis.lv - established manufacturers, high quality, good price.\" \/>\n<meta property=\"og:url\" content=\"https:\/\/www.waterskis.lv\/en\/product\/tandem-fishing-kayak-feelfree-lure-tandem-overdrive\/\" \/>\n<meta property=\"og:site_name\" content=\"WATERSKIS.LV\" \/>\n<meta property=\"article:publisher\" content=\"https:\/\/www.facebook.com\/jurmalawaterskiwakeboardpark\/\" \/>\n<meta property=\"article:modified_time\" content=\"2022-02-14T12:12:02+00:00\" \/>\n<meta property=\"og:image\" content=\"https:\/\/www.waterskis.lv\/wp-content\/uploads\/2020\/09\/LureTandemO.png\" \/>\n\t<meta property=\"og:image:width\" content=\"1000\" \/>\n\t<meta property=\"og:image:height\" content=\"1000\" \/>\n\t<meta property=\"og:image:type\" content=\"image\/png\" \/>\n<meta name=\"twitter:card\" content=\"summary_large_image\" \/>\n<meta name=\"twitter:label1\" content=\"Est. reading time\" \/>\n\t<meta name=\"twitter:data1\" content=\"2 minutes\" \/>\n<script type=\"application\/ld+json\" class=\"yoast-schema-graph\">{\"@context\":\"https:\\\/\\\/schema.org\",\"@graph\":[{\"@type\":\"WebPage\",\"@id\":\"https:\\\/\\\/www.waterskis.lv\\\/en\\\/product\\\/tandem-fishing-kayak-feelfree-lure-tandem-overdrive\\\/\",\"url\":\"https:\\\/\\\/www.waterskis.lv\\\/en\\\/product\\\/tandem-fishing-kayak-feelfree-lure-tandem-overdrive\\\/\",\"name\":\"Kayak FEELFREE LURE TANDEM OVERDRIVE - WATERSKIS.LV\",\"isPartOf\":{\"@id\":\"https:\\\/\\\/www.waterskis.lv\\\/en\\\/#website\"},\"primaryImageOfPage\":{\"@id\":\"https:\\\/\\\/www.waterskis.lv\\\/en\\\/product\\\/tandem-fishing-kayak-feelfree-lure-tandem-overdrive\\\/#primaryimage\"},\"image\":{\"@id\":\"https:\\\/\\\/www.waterskis.lv\\\/en\\\/product\\\/tandem-fishing-kayak-feelfree-lure-tandem-overdrive\\\/#primaryimage\"},\"thumbnailUrl\":\"https:\\\/\\\/www.waterskis.lv\\\/wp-content\\\/uploads\\\/2020\\\/09\\\/LureTandemO.png\",\"datePublished\":\"2020-09-20T15:52:35+00:00\",\"dateModified\":\"2022-02-14T12:12:02+00:00\",\"description\":\"Tandem fishing kayak FEELFREE LURE TANDEM OVERDRIVE.Waterskis.lv - established manufacturers, high quality, good price.\",\"breadcrumb\":{\"@id\":\"https:\\\/\\\/www.waterskis.lv\\\/en\\\/product\\\/tandem-fishing-kayak-feelfree-lure-tandem-overdrive\\\/#breadcrumb\"},\"inLanguage\":\"en-US\",\"potentialAction\":[{\"@type\":\"ReadAction\",\"target\":[\"https:\\\/\\\/www.waterskis.lv\\\/en\\\/product\\\/tandem-fishing-kayak-feelfree-lure-tandem-overdrive\\\/\"]}]},{\"@type\":\"ImageObject\",\"inLanguage\":\"en-US\",\"@id\":\"https:\\\/\\\/www.waterskis.lv\\\/en\\\/product\\\/tandem-fishing-kayak-feelfree-lure-tandem-overdrive\\\/#primaryimage\",\"url\":\"https:\\\/\\\/www.waterskis.lv\\\/wp-content\\\/uploads\\\/2020\\\/09\\\/LureTandemO.png\",\"contentUrl\":\"https:\\\/\\\/www.waterskis.lv\\\/wp-content\\\/uploads\\\/2020\\\/09\\\/LureTandemO.png\",\"width\":1000,\"height\":1000,\"caption\":\"Tandem fishing kayak FEELFREE LURE TANDEM OVERDRIVE\"},{\"@type\":\"BreadcrumbList\",\"@id\":\"https:\\\/\\\/www.waterskis.lv\\\/en\\\/product\\\/tandem-fishing-kayak-feelfree-lure-tandem-overdrive\\\/#breadcrumb\",\"itemListElement\":[{\"@type\":\"ListItem\",\"position\":1,\"name\":\"Home\",\"item\":\"https:\\\/\\\/www.waterskis.lv\\\/en\\\/\"},{\"@type\":\"ListItem\",\"position\":2,\"name\":\"Shop\",\"item\":\"https:\\\/\\\/waterskis.lv\\\/en\\\/shop\\\/\"},{\"@type\":\"ListItem\",\"position\":3,\"name\":\"Private: Kayak FEELFREE LURE TANDEM OVERDRIVE\"}]},{\"@type\":\"WebSite\",\"@id\":\"https:\\\/\\\/www.waterskis.lv\\\/en\\\/#website\",\"url\":\"https:\\\/\\\/www.waterskis.lv\\\/en\\\/\",\"name\":\"WATERSKIS.LV\",\"description\":\"SUP d\u0113\u013ci, kajaki, kanoe, airu laivas, \u016bdenssl\u0113po\u0161ana, veikbords, SUP d\u0113\u013cu noma, kajaku nomaakt\u012bv\u0101s atp\u016btas centrs, laivu noma, sup noma, kajaku noma\",\"publisher\":{\"@id\":\"https:\\\/\\\/www.waterskis.lv\\\/en\\\/#organization\"},\"potentialAction\":[{\"@type\":\"SearchAction\",\"target\":{\"@type\":\"EntryPoint\",\"urlTemplate\":\"https:\\\/\\\/www.waterskis.lv\\\/en\\\/?s={search_term_string}\"},\"query-input\":{\"@type\":\"PropertyValueSpecification\",\"valueRequired\":true,\"valueName\":\"search_term_string\"}}],\"inLanguage\":\"en-US\"},{\"@type\":\"Organization\",\"@id\":\"https:\\\/\\\/www.waterskis.lv\\\/en\\\/#organization\",\"name\":\"WATERSKIS.LV\",\"url\":\"https:\\\/\\\/www.waterskis.lv\\\/en\\\/\",\"logo\":{\"@type\":\"ImageObject\",\"inLanguage\":\"en-US\",\"@id\":\"https:\\\/\\\/www.waterskis.lv\\\/en\\\/#\\\/schema\\\/logo\\\/image\\\/\",\"url\":\"https:\\\/\\\/www.waterskis.lv\\\/wp-content\\\/uploads\\\/2025\\\/01\\\/JUVP-logo.png\",\"contentUrl\":\"https:\\\/\\\/www.waterskis.lv\\\/wp-content\\\/uploads\\\/2025\\\/01\\\/JUVP-logo.png\",\"width\":421,\"height\":202,\"caption\":\"WATERSKIS.LV\"},\"image\":{\"@id\":\"https:\\\/\\\/www.waterskis.lv\\\/en\\\/#\\\/schema\\\/logo\\\/image\\\/\"},\"sameAs\":[\"https:\\\/\\\/www.facebook.com\\\/jurmalawaterskiwakeboardpark\\\/\"]}]}<\/script>\n<!-- \/ Yoast SEO plugin. -->","yoast_head_json":{"title":"Kayak FEELFREE LURE TANDEM OVERDRIVE - WATERSKIS.LV","description":"Tandem fishing kayak FEELFREE LURE TANDEM OVERDRIVE.Waterskis.lv - established manufacturers, high quality, good price.","robots":{"index":"index","follow":"follow","max-snippet":"max-snippet:-1","max-image-preview":"max-image-preview:large","max-video-preview":"max-video-preview:-1"},"canonical":"https:\/\/www.waterskis.lv\/en\/product\/tandem-fishing-kayak-feelfree-lure-tandem-overdrive\/","og_locale":"en_US","og_type":"article","og_title":"Kayak FEELFREE LURE TANDEM OVERDRIVE - WATERSKIS.LV","og_description":"Tandem fishing kayak FEELFREE LURE TANDEM OVERDRIVE.Waterskis.lv - established manufacturers, high quality, good price.","og_url":"https:\/\/www.waterskis.lv\/en\/product\/tandem-fishing-kayak-feelfree-lure-tandem-overdrive\/","og_site_name":"WATERSKIS.LV","article_publisher":"https:\/\/www.facebook.com\/jurmalawaterskiwakeboardpark\/","article_modified_time":"2022-02-14T12:12:02+00:00","og_image":[{"width":1000,"height":1000,"url":"https:\/\/www.waterskis.lv\/wp-content\/uploads\/2020\/09\/LureTandemO.png","type":"image\/png"}],"twitter_card":"summary_large_image","twitter_misc":{"Est. reading time":"2 minutes"},"schema":{"@context":"https:\/\/schema.org","@graph":[{"@type":"WebPage","@id":"https:\/\/www.waterskis.lv\/en\/product\/tandem-fishing-kayak-feelfree-lure-tandem-overdrive\/","url":"https:\/\/www.waterskis.lv\/en\/product\/tandem-fishing-kayak-feelfree-lure-tandem-overdrive\/","name":"Kayak FEELFREE LURE TANDEM OVERDRIVE - WATERSKIS.LV","isPartOf":{"@id":"https:\/\/www.waterskis.lv\/en\/#website"},"primaryImageOfPage":{"@id":"https:\/\/www.waterskis.lv\/en\/product\/tandem-fishing-kayak-feelfree-lure-tandem-overdrive\/#primaryimage"},"image":{"@id":"https:\/\/www.waterskis.lv\/en\/product\/tandem-fishing-kayak-feelfree-lure-tandem-overdrive\/#primaryimage"},"thumbnailUrl":"https:\/\/www.waterskis.lv\/wp-content\/uploads\/2020\/09\/LureTandemO.png","datePublished":"2020-09-20T15:52:35+00:00","dateModified":"2022-02-14T12:12:02+00:00","description":"Tandem fishing kayak FEELFREE LURE TANDEM OVERDRIVE.Waterskis.lv - established manufacturers, high quality, good price.","breadcrumb":{"@id":"https:\/\/www.waterskis.lv\/en\/product\/tandem-fishing-kayak-feelfree-lure-tandem-overdrive\/#breadcrumb"},"inLanguage":"en-US","potentialAction":[{"@type":"ReadAction","target":["https:\/\/www.waterskis.lv\/en\/product\/tandem-fishing-kayak-feelfree-lure-tandem-overdrive\/"]}]},{"@type":"ImageObject","inLanguage":"en-US","@id":"https:\/\/www.waterskis.lv\/en\/product\/tandem-fishing-kayak-feelfree-lure-tandem-overdrive\/#primaryimage","url":"https:\/\/www.waterskis.lv\/wp-content\/uploads\/2020\/09\/LureTandemO.png","contentUrl":"https:\/\/www.waterskis.lv\/wp-content\/uploads\/2020\/09\/LureTandemO.png","width":1000,"height":1000,"caption":"Tandem fishing kayak FEELFREE LURE TANDEM OVERDRIVE"},{"@type":"BreadcrumbList","@id":"https:\/\/www.waterskis.lv\/en\/product\/tandem-fishing-kayak-feelfree-lure-tandem-overdrive\/#breadcrumb","itemListElement":[{"@type":"ListItem","position":1,"name":"Home","item":"https:\/\/www.waterskis.lv\/en\/"},{"@type":"ListItem","position":2,"name":"Shop","item":"https:\/\/waterskis.lv\/en\/shop\/"},{"@type":"ListItem","position":3,"name":"Private: Kayak FEELFREE LURE TANDEM OVERDRIVE"}]},{"@type":"WebSite","@id":"https:\/\/www.waterskis.lv\/en\/#website","url":"https:\/\/www.waterskis.lv\/en\/","name":"WATERSKIS.LV","description":"SUP d\u0113\u013ci, kajaki, kanoe, airu laivas, \u016bdenssl\u0113po\u0161ana, veikbords, SUP d\u0113\u013cu noma, kajaku nomaakt\u012bv\u0101s atp\u016btas centrs, laivu noma, sup noma, kajaku noma","publisher":{"@id":"https:\/\/www.waterskis.lv\/en\/#organization"},"potentialAction":[{"@type":"SearchAction","target":{"@type":"EntryPoint","urlTemplate":"https:\/\/www.waterskis.lv\/en\/?s={search_term_string}"},"query-input":{"@type":"PropertyValueSpecification","valueRequired":true,"valueName":"search_term_string"}}],"inLanguage":"en-US"},{"@type":"Organization","@id":"https:\/\/www.waterskis.lv\/en\/#organization","name":"WATERSKIS.LV","url":"https:\/\/www.waterskis.lv\/en\/","logo":{"@type":"ImageObject","inLanguage":"en-US","@id":"https:\/\/www.waterskis.lv\/en\/#\/schema\/logo\/image\/","url":"https:\/\/www.waterskis.lv\/wp-content\/uploads\/2025\/01\/JUVP-logo.png","contentUrl":"https:\/\/www.waterskis.lv\/wp-content\/uploads\/2025\/01\/JUVP-logo.png","width":421,"height":202,"caption":"WATERSKIS.LV"},"image":{"@id":"https:\/\/www.waterskis.lv\/en\/#\/schema\/logo\/image\/"},"sameAs":["https:\/\/www.facebook.com\/jurmalawaterskiwakeboardpark\/"]}]}},"_links":{"self":[{"href":"https:\/\/www.waterskis.lv\/en\/wp-json\/wp\/v2\/product\/24221","targetHints":{"allow":["GET"]}}],"collection":[{"href":"https:\/\/www.waterskis.lv\/en\/wp-json\/wp\/v2\/product"}],"about":[{"href":"https:\/\/www.waterskis.lv\/en\/wp-json\/wp\/v2\/types\/product"}],"replies":[{"embeddable":true,"href":"https:\/\/www.waterskis.lv\/en\/wp-json\/wp\/v2\/comments?post=24221"}],"wp:featuredmedia":[{"embeddable":true,"href":"https:\/\/www.waterskis.lv\/en\/wp-json\/wp\/v2\/media\/19488"}],"wp:attachment":[{"href":"https:\/\/www.waterskis.lv\/en\/wp-json\/wp\/v2\/media?parent=24221"}],"wp:term":[{"taxonomy":"product_brand","embeddable":true,"href":"https:\/\/www.waterskis.lv\/en\/wp-json\/wp\/v2\/product_brand?post=24221"},{"taxonomy":"product_cat","embeddable":true,"href":"https:\/\/www.waterskis.lv\/en\/wp-json\/wp\/v2\/product_cat?post=24221"},{"taxonomy":"product_tag","embeddable":true,"href":"https:\/\/www.waterskis.lv\/en\/wp-json\/wp\/v2\/product_tag?post=24221"}],"curies":[{"name":"wp","href":"https:\/\/api.w.org\/{rel}","templated":true}]}}