{"id":24229,"date":"2020-11-20T22:06:54","date_gmt":"2020-11-20T19:06:54","guid":{"rendered":"https:\/\/www.waterskis.lv\/product\/makskeresanas-kajaks-pike-fisher-13\/"},"modified":"2022-02-09T16:46:47","modified_gmt":"2022-02-09T13:46:47","slug":"fishing-kayak-pike-fisher-13","status":"publish","type":"product","link":"https:\/\/www.waterskis.lv\/en\/product\/fishing-kayak-pike-fisher-13\/","title":{"rendered":"Fishing kayak PIKE FISHER 13"},"content":{"rendered":"<div class=\"block_content1 rte active\">\n<div class=\"tlid-input input\">\n<div class=\"source-wrap\">\n<div class=\"input-full-height-wrapper tlid-input-full-height-wrapper\">\n<div class=\"source-input\">\n<div class=\"source-footer-wrap source-or-target-footer\">\n<div class=\"character-count tlid-character-count\">\n<div class=\"cc-ctr normal\">Fishing kayak PIKE FISHER 13<\/div>\n<div><\/div>\n<div class=\"cc-ctr normal\"><span title=\"\">Integrated steering system, paddle holders, integrated fishing rod holders (more brackets available).<\/span>\u00a0<span title=\"\">Hermetic compartments.<\/span><\/div>\n<div class=\"cc-ctr normal\">Advanced adjustable seating.<\/div>\n<div class=\"cc-ctr normal\"><\/div>\n<\/div>\n<\/div>\n<\/div>\n<\/div>\n<\/div>\n<\/div>\n<\/div>\n<p id=\"table-data\" class=\"page-product-heading\">DATA SHEET\u00a0 &#8211; Fishing kayak PIKE FISHER 13<\/p>\n<table class=\"block_content2 table-data-sheet\">\n<tbody>\n<tr class=\"odd\">\n<td>Type<\/td>\n<td>Fishing<\/td>\n<\/tr>\n<tr class=\"even\">\n<td>Length<\/td>\n<td>396 cm<\/td>\n<\/tr>\n<tr class=\"odd\">\n<td>Width<\/td>\n<td>92 cm<\/td>\n<\/tr>\n<tr class=\"even\">\n<td>Height<\/td>\n<td>31 cm<\/td>\n<\/tr>\n<tr class=\"odd\">\n<td>Weight<\/td>\n<td>26 kg<\/td>\n<\/tr>\n<tr class=\"even\">\n<td>Material<\/td>\n<td>HDPE<\/td>\n<\/tr>\n<tr class=\"odd\">\n<td>Number of persons<\/td>\n<td>1<\/td>\n<\/tr>\n<tr class=\"even\">\n<td>Capacity<\/td>\n<td>135 kg<\/td>\n<\/tr>\n<\/tbody>\n<\/table>\n<p>&nbsp;<\/p>\n","protected":false},"excerpt":{"rendered":"<p>[caption id=\"attachment_23498\" align=\"alignnone\" width=\"300\"]<img decoding=\"async\" class=\"size-medium wp-image-23498\" src=\"https:\/\/www.waterskis.lv\/wp-content\/uploads\/2020\/11\/pike-fisher-131-300x300.png\" alt=\"Mak\u0161\u0137er\u0113\u0161anas kajaks PIKE FISHER 13\" width=\"300\" height=\"300\" srcset=\"https:\/\/www.waterskis.lv\/wp-content\/uploads\/2020\/11\/pike-fisher-131-300x300.png 300w, https:\/\/www.waterskis.lv\/wp-content\/uploads\/2020\/11\/pike-fisher-131-100x100.png 100w, https:\/\/www.waterskis.lv\/wp-content\/uploads\/2020\/11\/pike-fisher-131-600x600.png 600w, https:\/\/www.waterskis.lv\/wp-content\/uploads\/2020\/11\/pike-fisher-131-700x700.png 700w, https:\/\/www.waterskis.lv\/wp-content\/uploads\/2020\/11\/pike-fisher-131-150x150.png 150w, https:\/\/www.waterskis.lv\/wp-content\/uploads\/2020\/11\/pike-fisher-131-768x768.png 768w, https:\/\/www.waterskis.lv\/wp-content\/uploads\/2020\/11\/pike-fisher-131.png 1000w\" sizes=\"(max-width: 300px) 100vw, 300px\" \/> Mak\u0161\u0137er\u0113\u0161anas kajaks PIKE FISHER 13[\/caption] [&#8230;]<\/p>\n<p><a class=\"btn btn-secondary understrap-read-more-link\" href=\"https:\/\/www.waterskis.lv\/en\/product\/fishing-kayak-pike-fisher-13\/\">Read More&#8230;<\/a><\/p>\n","protected":false},"featured_media":23499,"comment_status":"closed","ping_status":"closed","template":"","meta":{"_acf_changed":false,"inline_featured_image":false},"product_brand":[],"product_cat":[532,680,507,535,528],"product_tag":[],"class_list":{"0":"post-24229","1":"product","2":"type-product","3":"status-publish","4":"has-post-thumbnail","6":"product_cat-fishing-kayaks","7":"product_cat-fishing-kayaks-en","8":"product_cat-kayaks","9":"product_cat-sot-kayaks","10":"product_cat-solo-sit-on-kayaks","12":"first","13":"instock","14":"shipping-taxable","15":"product-type-simple"},"acf":[],"yoast_head":"<!-- This site is optimized with the Yoast SEO plugin v27.4 - https:\/\/yoast.com\/product\/yoast-seo-wordpress\/ -->\n<title>Fishing kayak PIKE FISHER 13 - WATERSKIS.LV<\/title>\n<meta name=\"description\" content=\"Fishing kayak PIKE FISHER 13. Waterskis.lv - buy, rent different types of kayaks and related equipment. Visit us.\" \/>\n<meta name=\"robots\" content=\"index, follow, max-snippet:-1, max-image-preview:large, max-video-preview:-1\" \/>\n<link rel=\"canonical\" href=\"https:\/\/www.waterskis.lv\/en\/product\/fishing-kayak-pike-fisher-13\/\" \/>\n<meta property=\"og:locale\" content=\"en_US\" \/>\n<meta property=\"og:type\" content=\"article\" \/>\n<meta property=\"og:title\" content=\"Fishing kayak PIKE FISHER 13 with rudder\" \/>\n<meta property=\"og:description\" content=\"Single fishing kayak\u00a0PIKE FISHER 13. Integrated steering system, paddle holders, integrated fishing rod holders (more brackets available).\u00a0Hermetic compartments. Advanced adjustable seating.\" \/>\n<meta property=\"og:url\" content=\"https:\/\/www.waterskis.lv\/en\/product\/fishing-kayak-pike-fisher-13\/\" \/>\n<meta property=\"og:site_name\" content=\"WATERSKIS.LV\" \/>\n<meta property=\"article:publisher\" content=\"https:\/\/www.facebook.com\/jurmalawaterskiwakeboardpark\/\" \/>\n<meta property=\"article:modified_time\" content=\"2022-02-09T13:46:47+00:00\" \/>\n<meta property=\"og:image\" content=\"https:\/\/www.waterskis.lv\/wp-content\/uploads\/2020\/11\/pike-fisher-131.png\" \/>\n<meta name=\"twitter:card\" content=\"summary_large_image\" \/>\n<meta name=\"twitter:title\" content=\"Fishing kayak PIKE FISHER 13 with rudder\" \/>\n<meta name=\"twitter:description\" content=\"Single fishing kayak\u00a0PIKE FISHER 13. Integrated steering system, paddle holders, integrated fishing rod holders (more brackets available).\u00a0Hermetic compartments. Advanced adjustable seating.\" \/>\n<meta name=\"twitter:image\" content=\"https:\/\/www.waterskis.lv\/wp-content\/uploads\/2020\/11\/pike-fisher-131.png\" \/>\n<meta name=\"twitter:label1\" content=\"Est. reading time\" \/>\n\t<meta name=\"twitter:data1\" content=\"1 minute\" \/>\n<script type=\"application\/ld+json\" class=\"yoast-schema-graph\">{\"@context\":\"https:\\\/\\\/schema.org\",\"@graph\":[{\"@type\":\"WebPage\",\"@id\":\"https:\\\/\\\/www.waterskis.lv\\\/en\\\/product\\\/fishing-kayak-pike-fisher-13\\\/\",\"url\":\"https:\\\/\\\/www.waterskis.lv\\\/en\\\/product\\\/fishing-kayak-pike-fisher-13\\\/\",\"name\":\"Fishing kayak PIKE FISHER 13 - WATERSKIS.LV\",\"isPartOf\":{\"@id\":\"https:\\\/\\\/www.waterskis.lv\\\/en\\\/#website\"},\"primaryImageOfPage\":{\"@id\":\"https:\\\/\\\/www.waterskis.lv\\\/en\\\/product\\\/fishing-kayak-pike-fisher-13\\\/#primaryimage\"},\"image\":{\"@id\":\"https:\\\/\\\/www.waterskis.lv\\\/en\\\/product\\\/fishing-kayak-pike-fisher-13\\\/#primaryimage\"},\"thumbnailUrl\":\"https:\\\/\\\/www.waterskis.lv\\\/wp-content\\\/uploads\\\/2020\\\/11\\\/pike-fisher-131.png\",\"datePublished\":\"2020-11-20T19:06:54+00:00\",\"dateModified\":\"2022-02-09T13:46:47+00:00\",\"description\":\"Fishing kayak PIKE FISHER 13. Waterskis.lv - buy, rent different types of kayaks and related equipment. Visit us.\",\"breadcrumb\":{\"@id\":\"https:\\\/\\\/www.waterskis.lv\\\/en\\\/product\\\/fishing-kayak-pike-fisher-13\\\/#breadcrumb\"},\"inLanguage\":\"en-US\",\"potentialAction\":[{\"@type\":\"ReadAction\",\"target\":[\"https:\\\/\\\/www.waterskis.lv\\\/en\\\/product\\\/fishing-kayak-pike-fisher-13\\\/\"]}]},{\"@type\":\"ImageObject\",\"inLanguage\":\"en-US\",\"@id\":\"https:\\\/\\\/www.waterskis.lv\\\/en\\\/product\\\/fishing-kayak-pike-fisher-13\\\/#primaryimage\",\"url\":\"https:\\\/\\\/www.waterskis.lv\\\/wp-content\\\/uploads\\\/2020\\\/11\\\/pike-fisher-131.png\",\"contentUrl\":\"https:\\\/\\\/www.waterskis.lv\\\/wp-content\\\/uploads\\\/2020\\\/11\\\/pike-fisher-131.png\",\"width\":1000,\"height\":1000,\"caption\":\"Fishing kayak PIKE FISHER 13\"},{\"@type\":\"BreadcrumbList\",\"@id\":\"https:\\\/\\\/www.waterskis.lv\\\/en\\\/product\\\/fishing-kayak-pike-fisher-13\\\/#breadcrumb\",\"itemListElement\":[{\"@type\":\"ListItem\",\"position\":1,\"name\":\"Home\",\"item\":\"https:\\\/\\\/www.waterskis.lv\\\/en\\\/\"},{\"@type\":\"ListItem\",\"position\":2,\"name\":\"Shop\",\"item\":\"https:\\\/\\\/waterskis.lv\\\/en\\\/shop\\\/\"},{\"@type\":\"ListItem\",\"position\":3,\"name\":\"Fishing kayak PIKE FISHER 13\"}]},{\"@type\":\"WebSite\",\"@id\":\"https:\\\/\\\/www.waterskis.lv\\\/en\\\/#website\",\"url\":\"https:\\\/\\\/www.waterskis.lv\\\/en\\\/\",\"name\":\"WATERSKIS.LV\",\"description\":\"SUP d\u0113\u013ci, kajaki, kanoe, airu laivas, \u016bdenssl\u0113po\u0161ana, veikbords, SUP d\u0113\u013cu noma, kajaku nomaakt\u012bv\u0101s atp\u016btas centrs, laivu noma, sup noma, kajaku noma\",\"publisher\":{\"@id\":\"https:\\\/\\\/www.waterskis.lv\\\/en\\\/#organization\"},\"potentialAction\":[{\"@type\":\"SearchAction\",\"target\":{\"@type\":\"EntryPoint\",\"urlTemplate\":\"https:\\\/\\\/www.waterskis.lv\\\/en\\\/?s={search_term_string}\"},\"query-input\":{\"@type\":\"PropertyValueSpecification\",\"valueRequired\":true,\"valueName\":\"search_term_string\"}}],\"inLanguage\":\"en-US\"},{\"@type\":\"Organization\",\"@id\":\"https:\\\/\\\/www.waterskis.lv\\\/en\\\/#organization\",\"name\":\"WATERSKIS.LV\",\"url\":\"https:\\\/\\\/www.waterskis.lv\\\/en\\\/\",\"logo\":{\"@type\":\"ImageObject\",\"inLanguage\":\"en-US\",\"@id\":\"https:\\\/\\\/www.waterskis.lv\\\/en\\\/#\\\/schema\\\/logo\\\/image\\\/\",\"url\":\"https:\\\/\\\/www.waterskis.lv\\\/wp-content\\\/uploads\\\/2025\\\/01\\\/JUVP-logo.png\",\"contentUrl\":\"https:\\\/\\\/www.waterskis.lv\\\/wp-content\\\/uploads\\\/2025\\\/01\\\/JUVP-logo.png\",\"width\":421,\"height\":202,\"caption\":\"WATERSKIS.LV\"},\"image\":{\"@id\":\"https:\\\/\\\/www.waterskis.lv\\\/en\\\/#\\\/schema\\\/logo\\\/image\\\/\"},\"sameAs\":[\"https:\\\/\\\/www.facebook.com\\\/jurmalawaterskiwakeboardpark\\\/\"]}]}<\/script>\n<!-- \/ Yoast SEO plugin. -->","yoast_head_json":{"title":"Fishing kayak PIKE FISHER 13 - WATERSKIS.LV","description":"Fishing kayak PIKE FISHER 13. Waterskis.lv - buy, rent different types of kayaks and related equipment. Visit us.","robots":{"index":"index","follow":"follow","max-snippet":"max-snippet:-1","max-image-preview":"max-image-preview:large","max-video-preview":"max-video-preview:-1"},"canonical":"https:\/\/www.waterskis.lv\/en\/product\/fishing-kayak-pike-fisher-13\/","og_locale":"en_US","og_type":"article","og_title":"Fishing kayak PIKE FISHER 13 with rudder","og_description":"Single fishing kayak\u00a0PIKE FISHER 13. Integrated steering system, paddle holders, integrated fishing rod holders (more brackets available).\u00a0Hermetic compartments. Advanced adjustable seating.","og_url":"https:\/\/www.waterskis.lv\/en\/product\/fishing-kayak-pike-fisher-13\/","og_site_name":"WATERSKIS.LV","article_publisher":"https:\/\/www.facebook.com\/jurmalawaterskiwakeboardpark\/","article_modified_time":"2022-02-09T13:46:47+00:00","og_image":[{"url":"https:\/\/www.waterskis.lv\/wp-content\/uploads\/2020\/11\/pike-fisher-131.png","type":"","width":"","height":""}],"twitter_card":"summary_large_image","twitter_title":"Fishing kayak PIKE FISHER 13 with rudder","twitter_description":"Single fishing kayak\u00a0PIKE FISHER 13. Integrated steering system, paddle holders, integrated fishing rod holders (more brackets available).\u00a0Hermetic compartments. Advanced adjustable seating.","twitter_image":"https:\/\/www.waterskis.lv\/wp-content\/uploads\/2020\/11\/pike-fisher-131.png","twitter_misc":{"Est. reading time":"1 minute"},"schema":{"@context":"https:\/\/schema.org","@graph":[{"@type":"WebPage","@id":"https:\/\/www.waterskis.lv\/en\/product\/fishing-kayak-pike-fisher-13\/","url":"https:\/\/www.waterskis.lv\/en\/product\/fishing-kayak-pike-fisher-13\/","name":"Fishing kayak PIKE FISHER 13 - WATERSKIS.LV","isPartOf":{"@id":"https:\/\/www.waterskis.lv\/en\/#website"},"primaryImageOfPage":{"@id":"https:\/\/www.waterskis.lv\/en\/product\/fishing-kayak-pike-fisher-13\/#primaryimage"},"image":{"@id":"https:\/\/www.waterskis.lv\/en\/product\/fishing-kayak-pike-fisher-13\/#primaryimage"},"thumbnailUrl":"https:\/\/www.waterskis.lv\/wp-content\/uploads\/2020\/11\/pike-fisher-131.png","datePublished":"2020-11-20T19:06:54+00:00","dateModified":"2022-02-09T13:46:47+00:00","description":"Fishing kayak PIKE FISHER 13. Waterskis.lv - buy, rent different types of kayaks and related equipment. Visit us.","breadcrumb":{"@id":"https:\/\/www.waterskis.lv\/en\/product\/fishing-kayak-pike-fisher-13\/#breadcrumb"},"inLanguage":"en-US","potentialAction":[{"@type":"ReadAction","target":["https:\/\/www.waterskis.lv\/en\/product\/fishing-kayak-pike-fisher-13\/"]}]},{"@type":"ImageObject","inLanguage":"en-US","@id":"https:\/\/www.waterskis.lv\/en\/product\/fishing-kayak-pike-fisher-13\/#primaryimage","url":"https:\/\/www.waterskis.lv\/wp-content\/uploads\/2020\/11\/pike-fisher-131.png","contentUrl":"https:\/\/www.waterskis.lv\/wp-content\/uploads\/2020\/11\/pike-fisher-131.png","width":1000,"height":1000,"caption":"Fishing kayak PIKE FISHER 13"},{"@type":"BreadcrumbList","@id":"https:\/\/www.waterskis.lv\/en\/product\/fishing-kayak-pike-fisher-13\/#breadcrumb","itemListElement":[{"@type":"ListItem","position":1,"name":"Home","item":"https:\/\/www.waterskis.lv\/en\/"},{"@type":"ListItem","position":2,"name":"Shop","item":"https:\/\/waterskis.lv\/en\/shop\/"},{"@type":"ListItem","position":3,"name":"Fishing kayak PIKE FISHER 13"}]},{"@type":"WebSite","@id":"https:\/\/www.waterskis.lv\/en\/#website","url":"https:\/\/www.waterskis.lv\/en\/","name":"WATERSKIS.LV","description":"SUP d\u0113\u013ci, kajaki, kanoe, airu laivas, \u016bdenssl\u0113po\u0161ana, veikbords, SUP d\u0113\u013cu noma, kajaku nomaakt\u012bv\u0101s atp\u016btas centrs, laivu noma, sup noma, kajaku noma","publisher":{"@id":"https:\/\/www.waterskis.lv\/en\/#organization"},"potentialAction":[{"@type":"SearchAction","target":{"@type":"EntryPoint","urlTemplate":"https:\/\/www.waterskis.lv\/en\/?s={search_term_string}"},"query-input":{"@type":"PropertyValueSpecification","valueRequired":true,"valueName":"search_term_string"}}],"inLanguage":"en-US"},{"@type":"Organization","@id":"https:\/\/www.waterskis.lv\/en\/#organization","name":"WATERSKIS.LV","url":"https:\/\/www.waterskis.lv\/en\/","logo":{"@type":"ImageObject","inLanguage":"en-US","@id":"https:\/\/www.waterskis.lv\/en\/#\/schema\/logo\/image\/","url":"https:\/\/www.waterskis.lv\/wp-content\/uploads\/2025\/01\/JUVP-logo.png","contentUrl":"https:\/\/www.waterskis.lv\/wp-content\/uploads\/2025\/01\/JUVP-logo.png","width":421,"height":202,"caption":"WATERSKIS.LV"},"image":{"@id":"https:\/\/www.waterskis.lv\/en\/#\/schema\/logo\/image\/"},"sameAs":["https:\/\/www.facebook.com\/jurmalawaterskiwakeboardpark\/"]}]}},"_links":{"self":[{"href":"https:\/\/www.waterskis.lv\/en\/wp-json\/wp\/v2\/product\/24229","targetHints":{"allow":["GET"]}}],"collection":[{"href":"https:\/\/www.waterskis.lv\/en\/wp-json\/wp\/v2\/product"}],"about":[{"href":"https:\/\/www.waterskis.lv\/en\/wp-json\/wp\/v2\/types\/product"}],"replies":[{"embeddable":true,"href":"https:\/\/www.waterskis.lv\/en\/wp-json\/wp\/v2\/comments?post=24229"}],"wp:featuredmedia":[{"embeddable":true,"href":"https:\/\/www.waterskis.lv\/en\/wp-json\/wp\/v2\/media\/23499"}],"wp:attachment":[{"href":"https:\/\/www.waterskis.lv\/en\/wp-json\/wp\/v2\/media?parent=24229"}],"wp:term":[{"taxonomy":"product_brand","embeddable":true,"href":"https:\/\/www.waterskis.lv\/en\/wp-json\/wp\/v2\/product_brand?post=24229"},{"taxonomy":"product_cat","embeddable":true,"href":"https:\/\/www.waterskis.lv\/en\/wp-json\/wp\/v2\/product_cat?post=24229"},{"taxonomy":"product_tag","embeddable":true,"href":"https:\/\/www.waterskis.lv\/en\/wp-json\/wp\/v2\/product_tag?post=24229"}],"curies":[{"name":"wp","href":"https:\/\/api.w.org\/{rel}","templated":true}]}}