{"id":24335,"date":"2020-12-08T20:33:14","date_gmt":"2020-12-08T17:33:14","guid":{"rendered":"https:\/\/www.waterskis.lv\/product\/piepusams-tandema-kajaks-ds-471\/"},"modified":"2026-02-02T17:53:30","modified_gmt":"2026-02-02T15:53:30","slug":"inflatable-tandem-kayak-ds-471","status":"publish","type":"product","link":"https:\/\/www.waterskis.lv\/en\/product\/inflatable-tandem-kayak-ds-471\/","title":{"rendered":"Inflatable tandem kayak DS-471"},"content":{"rendered":"<div class=\"block_content1 rte active\">\n<h1>Inflatable tandem kayak DS-471<\/h1>\n<p>Inflatable tandem kayak DS-471<\/p>\n<p>Extremely rigid and sturdy inflatable double seater kayak kit. Thanks to the DROPSTITCH PVC material used in the construction, this kayak always remains extremely rigid, which increases the ease of use and maintains a higher swimming speed compared to traditional inflatable kayaks. Reinforced stern &#8211; shock resistant. Removable keel. Comes with all the accessories you need, so all you have to do is swim and have a vest. Recommended maximum internal pressure: 12PSI.<\/p>\n<\/div>\n<table class=\"block_content2 table-data-sheet\">\n<tbody>\n<tr class=\"odd\">\n<td>Type<\/td>\n<td>Inflatable kayak<\/td>\n<\/tr>\n<tr class=\"even\">\n<td>Length<\/td>\n<td>471 cm<\/td>\n<\/tr>\n<tr class=\"odd\">\n<td>Width<\/td>\n<td>86 cm<\/td>\n<\/tr>\n<tr class=\"even\">\n<td>Height<\/td>\n<td>30 cm<\/td>\n<\/tr>\n<tr class=\"odd\">\n<td>Weight<\/td>\n<td>18 kg<\/td>\n<\/tr>\n<tr class=\"even\">\n<td>Material<\/td>\n<td>1100 Decitex Reinforced Dropstitch PVC<\/td>\n<\/tr>\n<tr class=\"odd\">\n<td>Number of persons<\/td>\n<td>2<\/td>\n<\/tr>\n<tr class=\"even\">\n<td>Capacity<\/td>\n<td>320 kg<\/td>\n<\/tr>\n<tr class=\"odd\">\n<td>Max pressure<\/td>\n<td>12 psi (0,83 bar)<\/td>\n<\/tr>\n<tr class=\"even\">\n<td>Purpose of usage<\/td>\n<td>Touring kayak<\/td>\n<\/tr>\n<tr class=\"odd\">\n<td>Country of origin<\/td>\n<td>China<\/td>\n<\/tr>\n<\/tbody>\n<\/table>\n","protected":false},"excerpt":{"rendered":"<p>Inflatable tandem kayak DS-471 Inflatable tandem kayak DS-471 Extremely rigid and sturdy inflatable double seater kayak kit. Thanks to the DROPSTITCH PVC material used in the construction, this kayak always remains extremely rigid, which increases the ease of use and maintains a higher swimming speed compared to traditional inflatable kayaks. Reinforced stern &#8211; shock resistant. [&#8230;]<\/p>\n<p><a class=\"btn btn-secondary understrap-read-more-link\" href=\"https:\/\/www.waterskis.lv\/en\/product\/inflatable-tandem-kayak-ds-471\/\">Read More&#8230;<\/a><\/p>\n","protected":false},"featured_media":24312,"comment_status":"closed","ping_status":"closed","template":"","meta":{"_acf_changed":false,"inline_featured_image":false},"product_brand":[],"product_cat":[687,686,507,1223,361],"product_tag":[3265,3268,3264,3278,3267,3277,3279,3266,3280,3176,3276,3273,3275,3274],"class_list":{"0":"post-24335","1":"product","2":"type-product","3":"status-publish","4":"has-post-thumbnail","6":"product_cat-all-inflatable-kayaks","7":"product_cat-inflatable-kayaks","8":"product_cat-kayaks","9":"product_cat-other-inflatable-kayaks","10":"product_cat-sale","11":"product_tag-aufblasbares-kajak","12":"product_tag-inflatable-kayak","13":"product_tag-kajak","14":"product_tag-kajaks","15":"product_tag-kayak","16":"product_tag-piepusams-kajaks","17":"product_tag-smailite","18":"product_tag-supkajak","19":"product_tag-supkajaks","20":"product_tag-supkayak","21":"product_tag-3276","22":"product_tag-3273","23":"product_tag-3275","24":"product_tag-3274","26":"first","27":"instock","28":"sale","29":"shipping-taxable","30":"purchasable","31":"product-type-simple"},"acf":[],"yoast_head":"<!-- This site is optimized with the Yoast SEO plugin v27.3 - https:\/\/yoast.com\/product\/yoast-seo-wordpress\/ -->\n<title>Inflatable tandem kayak DS-471 - WATERSKIS.LV<\/title>\n<meta name=\"description\" content=\"Inflatable tandem kayak DS-471. Extremely rigid and sturdy inflatable\u00a0double seater kayak kit.Thanks to the DROPSTITCH PVC material used in the construction\" \/>\n<meta name=\"robots\" content=\"index, follow, max-snippet:-1, max-image-preview:large, max-video-preview:-1\" \/>\n<link rel=\"canonical\" href=\"https:\/\/www.waterskis.lv\/en\/product\/inflatable-tandem-kayak-ds-471\/\" \/>\n<meta property=\"og:locale\" content=\"en_US\" \/>\n<meta property=\"og:type\" content=\"article\" \/>\n<meta property=\"og:title\" content=\"Inflatable tandem kayak DS-471 - WATERSKIS.LV\" \/>\n<meta property=\"og:description\" content=\"Inflatable tandem kayak DS-471. Extremely rigid and sturdy inflatable\u00a0double seater kayak kit.Thanks to the DROPSTITCH PVC material used in the construction\" \/>\n<meta property=\"og:url\" content=\"https:\/\/www.waterskis.lv\/en\/product\/inflatable-tandem-kayak-ds-471\/\" \/>\n<meta property=\"og:site_name\" content=\"WATERSKIS.LV\" \/>\n<meta property=\"article:publisher\" content=\"https:\/\/www.facebook.com\/jurmalawaterskiwakeboardpark\/\" \/>\n<meta property=\"article:modified_time\" content=\"2026-02-02T15:53:30+00:00\" \/>\n<meta property=\"og:image\" content=\"https:\/\/www.waterskis.lv\/wp-content\/uploads\/2020\/12\/inflatable-tandem-kayak-ds-471.png\" \/>\n\t<meta property=\"og:image:width\" content=\"1000\" \/>\n\t<meta property=\"og:image:height\" content=\"1000\" \/>\n\t<meta property=\"og:image:type\" content=\"image\/png\" \/>\n<meta name=\"twitter:card\" content=\"summary_large_image\" \/>\n<meta name=\"twitter:label1\" content=\"Est. reading time\" \/>\n\t<meta name=\"twitter:data1\" content=\"1 minute\" \/>\n<script type=\"application\/ld+json\" class=\"yoast-schema-graph\">{\"@context\":\"https:\\\/\\\/schema.org\",\"@graph\":[{\"@type\":\"WebPage\",\"@id\":\"https:\\\/\\\/www.waterskis.lv\\\/en\\\/product\\\/inflatable-tandem-kayak-ds-471\\\/\",\"url\":\"https:\\\/\\\/www.waterskis.lv\\\/en\\\/product\\\/inflatable-tandem-kayak-ds-471\\\/\",\"name\":\"Inflatable tandem kayak DS-471 - WATERSKIS.LV\",\"isPartOf\":{\"@id\":\"https:\\\/\\\/www.waterskis.lv\\\/en\\\/#website\"},\"primaryImageOfPage\":{\"@id\":\"https:\\\/\\\/www.waterskis.lv\\\/en\\\/product\\\/inflatable-tandem-kayak-ds-471\\\/#primaryimage\"},\"image\":{\"@id\":\"https:\\\/\\\/www.waterskis.lv\\\/en\\\/product\\\/inflatable-tandem-kayak-ds-471\\\/#primaryimage\"},\"thumbnailUrl\":\"https:\\\/\\\/www.waterskis.lv\\\/wp-content\\\/uploads\\\/2020\\\/12\\\/inflatable-tandem-kayak-ds-471.png\",\"datePublished\":\"2020-12-08T17:33:14+00:00\",\"dateModified\":\"2026-02-02T15:53:30+00:00\",\"description\":\"Inflatable tandem kayak DS-471. Extremely rigid and sturdy inflatable\u00a0double seater kayak kit.Thanks to the DROPSTITCH PVC material used in the construction\",\"breadcrumb\":{\"@id\":\"https:\\\/\\\/www.waterskis.lv\\\/en\\\/product\\\/inflatable-tandem-kayak-ds-471\\\/#breadcrumb\"},\"inLanguage\":\"en-US\",\"potentialAction\":[{\"@type\":\"ReadAction\",\"target\":[\"https:\\\/\\\/www.waterskis.lv\\\/en\\\/product\\\/inflatable-tandem-kayak-ds-471\\\/\"]}]},{\"@type\":\"ImageObject\",\"inLanguage\":\"en-US\",\"@id\":\"https:\\\/\\\/www.waterskis.lv\\\/en\\\/product\\\/inflatable-tandem-kayak-ds-471\\\/#primaryimage\",\"url\":\"https:\\\/\\\/www.waterskis.lv\\\/wp-content\\\/uploads\\\/2020\\\/12\\\/inflatable-tandem-kayak-ds-471.png\",\"contentUrl\":\"https:\\\/\\\/www.waterskis.lv\\\/wp-content\\\/uploads\\\/2020\\\/12\\\/inflatable-tandem-kayak-ds-471.png\",\"width\":1000,\"height\":1000,\"caption\":\"Inflatable tandem kayak DS-471\"},{\"@type\":\"BreadcrumbList\",\"@id\":\"https:\\\/\\\/www.waterskis.lv\\\/en\\\/product\\\/inflatable-tandem-kayak-ds-471\\\/#breadcrumb\",\"itemListElement\":[{\"@type\":\"ListItem\",\"position\":1,\"name\":\"Home\",\"item\":\"https:\\\/\\\/www.waterskis.lv\\\/en\\\/\"},{\"@type\":\"ListItem\",\"position\":2,\"name\":\"Shop\",\"item\":\"https:\\\/\\\/waterskis.lv\\\/en\\\/shop\\\/\"},{\"@type\":\"ListItem\",\"position\":3,\"name\":\"Inflatable tandem kayak DS-471\"}]},{\"@type\":\"WebSite\",\"@id\":\"https:\\\/\\\/www.waterskis.lv\\\/en\\\/#website\",\"url\":\"https:\\\/\\\/www.waterskis.lv\\\/en\\\/\",\"name\":\"WATERSKIS.LV\",\"description\":\"SUP d\u0113\u013ci, kajaki, kanoe, airu laivas, \u016bdenssl\u0113po\u0161ana, veikbords, SUP d\u0113\u013cu noma, kajaku nomaakt\u012bv\u0101s atp\u016btas centrs, laivu noma, sup noma, kajaku noma\",\"publisher\":{\"@id\":\"https:\\\/\\\/www.waterskis.lv\\\/en\\\/#organization\"},\"potentialAction\":[{\"@type\":\"SearchAction\",\"target\":{\"@type\":\"EntryPoint\",\"urlTemplate\":\"https:\\\/\\\/www.waterskis.lv\\\/en\\\/?s={search_term_string}\"},\"query-input\":{\"@type\":\"PropertyValueSpecification\",\"valueRequired\":true,\"valueName\":\"search_term_string\"}}],\"inLanguage\":\"en-US\"},{\"@type\":\"Organization\",\"@id\":\"https:\\\/\\\/www.waterskis.lv\\\/en\\\/#organization\",\"name\":\"WATERSKIS.LV\",\"url\":\"https:\\\/\\\/www.waterskis.lv\\\/en\\\/\",\"logo\":{\"@type\":\"ImageObject\",\"inLanguage\":\"en-US\",\"@id\":\"https:\\\/\\\/www.waterskis.lv\\\/en\\\/#\\\/schema\\\/logo\\\/image\\\/\",\"url\":\"https:\\\/\\\/www.waterskis.lv\\\/wp-content\\\/uploads\\\/2025\\\/01\\\/JUVP-logo.png\",\"contentUrl\":\"https:\\\/\\\/www.waterskis.lv\\\/wp-content\\\/uploads\\\/2025\\\/01\\\/JUVP-logo.png\",\"width\":421,\"height\":202,\"caption\":\"WATERSKIS.LV\"},\"image\":{\"@id\":\"https:\\\/\\\/www.waterskis.lv\\\/en\\\/#\\\/schema\\\/logo\\\/image\\\/\"},\"sameAs\":[\"https:\\\/\\\/www.facebook.com\\\/jurmalawaterskiwakeboardpark\\\/\"]}]}<\/script>\n<!-- \/ Yoast SEO plugin. -->","yoast_head_json":{"title":"Inflatable tandem kayak DS-471 - WATERSKIS.LV","description":"Inflatable tandem kayak DS-471. Extremely rigid and sturdy inflatable\u00a0double seater kayak kit.Thanks to the DROPSTITCH PVC material used in the construction","robots":{"index":"index","follow":"follow","max-snippet":"max-snippet:-1","max-image-preview":"max-image-preview:large","max-video-preview":"max-video-preview:-1"},"canonical":"https:\/\/www.waterskis.lv\/en\/product\/inflatable-tandem-kayak-ds-471\/","og_locale":"en_US","og_type":"article","og_title":"Inflatable tandem kayak DS-471 - WATERSKIS.LV","og_description":"Inflatable tandem kayak DS-471. Extremely rigid and sturdy inflatable\u00a0double seater kayak kit.Thanks to the DROPSTITCH PVC material used in the construction","og_url":"https:\/\/www.waterskis.lv\/en\/product\/inflatable-tandem-kayak-ds-471\/","og_site_name":"WATERSKIS.LV","article_publisher":"https:\/\/www.facebook.com\/jurmalawaterskiwakeboardpark\/","article_modified_time":"2026-02-02T15:53:30+00:00","og_image":[{"width":1000,"height":1000,"url":"https:\/\/www.waterskis.lv\/wp-content\/uploads\/2020\/12\/inflatable-tandem-kayak-ds-471.png","type":"image\/png"}],"twitter_card":"summary_large_image","twitter_misc":{"Est. reading time":"1 minute"},"schema":{"@context":"https:\/\/schema.org","@graph":[{"@type":"WebPage","@id":"https:\/\/www.waterskis.lv\/en\/product\/inflatable-tandem-kayak-ds-471\/","url":"https:\/\/www.waterskis.lv\/en\/product\/inflatable-tandem-kayak-ds-471\/","name":"Inflatable tandem kayak DS-471 - WATERSKIS.LV","isPartOf":{"@id":"https:\/\/www.waterskis.lv\/en\/#website"},"primaryImageOfPage":{"@id":"https:\/\/www.waterskis.lv\/en\/product\/inflatable-tandem-kayak-ds-471\/#primaryimage"},"image":{"@id":"https:\/\/www.waterskis.lv\/en\/product\/inflatable-tandem-kayak-ds-471\/#primaryimage"},"thumbnailUrl":"https:\/\/www.waterskis.lv\/wp-content\/uploads\/2020\/12\/inflatable-tandem-kayak-ds-471.png","datePublished":"2020-12-08T17:33:14+00:00","dateModified":"2026-02-02T15:53:30+00:00","description":"Inflatable tandem kayak DS-471. Extremely rigid and sturdy inflatable\u00a0double seater kayak kit.Thanks to the DROPSTITCH PVC material used in the construction","breadcrumb":{"@id":"https:\/\/www.waterskis.lv\/en\/product\/inflatable-tandem-kayak-ds-471\/#breadcrumb"},"inLanguage":"en-US","potentialAction":[{"@type":"ReadAction","target":["https:\/\/www.waterskis.lv\/en\/product\/inflatable-tandem-kayak-ds-471\/"]}]},{"@type":"ImageObject","inLanguage":"en-US","@id":"https:\/\/www.waterskis.lv\/en\/product\/inflatable-tandem-kayak-ds-471\/#primaryimage","url":"https:\/\/www.waterskis.lv\/wp-content\/uploads\/2020\/12\/inflatable-tandem-kayak-ds-471.png","contentUrl":"https:\/\/www.waterskis.lv\/wp-content\/uploads\/2020\/12\/inflatable-tandem-kayak-ds-471.png","width":1000,"height":1000,"caption":"Inflatable tandem kayak DS-471"},{"@type":"BreadcrumbList","@id":"https:\/\/www.waterskis.lv\/en\/product\/inflatable-tandem-kayak-ds-471\/#breadcrumb","itemListElement":[{"@type":"ListItem","position":1,"name":"Home","item":"https:\/\/www.waterskis.lv\/en\/"},{"@type":"ListItem","position":2,"name":"Shop","item":"https:\/\/waterskis.lv\/en\/shop\/"},{"@type":"ListItem","position":3,"name":"Inflatable tandem kayak DS-471"}]},{"@type":"WebSite","@id":"https:\/\/www.waterskis.lv\/en\/#website","url":"https:\/\/www.waterskis.lv\/en\/","name":"WATERSKIS.LV","description":"SUP d\u0113\u013ci, kajaki, kanoe, airu laivas, \u016bdenssl\u0113po\u0161ana, veikbords, SUP d\u0113\u013cu noma, kajaku nomaakt\u012bv\u0101s atp\u016btas centrs, laivu noma, sup noma, kajaku noma","publisher":{"@id":"https:\/\/www.waterskis.lv\/en\/#organization"},"potentialAction":[{"@type":"SearchAction","target":{"@type":"EntryPoint","urlTemplate":"https:\/\/www.waterskis.lv\/en\/?s={search_term_string}"},"query-input":{"@type":"PropertyValueSpecification","valueRequired":true,"valueName":"search_term_string"}}],"inLanguage":"en-US"},{"@type":"Organization","@id":"https:\/\/www.waterskis.lv\/en\/#organization","name":"WATERSKIS.LV","url":"https:\/\/www.waterskis.lv\/en\/","logo":{"@type":"ImageObject","inLanguage":"en-US","@id":"https:\/\/www.waterskis.lv\/en\/#\/schema\/logo\/image\/","url":"https:\/\/www.waterskis.lv\/wp-content\/uploads\/2025\/01\/JUVP-logo.png","contentUrl":"https:\/\/www.waterskis.lv\/wp-content\/uploads\/2025\/01\/JUVP-logo.png","width":421,"height":202,"caption":"WATERSKIS.LV"},"image":{"@id":"https:\/\/www.waterskis.lv\/en\/#\/schema\/logo\/image\/"},"sameAs":["https:\/\/www.facebook.com\/jurmalawaterskiwakeboardpark\/"]}]}},"_links":{"self":[{"href":"https:\/\/www.waterskis.lv\/en\/wp-json\/wp\/v2\/product\/24335","targetHints":{"allow":["GET"]}}],"collection":[{"href":"https:\/\/www.waterskis.lv\/en\/wp-json\/wp\/v2\/product"}],"about":[{"href":"https:\/\/www.waterskis.lv\/en\/wp-json\/wp\/v2\/types\/product"}],"replies":[{"embeddable":true,"href":"https:\/\/www.waterskis.lv\/en\/wp-json\/wp\/v2\/comments?post=24335"}],"wp:featuredmedia":[{"embeddable":true,"href":"https:\/\/www.waterskis.lv\/en\/wp-json\/wp\/v2\/media\/24312"}],"wp:attachment":[{"href":"https:\/\/www.waterskis.lv\/en\/wp-json\/wp\/v2\/media?parent=24335"}],"wp:term":[{"taxonomy":"product_brand","embeddable":true,"href":"https:\/\/www.waterskis.lv\/en\/wp-json\/wp\/v2\/product_brand?post=24335"},{"taxonomy":"product_cat","embeddable":true,"href":"https:\/\/www.waterskis.lv\/en\/wp-json\/wp\/v2\/product_cat?post=24335"},{"taxonomy":"product_tag","embeddable":true,"href":"https:\/\/www.waterskis.lv\/en\/wp-json\/wp\/v2\/product_tag?post=24335"}],"curies":[{"name":"wp","href":"https:\/\/api.w.org\/{rel}","templated":true}]}}