{"id":24426,"date":"2020-09-18T08:35:12","date_gmt":"2020-09-18T05:35:12","guid":{"rendered":"https:\/\/www.waterskis.lv\/product\/airu-laiva-bic-sportyak-245\/"},"modified":"2026-02-06T11:32:32","modified_gmt":"2026-02-06T09:32:32","slug":"boat-bic-sportyak-245","status":"publish","type":"product","link":"https:\/\/www.waterskis.lv\/en\/product\/boat-bic-sportyak-245\/","title":{"rendered":"Boat BIC SPORTYAK 245"},"content":{"rendered":"<div>\n<div class=\"clearfix product-information\">\n<div class=\"tab-content\">\n<div class=\"block_content1 rte active\">\n<h1>Boat BIC SPORTYAK 245<\/h1>\n<p>The boats\u00a0<em>Sportyak 245<\/em>\u00a0are exceptionnally light, solidly built, incredibly long-lasting and stable, Bic boats have built a solid reputation in the world of leisure boating. The new SPORTYAK 245 is the result of 35 years of experience and development ! This mid sized dinghy combines the best features of those other legendary boats that are the BIC 252 and the SPORTYAK. Light weight, easy to transport, giving you excellent glide when you row, it can also be fitted with either a thermal or electric motor. From carrying men and equipment to an anchored boat, to getting out to the best fishing spots, to being a great toy for the kids\u2026 There are almost no limits for this super safe and versatile boat!<\/p>\n<\/div>\n<p id=\"table-data\" class=\"page-product-heading\">DATA SHEET &#8211; Boat BIC SPORTYAK 245<\/p>\n<table class=\"block_content2 table-data-sheet\">\n<tbody>\n<tr class=\"odd\">\n<td>Type<\/td>\n<td>PE boat<\/td>\n<\/tr>\n<tr class=\"even\">\n<td>Length<\/td>\n<td>245 cm<\/td>\n<\/tr>\n<tr class=\"odd\">\n<td>Width<\/td>\n<td>120 cm<\/td>\n<\/tr>\n<tr class=\"even\">\n<td>Weight<\/td>\n<td>39 kg<\/td>\n<\/tr>\n<tr class=\"odd\">\n<td>Material<\/td>\n<td>HDPE<\/td>\n<\/tr>\n<tr class=\"even\">\n<td>Number of persons<\/td>\n<td>3<\/td>\n<\/tr>\n<tr class=\"odd\">\n<td>Set<\/td>\n<td>Boat, Oar and Oar holder set, Seat, Transportation wheels.<\/td>\n<\/tr>\n<tr class=\"even\">\n<td>Capacity<\/td>\n<td>289 kg<\/td>\n<\/tr>\n<tr class=\"odd\">\n<td>Bottom<\/td>\n<td>Flat bottom<\/td>\n<\/tr>\n<tr class=\"even\">\n<td>Max engine power<\/td>\n<td>2.2 kW (3 HP)<\/td>\n<\/tr>\n<tr class=\"odd\">\n<td>Certificate<\/td>\n<td>CE<\/td>\n<\/tr>\n<tr class=\"even\">\n<td>Country of origin<\/td>\n<td>France<\/td>\n<\/tr>\n<\/tbody>\n<\/table>\n<\/div>\n<\/div>\n<\/div>\n","protected":false},"excerpt":{"rendered":"<p>&nbsp;<\/p>\n<p>&nbsp;<\/p>\n<p>&nbsp;<\/p>\n<p>https:\/\/www.youtube.com\/watch?v=t0Q45yYrVvA<\/p>\n<p>&nbsp;<\/p>\n<p>https:\/\/www.youtube.com\/watch?v=CGtqFjJPB5g&amp;t=90s [&#8230;]<\/p>\n<p><a class=\"btn btn-secondary understrap-read-more-link\" href=\"https:\/\/www.waterskis.lv\/en\/product\/boat-bic-sportyak-245\/\">Read More&#8230;<\/a><\/p>\n","protected":false},"featured_media":19296,"comment_status":"closed","ping_status":"closed","template":"","meta":{"_acf_changed":false,"inline_featured_image":false},"product_brand":[],"product_cat":[571,944,668],"product_tag":[2769,3436,3443,3437,3446,3445,3440,3439,3438,3444,3441,3442,3447,3451,3449,3448,3450,3452],"class_list":{"0":"post-24426","1":"product","2":"type-product","3":"status-publish","4":"has-post-thumbnail","6":"product_cat-boats","7":"product_cat-fiberglass-paddle-boats","8":"product_cat-polyethylene-paddle-boats","9":"product_tag-airu-laiva","10":"product_tag-airu-laivu-veikals","11":"product_tag-bic-sportyak-boat","12":"product_tag-bic-sportyak-laiva","13":"product_tag-boat-price","14":"product_tag-buy-a-boat","15":"product_tag-laivas-cena","16":"product_tag-pirkt-laivu","17":"product_tag-polietilena-airu-laiva","18":"product_tag-polyethylene-rowing-boat","19":"product_tag-rowing-boat","20":"product_tag-rowing-boat-shop","21":"product_tag-3447","22":"product_tag-3451","23":"product_tag--bic-sportyak","24":"product_tag-3448","25":"product_tag-3450","26":"product_tag-3452","28":"first","29":"instock","30":"shipping-taxable","31":"purchasable","32":"product-type-simple"},"acf":[],"yoast_head":"<!-- This site is optimized with the Yoast SEO plugin v27.4 - https:\/\/yoast.com\/product\/yoast-seo-wordpress\/ -->\n<title>Boat BIC SPORTYAK 245 - WATERSKIS.LV<\/title>\n<meta name=\"description\" content=\"Boat BIC SPORTYAK 245 \u00a0are light, solidly built, incredibly long-lasting and stable, Bic boats have built a solid reputation in the world of leisure boating.\" \/>\n<meta name=\"robots\" content=\"index, follow, max-snippet:-1, max-image-preview:large, max-video-preview:-1\" \/>\n<link rel=\"canonical\" href=\"https:\/\/www.waterskis.lv\/en\/product\/boat-bic-sportyak-245\/\" \/>\n<meta property=\"og:locale\" content=\"en_US\" \/>\n<meta property=\"og:type\" content=\"article\" \/>\n<meta property=\"og:title\" content=\"Boat BIC SPORTYAK 245 - WATERSKIS.LV\" \/>\n<meta property=\"og:description\" content=\"Boat BIC SPORTYAK 245 \u00a0are light, solidly built, incredibly long-lasting and stable, Bic boats have built a solid reputation in the world of leisure boating.\" \/>\n<meta property=\"og:url\" content=\"https:\/\/www.waterskis.lv\/en\/product\/boat-bic-sportyak-245\/\" \/>\n<meta property=\"og:site_name\" content=\"WATERSKIS.LV\" \/>\n<meta property=\"article:publisher\" content=\"https:\/\/www.facebook.com\/jurmalawaterskiwakeboardpark\/\" \/>\n<meta property=\"article:modified_time\" content=\"2026-02-06T09:32:32+00:00\" \/>\n<meta property=\"og:image\" content=\"https:\/\/www.waterskis.lv\/wp-content\/uploads\/2020\/09\/245.jpg\" \/>\n\t<meta property=\"og:image:width\" content=\"1000\" \/>\n\t<meta property=\"og:image:height\" content=\"1000\" \/>\n\t<meta property=\"og:image:type\" content=\"image\/jpeg\" \/>\n<meta name=\"twitter:card\" content=\"summary_large_image\" \/>\n<meta name=\"twitter:label1\" content=\"Est. reading time\" \/>\n\t<meta name=\"twitter:data1\" content=\"2 minutes\" \/>\n<script type=\"application\/ld+json\" class=\"yoast-schema-graph\">{\"@context\":\"https:\\\/\\\/schema.org\",\"@graph\":[{\"@type\":\"WebPage\",\"@id\":\"https:\\\/\\\/www.waterskis.lv\\\/en\\\/product\\\/boat-bic-sportyak-245\\\/\",\"url\":\"https:\\\/\\\/www.waterskis.lv\\\/en\\\/product\\\/boat-bic-sportyak-245\\\/\",\"name\":\"Boat BIC SPORTYAK 245 - WATERSKIS.LV\",\"isPartOf\":{\"@id\":\"https:\\\/\\\/www.waterskis.lv\\\/en\\\/#website\"},\"primaryImageOfPage\":{\"@id\":\"https:\\\/\\\/www.waterskis.lv\\\/en\\\/product\\\/boat-bic-sportyak-245\\\/#primaryimage\"},\"image\":{\"@id\":\"https:\\\/\\\/www.waterskis.lv\\\/en\\\/product\\\/boat-bic-sportyak-245\\\/#primaryimage\"},\"thumbnailUrl\":\"https:\\\/\\\/www.waterskis.lv\\\/wp-content\\\/uploads\\\/2020\\\/09\\\/245.jpg\",\"datePublished\":\"2020-09-18T05:35:12+00:00\",\"dateModified\":\"2026-02-06T09:32:32+00:00\",\"description\":\"Boat BIC SPORTYAK 245 \u00a0are light, solidly built, incredibly long-lasting and stable, Bic boats have built a solid reputation in the world of leisure boating.\",\"breadcrumb\":{\"@id\":\"https:\\\/\\\/www.waterskis.lv\\\/en\\\/product\\\/boat-bic-sportyak-245\\\/#breadcrumb\"},\"inLanguage\":\"en-US\",\"potentialAction\":[{\"@type\":\"ReadAction\",\"target\":[\"https:\\\/\\\/www.waterskis.lv\\\/en\\\/product\\\/boat-bic-sportyak-245\\\/\"]}]},{\"@type\":\"ImageObject\",\"inLanguage\":\"en-US\",\"@id\":\"https:\\\/\\\/www.waterskis.lv\\\/en\\\/product\\\/boat-bic-sportyak-245\\\/#primaryimage\",\"url\":\"https:\\\/\\\/www.waterskis.lv\\\/wp-content\\\/uploads\\\/2020\\\/09\\\/245.jpg\",\"contentUrl\":\"https:\\\/\\\/www.waterskis.lv\\\/wp-content\\\/uploads\\\/2020\\\/09\\\/245.jpg\",\"width\":1000,\"height\":1000,\"caption\":\"Boat BIC SPORTYAK 245\"},{\"@type\":\"BreadcrumbList\",\"@id\":\"https:\\\/\\\/www.waterskis.lv\\\/en\\\/product\\\/boat-bic-sportyak-245\\\/#breadcrumb\",\"itemListElement\":[{\"@type\":\"ListItem\",\"position\":1,\"name\":\"Home\",\"item\":\"https:\\\/\\\/www.waterskis.lv\\\/en\\\/\"},{\"@type\":\"ListItem\",\"position\":2,\"name\":\"Shop\",\"item\":\"https:\\\/\\\/waterskis.lv\\\/en\\\/shop\\\/\"},{\"@type\":\"ListItem\",\"position\":3,\"name\":\"Boat BIC SPORTYAK 245\"}]},{\"@type\":\"WebSite\",\"@id\":\"https:\\\/\\\/www.waterskis.lv\\\/en\\\/#website\",\"url\":\"https:\\\/\\\/www.waterskis.lv\\\/en\\\/\",\"name\":\"WATERSKIS.LV\",\"description\":\"SUP d\u0113\u013ci, kajaki, kanoe, airu laivas, \u016bdenssl\u0113po\u0161ana, veikbords, SUP d\u0113\u013cu noma, kajaku nomaakt\u012bv\u0101s atp\u016btas centrs, laivu noma, sup noma, kajaku noma\",\"publisher\":{\"@id\":\"https:\\\/\\\/www.waterskis.lv\\\/en\\\/#organization\"},\"potentialAction\":[{\"@type\":\"SearchAction\",\"target\":{\"@type\":\"EntryPoint\",\"urlTemplate\":\"https:\\\/\\\/www.waterskis.lv\\\/en\\\/?s={search_term_string}\"},\"query-input\":{\"@type\":\"PropertyValueSpecification\",\"valueRequired\":true,\"valueName\":\"search_term_string\"}}],\"inLanguage\":\"en-US\"},{\"@type\":\"Organization\",\"@id\":\"https:\\\/\\\/www.waterskis.lv\\\/en\\\/#organization\",\"name\":\"WATERSKIS.LV\",\"url\":\"https:\\\/\\\/www.waterskis.lv\\\/en\\\/\",\"logo\":{\"@type\":\"ImageObject\",\"inLanguage\":\"en-US\",\"@id\":\"https:\\\/\\\/www.waterskis.lv\\\/en\\\/#\\\/schema\\\/logo\\\/image\\\/\",\"url\":\"https:\\\/\\\/www.waterskis.lv\\\/wp-content\\\/uploads\\\/2025\\\/01\\\/JUVP-logo.png\",\"contentUrl\":\"https:\\\/\\\/www.waterskis.lv\\\/wp-content\\\/uploads\\\/2025\\\/01\\\/JUVP-logo.png\",\"width\":421,\"height\":202,\"caption\":\"WATERSKIS.LV\"},\"image\":{\"@id\":\"https:\\\/\\\/www.waterskis.lv\\\/en\\\/#\\\/schema\\\/logo\\\/image\\\/\"},\"sameAs\":[\"https:\\\/\\\/www.facebook.com\\\/jurmalawaterskiwakeboardpark\\\/\"]}]}<\/script>\n<!-- \/ Yoast SEO plugin. -->","yoast_head_json":{"title":"Boat BIC SPORTYAK 245 - WATERSKIS.LV","description":"Boat BIC SPORTYAK 245 \u00a0are light, solidly built, incredibly long-lasting and stable, Bic boats have built a solid reputation in the world of leisure boating.","robots":{"index":"index","follow":"follow","max-snippet":"max-snippet:-1","max-image-preview":"max-image-preview:large","max-video-preview":"max-video-preview:-1"},"canonical":"https:\/\/www.waterskis.lv\/en\/product\/boat-bic-sportyak-245\/","og_locale":"en_US","og_type":"article","og_title":"Boat BIC SPORTYAK 245 - WATERSKIS.LV","og_description":"Boat BIC SPORTYAK 245 \u00a0are light, solidly built, incredibly long-lasting and stable, Bic boats have built a solid reputation in the world of leisure boating.","og_url":"https:\/\/www.waterskis.lv\/en\/product\/boat-bic-sportyak-245\/","og_site_name":"WATERSKIS.LV","article_publisher":"https:\/\/www.facebook.com\/jurmalawaterskiwakeboardpark\/","article_modified_time":"2026-02-06T09:32:32+00:00","og_image":[{"width":1000,"height":1000,"url":"https:\/\/www.waterskis.lv\/wp-content\/uploads\/2020\/09\/245.jpg","type":"image\/jpeg"}],"twitter_card":"summary_large_image","twitter_misc":{"Est. reading time":"2 minutes"},"schema":{"@context":"https:\/\/schema.org","@graph":[{"@type":"WebPage","@id":"https:\/\/www.waterskis.lv\/en\/product\/boat-bic-sportyak-245\/","url":"https:\/\/www.waterskis.lv\/en\/product\/boat-bic-sportyak-245\/","name":"Boat BIC SPORTYAK 245 - WATERSKIS.LV","isPartOf":{"@id":"https:\/\/www.waterskis.lv\/en\/#website"},"primaryImageOfPage":{"@id":"https:\/\/www.waterskis.lv\/en\/product\/boat-bic-sportyak-245\/#primaryimage"},"image":{"@id":"https:\/\/www.waterskis.lv\/en\/product\/boat-bic-sportyak-245\/#primaryimage"},"thumbnailUrl":"https:\/\/www.waterskis.lv\/wp-content\/uploads\/2020\/09\/245.jpg","datePublished":"2020-09-18T05:35:12+00:00","dateModified":"2026-02-06T09:32:32+00:00","description":"Boat BIC SPORTYAK 245 \u00a0are light, solidly built, incredibly long-lasting and stable, Bic boats have built a solid reputation in the world of leisure boating.","breadcrumb":{"@id":"https:\/\/www.waterskis.lv\/en\/product\/boat-bic-sportyak-245\/#breadcrumb"},"inLanguage":"en-US","potentialAction":[{"@type":"ReadAction","target":["https:\/\/www.waterskis.lv\/en\/product\/boat-bic-sportyak-245\/"]}]},{"@type":"ImageObject","inLanguage":"en-US","@id":"https:\/\/www.waterskis.lv\/en\/product\/boat-bic-sportyak-245\/#primaryimage","url":"https:\/\/www.waterskis.lv\/wp-content\/uploads\/2020\/09\/245.jpg","contentUrl":"https:\/\/www.waterskis.lv\/wp-content\/uploads\/2020\/09\/245.jpg","width":1000,"height":1000,"caption":"Boat BIC SPORTYAK 245"},{"@type":"BreadcrumbList","@id":"https:\/\/www.waterskis.lv\/en\/product\/boat-bic-sportyak-245\/#breadcrumb","itemListElement":[{"@type":"ListItem","position":1,"name":"Home","item":"https:\/\/www.waterskis.lv\/en\/"},{"@type":"ListItem","position":2,"name":"Shop","item":"https:\/\/waterskis.lv\/en\/shop\/"},{"@type":"ListItem","position":3,"name":"Boat BIC SPORTYAK 245"}]},{"@type":"WebSite","@id":"https:\/\/www.waterskis.lv\/en\/#website","url":"https:\/\/www.waterskis.lv\/en\/","name":"WATERSKIS.LV","description":"SUP d\u0113\u013ci, kajaki, kanoe, airu laivas, \u016bdenssl\u0113po\u0161ana, veikbords, SUP d\u0113\u013cu noma, kajaku nomaakt\u012bv\u0101s atp\u016btas centrs, laivu noma, sup noma, kajaku noma","publisher":{"@id":"https:\/\/www.waterskis.lv\/en\/#organization"},"potentialAction":[{"@type":"SearchAction","target":{"@type":"EntryPoint","urlTemplate":"https:\/\/www.waterskis.lv\/en\/?s={search_term_string}"},"query-input":{"@type":"PropertyValueSpecification","valueRequired":true,"valueName":"search_term_string"}}],"inLanguage":"en-US"},{"@type":"Organization","@id":"https:\/\/www.waterskis.lv\/en\/#organization","name":"WATERSKIS.LV","url":"https:\/\/www.waterskis.lv\/en\/","logo":{"@type":"ImageObject","inLanguage":"en-US","@id":"https:\/\/www.waterskis.lv\/en\/#\/schema\/logo\/image\/","url":"https:\/\/www.waterskis.lv\/wp-content\/uploads\/2025\/01\/JUVP-logo.png","contentUrl":"https:\/\/www.waterskis.lv\/wp-content\/uploads\/2025\/01\/JUVP-logo.png","width":421,"height":202,"caption":"WATERSKIS.LV"},"image":{"@id":"https:\/\/www.waterskis.lv\/en\/#\/schema\/logo\/image\/"},"sameAs":["https:\/\/www.facebook.com\/jurmalawaterskiwakeboardpark\/"]}]}},"_links":{"self":[{"href":"https:\/\/www.waterskis.lv\/en\/wp-json\/wp\/v2\/product\/24426","targetHints":{"allow":["GET"]}}],"collection":[{"href":"https:\/\/www.waterskis.lv\/en\/wp-json\/wp\/v2\/product"}],"about":[{"href":"https:\/\/www.waterskis.lv\/en\/wp-json\/wp\/v2\/types\/product"}],"replies":[{"embeddable":true,"href":"https:\/\/www.waterskis.lv\/en\/wp-json\/wp\/v2\/comments?post=24426"}],"wp:featuredmedia":[{"embeddable":true,"href":"https:\/\/www.waterskis.lv\/en\/wp-json\/wp\/v2\/media\/19296"}],"wp:attachment":[{"href":"https:\/\/www.waterskis.lv\/en\/wp-json\/wp\/v2\/media?parent=24426"}],"wp:term":[{"taxonomy":"product_brand","embeddable":true,"href":"https:\/\/www.waterskis.lv\/en\/wp-json\/wp\/v2\/product_brand?post=24426"},{"taxonomy":"product_cat","embeddable":true,"href":"https:\/\/www.waterskis.lv\/en\/wp-json\/wp\/v2\/product_cat?post=24426"},{"taxonomy":"product_tag","embeddable":true,"href":"https:\/\/www.waterskis.lv\/en\/wp-json\/wp\/v2\/product_tag?post=24426"}],"curies":[{"name":"wp","href":"https:\/\/api.w.org\/{rel}","templated":true}]}}