{"id":24427,"date":"2020-09-18T08:52:17","date_gmt":"2020-09-18T05:52:17","guid":{"rendered":"https:\/\/www.waterskis.lv\/product\/airu-laiva-pelican-intruder-12-jon-boat\/"},"modified":"2026-02-06T11:06:21","modified_gmt":"2026-02-06T09:06:21","slug":"pelican-intruder-12-jon-boat","status":"publish","type":"product","link":"https:\/\/www.waterskis.lv\/en\/product\/pelican-intruder-12-jon-boat\/","title":{"rendered":"PELICAN INTRUDER 12 JON BOAT"},"content":{"rendered":"<h1>PELICAN INTRUDER 12 JON BOAT<\/h1>\n<p>The Pelican INTRUDER 12 is a very stable \u201cJON\u201d style fishing boat. Its maintenance free grooved and riveted deck offers great impact resistance and can contain up to 36 cubic feet of cargo. It features bench seats, 4 vertical rod holders, built-in motor mounts, oarlock receptacles and carrying handles. Made of RAM-X\u2122 impact-resistant material, the INTRUDER 12 is built to last for many adventures. So create fishing stories worth sharing with everyone.<\/p>\n<p>Registration is not valid in EU.<\/p>\n<table class=\"block_content2 table-data-sheet\">\n<tbody>\n<tr class=\"odd\">\n<td>Type<\/td>\n<td>PE boat<\/td>\n<\/tr>\n<tr class=\"even\">\n<td>Length<\/td>\n<td>365 cm<\/td>\n<\/tr>\n<tr class=\"odd\">\n<td>Width<\/td>\n<td>122 cm<\/td>\n<\/tr>\n<tr class=\"even\">\n<td>Weight<\/td>\n<td>57 kg<\/td>\n<\/tr>\n<tr class=\"odd\">\n<td>Material<\/td>\n<td>RAM-X\u2122 (HDPE)<\/td>\n<\/tr>\n<tr class=\"even\">\n<td>Number of persons<\/td>\n<td>2<\/td>\n<\/tr>\n<tr class=\"odd\">\n<td>Colour<\/td>\n<td>Dark green \/ sand<\/td>\n<\/tr>\n<tr class=\"even\">\n<td>Capacity<\/td>\n<td>190 kg<\/td>\n<\/tr>\n<tr class=\"odd\">\n<td>Max engine power<\/td>\n<td>6 HP \/ 4.5 KW<\/td>\n<\/tr>\n<tr class=\"even\">\n<td>Certificate<\/td>\n<td>CE<\/td>\n<\/tr>\n<tr class=\"odd\">\n<td>Category<\/td>\n<td>D<\/td>\n<\/tr>\n<tr class=\"even\">\n<td>Country of origin<\/td>\n<td>Canada<\/td>\n<\/tr>\n<\/tbody>\n<\/table>\n","protected":false},"excerpt":{"rendered":"<p>https:\/\/www.youtube.com\/watch?v=l08vnNCL-qM [&#8230;]<\/p>\n<p><a class=\"btn btn-secondary understrap-read-more-link\" href=\"https:\/\/www.waterskis.lv\/en\/product\/pelican-intruder-12-jon-boat\/\">Read More&#8230;<\/a><\/p>\n","protected":false},"featured_media":19311,"comment_status":"closed","ping_status":"closed","template":"","meta":{"_acf_changed":false,"inline_featured_image":false},"product_brand":[2752],"product_cat":[571,944,668],"product_tag":[2769,3436,3446,3445,3440,3439,3438,3444,3441,3442,3447,3451,3448,3450,3452],"class_list":{"0":"post-24427","1":"product","2":"type-product","3":"status-publish","4":"has-post-thumbnail","6":"product_brand-pelican","7":"product_cat-boats","8":"product_cat-fiberglass-paddle-boats","9":"product_cat-polyethylene-paddle-boats","10":"product_tag-airu-laiva","11":"product_tag-airu-laivu-veikals","12":"product_tag-boat-price","13":"product_tag-buy-a-boat","14":"product_tag-laivas-cena","15":"product_tag-pirkt-laivu","16":"product_tag-polietilena-airu-laiva","17":"product_tag-polyethylene-rowing-boat","18":"product_tag-rowing-boat","19":"product_tag-rowing-boat-shop","20":"product_tag-3447","21":"product_tag-3451","22":"product_tag-3448","23":"product_tag-3450","24":"product_tag-3452","26":"first","27":"instock","28":"shipping-taxable","29":"purchasable","30":"product-type-simple"},"acf":[],"yoast_head":"<!-- This site is optimized with the Yoast SEO plugin v27.4 - https:\/\/yoast.com\/product\/yoast-seo-wordpress\/ -->\n<title>PELICAN INTRUDER 12 JON BOAT - WATERSKIS.LV<\/title>\n<meta name=\"description\" content=\"PELICAN INTRUDER 12 JON BOAT. Made of RAM-X\u2122 impact-resistant material, the INTRUDER 12 is built to last for many adventures.\" \/>\n<meta name=\"robots\" content=\"index, follow, max-snippet:-1, max-image-preview:large, max-video-preview:-1\" \/>\n<link rel=\"canonical\" href=\"https:\/\/www.waterskis.lv\/en\/product\/pelican-intruder-12-jon-boat\/\" \/>\n<meta property=\"og:locale\" content=\"en_US\" \/>\n<meta property=\"og:type\" content=\"article\" \/>\n<meta property=\"og:title\" content=\"PELICAN INTRUDER 12 JON BOAT\" \/>\n<meta property=\"og:description\" content=\"PELICAN INTRUDER 12 JON BOAT. Made of RAM-X\u2122 impact-resistant material, the INTRUDER 12 is built to last for many adventures.\" \/>\n<meta property=\"og:url\" content=\"https:\/\/www.waterskis.lv\/en\/product\/pelican-intruder-12-jon-boat\/\" \/>\n<meta property=\"og:site_name\" content=\"WATERSKIS.LV\" \/>\n<meta property=\"article:publisher\" content=\"https:\/\/www.facebook.com\/jurmalawaterskiwakeboardpark\/\" \/>\n<meta property=\"article:modified_time\" content=\"2026-02-06T09:06:21+00:00\" \/>\n<meta property=\"og:image\" content=\"https:\/\/www.waterskis.lv\/wp-content\/uploads\/2020\/09\/pelican-intruder-12-jon-boat.png\" \/>\n\t<meta property=\"og:image:width\" content=\"1000\" \/>\n\t<meta property=\"og:image:height\" content=\"1000\" \/>\n\t<meta property=\"og:image:type\" content=\"image\/png\" \/>\n<meta name=\"twitter:card\" content=\"summary_large_image\" \/>\n<meta name=\"twitter:description\" content=\"PELICAN INTRUDER 12 JON BOAT\" \/>\n<meta name=\"twitter:image\" content=\"https:\/\/www.waterskis.lv\/wp-content\/uploads\/2020\/09\/pelican-intruder-12-jon-boat-1.png\" \/>\n<meta name=\"twitter:label1\" content=\"Est. reading time\" \/>\n\t<meta name=\"twitter:data1\" content=\"1 minute\" \/>\n<script type=\"application\/ld+json\" class=\"yoast-schema-graph\">{\"@context\":\"https:\\\/\\\/schema.org\",\"@graph\":[{\"@type\":\"WebPage\",\"@id\":\"https:\\\/\\\/www.waterskis.lv\\\/en\\\/product\\\/pelican-intruder-12-jon-boat\\\/\",\"url\":\"https:\\\/\\\/www.waterskis.lv\\\/en\\\/product\\\/pelican-intruder-12-jon-boat\\\/\",\"name\":\"PELICAN INTRUDER 12 JON BOAT - WATERSKIS.LV\",\"isPartOf\":{\"@id\":\"https:\\\/\\\/www.waterskis.lv\\\/en\\\/#website\"},\"primaryImageOfPage\":{\"@id\":\"https:\\\/\\\/www.waterskis.lv\\\/en\\\/product\\\/pelican-intruder-12-jon-boat\\\/#primaryimage\"},\"image\":{\"@id\":\"https:\\\/\\\/www.waterskis.lv\\\/en\\\/product\\\/pelican-intruder-12-jon-boat\\\/#primaryimage\"},\"thumbnailUrl\":\"https:\\\/\\\/www.waterskis.lv\\\/wp-content\\\/uploads\\\/2020\\\/09\\\/pelican-intruder-12-jon-boat.png\",\"datePublished\":\"2020-09-18T05:52:17+00:00\",\"dateModified\":\"2026-02-06T09:06:21+00:00\",\"description\":\"PELICAN INTRUDER 12 JON BOAT. Made of RAM-X\u2122 impact-resistant material, the INTRUDER 12 is built to last for many adventures.\",\"breadcrumb\":{\"@id\":\"https:\\\/\\\/www.waterskis.lv\\\/en\\\/product\\\/pelican-intruder-12-jon-boat\\\/#breadcrumb\"},\"inLanguage\":\"en-US\",\"potentialAction\":[{\"@type\":\"ReadAction\",\"target\":[\"https:\\\/\\\/www.waterskis.lv\\\/en\\\/product\\\/pelican-intruder-12-jon-boat\\\/\"]}]},{\"@type\":\"ImageObject\",\"inLanguage\":\"en-US\",\"@id\":\"https:\\\/\\\/www.waterskis.lv\\\/en\\\/product\\\/pelican-intruder-12-jon-boat\\\/#primaryimage\",\"url\":\"https:\\\/\\\/www.waterskis.lv\\\/wp-content\\\/uploads\\\/2020\\\/09\\\/pelican-intruder-12-jon-boat.png\",\"contentUrl\":\"https:\\\/\\\/www.waterskis.lv\\\/wp-content\\\/uploads\\\/2020\\\/09\\\/pelican-intruder-12-jon-boat.png\",\"width\":1000,\"height\":1000,\"caption\":\"PELICAN INTRUDER 12 JON BOAT\"},{\"@type\":\"BreadcrumbList\",\"@id\":\"https:\\\/\\\/www.waterskis.lv\\\/en\\\/product\\\/pelican-intruder-12-jon-boat\\\/#breadcrumb\",\"itemListElement\":[{\"@type\":\"ListItem\",\"position\":1,\"name\":\"Home\",\"item\":\"https:\\\/\\\/www.waterskis.lv\\\/en\\\/\"},{\"@type\":\"ListItem\",\"position\":2,\"name\":\"Shop\",\"item\":\"https:\\\/\\\/waterskis.lv\\\/en\\\/shop\\\/\"},{\"@type\":\"ListItem\",\"position\":3,\"name\":\"PELICAN INTRUDER 12 JON BOAT\"}]},{\"@type\":\"WebSite\",\"@id\":\"https:\\\/\\\/www.waterskis.lv\\\/en\\\/#website\",\"url\":\"https:\\\/\\\/www.waterskis.lv\\\/en\\\/\",\"name\":\"WATERSKIS.LV\",\"description\":\"SUP d\u0113\u013ci, kajaki, kanoe, airu laivas, \u016bdenssl\u0113po\u0161ana, veikbords, SUP d\u0113\u013cu noma, kajaku nomaakt\u012bv\u0101s atp\u016btas centrs, laivu noma, sup noma, kajaku noma\",\"publisher\":{\"@id\":\"https:\\\/\\\/www.waterskis.lv\\\/en\\\/#organization\"},\"potentialAction\":[{\"@type\":\"SearchAction\",\"target\":{\"@type\":\"EntryPoint\",\"urlTemplate\":\"https:\\\/\\\/www.waterskis.lv\\\/en\\\/?s={search_term_string}\"},\"query-input\":{\"@type\":\"PropertyValueSpecification\",\"valueRequired\":true,\"valueName\":\"search_term_string\"}}],\"inLanguage\":\"en-US\"},{\"@type\":\"Organization\",\"@id\":\"https:\\\/\\\/www.waterskis.lv\\\/en\\\/#organization\",\"name\":\"WATERSKIS.LV\",\"url\":\"https:\\\/\\\/www.waterskis.lv\\\/en\\\/\",\"logo\":{\"@type\":\"ImageObject\",\"inLanguage\":\"en-US\",\"@id\":\"https:\\\/\\\/www.waterskis.lv\\\/en\\\/#\\\/schema\\\/logo\\\/image\\\/\",\"url\":\"https:\\\/\\\/www.waterskis.lv\\\/wp-content\\\/uploads\\\/2025\\\/01\\\/JUVP-logo.png\",\"contentUrl\":\"https:\\\/\\\/www.waterskis.lv\\\/wp-content\\\/uploads\\\/2025\\\/01\\\/JUVP-logo.png\",\"width\":421,\"height\":202,\"caption\":\"WATERSKIS.LV\"},\"image\":{\"@id\":\"https:\\\/\\\/www.waterskis.lv\\\/en\\\/#\\\/schema\\\/logo\\\/image\\\/\"},\"sameAs\":[\"https:\\\/\\\/www.facebook.com\\\/jurmalawaterskiwakeboardpark\\\/\"]}]}<\/script>\n<!-- \/ Yoast SEO plugin. -->","yoast_head_json":{"title":"PELICAN INTRUDER 12 JON BOAT - WATERSKIS.LV","description":"PELICAN INTRUDER 12 JON BOAT. Made of RAM-X\u2122 impact-resistant material, the INTRUDER 12 is built to last for many adventures.","robots":{"index":"index","follow":"follow","max-snippet":"max-snippet:-1","max-image-preview":"max-image-preview:large","max-video-preview":"max-video-preview:-1"},"canonical":"https:\/\/www.waterskis.lv\/en\/product\/pelican-intruder-12-jon-boat\/","og_locale":"en_US","og_type":"article","og_title":"PELICAN INTRUDER 12 JON BOAT","og_description":"PELICAN INTRUDER 12 JON BOAT. Made of RAM-X\u2122 impact-resistant material, the INTRUDER 12 is built to last for many adventures.","og_url":"https:\/\/www.waterskis.lv\/en\/product\/pelican-intruder-12-jon-boat\/","og_site_name":"WATERSKIS.LV","article_publisher":"https:\/\/www.facebook.com\/jurmalawaterskiwakeboardpark\/","article_modified_time":"2026-02-06T09:06:21+00:00","og_image":[{"width":1000,"height":1000,"url":"https:\/\/www.waterskis.lv\/wp-content\/uploads\/2020\/09\/pelican-intruder-12-jon-boat.png","type":"image\/png"}],"twitter_card":"summary_large_image","twitter_description":"PELICAN INTRUDER 12 JON BOAT","twitter_image":"https:\/\/www.waterskis.lv\/wp-content\/uploads\/2020\/09\/pelican-intruder-12-jon-boat-1.png","twitter_misc":{"Est. reading time":"1 minute"},"schema":{"@context":"https:\/\/schema.org","@graph":[{"@type":"WebPage","@id":"https:\/\/www.waterskis.lv\/en\/product\/pelican-intruder-12-jon-boat\/","url":"https:\/\/www.waterskis.lv\/en\/product\/pelican-intruder-12-jon-boat\/","name":"PELICAN INTRUDER 12 JON BOAT - WATERSKIS.LV","isPartOf":{"@id":"https:\/\/www.waterskis.lv\/en\/#website"},"primaryImageOfPage":{"@id":"https:\/\/www.waterskis.lv\/en\/product\/pelican-intruder-12-jon-boat\/#primaryimage"},"image":{"@id":"https:\/\/www.waterskis.lv\/en\/product\/pelican-intruder-12-jon-boat\/#primaryimage"},"thumbnailUrl":"https:\/\/www.waterskis.lv\/wp-content\/uploads\/2020\/09\/pelican-intruder-12-jon-boat.png","datePublished":"2020-09-18T05:52:17+00:00","dateModified":"2026-02-06T09:06:21+00:00","description":"PELICAN INTRUDER 12 JON BOAT. Made of RAM-X\u2122 impact-resistant material, the INTRUDER 12 is built to last for many adventures.","breadcrumb":{"@id":"https:\/\/www.waterskis.lv\/en\/product\/pelican-intruder-12-jon-boat\/#breadcrumb"},"inLanguage":"en-US","potentialAction":[{"@type":"ReadAction","target":["https:\/\/www.waterskis.lv\/en\/product\/pelican-intruder-12-jon-boat\/"]}]},{"@type":"ImageObject","inLanguage":"en-US","@id":"https:\/\/www.waterskis.lv\/en\/product\/pelican-intruder-12-jon-boat\/#primaryimage","url":"https:\/\/www.waterskis.lv\/wp-content\/uploads\/2020\/09\/pelican-intruder-12-jon-boat.png","contentUrl":"https:\/\/www.waterskis.lv\/wp-content\/uploads\/2020\/09\/pelican-intruder-12-jon-boat.png","width":1000,"height":1000,"caption":"PELICAN INTRUDER 12 JON BOAT"},{"@type":"BreadcrumbList","@id":"https:\/\/www.waterskis.lv\/en\/product\/pelican-intruder-12-jon-boat\/#breadcrumb","itemListElement":[{"@type":"ListItem","position":1,"name":"Home","item":"https:\/\/www.waterskis.lv\/en\/"},{"@type":"ListItem","position":2,"name":"Shop","item":"https:\/\/waterskis.lv\/en\/shop\/"},{"@type":"ListItem","position":3,"name":"PELICAN INTRUDER 12 JON BOAT"}]},{"@type":"WebSite","@id":"https:\/\/www.waterskis.lv\/en\/#website","url":"https:\/\/www.waterskis.lv\/en\/","name":"WATERSKIS.LV","description":"SUP d\u0113\u013ci, kajaki, kanoe, airu laivas, \u016bdenssl\u0113po\u0161ana, veikbords, SUP d\u0113\u013cu noma, kajaku nomaakt\u012bv\u0101s atp\u016btas centrs, laivu noma, sup noma, kajaku noma","publisher":{"@id":"https:\/\/www.waterskis.lv\/en\/#organization"},"potentialAction":[{"@type":"SearchAction","target":{"@type":"EntryPoint","urlTemplate":"https:\/\/www.waterskis.lv\/en\/?s={search_term_string}"},"query-input":{"@type":"PropertyValueSpecification","valueRequired":true,"valueName":"search_term_string"}}],"inLanguage":"en-US"},{"@type":"Organization","@id":"https:\/\/www.waterskis.lv\/en\/#organization","name":"WATERSKIS.LV","url":"https:\/\/www.waterskis.lv\/en\/","logo":{"@type":"ImageObject","inLanguage":"en-US","@id":"https:\/\/www.waterskis.lv\/en\/#\/schema\/logo\/image\/","url":"https:\/\/www.waterskis.lv\/wp-content\/uploads\/2025\/01\/JUVP-logo.png","contentUrl":"https:\/\/www.waterskis.lv\/wp-content\/uploads\/2025\/01\/JUVP-logo.png","width":421,"height":202,"caption":"WATERSKIS.LV"},"image":{"@id":"https:\/\/www.waterskis.lv\/en\/#\/schema\/logo\/image\/"},"sameAs":["https:\/\/www.facebook.com\/jurmalawaterskiwakeboardpark\/"]}]}},"_links":{"self":[{"href":"https:\/\/www.waterskis.lv\/en\/wp-json\/wp\/v2\/product\/24427","targetHints":{"allow":["GET"]}}],"collection":[{"href":"https:\/\/www.waterskis.lv\/en\/wp-json\/wp\/v2\/product"}],"about":[{"href":"https:\/\/www.waterskis.lv\/en\/wp-json\/wp\/v2\/types\/product"}],"replies":[{"embeddable":true,"href":"https:\/\/www.waterskis.lv\/en\/wp-json\/wp\/v2\/comments?post=24427"}],"wp:featuredmedia":[{"embeddable":true,"href":"https:\/\/www.waterskis.lv\/en\/wp-json\/wp\/v2\/media\/19311"}],"wp:attachment":[{"href":"https:\/\/www.waterskis.lv\/en\/wp-json\/wp\/v2\/media?parent=24427"}],"wp:term":[{"taxonomy":"product_brand","embeddable":true,"href":"https:\/\/www.waterskis.lv\/en\/wp-json\/wp\/v2\/product_brand?post=24427"},{"taxonomy":"product_cat","embeddable":true,"href":"https:\/\/www.waterskis.lv\/en\/wp-json\/wp\/v2\/product_cat?post=24427"},{"taxonomy":"product_tag","embeddable":true,"href":"https:\/\/www.waterskis.lv\/en\/wp-json\/wp\/v2\/product_tag?post=24427"}],"curies":[{"name":"wp","href":"https:\/\/api.w.org\/{rel}","templated":true}]}}