{"id":24778,"date":"2020-10-27T09:51:52","date_gmt":"2020-10-27T06:51:52","guid":{"rendered":"https:\/\/www.waterskis.lv\/product\/ww-kajaks-wavesport-project-x-56\/"},"modified":"2022-02-16T14:33:01","modified_gmt":"2022-02-16T11:33:01","slug":"ww-kayak-wavesport-project-x-64-2","status":"publish","type":"product","link":"https:\/\/www.waterskis.lv\/en\/product\/ww-kayak-wavesport-project-x-64-2\/","title":{"rendered":"WW kayak WAVESPORT PROJECT X 56 WHITEOUT"},"content":{"rendered":"<div class=\"block_content1 rte active\">\n<div class=\"block_content1 rte active\">\n<p>WW kayak WAVESPORT PROJECT X 56 WHITEOUT<\/p>\n<p>EXCELLING ON WAVES AND FAST FROM EDGE TO EDGE &#8211; THE PROJECT X IS A FAST, WAVE ORIENTATED FREESTYLE MACHINE!<br \/>\nPlayboating hits the \u201cX\u201d level with the revolutionary Project X. A head-turner in both design and performance, dial-in and experience explosive pop, easy releases and smooth, crisp control on any wave. Sizing options and volume displacement are fine-tuned for the most comfortable performance imaginable. Start living the lifestyle in the one of Wave Sport\u2019s long line of championship-worthy freestyle kayaks.<\/p>\n<\/div>\n<p id=\"table-data\" class=\"page-product-heading\">DATA SHEET &#8211; WW kayak WAVESPORT PROJECT X 56 WHITEOUT<\/p>\n<table class=\"block_content2 table-data-sheet\">\n<tbody>\n<tr class=\"odd\">\n<td>Type<\/td>\n<td>FREESTYLE WW kayak<\/td>\n<\/tr>\n<tr class=\"even\">\n<td>Length<\/td>\n<td>180 cm<\/td>\n<\/tr>\n<tr class=\"odd\">\n<td>Width<\/td>\n<td>65 cm<\/td>\n<\/tr>\n<tr class=\"even\">\n<td>Height<\/td>\n<td>34 cm<\/td>\n<\/tr>\n<tr class=\"odd\">\n<td>Weight<\/td>\n<td>14,5 kg<\/td>\n<\/tr>\n<tr class=\"even\">\n<td>Material<\/td>\n<td>HDPE<\/td>\n<\/tr>\n<tr class=\"odd\">\n<td>Number of persons<\/td>\n<td>1<\/td>\n<\/tr>\n<tr class=\"even\">\n<td>Set<\/td>\n<td>WhiteOut<\/td>\n<\/tr>\n<tr class=\"odd\">\n<td>Cockpit size (cm)<\/td>\n<td>85&#215;48<\/td>\n<\/tr>\n<tr class=\"even\">\n<td>Purpose of usage<\/td>\n<td>White water rivers<\/td>\n<\/tr>\n<tr class=\"odd\">\n<td>Country of origin<\/td>\n<td>United Kingdom<\/td>\n<\/tr>\n<\/tbody>\n<\/table>\n<\/div>\n<h3 id=\"table-data\" class=\"page-product-heading\"><\/h3>\n<p>&nbsp;<\/p>\n","protected":false},"excerpt":{"rendered":"<p>https:\/\/www.youtube.com\/watch?v=F9JkaZcsRsA<\/p>\n<p>https:\/\/www.youtube.com\/watch?v=mhaUG04PxF8 [&#8230;]<\/p>\n<p><a class=\"btn btn-secondary understrap-read-more-link\" href=\"https:\/\/www.waterskis.lv\/en\/product\/ww-kayak-wavesport-project-x-64-2\/\">Read More&#8230;<\/a><\/p>\n","protected":false},"featured_media":21463,"comment_status":"closed","ping_status":"closed","template":"","meta":{"_acf_changed":false,"inline_featured_image":false},"product_brand":[],"product_cat":[507,693,692],"product_tag":[],"class_list":{"0":"post-24778","1":"product","2":"type-product","3":"status-publish","4":"has-post-thumbnail","6":"product_cat-kayaks","7":"product_cat-white-water-kayak-en","8":"product_cat-white-water-kayaks","10":"first","11":"instock","12":"shipping-taxable","13":"product-type-simple"},"acf":[],"yoast_head":"<!-- This site is optimized with the Yoast SEO plugin v27.3 - https:\/\/yoast.com\/product\/yoast-seo-wordpress\/ -->\n<title>WW kayak WAVESPORT PROJECT X 56 WHITEOUT - WATERSKIS.LV<\/title>\n<meta name=\"description\" content=\"WW kayak WAVESPORT PROJECT X 56 WHITEOUT. Waterskis.lv - established manufacturers, high quality, good price. Boat rental in Jurmala\" \/>\n<meta name=\"robots\" content=\"index, follow, max-snippet:-1, max-image-preview:large, max-video-preview:-1\" \/>\n<link rel=\"canonical\" href=\"https:\/\/www.waterskis.lv\/en\/product\/ww-kayak-wavesport-project-x-64-2\/\" \/>\n<meta property=\"og:locale\" content=\"en_US\" \/>\n<meta property=\"og:type\" content=\"article\" \/>\n<meta property=\"og:title\" content=\"WW kayak WAVESPORT PROJECT X 56 WHITEOUT - WATERSKIS.LV\" \/>\n<meta property=\"og:description\" content=\"WW kayak WAVESPORT PROJECT X 56 WHITEOUT. Waterskis.lv - established manufacturers, high quality, good price. Boat rental in Jurmala\" \/>\n<meta property=\"og:url\" content=\"https:\/\/www.waterskis.lv\/en\/product\/ww-kayak-wavesport-project-x-64-2\/\" \/>\n<meta property=\"og:site_name\" content=\"WATERSKIS.LV\" \/>\n<meta property=\"article:publisher\" content=\"https:\/\/www.facebook.com\/jurmalawaterskiwakeboardpark\/\" \/>\n<meta property=\"article:modified_time\" content=\"2022-02-16T11:33:01+00:00\" \/>\n<meta property=\"og:image\" content=\"https:\/\/157.245.16.175\/wp-content\/uploads\/2020\/10\/project-x-48.png\" \/>\n\t<meta property=\"og:image:width\" content=\"1000\" \/>\n\t<meta property=\"og:image:height\" content=\"1000\" \/>\n\t<meta property=\"og:image:type\" content=\"image\/png\" \/>\n<meta name=\"twitter:card\" content=\"summary_large_image\" \/>\n<meta name=\"twitter:label1\" content=\"Est. reading time\" \/>\n\t<meta name=\"twitter:data1\" content=\"1 minute\" \/>\n<script type=\"application\/ld+json\" class=\"yoast-schema-graph\">{\"@context\":\"https:\\\/\\\/schema.org\",\"@graph\":[{\"@type\":\"WebPage\",\"@id\":\"https:\\\/\\\/www.waterskis.lv\\\/en\\\/product\\\/ww-kayak-wavesport-project-x-64-2\\\/\",\"url\":\"https:\\\/\\\/www.waterskis.lv\\\/en\\\/product\\\/ww-kayak-wavesport-project-x-64-2\\\/\",\"name\":\"WW kayak WAVESPORT PROJECT X 56 WHITEOUT - WATERSKIS.LV\",\"isPartOf\":{\"@id\":\"https:\\\/\\\/www.waterskis.lv\\\/en\\\/#website\"},\"primaryImageOfPage\":{\"@id\":\"https:\\\/\\\/www.waterskis.lv\\\/en\\\/product\\\/ww-kayak-wavesport-project-x-64-2\\\/#primaryimage\"},\"image\":{\"@id\":\"https:\\\/\\\/www.waterskis.lv\\\/en\\\/product\\\/ww-kayak-wavesport-project-x-64-2\\\/#primaryimage\"},\"thumbnailUrl\":\"https:\\\/\\\/www.waterskis.lv\\\/wp-content\\\/uploads\\\/2020\\\/10\\\/project-x-48.png\",\"datePublished\":\"2020-10-27T06:51:52+00:00\",\"dateModified\":\"2022-02-16T11:33:01+00:00\",\"description\":\"WW kayak WAVESPORT PROJECT X 56 WHITEOUT. Waterskis.lv - established manufacturers, high quality, good price. Boat rental in Jurmala\",\"breadcrumb\":{\"@id\":\"https:\\\/\\\/www.waterskis.lv\\\/en\\\/product\\\/ww-kayak-wavesport-project-x-64-2\\\/#breadcrumb\"},\"inLanguage\":\"en-US\",\"potentialAction\":[{\"@type\":\"ReadAction\",\"target\":[\"https:\\\/\\\/www.waterskis.lv\\\/en\\\/product\\\/ww-kayak-wavesport-project-x-64-2\\\/\"]}]},{\"@type\":\"ImageObject\",\"inLanguage\":\"en-US\",\"@id\":\"https:\\\/\\\/www.waterskis.lv\\\/en\\\/product\\\/ww-kayak-wavesport-project-x-64-2\\\/#primaryimage\",\"url\":\"https:\\\/\\\/www.waterskis.lv\\\/wp-content\\\/uploads\\\/2020\\\/10\\\/project-x-48.png\",\"contentUrl\":\"https:\\\/\\\/www.waterskis.lv\\\/wp-content\\\/uploads\\\/2020\\\/10\\\/project-x-48.png\",\"width\":1000,\"height\":1000,\"caption\":\"WW kayak WAVESPORT PROJECT X 48 WHITEOUT\"},{\"@type\":\"BreadcrumbList\",\"@id\":\"https:\\\/\\\/www.waterskis.lv\\\/en\\\/product\\\/ww-kayak-wavesport-project-x-64-2\\\/#breadcrumb\",\"itemListElement\":[{\"@type\":\"ListItem\",\"position\":1,\"name\":\"Home\",\"item\":\"https:\\\/\\\/www.waterskis.lv\\\/en\\\/\"},{\"@type\":\"ListItem\",\"position\":2,\"name\":\"Shop\",\"item\":\"https:\\\/\\\/waterskis.lv\\\/en\\\/shop\\\/\"},{\"@type\":\"ListItem\",\"position\":3,\"name\":\"WW kayak WAVESPORT PROJECT X 56 WHITEOUT\"}]},{\"@type\":\"WebSite\",\"@id\":\"https:\\\/\\\/www.waterskis.lv\\\/en\\\/#website\",\"url\":\"https:\\\/\\\/www.waterskis.lv\\\/en\\\/\",\"name\":\"WATERSKIS.LV\",\"description\":\"SUP d\u0113\u013ci, kajaki, kanoe, airu laivas, \u016bdenssl\u0113po\u0161ana, veikbords, SUP d\u0113\u013cu noma, kajaku nomaakt\u012bv\u0101s atp\u016btas centrs, laivu noma, sup noma, kajaku noma\",\"publisher\":{\"@id\":\"https:\\\/\\\/www.waterskis.lv\\\/en\\\/#organization\"},\"potentialAction\":[{\"@type\":\"SearchAction\",\"target\":{\"@type\":\"EntryPoint\",\"urlTemplate\":\"https:\\\/\\\/www.waterskis.lv\\\/en\\\/?s={search_term_string}\"},\"query-input\":{\"@type\":\"PropertyValueSpecification\",\"valueRequired\":true,\"valueName\":\"search_term_string\"}}],\"inLanguage\":\"en-US\"},{\"@type\":\"Organization\",\"@id\":\"https:\\\/\\\/www.waterskis.lv\\\/en\\\/#organization\",\"name\":\"WATERSKIS.LV\",\"url\":\"https:\\\/\\\/www.waterskis.lv\\\/en\\\/\",\"logo\":{\"@type\":\"ImageObject\",\"inLanguage\":\"en-US\",\"@id\":\"https:\\\/\\\/www.waterskis.lv\\\/en\\\/#\\\/schema\\\/logo\\\/image\\\/\",\"url\":\"https:\\\/\\\/www.waterskis.lv\\\/wp-content\\\/uploads\\\/2025\\\/01\\\/JUVP-logo.png\",\"contentUrl\":\"https:\\\/\\\/www.waterskis.lv\\\/wp-content\\\/uploads\\\/2025\\\/01\\\/JUVP-logo.png\",\"width\":421,\"height\":202,\"caption\":\"WATERSKIS.LV\"},\"image\":{\"@id\":\"https:\\\/\\\/www.waterskis.lv\\\/en\\\/#\\\/schema\\\/logo\\\/image\\\/\"},\"sameAs\":[\"https:\\\/\\\/www.facebook.com\\\/jurmalawaterskiwakeboardpark\\\/\"]}]}<\/script>\n<!-- \/ Yoast SEO plugin. -->","yoast_head_json":{"title":"WW kayak WAVESPORT PROJECT X 56 WHITEOUT - WATERSKIS.LV","description":"WW kayak WAVESPORT PROJECT X 56 WHITEOUT. Waterskis.lv - established manufacturers, high quality, good price. Boat rental in Jurmala","robots":{"index":"index","follow":"follow","max-snippet":"max-snippet:-1","max-image-preview":"max-image-preview:large","max-video-preview":"max-video-preview:-1"},"canonical":"https:\/\/www.waterskis.lv\/en\/product\/ww-kayak-wavesport-project-x-64-2\/","og_locale":"en_US","og_type":"article","og_title":"WW kayak WAVESPORT PROJECT X 56 WHITEOUT - WATERSKIS.LV","og_description":"WW kayak WAVESPORT PROJECT X 56 WHITEOUT. Waterskis.lv - established manufacturers, high quality, good price. Boat rental in Jurmala","og_url":"https:\/\/www.waterskis.lv\/en\/product\/ww-kayak-wavesport-project-x-64-2\/","og_site_name":"WATERSKIS.LV","article_publisher":"https:\/\/www.facebook.com\/jurmalawaterskiwakeboardpark\/","article_modified_time":"2022-02-16T11:33:01+00:00","og_image":[{"width":1000,"height":1000,"url":"https:\/\/157.245.16.175\/wp-content\/uploads\/2020\/10\/project-x-48.png","type":"image\/png"}],"twitter_card":"summary_large_image","twitter_misc":{"Est. reading time":"1 minute"},"schema":{"@context":"https:\/\/schema.org","@graph":[{"@type":"WebPage","@id":"https:\/\/www.waterskis.lv\/en\/product\/ww-kayak-wavesport-project-x-64-2\/","url":"https:\/\/www.waterskis.lv\/en\/product\/ww-kayak-wavesport-project-x-64-2\/","name":"WW kayak WAVESPORT PROJECT X 56 WHITEOUT - WATERSKIS.LV","isPartOf":{"@id":"https:\/\/www.waterskis.lv\/en\/#website"},"primaryImageOfPage":{"@id":"https:\/\/www.waterskis.lv\/en\/product\/ww-kayak-wavesport-project-x-64-2\/#primaryimage"},"image":{"@id":"https:\/\/www.waterskis.lv\/en\/product\/ww-kayak-wavesport-project-x-64-2\/#primaryimage"},"thumbnailUrl":"https:\/\/www.waterskis.lv\/wp-content\/uploads\/2020\/10\/project-x-48.png","datePublished":"2020-10-27T06:51:52+00:00","dateModified":"2022-02-16T11:33:01+00:00","description":"WW kayak WAVESPORT PROJECT X 56 WHITEOUT. Waterskis.lv - established manufacturers, high quality, good price. Boat rental in Jurmala","breadcrumb":{"@id":"https:\/\/www.waterskis.lv\/en\/product\/ww-kayak-wavesport-project-x-64-2\/#breadcrumb"},"inLanguage":"en-US","potentialAction":[{"@type":"ReadAction","target":["https:\/\/www.waterskis.lv\/en\/product\/ww-kayak-wavesport-project-x-64-2\/"]}]},{"@type":"ImageObject","inLanguage":"en-US","@id":"https:\/\/www.waterskis.lv\/en\/product\/ww-kayak-wavesport-project-x-64-2\/#primaryimage","url":"https:\/\/www.waterskis.lv\/wp-content\/uploads\/2020\/10\/project-x-48.png","contentUrl":"https:\/\/www.waterskis.lv\/wp-content\/uploads\/2020\/10\/project-x-48.png","width":1000,"height":1000,"caption":"WW kayak WAVESPORT PROJECT X 48 WHITEOUT"},{"@type":"BreadcrumbList","@id":"https:\/\/www.waterskis.lv\/en\/product\/ww-kayak-wavesport-project-x-64-2\/#breadcrumb","itemListElement":[{"@type":"ListItem","position":1,"name":"Home","item":"https:\/\/www.waterskis.lv\/en\/"},{"@type":"ListItem","position":2,"name":"Shop","item":"https:\/\/waterskis.lv\/en\/shop\/"},{"@type":"ListItem","position":3,"name":"WW kayak WAVESPORT PROJECT X 56 WHITEOUT"}]},{"@type":"WebSite","@id":"https:\/\/www.waterskis.lv\/en\/#website","url":"https:\/\/www.waterskis.lv\/en\/","name":"WATERSKIS.LV","description":"SUP d\u0113\u013ci, kajaki, kanoe, airu laivas, \u016bdenssl\u0113po\u0161ana, veikbords, SUP d\u0113\u013cu noma, kajaku nomaakt\u012bv\u0101s atp\u016btas centrs, laivu noma, sup noma, kajaku noma","publisher":{"@id":"https:\/\/www.waterskis.lv\/en\/#organization"},"potentialAction":[{"@type":"SearchAction","target":{"@type":"EntryPoint","urlTemplate":"https:\/\/www.waterskis.lv\/en\/?s={search_term_string}"},"query-input":{"@type":"PropertyValueSpecification","valueRequired":true,"valueName":"search_term_string"}}],"inLanguage":"en-US"},{"@type":"Organization","@id":"https:\/\/www.waterskis.lv\/en\/#organization","name":"WATERSKIS.LV","url":"https:\/\/www.waterskis.lv\/en\/","logo":{"@type":"ImageObject","inLanguage":"en-US","@id":"https:\/\/www.waterskis.lv\/en\/#\/schema\/logo\/image\/","url":"https:\/\/www.waterskis.lv\/wp-content\/uploads\/2025\/01\/JUVP-logo.png","contentUrl":"https:\/\/www.waterskis.lv\/wp-content\/uploads\/2025\/01\/JUVP-logo.png","width":421,"height":202,"caption":"WATERSKIS.LV"},"image":{"@id":"https:\/\/www.waterskis.lv\/en\/#\/schema\/logo\/image\/"},"sameAs":["https:\/\/www.facebook.com\/jurmalawaterskiwakeboardpark\/"]}]}},"_links":{"self":[{"href":"https:\/\/www.waterskis.lv\/en\/wp-json\/wp\/v2\/product\/24778","targetHints":{"allow":["GET"]}}],"collection":[{"href":"https:\/\/www.waterskis.lv\/en\/wp-json\/wp\/v2\/product"}],"about":[{"href":"https:\/\/www.waterskis.lv\/en\/wp-json\/wp\/v2\/types\/product"}],"replies":[{"embeddable":true,"href":"https:\/\/www.waterskis.lv\/en\/wp-json\/wp\/v2\/comments?post=24778"}],"wp:featuredmedia":[{"embeddable":true,"href":"https:\/\/www.waterskis.lv\/en\/wp-json\/wp\/v2\/media\/21463"}],"wp:attachment":[{"href":"https:\/\/www.waterskis.lv\/en\/wp-json\/wp\/v2\/media?parent=24778"}],"wp:term":[{"taxonomy":"product_brand","embeddable":true,"href":"https:\/\/www.waterskis.lv\/en\/wp-json\/wp\/v2\/product_brand?post=24778"},{"taxonomy":"product_cat","embeddable":true,"href":"https:\/\/www.waterskis.lv\/en\/wp-json\/wp\/v2\/product_cat?post=24778"},{"taxonomy":"product_tag","embeddable":true,"href":"https:\/\/www.waterskis.lv\/en\/wp-json\/wp\/v2\/product_tag?post=24778"}],"curies":[{"name":"wp","href":"https:\/\/api.w.org\/{rel}","templated":true}]}}