{"id":24824,"date":"2020-10-28T08:13:08","date_gmt":"2020-10-28T05:13:08","guid":{"rendered":"https:\/\/www.waterskis.lv\/product\/ww-kajaks-wavesport-ethos-ten-white-out\/"},"modified":"2022-02-16T14:46:52","modified_gmt":"2022-02-16T11:46:52","slug":"ww-kayak-wavesport-ethos-ten-white-out","status":"publish","type":"product","link":"https:\/\/www.waterskis.lv\/en\/product\/ww-kayak-wavesport-ethos-ten-white-out\/","title":{"rendered":"WW WAVESPORT ETHOS TEN &#8211; White Out"},"content":{"rendered":"<div class=\"block_content1 rte active\">\n<p>WW WAVESPORT ETHOS TEN &#8211; White Out<\/p>\n<p>STABLE AND FORGIVING. PERFORMANCE-MINDED CROSSOVER PLATFORM<br \/>\nGiven a chance, we&#8217;d paddle whitewater every day. But life doesn&#8217;t always throw us what we want. That&#8217;s why we&#8217;ve designed the Ethos &#8211; to take you from one adrenaline-fueled adventure to the next. Conquer a rapid, ride a wave train and cruise on down the river in search of more. When you need to cover some ground, carry all the kit and still have fun, why compromise?<br \/>\nThe Ethos is a stable, forgiving, performance-minded crossover platform that offers a confidence- building introduction to paddling whitewater. The hull is manoeuvrable in rapids, yet tracks well on flat water with the help of a drop down skeg system. Offering outstanding comfort on long, multi-day river treks due to the roomy cockpit, sizeable gear-storage space and our trusty BlackOut Outfitting.<\/p>\n<\/div>\n<p id=\"table-data\" class=\"page-product-heading\">DATA SHEET &#8211; WW WAVESPORT ETHOS TEN &#8211; White Out<\/p>\n<table class=\"block_content2 table-data-sheet\">\n<tbody>\n<tr class=\"odd\">\n<td>Type<\/td>\n<td>CROSSOVER WW kayak<\/td>\n<\/tr>\n<tr class=\"even\">\n<td>Length<\/td>\n<td>312 cm<\/td>\n<\/tr>\n<tr class=\"odd\">\n<td>Width<\/td>\n<td>69 cm<\/td>\n<\/tr>\n<tr class=\"even\">\n<td>Height<\/td>\n<td>37 cm<\/td>\n<\/tr>\n<tr class=\"odd\">\n<td>Weight<\/td>\n<td>25 kg<\/td>\n<\/tr>\n<tr class=\"even\">\n<td>Material<\/td>\n<td>HDPE<\/td>\n<\/tr>\n<tr class=\"odd\">\n<td>Number of persons<\/td>\n<td>1<\/td>\n<\/tr>\n<tr class=\"even\">\n<td>Set<\/td>\n<td>Core White Out<\/td>\n<\/tr>\n<tr class=\"odd\">\n<td>Capacity<\/td>\n<td>125 kg<\/td>\n<\/tr>\n<tr class=\"even\">\n<td>Cockpit size (cm)<\/td>\n<td>92&#215;52<\/td>\n<\/tr>\n<tr class=\"odd\">\n<td>Volume<\/td>\n<td>379 L<\/td>\n<\/tr>\n<tr class=\"even\">\n<td>Purpose of usage<\/td>\n<td>White water rivers<\/td>\n<\/tr>\n<tr class=\"odd\">\n<td>Country of origin<\/td>\n<td>United Kingdom<\/td>\n<\/tr>\n<\/tbody>\n<\/table>\n<p>Colour: Cherry Bomb, Citrus Twist, Black Ice<\/p>\n<p>&nbsp;<\/p>\n","protected":false},"excerpt":{"rendered":"<p>https:\/\/www.youtube.com\/watch?v=1PDL7ayU8dU<\/p>\n<p>https:\/\/www.youtube.com\/watch?v=gsRgmitN6e8 [&#8230;]<\/p>\n<p><a class=\"btn btn-secondary understrap-read-more-link\" href=\"https:\/\/www.waterskis.lv\/en\/product\/ww-kayak-wavesport-ethos-ten-white-out\/\">Read More&#8230;<\/a><\/p>\n","protected":false},"featured_media":21602,"comment_status":"closed","ping_status":"closed","template":"","meta":{"_acf_changed":false,"inline_featured_image":false},"product_brand":[],"product_cat":[507,693,692],"product_tag":[],"class_list":{"0":"post-24824","1":"product","2":"type-product","3":"status-publish","4":"has-post-thumbnail","6":"product_cat-kayaks","7":"product_cat-white-water-kayak-en","8":"product_cat-white-water-kayaks","10":"first","11":"instock","12":"shipping-taxable","13":"product-type-simple"},"acf":[],"yoast_head":"<!-- This site is optimized with the Yoast SEO plugin v27.3 - https:\/\/yoast.com\/product\/yoast-seo-wordpress\/ -->\n<title>WW WAVESPORT ETHOS TEN - White Out - WATERSKIS.LV<\/title>\n<meta name=\"description\" content=\"WW WAVESPORT ETHOS TEN - White Out. Waterskis.lv - established manufacturers, high quality, good price. Boat rental in Jurmala\" \/>\n<meta name=\"robots\" content=\"index, follow, max-snippet:-1, max-image-preview:large, max-video-preview:-1\" \/>\n<link rel=\"canonical\" href=\"https:\/\/www.waterskis.lv\/en\/product\/ww-kayak-wavesport-ethos-ten-white-out\/\" \/>\n<meta property=\"og:locale\" content=\"en_US\" \/>\n<meta property=\"og:type\" content=\"article\" \/>\n<meta property=\"og:title\" content=\"WW WAVESPORT ETHOS TEN - White Out - WATERSKIS.LV\" \/>\n<meta property=\"og:description\" content=\"WW WAVESPORT ETHOS TEN - White Out. Waterskis.lv - established manufacturers, high quality, good price. Boat rental in Jurmala\" \/>\n<meta property=\"og:url\" content=\"https:\/\/www.waterskis.lv\/en\/product\/ww-kayak-wavesport-ethos-ten-white-out\/\" \/>\n<meta property=\"og:site_name\" content=\"WATERSKIS.LV\" \/>\n<meta property=\"article:publisher\" content=\"https:\/\/www.facebook.com\/jurmalawaterskiwakeboardpark\/\" \/>\n<meta property=\"article:modified_time\" content=\"2022-02-16T11:46:52+00:00\" \/>\n<meta property=\"og:image\" content=\"https:\/\/www.waterskis.lv\/wp-content\/uploads\/2020\/10\/ethos-ten-white-out.png\" \/>\n\t<meta property=\"og:image:width\" content=\"1000\" \/>\n\t<meta property=\"og:image:height\" content=\"1000\" \/>\n\t<meta property=\"og:image:type\" content=\"image\/png\" \/>\n<meta name=\"twitter:card\" content=\"summary_large_image\" \/>\n<meta name=\"twitter:label1\" content=\"Est. reading time\" \/>\n\t<meta name=\"twitter:data1\" content=\"1 minute\" \/>\n<script type=\"application\/ld+json\" class=\"yoast-schema-graph\">{\"@context\":\"https:\\\/\\\/schema.org\",\"@graph\":[{\"@type\":\"WebPage\",\"@id\":\"https:\\\/\\\/www.waterskis.lv\\\/en\\\/product\\\/ww-kayak-wavesport-ethos-ten-white-out\\\/\",\"url\":\"https:\\\/\\\/www.waterskis.lv\\\/en\\\/product\\\/ww-kayak-wavesport-ethos-ten-white-out\\\/\",\"name\":\"WW WAVESPORT ETHOS TEN - White Out - WATERSKIS.LV\",\"isPartOf\":{\"@id\":\"https:\\\/\\\/www.waterskis.lv\\\/en\\\/#website\"},\"primaryImageOfPage\":{\"@id\":\"https:\\\/\\\/www.waterskis.lv\\\/en\\\/product\\\/ww-kayak-wavesport-ethos-ten-white-out\\\/#primaryimage\"},\"image\":{\"@id\":\"https:\\\/\\\/www.waterskis.lv\\\/en\\\/product\\\/ww-kayak-wavesport-ethos-ten-white-out\\\/#primaryimage\"},\"thumbnailUrl\":\"https:\\\/\\\/www.waterskis.lv\\\/wp-content\\\/uploads\\\/2020\\\/10\\\/ethos-ten-white-out.png\",\"datePublished\":\"2020-10-28T05:13:08+00:00\",\"dateModified\":\"2022-02-16T11:46:52+00:00\",\"description\":\"WW WAVESPORT ETHOS TEN - White Out. Waterskis.lv - established manufacturers, high quality, good price. Boat rental in Jurmala\",\"breadcrumb\":{\"@id\":\"https:\\\/\\\/www.waterskis.lv\\\/en\\\/product\\\/ww-kayak-wavesport-ethos-ten-white-out\\\/#breadcrumb\"},\"inLanguage\":\"en-US\",\"potentialAction\":[{\"@type\":\"ReadAction\",\"target\":[\"https:\\\/\\\/www.waterskis.lv\\\/en\\\/product\\\/ww-kayak-wavesport-ethos-ten-white-out\\\/\"]}]},{\"@type\":\"ImageObject\",\"inLanguage\":\"en-US\",\"@id\":\"https:\\\/\\\/www.waterskis.lv\\\/en\\\/product\\\/ww-kayak-wavesport-ethos-ten-white-out\\\/#primaryimage\",\"url\":\"https:\\\/\\\/www.waterskis.lv\\\/wp-content\\\/uploads\\\/2020\\\/10\\\/ethos-ten-white-out.png\",\"contentUrl\":\"https:\\\/\\\/www.waterskis.lv\\\/wp-content\\\/uploads\\\/2020\\\/10\\\/ethos-ten-white-out.png\",\"width\":1000,\"height\":1000,\"caption\":\"WW kayak WAVESPORT ETHOS TEN - White Out\"},{\"@type\":\"BreadcrumbList\",\"@id\":\"https:\\\/\\\/www.waterskis.lv\\\/en\\\/product\\\/ww-kayak-wavesport-ethos-ten-white-out\\\/#breadcrumb\",\"itemListElement\":[{\"@type\":\"ListItem\",\"position\":1,\"name\":\"Home\",\"item\":\"https:\\\/\\\/www.waterskis.lv\\\/en\\\/\"},{\"@type\":\"ListItem\",\"position\":2,\"name\":\"Shop\",\"item\":\"https:\\\/\\\/waterskis.lv\\\/en\\\/shop\\\/\"},{\"@type\":\"ListItem\",\"position\":3,\"name\":\"WW WAVESPORT ETHOS TEN &#8211; White Out\"}]},{\"@type\":\"WebSite\",\"@id\":\"https:\\\/\\\/www.waterskis.lv\\\/en\\\/#website\",\"url\":\"https:\\\/\\\/www.waterskis.lv\\\/en\\\/\",\"name\":\"WATERSKIS.LV\",\"description\":\"SUP d\u0113\u013ci, kajaki, kanoe, airu laivas, \u016bdenssl\u0113po\u0161ana, veikbords, SUP d\u0113\u013cu noma, kajaku nomaakt\u012bv\u0101s atp\u016btas centrs, laivu noma, sup noma, kajaku noma\",\"publisher\":{\"@id\":\"https:\\\/\\\/www.waterskis.lv\\\/en\\\/#organization\"},\"potentialAction\":[{\"@type\":\"SearchAction\",\"target\":{\"@type\":\"EntryPoint\",\"urlTemplate\":\"https:\\\/\\\/www.waterskis.lv\\\/en\\\/?s={search_term_string}\"},\"query-input\":{\"@type\":\"PropertyValueSpecification\",\"valueRequired\":true,\"valueName\":\"search_term_string\"}}],\"inLanguage\":\"en-US\"},{\"@type\":\"Organization\",\"@id\":\"https:\\\/\\\/www.waterskis.lv\\\/en\\\/#organization\",\"name\":\"WATERSKIS.LV\",\"url\":\"https:\\\/\\\/www.waterskis.lv\\\/en\\\/\",\"logo\":{\"@type\":\"ImageObject\",\"inLanguage\":\"en-US\",\"@id\":\"https:\\\/\\\/www.waterskis.lv\\\/en\\\/#\\\/schema\\\/logo\\\/image\\\/\",\"url\":\"https:\\\/\\\/www.waterskis.lv\\\/wp-content\\\/uploads\\\/2025\\\/01\\\/JUVP-logo.png\",\"contentUrl\":\"https:\\\/\\\/www.waterskis.lv\\\/wp-content\\\/uploads\\\/2025\\\/01\\\/JUVP-logo.png\",\"width\":421,\"height\":202,\"caption\":\"WATERSKIS.LV\"},\"image\":{\"@id\":\"https:\\\/\\\/www.waterskis.lv\\\/en\\\/#\\\/schema\\\/logo\\\/image\\\/\"},\"sameAs\":[\"https:\\\/\\\/www.facebook.com\\\/jurmalawaterskiwakeboardpark\\\/\"]}]}<\/script>\n<!-- \/ Yoast SEO plugin. -->","yoast_head_json":{"title":"WW WAVESPORT ETHOS TEN - White Out - WATERSKIS.LV","description":"WW WAVESPORT ETHOS TEN - White Out. Waterskis.lv - established manufacturers, high quality, good price. Boat rental in Jurmala","robots":{"index":"index","follow":"follow","max-snippet":"max-snippet:-1","max-image-preview":"max-image-preview:large","max-video-preview":"max-video-preview:-1"},"canonical":"https:\/\/www.waterskis.lv\/en\/product\/ww-kayak-wavesport-ethos-ten-white-out\/","og_locale":"en_US","og_type":"article","og_title":"WW WAVESPORT ETHOS TEN - White Out - WATERSKIS.LV","og_description":"WW WAVESPORT ETHOS TEN - White Out. Waterskis.lv - established manufacturers, high quality, good price. Boat rental in Jurmala","og_url":"https:\/\/www.waterskis.lv\/en\/product\/ww-kayak-wavesport-ethos-ten-white-out\/","og_site_name":"WATERSKIS.LV","article_publisher":"https:\/\/www.facebook.com\/jurmalawaterskiwakeboardpark\/","article_modified_time":"2022-02-16T11:46:52+00:00","og_image":[{"width":1000,"height":1000,"url":"https:\/\/www.waterskis.lv\/wp-content\/uploads\/2020\/10\/ethos-ten-white-out.png","type":"image\/png"}],"twitter_card":"summary_large_image","twitter_misc":{"Est. reading time":"1 minute"},"schema":{"@context":"https:\/\/schema.org","@graph":[{"@type":"WebPage","@id":"https:\/\/www.waterskis.lv\/en\/product\/ww-kayak-wavesport-ethos-ten-white-out\/","url":"https:\/\/www.waterskis.lv\/en\/product\/ww-kayak-wavesport-ethos-ten-white-out\/","name":"WW WAVESPORT ETHOS TEN - White Out - WATERSKIS.LV","isPartOf":{"@id":"https:\/\/www.waterskis.lv\/en\/#website"},"primaryImageOfPage":{"@id":"https:\/\/www.waterskis.lv\/en\/product\/ww-kayak-wavesport-ethos-ten-white-out\/#primaryimage"},"image":{"@id":"https:\/\/www.waterskis.lv\/en\/product\/ww-kayak-wavesport-ethos-ten-white-out\/#primaryimage"},"thumbnailUrl":"https:\/\/www.waterskis.lv\/wp-content\/uploads\/2020\/10\/ethos-ten-white-out.png","datePublished":"2020-10-28T05:13:08+00:00","dateModified":"2022-02-16T11:46:52+00:00","description":"WW WAVESPORT ETHOS TEN - White Out. Waterskis.lv - established manufacturers, high quality, good price. Boat rental in Jurmala","breadcrumb":{"@id":"https:\/\/www.waterskis.lv\/en\/product\/ww-kayak-wavesport-ethos-ten-white-out\/#breadcrumb"},"inLanguage":"en-US","potentialAction":[{"@type":"ReadAction","target":["https:\/\/www.waterskis.lv\/en\/product\/ww-kayak-wavesport-ethos-ten-white-out\/"]}]},{"@type":"ImageObject","inLanguage":"en-US","@id":"https:\/\/www.waterskis.lv\/en\/product\/ww-kayak-wavesport-ethos-ten-white-out\/#primaryimage","url":"https:\/\/www.waterskis.lv\/wp-content\/uploads\/2020\/10\/ethos-ten-white-out.png","contentUrl":"https:\/\/www.waterskis.lv\/wp-content\/uploads\/2020\/10\/ethos-ten-white-out.png","width":1000,"height":1000,"caption":"WW kayak WAVESPORT ETHOS TEN - White Out"},{"@type":"BreadcrumbList","@id":"https:\/\/www.waterskis.lv\/en\/product\/ww-kayak-wavesport-ethos-ten-white-out\/#breadcrumb","itemListElement":[{"@type":"ListItem","position":1,"name":"Home","item":"https:\/\/www.waterskis.lv\/en\/"},{"@type":"ListItem","position":2,"name":"Shop","item":"https:\/\/waterskis.lv\/en\/shop\/"},{"@type":"ListItem","position":3,"name":"WW WAVESPORT ETHOS TEN &#8211; White Out"}]},{"@type":"WebSite","@id":"https:\/\/www.waterskis.lv\/en\/#website","url":"https:\/\/www.waterskis.lv\/en\/","name":"WATERSKIS.LV","description":"SUP d\u0113\u013ci, kajaki, kanoe, airu laivas, \u016bdenssl\u0113po\u0161ana, veikbords, SUP d\u0113\u013cu noma, kajaku nomaakt\u012bv\u0101s atp\u016btas centrs, laivu noma, sup noma, kajaku noma","publisher":{"@id":"https:\/\/www.waterskis.lv\/en\/#organization"},"potentialAction":[{"@type":"SearchAction","target":{"@type":"EntryPoint","urlTemplate":"https:\/\/www.waterskis.lv\/en\/?s={search_term_string}"},"query-input":{"@type":"PropertyValueSpecification","valueRequired":true,"valueName":"search_term_string"}}],"inLanguage":"en-US"},{"@type":"Organization","@id":"https:\/\/www.waterskis.lv\/en\/#organization","name":"WATERSKIS.LV","url":"https:\/\/www.waterskis.lv\/en\/","logo":{"@type":"ImageObject","inLanguage":"en-US","@id":"https:\/\/www.waterskis.lv\/en\/#\/schema\/logo\/image\/","url":"https:\/\/www.waterskis.lv\/wp-content\/uploads\/2025\/01\/JUVP-logo.png","contentUrl":"https:\/\/www.waterskis.lv\/wp-content\/uploads\/2025\/01\/JUVP-logo.png","width":421,"height":202,"caption":"WATERSKIS.LV"},"image":{"@id":"https:\/\/www.waterskis.lv\/en\/#\/schema\/logo\/image\/"},"sameAs":["https:\/\/www.facebook.com\/jurmalawaterskiwakeboardpark\/"]}]}},"_links":{"self":[{"href":"https:\/\/www.waterskis.lv\/en\/wp-json\/wp\/v2\/product\/24824","targetHints":{"allow":["GET"]}}],"collection":[{"href":"https:\/\/www.waterskis.lv\/en\/wp-json\/wp\/v2\/product"}],"about":[{"href":"https:\/\/www.waterskis.lv\/en\/wp-json\/wp\/v2\/types\/product"}],"replies":[{"embeddable":true,"href":"https:\/\/www.waterskis.lv\/en\/wp-json\/wp\/v2\/comments?post=24824"}],"wp:featuredmedia":[{"embeddable":true,"href":"https:\/\/www.waterskis.lv\/en\/wp-json\/wp\/v2\/media\/21602"}],"wp:attachment":[{"href":"https:\/\/www.waterskis.lv\/en\/wp-json\/wp\/v2\/media?parent=24824"}],"wp:term":[{"taxonomy":"product_brand","embeddable":true,"href":"https:\/\/www.waterskis.lv\/en\/wp-json\/wp\/v2\/product_brand?post=24824"},{"taxonomy":"product_cat","embeddable":true,"href":"https:\/\/www.waterskis.lv\/en\/wp-json\/wp\/v2\/product_cat?post=24824"},{"taxonomy":"product_tag","embeddable":true,"href":"https:\/\/www.waterskis.lv\/en\/wp-json\/wp\/v2\/product_tag?post=24824"}],"curies":[{"name":"wp","href":"https:\/\/api.w.org\/{rel}","templated":true}]}}