{"id":24953,"date":"2020-11-08T21:22:22","date_gmt":"2020-11-08T18:22:22","guid":{"rendered":"https:\/\/www.waterskis.lv\/product\/udensvelosipedu-parsegs-pelican-rainbow-monaco\/"},"modified":"2022-02-21T12:27:48","modified_gmt":"2022-02-21T09:27:48","slug":"mooring-cover-for-pedal-boats-pelican-rainbow-monaco","status":"publish","type":"product","link":"https:\/\/www.waterskis.lv\/en\/product\/mooring-cover-for-pedal-boats-pelican-rainbow-monaco\/","title":{"rendered":"Mooring cover for pedal boats PELICAN RAINBOW \/ MONACO"},"content":{"rendered":"<div class=\"block_content1 rte active\">\n<p>Mooring cover for pedal boats PELICAN RAINBOW \/ MONACO<\/p>\n<p>Durable\u00a0PVC mooring cover for pedal boat. Perfect protection against any natural dirt such as leaves and etc. Great protection against rain water during storage period.<\/p>\n<p>For usage with PELICAN pedal boats:<br \/>\n&#8211; RAINBOW DLX<br \/>\n&#8211; MONACO<br \/>\n&#8211; MONACO ANGLER DLX<\/p>\n<\/div>\n<p id=\"table-data\" class=\"page-product-heading\">DATA SHEET<\/p>\n<table class=\"block_content2 table-data-sheet\">\n<tbody>\n<tr class=\"odd\">\n<td>Type<\/td>\n<td>Pedal boat accessories<\/td>\n<\/tr>\n<tr class=\"even\">\n<td>Material<\/td>\n<td>PVC<\/td>\n<\/tr>\n<tr class=\"odd\">\n<td>Country of origin<\/td>\n<td>Canada<\/td>\n<\/tr>\n<\/tbody>\n<\/table>\n","protected":false},"excerpt":{"rendered":"<p>Mooring cover for pedal boats PELICAN RAINBOW \/ MONACO Durable\u00a0PVC mooring cover for pedal boat. Perfect protection against any natural dirt such as leaves and etc. Great protection against rain water during storage period. For usage with PELICAN pedal boats: &#8211; RAINBOW DLX &#8211; MONACO &#8211; MONACO ANGLER DLX DATA SHEET Type Pedal boat accessories [&#8230;]<\/p>\n<p><a class=\"btn btn-secondary understrap-read-more-link\" href=\"https:\/\/www.waterskis.lv\/en\/product\/mooring-cover-for-pedal-boats-pelican-rainbow-monaco\/\">Read More&#8230;<\/a><\/p>\n","protected":false},"featured_media":22352,"comment_status":"closed","ping_status":"closed","template":"","meta":{"_acf_changed":false,"inline_featured_image":false},"product_brand":[],"product_cat":[521,518],"product_tag":[],"class_list":{"0":"post-24953","1":"product","2":"type-product","3":"status-publish","4":"has-post-thumbnail","6":"product_cat-pedal-boat-accessories","7":"product_cat-pedal-boats","9":"first","10":"instock","11":"shipping-taxable","12":"purchasable","13":"product-type-simple"},"acf":[],"yoast_head":"<!-- This site is optimized with the Yoast SEO plugin v27.5 - https:\/\/yoast.com\/product\/yoast-seo-wordpress\/ -->\n<title>Mooring cover for pedal boats PELICAN RAINBOW \/ MONACO - WATERSKIS.LV<\/title>\n<meta name=\"description\" content=\"Mooring cover for pedal boats PELICAN RAINBOW \/ MONACO. Waterskis.lv - established manufacturers, high quality, good price.\" \/>\n<meta name=\"robots\" content=\"index, follow, max-snippet:-1, max-image-preview:large, max-video-preview:-1\" \/>\n<link rel=\"canonical\" href=\"https:\/\/www.waterskis.lv\/en\/product\/mooring-cover-for-pedal-boats-pelican-rainbow-monaco\/\" \/>\n<meta property=\"og:locale\" content=\"en_US\" \/>\n<meta property=\"og:type\" content=\"article\" \/>\n<meta property=\"og:title\" content=\"Mooring cover for pedal boats PELICAN RAINBOW \/ MONACO - WATERSKIS.LV\" \/>\n<meta property=\"og:description\" content=\"Mooring cover for pedal boats PELICAN RAINBOW \/ MONACO. Waterskis.lv - established manufacturers, high quality, good price.\" \/>\n<meta property=\"og:url\" content=\"https:\/\/www.waterskis.lv\/en\/product\/mooring-cover-for-pedal-boats-pelican-rainbow-monaco\/\" \/>\n<meta property=\"og:site_name\" content=\"WATERSKIS.LV\" \/>\n<meta property=\"article:publisher\" content=\"https:\/\/www.facebook.com\/jurmalawaterskiwakeboardpark\/\" \/>\n<meta property=\"article:modified_time\" content=\"2022-02-21T09:27:48+00:00\" \/>\n<meta property=\"og:image\" content=\"https:\/\/www.waterskis.lv\/wp-content\/uploads\/2020\/11\/mooring-cover-for-pedal-boats-pelican-rainbow-monaco.png\" \/>\n\t<meta property=\"og:image:width\" content=\"1000\" \/>\n\t<meta property=\"og:image:height\" content=\"1000\" \/>\n\t<meta property=\"og:image:type\" content=\"image\/png\" \/>\n<meta name=\"twitter:card\" content=\"summary_large_image\" \/>\n<meta name=\"twitter:label1\" content=\"Est. reading time\" \/>\n\t<meta name=\"twitter:data1\" content=\"1 minute\" \/>\n<script type=\"application\/ld+json\" class=\"yoast-schema-graph\">{\"@context\":\"https:\\\/\\\/schema.org\",\"@graph\":[{\"@type\":\"WebPage\",\"@id\":\"https:\\\/\\\/www.waterskis.lv\\\/en\\\/product\\\/mooring-cover-for-pedal-boats-pelican-rainbow-monaco\\\/\",\"url\":\"https:\\\/\\\/www.waterskis.lv\\\/en\\\/product\\\/mooring-cover-for-pedal-boats-pelican-rainbow-monaco\\\/\",\"name\":\"Mooring cover for pedal boats PELICAN RAINBOW \\\/ MONACO - WATERSKIS.LV\",\"isPartOf\":{\"@id\":\"https:\\\/\\\/www.waterskis.lv\\\/en\\\/#website\"},\"primaryImageOfPage\":{\"@id\":\"https:\\\/\\\/www.waterskis.lv\\\/en\\\/product\\\/mooring-cover-for-pedal-boats-pelican-rainbow-monaco\\\/#primaryimage\"},\"image\":{\"@id\":\"https:\\\/\\\/www.waterskis.lv\\\/en\\\/product\\\/mooring-cover-for-pedal-boats-pelican-rainbow-monaco\\\/#primaryimage\"},\"thumbnailUrl\":\"https:\\\/\\\/www.waterskis.lv\\\/wp-content\\\/uploads\\\/2020\\\/11\\\/mooring-cover-for-pedal-boats-pelican-rainbow-monaco.png\",\"datePublished\":\"2020-11-08T18:22:22+00:00\",\"dateModified\":\"2022-02-21T09:27:48+00:00\",\"description\":\"Mooring cover for pedal boats PELICAN RAINBOW \\\/ MONACO. Waterskis.lv - established manufacturers, high quality, good price.\",\"breadcrumb\":{\"@id\":\"https:\\\/\\\/www.waterskis.lv\\\/en\\\/product\\\/mooring-cover-for-pedal-boats-pelican-rainbow-monaco\\\/#breadcrumb\"},\"inLanguage\":\"en-US\",\"potentialAction\":[{\"@type\":\"ReadAction\",\"target\":[\"https:\\\/\\\/www.waterskis.lv\\\/en\\\/product\\\/mooring-cover-for-pedal-boats-pelican-rainbow-monaco\\\/\"]}]},{\"@type\":\"ImageObject\",\"inLanguage\":\"en-US\",\"@id\":\"https:\\\/\\\/www.waterskis.lv\\\/en\\\/product\\\/mooring-cover-for-pedal-boats-pelican-rainbow-monaco\\\/#primaryimage\",\"url\":\"https:\\\/\\\/www.waterskis.lv\\\/wp-content\\\/uploads\\\/2020\\\/11\\\/mooring-cover-for-pedal-boats-pelican-rainbow-monaco.png\",\"contentUrl\":\"https:\\\/\\\/www.waterskis.lv\\\/wp-content\\\/uploads\\\/2020\\\/11\\\/mooring-cover-for-pedal-boats-pelican-rainbow-monaco.png\",\"width\":1000,\"height\":1000,\"caption\":\"Mooring cover for pedal boats PELICAN RAINBOW \\\/ MONACO\"},{\"@type\":\"BreadcrumbList\",\"@id\":\"https:\\\/\\\/www.waterskis.lv\\\/en\\\/product\\\/mooring-cover-for-pedal-boats-pelican-rainbow-monaco\\\/#breadcrumb\",\"itemListElement\":[{\"@type\":\"ListItem\",\"position\":1,\"name\":\"Home\",\"item\":\"https:\\\/\\\/www.waterskis.lv\\\/en\\\/\"},{\"@type\":\"ListItem\",\"position\":2,\"name\":\"Shop\",\"item\":\"https:\\\/\\\/waterskis.lv\\\/en\\\/shop\\\/\"},{\"@type\":\"ListItem\",\"position\":3,\"name\":\"Mooring cover for pedal boats PELICAN RAINBOW \\\/ MONACO\"}]},{\"@type\":\"WebSite\",\"@id\":\"https:\\\/\\\/www.waterskis.lv\\\/en\\\/#website\",\"url\":\"https:\\\/\\\/www.waterskis.lv\\\/en\\\/\",\"name\":\"WATERSKIS.LV\",\"description\":\"SUP d\u0113\u013ci, kajaki, kanoe, airu laivas, \u016bdenssl\u0113po\u0161ana, veikbords, SUP d\u0113\u013cu noma, kajaku nomaakt\u012bv\u0101s atp\u016btas centrs, laivu noma, sup noma, kajaku noma\",\"publisher\":{\"@id\":\"https:\\\/\\\/www.waterskis.lv\\\/en\\\/#organization\"},\"potentialAction\":[{\"@type\":\"SearchAction\",\"target\":{\"@type\":\"EntryPoint\",\"urlTemplate\":\"https:\\\/\\\/www.waterskis.lv\\\/en\\\/?s={search_term_string}\"},\"query-input\":{\"@type\":\"PropertyValueSpecification\",\"valueRequired\":true,\"valueName\":\"search_term_string\"}}],\"inLanguage\":\"en-US\"},{\"@type\":\"Organization\",\"@id\":\"https:\\\/\\\/www.waterskis.lv\\\/en\\\/#organization\",\"name\":\"WATERSKIS.LV\",\"url\":\"https:\\\/\\\/www.waterskis.lv\\\/en\\\/\",\"logo\":{\"@type\":\"ImageObject\",\"inLanguage\":\"en-US\",\"@id\":\"https:\\\/\\\/www.waterskis.lv\\\/en\\\/#\\\/schema\\\/logo\\\/image\\\/\",\"url\":\"https:\\\/\\\/www.waterskis.lv\\\/wp-content\\\/uploads\\\/2025\\\/01\\\/JUVP-logo.png\",\"contentUrl\":\"https:\\\/\\\/www.waterskis.lv\\\/wp-content\\\/uploads\\\/2025\\\/01\\\/JUVP-logo.png\",\"width\":421,\"height\":202,\"caption\":\"WATERSKIS.LV\"},\"image\":{\"@id\":\"https:\\\/\\\/www.waterskis.lv\\\/en\\\/#\\\/schema\\\/logo\\\/image\\\/\"},\"sameAs\":[\"https:\\\/\\\/www.facebook.com\\\/jurmalawaterskiwakeboardpark\\\/\"]}]}<\/script>\n<!-- \/ Yoast SEO plugin. -->","yoast_head_json":{"title":"Mooring cover for pedal boats PELICAN RAINBOW \/ MONACO - WATERSKIS.LV","description":"Mooring cover for pedal boats PELICAN RAINBOW \/ MONACO. Waterskis.lv - established manufacturers, high quality, good price.","robots":{"index":"index","follow":"follow","max-snippet":"max-snippet:-1","max-image-preview":"max-image-preview:large","max-video-preview":"max-video-preview:-1"},"canonical":"https:\/\/www.waterskis.lv\/en\/product\/mooring-cover-for-pedal-boats-pelican-rainbow-monaco\/","og_locale":"en_US","og_type":"article","og_title":"Mooring cover for pedal boats PELICAN RAINBOW \/ MONACO - WATERSKIS.LV","og_description":"Mooring cover for pedal boats PELICAN RAINBOW \/ MONACO. Waterskis.lv - established manufacturers, high quality, good price.","og_url":"https:\/\/www.waterskis.lv\/en\/product\/mooring-cover-for-pedal-boats-pelican-rainbow-monaco\/","og_site_name":"WATERSKIS.LV","article_publisher":"https:\/\/www.facebook.com\/jurmalawaterskiwakeboardpark\/","article_modified_time":"2022-02-21T09:27:48+00:00","og_image":[{"width":1000,"height":1000,"url":"https:\/\/www.waterskis.lv\/wp-content\/uploads\/2020\/11\/mooring-cover-for-pedal-boats-pelican-rainbow-monaco.png","type":"image\/png"}],"twitter_card":"summary_large_image","twitter_misc":{"Est. reading time":"1 minute"},"schema":{"@context":"https:\/\/schema.org","@graph":[{"@type":"WebPage","@id":"https:\/\/www.waterskis.lv\/en\/product\/mooring-cover-for-pedal-boats-pelican-rainbow-monaco\/","url":"https:\/\/www.waterskis.lv\/en\/product\/mooring-cover-for-pedal-boats-pelican-rainbow-monaco\/","name":"Mooring cover for pedal boats PELICAN RAINBOW \/ MONACO - WATERSKIS.LV","isPartOf":{"@id":"https:\/\/www.waterskis.lv\/en\/#website"},"primaryImageOfPage":{"@id":"https:\/\/www.waterskis.lv\/en\/product\/mooring-cover-for-pedal-boats-pelican-rainbow-monaco\/#primaryimage"},"image":{"@id":"https:\/\/www.waterskis.lv\/en\/product\/mooring-cover-for-pedal-boats-pelican-rainbow-monaco\/#primaryimage"},"thumbnailUrl":"https:\/\/www.waterskis.lv\/wp-content\/uploads\/2020\/11\/mooring-cover-for-pedal-boats-pelican-rainbow-monaco.png","datePublished":"2020-11-08T18:22:22+00:00","dateModified":"2022-02-21T09:27:48+00:00","description":"Mooring cover for pedal boats PELICAN RAINBOW \/ MONACO. Waterskis.lv - established manufacturers, high quality, good price.","breadcrumb":{"@id":"https:\/\/www.waterskis.lv\/en\/product\/mooring-cover-for-pedal-boats-pelican-rainbow-monaco\/#breadcrumb"},"inLanguage":"en-US","potentialAction":[{"@type":"ReadAction","target":["https:\/\/www.waterskis.lv\/en\/product\/mooring-cover-for-pedal-boats-pelican-rainbow-monaco\/"]}]},{"@type":"ImageObject","inLanguage":"en-US","@id":"https:\/\/www.waterskis.lv\/en\/product\/mooring-cover-for-pedal-boats-pelican-rainbow-monaco\/#primaryimage","url":"https:\/\/www.waterskis.lv\/wp-content\/uploads\/2020\/11\/mooring-cover-for-pedal-boats-pelican-rainbow-monaco.png","contentUrl":"https:\/\/www.waterskis.lv\/wp-content\/uploads\/2020\/11\/mooring-cover-for-pedal-boats-pelican-rainbow-monaco.png","width":1000,"height":1000,"caption":"Mooring cover for pedal boats PELICAN RAINBOW \/ MONACO"},{"@type":"BreadcrumbList","@id":"https:\/\/www.waterskis.lv\/en\/product\/mooring-cover-for-pedal-boats-pelican-rainbow-monaco\/#breadcrumb","itemListElement":[{"@type":"ListItem","position":1,"name":"Home","item":"https:\/\/www.waterskis.lv\/en\/"},{"@type":"ListItem","position":2,"name":"Shop","item":"https:\/\/waterskis.lv\/en\/shop\/"},{"@type":"ListItem","position":3,"name":"Mooring cover for pedal boats PELICAN RAINBOW \/ MONACO"}]},{"@type":"WebSite","@id":"https:\/\/www.waterskis.lv\/en\/#website","url":"https:\/\/www.waterskis.lv\/en\/","name":"WATERSKIS.LV","description":"SUP d\u0113\u013ci, kajaki, kanoe, airu laivas, \u016bdenssl\u0113po\u0161ana, veikbords, SUP d\u0113\u013cu noma, kajaku nomaakt\u012bv\u0101s atp\u016btas centrs, laivu noma, sup noma, kajaku noma","publisher":{"@id":"https:\/\/www.waterskis.lv\/en\/#organization"},"potentialAction":[{"@type":"SearchAction","target":{"@type":"EntryPoint","urlTemplate":"https:\/\/www.waterskis.lv\/en\/?s={search_term_string}"},"query-input":{"@type":"PropertyValueSpecification","valueRequired":true,"valueName":"search_term_string"}}],"inLanguage":"en-US"},{"@type":"Organization","@id":"https:\/\/www.waterskis.lv\/en\/#organization","name":"WATERSKIS.LV","url":"https:\/\/www.waterskis.lv\/en\/","logo":{"@type":"ImageObject","inLanguage":"en-US","@id":"https:\/\/www.waterskis.lv\/en\/#\/schema\/logo\/image\/","url":"https:\/\/www.waterskis.lv\/wp-content\/uploads\/2025\/01\/JUVP-logo.png","contentUrl":"https:\/\/www.waterskis.lv\/wp-content\/uploads\/2025\/01\/JUVP-logo.png","width":421,"height":202,"caption":"WATERSKIS.LV"},"image":{"@id":"https:\/\/www.waterskis.lv\/en\/#\/schema\/logo\/image\/"},"sameAs":["https:\/\/www.facebook.com\/jurmalawaterskiwakeboardpark\/"]}]}},"_links":{"self":[{"href":"https:\/\/www.waterskis.lv\/en\/wp-json\/wp\/v2\/product\/24953","targetHints":{"allow":["GET"]}}],"collection":[{"href":"https:\/\/www.waterskis.lv\/en\/wp-json\/wp\/v2\/product"}],"about":[{"href":"https:\/\/www.waterskis.lv\/en\/wp-json\/wp\/v2\/types\/product"}],"replies":[{"embeddable":true,"href":"https:\/\/www.waterskis.lv\/en\/wp-json\/wp\/v2\/comments?post=24953"}],"wp:featuredmedia":[{"embeddable":true,"href":"https:\/\/www.waterskis.lv\/en\/wp-json\/wp\/v2\/media\/22352"}],"wp:attachment":[{"href":"https:\/\/www.waterskis.lv\/en\/wp-json\/wp\/v2\/media?parent=24953"}],"wp:term":[{"taxonomy":"product_brand","embeddable":true,"href":"https:\/\/www.waterskis.lv\/en\/wp-json\/wp\/v2\/product_brand?post=24953"},{"taxonomy":"product_cat","embeddable":true,"href":"https:\/\/www.waterskis.lv\/en\/wp-json\/wp\/v2\/product_cat?post=24953"},{"taxonomy":"product_tag","embeddable":true,"href":"https:\/\/www.waterskis.lv\/en\/wp-json\/wp\/v2\/product_tag?post=24953"}],"curies":[{"name":"wp","href":"https:\/\/api.w.org\/{rel}","templated":true}]}}