{"id":24954,"date":"2020-01-27T18:45:34","date_gmt":"2020-01-27T15:45:34","guid":{"rendered":"https:\/\/www.waterskis.lv\/product\/nonemams-jumts-udens-velosipedam-sun-slider-sun-dolphin\/"},"modified":"2022-02-21T12:27:17","modified_gmt":"2022-02-21T09:27:17","slug":"pedal-boat-sun-slider-sun-dolphin-canopy","status":"publish","type":"product","link":"https:\/\/www.waterskis.lv\/en\/product\/pedal-boat-sun-slider-sun-dolphin-canopy\/","title":{"rendered":"Pedal boat SUN SLIDER\/SUN DOLPHIN canopy"},"content":{"rendered":"<div class=\"block_content1 rte active\">\n<p>Pedal boat SUN SLIDER\/SUN DOLPHIN canopy<\/p>\n<p>Original easy to install folding pedal boat canopy. Designed for SUN SLIDER\/SUN DOLPHIN pedal boat models. Durable nylon fabric, aluminum frame.<\/p>\n<p>Set includes all necessary parts and holders for installation.<\/p>\n<p>Can be used for other vessels.<\/p>\n<p>Not suitable for rain protection.<\/p>\n<\/div>\n<p id=\"table-data\" class=\"page-product-heading\">DATA SHEET &#8211; Pedal boat SUN SLIDER\/SUN DOLPHIN canopy<\/p>\n<table class=\"block_content2 table-data-sheet\">\n<tbody>\n<tr class=\"odd\">\n<td>Type<\/td>\n<td>Pedal boat accessories<\/td>\n<\/tr>\n<tr class=\"even\">\n<td>Material<\/td>\n<td>Nylon \/ Dural<\/td>\n<\/tr>\n<tr class=\"odd\">\n<td>Color<\/td>\n<td>Grey<\/td>\n<\/tr>\n<tr class=\"even\">\n<td>Country of origin<\/td>\n<td>USA<\/td>\n<\/tr>\n<\/tbody>\n<\/table>\n","protected":false},"excerpt":{"rendered":"<p>Pedal boat SUN SLIDER\/SUN DOLPHIN canopy Original easy to install folding pedal boat canopy. Designed for SUN SLIDER\/SUN DOLPHIN pedal boat models. Durable nylon fabric, aluminum frame. Set includes all necessary parts and holders for installation. Can be used for other vessels. Not suitable for rain protection. DATA SHEET &#8211; Pedal boat SUN SLIDER\/SUN DOLPHIN [&#8230;]<\/p>\n<p><a class=\"btn btn-secondary understrap-read-more-link\" href=\"https:\/\/www.waterskis.lv\/en\/product\/pedal-boat-sun-slider-sun-dolphin-canopy\/\">Read More&#8230;<\/a><\/p>\n","protected":false},"featured_media":13808,"comment_status":"closed","ping_status":"closed","template":"","meta":{"_acf_changed":false,"inline_featured_image":false},"product_brand":[],"product_cat":[521,518],"product_tag":[],"class_list":{"0":"post-24954","1":"product","2":"type-product","3":"status-publish","4":"has-post-thumbnail","6":"product_cat-pedal-boat-accessories","7":"product_cat-pedal-boats","9":"first","10":"instock","11":"shipping-taxable","12":"purchasable","13":"product-type-simple"},"acf":[],"yoast_head":"<!-- This site is optimized with the Yoast SEO plugin v27.5 - https:\/\/yoast.com\/product\/yoast-seo-wordpress\/ -->\n<title>Pedal boat SUN SLIDER\/SUN DOLPHIN canopy - WATERSKIS.LV<\/title>\n<meta name=\"description\" content=\"Pedal boat SUN SLIDER\/SUN DOLPHIN canopy.Waterskis.lv - established manufacturers, high quality, good price. Boat rental in Jurmala\" \/>\n<meta name=\"robots\" content=\"index, follow, max-snippet:-1, max-image-preview:large, max-video-preview:-1\" \/>\n<link rel=\"canonical\" href=\"https:\/\/www.waterskis.lv\/en\/product\/pedal-boat-sun-slider-sun-dolphin-canopy\/\" \/>\n<meta property=\"og:locale\" content=\"en_US\" \/>\n<meta property=\"og:type\" content=\"article\" \/>\n<meta property=\"og:title\" content=\"Pedal boat SUN SLIDER\/SUN DOLPHIN canopy - WATERSKIS.LV\" \/>\n<meta property=\"og:description\" content=\"Pedal boat SUN SLIDER\/SUN DOLPHIN canopy.Waterskis.lv - established manufacturers, high quality, good price. Boat rental in Jurmala\" \/>\n<meta property=\"og:url\" content=\"https:\/\/www.waterskis.lv\/en\/product\/pedal-boat-sun-slider-sun-dolphin-canopy\/\" \/>\n<meta property=\"og:site_name\" content=\"WATERSKIS.LV\" \/>\n<meta property=\"article:publisher\" content=\"https:\/\/www.facebook.com\/jurmalawaterskiwakeboardpark\/\" \/>\n<meta property=\"article:modified_time\" content=\"2022-02-21T09:27:17+00:00\" \/>\n<meta property=\"og:image\" content=\"https:\/\/www.waterskis.lv\/wp-content\/uploads\/2020\/01\/jumts.jpg\" \/>\n\t<meta property=\"og:image:width\" content=\"578\" \/>\n\t<meta property=\"og:image:height\" content=\"450\" \/>\n\t<meta property=\"og:image:type\" content=\"image\/jpeg\" \/>\n<meta name=\"twitter:card\" content=\"summary_large_image\" \/>\n<script type=\"application\/ld+json\" class=\"yoast-schema-graph\">{\"@context\":\"https:\\\/\\\/schema.org\",\"@graph\":[{\"@type\":\"WebPage\",\"@id\":\"https:\\\/\\\/www.waterskis.lv\\\/en\\\/product\\\/pedal-boat-sun-slider-sun-dolphin-canopy\\\/\",\"url\":\"https:\\\/\\\/www.waterskis.lv\\\/en\\\/product\\\/pedal-boat-sun-slider-sun-dolphin-canopy\\\/\",\"name\":\"Pedal boat SUN SLIDER\\\/SUN DOLPHIN canopy - WATERSKIS.LV\",\"isPartOf\":{\"@id\":\"https:\\\/\\\/www.waterskis.lv\\\/en\\\/#website\"},\"primaryImageOfPage\":{\"@id\":\"https:\\\/\\\/www.waterskis.lv\\\/en\\\/product\\\/pedal-boat-sun-slider-sun-dolphin-canopy\\\/#primaryimage\"},\"image\":{\"@id\":\"https:\\\/\\\/www.waterskis.lv\\\/en\\\/product\\\/pedal-boat-sun-slider-sun-dolphin-canopy\\\/#primaryimage\"},\"thumbnailUrl\":\"https:\\\/\\\/www.waterskis.lv\\\/wp-content\\\/uploads\\\/2020\\\/01\\\/jumts.jpg\",\"datePublished\":\"2020-01-27T15:45:34+00:00\",\"dateModified\":\"2022-02-21T09:27:17+00:00\",\"description\":\"Pedal boat SUN SLIDER\\\/SUN DOLPHIN canopy.Waterskis.lv - established manufacturers, high quality, good price. Boat rental in Jurmala\",\"breadcrumb\":{\"@id\":\"https:\\\/\\\/www.waterskis.lv\\\/en\\\/product\\\/pedal-boat-sun-slider-sun-dolphin-canopy\\\/#breadcrumb\"},\"inLanguage\":\"en-US\",\"potentialAction\":[{\"@type\":\"ReadAction\",\"target\":[\"https:\\\/\\\/www.waterskis.lv\\\/en\\\/product\\\/pedal-boat-sun-slider-sun-dolphin-canopy\\\/\"]}]},{\"@type\":\"ImageObject\",\"inLanguage\":\"en-US\",\"@id\":\"https:\\\/\\\/www.waterskis.lv\\\/en\\\/product\\\/pedal-boat-sun-slider-sun-dolphin-canopy\\\/#primaryimage\",\"url\":\"https:\\\/\\\/www.waterskis.lv\\\/wp-content\\\/uploads\\\/2020\\\/01\\\/jumts.jpg\",\"contentUrl\":\"https:\\\/\\\/www.waterskis.lv\\\/wp-content\\\/uploads\\\/2020\\\/01\\\/jumts.jpg\",\"width\":578,\"height\":450,\"caption\":\"Pedal boat SUN SLIDER\\\/SUN DOLPHIN canopy\"},{\"@type\":\"BreadcrumbList\",\"@id\":\"https:\\\/\\\/www.waterskis.lv\\\/en\\\/product\\\/pedal-boat-sun-slider-sun-dolphin-canopy\\\/#breadcrumb\",\"itemListElement\":[{\"@type\":\"ListItem\",\"position\":1,\"name\":\"Home\",\"item\":\"https:\\\/\\\/www.waterskis.lv\\\/en\\\/\"},{\"@type\":\"ListItem\",\"position\":2,\"name\":\"Shop\",\"item\":\"https:\\\/\\\/waterskis.lv\\\/en\\\/shop\\\/\"},{\"@type\":\"ListItem\",\"position\":3,\"name\":\"Pedal boat SUN SLIDER\\\/SUN DOLPHIN canopy\"}]},{\"@type\":\"WebSite\",\"@id\":\"https:\\\/\\\/www.waterskis.lv\\\/en\\\/#website\",\"url\":\"https:\\\/\\\/www.waterskis.lv\\\/en\\\/\",\"name\":\"WATERSKIS.LV\",\"description\":\"SUP d\u0113\u013ci, kajaki, kanoe, airu laivas, \u016bdenssl\u0113po\u0161ana, veikbords, SUP d\u0113\u013cu noma, kajaku nomaakt\u012bv\u0101s atp\u016btas centrs, laivu noma, sup noma, kajaku noma\",\"publisher\":{\"@id\":\"https:\\\/\\\/www.waterskis.lv\\\/en\\\/#organization\"},\"potentialAction\":[{\"@type\":\"SearchAction\",\"target\":{\"@type\":\"EntryPoint\",\"urlTemplate\":\"https:\\\/\\\/www.waterskis.lv\\\/en\\\/?s={search_term_string}\"},\"query-input\":{\"@type\":\"PropertyValueSpecification\",\"valueRequired\":true,\"valueName\":\"search_term_string\"}}],\"inLanguage\":\"en-US\"},{\"@type\":\"Organization\",\"@id\":\"https:\\\/\\\/www.waterskis.lv\\\/en\\\/#organization\",\"name\":\"WATERSKIS.LV\",\"url\":\"https:\\\/\\\/www.waterskis.lv\\\/en\\\/\",\"logo\":{\"@type\":\"ImageObject\",\"inLanguage\":\"en-US\",\"@id\":\"https:\\\/\\\/www.waterskis.lv\\\/en\\\/#\\\/schema\\\/logo\\\/image\\\/\",\"url\":\"https:\\\/\\\/www.waterskis.lv\\\/wp-content\\\/uploads\\\/2025\\\/01\\\/JUVP-logo.png\",\"contentUrl\":\"https:\\\/\\\/www.waterskis.lv\\\/wp-content\\\/uploads\\\/2025\\\/01\\\/JUVP-logo.png\",\"width\":421,\"height\":202,\"caption\":\"WATERSKIS.LV\"},\"image\":{\"@id\":\"https:\\\/\\\/www.waterskis.lv\\\/en\\\/#\\\/schema\\\/logo\\\/image\\\/\"},\"sameAs\":[\"https:\\\/\\\/www.facebook.com\\\/jurmalawaterskiwakeboardpark\\\/\"]}]}<\/script>\n<!-- \/ Yoast SEO plugin. -->","yoast_head_json":{"title":"Pedal boat SUN SLIDER\/SUN DOLPHIN canopy - WATERSKIS.LV","description":"Pedal boat SUN SLIDER\/SUN DOLPHIN canopy.Waterskis.lv - established manufacturers, high quality, good price. Boat rental in Jurmala","robots":{"index":"index","follow":"follow","max-snippet":"max-snippet:-1","max-image-preview":"max-image-preview:large","max-video-preview":"max-video-preview:-1"},"canonical":"https:\/\/www.waterskis.lv\/en\/product\/pedal-boat-sun-slider-sun-dolphin-canopy\/","og_locale":"en_US","og_type":"article","og_title":"Pedal boat SUN SLIDER\/SUN DOLPHIN canopy - WATERSKIS.LV","og_description":"Pedal boat SUN SLIDER\/SUN DOLPHIN canopy.Waterskis.lv - established manufacturers, high quality, good price. Boat rental in Jurmala","og_url":"https:\/\/www.waterskis.lv\/en\/product\/pedal-boat-sun-slider-sun-dolphin-canopy\/","og_site_name":"WATERSKIS.LV","article_publisher":"https:\/\/www.facebook.com\/jurmalawaterskiwakeboardpark\/","article_modified_time":"2022-02-21T09:27:17+00:00","og_image":[{"width":578,"height":450,"url":"https:\/\/www.waterskis.lv\/wp-content\/uploads\/2020\/01\/jumts.jpg","type":"image\/jpeg"}],"twitter_card":"summary_large_image","schema":{"@context":"https:\/\/schema.org","@graph":[{"@type":"WebPage","@id":"https:\/\/www.waterskis.lv\/en\/product\/pedal-boat-sun-slider-sun-dolphin-canopy\/","url":"https:\/\/www.waterskis.lv\/en\/product\/pedal-boat-sun-slider-sun-dolphin-canopy\/","name":"Pedal boat SUN SLIDER\/SUN DOLPHIN canopy - WATERSKIS.LV","isPartOf":{"@id":"https:\/\/www.waterskis.lv\/en\/#website"},"primaryImageOfPage":{"@id":"https:\/\/www.waterskis.lv\/en\/product\/pedal-boat-sun-slider-sun-dolphin-canopy\/#primaryimage"},"image":{"@id":"https:\/\/www.waterskis.lv\/en\/product\/pedal-boat-sun-slider-sun-dolphin-canopy\/#primaryimage"},"thumbnailUrl":"https:\/\/www.waterskis.lv\/wp-content\/uploads\/2020\/01\/jumts.jpg","datePublished":"2020-01-27T15:45:34+00:00","dateModified":"2022-02-21T09:27:17+00:00","description":"Pedal boat SUN SLIDER\/SUN DOLPHIN canopy.Waterskis.lv - established manufacturers, high quality, good price. Boat rental in Jurmala","breadcrumb":{"@id":"https:\/\/www.waterskis.lv\/en\/product\/pedal-boat-sun-slider-sun-dolphin-canopy\/#breadcrumb"},"inLanguage":"en-US","potentialAction":[{"@type":"ReadAction","target":["https:\/\/www.waterskis.lv\/en\/product\/pedal-boat-sun-slider-sun-dolphin-canopy\/"]}]},{"@type":"ImageObject","inLanguage":"en-US","@id":"https:\/\/www.waterskis.lv\/en\/product\/pedal-boat-sun-slider-sun-dolphin-canopy\/#primaryimage","url":"https:\/\/www.waterskis.lv\/wp-content\/uploads\/2020\/01\/jumts.jpg","contentUrl":"https:\/\/www.waterskis.lv\/wp-content\/uploads\/2020\/01\/jumts.jpg","width":578,"height":450,"caption":"Pedal boat SUN SLIDER\/SUN DOLPHIN canopy"},{"@type":"BreadcrumbList","@id":"https:\/\/www.waterskis.lv\/en\/product\/pedal-boat-sun-slider-sun-dolphin-canopy\/#breadcrumb","itemListElement":[{"@type":"ListItem","position":1,"name":"Home","item":"https:\/\/www.waterskis.lv\/en\/"},{"@type":"ListItem","position":2,"name":"Shop","item":"https:\/\/waterskis.lv\/en\/shop\/"},{"@type":"ListItem","position":3,"name":"Pedal boat SUN SLIDER\/SUN DOLPHIN canopy"}]},{"@type":"WebSite","@id":"https:\/\/www.waterskis.lv\/en\/#website","url":"https:\/\/www.waterskis.lv\/en\/","name":"WATERSKIS.LV","description":"SUP d\u0113\u013ci, kajaki, kanoe, airu laivas, \u016bdenssl\u0113po\u0161ana, veikbords, SUP d\u0113\u013cu noma, kajaku nomaakt\u012bv\u0101s atp\u016btas centrs, laivu noma, sup noma, kajaku noma","publisher":{"@id":"https:\/\/www.waterskis.lv\/en\/#organization"},"potentialAction":[{"@type":"SearchAction","target":{"@type":"EntryPoint","urlTemplate":"https:\/\/www.waterskis.lv\/en\/?s={search_term_string}"},"query-input":{"@type":"PropertyValueSpecification","valueRequired":true,"valueName":"search_term_string"}}],"inLanguage":"en-US"},{"@type":"Organization","@id":"https:\/\/www.waterskis.lv\/en\/#organization","name":"WATERSKIS.LV","url":"https:\/\/www.waterskis.lv\/en\/","logo":{"@type":"ImageObject","inLanguage":"en-US","@id":"https:\/\/www.waterskis.lv\/en\/#\/schema\/logo\/image\/","url":"https:\/\/www.waterskis.lv\/wp-content\/uploads\/2025\/01\/JUVP-logo.png","contentUrl":"https:\/\/www.waterskis.lv\/wp-content\/uploads\/2025\/01\/JUVP-logo.png","width":421,"height":202,"caption":"WATERSKIS.LV"},"image":{"@id":"https:\/\/www.waterskis.lv\/en\/#\/schema\/logo\/image\/"},"sameAs":["https:\/\/www.facebook.com\/jurmalawaterskiwakeboardpark\/"]}]}},"_links":{"self":[{"href":"https:\/\/www.waterskis.lv\/en\/wp-json\/wp\/v2\/product\/24954","targetHints":{"allow":["GET"]}}],"collection":[{"href":"https:\/\/www.waterskis.lv\/en\/wp-json\/wp\/v2\/product"}],"about":[{"href":"https:\/\/www.waterskis.lv\/en\/wp-json\/wp\/v2\/types\/product"}],"replies":[{"embeddable":true,"href":"https:\/\/www.waterskis.lv\/en\/wp-json\/wp\/v2\/comments?post=24954"}],"wp:featuredmedia":[{"embeddable":true,"href":"https:\/\/www.waterskis.lv\/en\/wp-json\/wp\/v2\/media\/13808"}],"wp:attachment":[{"href":"https:\/\/www.waterskis.lv\/en\/wp-json\/wp\/v2\/media?parent=24954"}],"wp:term":[{"taxonomy":"product_brand","embeddable":true,"href":"https:\/\/www.waterskis.lv\/en\/wp-json\/wp\/v2\/product_brand?post=24954"},{"taxonomy":"product_cat","embeddable":true,"href":"https:\/\/www.waterskis.lv\/en\/wp-json\/wp\/v2\/product_cat?post=24954"},{"taxonomy":"product_tag","embeddable":true,"href":"https:\/\/www.waterskis.lv\/en\/wp-json\/wp\/v2\/product_tag?post=24954"}],"curies":[{"name":"wp","href":"https:\/\/api.w.org\/{rel}","templated":true}]}}