{"id":24991,"date":"2020-10-09T07:54:33","date_gmt":"2020-10-09T04:54:33","guid":{"rendered":"https:\/\/www.waterskis.lv\/product\/airu-laiva-pella-mini-light\/"},"modified":"2026-02-04T19:34:32","modified_gmt":"2026-02-04T17:34:32","slug":"airu-laiva-pella-mini-light","status":"publish","type":"product","link":"https:\/\/www.waterskis.lv\/en\/product\/airu-laiva-pella-mini-light\/","title":{"rendered":"Paddle boat Pella Mini Light"},"content":{"rendered":"<h1>Paddle boat Pella Mini Light<\/h1>\n<p>Paddle boat Pella Mini Light<\/p>\n<p>Recommended rowing length 225 cm<\/p>\n<p>Technical parameters:<\/p>\n<p>Length: 400 cm<br \/>\nWidth: 145 cm<br \/>\nBoard height: 50 cm<br \/>\nWeight: 60 kg<br \/>\nLifting capacity: 290 kg<br \/>\nNumber of places: 3<\/p>\n<p>Manufacturer: Latvia<\/p>\n","protected":false},"excerpt":{"rendered":"<p>[caption id=\"attachment_19908\" align=\"alignnone\" width=\"300\"]<img decoding=\"async\" class=\"size-medium wp-image-19908\" src=\"https:\/\/waterskis.lv\/wp-content\/uploads\/2020\/10\/PellaMini-300x116.jpg\" alt=\"Airu laiva PELLA MINI LIGHT\" width=\"300\" height=\"116\" srcset=\"https:\/\/www.waterskis.lv\/wp-content\/uploads\/2020\/10\/PellaMini-300x116.jpg 300w, https:\/\/www.waterskis.lv\/wp-content\/uploads\/2020\/10\/PellaMini.jpg 480w\" sizes=\"(max-width: 300px) 100vw, 300px\" \/> Airu laiva PELLA MINI LIGHT[\/caption] [&#8230;]<\/p>\n<p><a class=\"btn btn-secondary understrap-read-more-link\" href=\"https:\/\/www.waterskis.lv\/en\/product\/airu-laiva-pella-mini-light\/\">Read More&#8230;<\/a><\/p>\n","protected":false},"featured_media":66430,"comment_status":"closed","ping_status":"closed","template":"","meta":{"_acf_changed":false,"inline_featured_image":false},"product_brand":[3376],"product_cat":[571,944],"product_tag":[2769,2770,3337,3339,3340,2773,3341,3342,3343,3344,3345,3346,3347],"class_list":{"0":"post-24991","1":"product","2":"type-product","3":"status-publish","4":"has-post-thumbnail","6":"product_brand-dole-marine","7":"product_cat-boats","8":"product_cat-fiberglass-paddle-boats","9":"product_tag-airu-laiva","10":"product_tag-airu-laiva-makskeresanai","11":"product_tag-airu-laivas","12":"product_tag-boats","13":"product_tag-fiberglass-boats","14":"product_tag-laivas","15":"product_tag-paddle-boats","16":"product_tag-rowing-boats","17":"product_tag-stiklaskiedras-laivas","18":"product_tag-3344","19":"product_tag-3345","20":"product_tag-3346","21":"product_tag-3347","23":"first","24":"instock","25":"shipping-taxable","26":"purchasable","27":"product-type-simple"},"acf":[],"yoast_head":"<!-- This site is optimized with the Yoast SEO plugin v27.3 - https:\/\/yoast.com\/product\/yoast-seo-wordpress\/ -->\n<title>Paddle boat Pella Mini Light - WATERSKIS.LV<\/title>\n<meta name=\"description\" content=\"Paddle boat Pella Mini Light. Length: 400 cmWidth: 145 cmBoard height: 50 cmWeight: 60 kgLifting capacity: 290 kgNumber of places: 3Manufacturer: Latvia\" \/>\n<meta name=\"robots\" content=\"index, follow, max-snippet:-1, max-image-preview:large, max-video-preview:-1\" \/>\n<link rel=\"canonical\" href=\"https:\/\/www.waterskis.lv\/en\/product\/airu-laiva-pella-mini-light\/\" \/>\n<meta property=\"og:locale\" content=\"en_US\" \/>\n<meta property=\"og:type\" content=\"article\" \/>\n<meta property=\"og:title\" content=\"Paddle boat Pella Mini\" \/>\n<meta property=\"og:description\" content=\"Paddle boat Pella Mini light. Airu laiva Pella Mini Light\u00a0Klasiska airu laiva mak\u0161\u0137er\u0113\u0161anai un atp\u016btai brauk\u0161anai ar airiem un elektro motoru.Daudzu laivu nomu un mak\u0161\u0137ernieku piepras\u012bts modelis. Gaisa pontoni nodro\u0161ina laivas peldsp\u0113ju un dro\u0161\u012bbu.Rekomend\u0113jamais airu garums 225 cmTehniskie parametri:Garums: 400 cmPlatums:\u00a0 145 cmBorta augstums: 50 cmSvars: 60 kgCeltsp\u0113ja: 290 kgVietu skaits: 3\" \/>\n<meta property=\"og:url\" content=\"https:\/\/www.waterskis.lv\/en\/product\/airu-laiva-pella-mini-light\/\" \/>\n<meta property=\"og:site_name\" content=\"WATERSKIS.LV\" \/>\n<meta property=\"article:publisher\" content=\"https:\/\/www.facebook.com\/jurmalawaterskiwakeboardpark\/\" \/>\n<meta property=\"article:modified_time\" content=\"2026-02-04T17:34:32+00:00\" \/>\n<meta property=\"og:image\" content=\"https:\/\/www.waterskis.lv\/wp-content\/uploads\/2020\/10\/Mono-300x300.jpeg\" \/>\n<meta name=\"twitter:card\" content=\"summary_large_image\" \/>\n<meta name=\"twitter:label1\" content=\"Est. reading time\" \/>\n\t<meta name=\"twitter:data1\" content=\"1 minute\" \/>\n<script type=\"application\/ld+json\" class=\"yoast-schema-graph\">{\"@context\":\"https:\\\/\\\/schema.org\",\"@graph\":[{\"@type\":\"WebPage\",\"@id\":\"https:\\\/\\\/www.waterskis.lv\\\/en\\\/product\\\/airu-laiva-pella-mini-light\\\/\",\"url\":\"https:\\\/\\\/www.waterskis.lv\\\/en\\\/product\\\/airu-laiva-pella-mini-light\\\/\",\"name\":\"Paddle boat Pella Mini Light - WATERSKIS.LV\",\"isPartOf\":{\"@id\":\"https:\\\/\\\/www.waterskis.lv\\\/en\\\/#website\"},\"primaryImageOfPage\":{\"@id\":\"https:\\\/\\\/www.waterskis.lv\\\/en\\\/product\\\/airu-laiva-pella-mini-light\\\/#primaryimage\"},\"image\":{\"@id\":\"https:\\\/\\\/www.waterskis.lv\\\/en\\\/product\\\/airu-laiva-pella-mini-light\\\/#primaryimage\"},\"thumbnailUrl\":\"https:\\\/\\\/www.waterskis.lv\\\/wp-content\\\/uploads\\\/2020\\\/10\\\/57844cfc-f93c-4034-af61-4ad5a4357983.jpg\",\"datePublished\":\"2020-10-09T04:54:33+00:00\",\"dateModified\":\"2026-02-04T17:34:32+00:00\",\"description\":\"Paddle boat Pella Mini Light. Length: 400 cmWidth: 145 cmBoard height: 50 cmWeight: 60 kgLifting capacity: 290 kgNumber of places: 3Manufacturer: Latvia\",\"breadcrumb\":{\"@id\":\"https:\\\/\\\/www.waterskis.lv\\\/en\\\/product\\\/airu-laiva-pella-mini-light\\\/#breadcrumb\"},\"inLanguage\":\"en-US\",\"potentialAction\":[{\"@type\":\"ReadAction\",\"target\":[\"https:\\\/\\\/www.waterskis.lv\\\/en\\\/product\\\/airu-laiva-pella-mini-light\\\/\"]}]},{\"@type\":\"ImageObject\",\"inLanguage\":\"en-US\",\"@id\":\"https:\\\/\\\/www.waterskis.lv\\\/en\\\/product\\\/airu-laiva-pella-mini-light\\\/#primaryimage\",\"url\":\"https:\\\/\\\/www.waterskis.lv\\\/wp-content\\\/uploads\\\/2020\\\/10\\\/57844cfc-f93c-4034-af61-4ad5a4357983.jpg\",\"contentUrl\":\"https:\\\/\\\/www.waterskis.lv\\\/wp-content\\\/uploads\\\/2020\\\/10\\\/57844cfc-f93c-4034-af61-4ad5a4357983.jpg\",\"width\":1153,\"height\":2048,\"caption\":\"Airu laiva Pella Mini Light\"},{\"@type\":\"BreadcrumbList\",\"@id\":\"https:\\\/\\\/www.waterskis.lv\\\/en\\\/product\\\/airu-laiva-pella-mini-light\\\/#breadcrumb\",\"itemListElement\":[{\"@type\":\"ListItem\",\"position\":1,\"name\":\"Home\",\"item\":\"https:\\\/\\\/www.waterskis.lv\\\/en\\\/\"},{\"@type\":\"ListItem\",\"position\":2,\"name\":\"Shop\",\"item\":\"https:\\\/\\\/waterskis.lv\\\/en\\\/shop\\\/\"},{\"@type\":\"ListItem\",\"position\":3,\"name\":\"Paddle boat Pella Mini Light\"}]},{\"@type\":\"WebSite\",\"@id\":\"https:\\\/\\\/www.waterskis.lv\\\/en\\\/#website\",\"url\":\"https:\\\/\\\/www.waterskis.lv\\\/en\\\/\",\"name\":\"WATERSKIS.LV\",\"description\":\"SUP d\u0113\u013ci, kajaki, kanoe, airu laivas, \u016bdenssl\u0113po\u0161ana, veikbords, SUP d\u0113\u013cu noma, kajaku nomaakt\u012bv\u0101s atp\u016btas centrs, laivu noma, sup noma, kajaku noma\",\"publisher\":{\"@id\":\"https:\\\/\\\/www.waterskis.lv\\\/en\\\/#organization\"},\"potentialAction\":[{\"@type\":\"SearchAction\",\"target\":{\"@type\":\"EntryPoint\",\"urlTemplate\":\"https:\\\/\\\/www.waterskis.lv\\\/en\\\/?s={search_term_string}\"},\"query-input\":{\"@type\":\"PropertyValueSpecification\",\"valueRequired\":true,\"valueName\":\"search_term_string\"}}],\"inLanguage\":\"en-US\"},{\"@type\":\"Organization\",\"@id\":\"https:\\\/\\\/www.waterskis.lv\\\/en\\\/#organization\",\"name\":\"WATERSKIS.LV\",\"url\":\"https:\\\/\\\/www.waterskis.lv\\\/en\\\/\",\"logo\":{\"@type\":\"ImageObject\",\"inLanguage\":\"en-US\",\"@id\":\"https:\\\/\\\/www.waterskis.lv\\\/en\\\/#\\\/schema\\\/logo\\\/image\\\/\",\"url\":\"https:\\\/\\\/www.waterskis.lv\\\/wp-content\\\/uploads\\\/2025\\\/01\\\/JUVP-logo.png\",\"contentUrl\":\"https:\\\/\\\/www.waterskis.lv\\\/wp-content\\\/uploads\\\/2025\\\/01\\\/JUVP-logo.png\",\"width\":421,\"height\":202,\"caption\":\"WATERSKIS.LV\"},\"image\":{\"@id\":\"https:\\\/\\\/www.waterskis.lv\\\/en\\\/#\\\/schema\\\/logo\\\/image\\\/\"},\"sameAs\":[\"https:\\\/\\\/www.facebook.com\\\/jurmalawaterskiwakeboardpark\\\/\"]}]}<\/script>\n<!-- \/ Yoast SEO plugin. -->","yoast_head_json":{"title":"Paddle boat Pella Mini Light - WATERSKIS.LV","description":"Paddle boat Pella Mini Light. Length: 400 cmWidth: 145 cmBoard height: 50 cmWeight: 60 kgLifting capacity: 290 kgNumber of places: 3Manufacturer: Latvia","robots":{"index":"index","follow":"follow","max-snippet":"max-snippet:-1","max-image-preview":"max-image-preview:large","max-video-preview":"max-video-preview:-1"},"canonical":"https:\/\/www.waterskis.lv\/en\/product\/airu-laiva-pella-mini-light\/","og_locale":"en_US","og_type":"article","og_title":"Paddle boat Pella Mini","og_description":"Paddle boat Pella Mini light. Airu laiva Pella Mini Light\u00a0Klasiska airu laiva mak\u0161\u0137er\u0113\u0161anai un atp\u016btai brauk\u0161anai ar airiem un elektro motoru.Daudzu laivu nomu un mak\u0161\u0137ernieku piepras\u012bts modelis. Gaisa pontoni nodro\u0161ina laivas peldsp\u0113ju un dro\u0161\u012bbu.Rekomend\u0113jamais airu garums 225 cmTehniskie parametri:Garums: 400 cmPlatums:\u00a0 145 cmBorta augstums: 50 cmSvars: 60 kgCeltsp\u0113ja: 290 kgVietu skaits: 3","og_url":"https:\/\/www.waterskis.lv\/en\/product\/airu-laiva-pella-mini-light\/","og_site_name":"WATERSKIS.LV","article_publisher":"https:\/\/www.facebook.com\/jurmalawaterskiwakeboardpark\/","article_modified_time":"2026-02-04T17:34:32+00:00","og_image":[{"url":"https:\/\/www.waterskis.lv\/wp-content\/uploads\/2020\/10\/Mono-300x300.jpeg","type":"","width":"","height":""}],"twitter_card":"summary_large_image","twitter_misc":{"Est. reading time":"1 minute"},"schema":{"@context":"https:\/\/schema.org","@graph":[{"@type":"WebPage","@id":"https:\/\/www.waterskis.lv\/en\/product\/airu-laiva-pella-mini-light\/","url":"https:\/\/www.waterskis.lv\/en\/product\/airu-laiva-pella-mini-light\/","name":"Paddle boat Pella Mini Light - WATERSKIS.LV","isPartOf":{"@id":"https:\/\/www.waterskis.lv\/en\/#website"},"primaryImageOfPage":{"@id":"https:\/\/www.waterskis.lv\/en\/product\/airu-laiva-pella-mini-light\/#primaryimage"},"image":{"@id":"https:\/\/www.waterskis.lv\/en\/product\/airu-laiva-pella-mini-light\/#primaryimage"},"thumbnailUrl":"https:\/\/www.waterskis.lv\/wp-content\/uploads\/2020\/10\/57844cfc-f93c-4034-af61-4ad5a4357983.jpg","datePublished":"2020-10-09T04:54:33+00:00","dateModified":"2026-02-04T17:34:32+00:00","description":"Paddle boat Pella Mini Light. Length: 400 cmWidth: 145 cmBoard height: 50 cmWeight: 60 kgLifting capacity: 290 kgNumber of places: 3Manufacturer: Latvia","breadcrumb":{"@id":"https:\/\/www.waterskis.lv\/en\/product\/airu-laiva-pella-mini-light\/#breadcrumb"},"inLanguage":"en-US","potentialAction":[{"@type":"ReadAction","target":["https:\/\/www.waterskis.lv\/en\/product\/airu-laiva-pella-mini-light\/"]}]},{"@type":"ImageObject","inLanguage":"en-US","@id":"https:\/\/www.waterskis.lv\/en\/product\/airu-laiva-pella-mini-light\/#primaryimage","url":"https:\/\/www.waterskis.lv\/wp-content\/uploads\/2020\/10\/57844cfc-f93c-4034-af61-4ad5a4357983.jpg","contentUrl":"https:\/\/www.waterskis.lv\/wp-content\/uploads\/2020\/10\/57844cfc-f93c-4034-af61-4ad5a4357983.jpg","width":1153,"height":2048,"caption":"Airu laiva Pella Mini Light"},{"@type":"BreadcrumbList","@id":"https:\/\/www.waterskis.lv\/en\/product\/airu-laiva-pella-mini-light\/#breadcrumb","itemListElement":[{"@type":"ListItem","position":1,"name":"Home","item":"https:\/\/www.waterskis.lv\/en\/"},{"@type":"ListItem","position":2,"name":"Shop","item":"https:\/\/waterskis.lv\/en\/shop\/"},{"@type":"ListItem","position":3,"name":"Paddle boat Pella Mini Light"}]},{"@type":"WebSite","@id":"https:\/\/www.waterskis.lv\/en\/#website","url":"https:\/\/www.waterskis.lv\/en\/","name":"WATERSKIS.LV","description":"SUP d\u0113\u013ci, kajaki, kanoe, airu laivas, \u016bdenssl\u0113po\u0161ana, veikbords, SUP d\u0113\u013cu noma, kajaku nomaakt\u012bv\u0101s atp\u016btas centrs, laivu noma, sup noma, kajaku noma","publisher":{"@id":"https:\/\/www.waterskis.lv\/en\/#organization"},"potentialAction":[{"@type":"SearchAction","target":{"@type":"EntryPoint","urlTemplate":"https:\/\/www.waterskis.lv\/en\/?s={search_term_string}"},"query-input":{"@type":"PropertyValueSpecification","valueRequired":true,"valueName":"search_term_string"}}],"inLanguage":"en-US"},{"@type":"Organization","@id":"https:\/\/www.waterskis.lv\/en\/#organization","name":"WATERSKIS.LV","url":"https:\/\/www.waterskis.lv\/en\/","logo":{"@type":"ImageObject","inLanguage":"en-US","@id":"https:\/\/www.waterskis.lv\/en\/#\/schema\/logo\/image\/","url":"https:\/\/www.waterskis.lv\/wp-content\/uploads\/2025\/01\/JUVP-logo.png","contentUrl":"https:\/\/www.waterskis.lv\/wp-content\/uploads\/2025\/01\/JUVP-logo.png","width":421,"height":202,"caption":"WATERSKIS.LV"},"image":{"@id":"https:\/\/www.waterskis.lv\/en\/#\/schema\/logo\/image\/"},"sameAs":["https:\/\/www.facebook.com\/jurmalawaterskiwakeboardpark\/"]}]}},"_links":{"self":[{"href":"https:\/\/www.waterskis.lv\/en\/wp-json\/wp\/v2\/product\/24991","targetHints":{"allow":["GET"]}}],"collection":[{"href":"https:\/\/www.waterskis.lv\/en\/wp-json\/wp\/v2\/product"}],"about":[{"href":"https:\/\/www.waterskis.lv\/en\/wp-json\/wp\/v2\/types\/product"}],"replies":[{"embeddable":true,"href":"https:\/\/www.waterskis.lv\/en\/wp-json\/wp\/v2\/comments?post=24991"}],"wp:featuredmedia":[{"embeddable":true,"href":"https:\/\/www.waterskis.lv\/en\/wp-json\/wp\/v2\/media\/66430"}],"wp:attachment":[{"href":"https:\/\/www.waterskis.lv\/en\/wp-json\/wp\/v2\/media?parent=24991"}],"wp:term":[{"taxonomy":"product_brand","embeddable":true,"href":"https:\/\/www.waterskis.lv\/en\/wp-json\/wp\/v2\/product_brand?post=24991"},{"taxonomy":"product_cat","embeddable":true,"href":"https:\/\/www.waterskis.lv\/en\/wp-json\/wp\/v2\/product_cat?post=24991"},{"taxonomy":"product_tag","embeddable":true,"href":"https:\/\/www.waterskis.lv\/en\/wp-json\/wp\/v2\/product_tag?post=24991"}],"curies":[{"name":"wp","href":"https:\/\/api.w.org\/{rel}","templated":true}]}}