{"id":24992,"date":"2020-10-09T08:01:38","date_gmt":"2020-10-09T05:01:38","guid":{"rendered":"https:\/\/www.waterskis.lv\/product\/airu-laiva-pella-mini\/"},"modified":"2026-02-04T19:26:44","modified_gmt":"2026-02-04T17:26:44","slug":"airu-laiva-pella-mini","status":"publish","type":"product","link":"https:\/\/www.waterskis.lv\/en\/product\/airu-laiva-pella-mini\/","title":{"rendered":"Paddle boat PELLA MINI"},"content":{"rendered":"<h1>Paddle boat PELLA MINI<\/h1>\n<p>Paddle boat PELLA MINI<\/p>\n<p>Recommended rowing length 225 cm<\/p>\n<p>Technical parameters:<\/p>\n<p>Length: 400 cm<br \/>\nWidth: 145 cm<br \/>\nBoard height: 55 cm<br \/>\nWeight: 73 kg<br \/>\nLifting capacity: 350 kg<br \/>\nNumber of places: 3<br \/>\nEngine: 4 HP<\/p>\n","protected":false},"excerpt":{"rendered":"<p>[caption id=\"attachment_31016\" align=\"alignnone\" width=\"300\"]<img decoding=\"async\" class=\"size-medium wp-image-31016\" src=\"https:\/\/www.waterskis.lv\/wp-content\/uploads\/2020\/10\/PellaMini2-300x225.jpg\" alt=\"Airu laiva PELLA MINI\" width=\"300\" height=\"225\" srcset=\"https:\/\/www.waterskis.lv\/wp-content\/uploads\/2020\/10\/PellaMini2-300x225.jpg 300w, https:\/\/www.waterskis.lv\/wp-content\/uploads\/2020\/10\/PellaMini2-600x450.jpg 600w, https:\/\/www.waterskis.lv\/wp-content\/uploads\/2020\/10\/PellaMini2-700x525.jpg 700w, https:\/\/www.waterskis.lv\/wp-content\/uploads\/2020\/10\/PellaMini2-768x576.jpg 768w, https:\/\/www.waterskis.lv\/wp-content\/uploads\/2020\/10\/PellaMini2-1536x1152.jpg 1536w, https:\/\/www.waterskis.lv\/wp-content\/uploads\/2020\/10\/PellaMini2.jpg 1600w\" sizes=\"(max-width: 300px) 100vw, 300px\" \/> Airu laiva PELLA MINI[\/caption] [&#8230;]<\/p>\n<p><a class=\"btn btn-secondary understrap-read-more-link\" href=\"https:\/\/www.waterskis.lv\/en\/product\/airu-laiva-pella-mini\/\">Read More&#8230;<\/a><\/p>\n","protected":false},"featured_media":19909,"comment_status":"closed","ping_status":"closed","template":"","meta":{"_acf_changed":false,"inline_featured_image":false},"product_brand":[3376],"product_cat":[571,944],"product_tag":[2769,2770,3337,3436,3339,3415,3340,2773,3341,3342,3343,3344,3345,3346,3347],"class_list":{"0":"post-24992","1":"product","2":"type-product","3":"status-publish","4":"has-post-thumbnail","6":"product_brand-dole-marine","7":"product_cat-boats","8":"product_cat-fiberglass-paddle-boats","9":"product_tag-airu-laiva","10":"product_tag-airu-laiva-makskeresanai","11":"product_tag-airu-laivas","12":"product_tag-airu-laivu-veikals","13":"product_tag-boats","14":"product_tag-dole-marine","15":"product_tag-fiberglass-boats","16":"product_tag-laivas","17":"product_tag-paddle-boats","18":"product_tag-rowing-boats","19":"product_tag-stiklaskiedras-laivas","20":"product_tag-3344","21":"product_tag-3345","22":"product_tag-3346","23":"product_tag-3347","25":"first","26":"instock","27":"shipping-taxable","28":"purchasable","29":"product-type-simple"},"acf":[],"yoast_head":"<!-- This site is optimized with the Yoast SEO plugin v27.4 - https:\/\/yoast.com\/product\/yoast-seo-wordpress\/ -->\n<title>Paddle boat PELLA MINI - WATERSKIS.LV<\/title>\n<meta name=\"description\" content=\"Paddle boat PELLA MINI. Recommended padle length 225 cm Parameters. Length: 400 cm Width: 145 cm Height: 55 cm Weight: 73 kg Lifting capacity 350 kg seats 3\" \/>\n<meta name=\"robots\" content=\"index, follow, max-snippet:-1, max-image-preview:large, max-video-preview:-1\" \/>\n<link rel=\"canonical\" href=\"https:\/\/www.waterskis.lv\/en\/product\/airu-laiva-pella-mini\/\" \/>\n<meta property=\"og:locale\" content=\"en_US\" \/>\n<meta property=\"og:type\" content=\"article\" \/>\n<meta property=\"og:title\" content=\"Paddle boat PELLA MINI\" \/>\n<meta property=\"og:description\" content=\"Paddle boat PELLA MINI Recommended rowing length 225 cm Technical parameters: Length: 400 cm Width: 145 cm Board height: 55 cm Weight: 73 kg Lifting capacity: 350 kg Number of places: 3 Engine: 4 HP\" \/>\n<meta property=\"og:url\" content=\"https:\/\/www.waterskis.lv\/en\/product\/airu-laiva-pella-mini\/\" \/>\n<meta property=\"og:site_name\" content=\"WATERSKIS.LV\" \/>\n<meta property=\"article:publisher\" content=\"https:\/\/www.facebook.com\/jurmalawaterskiwakeboardpark\/\" \/>\n<meta property=\"article:modified_time\" content=\"2026-02-04T17:26:44+00:00\" \/>\n<meta property=\"og:image\" content=\"https:\/\/www.waterskis.lv\/wp-content\/uploads\/2020\/10\/PellaMini1.jpg\" \/>\n<meta name=\"twitter:card\" content=\"summary_large_image\" \/>\n<meta name=\"twitter:title\" content=\"Paddle boat PELLA MINI\" \/>\n<meta name=\"twitter:description\" content=\"Paddle boat PELLA MINI Recommended rowing length 225 cm Technical parameters: Length: 400 cm Width: 145 cm Board height: 55 cm Weight: 73 kg Lifting capacity: 350 kg Number of places: 3 Engine: 4 HP\" \/>\n<meta name=\"twitter:image\" content=\"https:\/\/www.waterskis.lv\/wp-content\/uploads\/2020\/10\/PellaMini1.jpg\" \/>\n<meta name=\"twitter:label1\" content=\"Est. reading time\" \/>\n\t<meta name=\"twitter:data1\" content=\"1 minute\" \/>\n<script type=\"application\/ld+json\" class=\"yoast-schema-graph\">{\"@context\":\"https:\\\/\\\/schema.org\",\"@graph\":[{\"@type\":\"WebPage\",\"@id\":\"https:\\\/\\\/www.waterskis.lv\\\/en\\\/product\\\/airu-laiva-pella-mini\\\/\",\"url\":\"https:\\\/\\\/www.waterskis.lv\\\/en\\\/product\\\/airu-laiva-pella-mini\\\/\",\"name\":\"Paddle boat PELLA MINI - WATERSKIS.LV\",\"isPartOf\":{\"@id\":\"https:\\\/\\\/www.waterskis.lv\\\/en\\\/#website\"},\"primaryImageOfPage\":{\"@id\":\"https:\\\/\\\/www.waterskis.lv\\\/en\\\/product\\\/airu-laiva-pella-mini\\\/#primaryimage\"},\"image\":{\"@id\":\"https:\\\/\\\/www.waterskis.lv\\\/en\\\/product\\\/airu-laiva-pella-mini\\\/#primaryimage\"},\"thumbnailUrl\":\"https:\\\/\\\/www.waterskis.lv\\\/wp-content\\\/uploads\\\/2020\\\/10\\\/PellaMini.jpg\",\"datePublished\":\"2020-10-09T05:01:38+00:00\",\"dateModified\":\"2026-02-04T17:26:44+00:00\",\"description\":\"Paddle boat PELLA MINI. Recommended padle length 225 cm Parameters. Length: 400 cm Width: 145 cm Height: 55 cm Weight: 73 kg Lifting capacity 350 kg seats 3\",\"breadcrumb\":{\"@id\":\"https:\\\/\\\/www.waterskis.lv\\\/en\\\/product\\\/airu-laiva-pella-mini\\\/#breadcrumb\"},\"inLanguage\":\"en-US\",\"potentialAction\":[{\"@type\":\"ReadAction\",\"target\":[\"https:\\\/\\\/www.waterskis.lv\\\/en\\\/product\\\/airu-laiva-pella-mini\\\/\"]}]},{\"@type\":\"ImageObject\",\"inLanguage\":\"en-US\",\"@id\":\"https:\\\/\\\/www.waterskis.lv\\\/en\\\/product\\\/airu-laiva-pella-mini\\\/#primaryimage\",\"url\":\"https:\\\/\\\/www.waterskis.lv\\\/wp-content\\\/uploads\\\/2020\\\/10\\\/PellaMini.jpg\",\"contentUrl\":\"https:\\\/\\\/www.waterskis.lv\\\/wp-content\\\/uploads\\\/2020\\\/10\\\/PellaMini.jpg\",\"width\":480,\"height\":185,\"caption\":\"Paddle boat Pella Mini\"},{\"@type\":\"BreadcrumbList\",\"@id\":\"https:\\\/\\\/www.waterskis.lv\\\/en\\\/product\\\/airu-laiva-pella-mini\\\/#breadcrumb\",\"itemListElement\":[{\"@type\":\"ListItem\",\"position\":1,\"name\":\"Home\",\"item\":\"https:\\\/\\\/www.waterskis.lv\\\/en\\\/\"},{\"@type\":\"ListItem\",\"position\":2,\"name\":\"Shop\",\"item\":\"https:\\\/\\\/waterskis.lv\\\/en\\\/shop\\\/\"},{\"@type\":\"ListItem\",\"position\":3,\"name\":\"Paddle boat PELLA MINI\"}]},{\"@type\":\"WebSite\",\"@id\":\"https:\\\/\\\/www.waterskis.lv\\\/en\\\/#website\",\"url\":\"https:\\\/\\\/www.waterskis.lv\\\/en\\\/\",\"name\":\"WATERSKIS.LV\",\"description\":\"SUP d\u0113\u013ci, kajaki, kanoe, airu laivas, \u016bdenssl\u0113po\u0161ana, veikbords, SUP d\u0113\u013cu noma, kajaku nomaakt\u012bv\u0101s atp\u016btas centrs, laivu noma, sup noma, kajaku noma\",\"publisher\":{\"@id\":\"https:\\\/\\\/www.waterskis.lv\\\/en\\\/#organization\"},\"potentialAction\":[{\"@type\":\"SearchAction\",\"target\":{\"@type\":\"EntryPoint\",\"urlTemplate\":\"https:\\\/\\\/www.waterskis.lv\\\/en\\\/?s={search_term_string}\"},\"query-input\":{\"@type\":\"PropertyValueSpecification\",\"valueRequired\":true,\"valueName\":\"search_term_string\"}}],\"inLanguage\":\"en-US\"},{\"@type\":\"Organization\",\"@id\":\"https:\\\/\\\/www.waterskis.lv\\\/en\\\/#organization\",\"name\":\"WATERSKIS.LV\",\"url\":\"https:\\\/\\\/www.waterskis.lv\\\/en\\\/\",\"logo\":{\"@type\":\"ImageObject\",\"inLanguage\":\"en-US\",\"@id\":\"https:\\\/\\\/www.waterskis.lv\\\/en\\\/#\\\/schema\\\/logo\\\/image\\\/\",\"url\":\"https:\\\/\\\/www.waterskis.lv\\\/wp-content\\\/uploads\\\/2025\\\/01\\\/JUVP-logo.png\",\"contentUrl\":\"https:\\\/\\\/www.waterskis.lv\\\/wp-content\\\/uploads\\\/2025\\\/01\\\/JUVP-logo.png\",\"width\":421,\"height\":202,\"caption\":\"WATERSKIS.LV\"},\"image\":{\"@id\":\"https:\\\/\\\/www.waterskis.lv\\\/en\\\/#\\\/schema\\\/logo\\\/image\\\/\"},\"sameAs\":[\"https:\\\/\\\/www.facebook.com\\\/jurmalawaterskiwakeboardpark\\\/\"]}]}<\/script>\n<!-- \/ Yoast SEO plugin. -->","yoast_head_json":{"title":"Paddle boat PELLA MINI - WATERSKIS.LV","description":"Paddle boat PELLA MINI. Recommended padle length 225 cm Parameters. Length: 400 cm Width: 145 cm Height: 55 cm Weight: 73 kg Lifting capacity 350 kg seats 3","robots":{"index":"index","follow":"follow","max-snippet":"max-snippet:-1","max-image-preview":"max-image-preview:large","max-video-preview":"max-video-preview:-1"},"canonical":"https:\/\/www.waterskis.lv\/en\/product\/airu-laiva-pella-mini\/","og_locale":"en_US","og_type":"article","og_title":"Paddle boat PELLA MINI","og_description":"Paddle boat PELLA MINI Recommended rowing length 225 cm Technical parameters: Length: 400 cm Width: 145 cm Board height: 55 cm Weight: 73 kg Lifting capacity: 350 kg Number of places: 3 Engine: 4 HP","og_url":"https:\/\/www.waterskis.lv\/en\/product\/airu-laiva-pella-mini\/","og_site_name":"WATERSKIS.LV","article_publisher":"https:\/\/www.facebook.com\/jurmalawaterskiwakeboardpark\/","article_modified_time":"2026-02-04T17:26:44+00:00","og_image":[{"url":"https:\/\/www.waterskis.lv\/wp-content\/uploads\/2020\/10\/PellaMini1.jpg","type":"","width":"","height":""}],"twitter_card":"summary_large_image","twitter_title":"Paddle boat PELLA MINI","twitter_description":"Paddle boat PELLA MINI Recommended rowing length 225 cm Technical parameters: Length: 400 cm Width: 145 cm Board height: 55 cm Weight: 73 kg Lifting capacity: 350 kg Number of places: 3 Engine: 4 HP","twitter_image":"https:\/\/www.waterskis.lv\/wp-content\/uploads\/2020\/10\/PellaMini1.jpg","twitter_misc":{"Est. reading time":"1 minute"},"schema":{"@context":"https:\/\/schema.org","@graph":[{"@type":"WebPage","@id":"https:\/\/www.waterskis.lv\/en\/product\/airu-laiva-pella-mini\/","url":"https:\/\/www.waterskis.lv\/en\/product\/airu-laiva-pella-mini\/","name":"Paddle boat PELLA MINI - WATERSKIS.LV","isPartOf":{"@id":"https:\/\/www.waterskis.lv\/en\/#website"},"primaryImageOfPage":{"@id":"https:\/\/www.waterskis.lv\/en\/product\/airu-laiva-pella-mini\/#primaryimage"},"image":{"@id":"https:\/\/www.waterskis.lv\/en\/product\/airu-laiva-pella-mini\/#primaryimage"},"thumbnailUrl":"https:\/\/www.waterskis.lv\/wp-content\/uploads\/2020\/10\/PellaMini.jpg","datePublished":"2020-10-09T05:01:38+00:00","dateModified":"2026-02-04T17:26:44+00:00","description":"Paddle boat PELLA MINI. Recommended padle length 225 cm Parameters. Length: 400 cm Width: 145 cm Height: 55 cm Weight: 73 kg Lifting capacity 350 kg seats 3","breadcrumb":{"@id":"https:\/\/www.waterskis.lv\/en\/product\/airu-laiva-pella-mini\/#breadcrumb"},"inLanguage":"en-US","potentialAction":[{"@type":"ReadAction","target":["https:\/\/www.waterskis.lv\/en\/product\/airu-laiva-pella-mini\/"]}]},{"@type":"ImageObject","inLanguage":"en-US","@id":"https:\/\/www.waterskis.lv\/en\/product\/airu-laiva-pella-mini\/#primaryimage","url":"https:\/\/www.waterskis.lv\/wp-content\/uploads\/2020\/10\/PellaMini.jpg","contentUrl":"https:\/\/www.waterskis.lv\/wp-content\/uploads\/2020\/10\/PellaMini.jpg","width":480,"height":185,"caption":"Paddle boat Pella Mini"},{"@type":"BreadcrumbList","@id":"https:\/\/www.waterskis.lv\/en\/product\/airu-laiva-pella-mini\/#breadcrumb","itemListElement":[{"@type":"ListItem","position":1,"name":"Home","item":"https:\/\/www.waterskis.lv\/en\/"},{"@type":"ListItem","position":2,"name":"Shop","item":"https:\/\/waterskis.lv\/en\/shop\/"},{"@type":"ListItem","position":3,"name":"Paddle boat PELLA MINI"}]},{"@type":"WebSite","@id":"https:\/\/www.waterskis.lv\/en\/#website","url":"https:\/\/www.waterskis.lv\/en\/","name":"WATERSKIS.LV","description":"SUP d\u0113\u013ci, kajaki, kanoe, airu laivas, \u016bdenssl\u0113po\u0161ana, veikbords, SUP d\u0113\u013cu noma, kajaku nomaakt\u012bv\u0101s atp\u016btas centrs, laivu noma, sup noma, kajaku noma","publisher":{"@id":"https:\/\/www.waterskis.lv\/en\/#organization"},"potentialAction":[{"@type":"SearchAction","target":{"@type":"EntryPoint","urlTemplate":"https:\/\/www.waterskis.lv\/en\/?s={search_term_string}"},"query-input":{"@type":"PropertyValueSpecification","valueRequired":true,"valueName":"search_term_string"}}],"inLanguage":"en-US"},{"@type":"Organization","@id":"https:\/\/www.waterskis.lv\/en\/#organization","name":"WATERSKIS.LV","url":"https:\/\/www.waterskis.lv\/en\/","logo":{"@type":"ImageObject","inLanguage":"en-US","@id":"https:\/\/www.waterskis.lv\/en\/#\/schema\/logo\/image\/","url":"https:\/\/www.waterskis.lv\/wp-content\/uploads\/2025\/01\/JUVP-logo.png","contentUrl":"https:\/\/www.waterskis.lv\/wp-content\/uploads\/2025\/01\/JUVP-logo.png","width":421,"height":202,"caption":"WATERSKIS.LV"},"image":{"@id":"https:\/\/www.waterskis.lv\/en\/#\/schema\/logo\/image\/"},"sameAs":["https:\/\/www.facebook.com\/jurmalawaterskiwakeboardpark\/"]}]}},"_links":{"self":[{"href":"https:\/\/www.waterskis.lv\/en\/wp-json\/wp\/v2\/product\/24992","targetHints":{"allow":["GET"]}}],"collection":[{"href":"https:\/\/www.waterskis.lv\/en\/wp-json\/wp\/v2\/product"}],"about":[{"href":"https:\/\/www.waterskis.lv\/en\/wp-json\/wp\/v2\/types\/product"}],"replies":[{"embeddable":true,"href":"https:\/\/www.waterskis.lv\/en\/wp-json\/wp\/v2\/comments?post=24992"}],"wp:featuredmedia":[{"embeddable":true,"href":"https:\/\/www.waterskis.lv\/en\/wp-json\/wp\/v2\/media\/19909"}],"wp:attachment":[{"href":"https:\/\/www.waterskis.lv\/en\/wp-json\/wp\/v2\/media?parent=24992"}],"wp:term":[{"taxonomy":"product_brand","embeddable":true,"href":"https:\/\/www.waterskis.lv\/en\/wp-json\/wp\/v2\/product_brand?post=24992"},{"taxonomy":"product_cat","embeddable":true,"href":"https:\/\/www.waterskis.lv\/en\/wp-json\/wp\/v2\/product_cat?post=24992"},{"taxonomy":"product_tag","embeddable":true,"href":"https:\/\/www.waterskis.lv\/en\/wp-json\/wp\/v2\/product_tag?post=24992"}],"curies":[{"name":"wp","href":"https:\/\/api.w.org\/{rel}","templated":true}]}}