{"id":25004,"date":"2020-10-30T08:01:49","date_gmt":"2020-10-30T05:01:49","guid":{"rendered":"https:\/\/www.waterskis.lv\/product\/kombinetais-airis-tnp-801-0\/"},"modified":"2026-02-07T07:03:58","modified_gmt":"2026-02-07T05:03:58","slug":"combination-paddle-tnp-801-0","status":"publish","type":"product","link":"https:\/\/www.waterskis.lv\/en\/product\/combination-paddle-tnp-801-0\/","title":{"rendered":"Combination paddle TNP 801.0"},"content":{"rendered":"<div class=\"block_content1 rte active\">\n<h1>Combination paddle TNP 801.0<\/h1>\n<p>Combination paddle TNP 801.0<\/p>\n<p>TNP 801.0 paddles is a combination of kayak and canoe paddle. You can either opt for 1 kayak paddle or assamble 2 canoe paddles. Excellent for family trip.<\/p>\n<p>This paddle is well suitable for both kayaking and canoeing.<\/p>\n<\/div>\n<p id=\"table-data\" class=\"page-product-heading\">DATA SHEET<\/p>\n<table class=\"block_content2 table-data-sheet\">\n<tbody>\n<tr class=\"odd\">\n<td>Type<\/td>\n<td>Combination paddle<\/td>\n<\/tr>\n<tr class=\"even\">\n<td>Shaft material<\/td>\n<td>aluminum<\/td>\n<\/tr>\n<tr class=\"odd\">\n<td>Number of parts<\/td>\n<td>4<\/td>\n<\/tr>\n<tr class=\"even\">\n<td>Blade material<\/td>\n<td>HDPE<\/td>\n<\/tr>\n<tr class=\"odd\">\n<td>Blade surface<\/td>\n<td>736 cm2<\/td>\n<\/tr>\n<tr class=\"even\">\n<td>Feather angle<\/td>\n<td>0+65 R<\/td>\n<\/tr>\n<tr class=\"odd\">\n<td>Joint type<\/td>\n<td>Spring-Button ferrule<\/td>\n<\/tr>\n<tr class=\"even\">\n<td>Purpose of usage<\/td>\n<td>Universal usage<\/td>\n<\/tr>\n<tr class=\"odd\">\n<td>Country of origin<\/td>\n<td>Czech Republic<\/td>\n<\/tr>\n<\/tbody>\n<\/table>\n<p>Color: blue, black, red, yellow<\/p>\n<p>Length cm: 220\/ 150 + 160, 230\/ 160+170<\/p>\n<p><iframe title=\"TNP HDPE paddle blades production: recycling plastic offcut\" width=\"640\" height=\"360\" src=\"https:\/\/www.youtube.com\/embed\/mpOQhXmmNmU?feature=oembed\" frameborder=\"0\" allow=\"accelerometer; autoplay; clipboard-write; encrypted-media; gyroscope; picture-in-picture; web-share\" referrerpolicy=\"strict-origin-when-cross-origin\" allowfullscreen><\/iframe><\/p>\n","protected":false},"excerpt":{"rendered":"<p>https:\/\/www.youtube.com\/watch?v=RY-39a4pYs4&amp;t=152s<\/p>\n<p>https:\/\/www.youtube.com\/watch?v=mpOQhXmmNmU [&#8230;]<\/p>\n<p><a class=\"btn btn-secondary understrap-read-more-link\" href=\"https:\/\/www.waterskis.lv\/en\/product\/combination-paddle-tnp-801-0\/\">Read More&#8230;<\/a><\/p>\n","protected":false},"featured_media":21764,"comment_status":"closed","ping_status":"closed","template":"","meta":{"_acf_changed":false,"inline_featured_image":false},"product_brand":[2822],"product_cat":[554,678,533,673],"product_tag":[3495,3496,3555,3545,3544,3542,3497,3564,3565,3543,3498],"class_list":{"0":"post-25004","1":"product","2":"type-product","3":"status-publish","4":"has-post-thumbnail","6":"product_brand-tnp","7":"product_cat-canoe-paddles","8":"product_cat-combined-paddles","9":"product_cat-kayak-paddles","10":"product_cat-paddles-oars","11":"product_tag-kajaka-airis","12":"product_tag-kayak-paddle","13":"product_tag-kombinetais-sup-kajaka-airis","14":"product_tag-paddleboard-paddles","15":"product_tag-sup-board-paddles","16":"product_tag-sup-delu-airi","17":"product_tag-tnp","18":"product_tag-tnp-kajaka-airis","19":"product_tag-tnp-sup-dela-airis","20":"product_tag---sup-","21":"product_tag-3498","23":"first","24":"instock","25":"shipping-taxable","26":"purchasable","27":"product-type-simple"},"acf":[],"yoast_head":"<!-- This site is optimized with the Yoast SEO plugin v27.4 - https:\/\/yoast.com\/product\/yoast-seo-wordpress\/ -->\n<title>Combination paddle TNP 801.0 - WATERSKIS.LV<\/title>\n<meta name=\"description\" content=\"Combination paddle TNP 801.0 is a combination of kayak and canoe paddle. You can either opt for 1 kayak paddle or assemble 2 canoe paddles.\" \/>\n<meta name=\"robots\" content=\"index, follow, max-snippet:-1, max-image-preview:large, max-video-preview:-1\" \/>\n<link rel=\"canonical\" href=\"https:\/\/www.waterskis.lv\/en\/product\/combination-paddle-tnp-801-0\/\" \/>\n<meta property=\"og:locale\" content=\"en_US\" \/>\n<meta property=\"og:type\" content=\"article\" \/>\n<meta property=\"og:title\" content=\"Combination paddle TNP 801.0 - WATERSKIS.LV\" \/>\n<meta property=\"og:description\" content=\"Combination paddle TNP 801.0 is a combination of kayak and canoe paddle. You can either opt for 1 kayak paddle or assemble 2 canoe paddles.\" \/>\n<meta property=\"og:url\" content=\"https:\/\/www.waterskis.lv\/en\/product\/combination-paddle-tnp-801-0\/\" \/>\n<meta property=\"og:site_name\" content=\"WATERSKIS.LV\" \/>\n<meta property=\"article:publisher\" content=\"https:\/\/www.facebook.com\/jurmalawaterskiwakeboardpark\/\" \/>\n<meta property=\"article:modified_time\" content=\"2026-02-07T05:03:58+00:00\" \/>\n<meta property=\"og:image\" content=\"https:\/\/www.waterskis.lv\/wp-content\/uploads\/2020\/10\/combination-paddle-tnp-8010.jpg\" \/>\n\t<meta property=\"og:image:width\" content=\"1000\" \/>\n\t<meta property=\"og:image:height\" content=\"1000\" \/>\n\t<meta property=\"og:image:type\" content=\"image\/jpeg\" \/>\n<meta name=\"twitter:card\" content=\"summary_large_image\" \/>\n<meta name=\"twitter:label1\" content=\"Est. reading time\" \/>\n\t<meta name=\"twitter:data1\" content=\"1 minute\" \/>\n<script type=\"application\/ld+json\" class=\"yoast-schema-graph\">{\"@context\":\"https:\\\/\\\/schema.org\",\"@graph\":[{\"@type\":\"WebPage\",\"@id\":\"https:\\\/\\\/www.waterskis.lv\\\/en\\\/product\\\/combination-paddle-tnp-801-0\\\/\",\"url\":\"https:\\\/\\\/www.waterskis.lv\\\/en\\\/product\\\/combination-paddle-tnp-801-0\\\/\",\"name\":\"Combination paddle TNP 801.0 - WATERSKIS.LV\",\"isPartOf\":{\"@id\":\"https:\\\/\\\/www.waterskis.lv\\\/en\\\/#website\"},\"primaryImageOfPage\":{\"@id\":\"https:\\\/\\\/www.waterskis.lv\\\/en\\\/product\\\/combination-paddle-tnp-801-0\\\/#primaryimage\"},\"image\":{\"@id\":\"https:\\\/\\\/www.waterskis.lv\\\/en\\\/product\\\/combination-paddle-tnp-801-0\\\/#primaryimage\"},\"thumbnailUrl\":\"https:\\\/\\\/www.waterskis.lv\\\/wp-content\\\/uploads\\\/2020\\\/10\\\/combination-paddle-tnp-8010.jpg\",\"datePublished\":\"2020-10-30T05:01:49+00:00\",\"dateModified\":\"2026-02-07T05:03:58+00:00\",\"description\":\"Combination paddle TNP 801.0 is a combination of kayak and canoe paddle. You can either opt for 1 kayak paddle or assemble 2 canoe paddles.\",\"breadcrumb\":{\"@id\":\"https:\\\/\\\/www.waterskis.lv\\\/en\\\/product\\\/combination-paddle-tnp-801-0\\\/#breadcrumb\"},\"inLanguage\":\"en-US\",\"potentialAction\":[{\"@type\":\"ReadAction\",\"target\":[\"https:\\\/\\\/www.waterskis.lv\\\/en\\\/product\\\/combination-paddle-tnp-801-0\\\/\"]}]},{\"@type\":\"ImageObject\",\"inLanguage\":\"en-US\",\"@id\":\"https:\\\/\\\/www.waterskis.lv\\\/en\\\/product\\\/combination-paddle-tnp-801-0\\\/#primaryimage\",\"url\":\"https:\\\/\\\/www.waterskis.lv\\\/wp-content\\\/uploads\\\/2020\\\/10\\\/combination-paddle-tnp-8010.jpg\",\"contentUrl\":\"https:\\\/\\\/www.waterskis.lv\\\/wp-content\\\/uploads\\\/2020\\\/10\\\/combination-paddle-tnp-8010.jpg\",\"width\":1000,\"height\":1000,\"caption\":\"Combination paddle TNP 801.0\"},{\"@type\":\"BreadcrumbList\",\"@id\":\"https:\\\/\\\/www.waterskis.lv\\\/en\\\/product\\\/combination-paddle-tnp-801-0\\\/#breadcrumb\",\"itemListElement\":[{\"@type\":\"ListItem\",\"position\":1,\"name\":\"Home\",\"item\":\"https:\\\/\\\/www.waterskis.lv\\\/en\\\/\"},{\"@type\":\"ListItem\",\"position\":2,\"name\":\"Shop\",\"item\":\"https:\\\/\\\/waterskis.lv\\\/en\\\/shop\\\/\"},{\"@type\":\"ListItem\",\"position\":3,\"name\":\"Combination paddle TNP 801.0\"}]},{\"@type\":\"WebSite\",\"@id\":\"https:\\\/\\\/www.waterskis.lv\\\/en\\\/#website\",\"url\":\"https:\\\/\\\/www.waterskis.lv\\\/en\\\/\",\"name\":\"WATERSKIS.LV\",\"description\":\"SUP d\u0113\u013ci, kajaki, kanoe, airu laivas, \u016bdenssl\u0113po\u0161ana, veikbords, SUP d\u0113\u013cu noma, kajaku nomaakt\u012bv\u0101s atp\u016btas centrs, laivu noma, sup noma, kajaku noma\",\"publisher\":{\"@id\":\"https:\\\/\\\/www.waterskis.lv\\\/en\\\/#organization\"},\"potentialAction\":[{\"@type\":\"SearchAction\",\"target\":{\"@type\":\"EntryPoint\",\"urlTemplate\":\"https:\\\/\\\/www.waterskis.lv\\\/en\\\/?s={search_term_string}\"},\"query-input\":{\"@type\":\"PropertyValueSpecification\",\"valueRequired\":true,\"valueName\":\"search_term_string\"}}],\"inLanguage\":\"en-US\"},{\"@type\":\"Organization\",\"@id\":\"https:\\\/\\\/www.waterskis.lv\\\/en\\\/#organization\",\"name\":\"WATERSKIS.LV\",\"url\":\"https:\\\/\\\/www.waterskis.lv\\\/en\\\/\",\"logo\":{\"@type\":\"ImageObject\",\"inLanguage\":\"en-US\",\"@id\":\"https:\\\/\\\/www.waterskis.lv\\\/en\\\/#\\\/schema\\\/logo\\\/image\\\/\",\"url\":\"https:\\\/\\\/www.waterskis.lv\\\/wp-content\\\/uploads\\\/2025\\\/01\\\/JUVP-logo.png\",\"contentUrl\":\"https:\\\/\\\/www.waterskis.lv\\\/wp-content\\\/uploads\\\/2025\\\/01\\\/JUVP-logo.png\",\"width\":421,\"height\":202,\"caption\":\"WATERSKIS.LV\"},\"image\":{\"@id\":\"https:\\\/\\\/www.waterskis.lv\\\/en\\\/#\\\/schema\\\/logo\\\/image\\\/\"},\"sameAs\":[\"https:\\\/\\\/www.facebook.com\\\/jurmalawaterskiwakeboardpark\\\/\"]}]}<\/script>\n<!-- \/ Yoast SEO plugin. -->","yoast_head_json":{"title":"Combination paddle TNP 801.0 - WATERSKIS.LV","description":"Combination paddle TNP 801.0 is a combination of kayak and canoe paddle. You can either opt for 1 kayak paddle or assemble 2 canoe paddles.","robots":{"index":"index","follow":"follow","max-snippet":"max-snippet:-1","max-image-preview":"max-image-preview:large","max-video-preview":"max-video-preview:-1"},"canonical":"https:\/\/www.waterskis.lv\/en\/product\/combination-paddle-tnp-801-0\/","og_locale":"en_US","og_type":"article","og_title":"Combination paddle TNP 801.0 - WATERSKIS.LV","og_description":"Combination paddle TNP 801.0 is a combination of kayak and canoe paddle. You can either opt for 1 kayak paddle or assemble 2 canoe paddles.","og_url":"https:\/\/www.waterskis.lv\/en\/product\/combination-paddle-tnp-801-0\/","og_site_name":"WATERSKIS.LV","article_publisher":"https:\/\/www.facebook.com\/jurmalawaterskiwakeboardpark\/","article_modified_time":"2026-02-07T05:03:58+00:00","og_image":[{"width":1000,"height":1000,"url":"https:\/\/www.waterskis.lv\/wp-content\/uploads\/2020\/10\/combination-paddle-tnp-8010.jpg","type":"image\/jpeg"}],"twitter_card":"summary_large_image","twitter_misc":{"Est. reading time":"1 minute"},"schema":{"@context":"https:\/\/schema.org","@graph":[{"@type":"WebPage","@id":"https:\/\/www.waterskis.lv\/en\/product\/combination-paddle-tnp-801-0\/","url":"https:\/\/www.waterskis.lv\/en\/product\/combination-paddle-tnp-801-0\/","name":"Combination paddle TNP 801.0 - WATERSKIS.LV","isPartOf":{"@id":"https:\/\/www.waterskis.lv\/en\/#website"},"primaryImageOfPage":{"@id":"https:\/\/www.waterskis.lv\/en\/product\/combination-paddle-tnp-801-0\/#primaryimage"},"image":{"@id":"https:\/\/www.waterskis.lv\/en\/product\/combination-paddle-tnp-801-0\/#primaryimage"},"thumbnailUrl":"https:\/\/www.waterskis.lv\/wp-content\/uploads\/2020\/10\/combination-paddle-tnp-8010.jpg","datePublished":"2020-10-30T05:01:49+00:00","dateModified":"2026-02-07T05:03:58+00:00","description":"Combination paddle TNP 801.0 is a combination of kayak and canoe paddle. You can either opt for 1 kayak paddle or assemble 2 canoe paddles.","breadcrumb":{"@id":"https:\/\/www.waterskis.lv\/en\/product\/combination-paddle-tnp-801-0\/#breadcrumb"},"inLanguage":"en-US","potentialAction":[{"@type":"ReadAction","target":["https:\/\/www.waterskis.lv\/en\/product\/combination-paddle-tnp-801-0\/"]}]},{"@type":"ImageObject","inLanguage":"en-US","@id":"https:\/\/www.waterskis.lv\/en\/product\/combination-paddle-tnp-801-0\/#primaryimage","url":"https:\/\/www.waterskis.lv\/wp-content\/uploads\/2020\/10\/combination-paddle-tnp-8010.jpg","contentUrl":"https:\/\/www.waterskis.lv\/wp-content\/uploads\/2020\/10\/combination-paddle-tnp-8010.jpg","width":1000,"height":1000,"caption":"Combination paddle TNP 801.0"},{"@type":"BreadcrumbList","@id":"https:\/\/www.waterskis.lv\/en\/product\/combination-paddle-tnp-801-0\/#breadcrumb","itemListElement":[{"@type":"ListItem","position":1,"name":"Home","item":"https:\/\/www.waterskis.lv\/en\/"},{"@type":"ListItem","position":2,"name":"Shop","item":"https:\/\/waterskis.lv\/en\/shop\/"},{"@type":"ListItem","position":3,"name":"Combination paddle TNP 801.0"}]},{"@type":"WebSite","@id":"https:\/\/www.waterskis.lv\/en\/#website","url":"https:\/\/www.waterskis.lv\/en\/","name":"WATERSKIS.LV","description":"SUP d\u0113\u013ci, kajaki, kanoe, airu laivas, \u016bdenssl\u0113po\u0161ana, veikbords, SUP d\u0113\u013cu noma, kajaku nomaakt\u012bv\u0101s atp\u016btas centrs, laivu noma, sup noma, kajaku noma","publisher":{"@id":"https:\/\/www.waterskis.lv\/en\/#organization"},"potentialAction":[{"@type":"SearchAction","target":{"@type":"EntryPoint","urlTemplate":"https:\/\/www.waterskis.lv\/en\/?s={search_term_string}"},"query-input":{"@type":"PropertyValueSpecification","valueRequired":true,"valueName":"search_term_string"}}],"inLanguage":"en-US"},{"@type":"Organization","@id":"https:\/\/www.waterskis.lv\/en\/#organization","name":"WATERSKIS.LV","url":"https:\/\/www.waterskis.lv\/en\/","logo":{"@type":"ImageObject","inLanguage":"en-US","@id":"https:\/\/www.waterskis.lv\/en\/#\/schema\/logo\/image\/","url":"https:\/\/www.waterskis.lv\/wp-content\/uploads\/2025\/01\/JUVP-logo.png","contentUrl":"https:\/\/www.waterskis.lv\/wp-content\/uploads\/2025\/01\/JUVP-logo.png","width":421,"height":202,"caption":"WATERSKIS.LV"},"image":{"@id":"https:\/\/www.waterskis.lv\/en\/#\/schema\/logo\/image\/"},"sameAs":["https:\/\/www.facebook.com\/jurmalawaterskiwakeboardpark\/"]}]}},"_links":{"self":[{"href":"https:\/\/www.waterskis.lv\/en\/wp-json\/wp\/v2\/product\/25004","targetHints":{"allow":["GET"]}}],"collection":[{"href":"https:\/\/www.waterskis.lv\/en\/wp-json\/wp\/v2\/product"}],"about":[{"href":"https:\/\/www.waterskis.lv\/en\/wp-json\/wp\/v2\/types\/product"}],"replies":[{"embeddable":true,"href":"https:\/\/www.waterskis.lv\/en\/wp-json\/wp\/v2\/comments?post=25004"}],"wp:featuredmedia":[{"embeddable":true,"href":"https:\/\/www.waterskis.lv\/en\/wp-json\/wp\/v2\/media\/21764"}],"wp:attachment":[{"href":"https:\/\/www.waterskis.lv\/en\/wp-json\/wp\/v2\/media?parent=25004"}],"wp:term":[{"taxonomy":"product_brand","embeddable":true,"href":"https:\/\/www.waterskis.lv\/en\/wp-json\/wp\/v2\/product_brand?post=25004"},{"taxonomy":"product_cat","embeddable":true,"href":"https:\/\/www.waterskis.lv\/en\/wp-json\/wp\/v2\/product_cat?post=25004"},{"taxonomy":"product_tag","embeddable":true,"href":"https:\/\/www.waterskis.lv\/en\/wp-json\/wp\/v2\/product_tag?post=25004"}],"curies":[{"name":"wp","href":"https:\/\/api.w.org\/{rel}","templated":true}]}}