{"id":25022,"date":"2020-05-16T16:14:39","date_gmt":"2020-05-16T13:14:39","guid":{"rendered":"https:\/\/www.waterskis.lv\/product\/airu-plastmasas-lapstina-2\/"},"modified":"2026-02-07T07:27:04","modified_gmt":"2026-02-07T05:27:04","slug":"oar-plastic-blade-1-unit","status":"publish","type":"product","link":"https:\/\/www.waterskis.lv\/en\/product\/oar-plastic-blade-1-unit\/","title":{"rendered":"Oar plastic blade 1 unit"},"content":{"rendered":"<h1>Oar plastic blade 1 unit<\/h1>\n<p>Oar plastic blade 1 unit<\/p>\n<ul>\n<li>Blades made from PPC with UV stabilizer<\/li>\n<li>Elastic material from which rowing blades are made ensure durability in high load conditions.<\/li>\n<li>Rowing paddles are easily to clash with wooden handles, providing a strong connection fixation.<\/li>\n<li>Rowing, with light movements, rowing paddles in the water creates a high resistance and fast boat&#8217;s movement.<\/li>\n<\/ul>\n<p>Color: green, white, blue<\/p>\n","protected":false},"excerpt":{"rendered":"<p>Oar plastic blade 1 unit Oar plastic blade 1 unit Blades made from PPC with UV stabilizer Elastic material from which rowing blades are made ensure durability in high load conditions. Rowing paddles are easily to clash with wooden handles, providing a strong connection fixation. Rowing, with light movements, rowing paddles in the water creates [&#8230;]<\/p>\n<p><a class=\"btn btn-secondary understrap-read-more-link\" href=\"https:\/\/www.waterskis.lv\/en\/product\/oar-plastic-blade-1-unit\/\">Read More&#8230;<\/a><\/p>\n","protected":false},"featured_media":28247,"comment_status":"closed","ping_status":"closed","template":"","meta":{"_acf_changed":false,"inline_featured_image":false},"product_brand":[],"product_cat":[571,679,744,673],"product_tag":[3592,3593,3595,3596,3597,3598],"class_list":{"0":"post-25022","1":"product","2":"type-product","3":"status-publish","4":"has-post-thumbnail","6":"product_cat-boats","7":"product_cat-paddle-accessories","8":"product_cat-paddle-boat-equipment","9":"product_cat-paddles-oars","10":"product_tag-airu-lapstinas","11":"product_tag-airu-plastmasas-lapstinas","12":"product_tag-oar-blades","13":"product_tag-oar-plastic-blades","14":"product_tag-3597","15":"product_tag-3598","16":"product_shipping_class-latvija-kurjers","18":"first","19":"instock","20":"shipping-taxable","21":"purchasable","22":"product-type-simple"},"acf":[],"yoast_head":"<!-- This site is optimized with the Yoast SEO plugin v27.4 - https:\/\/yoast.com\/product\/yoast-seo-wordpress\/ -->\n<title>Oar plastic blade 1 unit - WATERSKIS.LV<\/title>\n<meta name=\"description\" content=\"Oar plastic blade 1 unit. Blades made from PPC with UV stabilizer. Elastic material from which rowing blades are made ensure durability in high load conditi\" \/>\n<meta name=\"robots\" content=\"index, follow, max-snippet:-1, max-image-preview:large, max-video-preview:-1\" \/>\n<link rel=\"canonical\" href=\"https:\/\/www.waterskis.lv\/en\/product\/oar-plastic-blade-1-unit\/\" \/>\n<meta property=\"og:locale\" content=\"en_US\" \/>\n<meta property=\"og:type\" content=\"article\" \/>\n<meta property=\"og:title\" content=\"Oar plastic blade 1 unit - WATERSKIS.LV\" \/>\n<meta property=\"og:description\" content=\"Oar plastic blade 1 unit. Blades made from PPC with UV stabilizer. Elastic material from which rowing blades are made ensure durability in high load conditi\" \/>\n<meta property=\"og:url\" content=\"https:\/\/www.waterskis.lv\/en\/product\/oar-plastic-blade-1-unit\/\" \/>\n<meta property=\"og:site_name\" content=\"WATERSKIS.LV\" \/>\n<meta property=\"article:publisher\" content=\"https:\/\/www.facebook.com\/jurmalawaterskiwakeboardpark\/\" \/>\n<meta property=\"article:modified_time\" content=\"2026-02-07T05:27:04+00:00\" \/>\n<meta property=\"og:image\" content=\"https:\/\/www.waterskis.lv\/wp-content\/uploads\/2020\/05\/AiruLapstina.jpg\" \/>\n\t<meta property=\"og:image:width\" content=\"280\" \/>\n\t<meta property=\"og:image:height\" content=\"200\" \/>\n\t<meta property=\"og:image:type\" content=\"image\/jpeg\" \/>\n<meta name=\"twitter:card\" content=\"summary_large_image\" \/>\n<meta name=\"twitter:label1\" content=\"Est. reading time\" \/>\n\t<meta name=\"twitter:data1\" content=\"1 minute\" \/>\n<script type=\"application\/ld+json\" class=\"yoast-schema-graph\">{\"@context\":\"https:\\\/\\\/schema.org\",\"@graph\":[{\"@type\":\"WebPage\",\"@id\":\"https:\\\/\\\/www.waterskis.lv\\\/en\\\/product\\\/oar-plastic-blade-1-unit\\\/\",\"url\":\"https:\\\/\\\/www.waterskis.lv\\\/en\\\/product\\\/oar-plastic-blade-1-unit\\\/\",\"name\":\"Oar plastic blade 1 unit - WATERSKIS.LV\",\"isPartOf\":{\"@id\":\"https:\\\/\\\/www.waterskis.lv\\\/en\\\/#website\"},\"primaryImageOfPage\":{\"@id\":\"https:\\\/\\\/www.waterskis.lv\\\/en\\\/product\\\/oar-plastic-blade-1-unit\\\/#primaryimage\"},\"image\":{\"@id\":\"https:\\\/\\\/www.waterskis.lv\\\/en\\\/product\\\/oar-plastic-blade-1-unit\\\/#primaryimage\"},\"thumbnailUrl\":\"https:\\\/\\\/www.waterskis.lv\\\/wp-content\\\/uploads\\\/2020\\\/05\\\/AiruLapstina.jpg\",\"datePublished\":\"2020-05-16T13:14:39+00:00\",\"dateModified\":\"2026-02-07T05:27:04+00:00\",\"description\":\"Oar plastic blade 1 unit. Blades made from PPC with UV stabilizer. Elastic material from which rowing blades are made ensure durability in high load conditi\",\"breadcrumb\":{\"@id\":\"https:\\\/\\\/www.waterskis.lv\\\/en\\\/product\\\/oar-plastic-blade-1-unit\\\/#breadcrumb\"},\"inLanguage\":\"en-US\",\"potentialAction\":[{\"@type\":\"ReadAction\",\"target\":[\"https:\\\/\\\/www.waterskis.lv\\\/en\\\/product\\\/oar-plastic-blade-1-unit\\\/\"]}]},{\"@type\":\"ImageObject\",\"inLanguage\":\"en-US\",\"@id\":\"https:\\\/\\\/www.waterskis.lv\\\/en\\\/product\\\/oar-plastic-blade-1-unit\\\/#primaryimage\",\"url\":\"https:\\\/\\\/www.waterskis.lv\\\/wp-content\\\/uploads\\\/2020\\\/05\\\/AiruLapstina.jpg\",\"contentUrl\":\"https:\\\/\\\/www.waterskis.lv\\\/wp-content\\\/uploads\\\/2020\\\/05\\\/AiruLapstina.jpg\",\"width\":280,\"height\":200,\"caption\":\"Oar plastic blade\"},{\"@type\":\"BreadcrumbList\",\"@id\":\"https:\\\/\\\/www.waterskis.lv\\\/en\\\/product\\\/oar-plastic-blade-1-unit\\\/#breadcrumb\",\"itemListElement\":[{\"@type\":\"ListItem\",\"position\":1,\"name\":\"Home\",\"item\":\"https:\\\/\\\/www.waterskis.lv\\\/en\\\/\"},{\"@type\":\"ListItem\",\"position\":2,\"name\":\"Shop\",\"item\":\"https:\\\/\\\/waterskis.lv\\\/en\\\/shop\\\/\"},{\"@type\":\"ListItem\",\"position\":3,\"name\":\"Oar plastic blade 1 unit\"}]},{\"@type\":\"WebSite\",\"@id\":\"https:\\\/\\\/www.waterskis.lv\\\/en\\\/#website\",\"url\":\"https:\\\/\\\/www.waterskis.lv\\\/en\\\/\",\"name\":\"WATERSKIS.LV\",\"description\":\"SUP d\u0113\u013ci, kajaki, kanoe, airu laivas, \u016bdenssl\u0113po\u0161ana, veikbords, SUP d\u0113\u013cu noma, kajaku nomaakt\u012bv\u0101s atp\u016btas centrs, laivu noma, sup noma, kajaku noma\",\"publisher\":{\"@id\":\"https:\\\/\\\/www.waterskis.lv\\\/en\\\/#organization\"},\"potentialAction\":[{\"@type\":\"SearchAction\",\"target\":{\"@type\":\"EntryPoint\",\"urlTemplate\":\"https:\\\/\\\/www.waterskis.lv\\\/en\\\/?s={search_term_string}\"},\"query-input\":{\"@type\":\"PropertyValueSpecification\",\"valueRequired\":true,\"valueName\":\"search_term_string\"}}],\"inLanguage\":\"en-US\"},{\"@type\":\"Organization\",\"@id\":\"https:\\\/\\\/www.waterskis.lv\\\/en\\\/#organization\",\"name\":\"WATERSKIS.LV\",\"url\":\"https:\\\/\\\/www.waterskis.lv\\\/en\\\/\",\"logo\":{\"@type\":\"ImageObject\",\"inLanguage\":\"en-US\",\"@id\":\"https:\\\/\\\/www.waterskis.lv\\\/en\\\/#\\\/schema\\\/logo\\\/image\\\/\",\"url\":\"https:\\\/\\\/www.waterskis.lv\\\/wp-content\\\/uploads\\\/2025\\\/01\\\/JUVP-logo.png\",\"contentUrl\":\"https:\\\/\\\/www.waterskis.lv\\\/wp-content\\\/uploads\\\/2025\\\/01\\\/JUVP-logo.png\",\"width\":421,\"height\":202,\"caption\":\"WATERSKIS.LV\"},\"image\":{\"@id\":\"https:\\\/\\\/www.waterskis.lv\\\/en\\\/#\\\/schema\\\/logo\\\/image\\\/\"},\"sameAs\":[\"https:\\\/\\\/www.facebook.com\\\/jurmalawaterskiwakeboardpark\\\/\"]}]}<\/script>\n<!-- \/ Yoast SEO plugin. -->","yoast_head_json":{"title":"Oar plastic blade 1 unit - WATERSKIS.LV","description":"Oar plastic blade 1 unit. Blades made from PPC with UV stabilizer. Elastic material from which rowing blades are made ensure durability in high load conditi","robots":{"index":"index","follow":"follow","max-snippet":"max-snippet:-1","max-image-preview":"max-image-preview:large","max-video-preview":"max-video-preview:-1"},"canonical":"https:\/\/www.waterskis.lv\/en\/product\/oar-plastic-blade-1-unit\/","og_locale":"en_US","og_type":"article","og_title":"Oar plastic blade 1 unit - WATERSKIS.LV","og_description":"Oar plastic blade 1 unit. Blades made from PPC with UV stabilizer. Elastic material from which rowing blades are made ensure durability in high load conditi","og_url":"https:\/\/www.waterskis.lv\/en\/product\/oar-plastic-blade-1-unit\/","og_site_name":"WATERSKIS.LV","article_publisher":"https:\/\/www.facebook.com\/jurmalawaterskiwakeboardpark\/","article_modified_time":"2026-02-07T05:27:04+00:00","og_image":[{"width":280,"height":200,"url":"https:\/\/www.waterskis.lv\/wp-content\/uploads\/2020\/05\/AiruLapstina.jpg","type":"image\/jpeg"}],"twitter_card":"summary_large_image","twitter_misc":{"Est. reading time":"1 minute"},"schema":{"@context":"https:\/\/schema.org","@graph":[{"@type":"WebPage","@id":"https:\/\/www.waterskis.lv\/en\/product\/oar-plastic-blade-1-unit\/","url":"https:\/\/www.waterskis.lv\/en\/product\/oar-plastic-blade-1-unit\/","name":"Oar plastic blade 1 unit - WATERSKIS.LV","isPartOf":{"@id":"https:\/\/www.waterskis.lv\/en\/#website"},"primaryImageOfPage":{"@id":"https:\/\/www.waterskis.lv\/en\/product\/oar-plastic-blade-1-unit\/#primaryimage"},"image":{"@id":"https:\/\/www.waterskis.lv\/en\/product\/oar-plastic-blade-1-unit\/#primaryimage"},"thumbnailUrl":"https:\/\/www.waterskis.lv\/wp-content\/uploads\/2020\/05\/AiruLapstina.jpg","datePublished":"2020-05-16T13:14:39+00:00","dateModified":"2026-02-07T05:27:04+00:00","description":"Oar plastic blade 1 unit. Blades made from PPC with UV stabilizer. Elastic material from which rowing blades are made ensure durability in high load conditi","breadcrumb":{"@id":"https:\/\/www.waterskis.lv\/en\/product\/oar-plastic-blade-1-unit\/#breadcrumb"},"inLanguage":"en-US","potentialAction":[{"@type":"ReadAction","target":["https:\/\/www.waterskis.lv\/en\/product\/oar-plastic-blade-1-unit\/"]}]},{"@type":"ImageObject","inLanguage":"en-US","@id":"https:\/\/www.waterskis.lv\/en\/product\/oar-plastic-blade-1-unit\/#primaryimage","url":"https:\/\/www.waterskis.lv\/wp-content\/uploads\/2020\/05\/AiruLapstina.jpg","contentUrl":"https:\/\/www.waterskis.lv\/wp-content\/uploads\/2020\/05\/AiruLapstina.jpg","width":280,"height":200,"caption":"Oar plastic blade"},{"@type":"BreadcrumbList","@id":"https:\/\/www.waterskis.lv\/en\/product\/oar-plastic-blade-1-unit\/#breadcrumb","itemListElement":[{"@type":"ListItem","position":1,"name":"Home","item":"https:\/\/www.waterskis.lv\/en\/"},{"@type":"ListItem","position":2,"name":"Shop","item":"https:\/\/waterskis.lv\/en\/shop\/"},{"@type":"ListItem","position":3,"name":"Oar plastic blade 1 unit"}]},{"@type":"WebSite","@id":"https:\/\/www.waterskis.lv\/en\/#website","url":"https:\/\/www.waterskis.lv\/en\/","name":"WATERSKIS.LV","description":"SUP d\u0113\u013ci, kajaki, kanoe, airu laivas, \u016bdenssl\u0113po\u0161ana, veikbords, SUP d\u0113\u013cu noma, kajaku nomaakt\u012bv\u0101s atp\u016btas centrs, laivu noma, sup noma, kajaku noma","publisher":{"@id":"https:\/\/www.waterskis.lv\/en\/#organization"},"potentialAction":[{"@type":"SearchAction","target":{"@type":"EntryPoint","urlTemplate":"https:\/\/www.waterskis.lv\/en\/?s={search_term_string}"},"query-input":{"@type":"PropertyValueSpecification","valueRequired":true,"valueName":"search_term_string"}}],"inLanguage":"en-US"},{"@type":"Organization","@id":"https:\/\/www.waterskis.lv\/en\/#organization","name":"WATERSKIS.LV","url":"https:\/\/www.waterskis.lv\/en\/","logo":{"@type":"ImageObject","inLanguage":"en-US","@id":"https:\/\/www.waterskis.lv\/en\/#\/schema\/logo\/image\/","url":"https:\/\/www.waterskis.lv\/wp-content\/uploads\/2025\/01\/JUVP-logo.png","contentUrl":"https:\/\/www.waterskis.lv\/wp-content\/uploads\/2025\/01\/JUVP-logo.png","width":421,"height":202,"caption":"WATERSKIS.LV"},"image":{"@id":"https:\/\/www.waterskis.lv\/en\/#\/schema\/logo\/image\/"},"sameAs":["https:\/\/www.facebook.com\/jurmalawaterskiwakeboardpark\/"]}]}},"_links":{"self":[{"href":"https:\/\/www.waterskis.lv\/en\/wp-json\/wp\/v2\/product\/25022","targetHints":{"allow":["GET"]}}],"collection":[{"href":"https:\/\/www.waterskis.lv\/en\/wp-json\/wp\/v2\/product"}],"about":[{"href":"https:\/\/www.waterskis.lv\/en\/wp-json\/wp\/v2\/types\/product"}],"replies":[{"embeddable":true,"href":"https:\/\/www.waterskis.lv\/en\/wp-json\/wp\/v2\/comments?post=25022"}],"wp:featuredmedia":[{"embeddable":true,"href":"https:\/\/www.waterskis.lv\/en\/wp-json\/wp\/v2\/media\/28247"}],"wp:attachment":[{"href":"https:\/\/www.waterskis.lv\/en\/wp-json\/wp\/v2\/media?parent=25022"}],"wp:term":[{"taxonomy":"product_brand","embeddable":true,"href":"https:\/\/www.waterskis.lv\/en\/wp-json\/wp\/v2\/product_brand?post=25022"},{"taxonomy":"product_cat","embeddable":true,"href":"https:\/\/www.waterskis.lv\/en\/wp-json\/wp\/v2\/product_cat?post=25022"},{"taxonomy":"product_tag","embeddable":true,"href":"https:\/\/www.waterskis.lv\/en\/wp-json\/wp\/v2\/product_tag?post=25022"}],"curies":[{"name":"wp","href":"https:\/\/api.w.org\/{rel}","templated":true}]}}