{"id":25031,"date":"2020-10-09T10:19:17","date_gmt":"2020-10-09T07:19:17","guid":{"rendered":"https:\/\/www.waterskis.lv\/product\/sup-airis-tnp-412-2-yp-m\/"},"modified":"2026-02-06T18:06:40","modified_gmt":"2026-02-06T16:06:40","slug":"sup-paddle-tnp-412-2-yp-m","status":"publish","type":"product","link":"https:\/\/www.waterskis.lv\/en\/product\/sup-paddle-tnp-412-2-yp-m\/","title":{"rendered":"SUP paddle TNP 412.2 YP M"},"content":{"rendered":"<h1>SUP paddle TNP 412.2 YP M<\/h1>\n<p>SUP paddle TNP 412.2 YP M<\/p>\n<p>High -end SUP paddle. Its main feature is the blade material. The blade is made from polycarbonate composite material. This material is very resistent yet pliable. It also manages to keep the weight very low.<\/p>\n<div class=\"block_content1 rte active\">\n<p>Its main feature is the\u00a0blade material.\u00a0The blade is made from polycarbonate composite material. This material is very resistent yet pliable. It also\u00a0manages to keep the weight very low.<\/p>\n<p>Thanks to these characteristics it greatly reduces stress impact on the muscles or joints of the rider.<\/p>\n<p>We standardly offer the paddle on duraluminium or composite\u00a0shafts<a href=\"https:\/\/www.tnp.cz\/en\/shafts\">.<\/a>\u00a0The composite shafts have a specially sanded surface. You can also opt to choose amodel with an extension possibility\u00a0up to 20 cm with our variable\u00a0YP coupling.<\/p>\n<p>This combination is very suitable especially for the rental companies as it manages easily the differentely tall riders.<\/p>\n<p>All models are manufactured with wooden, ergonomic shaped hand grip. This model is suitable for juniors or women.<\/p>\n<\/div>\n<p id=\"table-data\" class=\"page-product-heading\">DATA SHEET<\/p>\n<table class=\"block_content2 table-data-sheet\">\n<tbody>\n<tr class=\"odd\">\n<td>Type<\/td>\n<td>SUP paddle<\/td>\n<\/tr>\n<tr class=\"even\">\n<td>Weight<\/td>\n<td>0,92<\/td>\n<\/tr>\n<tr class=\"odd\">\n<td>Shaft material<\/td>\n<td>Duraluminum<\/td>\n<\/tr>\n<tr class=\"even\">\n<td>Number of parts<\/td>\n<td>2<\/td>\n<\/tr>\n<tr class=\"odd\">\n<td>Blade material<\/td>\n<td>PC (Policarbonate)<\/td>\n<\/tr>\n<tr class=\"even\">\n<td>Blade surface<\/td>\n<td>686 cm2<\/td>\n<\/tr>\n<tr class=\"odd\">\n<td>Shaft diameter<\/td>\n<td>28 mm<\/td>\n<\/tr>\n<tr class=\"even\">\n<td>Joint type<\/td>\n<td>YP coupling<\/td>\n<\/tr>\n<tr class=\"odd\">\n<td>Country of origin<\/td>\n<td>Czech Republic<\/td>\n<\/tr>\n<\/tbody>\n<\/table>\n<p>&nbsp;<\/p>\n","protected":false},"excerpt":{"rendered":"<p>SUP paddle TNP 412.2 YP M SUP paddle TNP 412.2 YP M High -end SUP paddle. Its main feature is the blade material. The blade is made from polycarbonate composite material. This material is very resistent yet pliable. It also manages to keep the weight very low. Its main feature is the\u00a0blade material.\u00a0The blade is [&#8230;]<\/p>\n<p><a class=\"btn btn-secondary understrap-read-more-link\" href=\"https:\/\/www.waterskis.lv\/en\/product\/sup-paddle-tnp-412-2-yp-m\/\">Read More&#8230;<\/a><\/p>\n","protected":false},"featured_media":19936,"comment_status":"closed","ping_status":"closed","template":"","meta":{"_acf_changed":false,"inline_featured_image":false},"product_brand":[2822],"product_cat":[673,361,386],"product_tag":[3545,1393,3544,3542,3497,3543],"class_list":{"0":"post-25031","1":"product","2":"type-product","3":"status-publish","4":"has-post-thumbnail","6":"product_brand-tnp","7":"product_cat-paddles-oars","8":"product_cat-sale","9":"product_cat-sup-paddles","10":"product_tag-paddleboard-paddles","11":"product_tag-sup-airis","12":"product_tag-sup-board-paddles","13":"product_tag-sup-delu-airi","14":"product_tag-tnp","15":"product_tag---sup-","17":"first","18":"instock","19":"sale","20":"shipping-taxable","21":"purchasable","22":"product-type-simple"},"acf":[],"yoast_head":"<!-- This site is optimized with the Yoast SEO plugin v27.4 - https:\/\/yoast.com\/product\/yoast-seo-wordpress\/ -->\n<title>SUP paddle TNP 412.2 YP M - WATERSKIS.LV<\/title>\n<meta name=\"description\" content=\"SUP paddle TNP 412.2 YP M. High -end SUP paddle. Its main feature is the blade material. The blade is made from polycarbonate composite material\" \/>\n<meta name=\"robots\" content=\"index, follow, max-snippet:-1, max-image-preview:large, max-video-preview:-1\" \/>\n<link rel=\"canonical\" href=\"https:\/\/www.waterskis.lv\/en\/product\/sup-paddle-tnp-412-2-yp-m\/\" \/>\n<meta property=\"og:locale\" content=\"en_US\" \/>\n<meta property=\"og:type\" content=\"article\" \/>\n<meta property=\"og:title\" content=\"SUP paddle TNP 412.2 YP M - WATERSKIS.LV\" \/>\n<meta property=\"og:description\" content=\"SUP paddle TNP 412.2 YP M. High -end SUP paddle. Its main feature is the blade material. The blade is made from polycarbonate composite material\" \/>\n<meta property=\"og:url\" content=\"https:\/\/www.waterskis.lv\/en\/product\/sup-paddle-tnp-412-2-yp-m\/\" \/>\n<meta property=\"og:site_name\" content=\"WATERSKIS.LV\" \/>\n<meta property=\"article:publisher\" content=\"https:\/\/www.facebook.com\/jurmalawaterskiwakeboardpark\/\" \/>\n<meta property=\"article:modified_time\" content=\"2026-02-06T16:06:40+00:00\" \/>\n<meta property=\"og:image\" content=\"https:\/\/www.waterskis.lv\/wp-content\/uploads\/2020\/10\/TNP.jpg\" \/>\n\t<meta property=\"og:image:width\" content=\"1000\" \/>\n\t<meta property=\"og:image:height\" content=\"1000\" \/>\n\t<meta property=\"og:image:type\" content=\"image\/jpeg\" \/>\n<meta name=\"twitter:card\" content=\"summary_large_image\" \/>\n<meta name=\"twitter:label1\" content=\"Est. reading time\" \/>\n\t<meta name=\"twitter:data1\" content=\"2 minutes\" \/>\n<script type=\"application\/ld+json\" class=\"yoast-schema-graph\">{\"@context\":\"https:\\\/\\\/schema.org\",\"@graph\":[{\"@type\":\"WebPage\",\"@id\":\"https:\\\/\\\/www.waterskis.lv\\\/en\\\/product\\\/sup-paddle-tnp-412-2-yp-m\\\/\",\"url\":\"https:\\\/\\\/www.waterskis.lv\\\/en\\\/product\\\/sup-paddle-tnp-412-2-yp-m\\\/\",\"name\":\"SUP paddle TNP 412.2 YP M - WATERSKIS.LV\",\"isPartOf\":{\"@id\":\"https:\\\/\\\/www.waterskis.lv\\\/en\\\/#website\"},\"primaryImageOfPage\":{\"@id\":\"https:\\\/\\\/www.waterskis.lv\\\/en\\\/product\\\/sup-paddle-tnp-412-2-yp-m\\\/#primaryimage\"},\"image\":{\"@id\":\"https:\\\/\\\/www.waterskis.lv\\\/en\\\/product\\\/sup-paddle-tnp-412-2-yp-m\\\/#primaryimage\"},\"thumbnailUrl\":\"https:\\\/\\\/www.waterskis.lv\\\/wp-content\\\/uploads\\\/2020\\\/10\\\/TNP.jpg\",\"datePublished\":\"2020-10-09T07:19:17+00:00\",\"dateModified\":\"2026-02-06T16:06:40+00:00\",\"description\":\"SUP paddle TNP 412.2 YP M. High -end SUP paddle. Its main feature is the blade material. The blade is made from polycarbonate composite material\",\"breadcrumb\":{\"@id\":\"https:\\\/\\\/www.waterskis.lv\\\/en\\\/product\\\/sup-paddle-tnp-412-2-yp-m\\\/#breadcrumb\"},\"inLanguage\":\"en-US\",\"potentialAction\":[{\"@type\":\"ReadAction\",\"target\":[\"https:\\\/\\\/www.waterskis.lv\\\/en\\\/product\\\/sup-paddle-tnp-412-2-yp-m\\\/\"]}]},{\"@type\":\"ImageObject\",\"inLanguage\":\"en-US\",\"@id\":\"https:\\\/\\\/www.waterskis.lv\\\/en\\\/product\\\/sup-paddle-tnp-412-2-yp-m\\\/#primaryimage\",\"url\":\"https:\\\/\\\/www.waterskis.lv\\\/wp-content\\\/uploads\\\/2020\\\/10\\\/TNP.jpg\",\"contentUrl\":\"https:\\\/\\\/www.waterskis.lv\\\/wp-content\\\/uploads\\\/2020\\\/10\\\/TNP.jpg\",\"width\":1000,\"height\":1000,\"caption\":\"SUP paddle TNP 412.2 YP M\"},{\"@type\":\"BreadcrumbList\",\"@id\":\"https:\\\/\\\/www.waterskis.lv\\\/en\\\/product\\\/sup-paddle-tnp-412-2-yp-m\\\/#breadcrumb\",\"itemListElement\":[{\"@type\":\"ListItem\",\"position\":1,\"name\":\"Home\",\"item\":\"https:\\\/\\\/www.waterskis.lv\\\/en\\\/\"},{\"@type\":\"ListItem\",\"position\":2,\"name\":\"Shop\",\"item\":\"https:\\\/\\\/waterskis.lv\\\/en\\\/shop\\\/\"},{\"@type\":\"ListItem\",\"position\":3,\"name\":\"SUP paddle TNP 412.2 YP M\"}]},{\"@type\":\"WebSite\",\"@id\":\"https:\\\/\\\/www.waterskis.lv\\\/en\\\/#website\",\"url\":\"https:\\\/\\\/www.waterskis.lv\\\/en\\\/\",\"name\":\"WATERSKIS.LV\",\"description\":\"SUP d\u0113\u013ci, kajaki, kanoe, airu laivas, \u016bdenssl\u0113po\u0161ana, veikbords, SUP d\u0113\u013cu noma, kajaku nomaakt\u012bv\u0101s atp\u016btas centrs, laivu noma, sup noma, kajaku noma\",\"publisher\":{\"@id\":\"https:\\\/\\\/www.waterskis.lv\\\/en\\\/#organization\"},\"potentialAction\":[{\"@type\":\"SearchAction\",\"target\":{\"@type\":\"EntryPoint\",\"urlTemplate\":\"https:\\\/\\\/www.waterskis.lv\\\/en\\\/?s={search_term_string}\"},\"query-input\":{\"@type\":\"PropertyValueSpecification\",\"valueRequired\":true,\"valueName\":\"search_term_string\"}}],\"inLanguage\":\"en-US\"},{\"@type\":\"Organization\",\"@id\":\"https:\\\/\\\/www.waterskis.lv\\\/en\\\/#organization\",\"name\":\"WATERSKIS.LV\",\"url\":\"https:\\\/\\\/www.waterskis.lv\\\/en\\\/\",\"logo\":{\"@type\":\"ImageObject\",\"inLanguage\":\"en-US\",\"@id\":\"https:\\\/\\\/www.waterskis.lv\\\/en\\\/#\\\/schema\\\/logo\\\/image\\\/\",\"url\":\"https:\\\/\\\/www.waterskis.lv\\\/wp-content\\\/uploads\\\/2025\\\/01\\\/JUVP-logo.png\",\"contentUrl\":\"https:\\\/\\\/www.waterskis.lv\\\/wp-content\\\/uploads\\\/2025\\\/01\\\/JUVP-logo.png\",\"width\":421,\"height\":202,\"caption\":\"WATERSKIS.LV\"},\"image\":{\"@id\":\"https:\\\/\\\/www.waterskis.lv\\\/en\\\/#\\\/schema\\\/logo\\\/image\\\/\"},\"sameAs\":[\"https:\\\/\\\/www.facebook.com\\\/jurmalawaterskiwakeboardpark\\\/\"]}]}<\/script>\n<!-- \/ Yoast SEO plugin. -->","yoast_head_json":{"title":"SUP paddle TNP 412.2 YP M - WATERSKIS.LV","description":"SUP paddle TNP 412.2 YP M. High -end SUP paddle. Its main feature is the blade material. The blade is made from polycarbonate composite material","robots":{"index":"index","follow":"follow","max-snippet":"max-snippet:-1","max-image-preview":"max-image-preview:large","max-video-preview":"max-video-preview:-1"},"canonical":"https:\/\/www.waterskis.lv\/en\/product\/sup-paddle-tnp-412-2-yp-m\/","og_locale":"en_US","og_type":"article","og_title":"SUP paddle TNP 412.2 YP M - WATERSKIS.LV","og_description":"SUP paddle TNP 412.2 YP M. High -end SUP paddle. Its main feature is the blade material. The blade is made from polycarbonate composite material","og_url":"https:\/\/www.waterskis.lv\/en\/product\/sup-paddle-tnp-412-2-yp-m\/","og_site_name":"WATERSKIS.LV","article_publisher":"https:\/\/www.facebook.com\/jurmalawaterskiwakeboardpark\/","article_modified_time":"2026-02-06T16:06:40+00:00","og_image":[{"width":1000,"height":1000,"url":"https:\/\/www.waterskis.lv\/wp-content\/uploads\/2020\/10\/TNP.jpg","type":"image\/jpeg"}],"twitter_card":"summary_large_image","twitter_misc":{"Est. reading time":"2 minutes"},"schema":{"@context":"https:\/\/schema.org","@graph":[{"@type":"WebPage","@id":"https:\/\/www.waterskis.lv\/en\/product\/sup-paddle-tnp-412-2-yp-m\/","url":"https:\/\/www.waterskis.lv\/en\/product\/sup-paddle-tnp-412-2-yp-m\/","name":"SUP paddle TNP 412.2 YP M - WATERSKIS.LV","isPartOf":{"@id":"https:\/\/www.waterskis.lv\/en\/#website"},"primaryImageOfPage":{"@id":"https:\/\/www.waterskis.lv\/en\/product\/sup-paddle-tnp-412-2-yp-m\/#primaryimage"},"image":{"@id":"https:\/\/www.waterskis.lv\/en\/product\/sup-paddle-tnp-412-2-yp-m\/#primaryimage"},"thumbnailUrl":"https:\/\/www.waterskis.lv\/wp-content\/uploads\/2020\/10\/TNP.jpg","datePublished":"2020-10-09T07:19:17+00:00","dateModified":"2026-02-06T16:06:40+00:00","description":"SUP paddle TNP 412.2 YP M. High -end SUP paddle. Its main feature is the blade material. The blade is made from polycarbonate composite material","breadcrumb":{"@id":"https:\/\/www.waterskis.lv\/en\/product\/sup-paddle-tnp-412-2-yp-m\/#breadcrumb"},"inLanguage":"en-US","potentialAction":[{"@type":"ReadAction","target":["https:\/\/www.waterskis.lv\/en\/product\/sup-paddle-tnp-412-2-yp-m\/"]}]},{"@type":"ImageObject","inLanguage":"en-US","@id":"https:\/\/www.waterskis.lv\/en\/product\/sup-paddle-tnp-412-2-yp-m\/#primaryimage","url":"https:\/\/www.waterskis.lv\/wp-content\/uploads\/2020\/10\/TNP.jpg","contentUrl":"https:\/\/www.waterskis.lv\/wp-content\/uploads\/2020\/10\/TNP.jpg","width":1000,"height":1000,"caption":"SUP paddle TNP 412.2 YP M"},{"@type":"BreadcrumbList","@id":"https:\/\/www.waterskis.lv\/en\/product\/sup-paddle-tnp-412-2-yp-m\/#breadcrumb","itemListElement":[{"@type":"ListItem","position":1,"name":"Home","item":"https:\/\/www.waterskis.lv\/en\/"},{"@type":"ListItem","position":2,"name":"Shop","item":"https:\/\/waterskis.lv\/en\/shop\/"},{"@type":"ListItem","position":3,"name":"SUP paddle TNP 412.2 YP M"}]},{"@type":"WebSite","@id":"https:\/\/www.waterskis.lv\/en\/#website","url":"https:\/\/www.waterskis.lv\/en\/","name":"WATERSKIS.LV","description":"SUP d\u0113\u013ci, kajaki, kanoe, airu laivas, \u016bdenssl\u0113po\u0161ana, veikbords, SUP d\u0113\u013cu noma, kajaku nomaakt\u012bv\u0101s atp\u016btas centrs, laivu noma, sup noma, kajaku noma","publisher":{"@id":"https:\/\/www.waterskis.lv\/en\/#organization"},"potentialAction":[{"@type":"SearchAction","target":{"@type":"EntryPoint","urlTemplate":"https:\/\/www.waterskis.lv\/en\/?s={search_term_string}"},"query-input":{"@type":"PropertyValueSpecification","valueRequired":true,"valueName":"search_term_string"}}],"inLanguage":"en-US"},{"@type":"Organization","@id":"https:\/\/www.waterskis.lv\/en\/#organization","name":"WATERSKIS.LV","url":"https:\/\/www.waterskis.lv\/en\/","logo":{"@type":"ImageObject","inLanguage":"en-US","@id":"https:\/\/www.waterskis.lv\/en\/#\/schema\/logo\/image\/","url":"https:\/\/www.waterskis.lv\/wp-content\/uploads\/2025\/01\/JUVP-logo.png","contentUrl":"https:\/\/www.waterskis.lv\/wp-content\/uploads\/2025\/01\/JUVP-logo.png","width":421,"height":202,"caption":"WATERSKIS.LV"},"image":{"@id":"https:\/\/www.waterskis.lv\/en\/#\/schema\/logo\/image\/"},"sameAs":["https:\/\/www.facebook.com\/jurmalawaterskiwakeboardpark\/"]}]}},"_links":{"self":[{"href":"https:\/\/www.waterskis.lv\/en\/wp-json\/wp\/v2\/product\/25031","targetHints":{"allow":["GET"]}}],"collection":[{"href":"https:\/\/www.waterskis.lv\/en\/wp-json\/wp\/v2\/product"}],"about":[{"href":"https:\/\/www.waterskis.lv\/en\/wp-json\/wp\/v2\/types\/product"}],"replies":[{"embeddable":true,"href":"https:\/\/www.waterskis.lv\/en\/wp-json\/wp\/v2\/comments?post=25031"}],"wp:featuredmedia":[{"embeddable":true,"href":"https:\/\/www.waterskis.lv\/en\/wp-json\/wp\/v2\/media\/19936"}],"wp:attachment":[{"href":"https:\/\/www.waterskis.lv\/en\/wp-json\/wp\/v2\/media?parent=25031"}],"wp:term":[{"taxonomy":"product_brand","embeddable":true,"href":"https:\/\/www.waterskis.lv\/en\/wp-json\/wp\/v2\/product_brand?post=25031"},{"taxonomy":"product_cat","embeddable":true,"href":"https:\/\/www.waterskis.lv\/en\/wp-json\/wp\/v2\/product_cat?post=25031"},{"taxonomy":"product_tag","embeddable":true,"href":"https:\/\/www.waterskis.lv\/en\/wp-json\/wp\/v2\/product_tag?post=25031"}],"curies":[{"name":"wp","href":"https:\/\/api.w.org\/{rel}","templated":true}]}}