{"id":25047,"date":"2020-10-31T12:05:56","date_gmt":"2020-10-31T09:05:56","guid":{"rendered":"https:\/\/www.waterskis.lv\/product\/airu-komplekts-tnp-902-2\/"},"modified":"2022-03-23T19:03:28","modified_gmt":"2022-03-23T16:03:28","slug":"oar-set-tnp-902-2","status":"publish","type":"product","link":"https:\/\/www.waterskis.lv\/en\/product\/oar-set-tnp-902-2\/","title":{"rendered":"Oar set TNP 902.2"},"content":{"rendered":"<div class=\"block_content1 rte active\">\n<p>Oar set TNP 902.2<\/p>\n<p>TNP Oars are made from specially reinforced duralumin\u00a0shafts.<\/p>\n<p>The\u00a0blades\u00a0are made from high tough polyethylene material.<br \/>\nIts advantage are great firmness and high durability.<\/p>\n<p>TNP 901.2 set of oars contains pair of 2 part oars, pair of oarlocks and pair of oarlock holders.<\/p>\n<p>TNP Oars are suitable for fishing boats, inflatables, prams, etc.<\/p>\n<\/div>\n<p id=\"table-data\" class=\"page-product-heading\">DATA SHEET<\/p>\n<table class=\"block_content2 table-data-sheet\">\n<tbody>\n<tr class=\"odd\">\n<td>Type<\/td>\n<td>Oar set<\/td>\n<\/tr>\n<tr class=\"even\">\n<td>Weight<\/td>\n<td>1,8 kg<\/td>\n<\/tr>\n<tr class=\"odd\">\n<td>Shaft material<\/td>\n<td>aluminum<\/td>\n<\/tr>\n<tr class=\"even\">\n<td>Number of parts<\/td>\n<td>2<\/td>\n<\/tr>\n<tr class=\"odd\">\n<td>Blade material<\/td>\n<td>HDPE<\/td>\n<\/tr>\n<tr class=\"even\">\n<td>Blade surface<\/td>\n<td>626 cm2<\/td>\n<\/tr>\n<tr class=\"odd\">\n<td>Shaft diameter<\/td>\n<td>28 mm<\/td>\n<\/tr>\n<tr class=\"even\">\n<td>Joint type<\/td>\n<td>Spring-Button ferrule<\/td>\n<\/tr>\n<tr class=\"odd\">\n<td>Country of origin<\/td>\n<td>Czech Republic<\/td>\n<\/tr>\n<\/tbody>\n<\/table>\n<p>Colour: blue, black, red, yellow<\/p>\n<p>Length cm: 180, 200, 220, 240, 250<\/p>\n<p>Oar set TNP 902.2<\/p>\n","protected":false},"excerpt":{"rendered":"<p>Oar set TNP 902.2 TNP Oars are made from specially reinforced duralumin\u00a0shafts. The\u00a0blades\u00a0are made from high tough polyethylene material. Its advantage are great firmness and high durability. TNP 901.2 set of oars contains pair of 2 part oars, pair of oarlocks and pair of oarlock holders. TNP Oars are suitable for fishing boats, inflatables, prams, [&#8230;]<\/p>\n<p><a class=\"btn btn-secondary understrap-read-more-link\" href=\"https:\/\/www.waterskis.lv\/en\/product\/oar-set-tnp-902-2\/\">Read More&#8230;<\/a><\/p>\n","protected":false},"featured_media":21835,"comment_status":"closed","ping_status":"closed","template":"","meta":{"_acf_changed":false,"inline_featured_image":false},"product_brand":[],"product_cat":[677,673],"product_tag":[],"class_list":{"0":"post-25047","1":"product","2":"type-product","3":"status-publish","4":"has-post-thumbnail","6":"product_cat-paddle-boat-oars","7":"product_cat-paddles-oars","9":"first","10":"instock","11":"shipping-taxable","12":"purchasable","13":"product-type-simple"},"acf":[],"yoast_head":"<!-- This site is optimized with the Yoast SEO plugin v27.4 - https:\/\/yoast.com\/product\/yoast-seo-wordpress\/ -->\n<title>Oar set TNP 902.2 - WATERSKIS.LV<\/title>\n<meta name=\"description\" content=\"Oar set TNP 902.2. Waterskis.lv - established manufacturers, high quality, good prices. Boat rental and more in Jurmala\" \/>\n<meta name=\"robots\" content=\"index, follow, max-snippet:-1, max-image-preview:large, max-video-preview:-1\" \/>\n<link rel=\"canonical\" href=\"https:\/\/www.waterskis.lv\/en\/product\/oar-set-tnp-902-2\/\" \/>\n<meta property=\"og:locale\" content=\"en_US\" \/>\n<meta property=\"og:type\" content=\"article\" \/>\n<meta property=\"og:title\" content=\"Oar set TNP 902.2 - WATERSKIS.LV\" \/>\n<meta property=\"og:description\" content=\"Oar set TNP 902.2. Waterskis.lv - established manufacturers, high quality, good prices. Boat rental and more in Jurmala\" \/>\n<meta property=\"og:url\" content=\"https:\/\/www.waterskis.lv\/en\/product\/oar-set-tnp-902-2\/\" \/>\n<meta property=\"og:site_name\" content=\"WATERSKIS.LV\" \/>\n<meta property=\"article:publisher\" content=\"https:\/\/www.facebook.com\/jurmalawaterskiwakeboardpark\/\" \/>\n<meta property=\"article:modified_time\" content=\"2022-03-23T16:03:28+00:00\" \/>\n<meta property=\"og:image\" content=\"https:\/\/www.waterskis.lv\/wp-content\/uploads\/2020\/10\/tnp90201.jpg\" \/>\n\t<meta property=\"og:image:width\" content=\"1000\" \/>\n\t<meta property=\"og:image:height\" content=\"1000\" \/>\n\t<meta property=\"og:image:type\" content=\"image\/jpeg\" \/>\n<meta name=\"twitter:card\" content=\"summary_large_image\" \/>\n<script type=\"application\/ld+json\" class=\"yoast-schema-graph\">{\"@context\":\"https:\\\/\\\/schema.org\",\"@graph\":[{\"@type\":\"WebPage\",\"@id\":\"https:\\\/\\\/www.waterskis.lv\\\/en\\\/product\\\/oar-set-tnp-902-2\\\/\",\"url\":\"https:\\\/\\\/www.waterskis.lv\\\/en\\\/product\\\/oar-set-tnp-902-2\\\/\",\"name\":\"Oar set TNP 902.2 - WATERSKIS.LV\",\"isPartOf\":{\"@id\":\"https:\\\/\\\/www.waterskis.lv\\\/en\\\/#website\"},\"primaryImageOfPage\":{\"@id\":\"https:\\\/\\\/www.waterskis.lv\\\/en\\\/product\\\/oar-set-tnp-902-2\\\/#primaryimage\"},\"image\":{\"@id\":\"https:\\\/\\\/www.waterskis.lv\\\/en\\\/product\\\/oar-set-tnp-902-2\\\/#primaryimage\"},\"thumbnailUrl\":\"https:\\\/\\\/www.waterskis.lv\\\/wp-content\\\/uploads\\\/2020\\\/10\\\/tnp90201.jpg\",\"datePublished\":\"2020-10-31T09:05:56+00:00\",\"dateModified\":\"2022-03-23T16:03:28+00:00\",\"description\":\"Oar set TNP 902.2. Waterskis.lv - established manufacturers, high quality, good prices. Boat rental and more in Jurmala\",\"breadcrumb\":{\"@id\":\"https:\\\/\\\/www.waterskis.lv\\\/en\\\/product\\\/oar-set-tnp-902-2\\\/#breadcrumb\"},\"inLanguage\":\"en-US\",\"potentialAction\":[{\"@type\":\"ReadAction\",\"target\":[\"https:\\\/\\\/www.waterskis.lv\\\/en\\\/product\\\/oar-set-tnp-902-2\\\/\"]}]},{\"@type\":\"ImageObject\",\"inLanguage\":\"en-US\",\"@id\":\"https:\\\/\\\/www.waterskis.lv\\\/en\\\/product\\\/oar-set-tnp-902-2\\\/#primaryimage\",\"url\":\"https:\\\/\\\/www.waterskis.lv\\\/wp-content\\\/uploads\\\/2020\\\/10\\\/tnp90201.jpg\",\"contentUrl\":\"https:\\\/\\\/www.waterskis.lv\\\/wp-content\\\/uploads\\\/2020\\\/10\\\/tnp90201.jpg\",\"width\":1000,\"height\":1000,\"caption\":\"Oar set TNP 902.0\"},{\"@type\":\"BreadcrumbList\",\"@id\":\"https:\\\/\\\/www.waterskis.lv\\\/en\\\/product\\\/oar-set-tnp-902-2\\\/#breadcrumb\",\"itemListElement\":[{\"@type\":\"ListItem\",\"position\":1,\"name\":\"Home\",\"item\":\"https:\\\/\\\/www.waterskis.lv\\\/en\\\/\"},{\"@type\":\"ListItem\",\"position\":2,\"name\":\"Shop\",\"item\":\"https:\\\/\\\/waterskis.lv\\\/en\\\/shop\\\/\"},{\"@type\":\"ListItem\",\"position\":3,\"name\":\"Oar set TNP 902.2\"}]},{\"@type\":\"WebSite\",\"@id\":\"https:\\\/\\\/www.waterskis.lv\\\/en\\\/#website\",\"url\":\"https:\\\/\\\/www.waterskis.lv\\\/en\\\/\",\"name\":\"WATERSKIS.LV\",\"description\":\"SUP d\u0113\u013ci, kajaki, kanoe, airu laivas, \u016bdenssl\u0113po\u0161ana, veikbords, SUP d\u0113\u013cu noma, kajaku nomaakt\u012bv\u0101s atp\u016btas centrs, laivu noma, sup noma, kajaku noma\",\"publisher\":{\"@id\":\"https:\\\/\\\/www.waterskis.lv\\\/en\\\/#organization\"},\"potentialAction\":[{\"@type\":\"SearchAction\",\"target\":{\"@type\":\"EntryPoint\",\"urlTemplate\":\"https:\\\/\\\/www.waterskis.lv\\\/en\\\/?s={search_term_string}\"},\"query-input\":{\"@type\":\"PropertyValueSpecification\",\"valueRequired\":true,\"valueName\":\"search_term_string\"}}],\"inLanguage\":\"en-US\"},{\"@type\":\"Organization\",\"@id\":\"https:\\\/\\\/www.waterskis.lv\\\/en\\\/#organization\",\"name\":\"WATERSKIS.LV\",\"url\":\"https:\\\/\\\/www.waterskis.lv\\\/en\\\/\",\"logo\":{\"@type\":\"ImageObject\",\"inLanguage\":\"en-US\",\"@id\":\"https:\\\/\\\/www.waterskis.lv\\\/en\\\/#\\\/schema\\\/logo\\\/image\\\/\",\"url\":\"https:\\\/\\\/www.waterskis.lv\\\/wp-content\\\/uploads\\\/2025\\\/01\\\/JUVP-logo.png\",\"contentUrl\":\"https:\\\/\\\/www.waterskis.lv\\\/wp-content\\\/uploads\\\/2025\\\/01\\\/JUVP-logo.png\",\"width\":421,\"height\":202,\"caption\":\"WATERSKIS.LV\"},\"image\":{\"@id\":\"https:\\\/\\\/www.waterskis.lv\\\/en\\\/#\\\/schema\\\/logo\\\/image\\\/\"},\"sameAs\":[\"https:\\\/\\\/www.facebook.com\\\/jurmalawaterskiwakeboardpark\\\/\"]}]}<\/script>\n<!-- \/ Yoast SEO plugin. -->","yoast_head_json":{"title":"Oar set TNP 902.2 - WATERSKIS.LV","description":"Oar set TNP 902.2. Waterskis.lv - established manufacturers, high quality, good prices. Boat rental and more in Jurmala","robots":{"index":"index","follow":"follow","max-snippet":"max-snippet:-1","max-image-preview":"max-image-preview:large","max-video-preview":"max-video-preview:-1"},"canonical":"https:\/\/www.waterskis.lv\/en\/product\/oar-set-tnp-902-2\/","og_locale":"en_US","og_type":"article","og_title":"Oar set TNP 902.2 - WATERSKIS.LV","og_description":"Oar set TNP 902.2. Waterskis.lv - established manufacturers, high quality, good prices. Boat rental and more in Jurmala","og_url":"https:\/\/www.waterskis.lv\/en\/product\/oar-set-tnp-902-2\/","og_site_name":"WATERSKIS.LV","article_publisher":"https:\/\/www.facebook.com\/jurmalawaterskiwakeboardpark\/","article_modified_time":"2022-03-23T16:03:28+00:00","og_image":[{"width":1000,"height":1000,"url":"https:\/\/www.waterskis.lv\/wp-content\/uploads\/2020\/10\/tnp90201.jpg","type":"image\/jpeg"}],"twitter_card":"summary_large_image","schema":{"@context":"https:\/\/schema.org","@graph":[{"@type":"WebPage","@id":"https:\/\/www.waterskis.lv\/en\/product\/oar-set-tnp-902-2\/","url":"https:\/\/www.waterskis.lv\/en\/product\/oar-set-tnp-902-2\/","name":"Oar set TNP 902.2 - WATERSKIS.LV","isPartOf":{"@id":"https:\/\/www.waterskis.lv\/en\/#website"},"primaryImageOfPage":{"@id":"https:\/\/www.waterskis.lv\/en\/product\/oar-set-tnp-902-2\/#primaryimage"},"image":{"@id":"https:\/\/www.waterskis.lv\/en\/product\/oar-set-tnp-902-2\/#primaryimage"},"thumbnailUrl":"https:\/\/www.waterskis.lv\/wp-content\/uploads\/2020\/10\/tnp90201.jpg","datePublished":"2020-10-31T09:05:56+00:00","dateModified":"2022-03-23T16:03:28+00:00","description":"Oar set TNP 902.2. Waterskis.lv - established manufacturers, high quality, good prices. Boat rental and more in Jurmala","breadcrumb":{"@id":"https:\/\/www.waterskis.lv\/en\/product\/oar-set-tnp-902-2\/#breadcrumb"},"inLanguage":"en-US","potentialAction":[{"@type":"ReadAction","target":["https:\/\/www.waterskis.lv\/en\/product\/oar-set-tnp-902-2\/"]}]},{"@type":"ImageObject","inLanguage":"en-US","@id":"https:\/\/www.waterskis.lv\/en\/product\/oar-set-tnp-902-2\/#primaryimage","url":"https:\/\/www.waterskis.lv\/wp-content\/uploads\/2020\/10\/tnp90201.jpg","contentUrl":"https:\/\/www.waterskis.lv\/wp-content\/uploads\/2020\/10\/tnp90201.jpg","width":1000,"height":1000,"caption":"Oar set TNP 902.0"},{"@type":"BreadcrumbList","@id":"https:\/\/www.waterskis.lv\/en\/product\/oar-set-tnp-902-2\/#breadcrumb","itemListElement":[{"@type":"ListItem","position":1,"name":"Home","item":"https:\/\/www.waterskis.lv\/en\/"},{"@type":"ListItem","position":2,"name":"Shop","item":"https:\/\/waterskis.lv\/en\/shop\/"},{"@type":"ListItem","position":3,"name":"Oar set TNP 902.2"}]},{"@type":"WebSite","@id":"https:\/\/www.waterskis.lv\/en\/#website","url":"https:\/\/www.waterskis.lv\/en\/","name":"WATERSKIS.LV","description":"SUP d\u0113\u013ci, kajaki, kanoe, airu laivas, \u016bdenssl\u0113po\u0161ana, veikbords, SUP d\u0113\u013cu noma, kajaku nomaakt\u012bv\u0101s atp\u016btas centrs, laivu noma, sup noma, kajaku noma","publisher":{"@id":"https:\/\/www.waterskis.lv\/en\/#organization"},"potentialAction":[{"@type":"SearchAction","target":{"@type":"EntryPoint","urlTemplate":"https:\/\/www.waterskis.lv\/en\/?s={search_term_string}"},"query-input":{"@type":"PropertyValueSpecification","valueRequired":true,"valueName":"search_term_string"}}],"inLanguage":"en-US"},{"@type":"Organization","@id":"https:\/\/www.waterskis.lv\/en\/#organization","name":"WATERSKIS.LV","url":"https:\/\/www.waterskis.lv\/en\/","logo":{"@type":"ImageObject","inLanguage":"en-US","@id":"https:\/\/www.waterskis.lv\/en\/#\/schema\/logo\/image\/","url":"https:\/\/www.waterskis.lv\/wp-content\/uploads\/2025\/01\/JUVP-logo.png","contentUrl":"https:\/\/www.waterskis.lv\/wp-content\/uploads\/2025\/01\/JUVP-logo.png","width":421,"height":202,"caption":"WATERSKIS.LV"},"image":{"@id":"https:\/\/www.waterskis.lv\/en\/#\/schema\/logo\/image\/"},"sameAs":["https:\/\/www.facebook.com\/jurmalawaterskiwakeboardpark\/"]}]}},"_links":{"self":[{"href":"https:\/\/www.waterskis.lv\/en\/wp-json\/wp\/v2\/product\/25047","targetHints":{"allow":["GET"]}}],"collection":[{"href":"https:\/\/www.waterskis.lv\/en\/wp-json\/wp\/v2\/product"}],"about":[{"href":"https:\/\/www.waterskis.lv\/en\/wp-json\/wp\/v2\/types\/product"}],"replies":[{"embeddable":true,"href":"https:\/\/www.waterskis.lv\/en\/wp-json\/wp\/v2\/comments?post=25047"}],"wp:featuredmedia":[{"embeddable":true,"href":"https:\/\/www.waterskis.lv\/en\/wp-json\/wp\/v2\/media\/21835"}],"wp:attachment":[{"href":"https:\/\/www.waterskis.lv\/en\/wp-json\/wp\/v2\/media?parent=25047"}],"wp:term":[{"taxonomy":"product_brand","embeddable":true,"href":"https:\/\/www.waterskis.lv\/en\/wp-json\/wp\/v2\/product_brand?post=25047"},{"taxonomy":"product_cat","embeddable":true,"href":"https:\/\/www.waterskis.lv\/en\/wp-json\/wp\/v2\/product_cat?post=25047"},{"taxonomy":"product_tag","embeddable":true,"href":"https:\/\/www.waterskis.lv\/en\/wp-json\/wp\/v2\/product_tag?post=25047"}],"curies":[{"name":"wp","href":"https:\/\/api.w.org\/{rel}","templated":true}]}}