{"id":25078,"date":"2020-11-12T18:25:09","date_gmt":"2020-11-12T15:25:09","guid":{"rendered":"https:\/\/www.waterskis.lv\/product\/makskeresanas-kajaka-airis-feelfree-camo-2pc-dural\/"},"modified":"2022-03-23T14:56:14","modified_gmt":"2022-03-23T11:56:14","slug":"fishing-kayak-feelfree-camo-2pc-dural","status":"publish","type":"product","link":"https:\/\/www.waterskis.lv\/en\/product\/fishing-kayak-feelfree-camo-2pc-dural\/","title":{"rendered":"Fishing kayak FEELFREE CAMO 2pc. Dural"},"content":{"rendered":"<p>Fishing kayak FEELFREE CAMO 2pc. Dural<\/p>\n<div class=\"block_content1 rte active\">\n<p>The FEELFREE CAMO coordinate angler paddle will not only meet the demands of those who seek a strong lightweight paddle complete with a measurement bar but are also look great with 4 different camo designs to match up with your favorite Feelfree kayak! The two-piece aluminum paddles with glass reinforced blades come in 240-250cm.<\/p>\n<\/div>\n<p id=\"table-data\" class=\"page-product-heading\">DATA SHEET<\/p>\n<table class=\"block_content2 table-data-sheet\">\n<tbody>\n<tr class=\"odd\">\n<td>Type<\/td>\n<td>Fishing paddle<\/td>\n<\/tr>\n<tr class=\"even\">\n<td>Shaft material<\/td>\n<td>aluminum<\/td>\n<\/tr>\n<tr class=\"odd\">\n<td>Number of parts<\/td>\n<td>2<\/td>\n<\/tr>\n<tr class=\"even\">\n<td>Blade material<\/td>\n<td>PAG (Glass reinforced polyamide)<\/td>\n<\/tr>\n<tr class=\"odd\">\n<td>Shaft diameter<\/td>\n<td>30 mm<\/td>\n<\/tr>\n<tr class=\"even\">\n<td>Feather angle<\/td>\n<td>0+60 L\/R<\/td>\n<\/tr>\n<tr class=\"odd\">\n<td>Joint type<\/td>\n<td>Spring-Button ferrule<\/td>\n<\/tr>\n<tr class=\"even\">\n<td>Country of origin<\/td>\n<td>New Zealand<\/td>\n<\/tr>\n<\/tbody>\n<\/table>\n<p>&nbsp;<\/p>\n","protected":false},"excerpt":{"rendered":"<p>https:\/\/www.youtube.com\/watch?v=IWtCcqEC1aQ [&#8230;]<\/p>\n<p><a class=\"btn btn-secondary understrap-read-more-link\" href=\"https:\/\/www.waterskis.lv\/en\/product\/fishing-kayak-feelfree-camo-2pc-dural\/\">Read More&#8230;<\/a><\/p>\n","protected":false},"featured_media":22837,"comment_status":"closed","ping_status":"closed","template":"","meta":{"_acf_changed":false,"inline_featured_image":false},"product_brand":[],"product_cat":[675,533,673],"product_tag":[3495,3496,3498],"class_list":{"0":"post-25078","1":"product","2":"type-product","3":"status-publish","4":"has-post-thumbnail","6":"product_cat-fishing-kayak-paddles","7":"product_cat-kayak-paddles","8":"product_cat-paddles-oars","9":"product_tag-kajaka-airis","10":"product_tag-kayak-paddle","11":"product_tag-3498","13":"first","14":"instock","15":"shipping-taxable","16":"purchasable","17":"product-type-simple"},"acf":[],"yoast_head":"<!-- This site is optimized with the Yoast SEO plugin v27.4 - https:\/\/yoast.com\/product\/yoast-seo-wordpress\/ -->\n<title>Fishing kayak FEELFREE CAMO 2pc. Dural - WATERSKIS.LV<\/title>\n<meta name=\"description\" content=\"Fishing kayak FEELFREE CAMO 2pc. Dural. Waterskis.lv - established manufacturers, high quality, good prices. Boat rental and more in Jurmala\" \/>\n<meta name=\"robots\" content=\"index, follow, max-snippet:-1, max-image-preview:large, max-video-preview:-1\" \/>\n<link rel=\"canonical\" href=\"https:\/\/www.waterskis.lv\/en\/product\/fishing-kayak-feelfree-camo-2pc-dural\/\" \/>\n<meta property=\"og:locale\" content=\"en_US\" \/>\n<meta property=\"og:type\" content=\"article\" \/>\n<meta property=\"og:title\" content=\"Fishing kayak FEELFREE CAMO 2pc. Dural - WATERSKIS.LV\" \/>\n<meta property=\"og:description\" content=\"Fishing kayak FEELFREE CAMO 2pc. Dural. Waterskis.lv - established manufacturers, high quality, good prices. Boat rental and more in Jurmala\" \/>\n<meta property=\"og:url\" content=\"https:\/\/www.waterskis.lv\/en\/product\/fishing-kayak-feelfree-camo-2pc-dural\/\" \/>\n<meta property=\"og:site_name\" content=\"WATERSKIS.LV\" \/>\n<meta property=\"article:publisher\" content=\"https:\/\/www.facebook.com\/jurmalawaterskiwakeboardpark\/\" \/>\n<meta property=\"article:modified_time\" content=\"2022-03-23T11:56:14+00:00\" \/>\n<meta property=\"og:image\" content=\"https:\/\/www.waterskis.lv\/wp-content\/uploads\/2020\/11\/fishing-kayak-paddle-feelfree-camo-1pc-dural.jpg\" \/>\n\t<meta property=\"og:image:width\" content=\"1000\" \/>\n\t<meta property=\"og:image:height\" content=\"1000\" \/>\n\t<meta property=\"og:image:type\" content=\"image\/jpeg\" \/>\n<meta name=\"twitter:card\" content=\"summary_large_image\" \/>\n<script type=\"application\/ld+json\" class=\"yoast-schema-graph\">{\"@context\":\"https:\\\/\\\/schema.org\",\"@graph\":[{\"@type\":\"WebPage\",\"@id\":\"https:\\\/\\\/www.waterskis.lv\\\/en\\\/product\\\/fishing-kayak-feelfree-camo-2pc-dural\\\/\",\"url\":\"https:\\\/\\\/www.waterskis.lv\\\/en\\\/product\\\/fishing-kayak-feelfree-camo-2pc-dural\\\/\",\"name\":\"Fishing kayak FEELFREE CAMO 2pc. Dural - WATERSKIS.LV\",\"isPartOf\":{\"@id\":\"https:\\\/\\\/www.waterskis.lv\\\/en\\\/#website\"},\"primaryImageOfPage\":{\"@id\":\"https:\\\/\\\/www.waterskis.lv\\\/en\\\/product\\\/fishing-kayak-feelfree-camo-2pc-dural\\\/#primaryimage\"},\"image\":{\"@id\":\"https:\\\/\\\/www.waterskis.lv\\\/en\\\/product\\\/fishing-kayak-feelfree-camo-2pc-dural\\\/#primaryimage\"},\"thumbnailUrl\":\"https:\\\/\\\/www.waterskis.lv\\\/wp-content\\\/uploads\\\/2020\\\/11\\\/fishing-kayak-paddle-feelfree-camo-1pc-dural.jpg\",\"datePublished\":\"2020-11-12T15:25:09+00:00\",\"dateModified\":\"2022-03-23T11:56:14+00:00\",\"description\":\"Fishing kayak FEELFREE CAMO 2pc. Dural. Waterskis.lv - established manufacturers, high quality, good prices. Boat rental and more in Jurmala\",\"breadcrumb\":{\"@id\":\"https:\\\/\\\/www.waterskis.lv\\\/en\\\/product\\\/fishing-kayak-feelfree-camo-2pc-dural\\\/#breadcrumb\"},\"inLanguage\":\"en-US\",\"potentialAction\":[{\"@type\":\"ReadAction\",\"target\":[\"https:\\\/\\\/www.waterskis.lv\\\/en\\\/product\\\/fishing-kayak-feelfree-camo-2pc-dural\\\/\"]}]},{\"@type\":\"ImageObject\",\"inLanguage\":\"en-US\",\"@id\":\"https:\\\/\\\/www.waterskis.lv\\\/en\\\/product\\\/fishing-kayak-feelfree-camo-2pc-dural\\\/#primaryimage\",\"url\":\"https:\\\/\\\/www.waterskis.lv\\\/wp-content\\\/uploads\\\/2020\\\/11\\\/fishing-kayak-paddle-feelfree-camo-1pc-dural.jpg\",\"contentUrl\":\"https:\\\/\\\/www.waterskis.lv\\\/wp-content\\\/uploads\\\/2020\\\/11\\\/fishing-kayak-paddle-feelfree-camo-1pc-dural.jpg\",\"width\":1000,\"height\":1000,\"caption\":\"Fishing kayak FEELFREE CAMO 1pc. Glass\"},{\"@type\":\"BreadcrumbList\",\"@id\":\"https:\\\/\\\/www.waterskis.lv\\\/en\\\/product\\\/fishing-kayak-feelfree-camo-2pc-dural\\\/#breadcrumb\",\"itemListElement\":[{\"@type\":\"ListItem\",\"position\":1,\"name\":\"Home\",\"item\":\"https:\\\/\\\/www.waterskis.lv\\\/en\\\/\"},{\"@type\":\"ListItem\",\"position\":2,\"name\":\"Shop\",\"item\":\"https:\\\/\\\/waterskis.lv\\\/en\\\/shop\\\/\"},{\"@type\":\"ListItem\",\"position\":3,\"name\":\"Fishing kayak FEELFREE CAMO 2pc. Dural\"}]},{\"@type\":\"WebSite\",\"@id\":\"https:\\\/\\\/www.waterskis.lv\\\/en\\\/#website\",\"url\":\"https:\\\/\\\/www.waterskis.lv\\\/en\\\/\",\"name\":\"WATERSKIS.LV\",\"description\":\"SUP d\u0113\u013ci, kajaki, kanoe, airu laivas, \u016bdenssl\u0113po\u0161ana, veikbords, SUP d\u0113\u013cu noma, kajaku nomaakt\u012bv\u0101s atp\u016btas centrs, laivu noma, sup noma, kajaku noma\",\"publisher\":{\"@id\":\"https:\\\/\\\/www.waterskis.lv\\\/en\\\/#organization\"},\"potentialAction\":[{\"@type\":\"SearchAction\",\"target\":{\"@type\":\"EntryPoint\",\"urlTemplate\":\"https:\\\/\\\/www.waterskis.lv\\\/en\\\/?s={search_term_string}\"},\"query-input\":{\"@type\":\"PropertyValueSpecification\",\"valueRequired\":true,\"valueName\":\"search_term_string\"}}],\"inLanguage\":\"en-US\"},{\"@type\":\"Organization\",\"@id\":\"https:\\\/\\\/www.waterskis.lv\\\/en\\\/#organization\",\"name\":\"WATERSKIS.LV\",\"url\":\"https:\\\/\\\/www.waterskis.lv\\\/en\\\/\",\"logo\":{\"@type\":\"ImageObject\",\"inLanguage\":\"en-US\",\"@id\":\"https:\\\/\\\/www.waterskis.lv\\\/en\\\/#\\\/schema\\\/logo\\\/image\\\/\",\"url\":\"https:\\\/\\\/www.waterskis.lv\\\/wp-content\\\/uploads\\\/2025\\\/01\\\/JUVP-logo.png\",\"contentUrl\":\"https:\\\/\\\/www.waterskis.lv\\\/wp-content\\\/uploads\\\/2025\\\/01\\\/JUVP-logo.png\",\"width\":421,\"height\":202,\"caption\":\"WATERSKIS.LV\"},\"image\":{\"@id\":\"https:\\\/\\\/www.waterskis.lv\\\/en\\\/#\\\/schema\\\/logo\\\/image\\\/\"},\"sameAs\":[\"https:\\\/\\\/www.facebook.com\\\/jurmalawaterskiwakeboardpark\\\/\"]}]}<\/script>\n<!-- \/ Yoast SEO plugin. -->","yoast_head_json":{"title":"Fishing kayak FEELFREE CAMO 2pc. Dural - WATERSKIS.LV","description":"Fishing kayak FEELFREE CAMO 2pc. Dural. Waterskis.lv - established manufacturers, high quality, good prices. Boat rental and more in Jurmala","robots":{"index":"index","follow":"follow","max-snippet":"max-snippet:-1","max-image-preview":"max-image-preview:large","max-video-preview":"max-video-preview:-1"},"canonical":"https:\/\/www.waterskis.lv\/en\/product\/fishing-kayak-feelfree-camo-2pc-dural\/","og_locale":"en_US","og_type":"article","og_title":"Fishing kayak FEELFREE CAMO 2pc. Dural - WATERSKIS.LV","og_description":"Fishing kayak FEELFREE CAMO 2pc. Dural. Waterskis.lv - established manufacturers, high quality, good prices. Boat rental and more in Jurmala","og_url":"https:\/\/www.waterskis.lv\/en\/product\/fishing-kayak-feelfree-camo-2pc-dural\/","og_site_name":"WATERSKIS.LV","article_publisher":"https:\/\/www.facebook.com\/jurmalawaterskiwakeboardpark\/","article_modified_time":"2022-03-23T11:56:14+00:00","og_image":[{"width":1000,"height":1000,"url":"https:\/\/www.waterskis.lv\/wp-content\/uploads\/2020\/11\/fishing-kayak-paddle-feelfree-camo-1pc-dural.jpg","type":"image\/jpeg"}],"twitter_card":"summary_large_image","schema":{"@context":"https:\/\/schema.org","@graph":[{"@type":"WebPage","@id":"https:\/\/www.waterskis.lv\/en\/product\/fishing-kayak-feelfree-camo-2pc-dural\/","url":"https:\/\/www.waterskis.lv\/en\/product\/fishing-kayak-feelfree-camo-2pc-dural\/","name":"Fishing kayak FEELFREE CAMO 2pc. Dural - WATERSKIS.LV","isPartOf":{"@id":"https:\/\/www.waterskis.lv\/en\/#website"},"primaryImageOfPage":{"@id":"https:\/\/www.waterskis.lv\/en\/product\/fishing-kayak-feelfree-camo-2pc-dural\/#primaryimage"},"image":{"@id":"https:\/\/www.waterskis.lv\/en\/product\/fishing-kayak-feelfree-camo-2pc-dural\/#primaryimage"},"thumbnailUrl":"https:\/\/www.waterskis.lv\/wp-content\/uploads\/2020\/11\/fishing-kayak-paddle-feelfree-camo-1pc-dural.jpg","datePublished":"2020-11-12T15:25:09+00:00","dateModified":"2022-03-23T11:56:14+00:00","description":"Fishing kayak FEELFREE CAMO 2pc. Dural. Waterskis.lv - established manufacturers, high quality, good prices. Boat rental and more in Jurmala","breadcrumb":{"@id":"https:\/\/www.waterskis.lv\/en\/product\/fishing-kayak-feelfree-camo-2pc-dural\/#breadcrumb"},"inLanguage":"en-US","potentialAction":[{"@type":"ReadAction","target":["https:\/\/www.waterskis.lv\/en\/product\/fishing-kayak-feelfree-camo-2pc-dural\/"]}]},{"@type":"ImageObject","inLanguage":"en-US","@id":"https:\/\/www.waterskis.lv\/en\/product\/fishing-kayak-feelfree-camo-2pc-dural\/#primaryimage","url":"https:\/\/www.waterskis.lv\/wp-content\/uploads\/2020\/11\/fishing-kayak-paddle-feelfree-camo-1pc-dural.jpg","contentUrl":"https:\/\/www.waterskis.lv\/wp-content\/uploads\/2020\/11\/fishing-kayak-paddle-feelfree-camo-1pc-dural.jpg","width":1000,"height":1000,"caption":"Fishing kayak FEELFREE CAMO 1pc. Glass"},{"@type":"BreadcrumbList","@id":"https:\/\/www.waterskis.lv\/en\/product\/fishing-kayak-feelfree-camo-2pc-dural\/#breadcrumb","itemListElement":[{"@type":"ListItem","position":1,"name":"Home","item":"https:\/\/www.waterskis.lv\/en\/"},{"@type":"ListItem","position":2,"name":"Shop","item":"https:\/\/waterskis.lv\/en\/shop\/"},{"@type":"ListItem","position":3,"name":"Fishing kayak FEELFREE CAMO 2pc. Dural"}]},{"@type":"WebSite","@id":"https:\/\/www.waterskis.lv\/en\/#website","url":"https:\/\/www.waterskis.lv\/en\/","name":"WATERSKIS.LV","description":"SUP d\u0113\u013ci, kajaki, kanoe, airu laivas, \u016bdenssl\u0113po\u0161ana, veikbords, SUP d\u0113\u013cu noma, kajaku nomaakt\u012bv\u0101s atp\u016btas centrs, laivu noma, sup noma, kajaku noma","publisher":{"@id":"https:\/\/www.waterskis.lv\/en\/#organization"},"potentialAction":[{"@type":"SearchAction","target":{"@type":"EntryPoint","urlTemplate":"https:\/\/www.waterskis.lv\/en\/?s={search_term_string}"},"query-input":{"@type":"PropertyValueSpecification","valueRequired":true,"valueName":"search_term_string"}}],"inLanguage":"en-US"},{"@type":"Organization","@id":"https:\/\/www.waterskis.lv\/en\/#organization","name":"WATERSKIS.LV","url":"https:\/\/www.waterskis.lv\/en\/","logo":{"@type":"ImageObject","inLanguage":"en-US","@id":"https:\/\/www.waterskis.lv\/en\/#\/schema\/logo\/image\/","url":"https:\/\/www.waterskis.lv\/wp-content\/uploads\/2025\/01\/JUVP-logo.png","contentUrl":"https:\/\/www.waterskis.lv\/wp-content\/uploads\/2025\/01\/JUVP-logo.png","width":421,"height":202,"caption":"WATERSKIS.LV"},"image":{"@id":"https:\/\/www.waterskis.lv\/en\/#\/schema\/logo\/image\/"},"sameAs":["https:\/\/www.facebook.com\/jurmalawaterskiwakeboardpark\/"]}]}},"_links":{"self":[{"href":"https:\/\/www.waterskis.lv\/en\/wp-json\/wp\/v2\/product\/25078","targetHints":{"allow":["GET"]}}],"collection":[{"href":"https:\/\/www.waterskis.lv\/en\/wp-json\/wp\/v2\/product"}],"about":[{"href":"https:\/\/www.waterskis.lv\/en\/wp-json\/wp\/v2\/types\/product"}],"replies":[{"embeddable":true,"href":"https:\/\/www.waterskis.lv\/en\/wp-json\/wp\/v2\/comments?post=25078"}],"wp:featuredmedia":[{"embeddable":true,"href":"https:\/\/www.waterskis.lv\/en\/wp-json\/wp\/v2\/media\/22837"}],"wp:attachment":[{"href":"https:\/\/www.waterskis.lv\/en\/wp-json\/wp\/v2\/media?parent=25078"}],"wp:term":[{"taxonomy":"product_brand","embeddable":true,"href":"https:\/\/www.waterskis.lv\/en\/wp-json\/wp\/v2\/product_brand?post=25078"},{"taxonomy":"product_cat","embeddable":true,"href":"https:\/\/www.waterskis.lv\/en\/wp-json\/wp\/v2\/product_cat?post=25078"},{"taxonomy":"product_tag","embeddable":true,"href":"https:\/\/www.waterskis.lv\/en\/wp-json\/wp\/v2\/product_tag?post=25078"}],"curies":[{"name":"wp","href":"https:\/\/api.w.org\/{rel}","templated":true}]}}