{"id":25118,"date":"2020-11-13T13:13:32","date_gmt":"2020-11-13T10:13:32","guid":{"rendered":"https:\/\/www.waterskis.lv\/product\/kajaka-airis-tnp-726c-2yp-wolferine-carbon\/"},"modified":"2022-03-23T14:00:22","modified_gmt":"2022-03-23T11:00:22","slug":"kayak-paddle-tnp-726c-2yp-wolferine-carbon","status":"publish","type":"product","link":"https:\/\/www.waterskis.lv\/en\/product\/kayak-paddle-tnp-726c-2yp-wolferine-carbon\/","title":{"rendered":"Kayak paddle TNP 726C.2YP WOLFERINE CARBON"},"content":{"rendered":"<div class=\"block_content1 rte active\">\n<p>Kayak paddle TNP 726C.2YP WOLFERINE CARBON<\/p>\n<p>Wolferine belongs to our higher kayak line of kayak paddles.<\/p>\n<p>This line uses new\u00a0blade material. We have used time-tested technical plastic and reinforced it with glassfiber in order to achieve the best mechanical characteristics.<\/p>\n<p>As a result, this material features high firmness yet mantains low weight, which we all like.<\/p>\n<p>This paddle features a special blade &#8220;nose&#8221;\u00a0 to protect you from running water without using the drip rings.<\/p>\n<p>Available as 1 part or 2 part paddle. Also recommended to use this paddle with our variable\u00a0Vario YP coupling. Newly you can also opt for\u00a0Vario Z coupling, which allows you to change the angle swiftly without additional instruments.<\/p>\n<p>Standardly we manufacture this model on duralumin or composite\u00a0shafts.<\/p>\n<p>This model uses shafts with 30 mm diameter.<\/p>\n<\/div>\n<p id=\"table-data\" class=\"page-product-heading\">DATA SHEET<\/p>\n<table class=\"block_content2 table-data-sheet\">\n<tbody>\n<tr class=\"odd\">\n<td>Type<\/td>\n<td>Professional paddle<\/td>\n<\/tr>\n<tr class=\"even\">\n<td>Weight<\/td>\n<td>0,88<\/td>\n<\/tr>\n<tr class=\"odd\">\n<td>Color<\/td>\n<td>Black<\/td>\n<\/tr>\n<tr class=\"even\">\n<td>Shaft material<\/td>\n<td>Carbon<\/td>\n<\/tr>\n<tr class=\"odd\">\n<td>Number of parts<\/td>\n<td>2<\/td>\n<\/tr>\n<tr class=\"even\">\n<td>Blade material<\/td>\n<td>PAC (Carbon reinforced polyamide)<\/td>\n<\/tr>\n<tr class=\"odd\">\n<td>Blade surface<\/td>\n<td>655<\/td>\n<\/tr>\n<tr class=\"even\">\n<td>Shaft diameter<\/td>\n<td>30 mm<\/td>\n<\/tr>\n<tr class=\"odd\">\n<td>Joint type<\/td>\n<td>YP coupling<\/td>\n<\/tr>\n<tr class=\"even\">\n<td>Purpose of usage<\/td>\n<td>Touring paddle (Sea)<\/td>\n<\/tr>\n<tr class=\"odd\">\n<td>Country of origin<\/td>\n<td>Czech Republic<\/td>\n<\/tr>\n<\/tbody>\n<\/table>\n<p>Length cm: 220 &#8211; 230<\/p>\n<p>Kayak paddle TNP 726C.2YP WOLFERINE CARBON<\/p>\n","protected":false},"excerpt":{"rendered":"<p>https:\/\/www.youtube.com\/watch?v=RY-39a4pYs4 [&#8230;]<\/p>\n<p><a class=\"btn btn-secondary understrap-read-more-link\" href=\"https:\/\/www.waterskis.lv\/en\/product\/kayak-paddle-tnp-726c-2yp-wolferine-carbon\/\">Read More&#8230;<\/a><\/p>\n","protected":false},"featured_media":22961,"comment_status":"closed","ping_status":"closed","template":"","meta":{"_acf_changed":false,"inline_featured_image":false},"product_brand":[],"product_cat":[674,533,673],"product_tag":[3495,2855,3496,3497,3498],"class_list":{"0":"post-25118","1":"product","2":"type-product","3":"status-publish","4":"has-post-thumbnail","6":"product_cat-all-round-touring-paddles","7":"product_cat-kayak-paddles","8":"product_cat-paddles-oars","9":"product_tag-kajaka-airis","10":"product_tag-karbona-kajaka-airis","11":"product_tag-kayak-paddle","12":"product_tag-tnp","13":"product_tag-3498","15":"first","16":"instock","17":"shipping-taxable","18":"purchasable","19":"product-type-simple"},"acf":[],"yoast_head":"<!-- This site is optimized with the Yoast SEO plugin v27.4 - https:\/\/yoast.com\/product\/yoast-seo-wordpress\/ -->\n<title>Kayak paddle TNP 726C.2YP WOLFERINE CARBON - WATERSKIS.LV<\/title>\n<meta name=\"description\" content=\"Kayak paddle TNP 726C.2YP WOLFERINE CARBON. Waterskis.lv - established manufacturers, high quality, good prices.\" \/>\n<meta name=\"robots\" content=\"index, follow, max-snippet:-1, max-image-preview:large, max-video-preview:-1\" \/>\n<link rel=\"canonical\" href=\"https:\/\/www.waterskis.lv\/en\/product\/kayak-paddle-tnp-726c-2yp-wolferine-carbon\/\" \/>\n<meta property=\"og:locale\" content=\"en_US\" \/>\n<meta property=\"og:type\" content=\"article\" \/>\n<meta property=\"og:title\" content=\"Kayak paddle TNP 726C.2YP WOLFERINE CARBON - WATERSKIS.LV\" \/>\n<meta property=\"og:description\" content=\"Kayak paddle TNP 726C.2YP WOLFERINE CARBON. Waterskis.lv - established manufacturers, high quality, good prices.\" \/>\n<meta property=\"og:url\" content=\"https:\/\/www.waterskis.lv\/en\/product\/kayak-paddle-tnp-726c-2yp-wolferine-carbon\/\" \/>\n<meta property=\"og:site_name\" content=\"WATERSKIS.LV\" \/>\n<meta property=\"article:publisher\" content=\"https:\/\/www.facebook.com\/jurmalawaterskiwakeboardpark\/\" \/>\n<meta property=\"article:modified_time\" content=\"2022-03-23T11:00:22+00:00\" \/>\n<meta property=\"og:image\" content=\"https:\/\/www.waterskis.lv\/wp-content\/uploads\/2020\/11\/kayak-paddle-tnp-726c2yp-wolferine-carbon.jpg\" \/>\n\t<meta property=\"og:image:width\" content=\"1000\" \/>\n\t<meta property=\"og:image:height\" content=\"1000\" \/>\n\t<meta property=\"og:image:type\" content=\"image\/jpeg\" \/>\n<meta name=\"twitter:card\" content=\"summary_large_image\" \/>\n<meta name=\"twitter:label1\" content=\"Est. reading time\" \/>\n\t<meta name=\"twitter:data1\" content=\"1 minute\" \/>\n<script type=\"application\/ld+json\" class=\"yoast-schema-graph\">{\"@context\":\"https:\\\/\\\/schema.org\",\"@graph\":[{\"@type\":\"WebPage\",\"@id\":\"https:\\\/\\\/www.waterskis.lv\\\/en\\\/product\\\/kayak-paddle-tnp-726c-2yp-wolferine-carbon\\\/\",\"url\":\"https:\\\/\\\/www.waterskis.lv\\\/en\\\/product\\\/kayak-paddle-tnp-726c-2yp-wolferine-carbon\\\/\",\"name\":\"Kayak paddle TNP 726C.2YP WOLFERINE CARBON - WATERSKIS.LV\",\"isPartOf\":{\"@id\":\"https:\\\/\\\/www.waterskis.lv\\\/en\\\/#website\"},\"primaryImageOfPage\":{\"@id\":\"https:\\\/\\\/www.waterskis.lv\\\/en\\\/product\\\/kayak-paddle-tnp-726c-2yp-wolferine-carbon\\\/#primaryimage\"},\"image\":{\"@id\":\"https:\\\/\\\/www.waterskis.lv\\\/en\\\/product\\\/kayak-paddle-tnp-726c-2yp-wolferine-carbon\\\/#primaryimage\"},\"thumbnailUrl\":\"https:\\\/\\\/www.waterskis.lv\\\/wp-content\\\/uploads\\\/2020\\\/11\\\/kayak-paddle-tnp-726c2yp-wolferine-carbon.jpg\",\"datePublished\":\"2020-11-13T10:13:32+00:00\",\"dateModified\":\"2022-03-23T11:00:22+00:00\",\"description\":\"Kayak paddle TNP 726C.2YP WOLFERINE CARBON. Waterskis.lv - established manufacturers, high quality, good prices.\",\"breadcrumb\":{\"@id\":\"https:\\\/\\\/www.waterskis.lv\\\/en\\\/product\\\/kayak-paddle-tnp-726c-2yp-wolferine-carbon\\\/#breadcrumb\"},\"inLanguage\":\"en-US\",\"potentialAction\":[{\"@type\":\"ReadAction\",\"target\":[\"https:\\\/\\\/www.waterskis.lv\\\/en\\\/product\\\/kayak-paddle-tnp-726c-2yp-wolferine-carbon\\\/\"]}]},{\"@type\":\"ImageObject\",\"inLanguage\":\"en-US\",\"@id\":\"https:\\\/\\\/www.waterskis.lv\\\/en\\\/product\\\/kayak-paddle-tnp-726c-2yp-wolferine-carbon\\\/#primaryimage\",\"url\":\"https:\\\/\\\/www.waterskis.lv\\\/wp-content\\\/uploads\\\/2020\\\/11\\\/kayak-paddle-tnp-726c2yp-wolferine-carbon.jpg\",\"contentUrl\":\"https:\\\/\\\/www.waterskis.lv\\\/wp-content\\\/uploads\\\/2020\\\/11\\\/kayak-paddle-tnp-726c2yp-wolferine-carbon.jpg\",\"width\":1000,\"height\":1000,\"caption\":\"Kayak paddle TNP 726C.2YP WOLFERINE CARBON\"},{\"@type\":\"BreadcrumbList\",\"@id\":\"https:\\\/\\\/www.waterskis.lv\\\/en\\\/product\\\/kayak-paddle-tnp-726c-2yp-wolferine-carbon\\\/#breadcrumb\",\"itemListElement\":[{\"@type\":\"ListItem\",\"position\":1,\"name\":\"Home\",\"item\":\"https:\\\/\\\/www.waterskis.lv\\\/en\\\/\"},{\"@type\":\"ListItem\",\"position\":2,\"name\":\"Shop\",\"item\":\"https:\\\/\\\/waterskis.lv\\\/en\\\/shop\\\/\"},{\"@type\":\"ListItem\",\"position\":3,\"name\":\"Kayak paddle TNP 726C.2YP WOLFERINE CARBON\"}]},{\"@type\":\"WebSite\",\"@id\":\"https:\\\/\\\/www.waterskis.lv\\\/en\\\/#website\",\"url\":\"https:\\\/\\\/www.waterskis.lv\\\/en\\\/\",\"name\":\"WATERSKIS.LV\",\"description\":\"SUP d\u0113\u013ci, kajaki, kanoe, airu laivas, \u016bdenssl\u0113po\u0161ana, veikbords, SUP d\u0113\u013cu noma, kajaku nomaakt\u012bv\u0101s atp\u016btas centrs, laivu noma, sup noma, kajaku noma\",\"publisher\":{\"@id\":\"https:\\\/\\\/www.waterskis.lv\\\/en\\\/#organization\"},\"potentialAction\":[{\"@type\":\"SearchAction\",\"target\":{\"@type\":\"EntryPoint\",\"urlTemplate\":\"https:\\\/\\\/www.waterskis.lv\\\/en\\\/?s={search_term_string}\"},\"query-input\":{\"@type\":\"PropertyValueSpecification\",\"valueRequired\":true,\"valueName\":\"search_term_string\"}}],\"inLanguage\":\"en-US\"},{\"@type\":\"Organization\",\"@id\":\"https:\\\/\\\/www.waterskis.lv\\\/en\\\/#organization\",\"name\":\"WATERSKIS.LV\",\"url\":\"https:\\\/\\\/www.waterskis.lv\\\/en\\\/\",\"logo\":{\"@type\":\"ImageObject\",\"inLanguage\":\"en-US\",\"@id\":\"https:\\\/\\\/www.waterskis.lv\\\/en\\\/#\\\/schema\\\/logo\\\/image\\\/\",\"url\":\"https:\\\/\\\/www.waterskis.lv\\\/wp-content\\\/uploads\\\/2025\\\/01\\\/JUVP-logo.png\",\"contentUrl\":\"https:\\\/\\\/www.waterskis.lv\\\/wp-content\\\/uploads\\\/2025\\\/01\\\/JUVP-logo.png\",\"width\":421,\"height\":202,\"caption\":\"WATERSKIS.LV\"},\"image\":{\"@id\":\"https:\\\/\\\/www.waterskis.lv\\\/en\\\/#\\\/schema\\\/logo\\\/image\\\/\"},\"sameAs\":[\"https:\\\/\\\/www.facebook.com\\\/jurmalawaterskiwakeboardpark\\\/\"]}]}<\/script>\n<!-- \/ Yoast SEO plugin. -->","yoast_head_json":{"title":"Kayak paddle TNP 726C.2YP WOLFERINE CARBON - WATERSKIS.LV","description":"Kayak paddle TNP 726C.2YP WOLFERINE CARBON. Waterskis.lv - established manufacturers, high quality, good prices.","robots":{"index":"index","follow":"follow","max-snippet":"max-snippet:-1","max-image-preview":"max-image-preview:large","max-video-preview":"max-video-preview:-1"},"canonical":"https:\/\/www.waterskis.lv\/en\/product\/kayak-paddle-tnp-726c-2yp-wolferine-carbon\/","og_locale":"en_US","og_type":"article","og_title":"Kayak paddle TNP 726C.2YP WOLFERINE CARBON - WATERSKIS.LV","og_description":"Kayak paddle TNP 726C.2YP WOLFERINE CARBON. Waterskis.lv - established manufacturers, high quality, good prices.","og_url":"https:\/\/www.waterskis.lv\/en\/product\/kayak-paddle-tnp-726c-2yp-wolferine-carbon\/","og_site_name":"WATERSKIS.LV","article_publisher":"https:\/\/www.facebook.com\/jurmalawaterskiwakeboardpark\/","article_modified_time":"2022-03-23T11:00:22+00:00","og_image":[{"width":1000,"height":1000,"url":"https:\/\/www.waterskis.lv\/wp-content\/uploads\/2020\/11\/kayak-paddle-tnp-726c2yp-wolferine-carbon.jpg","type":"image\/jpeg"}],"twitter_card":"summary_large_image","twitter_misc":{"Est. reading time":"1 minute"},"schema":{"@context":"https:\/\/schema.org","@graph":[{"@type":"WebPage","@id":"https:\/\/www.waterskis.lv\/en\/product\/kayak-paddle-tnp-726c-2yp-wolferine-carbon\/","url":"https:\/\/www.waterskis.lv\/en\/product\/kayak-paddle-tnp-726c-2yp-wolferine-carbon\/","name":"Kayak paddle TNP 726C.2YP WOLFERINE CARBON - WATERSKIS.LV","isPartOf":{"@id":"https:\/\/www.waterskis.lv\/en\/#website"},"primaryImageOfPage":{"@id":"https:\/\/www.waterskis.lv\/en\/product\/kayak-paddle-tnp-726c-2yp-wolferine-carbon\/#primaryimage"},"image":{"@id":"https:\/\/www.waterskis.lv\/en\/product\/kayak-paddle-tnp-726c-2yp-wolferine-carbon\/#primaryimage"},"thumbnailUrl":"https:\/\/www.waterskis.lv\/wp-content\/uploads\/2020\/11\/kayak-paddle-tnp-726c2yp-wolferine-carbon.jpg","datePublished":"2020-11-13T10:13:32+00:00","dateModified":"2022-03-23T11:00:22+00:00","description":"Kayak paddle TNP 726C.2YP WOLFERINE CARBON. Waterskis.lv - established manufacturers, high quality, good prices.","breadcrumb":{"@id":"https:\/\/www.waterskis.lv\/en\/product\/kayak-paddle-tnp-726c-2yp-wolferine-carbon\/#breadcrumb"},"inLanguage":"en-US","potentialAction":[{"@type":"ReadAction","target":["https:\/\/www.waterskis.lv\/en\/product\/kayak-paddle-tnp-726c-2yp-wolferine-carbon\/"]}]},{"@type":"ImageObject","inLanguage":"en-US","@id":"https:\/\/www.waterskis.lv\/en\/product\/kayak-paddle-tnp-726c-2yp-wolferine-carbon\/#primaryimage","url":"https:\/\/www.waterskis.lv\/wp-content\/uploads\/2020\/11\/kayak-paddle-tnp-726c2yp-wolferine-carbon.jpg","contentUrl":"https:\/\/www.waterskis.lv\/wp-content\/uploads\/2020\/11\/kayak-paddle-tnp-726c2yp-wolferine-carbon.jpg","width":1000,"height":1000,"caption":"Kayak paddle TNP 726C.2YP WOLFERINE CARBON"},{"@type":"BreadcrumbList","@id":"https:\/\/www.waterskis.lv\/en\/product\/kayak-paddle-tnp-726c-2yp-wolferine-carbon\/#breadcrumb","itemListElement":[{"@type":"ListItem","position":1,"name":"Home","item":"https:\/\/www.waterskis.lv\/en\/"},{"@type":"ListItem","position":2,"name":"Shop","item":"https:\/\/waterskis.lv\/en\/shop\/"},{"@type":"ListItem","position":3,"name":"Kayak paddle TNP 726C.2YP WOLFERINE CARBON"}]},{"@type":"WebSite","@id":"https:\/\/www.waterskis.lv\/en\/#website","url":"https:\/\/www.waterskis.lv\/en\/","name":"WATERSKIS.LV","description":"SUP d\u0113\u013ci, kajaki, kanoe, airu laivas, \u016bdenssl\u0113po\u0161ana, veikbords, SUP d\u0113\u013cu noma, kajaku nomaakt\u012bv\u0101s atp\u016btas centrs, laivu noma, sup noma, kajaku noma","publisher":{"@id":"https:\/\/www.waterskis.lv\/en\/#organization"},"potentialAction":[{"@type":"SearchAction","target":{"@type":"EntryPoint","urlTemplate":"https:\/\/www.waterskis.lv\/en\/?s={search_term_string}"},"query-input":{"@type":"PropertyValueSpecification","valueRequired":true,"valueName":"search_term_string"}}],"inLanguage":"en-US"},{"@type":"Organization","@id":"https:\/\/www.waterskis.lv\/en\/#organization","name":"WATERSKIS.LV","url":"https:\/\/www.waterskis.lv\/en\/","logo":{"@type":"ImageObject","inLanguage":"en-US","@id":"https:\/\/www.waterskis.lv\/en\/#\/schema\/logo\/image\/","url":"https:\/\/www.waterskis.lv\/wp-content\/uploads\/2025\/01\/JUVP-logo.png","contentUrl":"https:\/\/www.waterskis.lv\/wp-content\/uploads\/2025\/01\/JUVP-logo.png","width":421,"height":202,"caption":"WATERSKIS.LV"},"image":{"@id":"https:\/\/www.waterskis.lv\/en\/#\/schema\/logo\/image\/"},"sameAs":["https:\/\/www.facebook.com\/jurmalawaterskiwakeboardpark\/"]}]}},"_links":{"self":[{"href":"https:\/\/www.waterskis.lv\/en\/wp-json\/wp\/v2\/product\/25118","targetHints":{"allow":["GET"]}}],"collection":[{"href":"https:\/\/www.waterskis.lv\/en\/wp-json\/wp\/v2\/product"}],"about":[{"href":"https:\/\/www.waterskis.lv\/en\/wp-json\/wp\/v2\/types\/product"}],"replies":[{"embeddable":true,"href":"https:\/\/www.waterskis.lv\/en\/wp-json\/wp\/v2\/comments?post=25118"}],"wp:featuredmedia":[{"embeddable":true,"href":"https:\/\/www.waterskis.lv\/en\/wp-json\/wp\/v2\/media\/22961"}],"wp:attachment":[{"href":"https:\/\/www.waterskis.lv\/en\/wp-json\/wp\/v2\/media?parent=25118"}],"wp:term":[{"taxonomy":"product_brand","embeddable":true,"href":"https:\/\/www.waterskis.lv\/en\/wp-json\/wp\/v2\/product_brand?post=25118"},{"taxonomy":"product_cat","embeddable":true,"href":"https:\/\/www.waterskis.lv\/en\/wp-json\/wp\/v2\/product_cat?post=25118"},{"taxonomy":"product_tag","embeddable":true,"href":"https:\/\/www.waterskis.lv\/en\/wp-json\/wp\/v2\/product_tag?post=25118"}],"curies":[{"name":"wp","href":"https:\/\/api.w.org\/{rel}","templated":true}]}}