{"id":25134,"date":"2020-12-24T13:53:58","date_gmt":"2020-12-24T10:53:58","guid":{"rendered":"https:\/\/www.waterskis.lv\/product\/kajaka-airis-tnp-221-2-yp-nepton-full-carbon\/"},"modified":"2020-12-24T14:12:41","modified_gmt":"2020-12-24T11:12:41","slug":"kayak-paddle-tnp-221-2-yp-nekton-full-carbon","status":"publish","type":"product","link":"https:\/\/www.waterskis.lv\/en\/product\/kayak-paddle-tnp-221-2-yp-nekton-full-carbon\/","title":{"rendered":"Kayak paddle TNP 221.2 YP NEKTON FULL CARBON"},"content":{"rendered":"<div class=\"block_content1 rte active\">\n<p>Nekton is an exclusive model in our range of sea kayak paddles. We decided to use very light and strong 100% carbon as the blade material.<\/p>\n<p>The Nekton paddle was developed in collaboration with both experienced sea kayakers and laminate technicians. The blades of the Nekton paddle immediately draw your attention due to their double rib, which enhances the blade\u2019s strength and stability when paddling and it does not get in the way when the blade enters the water. We also thought about safety \u2013 the integrated lettering \u201cNekton\u201d and \u201cTNP\u201d is made of reflective tape, which reflects light in the dark.<\/p>\n<p>We normally offer the paddle on 28 mm composite shafts. Choices include one-piece or two-piece, or in combination with a Vario YP or Z coupling.<\/p>\n<p>The paddle stroke is stable and strong. The paddle is designed for experienced sea kayakers and excels thanks to its low weight and excellent properties when paddling.<\/p>\n<p>We borrowed the Nekton name from biology. Nekton means everything that is alive in the ocean and capable of active movement. The opposite is plankton, which only floats passively thanks to sea currents.<\/p>\n<\/div>\n<h3 id=\"table-data\" class=\"page-product-heading\">DATA SHEET<\/h3>\n<table class=\"block_content2 table-data-sheet\">\n<tbody>\n<tr class=\"odd\">\n<td>Type<\/td>\n<td>Professional paddle<\/td>\n<\/tr>\n<tr class=\"even\">\n<td>Weight<\/td>\n<td>0,82 kg<\/td>\n<\/tr>\n<tr class=\"odd\">\n<td>Color<\/td>\n<td>Black<\/td>\n<\/tr>\n<tr class=\"even\">\n<td>Shaft material<\/td>\n<td>Carbon<\/td>\n<\/tr>\n<tr class=\"odd\">\n<td>Number of parts<\/td>\n<td>2<\/td>\n<\/tr>\n<tr class=\"even\">\n<td>Blade material<\/td>\n<td>Carbon<\/td>\n<\/tr>\n<tr class=\"odd\">\n<td>Blade surface<\/td>\n<td>620<\/td>\n<\/tr>\n<tr class=\"even\">\n<td>Shaft diameter<\/td>\n<td>30 mm<\/td>\n<\/tr>\n<tr class=\"odd\">\n<td>Joint type<\/td>\n<td>YP coupling<\/td>\n<\/tr>\n<tr class=\"even\">\n<td>Purpose of usage<\/td>\n<td>Touring paddle (Sea)<\/td>\n<\/tr>\n<tr class=\"odd\">\n<td>Country of origin<\/td>\n<td>Czech Republic<\/td>\n<\/tr>\n<\/tbody>\n<\/table>\n<p>Length cm: 215-220, 220-225, 225-230<\/p>\n","protected":false},"excerpt":{"rendered":"<p>Nekton is an exclusive model in our range of sea kayak paddles. We decided to use very light and strong 100% carbon as the blade material. The Nekton paddle was developed in collaboration with both experienced sea kayakers and laminate technicians. The blades of the Nekton paddle immediately draw your attention due to their double [&#8230;]<\/p>\n<p><a class=\"btn btn-secondary understrap-read-more-link\" href=\"https:\/\/www.waterskis.lv\/en\/product\/kayak-paddle-tnp-221-2-yp-nekton-full-carbon\/\">Read More&#8230;<\/a><\/p>\n","protected":false},"featured_media":25126,"comment_status":"closed","ping_status":"closed","template":"","meta":{"_acf_changed":false,"inline_featured_image":false},"product_brand":[],"product_cat":[674,533,673],"product_tag":[3495,2855,3496,3497,3498],"class_list":{"0":"post-25134","1":"product","2":"type-product","3":"status-publish","4":"has-post-thumbnail","6":"product_cat-all-round-touring-paddles","7":"product_cat-kayak-paddles","8":"product_cat-paddles-oars","9":"product_tag-kajaka-airis","10":"product_tag-karbona-kajaka-airis","11":"product_tag-kayak-paddle","12":"product_tag-tnp","13":"product_tag-3498","15":"first","16":"instock","17":"shipping-taxable","18":"purchasable","19":"product-type-simple"},"acf":[],"yoast_head":"<!-- This site is optimized with the Yoast SEO plugin v27.3 - https:\/\/yoast.com\/product\/yoast-seo-wordpress\/ -->\n<title>Kayak paddle TNP 221.2 YP NEKTON FULL CARBON - WATERSKIS.LV<\/title>\n<meta name=\"description\" content=\"Kayak paddle TNP 221.2 YP NEKTON FULL CARBON\" \/>\n<meta name=\"robots\" content=\"index, follow, max-snippet:-1, max-image-preview:large, max-video-preview:-1\" \/>\n<link rel=\"canonical\" href=\"https:\/\/www.waterskis.lv\/en\/product\/kayak-paddle-tnp-221-2-yp-nekton-full-carbon\/\" \/>\n<meta property=\"og:locale\" content=\"en_US\" \/>\n<meta property=\"og:type\" content=\"article\" \/>\n<meta property=\"og:title\" content=\"Kayak paddle TNP 221.2 YP NEKTON FULL CARBON - WATERSKIS.LV\" \/>\n<meta property=\"og:description\" content=\"Kayak paddle TNP 221.2 YP NEKTON FULL CARBON\" \/>\n<meta property=\"og:url\" content=\"https:\/\/www.waterskis.lv\/en\/product\/kayak-paddle-tnp-221-2-yp-nekton-full-carbon\/\" \/>\n<meta property=\"og:site_name\" content=\"WATERSKIS.LV\" \/>\n<meta property=\"article:publisher\" content=\"https:\/\/www.facebook.com\/jurmalawaterskiwakeboardpark\/\" \/>\n<meta property=\"article:modified_time\" content=\"2020-12-24T11:12:41+00:00\" \/>\n<meta property=\"og:image\" content=\"https:\/\/157.245.16.175\/wp-content\/uploads\/2020\/12\/nepton-full-carbon.jpg\" \/>\n\t<meta property=\"og:image:width\" content=\"1000\" \/>\n\t<meta property=\"og:image:height\" content=\"1000\" \/>\n\t<meta property=\"og:image:type\" content=\"image\/jpeg\" \/>\n<meta name=\"twitter:card\" content=\"summary_large_image\" \/>\n<meta name=\"twitter:label1\" content=\"Est. reading time\" \/>\n\t<meta name=\"twitter:data1\" content=\"1 minute\" \/>\n<script type=\"application\/ld+json\" class=\"yoast-schema-graph\">{\"@context\":\"https:\\\/\\\/schema.org\",\"@graph\":[{\"@type\":\"WebPage\",\"@id\":\"https:\\\/\\\/www.waterskis.lv\\\/en\\\/product\\\/kayak-paddle-tnp-221-2-yp-nekton-full-carbon\\\/\",\"url\":\"https:\\\/\\\/www.waterskis.lv\\\/en\\\/product\\\/kayak-paddle-tnp-221-2-yp-nekton-full-carbon\\\/\",\"name\":\"Kayak paddle TNP 221.2 YP NEKTON FULL CARBON - WATERSKIS.LV\",\"isPartOf\":{\"@id\":\"https:\\\/\\\/www.waterskis.lv\\\/en\\\/#website\"},\"primaryImageOfPage\":{\"@id\":\"https:\\\/\\\/www.waterskis.lv\\\/en\\\/product\\\/kayak-paddle-tnp-221-2-yp-nekton-full-carbon\\\/#primaryimage\"},\"image\":{\"@id\":\"https:\\\/\\\/www.waterskis.lv\\\/en\\\/product\\\/kayak-paddle-tnp-221-2-yp-nekton-full-carbon\\\/#primaryimage\"},\"thumbnailUrl\":\"https:\\\/\\\/www.waterskis.lv\\\/wp-content\\\/uploads\\\/2020\\\/12\\\/nepton-full-carbon.jpg\",\"datePublished\":\"2020-12-24T10:53:58+00:00\",\"dateModified\":\"2020-12-24T11:12:41+00:00\",\"description\":\"Kayak paddle TNP 221.2 YP NEKTON FULL CARBON\",\"breadcrumb\":{\"@id\":\"https:\\\/\\\/www.waterskis.lv\\\/en\\\/product\\\/kayak-paddle-tnp-221-2-yp-nekton-full-carbon\\\/#breadcrumb\"},\"inLanguage\":\"en-US\",\"potentialAction\":[{\"@type\":\"ReadAction\",\"target\":[\"https:\\\/\\\/www.waterskis.lv\\\/en\\\/product\\\/kayak-paddle-tnp-221-2-yp-nekton-full-carbon\\\/\"]}]},{\"@type\":\"ImageObject\",\"inLanguage\":\"en-US\",\"@id\":\"https:\\\/\\\/www.waterskis.lv\\\/en\\\/product\\\/kayak-paddle-tnp-221-2-yp-nekton-full-carbon\\\/#primaryimage\",\"url\":\"https:\\\/\\\/www.waterskis.lv\\\/wp-content\\\/uploads\\\/2020\\\/12\\\/nepton-full-carbon.jpg\",\"contentUrl\":\"https:\\\/\\\/www.waterskis.lv\\\/wp-content\\\/uploads\\\/2020\\\/12\\\/nepton-full-carbon.jpg\",\"width\":1000,\"height\":1000,\"caption\":\"Kayak paddle TNP 221.2 YP NEKTON FULL CARBON\"},{\"@type\":\"BreadcrumbList\",\"@id\":\"https:\\\/\\\/www.waterskis.lv\\\/en\\\/product\\\/kayak-paddle-tnp-221-2-yp-nekton-full-carbon\\\/#breadcrumb\",\"itemListElement\":[{\"@type\":\"ListItem\",\"position\":1,\"name\":\"Home\",\"item\":\"https:\\\/\\\/www.waterskis.lv\\\/en\\\/\"},{\"@type\":\"ListItem\",\"position\":2,\"name\":\"Shop\",\"item\":\"https:\\\/\\\/waterskis.lv\\\/en\\\/shop\\\/\"},{\"@type\":\"ListItem\",\"position\":3,\"name\":\"Kayak paddle TNP 221.2 YP NEKTON FULL CARBON\"}]},{\"@type\":\"WebSite\",\"@id\":\"https:\\\/\\\/www.waterskis.lv\\\/en\\\/#website\",\"url\":\"https:\\\/\\\/www.waterskis.lv\\\/en\\\/\",\"name\":\"WATERSKIS.LV\",\"description\":\"SUP d\u0113\u013ci, kajaki, kanoe, airu laivas, \u016bdenssl\u0113po\u0161ana, veikbords, SUP d\u0113\u013cu noma, kajaku nomaakt\u012bv\u0101s atp\u016btas centrs, laivu noma, sup noma, kajaku noma\",\"publisher\":{\"@id\":\"https:\\\/\\\/www.waterskis.lv\\\/en\\\/#organization\"},\"potentialAction\":[{\"@type\":\"SearchAction\",\"target\":{\"@type\":\"EntryPoint\",\"urlTemplate\":\"https:\\\/\\\/www.waterskis.lv\\\/en\\\/?s={search_term_string}\"},\"query-input\":{\"@type\":\"PropertyValueSpecification\",\"valueRequired\":true,\"valueName\":\"search_term_string\"}}],\"inLanguage\":\"en-US\"},{\"@type\":\"Organization\",\"@id\":\"https:\\\/\\\/www.waterskis.lv\\\/en\\\/#organization\",\"name\":\"WATERSKIS.LV\",\"url\":\"https:\\\/\\\/www.waterskis.lv\\\/en\\\/\",\"logo\":{\"@type\":\"ImageObject\",\"inLanguage\":\"en-US\",\"@id\":\"https:\\\/\\\/www.waterskis.lv\\\/en\\\/#\\\/schema\\\/logo\\\/image\\\/\",\"url\":\"https:\\\/\\\/www.waterskis.lv\\\/wp-content\\\/uploads\\\/2025\\\/01\\\/JUVP-logo.png\",\"contentUrl\":\"https:\\\/\\\/www.waterskis.lv\\\/wp-content\\\/uploads\\\/2025\\\/01\\\/JUVP-logo.png\",\"width\":421,\"height\":202,\"caption\":\"WATERSKIS.LV\"},\"image\":{\"@id\":\"https:\\\/\\\/www.waterskis.lv\\\/en\\\/#\\\/schema\\\/logo\\\/image\\\/\"},\"sameAs\":[\"https:\\\/\\\/www.facebook.com\\\/jurmalawaterskiwakeboardpark\\\/\"]}]}<\/script>\n<!-- \/ Yoast SEO plugin. -->","yoast_head_json":{"title":"Kayak paddle TNP 221.2 YP NEKTON FULL CARBON - WATERSKIS.LV","description":"Kayak paddle TNP 221.2 YP NEKTON FULL CARBON","robots":{"index":"index","follow":"follow","max-snippet":"max-snippet:-1","max-image-preview":"max-image-preview:large","max-video-preview":"max-video-preview:-1"},"canonical":"https:\/\/www.waterskis.lv\/en\/product\/kayak-paddle-tnp-221-2-yp-nekton-full-carbon\/","og_locale":"en_US","og_type":"article","og_title":"Kayak paddle TNP 221.2 YP NEKTON FULL CARBON - WATERSKIS.LV","og_description":"Kayak paddle TNP 221.2 YP NEKTON FULL CARBON","og_url":"https:\/\/www.waterskis.lv\/en\/product\/kayak-paddle-tnp-221-2-yp-nekton-full-carbon\/","og_site_name":"WATERSKIS.LV","article_publisher":"https:\/\/www.facebook.com\/jurmalawaterskiwakeboardpark\/","article_modified_time":"2020-12-24T11:12:41+00:00","og_image":[{"width":1000,"height":1000,"url":"https:\/\/157.245.16.175\/wp-content\/uploads\/2020\/12\/nepton-full-carbon.jpg","type":"image\/jpeg"}],"twitter_card":"summary_large_image","twitter_misc":{"Est. reading time":"1 minute"},"schema":{"@context":"https:\/\/schema.org","@graph":[{"@type":"WebPage","@id":"https:\/\/www.waterskis.lv\/en\/product\/kayak-paddle-tnp-221-2-yp-nekton-full-carbon\/","url":"https:\/\/www.waterskis.lv\/en\/product\/kayak-paddle-tnp-221-2-yp-nekton-full-carbon\/","name":"Kayak paddle TNP 221.2 YP NEKTON FULL CARBON - WATERSKIS.LV","isPartOf":{"@id":"https:\/\/www.waterskis.lv\/en\/#website"},"primaryImageOfPage":{"@id":"https:\/\/www.waterskis.lv\/en\/product\/kayak-paddle-tnp-221-2-yp-nekton-full-carbon\/#primaryimage"},"image":{"@id":"https:\/\/www.waterskis.lv\/en\/product\/kayak-paddle-tnp-221-2-yp-nekton-full-carbon\/#primaryimage"},"thumbnailUrl":"https:\/\/www.waterskis.lv\/wp-content\/uploads\/2020\/12\/nepton-full-carbon.jpg","datePublished":"2020-12-24T10:53:58+00:00","dateModified":"2020-12-24T11:12:41+00:00","description":"Kayak paddle TNP 221.2 YP NEKTON FULL CARBON","breadcrumb":{"@id":"https:\/\/www.waterskis.lv\/en\/product\/kayak-paddle-tnp-221-2-yp-nekton-full-carbon\/#breadcrumb"},"inLanguage":"en-US","potentialAction":[{"@type":"ReadAction","target":["https:\/\/www.waterskis.lv\/en\/product\/kayak-paddle-tnp-221-2-yp-nekton-full-carbon\/"]}]},{"@type":"ImageObject","inLanguage":"en-US","@id":"https:\/\/www.waterskis.lv\/en\/product\/kayak-paddle-tnp-221-2-yp-nekton-full-carbon\/#primaryimage","url":"https:\/\/www.waterskis.lv\/wp-content\/uploads\/2020\/12\/nepton-full-carbon.jpg","contentUrl":"https:\/\/www.waterskis.lv\/wp-content\/uploads\/2020\/12\/nepton-full-carbon.jpg","width":1000,"height":1000,"caption":"Kayak paddle TNP 221.2 YP NEKTON FULL CARBON"},{"@type":"BreadcrumbList","@id":"https:\/\/www.waterskis.lv\/en\/product\/kayak-paddle-tnp-221-2-yp-nekton-full-carbon\/#breadcrumb","itemListElement":[{"@type":"ListItem","position":1,"name":"Home","item":"https:\/\/www.waterskis.lv\/en\/"},{"@type":"ListItem","position":2,"name":"Shop","item":"https:\/\/waterskis.lv\/en\/shop\/"},{"@type":"ListItem","position":3,"name":"Kayak paddle TNP 221.2 YP NEKTON FULL CARBON"}]},{"@type":"WebSite","@id":"https:\/\/www.waterskis.lv\/en\/#website","url":"https:\/\/www.waterskis.lv\/en\/","name":"WATERSKIS.LV","description":"SUP d\u0113\u013ci, kajaki, kanoe, airu laivas, \u016bdenssl\u0113po\u0161ana, veikbords, SUP d\u0113\u013cu noma, kajaku nomaakt\u012bv\u0101s atp\u016btas centrs, laivu noma, sup noma, kajaku noma","publisher":{"@id":"https:\/\/www.waterskis.lv\/en\/#organization"},"potentialAction":[{"@type":"SearchAction","target":{"@type":"EntryPoint","urlTemplate":"https:\/\/www.waterskis.lv\/en\/?s={search_term_string}"},"query-input":{"@type":"PropertyValueSpecification","valueRequired":true,"valueName":"search_term_string"}}],"inLanguage":"en-US"},{"@type":"Organization","@id":"https:\/\/www.waterskis.lv\/en\/#organization","name":"WATERSKIS.LV","url":"https:\/\/www.waterskis.lv\/en\/","logo":{"@type":"ImageObject","inLanguage":"en-US","@id":"https:\/\/www.waterskis.lv\/en\/#\/schema\/logo\/image\/","url":"https:\/\/www.waterskis.lv\/wp-content\/uploads\/2025\/01\/JUVP-logo.png","contentUrl":"https:\/\/www.waterskis.lv\/wp-content\/uploads\/2025\/01\/JUVP-logo.png","width":421,"height":202,"caption":"WATERSKIS.LV"},"image":{"@id":"https:\/\/www.waterskis.lv\/en\/#\/schema\/logo\/image\/"},"sameAs":["https:\/\/www.facebook.com\/jurmalawaterskiwakeboardpark\/"]}]}},"_links":{"self":[{"href":"https:\/\/www.waterskis.lv\/en\/wp-json\/wp\/v2\/product\/25134","targetHints":{"allow":["GET"]}}],"collection":[{"href":"https:\/\/www.waterskis.lv\/en\/wp-json\/wp\/v2\/product"}],"about":[{"href":"https:\/\/www.waterskis.lv\/en\/wp-json\/wp\/v2\/types\/product"}],"replies":[{"embeddable":true,"href":"https:\/\/www.waterskis.lv\/en\/wp-json\/wp\/v2\/comments?post=25134"}],"wp:featuredmedia":[{"embeddable":true,"href":"https:\/\/www.waterskis.lv\/en\/wp-json\/wp\/v2\/media\/25126"}],"wp:attachment":[{"href":"https:\/\/www.waterskis.lv\/en\/wp-json\/wp\/v2\/media?parent=25134"}],"wp:term":[{"taxonomy":"product_brand","embeddable":true,"href":"https:\/\/www.waterskis.lv\/en\/wp-json\/wp\/v2\/product_brand?post=25134"},{"taxonomy":"product_cat","embeddable":true,"href":"https:\/\/www.waterskis.lv\/en\/wp-json\/wp\/v2\/product_cat?post=25134"},{"taxonomy":"product_tag","embeddable":true,"href":"https:\/\/www.waterskis.lv\/en\/wp-json\/wp\/v2\/product_tag?post=25134"}],"curies":[{"name":"wp","href":"https:\/\/api.w.org\/{rel}","templated":true}]}}