{"id":25165,"date":"2020-09-18T07:45:04","date_gmt":"2020-09-18T04:45:04","guid":{"rendered":"https:\/\/www.waterskis.lv\/product\/glabsanas-boja-aquarius-aurora\/"},"modified":"2026-02-07T11:27:52","modified_gmt":"2026-02-07T09:27:52","slug":"professional-rescue-buoy-aquarius-aurora","status":"publish","type":"product","link":"https:\/\/www.waterskis.lv\/en\/product\/professional-rescue-buoy-aquarius-aurora\/","title":{"rendered":"Professional rescue buoy AQUARIUS AURORA"},"content":{"rendered":"<h1>Professional rescue buoy AQUARIUS AURORA<\/h1>\n<p>Professional rescue buoy AQUARIUS AURORA<\/p>\n<div class=\"block_content1 rte active\">\n<div class=\"tlid-input input\">\n<div class=\"source-wrap\">\n<div class=\"input-full-height-wrapper tlid-input-full-height-wrapper\">\n<div class=\"source-input\">\n<div class=\"source-footer-wrap source-or-target-footer\">\n<div class=\"character-count tlid-character-count\">\n<div class=\"cc-ctr normal\"><span title=\"\">Aurora rescue buoy is easy to handle.<\/span>\u00a0<span title=\"\">The buoy manufactured by the manufacturer Aquarius has adequate displacement to keep the sinking on the water surface.<\/span>\u00a0<span title=\"\">It allows you to quickly help a person who is unable to stay on the water surface alone.<\/span><\/div>\n<\/div>\n<\/div>\n<\/div>\n<\/div>\n<\/div>\n<\/div>\n<div class=\"tlid-results-container results-container\">\n<div class=\"tlid-result result-dict-wrapper\">\n<div class=\"result tlid-copy-target\">\n<div class=\"text-wrap tlid-copy-target\">\n<div class=\"result-shield-container tlid-copy-target\"><span class=\"tlid-translation translation\" lang=\"en\" xml:lang=\"en\"><span title=\"\">Equipped with a safety strap around the chest and a tow rope for easy transport on the water.<\/span>\u00a0<span title=\"\">It is sturdy and durable.<\/span><br \/>\n<span title=\"\">The professional buoy has specially modeled hand grips.<\/span>\u00a0<span title=\"\">The buoy is made of orange polyethylene, which ensures excellent visibility on the water.<\/span><br \/>\n<span title=\"\">The buoy is most often used by rescuers as a warning or signaling buoy, but it is also great for playing in the water.<\/span><\/span><\/div>\n<\/div>\n<\/div>\n<\/div>\n<\/div>\n<\/div>\n<h3 id=\"table-data\" class=\"page-product-heading\">DATA SHEET<\/h3>\n<table class=\"block_content2 table-data-sheet\">\n<tbody>\n<tr class=\"odd\">\n<td>Type<\/td>\n<td>Life-saving device<\/td>\n<\/tr>\n<tr class=\"even\">\n<td>Length<\/td>\n<td>84 cm<\/td>\n<\/tr>\n<tr class=\"odd\">\n<td>Width<\/td>\n<td>37 cm<\/td>\n<\/tr>\n<tr class=\"even\">\n<td>Height<\/td>\n<td>9 cm<\/td>\n<\/tr>\n<tr class=\"odd\">\n<td>Weight<\/td>\n<td>1,5 kg<\/td>\n<\/tr>\n<tr class=\"even\">\n<td>Material<\/td>\n<td>PE<\/td>\n<\/tr>\n<tr class=\"odd\">\n<td>Orange<\/td>\n<td>Orange<\/td>\n<\/tr>\n<tr class=\"even\">\n<td>Certificate<\/td>\n<td>WTO\/01\/2019 (Directive 2001\/95\/WE)<\/td>\n<\/tr>\n<tr class=\"odd\">\n<td>Purpose of usage<\/td>\n<td>Rescue<\/td>\n<\/tr>\n<tr class=\"even\">\n<td>Country of origin<\/td>\n<td>Poland<\/td>\n<\/tr>\n<\/tbody>\n<\/table>\n","protected":false},"excerpt":{"rendered":"<p>Professional rescue buoy AQUARIUS AURORA Professional rescue buoy AQUARIUS AURORA Aurora rescue buoy is easy to handle.\u00a0The buoy manufactured by the manufacturer Aquarius has adequate displacement to keep the sinking on the water surface.\u00a0It allows you to quickly help a person who is unable to stay on the water surface alone. Equipped with a safety [&#8230;]<\/p>\n<p><a class=\"btn btn-secondary understrap-read-more-link\" href=\"https:\/\/www.waterskis.lv\/en\/product\/professional-rescue-buoy-aquarius-aurora\/\">Read More&#8230;<\/a><\/p>\n","protected":false},"featured_media":19268,"comment_status":"closed","ping_status":"closed","template":"","meta":{"_acf_changed":false,"inline_featured_image":false},"product_brand":[2908],"product_cat":[702],"product_tag":[3624,3626,3625],"class_list":{"0":"post-25165","1":"product","2":"type-product","3":"status-publish","4":"has-post-thumbnail","6":"product_brand-aquarius","7":"product_cat-life-jackets","8":"product_tag-glabsanas-rinkis","9":"product_tag-lifebuoy","10":"product_tag-3625","12":"first","13":"instock","14":"shipping-taxable","15":"purchasable","16":"product-type-simple"},"acf":[],"yoast_head":"<!-- This site is optimized with the Yoast SEO plugin v27.5 - https:\/\/yoast.com\/product\/yoast-seo-wordpress\/ -->\n<title>Professional rescue buoy AQUARIUS AURORA - WATERSKIS.LV<\/title>\n<meta name=\"description\" content=\"Professional rescue buoy AQUARIUS AURORA manufactured by the manufacturer Aquarius has adequate displacement to keep the sinking on the water surface\" \/>\n<meta name=\"robots\" content=\"index, follow, max-snippet:-1, max-image-preview:large, max-video-preview:-1\" \/>\n<link rel=\"canonical\" href=\"https:\/\/www.waterskis.lv\/en\/product\/professional-rescue-buoy-aquarius-aurora\/\" \/>\n<meta property=\"og:locale\" content=\"en_US\" \/>\n<meta property=\"og:type\" content=\"article\" \/>\n<meta property=\"og:title\" content=\"Professional rescue buoy AQUARIUS AURORA - WATERSKIS.LV\" \/>\n<meta property=\"og:description\" content=\"Professional rescue buoy AQUARIUS AURORA manufactured by the manufacturer Aquarius has adequate displacement to keep the sinking on the water surface\" \/>\n<meta property=\"og:url\" content=\"https:\/\/www.waterskis.lv\/en\/product\/professional-rescue-buoy-aquarius-aurora\/\" \/>\n<meta property=\"og:site_name\" content=\"WATERSKIS.LV\" \/>\n<meta property=\"article:publisher\" content=\"https:\/\/www.facebook.com\/jurmalawaterskiwakeboardpark\/\" \/>\n<meta property=\"article:modified_time\" content=\"2026-02-07T09:27:52+00:00\" \/>\n<meta property=\"og:image\" content=\"https:\/\/www.waterskis.lv\/wp-content\/uploads\/2020\/09\/Aurora-boja.jpg\" \/>\n\t<meta property=\"og:image:width\" content=\"1000\" \/>\n\t<meta property=\"og:image:height\" content=\"1000\" \/>\n\t<meta property=\"og:image:type\" content=\"image\/jpeg\" \/>\n<meta name=\"twitter:card\" content=\"summary_large_image\" \/>\n<meta name=\"twitter:label1\" content=\"Est. reading time\" \/>\n\t<meta name=\"twitter:data1\" content=\"2 minutes\" \/>\n<script type=\"application\/ld+json\" class=\"yoast-schema-graph\">{\"@context\":\"https:\\\/\\\/schema.org\",\"@graph\":[{\"@type\":\"WebPage\",\"@id\":\"https:\\\/\\\/www.waterskis.lv\\\/en\\\/product\\\/professional-rescue-buoy-aquarius-aurora\\\/\",\"url\":\"https:\\\/\\\/www.waterskis.lv\\\/en\\\/product\\\/professional-rescue-buoy-aquarius-aurora\\\/\",\"name\":\"Professional rescue buoy AQUARIUS AURORA - WATERSKIS.LV\",\"isPartOf\":{\"@id\":\"https:\\\/\\\/www.waterskis.lv\\\/en\\\/#website\"},\"primaryImageOfPage\":{\"@id\":\"https:\\\/\\\/www.waterskis.lv\\\/en\\\/product\\\/professional-rescue-buoy-aquarius-aurora\\\/#primaryimage\"},\"image\":{\"@id\":\"https:\\\/\\\/www.waterskis.lv\\\/en\\\/product\\\/professional-rescue-buoy-aquarius-aurora\\\/#primaryimage\"},\"thumbnailUrl\":\"https:\\\/\\\/www.waterskis.lv\\\/wp-content\\\/uploads\\\/2020\\\/09\\\/Aurora-boja.jpg\",\"datePublished\":\"2020-09-18T04:45:04+00:00\",\"dateModified\":\"2026-02-07T09:27:52+00:00\",\"description\":\"Professional rescue buoy AQUARIUS AURORA manufactured by the manufacturer Aquarius has adequate displacement to keep the sinking on the water surface\",\"breadcrumb\":{\"@id\":\"https:\\\/\\\/www.waterskis.lv\\\/en\\\/product\\\/professional-rescue-buoy-aquarius-aurora\\\/#breadcrumb\"},\"inLanguage\":\"en-US\",\"potentialAction\":[{\"@type\":\"ReadAction\",\"target\":[\"https:\\\/\\\/www.waterskis.lv\\\/en\\\/product\\\/professional-rescue-buoy-aquarius-aurora\\\/\"]}]},{\"@type\":\"ImageObject\",\"inLanguage\":\"en-US\",\"@id\":\"https:\\\/\\\/www.waterskis.lv\\\/en\\\/product\\\/professional-rescue-buoy-aquarius-aurora\\\/#primaryimage\",\"url\":\"https:\\\/\\\/www.waterskis.lv\\\/wp-content\\\/uploads\\\/2020\\\/09\\\/Aurora-boja.jpg\",\"contentUrl\":\"https:\\\/\\\/www.waterskis.lv\\\/wp-content\\\/uploads\\\/2020\\\/09\\\/Aurora-boja.jpg\",\"width\":1000,\"height\":1000,\"caption\":\"Rescue buoy AQUARIUS AURORA\"},{\"@type\":\"BreadcrumbList\",\"@id\":\"https:\\\/\\\/www.waterskis.lv\\\/en\\\/product\\\/professional-rescue-buoy-aquarius-aurora\\\/#breadcrumb\",\"itemListElement\":[{\"@type\":\"ListItem\",\"position\":1,\"name\":\"Home\",\"item\":\"https:\\\/\\\/www.waterskis.lv\\\/en\\\/\"},{\"@type\":\"ListItem\",\"position\":2,\"name\":\"Shop\",\"item\":\"https:\\\/\\\/waterskis.lv\\\/en\\\/shop\\\/\"},{\"@type\":\"ListItem\",\"position\":3,\"name\":\"Professional rescue buoy AQUARIUS AURORA\"}]},{\"@type\":\"WebSite\",\"@id\":\"https:\\\/\\\/www.waterskis.lv\\\/en\\\/#website\",\"url\":\"https:\\\/\\\/www.waterskis.lv\\\/en\\\/\",\"name\":\"WATERSKIS.LV\",\"description\":\"SUP d\u0113\u013ci, kajaki, kanoe, airu laivas, \u016bdenssl\u0113po\u0161ana, veikbords, SUP d\u0113\u013cu noma, kajaku nomaakt\u012bv\u0101s atp\u016btas centrs, laivu noma, sup noma, kajaku noma\",\"publisher\":{\"@id\":\"https:\\\/\\\/www.waterskis.lv\\\/en\\\/#organization\"},\"potentialAction\":[{\"@type\":\"SearchAction\",\"target\":{\"@type\":\"EntryPoint\",\"urlTemplate\":\"https:\\\/\\\/www.waterskis.lv\\\/en\\\/?s={search_term_string}\"},\"query-input\":{\"@type\":\"PropertyValueSpecification\",\"valueRequired\":true,\"valueName\":\"search_term_string\"}}],\"inLanguage\":\"en-US\"},{\"@type\":\"Organization\",\"@id\":\"https:\\\/\\\/www.waterskis.lv\\\/en\\\/#organization\",\"name\":\"WATERSKIS.LV\",\"url\":\"https:\\\/\\\/www.waterskis.lv\\\/en\\\/\",\"logo\":{\"@type\":\"ImageObject\",\"inLanguage\":\"en-US\",\"@id\":\"https:\\\/\\\/www.waterskis.lv\\\/en\\\/#\\\/schema\\\/logo\\\/image\\\/\",\"url\":\"https:\\\/\\\/www.waterskis.lv\\\/wp-content\\\/uploads\\\/2025\\\/01\\\/JUVP-logo.png\",\"contentUrl\":\"https:\\\/\\\/www.waterskis.lv\\\/wp-content\\\/uploads\\\/2025\\\/01\\\/JUVP-logo.png\",\"width\":421,\"height\":202,\"caption\":\"WATERSKIS.LV\"},\"image\":{\"@id\":\"https:\\\/\\\/www.waterskis.lv\\\/en\\\/#\\\/schema\\\/logo\\\/image\\\/\"},\"sameAs\":[\"https:\\\/\\\/www.facebook.com\\\/jurmalawaterskiwakeboardpark\\\/\"]}]}<\/script>\n<!-- \/ Yoast SEO plugin. -->","yoast_head_json":{"title":"Professional rescue buoy AQUARIUS AURORA - WATERSKIS.LV","description":"Professional rescue buoy AQUARIUS AURORA manufactured by the manufacturer Aquarius has adequate displacement to keep the sinking on the water surface","robots":{"index":"index","follow":"follow","max-snippet":"max-snippet:-1","max-image-preview":"max-image-preview:large","max-video-preview":"max-video-preview:-1"},"canonical":"https:\/\/www.waterskis.lv\/en\/product\/professional-rescue-buoy-aquarius-aurora\/","og_locale":"en_US","og_type":"article","og_title":"Professional rescue buoy AQUARIUS AURORA - WATERSKIS.LV","og_description":"Professional rescue buoy AQUARIUS AURORA manufactured by the manufacturer Aquarius has adequate displacement to keep the sinking on the water surface","og_url":"https:\/\/www.waterskis.lv\/en\/product\/professional-rescue-buoy-aquarius-aurora\/","og_site_name":"WATERSKIS.LV","article_publisher":"https:\/\/www.facebook.com\/jurmalawaterskiwakeboardpark\/","article_modified_time":"2026-02-07T09:27:52+00:00","og_image":[{"width":1000,"height":1000,"url":"https:\/\/www.waterskis.lv\/wp-content\/uploads\/2020\/09\/Aurora-boja.jpg","type":"image\/jpeg"}],"twitter_card":"summary_large_image","twitter_misc":{"Est. reading time":"2 minutes"},"schema":{"@context":"https:\/\/schema.org","@graph":[{"@type":"WebPage","@id":"https:\/\/www.waterskis.lv\/en\/product\/professional-rescue-buoy-aquarius-aurora\/","url":"https:\/\/www.waterskis.lv\/en\/product\/professional-rescue-buoy-aquarius-aurora\/","name":"Professional rescue buoy AQUARIUS AURORA - WATERSKIS.LV","isPartOf":{"@id":"https:\/\/www.waterskis.lv\/en\/#website"},"primaryImageOfPage":{"@id":"https:\/\/www.waterskis.lv\/en\/product\/professional-rescue-buoy-aquarius-aurora\/#primaryimage"},"image":{"@id":"https:\/\/www.waterskis.lv\/en\/product\/professional-rescue-buoy-aquarius-aurora\/#primaryimage"},"thumbnailUrl":"https:\/\/www.waterskis.lv\/wp-content\/uploads\/2020\/09\/Aurora-boja.jpg","datePublished":"2020-09-18T04:45:04+00:00","dateModified":"2026-02-07T09:27:52+00:00","description":"Professional rescue buoy AQUARIUS AURORA manufactured by the manufacturer Aquarius has adequate displacement to keep the sinking on the water surface","breadcrumb":{"@id":"https:\/\/www.waterskis.lv\/en\/product\/professional-rescue-buoy-aquarius-aurora\/#breadcrumb"},"inLanguage":"en-US","potentialAction":[{"@type":"ReadAction","target":["https:\/\/www.waterskis.lv\/en\/product\/professional-rescue-buoy-aquarius-aurora\/"]}]},{"@type":"ImageObject","inLanguage":"en-US","@id":"https:\/\/www.waterskis.lv\/en\/product\/professional-rescue-buoy-aquarius-aurora\/#primaryimage","url":"https:\/\/www.waterskis.lv\/wp-content\/uploads\/2020\/09\/Aurora-boja.jpg","contentUrl":"https:\/\/www.waterskis.lv\/wp-content\/uploads\/2020\/09\/Aurora-boja.jpg","width":1000,"height":1000,"caption":"Rescue buoy AQUARIUS AURORA"},{"@type":"BreadcrumbList","@id":"https:\/\/www.waterskis.lv\/en\/product\/professional-rescue-buoy-aquarius-aurora\/#breadcrumb","itemListElement":[{"@type":"ListItem","position":1,"name":"Home","item":"https:\/\/www.waterskis.lv\/en\/"},{"@type":"ListItem","position":2,"name":"Shop","item":"https:\/\/waterskis.lv\/en\/shop\/"},{"@type":"ListItem","position":3,"name":"Professional rescue buoy AQUARIUS AURORA"}]},{"@type":"WebSite","@id":"https:\/\/www.waterskis.lv\/en\/#website","url":"https:\/\/www.waterskis.lv\/en\/","name":"WATERSKIS.LV","description":"SUP d\u0113\u013ci, kajaki, kanoe, airu laivas, \u016bdenssl\u0113po\u0161ana, veikbords, SUP d\u0113\u013cu noma, kajaku nomaakt\u012bv\u0101s atp\u016btas centrs, laivu noma, sup noma, kajaku noma","publisher":{"@id":"https:\/\/www.waterskis.lv\/en\/#organization"},"potentialAction":[{"@type":"SearchAction","target":{"@type":"EntryPoint","urlTemplate":"https:\/\/www.waterskis.lv\/en\/?s={search_term_string}"},"query-input":{"@type":"PropertyValueSpecification","valueRequired":true,"valueName":"search_term_string"}}],"inLanguage":"en-US"},{"@type":"Organization","@id":"https:\/\/www.waterskis.lv\/en\/#organization","name":"WATERSKIS.LV","url":"https:\/\/www.waterskis.lv\/en\/","logo":{"@type":"ImageObject","inLanguage":"en-US","@id":"https:\/\/www.waterskis.lv\/en\/#\/schema\/logo\/image\/","url":"https:\/\/www.waterskis.lv\/wp-content\/uploads\/2025\/01\/JUVP-logo.png","contentUrl":"https:\/\/www.waterskis.lv\/wp-content\/uploads\/2025\/01\/JUVP-logo.png","width":421,"height":202,"caption":"WATERSKIS.LV"},"image":{"@id":"https:\/\/www.waterskis.lv\/en\/#\/schema\/logo\/image\/"},"sameAs":["https:\/\/www.facebook.com\/jurmalawaterskiwakeboardpark\/"]}]}},"_links":{"self":[{"href":"https:\/\/www.waterskis.lv\/en\/wp-json\/wp\/v2\/product\/25165","targetHints":{"allow":["GET"]}}],"collection":[{"href":"https:\/\/www.waterskis.lv\/en\/wp-json\/wp\/v2\/product"}],"about":[{"href":"https:\/\/www.waterskis.lv\/en\/wp-json\/wp\/v2\/types\/product"}],"replies":[{"embeddable":true,"href":"https:\/\/www.waterskis.lv\/en\/wp-json\/wp\/v2\/comments?post=25165"}],"wp:featuredmedia":[{"embeddable":true,"href":"https:\/\/www.waterskis.lv\/en\/wp-json\/wp\/v2\/media\/19268"}],"wp:attachment":[{"href":"https:\/\/www.waterskis.lv\/en\/wp-json\/wp\/v2\/media?parent=25165"}],"wp:term":[{"taxonomy":"product_brand","embeddable":true,"href":"https:\/\/www.waterskis.lv\/en\/wp-json\/wp\/v2\/product_brand?post=25165"},{"taxonomy":"product_cat","embeddable":true,"href":"https:\/\/www.waterskis.lv\/en\/wp-json\/wp\/v2\/product_cat?post=25165"},{"taxonomy":"product_tag","embeddable":true,"href":"https:\/\/www.waterskis.lv\/en\/wp-json\/wp\/v2\/product_tag?post=25165"}],"curies":[{"name":"wp","href":"https:\/\/api.w.org\/{rel}","templated":true}]}}