{"id":25174,"date":"2020-12-24T16:23:41","date_gmt":"2020-12-24T13:23:41","guid":{"rendered":"https:\/\/www.waterskis.lv\/product\/glabsanas-rinkis-lalizas-25-kg\/"},"modified":"2026-02-07T10:38:09","modified_gmt":"2026-02-07T08:38:09","slug":"lifebuoy-lalizas-2-5-kg","status":"publish","type":"product","link":"https:\/\/www.waterskis.lv\/en\/product\/lifebuoy-lalizas-2-5-kg\/","title":{"rendered":"Lifebuoy LALIZAS 2.5 kg"},"content":{"rendered":"<div class=\"block_content1 rte active\">\n<h1>Lifebuoy LALIZAS 2.5 kg<\/h1>\n<p>Lifebuoy LALIZAS 2.5 kg<\/p>\n<p>The lifebuoy ring is obligatory for all boats and an advantage for land-based applications. When overboard, it is a MOB system of significant importance as it is able to provide buoyancy and keep people afloat in case of emergency.<\/p>\n<p>LALIZAS lifebuoy ring is designed for both commercial and recreational use. It features an orange, rack hard, cross \u2013 linked polyethylene outer shell that will not deteriorate. Its construction permits it to remain unharmed no matter the weather conditions. LALIZAS lifebuoy ring is CE approved to SOLAS (L.S.A Code) * by DNV-GL.<\/p>\n<p>Designed for pleasure and commercial usage, features an orange, rack hard,cross &#8211; linked polyethylene outer shell that will not deteriorate and is unaffected by extreme weather conditions CE approved to SOLAS (L.S.A Code)* by DNV &#8211; GL*<\/p>\n<p>*Impa Code\u00a0330151,330156,330157,\u00a0330158,330152,\u00a0330153,330154,\u00a0330155<\/p>\n<\/div>\n<h3 id=\"table-data\" class=\"page-product-heading\">DATA SHEET<\/h3>\n<table class=\"block_content2 table-data-sheet\">\n<tbody>\n<tr class=\"odd\">\n<td>Type<\/td>\n<td>Buoyancy ring<\/td>\n<\/tr>\n<tr class=\"even\">\n<td>Height<\/td>\n<td>10,5 cm<\/td>\n<\/tr>\n<tr class=\"odd\">\n<td>External diameter<\/td>\n<td>72 cm<\/td>\n<\/tr>\n<tr class=\"even\">\n<td>Internal diameter<\/td>\n<td>44 cm<\/td>\n<\/tr>\n<tr class=\"odd\">\n<td>Weight<\/td>\n<td>2,5 kg<\/td>\n<\/tr>\n<tr class=\"even\">\n<td>Med\u017eiaga<\/td>\n<td>PE<\/td>\n<\/tr>\n<tr class=\"odd\">\n<td>Komplektacija<\/td>\n<td>SOLAS \u0161vies\u0105 atspindin\u010dios dalys.<\/td>\n<\/tr>\n<tr class=\"even\">\n<td>Spalva<\/td>\n<td>Orange<\/td>\n<\/tr>\n<tr class=\"odd\">\n<td>Certificate<\/td>\n<td>ISO 0801-09 SOLAS M.E.D.<\/td>\n<\/tr>\n<tr class=\"even\">\n<td>Purpose of usage<\/td>\n<td>Rescue<\/td>\n<\/tr>\n<tr class=\"odd\">\n<td>Country of origin<\/td>\n<td>Italy<\/td>\n<\/tr>\n<\/tbody>\n<\/table>\n","protected":false},"excerpt":{"rendered":"<p>Lifebuoy LALIZAS 2.5 kg Lifebuoy LALIZAS 2.5 kg The lifebuoy ring is obligatory for all boats and an advantage for land-based applications. When overboard, it is a MOB system of significant importance as it is able to provide buoyancy and keep people afloat in case of emergency. LALIZAS lifebuoy ring is designed for both commercial [&#8230;]<\/p>\n<p><a class=\"btn btn-secondary understrap-read-more-link\" href=\"https:\/\/www.waterskis.lv\/en\/product\/lifebuoy-lalizas-2-5-kg\/\">Read More&#8230;<\/a><\/p>\n","protected":false},"featured_media":25169,"comment_status":"closed","ping_status":"closed","template":"","meta":{"_acf_changed":false,"inline_featured_image":false},"product_brand":[],"product_cat":[702],"product_tag":[3624,3626,3625],"class_list":{"0":"post-25174","1":"product","2":"type-product","3":"status-publish","4":"has-post-thumbnail","6":"product_cat-life-jackets","7":"product_tag-glabsanas-rinkis","8":"product_tag-lifebuoy","9":"product_tag-3625","11":"first","12":"instock","13":"shipping-taxable","14":"purchasable","15":"product-type-simple"},"acf":[],"yoast_head":"<!-- This site is optimized with the Yoast SEO plugin v27.5 - https:\/\/yoast.com\/product\/yoast-seo-wordpress\/ -->\n<title>Lifebuoy LALIZAS 2.5 kg - WATERSKIS.LV<\/title>\n<meta name=\"description\" content=\"Lifebuoy LALIZAS 2.5 kg is obligatory for all boats and an advantage for land-based applications. When overboard, it is a MOB system of significant importan\" \/>\n<meta name=\"robots\" content=\"index, follow, max-snippet:-1, max-image-preview:large, max-video-preview:-1\" \/>\n<link rel=\"canonical\" href=\"https:\/\/www.waterskis.lv\/en\/product\/lifebuoy-lalizas-2-5-kg\/\" \/>\n<meta property=\"og:locale\" content=\"en_US\" \/>\n<meta property=\"og:type\" content=\"article\" \/>\n<meta property=\"og:title\" content=\"Lifebuoy LALIZAS 2.5 kg - WATERSKIS.LV\" \/>\n<meta property=\"og:description\" content=\"Lifebuoy LALIZAS 2.5 kg is obligatory for all boats and an advantage for land-based applications. When overboard, it is a MOB system of significant importan\" \/>\n<meta property=\"og:url\" content=\"https:\/\/www.waterskis.lv\/en\/product\/lifebuoy-lalizas-2-5-kg\/\" \/>\n<meta property=\"og:site_name\" content=\"WATERSKIS.LV\" \/>\n<meta property=\"article:publisher\" content=\"https:\/\/www.facebook.com\/jurmalawaterskiwakeboardpark\/\" \/>\n<meta property=\"article:modified_time\" content=\"2026-02-07T08:38:09+00:00\" \/>\n<meta property=\"og:image\" content=\"https:\/\/www.waterskis.lv\/wp-content\/uploads\/2020\/12\/Lalizas.jpg\" \/>\n\t<meta property=\"og:image:width\" content=\"1000\" \/>\n\t<meta property=\"og:image:height\" content=\"1000\" \/>\n\t<meta property=\"og:image:type\" content=\"image\/jpeg\" \/>\n<meta name=\"twitter:card\" content=\"summary_large_image\" \/>\n<meta name=\"twitter:label1\" content=\"Est. reading time\" \/>\n\t<meta name=\"twitter:data1\" content=\"2 minutes\" \/>\n<script type=\"application\/ld+json\" class=\"yoast-schema-graph\">{\"@context\":\"https:\\\/\\\/schema.org\",\"@graph\":[{\"@type\":\"WebPage\",\"@id\":\"https:\\\/\\\/www.waterskis.lv\\\/en\\\/product\\\/lifebuoy-lalizas-2-5-kg\\\/\",\"url\":\"https:\\\/\\\/www.waterskis.lv\\\/en\\\/product\\\/lifebuoy-lalizas-2-5-kg\\\/\",\"name\":\"Lifebuoy LALIZAS 2.5 kg - WATERSKIS.LV\",\"isPartOf\":{\"@id\":\"https:\\\/\\\/www.waterskis.lv\\\/en\\\/#website\"},\"primaryImageOfPage\":{\"@id\":\"https:\\\/\\\/www.waterskis.lv\\\/en\\\/product\\\/lifebuoy-lalizas-2-5-kg\\\/#primaryimage\"},\"image\":{\"@id\":\"https:\\\/\\\/www.waterskis.lv\\\/en\\\/product\\\/lifebuoy-lalizas-2-5-kg\\\/#primaryimage\"},\"thumbnailUrl\":\"https:\\\/\\\/www.waterskis.lv\\\/wp-content\\\/uploads\\\/2020\\\/12\\\/Lalizas.jpg\",\"datePublished\":\"2020-12-24T13:23:41+00:00\",\"dateModified\":\"2026-02-07T08:38:09+00:00\",\"description\":\"Lifebuoy LALIZAS 2.5 kg is obligatory for all boats and an advantage for land-based applications. When overboard, it is a MOB system of significant importan\",\"breadcrumb\":{\"@id\":\"https:\\\/\\\/www.waterskis.lv\\\/en\\\/product\\\/lifebuoy-lalizas-2-5-kg\\\/#breadcrumb\"},\"inLanguage\":\"en-US\",\"potentialAction\":[{\"@type\":\"ReadAction\",\"target\":[\"https:\\\/\\\/www.waterskis.lv\\\/en\\\/product\\\/lifebuoy-lalizas-2-5-kg\\\/\"]}]},{\"@type\":\"ImageObject\",\"inLanguage\":\"en-US\",\"@id\":\"https:\\\/\\\/www.waterskis.lv\\\/en\\\/product\\\/lifebuoy-lalizas-2-5-kg\\\/#primaryimage\",\"url\":\"https:\\\/\\\/www.waterskis.lv\\\/wp-content\\\/uploads\\\/2020\\\/12\\\/Lalizas.jpg\",\"contentUrl\":\"https:\\\/\\\/www.waterskis.lv\\\/wp-content\\\/uploads\\\/2020\\\/12\\\/Lalizas.jpg\",\"width\":1000,\"height\":1000,\"caption\":\"Lifebuoy ring LALIZAS 2,5 kg\"},{\"@type\":\"BreadcrumbList\",\"@id\":\"https:\\\/\\\/www.waterskis.lv\\\/en\\\/product\\\/lifebuoy-lalizas-2-5-kg\\\/#breadcrumb\",\"itemListElement\":[{\"@type\":\"ListItem\",\"position\":1,\"name\":\"Home\",\"item\":\"https:\\\/\\\/www.waterskis.lv\\\/en\\\/\"},{\"@type\":\"ListItem\",\"position\":2,\"name\":\"Shop\",\"item\":\"https:\\\/\\\/waterskis.lv\\\/en\\\/shop\\\/\"},{\"@type\":\"ListItem\",\"position\":3,\"name\":\"Lifebuoy LALIZAS 2.5 kg\"}]},{\"@type\":\"WebSite\",\"@id\":\"https:\\\/\\\/www.waterskis.lv\\\/en\\\/#website\",\"url\":\"https:\\\/\\\/www.waterskis.lv\\\/en\\\/\",\"name\":\"WATERSKIS.LV\",\"description\":\"SUP d\u0113\u013ci, kajaki, kanoe, airu laivas, \u016bdenssl\u0113po\u0161ana, veikbords, SUP d\u0113\u013cu noma, kajaku nomaakt\u012bv\u0101s atp\u016btas centrs, laivu noma, sup noma, kajaku noma\",\"publisher\":{\"@id\":\"https:\\\/\\\/www.waterskis.lv\\\/en\\\/#organization\"},\"potentialAction\":[{\"@type\":\"SearchAction\",\"target\":{\"@type\":\"EntryPoint\",\"urlTemplate\":\"https:\\\/\\\/www.waterskis.lv\\\/en\\\/?s={search_term_string}\"},\"query-input\":{\"@type\":\"PropertyValueSpecification\",\"valueRequired\":true,\"valueName\":\"search_term_string\"}}],\"inLanguage\":\"en-US\"},{\"@type\":\"Organization\",\"@id\":\"https:\\\/\\\/www.waterskis.lv\\\/en\\\/#organization\",\"name\":\"WATERSKIS.LV\",\"url\":\"https:\\\/\\\/www.waterskis.lv\\\/en\\\/\",\"logo\":{\"@type\":\"ImageObject\",\"inLanguage\":\"en-US\",\"@id\":\"https:\\\/\\\/www.waterskis.lv\\\/en\\\/#\\\/schema\\\/logo\\\/image\\\/\",\"url\":\"https:\\\/\\\/www.waterskis.lv\\\/wp-content\\\/uploads\\\/2025\\\/01\\\/JUVP-logo.png\",\"contentUrl\":\"https:\\\/\\\/www.waterskis.lv\\\/wp-content\\\/uploads\\\/2025\\\/01\\\/JUVP-logo.png\",\"width\":421,\"height\":202,\"caption\":\"WATERSKIS.LV\"},\"image\":{\"@id\":\"https:\\\/\\\/www.waterskis.lv\\\/en\\\/#\\\/schema\\\/logo\\\/image\\\/\"},\"sameAs\":[\"https:\\\/\\\/www.facebook.com\\\/jurmalawaterskiwakeboardpark\\\/\"]}]}<\/script>\n<!-- \/ Yoast SEO plugin. -->","yoast_head_json":{"title":"Lifebuoy LALIZAS 2.5 kg - WATERSKIS.LV","description":"Lifebuoy LALIZAS 2.5 kg is obligatory for all boats and an advantage for land-based applications. When overboard, it is a MOB system of significant importan","robots":{"index":"index","follow":"follow","max-snippet":"max-snippet:-1","max-image-preview":"max-image-preview:large","max-video-preview":"max-video-preview:-1"},"canonical":"https:\/\/www.waterskis.lv\/en\/product\/lifebuoy-lalizas-2-5-kg\/","og_locale":"en_US","og_type":"article","og_title":"Lifebuoy LALIZAS 2.5 kg - WATERSKIS.LV","og_description":"Lifebuoy LALIZAS 2.5 kg is obligatory for all boats and an advantage for land-based applications. When overboard, it is a MOB system of significant importan","og_url":"https:\/\/www.waterskis.lv\/en\/product\/lifebuoy-lalizas-2-5-kg\/","og_site_name":"WATERSKIS.LV","article_publisher":"https:\/\/www.facebook.com\/jurmalawaterskiwakeboardpark\/","article_modified_time":"2026-02-07T08:38:09+00:00","og_image":[{"width":1000,"height":1000,"url":"https:\/\/www.waterskis.lv\/wp-content\/uploads\/2020\/12\/Lalizas.jpg","type":"image\/jpeg"}],"twitter_card":"summary_large_image","twitter_misc":{"Est. reading time":"2 minutes"},"schema":{"@context":"https:\/\/schema.org","@graph":[{"@type":"WebPage","@id":"https:\/\/www.waterskis.lv\/en\/product\/lifebuoy-lalizas-2-5-kg\/","url":"https:\/\/www.waterskis.lv\/en\/product\/lifebuoy-lalizas-2-5-kg\/","name":"Lifebuoy LALIZAS 2.5 kg - WATERSKIS.LV","isPartOf":{"@id":"https:\/\/www.waterskis.lv\/en\/#website"},"primaryImageOfPage":{"@id":"https:\/\/www.waterskis.lv\/en\/product\/lifebuoy-lalizas-2-5-kg\/#primaryimage"},"image":{"@id":"https:\/\/www.waterskis.lv\/en\/product\/lifebuoy-lalizas-2-5-kg\/#primaryimage"},"thumbnailUrl":"https:\/\/www.waterskis.lv\/wp-content\/uploads\/2020\/12\/Lalizas.jpg","datePublished":"2020-12-24T13:23:41+00:00","dateModified":"2026-02-07T08:38:09+00:00","description":"Lifebuoy LALIZAS 2.5 kg is obligatory for all boats and an advantage for land-based applications. When overboard, it is a MOB system of significant importan","breadcrumb":{"@id":"https:\/\/www.waterskis.lv\/en\/product\/lifebuoy-lalizas-2-5-kg\/#breadcrumb"},"inLanguage":"en-US","potentialAction":[{"@type":"ReadAction","target":["https:\/\/www.waterskis.lv\/en\/product\/lifebuoy-lalizas-2-5-kg\/"]}]},{"@type":"ImageObject","inLanguage":"en-US","@id":"https:\/\/www.waterskis.lv\/en\/product\/lifebuoy-lalizas-2-5-kg\/#primaryimage","url":"https:\/\/www.waterskis.lv\/wp-content\/uploads\/2020\/12\/Lalizas.jpg","contentUrl":"https:\/\/www.waterskis.lv\/wp-content\/uploads\/2020\/12\/Lalizas.jpg","width":1000,"height":1000,"caption":"Lifebuoy ring LALIZAS 2,5 kg"},{"@type":"BreadcrumbList","@id":"https:\/\/www.waterskis.lv\/en\/product\/lifebuoy-lalizas-2-5-kg\/#breadcrumb","itemListElement":[{"@type":"ListItem","position":1,"name":"Home","item":"https:\/\/www.waterskis.lv\/en\/"},{"@type":"ListItem","position":2,"name":"Shop","item":"https:\/\/waterskis.lv\/en\/shop\/"},{"@type":"ListItem","position":3,"name":"Lifebuoy LALIZAS 2.5 kg"}]},{"@type":"WebSite","@id":"https:\/\/www.waterskis.lv\/en\/#website","url":"https:\/\/www.waterskis.lv\/en\/","name":"WATERSKIS.LV","description":"SUP d\u0113\u013ci, kajaki, kanoe, airu laivas, \u016bdenssl\u0113po\u0161ana, veikbords, SUP d\u0113\u013cu noma, kajaku nomaakt\u012bv\u0101s atp\u016btas centrs, laivu noma, sup noma, kajaku noma","publisher":{"@id":"https:\/\/www.waterskis.lv\/en\/#organization"},"potentialAction":[{"@type":"SearchAction","target":{"@type":"EntryPoint","urlTemplate":"https:\/\/www.waterskis.lv\/en\/?s={search_term_string}"},"query-input":{"@type":"PropertyValueSpecification","valueRequired":true,"valueName":"search_term_string"}}],"inLanguage":"en-US"},{"@type":"Organization","@id":"https:\/\/www.waterskis.lv\/en\/#organization","name":"WATERSKIS.LV","url":"https:\/\/www.waterskis.lv\/en\/","logo":{"@type":"ImageObject","inLanguage":"en-US","@id":"https:\/\/www.waterskis.lv\/en\/#\/schema\/logo\/image\/","url":"https:\/\/www.waterskis.lv\/wp-content\/uploads\/2025\/01\/JUVP-logo.png","contentUrl":"https:\/\/www.waterskis.lv\/wp-content\/uploads\/2025\/01\/JUVP-logo.png","width":421,"height":202,"caption":"WATERSKIS.LV"},"image":{"@id":"https:\/\/www.waterskis.lv\/en\/#\/schema\/logo\/image\/"},"sameAs":["https:\/\/www.facebook.com\/jurmalawaterskiwakeboardpark\/"]}]}},"_links":{"self":[{"href":"https:\/\/www.waterskis.lv\/en\/wp-json\/wp\/v2\/product\/25174","targetHints":{"allow":["GET"]}}],"collection":[{"href":"https:\/\/www.waterskis.lv\/en\/wp-json\/wp\/v2\/product"}],"about":[{"href":"https:\/\/www.waterskis.lv\/en\/wp-json\/wp\/v2\/types\/product"}],"replies":[{"embeddable":true,"href":"https:\/\/www.waterskis.lv\/en\/wp-json\/wp\/v2\/comments?post=25174"}],"wp:featuredmedia":[{"embeddable":true,"href":"https:\/\/www.waterskis.lv\/en\/wp-json\/wp\/v2\/media\/25169"}],"wp:attachment":[{"href":"https:\/\/www.waterskis.lv\/en\/wp-json\/wp\/v2\/media?parent=25174"}],"wp:term":[{"taxonomy":"product_brand","embeddable":true,"href":"https:\/\/www.waterskis.lv\/en\/wp-json\/wp\/v2\/product_brand?post=25174"},{"taxonomy":"product_cat","embeddable":true,"href":"https:\/\/www.waterskis.lv\/en\/wp-json\/wp\/v2\/product_cat?post=25174"},{"taxonomy":"product_tag","embeddable":true,"href":"https:\/\/www.waterskis.lv\/en\/wp-json\/wp\/v2\/product_tag?post=25174"}],"curies":[{"name":"wp","href":"https:\/\/api.w.org\/{rel}","templated":true}]}}