{"id":25372,"date":"2020-11-17T09:35:19","date_gmt":"2020-11-17T06:35:19","guid":{"rendered":"https:\/\/www.waterskis.lv\/product\/piepusama-pvc-laiva-amona-pm-f-280ts\/"},"modified":"2020-12-31T10:38:31","modified_gmt":"2020-12-31T07:38:31","slug":"inflatable-pvc-boat-amona-pm-f-280ts","status":"publish","type":"product","link":"https:\/\/www.waterskis.lv\/en\/product\/inflatable-pvc-boat-amona-pm-f-280ts\/","title":{"rendered":"Inflatable PVC boat Pacific Marine AMONA PM F-280TS"},"content":{"rendered":"<p>Sporty and perfect in design, the Inflatable Boat Amona Pacific Marine is perfect for fishing, outdoor recreation and recreational sports and has all the features it needs.\u00a0The boat is dark gray so it is not greasy and reflects sunlight well.\u00a0Due to its technical features and attractive price, this boat is suitable for both amateur and professional.<\/p>\n<p>Amona Pacific Marine boats are made of extremely durable South Korean\u00a0\u00a0HEYTex\u00ae\u00a01100g\/m\u00b2 0.9mm thick PVC material.\u00a0The outer layer of this material has a high resistance to abrasion, extreme conditions and chemical exposure.\u00a0The middle layer is made of braided synthetic fiber, based on polyester, which gives the boat the best properties of polyester &#8211; dimensional stability, tear and tear resistance.\u00a0The fabric is resistant to UV rays, salt water, gasoline, grease and retains its properties at temperatures from &#8211; 30 to +70 \u00b0C. Life time when used correctly in inflatable boats &#8211; 10-20 years.<\/p>\n<table class=\"block_content2 table-data-sheet\" style=\"height: 335px;\" width=\"351\">\n<tbody>\n<tr class=\"odd\">\n<td>\n<h3 id=\"table-data\" class=\"page-product-heading active\">Data sheet<\/h3>\n<table class=\"block_content2 table-data-sheet\">\n<tbody>\n<tr class=\"odd\">\n<td>Type<\/td>\n<td>PVC boat<\/td>\n<\/tr>\n<tr class=\"even\">\n<td>Length<\/td>\n<td>280 cm<\/td>\n<\/tr>\n<tr class=\"odd\">\n<td>Width<\/td>\n<td>150 cm<\/td>\n<\/tr>\n<tr class=\"even\">\n<td>Height<\/td>\n<td>38<\/td>\n<\/tr>\n<tr class=\"odd\">\n<td>Weight<\/td>\n<td>38 kg<\/td>\n<\/tr>\n<tr class=\"even\">\n<td>Inner length<\/td>\n<td>200 cm<\/td>\n<\/tr>\n<tr class=\"odd\">\n<td>Inner width<\/td>\n<td>75 cm<\/td>\n<\/tr>\n<tr class=\"even\">\n<td>Material<\/td>\n<td>HEYTex\u00ae PVC 1100g\/m2 (0,9 mm)<\/td>\n<\/tr>\n<\/tbody>\n<\/table>\n<\/td>\n<\/tr>\n<\/tbody>\n<\/table>\n<p><iframe title=\"AMONA PACIFIC MARINE VALTYS\" src=\"https:\/\/www.youtube.com\/embed\/Li8fOtd9aa0?feature=oembed\" width=\"411\" height=\"231\" frameborder=\"0\" allowfullscreen=\"allowfullscreen\"><\/iframe><\/p>\n","protected":false},"excerpt":{"rendered":"<p>Sporty and perfect in design, the Inflatable Boat Amona Pacific Marine is perfect for fishing, outdoor recreation and recreational sports and has all the features it needs.\u00a0The boat is dark gray so it is not greasy and reflects sunlight well.\u00a0Due to its technical features and attractive price, this boat is suitable for both amateur and [&#8230;]<\/p>\n<p><a class=\"btn btn-secondary understrap-read-more-link\" href=\"https:\/\/www.waterskis.lv\/en\/product\/inflatable-pvc-boat-amona-pm-f-280ts\/\">Read More&#8230;<\/a><\/p>\n","protected":false},"featured_media":0,"comment_status":"closed","ping_status":"closed","template":"","meta":{"_acf_changed":false,"inline_featured_image":false},"product_brand":[],"product_cat":[571],"product_tag":[],"class_list":{"0":"post-25372","1":"product","2":"type-product","3":"status-publish","5":"product_cat-boats","7":"first","8":"instock","9":"shipping-taxable","10":"purchasable","11":"product-type-simple"},"acf":[],"yoast_head":"<!-- This site is optimized with the Yoast SEO plugin v27.4 - https:\/\/yoast.com\/product\/yoast-seo-wordpress\/ -->\n<title>Inflatable PVC boat Pacific Marine AMONA PM F-280TS - WATERSKIS.LV<\/title>\n<meta name=\"description\" content=\"Inflatable PVC boat Pacific Marine AMONA PM F-280TS\" \/>\n<meta name=\"robots\" content=\"index, follow, max-snippet:-1, max-image-preview:large, max-video-preview:-1\" \/>\n<link rel=\"canonical\" href=\"https:\/\/www.waterskis.lv\/en\/product\/inflatable-pvc-boat-amona-pm-f-280ts\/\" \/>\n<meta property=\"og:locale\" content=\"en_US\" \/>\n<meta property=\"og:type\" content=\"article\" \/>\n<meta property=\"og:title\" content=\"Inflatable PVC boat Pacific Marine AMONA PM F-280TS - WATERSKIS.LV\" \/>\n<meta property=\"og:description\" content=\"Inflatable PVC boat Pacific Marine AMONA PM F-280TS\" \/>\n<meta property=\"og:url\" content=\"https:\/\/www.waterskis.lv\/en\/product\/inflatable-pvc-boat-amona-pm-f-280ts\/\" \/>\n<meta property=\"og:site_name\" content=\"WATERSKIS.LV\" \/>\n<meta property=\"article:publisher\" content=\"https:\/\/www.facebook.com\/jurmalawaterskiwakeboardpark\/\" \/>\n<meta property=\"article:modified_time\" content=\"2020-12-31T07:38:31+00:00\" \/>\n<meta name=\"twitter:card\" content=\"summary_large_image\" \/>\n<meta name=\"twitter:label1\" content=\"Est. reading time\" \/>\n\t<meta name=\"twitter:data1\" content=\"1 minute\" \/>\n<script type=\"application\/ld+json\" class=\"yoast-schema-graph\">{\"@context\":\"https:\\\/\\\/schema.org\",\"@graph\":[{\"@type\":\"WebPage\",\"@id\":\"https:\\\/\\\/www.waterskis.lv\\\/en\\\/product\\\/inflatable-pvc-boat-amona-pm-f-280ts\\\/\",\"url\":\"https:\\\/\\\/www.waterskis.lv\\\/en\\\/product\\\/inflatable-pvc-boat-amona-pm-f-280ts\\\/\",\"name\":\"Inflatable PVC boat Pacific Marine AMONA PM F-280TS - WATERSKIS.LV\",\"isPartOf\":{\"@id\":\"https:\\\/\\\/www.waterskis.lv\\\/en\\\/#website\"},\"datePublished\":\"2020-11-17T06:35:19+00:00\",\"dateModified\":\"2020-12-31T07:38:31+00:00\",\"description\":\"Inflatable PVC boat Pacific Marine AMONA PM F-280TS\",\"breadcrumb\":{\"@id\":\"https:\\\/\\\/www.waterskis.lv\\\/en\\\/product\\\/inflatable-pvc-boat-amona-pm-f-280ts\\\/#breadcrumb\"},\"inLanguage\":\"en-US\",\"potentialAction\":[{\"@type\":\"ReadAction\",\"target\":[\"https:\\\/\\\/www.waterskis.lv\\\/en\\\/product\\\/inflatable-pvc-boat-amona-pm-f-280ts\\\/\"]}]},{\"@type\":\"BreadcrumbList\",\"@id\":\"https:\\\/\\\/www.waterskis.lv\\\/en\\\/product\\\/inflatable-pvc-boat-amona-pm-f-280ts\\\/#breadcrumb\",\"itemListElement\":[{\"@type\":\"ListItem\",\"position\":1,\"name\":\"Home\",\"item\":\"https:\\\/\\\/www.waterskis.lv\\\/en\\\/\"},{\"@type\":\"ListItem\",\"position\":2,\"name\":\"Shop\",\"item\":\"https:\\\/\\\/waterskis.lv\\\/en\\\/shop\\\/\"},{\"@type\":\"ListItem\",\"position\":3,\"name\":\"Inflatable PVC boat Pacific Marine AMONA PM F-280TS\"}]},{\"@type\":\"WebSite\",\"@id\":\"https:\\\/\\\/www.waterskis.lv\\\/en\\\/#website\",\"url\":\"https:\\\/\\\/www.waterskis.lv\\\/en\\\/\",\"name\":\"WATERSKIS.LV\",\"description\":\"SUP d\u0113\u013ci, kajaki, kanoe, airu laivas, \u016bdenssl\u0113po\u0161ana, veikbords, SUP d\u0113\u013cu noma, kajaku nomaakt\u012bv\u0101s atp\u016btas centrs, laivu noma, sup noma, kajaku noma\",\"publisher\":{\"@id\":\"https:\\\/\\\/www.waterskis.lv\\\/en\\\/#organization\"},\"potentialAction\":[{\"@type\":\"SearchAction\",\"target\":{\"@type\":\"EntryPoint\",\"urlTemplate\":\"https:\\\/\\\/www.waterskis.lv\\\/en\\\/?s={search_term_string}\"},\"query-input\":{\"@type\":\"PropertyValueSpecification\",\"valueRequired\":true,\"valueName\":\"search_term_string\"}}],\"inLanguage\":\"en-US\"},{\"@type\":\"Organization\",\"@id\":\"https:\\\/\\\/www.waterskis.lv\\\/en\\\/#organization\",\"name\":\"WATERSKIS.LV\",\"url\":\"https:\\\/\\\/www.waterskis.lv\\\/en\\\/\",\"logo\":{\"@type\":\"ImageObject\",\"inLanguage\":\"en-US\",\"@id\":\"https:\\\/\\\/www.waterskis.lv\\\/en\\\/#\\\/schema\\\/logo\\\/image\\\/\",\"url\":\"https:\\\/\\\/www.waterskis.lv\\\/wp-content\\\/uploads\\\/2025\\\/01\\\/JUVP-logo.png\",\"contentUrl\":\"https:\\\/\\\/www.waterskis.lv\\\/wp-content\\\/uploads\\\/2025\\\/01\\\/JUVP-logo.png\",\"width\":421,\"height\":202,\"caption\":\"WATERSKIS.LV\"},\"image\":{\"@id\":\"https:\\\/\\\/www.waterskis.lv\\\/en\\\/#\\\/schema\\\/logo\\\/image\\\/\"},\"sameAs\":[\"https:\\\/\\\/www.facebook.com\\\/jurmalawaterskiwakeboardpark\\\/\"]}]}<\/script>\n<!-- \/ Yoast SEO plugin. -->","yoast_head_json":{"title":"Inflatable PVC boat Pacific Marine AMONA PM F-280TS - WATERSKIS.LV","description":"Inflatable PVC boat Pacific Marine AMONA PM F-280TS","robots":{"index":"index","follow":"follow","max-snippet":"max-snippet:-1","max-image-preview":"max-image-preview:large","max-video-preview":"max-video-preview:-1"},"canonical":"https:\/\/www.waterskis.lv\/en\/product\/inflatable-pvc-boat-amona-pm-f-280ts\/","og_locale":"en_US","og_type":"article","og_title":"Inflatable PVC boat Pacific Marine AMONA PM F-280TS - WATERSKIS.LV","og_description":"Inflatable PVC boat Pacific Marine AMONA PM F-280TS","og_url":"https:\/\/www.waterskis.lv\/en\/product\/inflatable-pvc-boat-amona-pm-f-280ts\/","og_site_name":"WATERSKIS.LV","article_publisher":"https:\/\/www.facebook.com\/jurmalawaterskiwakeboardpark\/","article_modified_time":"2020-12-31T07:38:31+00:00","twitter_card":"summary_large_image","twitter_misc":{"Est. reading time":"1 minute"},"schema":{"@context":"https:\/\/schema.org","@graph":[{"@type":"WebPage","@id":"https:\/\/www.waterskis.lv\/en\/product\/inflatable-pvc-boat-amona-pm-f-280ts\/","url":"https:\/\/www.waterskis.lv\/en\/product\/inflatable-pvc-boat-amona-pm-f-280ts\/","name":"Inflatable PVC boat Pacific Marine AMONA PM F-280TS - WATERSKIS.LV","isPartOf":{"@id":"https:\/\/www.waterskis.lv\/en\/#website"},"datePublished":"2020-11-17T06:35:19+00:00","dateModified":"2020-12-31T07:38:31+00:00","description":"Inflatable PVC boat Pacific Marine AMONA PM F-280TS","breadcrumb":{"@id":"https:\/\/www.waterskis.lv\/en\/product\/inflatable-pvc-boat-amona-pm-f-280ts\/#breadcrumb"},"inLanguage":"en-US","potentialAction":[{"@type":"ReadAction","target":["https:\/\/www.waterskis.lv\/en\/product\/inflatable-pvc-boat-amona-pm-f-280ts\/"]}]},{"@type":"BreadcrumbList","@id":"https:\/\/www.waterskis.lv\/en\/product\/inflatable-pvc-boat-amona-pm-f-280ts\/#breadcrumb","itemListElement":[{"@type":"ListItem","position":1,"name":"Home","item":"https:\/\/www.waterskis.lv\/en\/"},{"@type":"ListItem","position":2,"name":"Shop","item":"https:\/\/waterskis.lv\/en\/shop\/"},{"@type":"ListItem","position":3,"name":"Inflatable PVC boat Pacific Marine AMONA PM F-280TS"}]},{"@type":"WebSite","@id":"https:\/\/www.waterskis.lv\/en\/#website","url":"https:\/\/www.waterskis.lv\/en\/","name":"WATERSKIS.LV","description":"SUP d\u0113\u013ci, kajaki, kanoe, airu laivas, \u016bdenssl\u0113po\u0161ana, veikbords, SUP d\u0113\u013cu noma, kajaku nomaakt\u012bv\u0101s atp\u016btas centrs, laivu noma, sup noma, kajaku noma","publisher":{"@id":"https:\/\/www.waterskis.lv\/en\/#organization"},"potentialAction":[{"@type":"SearchAction","target":{"@type":"EntryPoint","urlTemplate":"https:\/\/www.waterskis.lv\/en\/?s={search_term_string}"},"query-input":{"@type":"PropertyValueSpecification","valueRequired":true,"valueName":"search_term_string"}}],"inLanguage":"en-US"},{"@type":"Organization","@id":"https:\/\/www.waterskis.lv\/en\/#organization","name":"WATERSKIS.LV","url":"https:\/\/www.waterskis.lv\/en\/","logo":{"@type":"ImageObject","inLanguage":"en-US","@id":"https:\/\/www.waterskis.lv\/en\/#\/schema\/logo\/image\/","url":"https:\/\/www.waterskis.lv\/wp-content\/uploads\/2025\/01\/JUVP-logo.png","contentUrl":"https:\/\/www.waterskis.lv\/wp-content\/uploads\/2025\/01\/JUVP-logo.png","width":421,"height":202,"caption":"WATERSKIS.LV"},"image":{"@id":"https:\/\/www.waterskis.lv\/en\/#\/schema\/logo\/image\/"},"sameAs":["https:\/\/www.facebook.com\/jurmalawaterskiwakeboardpark\/"]}]}},"_links":{"self":[{"href":"https:\/\/www.waterskis.lv\/en\/wp-json\/wp\/v2\/product\/25372","targetHints":{"allow":["GET"]}}],"collection":[{"href":"https:\/\/www.waterskis.lv\/en\/wp-json\/wp\/v2\/product"}],"about":[{"href":"https:\/\/www.waterskis.lv\/en\/wp-json\/wp\/v2\/types\/product"}],"replies":[{"embeddable":true,"href":"https:\/\/www.waterskis.lv\/en\/wp-json\/wp\/v2\/comments?post=25372"}],"wp:attachment":[{"href":"https:\/\/www.waterskis.lv\/en\/wp-json\/wp\/v2\/media?parent=25372"}],"wp:term":[{"taxonomy":"product_brand","embeddable":true,"href":"https:\/\/www.waterskis.lv\/en\/wp-json\/wp\/v2\/product_brand?post=25372"},{"taxonomy":"product_cat","embeddable":true,"href":"https:\/\/www.waterskis.lv\/en\/wp-json\/wp\/v2\/product_cat?post=25372"},{"taxonomy":"product_tag","embeddable":true,"href":"https:\/\/www.waterskis.lv\/en\/wp-json\/wp\/v2\/product_tag?post=25372"}],"curies":[{"name":"wp","href":"https:\/\/api.w.org\/{rel}","templated":true}]}}