{"id":25427,"date":"2020-11-10T12:12:20","date_gmt":"2020-11-10T09:12:20","guid":{"rendered":"https:\/\/www.waterskis.lv\/product\/sausa-soma-hiko-travel-bag-40-l\/"},"modified":"2022-04-03T13:54:53","modified_gmt":"2022-04-03T10:54:53","slug":"dry-bag-hiko-travel-bag-40-l","status":"publish","type":"product","link":"https:\/\/www.waterskis.lv\/en\/product\/dry-bag-hiko-travel-bag-40-l\/","title":{"rendered":"Dry bag HIKO TRAVEL BAG 40 L"},"content":{"rendered":"<div class=\"block_content1 rte active\">\n<p>Dry bag HIKO TRAVEL BAG 40 L<\/p>\n<p>Dry travel bag with shoulder strap. Secure way to protect your second set of clothes or other things in wet conditions. Perfect for kayaking, bike travel and etc.<\/p>\n<\/div>\n<p id=\"table-data\" class=\"page-product-heading\">DATA SHEET<\/p>\n<table class=\"block_content2 table-data-sheet\">\n<tbody>\n<tr class=\"odd\">\n<td>Type<\/td>\n<td>Dry bag<\/td>\n<\/tr>\n<tr class=\"even\">\n<td>Material<\/td>\n<td>PVC \/ PAD 420D<\/td>\n<\/tr>\n<tr class=\"odd\">\n<td>Volume<\/td>\n<td>40 L<\/td>\n<\/tr>\n<tr class=\"even\">\n<td>Country of origin<\/td>\n<td>Czech Republic<\/td>\n<\/tr>\n<\/tbody>\n<\/table>\n<p>Color: green, orange<\/p>\n","protected":false},"excerpt":{"rendered":"<p>https:\/\/www.youtube.com\/watch?v=qzEGCW0FDCY [&#8230;]<\/p>\n<p><a class=\"btn btn-secondary understrap-read-more-link\" href=\"https:\/\/www.waterskis.lv\/en\/product\/dry-bag-hiko-travel-bag-40-l\/\">Read More&#8230;<\/a><\/p>\n","protected":false},"featured_media":22590,"comment_status":"closed","ping_status":"closed","template":"","meta":{"_acf_changed":false,"inline_featured_image":false},"product_brand":[],"product_cat":[361],"product_tag":[],"class_list":{"0":"post-25427","1":"product","2":"type-product","3":"status-publish","4":"has-post-thumbnail","6":"product_cat-sale","8":"first","9":"instock","10":"sale","11":"shipping-taxable","12":"purchasable","13":"product-type-simple"},"acf":[],"yoast_head":"<!-- This site is optimized with the Yoast SEO plugin v27.2 - https:\/\/yoast.com\/product\/yoast-seo-wordpress\/ -->\n<title>Dry bag HIKO TRAVEL BAG 40 L - WATERSKIS.LV<\/title>\n<meta name=\"description\" content=\"Dry bag HIKO TRAVEL BAG 40 L. Dry travel bag with shoulder strap. Waterskis.lv - boat rental, kayaks, engines, paddles and more.\" \/>\n<meta name=\"robots\" content=\"index, follow, max-snippet:-1, max-image-preview:large, max-video-preview:-1\" \/>\n<link rel=\"canonical\" href=\"https:\/\/www.waterskis.lv\/en\/product\/dry-bag-hiko-travel-bag-40-l\/\" \/>\n<meta property=\"og:locale\" content=\"en_US\" \/>\n<meta property=\"og:type\" content=\"article\" \/>\n<meta property=\"og:title\" content=\"Dry bag HIKO TRAVEL BAG 40 L - WATERSKIS.LV\" \/>\n<meta property=\"og:description\" content=\"Dry bag HIKO TRAVEL BAG 40 L. Dry travel bag with shoulder strap. Waterskis.lv - boat rental, kayaks, engines, paddles and more.\" \/>\n<meta property=\"og:url\" content=\"https:\/\/www.waterskis.lv\/en\/product\/dry-bag-hiko-travel-bag-40-l\/\" \/>\n<meta property=\"og:site_name\" content=\"WATERSKIS.LV\" \/>\n<meta property=\"article:publisher\" content=\"https:\/\/www.facebook.com\/jurmalawaterskiwakeboardpark\/\" \/>\n<meta property=\"article:modified_time\" content=\"2022-04-03T10:54:53+00:00\" \/>\n<meta property=\"og:image\" content=\"https:\/\/waterskis.lv\/wp-content\/uploads\/2020\/11\/travel-bag-40-l.jpg\" \/>\n\t<meta property=\"og:image:width\" content=\"1000\" \/>\n\t<meta property=\"og:image:height\" content=\"1000\" \/>\n\t<meta property=\"og:image:type\" content=\"image\/jpeg\" \/>\n<meta name=\"twitter:card\" content=\"summary_large_image\" \/>\n<meta name=\"twitter:label1\" content=\"Est. reading time\" \/>\n\t<meta name=\"twitter:data1\" content=\"1 minute\" \/>\n<script type=\"application\/ld+json\" class=\"yoast-schema-graph\">{\"@context\":\"https:\/\/schema.org\",\"@graph\":[{\"@type\":\"WebPage\",\"@id\":\"https:\/\/www.waterskis.lv\/en\/product\/dry-bag-hiko-travel-bag-40-l\/\",\"url\":\"https:\/\/www.waterskis.lv\/en\/product\/dry-bag-hiko-travel-bag-40-l\/\",\"name\":\"Dry bag HIKO TRAVEL BAG 40 L - WATERSKIS.LV\",\"isPartOf\":{\"@id\":\"https:\/\/www.waterskis.lv\/en\/#website\"},\"primaryImageOfPage\":{\"@id\":\"https:\/\/www.waterskis.lv\/en\/product\/dry-bag-hiko-travel-bag-40-l\/#primaryimage\"},\"image\":{\"@id\":\"https:\/\/www.waterskis.lv\/en\/product\/dry-bag-hiko-travel-bag-40-l\/#primaryimage\"},\"thumbnailUrl\":\"https:\/\/www.waterskis.lv\/wp-content\/uploads\/2020\/11\/travel-bag-40-l.jpg\",\"datePublished\":\"2020-11-10T09:12:20+00:00\",\"dateModified\":\"2022-04-03T10:54:53+00:00\",\"description\":\"Dry bag HIKO TRAVEL BAG 40 L. Dry travel bag with shoulder strap. Waterskis.lv - boat rental, kayaks, engines, paddles and more.\",\"breadcrumb\":{\"@id\":\"https:\/\/www.waterskis.lv\/en\/product\/dry-bag-hiko-travel-bag-40-l\/#breadcrumb\"},\"inLanguage\":\"en-US\",\"potentialAction\":[{\"@type\":\"ReadAction\",\"target\":[\"https:\/\/www.waterskis.lv\/en\/product\/dry-bag-hiko-travel-bag-40-l\/\"]}]},{\"@type\":\"ImageObject\",\"inLanguage\":\"en-US\",\"@id\":\"https:\/\/www.waterskis.lv\/en\/product\/dry-bag-hiko-travel-bag-40-l\/#primaryimage\",\"url\":\"https:\/\/www.waterskis.lv\/wp-content\/uploads\/2020\/11\/travel-bag-40-l.jpg\",\"contentUrl\":\"https:\/\/www.waterskis.lv\/wp-content\/uploads\/2020\/11\/travel-bag-40-l.jpg\",\"width\":1000,\"height\":1000,\"caption\":\"Dry bag HIKO TRAVEL BAG 40 L\"},{\"@type\":\"BreadcrumbList\",\"@id\":\"https:\/\/www.waterskis.lv\/en\/product\/dry-bag-hiko-travel-bag-40-l\/#breadcrumb\",\"itemListElement\":[{\"@type\":\"ListItem\",\"position\":1,\"name\":\"Home\",\"item\":\"https:\/\/www.waterskis.lv\/en\/\"},{\"@type\":\"ListItem\",\"position\":2,\"name\":\"Shop\",\"item\":\"https:\/\/waterskis.lv\/en\/shop\/\"},{\"@type\":\"ListItem\",\"position\":3,\"name\":\"Dry bag HIKO TRAVEL BAG 40 L\"}]},{\"@type\":\"WebSite\",\"@id\":\"https:\/\/www.waterskis.lv\/en\/#website\",\"url\":\"https:\/\/www.waterskis.lv\/en\/\",\"name\":\"WATERSKIS.LV\",\"description\":\"SUP d\u0113\u013ci, kajaki, kanoe, airu laivas, \u016bdenssl\u0113po\u0161ana, veikbords, SUP d\u0113\u013cu noma, kajaku nomaakt\u012bv\u0101s atp\u016btas centrs, laivu noma, sup noma, kajaku noma\",\"publisher\":{\"@id\":\"https:\/\/www.waterskis.lv\/en\/#organization\"},\"potentialAction\":[{\"@type\":\"SearchAction\",\"target\":{\"@type\":\"EntryPoint\",\"urlTemplate\":\"https:\/\/www.waterskis.lv\/en\/?s={search_term_string}\"},\"query-input\":{\"@type\":\"PropertyValueSpecification\",\"valueRequired\":true,\"valueName\":\"search_term_string\"}}],\"inLanguage\":\"en-US\"},{\"@type\":\"Organization\",\"@id\":\"https:\/\/www.waterskis.lv\/en\/#organization\",\"name\":\"WATERSKIS.LV\",\"url\":\"https:\/\/www.waterskis.lv\/en\/\",\"logo\":{\"@type\":\"ImageObject\",\"inLanguage\":\"en-US\",\"@id\":\"https:\/\/www.waterskis.lv\/en\/#\/schema\/logo\/image\/\",\"url\":\"https:\/\/www.waterskis.lv\/wp-content\/uploads\/2025\/01\/JUVP-logo.png\",\"contentUrl\":\"https:\/\/www.waterskis.lv\/wp-content\/uploads\/2025\/01\/JUVP-logo.png\",\"width\":421,\"height\":202,\"caption\":\"WATERSKIS.LV\"},\"image\":{\"@id\":\"https:\/\/www.waterskis.lv\/en\/#\/schema\/logo\/image\/\"},\"sameAs\":[\"https:\/\/www.facebook.com\/jurmalawaterskiwakeboardpark\/\"]}]}<\/script>\n<!-- \/ Yoast SEO plugin. -->","yoast_head_json":{"title":"Dry bag HIKO TRAVEL BAG 40 L - WATERSKIS.LV","description":"Dry bag HIKO TRAVEL BAG 40 L. Dry travel bag with shoulder strap. Waterskis.lv - boat rental, kayaks, engines, paddles and more.","robots":{"index":"index","follow":"follow","max-snippet":"max-snippet:-1","max-image-preview":"max-image-preview:large","max-video-preview":"max-video-preview:-1"},"canonical":"https:\/\/www.waterskis.lv\/en\/product\/dry-bag-hiko-travel-bag-40-l\/","og_locale":"en_US","og_type":"article","og_title":"Dry bag HIKO TRAVEL BAG 40 L - WATERSKIS.LV","og_description":"Dry bag HIKO TRAVEL BAG 40 L. Dry travel bag with shoulder strap. Waterskis.lv - boat rental, kayaks, engines, paddles and more.","og_url":"https:\/\/www.waterskis.lv\/en\/product\/dry-bag-hiko-travel-bag-40-l\/","og_site_name":"WATERSKIS.LV","article_publisher":"https:\/\/www.facebook.com\/jurmalawaterskiwakeboardpark\/","article_modified_time":"2022-04-03T10:54:53+00:00","og_image":[{"width":1000,"height":1000,"url":"https:\/\/waterskis.lv\/wp-content\/uploads\/2020\/11\/travel-bag-40-l.jpg","type":"image\/jpeg"}],"twitter_card":"summary_large_image","twitter_misc":{"Est. reading time":"1 minute"},"schema":{"@context":"https:\/\/schema.org","@graph":[{"@type":"WebPage","@id":"https:\/\/www.waterskis.lv\/en\/product\/dry-bag-hiko-travel-bag-40-l\/","url":"https:\/\/www.waterskis.lv\/en\/product\/dry-bag-hiko-travel-bag-40-l\/","name":"Dry bag HIKO TRAVEL BAG 40 L - WATERSKIS.LV","isPartOf":{"@id":"https:\/\/www.waterskis.lv\/en\/#website"},"primaryImageOfPage":{"@id":"https:\/\/www.waterskis.lv\/en\/product\/dry-bag-hiko-travel-bag-40-l\/#primaryimage"},"image":{"@id":"https:\/\/www.waterskis.lv\/en\/product\/dry-bag-hiko-travel-bag-40-l\/#primaryimage"},"thumbnailUrl":"https:\/\/www.waterskis.lv\/wp-content\/uploads\/2020\/11\/travel-bag-40-l.jpg","datePublished":"2020-11-10T09:12:20+00:00","dateModified":"2022-04-03T10:54:53+00:00","description":"Dry bag HIKO TRAVEL BAG 40 L. Dry travel bag with shoulder strap. Waterskis.lv - boat rental, kayaks, engines, paddles and more.","breadcrumb":{"@id":"https:\/\/www.waterskis.lv\/en\/product\/dry-bag-hiko-travel-bag-40-l\/#breadcrumb"},"inLanguage":"en-US","potentialAction":[{"@type":"ReadAction","target":["https:\/\/www.waterskis.lv\/en\/product\/dry-bag-hiko-travel-bag-40-l\/"]}]},{"@type":"ImageObject","inLanguage":"en-US","@id":"https:\/\/www.waterskis.lv\/en\/product\/dry-bag-hiko-travel-bag-40-l\/#primaryimage","url":"https:\/\/www.waterskis.lv\/wp-content\/uploads\/2020\/11\/travel-bag-40-l.jpg","contentUrl":"https:\/\/www.waterskis.lv\/wp-content\/uploads\/2020\/11\/travel-bag-40-l.jpg","width":1000,"height":1000,"caption":"Dry bag HIKO TRAVEL BAG 40 L"},{"@type":"BreadcrumbList","@id":"https:\/\/www.waterskis.lv\/en\/product\/dry-bag-hiko-travel-bag-40-l\/#breadcrumb","itemListElement":[{"@type":"ListItem","position":1,"name":"Home","item":"https:\/\/www.waterskis.lv\/en\/"},{"@type":"ListItem","position":2,"name":"Shop","item":"https:\/\/waterskis.lv\/en\/shop\/"},{"@type":"ListItem","position":3,"name":"Dry bag HIKO TRAVEL BAG 40 L"}]},{"@type":"WebSite","@id":"https:\/\/www.waterskis.lv\/en\/#website","url":"https:\/\/www.waterskis.lv\/en\/","name":"WATERSKIS.LV","description":"SUP d\u0113\u013ci, kajaki, kanoe, airu laivas, \u016bdenssl\u0113po\u0161ana, veikbords, SUP d\u0113\u013cu noma, kajaku nomaakt\u012bv\u0101s atp\u016btas centrs, laivu noma, sup noma, kajaku noma","publisher":{"@id":"https:\/\/www.waterskis.lv\/en\/#organization"},"potentialAction":[{"@type":"SearchAction","target":{"@type":"EntryPoint","urlTemplate":"https:\/\/www.waterskis.lv\/en\/?s={search_term_string}"},"query-input":{"@type":"PropertyValueSpecification","valueRequired":true,"valueName":"search_term_string"}}],"inLanguage":"en-US"},{"@type":"Organization","@id":"https:\/\/www.waterskis.lv\/en\/#organization","name":"WATERSKIS.LV","url":"https:\/\/www.waterskis.lv\/en\/","logo":{"@type":"ImageObject","inLanguage":"en-US","@id":"https:\/\/www.waterskis.lv\/en\/#\/schema\/logo\/image\/","url":"https:\/\/www.waterskis.lv\/wp-content\/uploads\/2025\/01\/JUVP-logo.png","contentUrl":"https:\/\/www.waterskis.lv\/wp-content\/uploads\/2025\/01\/JUVP-logo.png","width":421,"height":202,"caption":"WATERSKIS.LV"},"image":{"@id":"https:\/\/www.waterskis.lv\/en\/#\/schema\/logo\/image\/"},"sameAs":["https:\/\/www.facebook.com\/jurmalawaterskiwakeboardpark\/"]}]}},"_links":{"self":[{"href":"https:\/\/www.waterskis.lv\/en\/wp-json\/wp\/v2\/product\/25427","targetHints":{"allow":["GET"]}}],"collection":[{"href":"https:\/\/www.waterskis.lv\/en\/wp-json\/wp\/v2\/product"}],"about":[{"href":"https:\/\/www.waterskis.lv\/en\/wp-json\/wp\/v2\/types\/product"}],"replies":[{"embeddable":true,"href":"https:\/\/www.waterskis.lv\/en\/wp-json\/wp\/v2\/comments?post=25427"}],"wp:featuredmedia":[{"embeddable":true,"href":"https:\/\/www.waterskis.lv\/en\/wp-json\/wp\/v2\/media\/22590"}],"wp:attachment":[{"href":"https:\/\/www.waterskis.lv\/en\/wp-json\/wp\/v2\/media?parent=25427"}],"wp:term":[{"taxonomy":"product_brand","embeddable":true,"href":"https:\/\/www.waterskis.lv\/en\/wp-json\/wp\/v2\/product_brand?post=25427"},{"taxonomy":"product_cat","embeddable":true,"href":"https:\/\/www.waterskis.lv\/en\/wp-json\/wp\/v2\/product_cat?post=25427"},{"taxonomy":"product_tag","embeddable":true,"href":"https:\/\/www.waterskis.lv\/en\/wp-json\/wp\/v2\/product_tag?post=25427"}],"curies":[{"name":"wp","href":"https:\/\/api.w.org\/{rel}","templated":true}]}}