{"id":25432,"date":"2020-11-10T13:31:03","date_gmt":"2020-11-10T10:31:03","guid":{"rendered":"https:\/\/www.waterskis.lv\/product\/sausa-mugursoma-nrs-bills-bag-110-l\/"},"modified":"2022-04-03T13:54:59","modified_gmt":"2022-04-03T10:54:59","slug":"dry-backpack-nrs-bills-bag-110-l","status":"publish","type":"product","link":"https:\/\/www.waterskis.lv\/en\/product\/dry-backpack-nrs-bills-bag-110-l\/","title":{"rendered":"Dry backpack NRS BILL&#8217;S BAG 110 L"},"content":{"rendered":"<div class=\"block_content1 rte active\">\n<p>Dry backpack NRS BILL&#8217;S BAG 110 L<\/p>\n<p>Since 1977, outfitters, guides and weekend warriors have relied on Bill&#8217;s Bags to keep their overnight gear dry trip after trip, year after year. This midsize dry bag can compact enough to fit in overhead compartments of most airlines and is the perfect size for weekend and overnight trips.<\/p>\n<ul>\n<li>Constructed with heavy-duty 21 oz TobaTex body with a reinforced bottom of 34 oz TobaTex, the Bill&#8217;s Bags will outlast a generation worth of adventures.<\/li>\n<li>Expandable for nearly 64,000 cubic cm of storage capacity but can be cinched down with four compression straps to compact and stabilize gear.<\/li>\n<li>Aluminum fasteners on the compression straps increase durability and eliminate busted buckles.<\/li>\n<li>The StormStrip\u2122 closure system provides a confident seal and allows for easy top loading access.<\/li>\n<li>The adjustable backpack harness with padded shoulder straps makes carrying your gear around rapids or into a secluded camp easy and comfortable.<\/li>\n<li>The backpack harness is removable. This is a handy feature when flying with the bag, reducing baggage handling snag points.<\/li>\n<\/ul>\n<\/div>\n<p id=\"table-data\" class=\"page-product-heading\">DATA SHEET<\/p>\n<table class=\"block_content2 table-data-sheet\">\n<tbody>\n<tr class=\"odd\">\n<td>Type<\/td>\n<td>Dry backpack<\/td>\n<\/tr>\n<tr class=\"even\">\n<td>Weight<\/td>\n<td>1,8 kg<\/td>\n<\/tr>\n<tr class=\"odd\">\n<td>Material<\/td>\n<td>PVC<\/td>\n<\/tr>\n<tr class=\"even\">\n<td>Volume<\/td>\n<td>110 L<\/td>\n<\/tr>\n<tr class=\"odd\">\n<td>Country of origin<\/td>\n<td>USA<\/td>\n<\/tr>\n<\/tbody>\n<\/table>\n<p>Color: black, red<\/p>\n<p>Dry backpack NRS BILL&#8217;S BAG 110 L<\/p>\n","protected":false},"excerpt":{"rendered":"<p>https:\/\/www.youtube.com\/watch?v=rk01G_SBzdQ [&#8230;]<\/p>\n<p><a class=\"btn btn-secondary understrap-read-more-link\" href=\"https:\/\/www.waterskis.lv\/en\/product\/dry-backpack-nrs-bills-bag-110-l\/\">Read More&#8230;<\/a><\/p>\n","protected":false},"featured_media":22603,"comment_status":"closed","ping_status":"closed","template":"","meta":{"_acf_changed":false,"inline_featured_image":false},"product_brand":[],"product_cat":[361],"product_tag":[],"class_list":{"0":"post-25432","1":"product","2":"type-product","3":"status-publish","4":"has-post-thumbnail","6":"product_cat-sale","8":"first","9":"instock","10":"sale","11":"shipping-taxable","12":"purchasable","13":"product-type-simple"},"acf":[],"yoast_head":"<!-- This site is optimized with the Yoast SEO plugin v27.3 - https:\/\/yoast.com\/product\/yoast-seo-wordpress\/ -->\n<title>Dry backpack NRS BILL&#039;S BAG 110 L - WATERSKIS.LV<\/title>\n<meta name=\"description\" content=\"Dry backpack NRS BILL&#039;S BAG 110 L. Waterskis.lv - boat rental, kayaks, engines, paddles, every accessory you need and more. Visit us!\" \/>\n<meta name=\"robots\" content=\"index, follow, max-snippet:-1, max-image-preview:large, max-video-preview:-1\" \/>\n<link rel=\"canonical\" href=\"https:\/\/www.waterskis.lv\/en\/product\/dry-backpack-nrs-bills-bag-110-l\/\" \/>\n<meta property=\"og:locale\" content=\"en_US\" \/>\n<meta property=\"og:type\" content=\"article\" \/>\n<meta property=\"og:title\" content=\"Dry backpack NRS BILL&#039;S BAG 110 L - WATERSKIS.LV\" \/>\n<meta property=\"og:description\" content=\"Dry backpack NRS BILL&#039;S BAG 110 L. Waterskis.lv - boat rental, kayaks, engines, paddles, every accessory you need and more. Visit us!\" \/>\n<meta property=\"og:url\" content=\"https:\/\/www.waterskis.lv\/en\/product\/dry-backpack-nrs-bills-bag-110-l\/\" \/>\n<meta property=\"og:site_name\" content=\"WATERSKIS.LV\" \/>\n<meta property=\"article:publisher\" content=\"https:\/\/www.facebook.com\/jurmalawaterskiwakeboardpark\/\" \/>\n<meta property=\"article:modified_time\" content=\"2022-04-03T10:54:59+00:00\" \/>\n<meta property=\"og:image\" content=\"https:\/\/www.waterskis.lv\/wp-content\/uploads\/2020\/11\/dry-backpack-nrs-bill-s-bag-110-l.jpg\" \/>\n\t<meta property=\"og:image:width\" content=\"1000\" \/>\n\t<meta property=\"og:image:height\" content=\"1000\" \/>\n\t<meta property=\"og:image:type\" content=\"image\/jpeg\" \/>\n<meta name=\"twitter:card\" content=\"summary_large_image\" \/>\n<meta name=\"twitter:label1\" content=\"Est. reading time\" \/>\n\t<meta name=\"twitter:data1\" content=\"1 minute\" \/>\n<script type=\"application\/ld+json\" class=\"yoast-schema-graph\">{\"@context\":\"https:\\\/\\\/schema.org\",\"@graph\":[{\"@type\":\"WebPage\",\"@id\":\"https:\\\/\\\/www.waterskis.lv\\\/en\\\/product\\\/dry-backpack-nrs-bills-bag-110-l\\\/\",\"url\":\"https:\\\/\\\/www.waterskis.lv\\\/en\\\/product\\\/dry-backpack-nrs-bills-bag-110-l\\\/\",\"name\":\"Dry backpack NRS BILL'S BAG 110 L - WATERSKIS.LV\",\"isPartOf\":{\"@id\":\"https:\\\/\\\/www.waterskis.lv\\\/en\\\/#website\"},\"primaryImageOfPage\":{\"@id\":\"https:\\\/\\\/www.waterskis.lv\\\/en\\\/product\\\/dry-backpack-nrs-bills-bag-110-l\\\/#primaryimage\"},\"image\":{\"@id\":\"https:\\\/\\\/www.waterskis.lv\\\/en\\\/product\\\/dry-backpack-nrs-bills-bag-110-l\\\/#primaryimage\"},\"thumbnailUrl\":\"https:\\\/\\\/www.waterskis.lv\\\/wp-content\\\/uploads\\\/2020\\\/11\\\/dry-backpack-nrs-bill-s-bag-110-l.jpg\",\"datePublished\":\"2020-11-10T10:31:03+00:00\",\"dateModified\":\"2022-04-03T10:54:59+00:00\",\"description\":\"Dry backpack NRS BILL'S BAG 110 L. Waterskis.lv - boat rental, kayaks, engines, paddles, every accessory you need and more. Visit us!\",\"breadcrumb\":{\"@id\":\"https:\\\/\\\/www.waterskis.lv\\\/en\\\/product\\\/dry-backpack-nrs-bills-bag-110-l\\\/#breadcrumb\"},\"inLanguage\":\"en-US\",\"potentialAction\":[{\"@type\":\"ReadAction\",\"target\":[\"https:\\\/\\\/www.waterskis.lv\\\/en\\\/product\\\/dry-backpack-nrs-bills-bag-110-l\\\/\"]}]},{\"@type\":\"ImageObject\",\"inLanguage\":\"en-US\",\"@id\":\"https:\\\/\\\/www.waterskis.lv\\\/en\\\/product\\\/dry-backpack-nrs-bills-bag-110-l\\\/#primaryimage\",\"url\":\"https:\\\/\\\/www.waterskis.lv\\\/wp-content\\\/uploads\\\/2020\\\/11\\\/dry-backpack-nrs-bill-s-bag-110-l.jpg\",\"contentUrl\":\"https:\\\/\\\/www.waterskis.lv\\\/wp-content\\\/uploads\\\/2020\\\/11\\\/dry-backpack-nrs-bill-s-bag-110-l.jpg\",\"width\":1000,\"height\":1000,\"caption\":\"Dry backpack NRS BILL'S BAG 110 L\"},{\"@type\":\"BreadcrumbList\",\"@id\":\"https:\\\/\\\/www.waterskis.lv\\\/en\\\/product\\\/dry-backpack-nrs-bills-bag-110-l\\\/#breadcrumb\",\"itemListElement\":[{\"@type\":\"ListItem\",\"position\":1,\"name\":\"Home\",\"item\":\"https:\\\/\\\/www.waterskis.lv\\\/en\\\/\"},{\"@type\":\"ListItem\",\"position\":2,\"name\":\"Shop\",\"item\":\"https:\\\/\\\/waterskis.lv\\\/en\\\/shop\\\/\"},{\"@type\":\"ListItem\",\"position\":3,\"name\":\"Dry backpack NRS BILL&#8217;S BAG 110 L\"}]},{\"@type\":\"WebSite\",\"@id\":\"https:\\\/\\\/www.waterskis.lv\\\/en\\\/#website\",\"url\":\"https:\\\/\\\/www.waterskis.lv\\\/en\\\/\",\"name\":\"WATERSKIS.LV\",\"description\":\"SUP d\u0113\u013ci, kajaki, kanoe, airu laivas, \u016bdenssl\u0113po\u0161ana, veikbords, SUP d\u0113\u013cu noma, kajaku nomaakt\u012bv\u0101s atp\u016btas centrs, laivu noma, sup noma, kajaku noma\",\"publisher\":{\"@id\":\"https:\\\/\\\/www.waterskis.lv\\\/en\\\/#organization\"},\"potentialAction\":[{\"@type\":\"SearchAction\",\"target\":{\"@type\":\"EntryPoint\",\"urlTemplate\":\"https:\\\/\\\/www.waterskis.lv\\\/en\\\/?s={search_term_string}\"},\"query-input\":{\"@type\":\"PropertyValueSpecification\",\"valueRequired\":true,\"valueName\":\"search_term_string\"}}],\"inLanguage\":\"en-US\"},{\"@type\":\"Organization\",\"@id\":\"https:\\\/\\\/www.waterskis.lv\\\/en\\\/#organization\",\"name\":\"WATERSKIS.LV\",\"url\":\"https:\\\/\\\/www.waterskis.lv\\\/en\\\/\",\"logo\":{\"@type\":\"ImageObject\",\"inLanguage\":\"en-US\",\"@id\":\"https:\\\/\\\/www.waterskis.lv\\\/en\\\/#\\\/schema\\\/logo\\\/image\\\/\",\"url\":\"https:\\\/\\\/www.waterskis.lv\\\/wp-content\\\/uploads\\\/2025\\\/01\\\/JUVP-logo.png\",\"contentUrl\":\"https:\\\/\\\/www.waterskis.lv\\\/wp-content\\\/uploads\\\/2025\\\/01\\\/JUVP-logo.png\",\"width\":421,\"height\":202,\"caption\":\"WATERSKIS.LV\"},\"image\":{\"@id\":\"https:\\\/\\\/www.waterskis.lv\\\/en\\\/#\\\/schema\\\/logo\\\/image\\\/\"},\"sameAs\":[\"https:\\\/\\\/www.facebook.com\\\/jurmalawaterskiwakeboardpark\\\/\"]}]}<\/script>\n<!-- \/ Yoast SEO plugin. -->","yoast_head_json":{"title":"Dry backpack NRS BILL'S BAG 110 L - WATERSKIS.LV","description":"Dry backpack NRS BILL'S BAG 110 L. Waterskis.lv - boat rental, kayaks, engines, paddles, every accessory you need and more. Visit us!","robots":{"index":"index","follow":"follow","max-snippet":"max-snippet:-1","max-image-preview":"max-image-preview:large","max-video-preview":"max-video-preview:-1"},"canonical":"https:\/\/www.waterskis.lv\/en\/product\/dry-backpack-nrs-bills-bag-110-l\/","og_locale":"en_US","og_type":"article","og_title":"Dry backpack NRS BILL'S BAG 110 L - WATERSKIS.LV","og_description":"Dry backpack NRS BILL'S BAG 110 L. Waterskis.lv - boat rental, kayaks, engines, paddles, every accessory you need and more. Visit us!","og_url":"https:\/\/www.waterskis.lv\/en\/product\/dry-backpack-nrs-bills-bag-110-l\/","og_site_name":"WATERSKIS.LV","article_publisher":"https:\/\/www.facebook.com\/jurmalawaterskiwakeboardpark\/","article_modified_time":"2022-04-03T10:54:59+00:00","og_image":[{"width":1000,"height":1000,"url":"https:\/\/www.waterskis.lv\/wp-content\/uploads\/2020\/11\/dry-backpack-nrs-bill-s-bag-110-l.jpg","type":"image\/jpeg"}],"twitter_card":"summary_large_image","twitter_misc":{"Est. reading time":"1 minute"},"schema":{"@context":"https:\/\/schema.org","@graph":[{"@type":"WebPage","@id":"https:\/\/www.waterskis.lv\/en\/product\/dry-backpack-nrs-bills-bag-110-l\/","url":"https:\/\/www.waterskis.lv\/en\/product\/dry-backpack-nrs-bills-bag-110-l\/","name":"Dry backpack NRS BILL'S BAG 110 L - WATERSKIS.LV","isPartOf":{"@id":"https:\/\/www.waterskis.lv\/en\/#website"},"primaryImageOfPage":{"@id":"https:\/\/www.waterskis.lv\/en\/product\/dry-backpack-nrs-bills-bag-110-l\/#primaryimage"},"image":{"@id":"https:\/\/www.waterskis.lv\/en\/product\/dry-backpack-nrs-bills-bag-110-l\/#primaryimage"},"thumbnailUrl":"https:\/\/www.waterskis.lv\/wp-content\/uploads\/2020\/11\/dry-backpack-nrs-bill-s-bag-110-l.jpg","datePublished":"2020-11-10T10:31:03+00:00","dateModified":"2022-04-03T10:54:59+00:00","description":"Dry backpack NRS BILL'S BAG 110 L. Waterskis.lv - boat rental, kayaks, engines, paddles, every accessory you need and more. Visit us!","breadcrumb":{"@id":"https:\/\/www.waterskis.lv\/en\/product\/dry-backpack-nrs-bills-bag-110-l\/#breadcrumb"},"inLanguage":"en-US","potentialAction":[{"@type":"ReadAction","target":["https:\/\/www.waterskis.lv\/en\/product\/dry-backpack-nrs-bills-bag-110-l\/"]}]},{"@type":"ImageObject","inLanguage":"en-US","@id":"https:\/\/www.waterskis.lv\/en\/product\/dry-backpack-nrs-bills-bag-110-l\/#primaryimage","url":"https:\/\/www.waterskis.lv\/wp-content\/uploads\/2020\/11\/dry-backpack-nrs-bill-s-bag-110-l.jpg","contentUrl":"https:\/\/www.waterskis.lv\/wp-content\/uploads\/2020\/11\/dry-backpack-nrs-bill-s-bag-110-l.jpg","width":1000,"height":1000,"caption":"Dry backpack NRS BILL'S BAG 110 L"},{"@type":"BreadcrumbList","@id":"https:\/\/www.waterskis.lv\/en\/product\/dry-backpack-nrs-bills-bag-110-l\/#breadcrumb","itemListElement":[{"@type":"ListItem","position":1,"name":"Home","item":"https:\/\/www.waterskis.lv\/en\/"},{"@type":"ListItem","position":2,"name":"Shop","item":"https:\/\/waterskis.lv\/en\/shop\/"},{"@type":"ListItem","position":3,"name":"Dry backpack NRS BILL&#8217;S BAG 110 L"}]},{"@type":"WebSite","@id":"https:\/\/www.waterskis.lv\/en\/#website","url":"https:\/\/www.waterskis.lv\/en\/","name":"WATERSKIS.LV","description":"SUP d\u0113\u013ci, kajaki, kanoe, airu laivas, \u016bdenssl\u0113po\u0161ana, veikbords, SUP d\u0113\u013cu noma, kajaku nomaakt\u012bv\u0101s atp\u016btas centrs, laivu noma, sup noma, kajaku noma","publisher":{"@id":"https:\/\/www.waterskis.lv\/en\/#organization"},"potentialAction":[{"@type":"SearchAction","target":{"@type":"EntryPoint","urlTemplate":"https:\/\/www.waterskis.lv\/en\/?s={search_term_string}"},"query-input":{"@type":"PropertyValueSpecification","valueRequired":true,"valueName":"search_term_string"}}],"inLanguage":"en-US"},{"@type":"Organization","@id":"https:\/\/www.waterskis.lv\/en\/#organization","name":"WATERSKIS.LV","url":"https:\/\/www.waterskis.lv\/en\/","logo":{"@type":"ImageObject","inLanguage":"en-US","@id":"https:\/\/www.waterskis.lv\/en\/#\/schema\/logo\/image\/","url":"https:\/\/www.waterskis.lv\/wp-content\/uploads\/2025\/01\/JUVP-logo.png","contentUrl":"https:\/\/www.waterskis.lv\/wp-content\/uploads\/2025\/01\/JUVP-logo.png","width":421,"height":202,"caption":"WATERSKIS.LV"},"image":{"@id":"https:\/\/www.waterskis.lv\/en\/#\/schema\/logo\/image\/"},"sameAs":["https:\/\/www.facebook.com\/jurmalawaterskiwakeboardpark\/"]}]}},"_links":{"self":[{"href":"https:\/\/www.waterskis.lv\/en\/wp-json\/wp\/v2\/product\/25432","targetHints":{"allow":["GET"]}}],"collection":[{"href":"https:\/\/www.waterskis.lv\/en\/wp-json\/wp\/v2\/product"}],"about":[{"href":"https:\/\/www.waterskis.lv\/en\/wp-json\/wp\/v2\/types\/product"}],"replies":[{"embeddable":true,"href":"https:\/\/www.waterskis.lv\/en\/wp-json\/wp\/v2\/comments?post=25432"}],"wp:featuredmedia":[{"embeddable":true,"href":"https:\/\/www.waterskis.lv\/en\/wp-json\/wp\/v2\/media\/22603"}],"wp:attachment":[{"href":"https:\/\/www.waterskis.lv\/en\/wp-json\/wp\/v2\/media?parent=25432"}],"wp:term":[{"taxonomy":"product_brand","embeddable":true,"href":"https:\/\/www.waterskis.lv\/en\/wp-json\/wp\/v2\/product_brand?post=25432"},{"taxonomy":"product_cat","embeddable":true,"href":"https:\/\/www.waterskis.lv\/en\/wp-json\/wp\/v2\/product_cat?post=25432"},{"taxonomy":"product_tag","embeddable":true,"href":"https:\/\/www.waterskis.lv\/en\/wp-json\/wp\/v2\/product_tag?post=25432"}],"curies":[{"name":"wp","href":"https:\/\/api.w.org\/{rel}","templated":true}]}}