{"id":25464,"date":"2020-11-17T14:39:13","date_gmt":"2020-11-17T11:39:13","guid":{"rendered":"https:\/\/www.waterskis.lv\/product\/piepusama-pvc-laiva-amona-pm-f-300ts-camo\/"},"modified":"2020-12-31T10:45:43","modified_gmt":"2020-12-31T07:45:43","slug":"inflatable-pvc-boat-amona-pm-f-300ts-camo","status":"publish","type":"product","link":"https:\/\/www.waterskis.lv\/en\/product\/inflatable-pvc-boat-amona-pm-f-300ts-camo\/","title":{"rendered":"Inflatable PVC boat Pacific Marine AMONA PM F-300TS CAMO"},"content":{"rendered":"<p>Sporty and perfect in design, the Inflatable Boat Amona Pacific Marine is perfect for fishing, outdoor recreation and recreational sports and has all the features it needs.\u00a0The boat is dark gray so it is not greasy and reflects sunlight well.\u00a0Due to its technical features and attractive price, this boat is suitable for both amateur and professional.<\/p>\n<p>Amona Pacific Marine boats are made of extremely durable South Korean\u00a0\u00a0HEYTex\u00ae\u00a01100g\/m\u00b2 0.9mm thick PVC material.\u00a0The outer layer of this material has a high resistance to abrasion, extreme conditions and chemical exposure.\u00a0The middle layer is made of braided synthetic fiber, based on polyester, which gives the boat the best properties of polyester &#8211; dimensional stability, tear and tear resistance.\u00a0The fabric is resistant to UV rays, salt water, gasoline, grease and retains its properties at temperatures from &#8211; 30 to +70 \u00b0C. Life time when used correctly in inflatable boats &#8211; 10-20 years.<\/p>\n<h3 id=\"table-data\" class=\"page-product-heading active\">Data sheet<\/h3>\n<table class=\"block_content2 table-data-sheet\">\n<tbody>\n<tr class=\"odd\">\n<td>Type<\/td>\n<td>PVC boat<\/td>\n<\/tr>\n<tr class=\"even\">\n<td>Length<\/td>\n<td>300 cm<\/td>\n<\/tr>\n<tr class=\"odd\">\n<td>Width<\/td>\n<td>150 cm<\/td>\n<\/tr>\n<tr class=\"even\">\n<td>Height<\/td>\n<td>38<\/td>\n<\/tr>\n<tr class=\"odd\">\n<td>Weight<\/td>\n<td>38 kg<\/td>\n<\/tr>\n<tr class=\"even\">\n<td>Inner length<\/td>\n<td>224 cm<\/td>\n<\/tr>\n<tr class=\"odd\">\n<td>Inner width<\/td>\n<td>75 cm<\/td>\n<\/tr>\n<tr class=\"even\">\n<td>Material<\/td>\n<td>HEYTex\u00ae PVC 1100g\/m2 (0,9 mm)<\/td>\n<\/tr>\n<tr class=\"odd\">\n<td>Number of persons<\/td>\n<td>4<\/td>\n<\/tr>\n<tr class=\"even\">\n<td>Color<\/td>\n<td>Camo<\/td>\n<\/tr>\n<tr class=\"odd\">\n<td>Capacity<\/td>\n<td>400 kg<\/td>\n<\/tr>\n<tr class=\"even\">\n<td>Max pressure<\/td>\n<td>0,25 Bar<\/td>\n<\/tr>\n<tr class=\"odd\">\n<td>Number of balloons<\/td>\n<td>2<\/td>\n<\/tr>\n<tr class=\"even\">\n<td>Max engine power<\/td>\n<td>15 HP<\/td>\n<\/tr>\n<tr class=\"odd\">\n<td>Certificate<\/td>\n<td>CE<\/td>\n<\/tr>\n<tr class=\"even\">\n<td>Category<\/td>\n<td>D<\/td>\n<\/tr>\n<tr class=\"odd\">\n<td>Floor type<\/td>\n<td>Reinforced with plywood stipes<\/td>\n<\/tr>\n<\/tbody>\n<\/table>\n<p><iframe title=\"AMONA PACIFIC MARINE VALTYS\" src=\"https:\/\/www.youtube.com\/embed\/Li8fOtd9aa0?feature=oembed\" width=\"640\" height=\"360\" frameborder=\"0\" allowfullscreen=\"allowfullscreen\" data-mce-fragment=\"1\"><\/iframe><\/p>\n","protected":false},"excerpt":{"rendered":"<p>Sporty and perfect in design, the Inflatable Boat Amona Pacific Marine is perfect for fishing, outdoor recreation and recreational sports and has all the features it needs.\u00a0The boat is dark gray so it is not greasy and reflects sunlight well.\u00a0Due to its technical features and attractive price, this boat is suitable for both amateur and [&#8230;]<\/p>\n<p><a class=\"btn btn-secondary understrap-read-more-link\" href=\"https:\/\/www.waterskis.lv\/en\/product\/inflatable-pvc-boat-amona-pm-f-300ts-camo\/\">Read More&#8230;<\/a><\/p>\n","protected":false},"featured_media":0,"comment_status":"closed","ping_status":"closed","template":"","meta":{"_acf_changed":false,"inline_featured_image":false},"product_brand":[],"product_cat":[571],"product_tag":[],"class_list":{"0":"post-25464","1":"product","2":"type-product","3":"status-publish","5":"product_cat-boats","7":"first","8":"instock","9":"shipping-taxable","10":"purchasable","11":"product-type-simple"},"acf":[],"yoast_head":"<!-- This site is optimized with the Yoast SEO plugin v27.3 - https:\/\/yoast.com\/product\/yoast-seo-wordpress\/ -->\n<title>Inflatable PVC boat Pacific Marine AMONA PM F-300TS CAMO - WATERSKIS.LV<\/title>\n<meta name=\"description\" content=\"Inflatable PVC boat Pacific Marine AMONA PM F-300TS CAMO\" \/>\n<meta name=\"robots\" content=\"index, follow, max-snippet:-1, max-image-preview:large, max-video-preview:-1\" \/>\n<link rel=\"canonical\" href=\"https:\/\/www.waterskis.lv\/en\/product\/inflatable-pvc-boat-amona-pm-f-300ts-camo\/\" \/>\n<meta property=\"og:locale\" content=\"en_US\" \/>\n<meta property=\"og:type\" content=\"article\" \/>\n<meta property=\"og:title\" content=\"Inflatable PVC boat Pacific Marine AMONA PM F-300TS CAMO - WATERSKIS.LV\" \/>\n<meta property=\"og:description\" content=\"Inflatable PVC boat Pacific Marine AMONA PM F-300TS CAMO\" \/>\n<meta property=\"og:url\" content=\"https:\/\/www.waterskis.lv\/en\/product\/inflatable-pvc-boat-amona-pm-f-300ts-camo\/\" \/>\n<meta property=\"og:site_name\" content=\"WATERSKIS.LV\" \/>\n<meta property=\"article:publisher\" content=\"https:\/\/www.facebook.com\/jurmalawaterskiwakeboardpark\/\" \/>\n<meta property=\"article:modified_time\" content=\"2020-12-31T07:45:43+00:00\" \/>\n<meta name=\"twitter:card\" content=\"summary_large_image\" \/>\n<meta name=\"twitter:label1\" content=\"Est. reading time\" \/>\n\t<meta name=\"twitter:data1\" content=\"1 minute\" \/>\n<script type=\"application\/ld+json\" class=\"yoast-schema-graph\">{\"@context\":\"https:\\\/\\\/schema.org\",\"@graph\":[{\"@type\":\"WebPage\",\"@id\":\"https:\\\/\\\/www.waterskis.lv\\\/en\\\/product\\\/inflatable-pvc-boat-amona-pm-f-300ts-camo\\\/\",\"url\":\"https:\\\/\\\/www.waterskis.lv\\\/en\\\/product\\\/inflatable-pvc-boat-amona-pm-f-300ts-camo\\\/\",\"name\":\"Inflatable PVC boat Pacific Marine AMONA PM F-300TS CAMO - WATERSKIS.LV\",\"isPartOf\":{\"@id\":\"https:\\\/\\\/www.waterskis.lv\\\/en\\\/#website\"},\"datePublished\":\"2020-11-17T11:39:13+00:00\",\"dateModified\":\"2020-12-31T07:45:43+00:00\",\"description\":\"Inflatable PVC boat Pacific Marine AMONA PM F-300TS CAMO\",\"breadcrumb\":{\"@id\":\"https:\\\/\\\/www.waterskis.lv\\\/en\\\/product\\\/inflatable-pvc-boat-amona-pm-f-300ts-camo\\\/#breadcrumb\"},\"inLanguage\":\"en-US\",\"potentialAction\":[{\"@type\":\"ReadAction\",\"target\":[\"https:\\\/\\\/www.waterskis.lv\\\/en\\\/product\\\/inflatable-pvc-boat-amona-pm-f-300ts-camo\\\/\"]}]},{\"@type\":\"BreadcrumbList\",\"@id\":\"https:\\\/\\\/www.waterskis.lv\\\/en\\\/product\\\/inflatable-pvc-boat-amona-pm-f-300ts-camo\\\/#breadcrumb\",\"itemListElement\":[{\"@type\":\"ListItem\",\"position\":1,\"name\":\"Home\",\"item\":\"https:\\\/\\\/www.waterskis.lv\\\/en\\\/\"},{\"@type\":\"ListItem\",\"position\":2,\"name\":\"Shop\",\"item\":\"https:\\\/\\\/waterskis.lv\\\/en\\\/shop\\\/\"},{\"@type\":\"ListItem\",\"position\":3,\"name\":\"Inflatable PVC boat Pacific Marine AMONA PM F-300TS CAMO\"}]},{\"@type\":\"WebSite\",\"@id\":\"https:\\\/\\\/www.waterskis.lv\\\/en\\\/#website\",\"url\":\"https:\\\/\\\/www.waterskis.lv\\\/en\\\/\",\"name\":\"WATERSKIS.LV\",\"description\":\"SUP d\u0113\u013ci, kajaki, kanoe, airu laivas, \u016bdenssl\u0113po\u0161ana, veikbords, SUP d\u0113\u013cu noma, kajaku nomaakt\u012bv\u0101s atp\u016btas centrs, laivu noma, sup noma, kajaku noma\",\"publisher\":{\"@id\":\"https:\\\/\\\/www.waterskis.lv\\\/en\\\/#organization\"},\"potentialAction\":[{\"@type\":\"SearchAction\",\"target\":{\"@type\":\"EntryPoint\",\"urlTemplate\":\"https:\\\/\\\/www.waterskis.lv\\\/en\\\/?s={search_term_string}\"},\"query-input\":{\"@type\":\"PropertyValueSpecification\",\"valueRequired\":true,\"valueName\":\"search_term_string\"}}],\"inLanguage\":\"en-US\"},{\"@type\":\"Organization\",\"@id\":\"https:\\\/\\\/www.waterskis.lv\\\/en\\\/#organization\",\"name\":\"WATERSKIS.LV\",\"url\":\"https:\\\/\\\/www.waterskis.lv\\\/en\\\/\",\"logo\":{\"@type\":\"ImageObject\",\"inLanguage\":\"en-US\",\"@id\":\"https:\\\/\\\/www.waterskis.lv\\\/en\\\/#\\\/schema\\\/logo\\\/image\\\/\",\"url\":\"https:\\\/\\\/www.waterskis.lv\\\/wp-content\\\/uploads\\\/2025\\\/01\\\/JUVP-logo.png\",\"contentUrl\":\"https:\\\/\\\/www.waterskis.lv\\\/wp-content\\\/uploads\\\/2025\\\/01\\\/JUVP-logo.png\",\"width\":421,\"height\":202,\"caption\":\"WATERSKIS.LV\"},\"image\":{\"@id\":\"https:\\\/\\\/www.waterskis.lv\\\/en\\\/#\\\/schema\\\/logo\\\/image\\\/\"},\"sameAs\":[\"https:\\\/\\\/www.facebook.com\\\/jurmalawaterskiwakeboardpark\\\/\"]}]}<\/script>\n<!-- \/ Yoast SEO plugin. -->","yoast_head_json":{"title":"Inflatable PVC boat Pacific Marine AMONA PM F-300TS CAMO - WATERSKIS.LV","description":"Inflatable PVC boat Pacific Marine AMONA PM F-300TS CAMO","robots":{"index":"index","follow":"follow","max-snippet":"max-snippet:-1","max-image-preview":"max-image-preview:large","max-video-preview":"max-video-preview:-1"},"canonical":"https:\/\/www.waterskis.lv\/en\/product\/inflatable-pvc-boat-amona-pm-f-300ts-camo\/","og_locale":"en_US","og_type":"article","og_title":"Inflatable PVC boat Pacific Marine AMONA PM F-300TS CAMO - WATERSKIS.LV","og_description":"Inflatable PVC boat Pacific Marine AMONA PM F-300TS CAMO","og_url":"https:\/\/www.waterskis.lv\/en\/product\/inflatable-pvc-boat-amona-pm-f-300ts-camo\/","og_site_name":"WATERSKIS.LV","article_publisher":"https:\/\/www.facebook.com\/jurmalawaterskiwakeboardpark\/","article_modified_time":"2020-12-31T07:45:43+00:00","twitter_card":"summary_large_image","twitter_misc":{"Est. reading time":"1 minute"},"schema":{"@context":"https:\/\/schema.org","@graph":[{"@type":"WebPage","@id":"https:\/\/www.waterskis.lv\/en\/product\/inflatable-pvc-boat-amona-pm-f-300ts-camo\/","url":"https:\/\/www.waterskis.lv\/en\/product\/inflatable-pvc-boat-amona-pm-f-300ts-camo\/","name":"Inflatable PVC boat Pacific Marine AMONA PM F-300TS CAMO - WATERSKIS.LV","isPartOf":{"@id":"https:\/\/www.waterskis.lv\/en\/#website"},"datePublished":"2020-11-17T11:39:13+00:00","dateModified":"2020-12-31T07:45:43+00:00","description":"Inflatable PVC boat Pacific Marine AMONA PM F-300TS CAMO","breadcrumb":{"@id":"https:\/\/www.waterskis.lv\/en\/product\/inflatable-pvc-boat-amona-pm-f-300ts-camo\/#breadcrumb"},"inLanguage":"en-US","potentialAction":[{"@type":"ReadAction","target":["https:\/\/www.waterskis.lv\/en\/product\/inflatable-pvc-boat-amona-pm-f-300ts-camo\/"]}]},{"@type":"BreadcrumbList","@id":"https:\/\/www.waterskis.lv\/en\/product\/inflatable-pvc-boat-amona-pm-f-300ts-camo\/#breadcrumb","itemListElement":[{"@type":"ListItem","position":1,"name":"Home","item":"https:\/\/www.waterskis.lv\/en\/"},{"@type":"ListItem","position":2,"name":"Shop","item":"https:\/\/waterskis.lv\/en\/shop\/"},{"@type":"ListItem","position":3,"name":"Inflatable PVC boat Pacific Marine AMONA PM F-300TS CAMO"}]},{"@type":"WebSite","@id":"https:\/\/www.waterskis.lv\/en\/#website","url":"https:\/\/www.waterskis.lv\/en\/","name":"WATERSKIS.LV","description":"SUP d\u0113\u013ci, kajaki, kanoe, airu laivas, \u016bdenssl\u0113po\u0161ana, veikbords, SUP d\u0113\u013cu noma, kajaku nomaakt\u012bv\u0101s atp\u016btas centrs, laivu noma, sup noma, kajaku noma","publisher":{"@id":"https:\/\/www.waterskis.lv\/en\/#organization"},"potentialAction":[{"@type":"SearchAction","target":{"@type":"EntryPoint","urlTemplate":"https:\/\/www.waterskis.lv\/en\/?s={search_term_string}"},"query-input":{"@type":"PropertyValueSpecification","valueRequired":true,"valueName":"search_term_string"}}],"inLanguage":"en-US"},{"@type":"Organization","@id":"https:\/\/www.waterskis.lv\/en\/#organization","name":"WATERSKIS.LV","url":"https:\/\/www.waterskis.lv\/en\/","logo":{"@type":"ImageObject","inLanguage":"en-US","@id":"https:\/\/www.waterskis.lv\/en\/#\/schema\/logo\/image\/","url":"https:\/\/www.waterskis.lv\/wp-content\/uploads\/2025\/01\/JUVP-logo.png","contentUrl":"https:\/\/www.waterskis.lv\/wp-content\/uploads\/2025\/01\/JUVP-logo.png","width":421,"height":202,"caption":"WATERSKIS.LV"},"image":{"@id":"https:\/\/www.waterskis.lv\/en\/#\/schema\/logo\/image\/"},"sameAs":["https:\/\/www.facebook.com\/jurmalawaterskiwakeboardpark\/"]}]}},"_links":{"self":[{"href":"https:\/\/www.waterskis.lv\/en\/wp-json\/wp\/v2\/product\/25464","targetHints":{"allow":["GET"]}}],"collection":[{"href":"https:\/\/www.waterskis.lv\/en\/wp-json\/wp\/v2\/product"}],"about":[{"href":"https:\/\/www.waterskis.lv\/en\/wp-json\/wp\/v2\/types\/product"}],"replies":[{"embeddable":true,"href":"https:\/\/www.waterskis.lv\/en\/wp-json\/wp\/v2\/comments?post=25464"}],"wp:attachment":[{"href":"https:\/\/www.waterskis.lv\/en\/wp-json\/wp\/v2\/media?parent=25464"}],"wp:term":[{"taxonomy":"product_brand","embeddable":true,"href":"https:\/\/www.waterskis.lv\/en\/wp-json\/wp\/v2\/product_brand?post=25464"},{"taxonomy":"product_cat","embeddable":true,"href":"https:\/\/www.waterskis.lv\/en\/wp-json\/wp\/v2\/product_cat?post=25464"},{"taxonomy":"product_tag","embeddable":true,"href":"https:\/\/www.waterskis.lv\/en\/wp-json\/wp\/v2\/product_tag?post=25464"}],"curies":[{"name":"wp","href":"https:\/\/api.w.org\/{rel}","templated":true}]}}