{"id":26078,"date":"2021-01-12T10:32:05","date_gmt":"2021-01-12T07:32:05","guid":{"rendered":"https:\/\/www.waterskis.lv\/product\/vienvietigs-kajaks-tiwok-evo-luxe\/"},"modified":"2021-01-12T10:36:03","modified_gmt":"2021-01-12T07:36:03","slug":"vienvietigs-kajaks-tiwok-evo-luxe","status":"publish","type":"product","link":"https:\/\/www.waterskis.lv\/en\/product\/vienvietigs-kajaks-tiwok-evo-luxe\/","title":{"rendered":"Sea kayak DAG TIWOK EVO LUXE"},"content":{"rendered":"<p><strong>Racy, stable, elegant, the TIWOK EVO read for even more comfort with a larger cockpit and the new Hi-Class seat.<\/strong><\/p>\n<p>The Luxe version has no rudder.\u00a0Suitable for all sizes, it allows you to discover hiking in the sea, in lakes and rivers.\u00a0The Tiwok Evo is constructed from a tri-layer sandwich polyethylene, consisting of two layers of linear high density PE and a core of low density PE foam with honeycomb.<\/p>\n<p>Compliant with Division 245, the TIWOK can evolve beyond 300 m and up to 2 miles from a shelter (without being registered but with the basic endowment of safety equipment), or up to 6 miles (registered kayak and with coastal security equipment).<\/p>\n<p>Front compartment volume: 63 liters &#8211; accessible through 1 hatch.<br \/>\nRear compartment volume: 120 liters &#8211; accessible through 1 hatch.<\/p>\n<p><strong>It is recommended to use a DRY BAG in the kayak storage compartments.<\/strong><\/p>\n<p><strong>Length\u00a0\u00a0:<\/strong>\u00a0440 cm<strong>\u00a0Width:<\/strong>\u00a060 cm<strong>\u00a0Depth:<\/strong>\u00a034 cm<strong>\u00a0Weight<\/strong><strong>\u00a0:<\/strong>\u00a023 kg<strong>\u00a0Capacity<\/strong><strong>\u00a0:\u00a0<\/strong>\u00a0\u00a01 person<strong>\u00a0Maximum load<\/strong><strong>\u00a0:\u00a0<\/strong>\u00a0130 kg<strong>\u00a0Hiloire<\/strong><strong>\u00a0:<\/strong>\u00a090 x 45<\/p>\n<p>EQUIPMENT INCLUDED<\/p>\n<p>\u2022 Mixed adjustable footrests<br \/>\n\u2022 1 lifeline<br \/>\n\u2022 2 storage compartments with hatch<br \/>\n\u2022 1 front deck net<br \/>\n\u2022 1 Hi-class seat with adjustable backrest<br \/>\n\u2022 1 anti-wear keel\u00a0\u2022 2 storage compartments<br \/>\non aft deck with straps<\/p>\n<table class=\"woocommerce-product-attributes shop_attributes\">\n<tbody>\n<tr class=\"woocommerce-product-attributes-item woocommerce-product-attributes-item--attribute_pa_niveau\">\n<th class=\"woocommerce-product-attributes-item__label\">Level<\/th>\n<td class=\"woocommerce-product-attributes-item__value\"><a href=\"https:\/\/www.dag-kayak.com\/niveau\/debutant\/\" rel=\"tag\">Beginner<\/a>\u00a0,\u00a0<a href=\"https:\/\/www.dag-kayak.com\/niveau\/initie\/\" rel=\"tag\">initiated<\/a><\/td>\n<\/tr>\n<tr class=\"woocommerce-product-attributes-item woocommerce-product-attributes-item--attribute_pa_pagayeur\">\n<th class=\"woocommerce-product-attributes-item__label\">Paddler<\/th>\n<td class=\"woocommerce-product-attributes-item__value\"><a href=\"https:\/\/www.dag-kayak.com\/pagayeur\/adolescent\/\" rel=\"tag\">Teenager<\/a>\u00a0,\u00a0<a href=\"https:\/\/www.dag-kayak.com\/pagayeur\/adulte\/\" rel=\"tag\">Adult<\/a><\/td>\n<\/tr>\n<tr class=\"woocommerce-product-attributes-item woocommerce-product-attributes-item--attribute_pa_site\">\n<th class=\"woocommerce-product-attributes-item__label\">Site<\/th>\n<td class=\"woocommerce-product-attributes-item__value\"><a href=\"https:\/\/www.dag-kayak.com\/site\/eau-calme\/\" rel=\"tag\">Calm water<\/a>\u00a0,\u00a0<a href=\"https:\/\/www.dag-kayak.com\/site\/lac\/\" rel=\"tag\">Lake<\/a>\u00a0,\u00a0<a href=\"https:\/\/www.dag-kayak.com\/site\/mer\/\" rel=\"tag\">Sea<\/a><\/td>\n<\/tr>\n<tr class=\"woocommerce-product-attributes-item woocommerce-product-attributes-item--attribute_pa_type-de-pratique\">\n<th class=\"woocommerce-product-attributes-item__label\">Type of practice<\/th>\n<td class=\"woocommerce-product-attributes-item__value\"><a href=\"https:\/\/www.dag-kayak.com\/type-de-pratique\/randonnee-1-a-3-jours\/\" rel=\"tag\">1 to 3 days hiking<\/a>\u00a0,\u00a0<a href=\"https:\/\/www.dag-kayak.com\/type-de-pratique\/randonnee-1-journee\/\" rel=\"tag\">trekking 1 day<\/a>\u00a0,\u00a0<a href=\"https:\/\/www.dag-kayak.com\/type-de-pratique\/sortie-d1-a-3-heures\/\" rel=\"tag\">output of 1 to 3 hours<\/a><\/td>\n<\/tr>\n<\/tbody>\n<\/table>\n","protected":false},"excerpt":{"rendered":"<p>Racy, stable, elegant, the TIWOK EVO read for even more comfort with a larger cockpit and the new Hi-Class seat. The Luxe version has no rudder.\u00a0Suitable for all sizes, it allows you to discover hiking in the sea, in lakes and rivers.\u00a0The Tiwok Evo is constructed from a tri-layer sandwich polyethylene, consisting of two layers [&#8230;]<\/p>\n<p><a class=\"btn btn-secondary understrap-read-more-link\" href=\"https:\/\/www.waterskis.lv\/en\/product\/vienvietigs-kajaks-tiwok-evo-luxe\/\">Read More&#8230;<\/a><\/p>\n","protected":false},"featured_media":26075,"comment_status":"closed","ping_status":"closed","template":"","meta":{"_acf_changed":false,"inline_featured_image":false},"product_brand":[],"product_cat":[507,534,524],"product_tag":[],"class_list":{"0":"post-26078","1":"product","2":"type-product","3":"status-publish","4":"has-post-thumbnail","6":"product_cat-kayaks","7":"product_cat-sit-in-kayaks","8":"product_cat-solo-kayaks","10":"first","11":"instock","12":"shipping-taxable","13":"product-type-simple"},"acf":[],"yoast_head":"<!-- This site is optimized with the Yoast SEO plugin v27.4 - https:\/\/yoast.com\/product\/yoast-seo-wordpress\/ -->\n<title>Sea kayak DAG TIWOK EVO LUXE - WATERSKIS.LV<\/title>\n<meta name=\"description\" content=\"Sea kayak DAG TIWOK EVO LUXE\" \/>\n<meta name=\"robots\" content=\"index, follow, max-snippet:-1, max-image-preview:large, max-video-preview:-1\" \/>\n<link rel=\"canonical\" href=\"https:\/\/www.waterskis.lv\/en\/product\/vienvietigs-kajaks-tiwok-evo-luxe\/\" \/>\n<meta property=\"og:locale\" content=\"en_US\" \/>\n<meta property=\"og:type\" content=\"article\" \/>\n<meta property=\"og:title\" content=\"Sea kayak DAG TIWOK EVO LUXE - WATERSKIS.LV\" \/>\n<meta property=\"og:description\" content=\"Sea kayak DAG TIWOK EVO LUXE\" \/>\n<meta property=\"og:url\" content=\"https:\/\/www.waterskis.lv\/en\/product\/vienvietigs-kajaks-tiwok-evo-luxe\/\" \/>\n<meta property=\"og:site_name\" content=\"WATERSKIS.LV\" \/>\n<meta property=\"article:publisher\" content=\"https:\/\/www.facebook.com\/jurmalawaterskiwakeboardpark\/\" \/>\n<meta property=\"article:modified_time\" content=\"2021-01-12T07:36:03+00:00\" \/>\n<meta property=\"og:image\" content=\"https:\/\/www.waterskis.lv\/wp-content\/uploads\/2021\/01\/Tiwok-evo-hi-luxe-soleil-full.jpg\" \/>\n\t<meta property=\"og:image:width\" content=\"946\" \/>\n\t<meta property=\"og:image:height\" content=\"532\" \/>\n\t<meta property=\"og:image:type\" content=\"image\/jpeg\" \/>\n<meta name=\"twitter:card\" content=\"summary_large_image\" \/>\n<meta name=\"twitter:label1\" content=\"Est. reading time\" \/>\n\t<meta name=\"twitter:data1\" content=\"1 minute\" \/>\n<script type=\"application\/ld+json\" class=\"yoast-schema-graph\">{\"@context\":\"https:\\\/\\\/schema.org\",\"@graph\":[{\"@type\":\"WebPage\",\"@id\":\"https:\\\/\\\/www.waterskis.lv\\\/en\\\/product\\\/vienvietigs-kajaks-tiwok-evo-luxe\\\/\",\"url\":\"https:\\\/\\\/www.waterskis.lv\\\/en\\\/product\\\/vienvietigs-kajaks-tiwok-evo-luxe\\\/\",\"name\":\"Sea kayak DAG TIWOK EVO LUXE - WATERSKIS.LV\",\"isPartOf\":{\"@id\":\"https:\\\/\\\/www.waterskis.lv\\\/en\\\/#website\"},\"primaryImageOfPage\":{\"@id\":\"https:\\\/\\\/www.waterskis.lv\\\/en\\\/product\\\/vienvietigs-kajaks-tiwok-evo-luxe\\\/#primaryimage\"},\"image\":{\"@id\":\"https:\\\/\\\/www.waterskis.lv\\\/en\\\/product\\\/vienvietigs-kajaks-tiwok-evo-luxe\\\/#primaryimage\"},\"thumbnailUrl\":\"https:\\\/\\\/www.waterskis.lv\\\/wp-content\\\/uploads\\\/2021\\\/01\\\/Tiwok-evo-hi-luxe-soleil-full.jpg\",\"datePublished\":\"2021-01-12T07:32:05+00:00\",\"dateModified\":\"2021-01-12T07:36:03+00:00\",\"description\":\"Sea kayak DAG TIWOK EVO LUXE\",\"breadcrumb\":{\"@id\":\"https:\\\/\\\/www.waterskis.lv\\\/en\\\/product\\\/vienvietigs-kajaks-tiwok-evo-luxe\\\/#breadcrumb\"},\"inLanguage\":\"en-US\",\"potentialAction\":[{\"@type\":\"ReadAction\",\"target\":[\"https:\\\/\\\/www.waterskis.lv\\\/en\\\/product\\\/vienvietigs-kajaks-tiwok-evo-luxe\\\/\"]}]},{\"@type\":\"ImageObject\",\"inLanguage\":\"en-US\",\"@id\":\"https:\\\/\\\/www.waterskis.lv\\\/en\\\/product\\\/vienvietigs-kajaks-tiwok-evo-luxe\\\/#primaryimage\",\"url\":\"https:\\\/\\\/www.waterskis.lv\\\/wp-content\\\/uploads\\\/2021\\\/01\\\/Tiwok-evo-hi-luxe-soleil-full.jpg\",\"contentUrl\":\"https:\\\/\\\/www.waterskis.lv\\\/wp-content\\\/uploads\\\/2021\\\/01\\\/Tiwok-evo-hi-luxe-soleil-full.jpg\",\"width\":946,\"height\":532,\"caption\":\"Sea kayak DAG TIWOK EVO LUXE\"},{\"@type\":\"BreadcrumbList\",\"@id\":\"https:\\\/\\\/www.waterskis.lv\\\/en\\\/product\\\/vienvietigs-kajaks-tiwok-evo-luxe\\\/#breadcrumb\",\"itemListElement\":[{\"@type\":\"ListItem\",\"position\":1,\"name\":\"Home\",\"item\":\"https:\\\/\\\/www.waterskis.lv\\\/en\\\/\"},{\"@type\":\"ListItem\",\"position\":2,\"name\":\"Shop\",\"item\":\"https:\\\/\\\/waterskis.lv\\\/en\\\/shop\\\/\"},{\"@type\":\"ListItem\",\"position\":3,\"name\":\"Private: Sea kayak DAG TIWOK EVO LUXE\"}]},{\"@type\":\"WebSite\",\"@id\":\"https:\\\/\\\/www.waterskis.lv\\\/en\\\/#website\",\"url\":\"https:\\\/\\\/www.waterskis.lv\\\/en\\\/\",\"name\":\"WATERSKIS.LV\",\"description\":\"SUP d\u0113\u013ci, kajaki, kanoe, airu laivas, \u016bdenssl\u0113po\u0161ana, veikbords, SUP d\u0113\u013cu noma, kajaku nomaakt\u012bv\u0101s atp\u016btas centrs, laivu noma, sup noma, kajaku noma\",\"publisher\":{\"@id\":\"https:\\\/\\\/www.waterskis.lv\\\/en\\\/#organization\"},\"potentialAction\":[{\"@type\":\"SearchAction\",\"target\":{\"@type\":\"EntryPoint\",\"urlTemplate\":\"https:\\\/\\\/www.waterskis.lv\\\/en\\\/?s={search_term_string}\"},\"query-input\":{\"@type\":\"PropertyValueSpecification\",\"valueRequired\":true,\"valueName\":\"search_term_string\"}}],\"inLanguage\":\"en-US\"},{\"@type\":\"Organization\",\"@id\":\"https:\\\/\\\/www.waterskis.lv\\\/en\\\/#organization\",\"name\":\"WATERSKIS.LV\",\"url\":\"https:\\\/\\\/www.waterskis.lv\\\/en\\\/\",\"logo\":{\"@type\":\"ImageObject\",\"inLanguage\":\"en-US\",\"@id\":\"https:\\\/\\\/www.waterskis.lv\\\/en\\\/#\\\/schema\\\/logo\\\/image\\\/\",\"url\":\"https:\\\/\\\/www.waterskis.lv\\\/wp-content\\\/uploads\\\/2025\\\/01\\\/JUVP-logo.png\",\"contentUrl\":\"https:\\\/\\\/www.waterskis.lv\\\/wp-content\\\/uploads\\\/2025\\\/01\\\/JUVP-logo.png\",\"width\":421,\"height\":202,\"caption\":\"WATERSKIS.LV\"},\"image\":{\"@id\":\"https:\\\/\\\/www.waterskis.lv\\\/en\\\/#\\\/schema\\\/logo\\\/image\\\/\"},\"sameAs\":[\"https:\\\/\\\/www.facebook.com\\\/jurmalawaterskiwakeboardpark\\\/\"]}]}<\/script>\n<!-- \/ Yoast SEO plugin. -->","yoast_head_json":{"title":"Sea kayak DAG TIWOK EVO LUXE - WATERSKIS.LV","description":"Sea kayak DAG TIWOK EVO LUXE","robots":{"index":"index","follow":"follow","max-snippet":"max-snippet:-1","max-image-preview":"max-image-preview:large","max-video-preview":"max-video-preview:-1"},"canonical":"https:\/\/www.waterskis.lv\/en\/product\/vienvietigs-kajaks-tiwok-evo-luxe\/","og_locale":"en_US","og_type":"article","og_title":"Sea kayak DAG TIWOK EVO LUXE - WATERSKIS.LV","og_description":"Sea kayak DAG TIWOK EVO LUXE","og_url":"https:\/\/www.waterskis.lv\/en\/product\/vienvietigs-kajaks-tiwok-evo-luxe\/","og_site_name":"WATERSKIS.LV","article_publisher":"https:\/\/www.facebook.com\/jurmalawaterskiwakeboardpark\/","article_modified_time":"2021-01-12T07:36:03+00:00","og_image":[{"width":946,"height":532,"url":"https:\/\/www.waterskis.lv\/wp-content\/uploads\/2021\/01\/Tiwok-evo-hi-luxe-soleil-full.jpg","type":"image\/jpeg"}],"twitter_card":"summary_large_image","twitter_misc":{"Est. reading time":"1 minute"},"schema":{"@context":"https:\/\/schema.org","@graph":[{"@type":"WebPage","@id":"https:\/\/www.waterskis.lv\/en\/product\/vienvietigs-kajaks-tiwok-evo-luxe\/","url":"https:\/\/www.waterskis.lv\/en\/product\/vienvietigs-kajaks-tiwok-evo-luxe\/","name":"Sea kayak DAG TIWOK EVO LUXE - WATERSKIS.LV","isPartOf":{"@id":"https:\/\/www.waterskis.lv\/en\/#website"},"primaryImageOfPage":{"@id":"https:\/\/www.waterskis.lv\/en\/product\/vienvietigs-kajaks-tiwok-evo-luxe\/#primaryimage"},"image":{"@id":"https:\/\/www.waterskis.lv\/en\/product\/vienvietigs-kajaks-tiwok-evo-luxe\/#primaryimage"},"thumbnailUrl":"https:\/\/www.waterskis.lv\/wp-content\/uploads\/2021\/01\/Tiwok-evo-hi-luxe-soleil-full.jpg","datePublished":"2021-01-12T07:32:05+00:00","dateModified":"2021-01-12T07:36:03+00:00","description":"Sea kayak DAG TIWOK EVO LUXE","breadcrumb":{"@id":"https:\/\/www.waterskis.lv\/en\/product\/vienvietigs-kajaks-tiwok-evo-luxe\/#breadcrumb"},"inLanguage":"en-US","potentialAction":[{"@type":"ReadAction","target":["https:\/\/www.waterskis.lv\/en\/product\/vienvietigs-kajaks-tiwok-evo-luxe\/"]}]},{"@type":"ImageObject","inLanguage":"en-US","@id":"https:\/\/www.waterskis.lv\/en\/product\/vienvietigs-kajaks-tiwok-evo-luxe\/#primaryimage","url":"https:\/\/www.waterskis.lv\/wp-content\/uploads\/2021\/01\/Tiwok-evo-hi-luxe-soleil-full.jpg","contentUrl":"https:\/\/www.waterskis.lv\/wp-content\/uploads\/2021\/01\/Tiwok-evo-hi-luxe-soleil-full.jpg","width":946,"height":532,"caption":"Sea kayak DAG TIWOK EVO LUXE"},{"@type":"BreadcrumbList","@id":"https:\/\/www.waterskis.lv\/en\/product\/vienvietigs-kajaks-tiwok-evo-luxe\/#breadcrumb","itemListElement":[{"@type":"ListItem","position":1,"name":"Home","item":"https:\/\/www.waterskis.lv\/en\/"},{"@type":"ListItem","position":2,"name":"Shop","item":"https:\/\/waterskis.lv\/en\/shop\/"},{"@type":"ListItem","position":3,"name":"Private: Sea kayak DAG TIWOK EVO LUXE"}]},{"@type":"WebSite","@id":"https:\/\/www.waterskis.lv\/en\/#website","url":"https:\/\/www.waterskis.lv\/en\/","name":"WATERSKIS.LV","description":"SUP d\u0113\u013ci, kajaki, kanoe, airu laivas, \u016bdenssl\u0113po\u0161ana, veikbords, SUP d\u0113\u013cu noma, kajaku nomaakt\u012bv\u0101s atp\u016btas centrs, laivu noma, sup noma, kajaku noma","publisher":{"@id":"https:\/\/www.waterskis.lv\/en\/#organization"},"potentialAction":[{"@type":"SearchAction","target":{"@type":"EntryPoint","urlTemplate":"https:\/\/www.waterskis.lv\/en\/?s={search_term_string}"},"query-input":{"@type":"PropertyValueSpecification","valueRequired":true,"valueName":"search_term_string"}}],"inLanguage":"en-US"},{"@type":"Organization","@id":"https:\/\/www.waterskis.lv\/en\/#organization","name":"WATERSKIS.LV","url":"https:\/\/www.waterskis.lv\/en\/","logo":{"@type":"ImageObject","inLanguage":"en-US","@id":"https:\/\/www.waterskis.lv\/en\/#\/schema\/logo\/image\/","url":"https:\/\/www.waterskis.lv\/wp-content\/uploads\/2025\/01\/JUVP-logo.png","contentUrl":"https:\/\/www.waterskis.lv\/wp-content\/uploads\/2025\/01\/JUVP-logo.png","width":421,"height":202,"caption":"WATERSKIS.LV"},"image":{"@id":"https:\/\/www.waterskis.lv\/en\/#\/schema\/logo\/image\/"},"sameAs":["https:\/\/www.facebook.com\/jurmalawaterskiwakeboardpark\/"]}]}},"_links":{"self":[{"href":"https:\/\/www.waterskis.lv\/en\/wp-json\/wp\/v2\/product\/26078","targetHints":{"allow":["GET"]}}],"collection":[{"href":"https:\/\/www.waterskis.lv\/en\/wp-json\/wp\/v2\/product"}],"about":[{"href":"https:\/\/www.waterskis.lv\/en\/wp-json\/wp\/v2\/types\/product"}],"replies":[{"embeddable":true,"href":"https:\/\/www.waterskis.lv\/en\/wp-json\/wp\/v2\/comments?post=26078"}],"wp:featuredmedia":[{"embeddable":true,"href":"https:\/\/www.waterskis.lv\/en\/wp-json\/wp\/v2\/media\/26075"}],"wp:attachment":[{"href":"https:\/\/www.waterskis.lv\/en\/wp-json\/wp\/v2\/media?parent=26078"}],"wp:term":[{"taxonomy":"product_brand","embeddable":true,"href":"https:\/\/www.waterskis.lv\/en\/wp-json\/wp\/v2\/product_brand?post=26078"},{"taxonomy":"product_cat","embeddable":true,"href":"https:\/\/www.waterskis.lv\/en\/wp-json\/wp\/v2\/product_cat?post=26078"},{"taxonomy":"product_tag","embeddable":true,"href":"https:\/\/www.waterskis.lv\/en\/wp-json\/wp\/v2\/product_tag?post=26078"}],"curies":[{"name":"wp","href":"https:\/\/api.w.org\/{rel}","templated":true}]}}