{"id":26478,"date":"2020-11-15T12:15:29","date_gmt":"2020-11-15T09:15:29","guid":{"rendered":"https:\/\/www.waterskis.lv\/products\/udenssleposanas-un-pedu-brauksanas-stienis\/"},"modified":"2022-02-21T19:10:07","modified_gmt":"2022-02-21T16:10:07","slug":"used-waterskiing-and-barefoot-towing-bar-pole","status":"publish","type":"product","link":"https:\/\/www.waterskis.lv\/en\/product\/used-waterskiing-and-barefoot-towing-bar-pole\/","title":{"rendered":"Used waterskiing and barefoot towing bar\/ pole"},"content":{"rendered":"<p>Used waterskiing and barefoot towing bar\/ pole<\/p>\n<p><span class=\"JLqJ4b ChMk0b\" data-language-for-alternatives=\"en\" data-language-to-translate-into=\"lv\" data-phrase-index=\"0\">Can be fixed horizontally on the side of the boat with ties to the front of the boat.<\/span> <span class=\"JLqJ4b ChMk0b\" data-language-for-alternatives=\"en\" data-language-to-translate-into=\"lv\" data-phrase-index=\"2\">It will make it easier for beginners to start skiing.<\/span> <span class=\"JLqJ4b ChMk0b\" data-language-for-alternatives=\"en\" data-language-to-translate-into=\"lv\" data-phrase-index=\"4\">suitable for riders.<\/span> <span class=\"JLqJ4b ChMk0b\" data-language-for-alternatives=\"en\" data-language-to-translate-into=\"lv\" data-phrase-index=\"6\">Material: stainless steel<\/span><\/p>\n","protected":false},"excerpt":{"rendered":"<p>Used waterskiing and barefoot towing bar\/ pole Can be fixed horizontally on the side of the boat with ties to the front of the boat. It will make it easier for beginners to start skiing. suitable for riders. Material: stainless steel [&#8230;]<\/p>\n<p><a class=\"btn btn-secondary understrap-read-more-link\" href=\"https:\/\/www.waterskis.lv\/en\/product\/used-waterskiing-and-barefoot-towing-bar-pole\/\">Read More&#8230;<\/a><\/p>\n","protected":false},"featured_media":23048,"comment_status":"closed","ping_status":"closed","template":"","meta":{"_acf_changed":false,"inline_featured_image":false},"product_brand":[],"product_cat":[566,367,565,382,561],"product_tag":[],"class_list":{"0":"post-26478","1":"product","2":"type-product","3":"status-publish","4":"has-post-thumbnail","6":"product_cat-accessories-wakeboard","7":"product_cat-used-water-sports-items","8":"product_cat-wakeboards","9":"product_cat-waterskiing-equipment","10":"product_cat-waterskis","12":"first","13":"instock","14":"shipping-taxable","15":"purchasable","16":"product-type-simple"},"acf":[],"yoast_head":"<!-- This site is optimized with the Yoast SEO plugin v27.5 - https:\/\/yoast.com\/product\/yoast-seo-wordpress\/ -->\n<title>Used waterskiing and barefoot towing bar\/ pole - WATERSKIS.LV<\/title>\n<meta name=\"description\" content=\"Used waterskiing and barefoot towing bar\/ pole. Fixedd horizontally to the side of the boat with ties to the front . Stainless steel\" \/>\n<meta name=\"robots\" content=\"index, follow, max-snippet:-1, max-image-preview:large, max-video-preview:-1\" \/>\n<link rel=\"canonical\" href=\"https:\/\/www.waterskis.lv\/en\/product\/used-waterskiing-and-barefoot-towing-bar-pole\/\" \/>\n<meta property=\"og:locale\" content=\"en_US\" \/>\n<meta property=\"og:type\" content=\"article\" \/>\n<meta property=\"og:title\" content=\"Used waterskiing and barefoot towing bar\/ pole - WATERSKIS.LV\" \/>\n<meta property=\"og:description\" content=\"Used waterskiing and barefoot towing bar\/ pole. Fixedd horizontally to the side of the boat with ties to the front . Stainless steel\" \/>\n<meta property=\"og:url\" content=\"https:\/\/www.waterskis.lv\/en\/product\/used-waterskiing-and-barefoot-towing-bar-pole\/\" \/>\n<meta property=\"og:site_name\" content=\"WATERSKIS.LV\" \/>\n<meta property=\"article:publisher\" content=\"https:\/\/www.facebook.com\/jurmalawaterskiwakeboardpark\/\" \/>\n<meta property=\"article:modified_time\" content=\"2022-02-21T16:10:07+00:00\" \/>\n<meta property=\"og:image\" content=\"https:\/\/www.waterskis.lv\/wp-content\/uploads\/2020\/11\/Stienis1.jpg\" \/>\n\t<meta property=\"og:image:width\" content=\"497\" \/>\n\t<meta property=\"og:image:height\" content=\"280\" \/>\n\t<meta property=\"og:image:type\" content=\"image\/jpeg\" \/>\n<meta name=\"twitter:card\" content=\"summary_large_image\" \/>\n<script type=\"application\/ld+json\" class=\"yoast-schema-graph\">{\"@context\":\"https:\\\/\\\/schema.org\",\"@graph\":[{\"@type\":\"WebPage\",\"@id\":\"https:\\\/\\\/www.waterskis.lv\\\/en\\\/product\\\/used-waterskiing-and-barefoot-towing-bar-pole\\\/\",\"url\":\"https:\\\/\\\/www.waterskis.lv\\\/en\\\/product\\\/used-waterskiing-and-barefoot-towing-bar-pole\\\/\",\"name\":\"Used waterskiing and barefoot towing bar\\\/ pole - WATERSKIS.LV\",\"isPartOf\":{\"@id\":\"https:\\\/\\\/www.waterskis.lv\\\/en\\\/#website\"},\"primaryImageOfPage\":{\"@id\":\"https:\\\/\\\/www.waterskis.lv\\\/en\\\/product\\\/used-waterskiing-and-barefoot-towing-bar-pole\\\/#primaryimage\"},\"image\":{\"@id\":\"https:\\\/\\\/www.waterskis.lv\\\/en\\\/product\\\/used-waterskiing-and-barefoot-towing-bar-pole\\\/#primaryimage\"},\"thumbnailUrl\":\"https:\\\/\\\/www.waterskis.lv\\\/wp-content\\\/uploads\\\/2020\\\/11\\\/Stienis1.jpg\",\"datePublished\":\"2020-11-15T09:15:29+00:00\",\"dateModified\":\"2022-02-21T16:10:07+00:00\",\"description\":\"Used waterskiing and barefoot towing bar\\\/ pole. Fixedd horizontally to the side of the boat with ties to the front . Stainless steel\",\"breadcrumb\":{\"@id\":\"https:\\\/\\\/www.waterskis.lv\\\/en\\\/product\\\/used-waterskiing-and-barefoot-towing-bar-pole\\\/#breadcrumb\"},\"inLanguage\":\"en-US\",\"potentialAction\":[{\"@type\":\"ReadAction\",\"target\":[\"https:\\\/\\\/www.waterskis.lv\\\/en\\\/product\\\/used-waterskiing-and-barefoot-towing-bar-pole\\\/\"]}]},{\"@type\":\"ImageObject\",\"inLanguage\":\"en-US\",\"@id\":\"https:\\\/\\\/www.waterskis.lv\\\/en\\\/product\\\/used-waterskiing-and-barefoot-towing-bar-pole\\\/#primaryimage\",\"url\":\"https:\\\/\\\/www.waterskis.lv\\\/wp-content\\\/uploads\\\/2020\\\/11\\\/Stienis1.jpg\",\"contentUrl\":\"https:\\\/\\\/www.waterskis.lv\\\/wp-content\\\/uploads\\\/2020\\\/11\\\/Stienis1.jpg\",\"width\":497,\"height\":280,\"caption\":\"Waterskiing and barefoot towing bar\\\/ pole USED\"},{\"@type\":\"BreadcrumbList\",\"@id\":\"https:\\\/\\\/www.waterskis.lv\\\/en\\\/product\\\/used-waterskiing-and-barefoot-towing-bar-pole\\\/#breadcrumb\",\"itemListElement\":[{\"@type\":\"ListItem\",\"position\":1,\"name\":\"Home\",\"item\":\"https:\\\/\\\/www.waterskis.lv\\\/en\\\/\"},{\"@type\":\"ListItem\",\"position\":2,\"name\":\"Shop\",\"item\":\"https:\\\/\\\/waterskis.lv\\\/en\\\/shop\\\/\"},{\"@type\":\"ListItem\",\"position\":3,\"name\":\"Used waterskiing and barefoot towing bar\\\/ pole\"}]},{\"@type\":\"WebSite\",\"@id\":\"https:\\\/\\\/www.waterskis.lv\\\/en\\\/#website\",\"url\":\"https:\\\/\\\/www.waterskis.lv\\\/en\\\/\",\"name\":\"WATERSKIS.LV\",\"description\":\"SUP d\u0113\u013ci, kajaki, kanoe, airu laivas, \u016bdenssl\u0113po\u0161ana, veikbords, SUP d\u0113\u013cu noma, kajaku nomaakt\u012bv\u0101s atp\u016btas centrs, laivu noma, sup noma, kajaku noma\",\"publisher\":{\"@id\":\"https:\\\/\\\/www.waterskis.lv\\\/en\\\/#organization\"},\"potentialAction\":[{\"@type\":\"SearchAction\",\"target\":{\"@type\":\"EntryPoint\",\"urlTemplate\":\"https:\\\/\\\/www.waterskis.lv\\\/en\\\/?s={search_term_string}\"},\"query-input\":{\"@type\":\"PropertyValueSpecification\",\"valueRequired\":true,\"valueName\":\"search_term_string\"}}],\"inLanguage\":\"en-US\"},{\"@type\":\"Organization\",\"@id\":\"https:\\\/\\\/www.waterskis.lv\\\/en\\\/#organization\",\"name\":\"WATERSKIS.LV\",\"url\":\"https:\\\/\\\/www.waterskis.lv\\\/en\\\/\",\"logo\":{\"@type\":\"ImageObject\",\"inLanguage\":\"en-US\",\"@id\":\"https:\\\/\\\/www.waterskis.lv\\\/en\\\/#\\\/schema\\\/logo\\\/image\\\/\",\"url\":\"https:\\\/\\\/www.waterskis.lv\\\/wp-content\\\/uploads\\\/2025\\\/01\\\/JUVP-logo.png\",\"contentUrl\":\"https:\\\/\\\/www.waterskis.lv\\\/wp-content\\\/uploads\\\/2025\\\/01\\\/JUVP-logo.png\",\"width\":421,\"height\":202,\"caption\":\"WATERSKIS.LV\"},\"image\":{\"@id\":\"https:\\\/\\\/www.waterskis.lv\\\/en\\\/#\\\/schema\\\/logo\\\/image\\\/\"},\"sameAs\":[\"https:\\\/\\\/www.facebook.com\\\/jurmalawaterskiwakeboardpark\\\/\"]}]}<\/script>\n<!-- \/ Yoast SEO plugin. -->","yoast_head_json":{"title":"Used waterskiing and barefoot towing bar\/ pole - WATERSKIS.LV","description":"Used waterskiing and barefoot towing bar\/ pole. Fixedd horizontally to the side of the boat with ties to the front . Stainless steel","robots":{"index":"index","follow":"follow","max-snippet":"max-snippet:-1","max-image-preview":"max-image-preview:large","max-video-preview":"max-video-preview:-1"},"canonical":"https:\/\/www.waterskis.lv\/en\/product\/used-waterskiing-and-barefoot-towing-bar-pole\/","og_locale":"en_US","og_type":"article","og_title":"Used waterskiing and barefoot towing bar\/ pole - WATERSKIS.LV","og_description":"Used waterskiing and barefoot towing bar\/ pole. Fixedd horizontally to the side of the boat with ties to the front . Stainless steel","og_url":"https:\/\/www.waterskis.lv\/en\/product\/used-waterskiing-and-barefoot-towing-bar-pole\/","og_site_name":"WATERSKIS.LV","article_publisher":"https:\/\/www.facebook.com\/jurmalawaterskiwakeboardpark\/","article_modified_time":"2022-02-21T16:10:07+00:00","og_image":[{"width":497,"height":280,"url":"https:\/\/www.waterskis.lv\/wp-content\/uploads\/2020\/11\/Stienis1.jpg","type":"image\/jpeg"}],"twitter_card":"summary_large_image","schema":{"@context":"https:\/\/schema.org","@graph":[{"@type":"WebPage","@id":"https:\/\/www.waterskis.lv\/en\/product\/used-waterskiing-and-barefoot-towing-bar-pole\/","url":"https:\/\/www.waterskis.lv\/en\/product\/used-waterskiing-and-barefoot-towing-bar-pole\/","name":"Used waterskiing and barefoot towing bar\/ pole - WATERSKIS.LV","isPartOf":{"@id":"https:\/\/www.waterskis.lv\/en\/#website"},"primaryImageOfPage":{"@id":"https:\/\/www.waterskis.lv\/en\/product\/used-waterskiing-and-barefoot-towing-bar-pole\/#primaryimage"},"image":{"@id":"https:\/\/www.waterskis.lv\/en\/product\/used-waterskiing-and-barefoot-towing-bar-pole\/#primaryimage"},"thumbnailUrl":"https:\/\/www.waterskis.lv\/wp-content\/uploads\/2020\/11\/Stienis1.jpg","datePublished":"2020-11-15T09:15:29+00:00","dateModified":"2022-02-21T16:10:07+00:00","description":"Used waterskiing and barefoot towing bar\/ pole. Fixedd horizontally to the side of the boat with ties to the front . Stainless steel","breadcrumb":{"@id":"https:\/\/www.waterskis.lv\/en\/product\/used-waterskiing-and-barefoot-towing-bar-pole\/#breadcrumb"},"inLanguage":"en-US","potentialAction":[{"@type":"ReadAction","target":["https:\/\/www.waterskis.lv\/en\/product\/used-waterskiing-and-barefoot-towing-bar-pole\/"]}]},{"@type":"ImageObject","inLanguage":"en-US","@id":"https:\/\/www.waterskis.lv\/en\/product\/used-waterskiing-and-barefoot-towing-bar-pole\/#primaryimage","url":"https:\/\/www.waterskis.lv\/wp-content\/uploads\/2020\/11\/Stienis1.jpg","contentUrl":"https:\/\/www.waterskis.lv\/wp-content\/uploads\/2020\/11\/Stienis1.jpg","width":497,"height":280,"caption":"Waterskiing and barefoot towing bar\/ pole USED"},{"@type":"BreadcrumbList","@id":"https:\/\/www.waterskis.lv\/en\/product\/used-waterskiing-and-barefoot-towing-bar-pole\/#breadcrumb","itemListElement":[{"@type":"ListItem","position":1,"name":"Home","item":"https:\/\/www.waterskis.lv\/en\/"},{"@type":"ListItem","position":2,"name":"Shop","item":"https:\/\/waterskis.lv\/en\/shop\/"},{"@type":"ListItem","position":3,"name":"Used waterskiing and barefoot towing bar\/ pole"}]},{"@type":"WebSite","@id":"https:\/\/www.waterskis.lv\/en\/#website","url":"https:\/\/www.waterskis.lv\/en\/","name":"WATERSKIS.LV","description":"SUP d\u0113\u013ci, kajaki, kanoe, airu laivas, \u016bdenssl\u0113po\u0161ana, veikbords, SUP d\u0113\u013cu noma, kajaku nomaakt\u012bv\u0101s atp\u016btas centrs, laivu noma, sup noma, kajaku noma","publisher":{"@id":"https:\/\/www.waterskis.lv\/en\/#organization"},"potentialAction":[{"@type":"SearchAction","target":{"@type":"EntryPoint","urlTemplate":"https:\/\/www.waterskis.lv\/en\/?s={search_term_string}"},"query-input":{"@type":"PropertyValueSpecification","valueRequired":true,"valueName":"search_term_string"}}],"inLanguage":"en-US"},{"@type":"Organization","@id":"https:\/\/www.waterskis.lv\/en\/#organization","name":"WATERSKIS.LV","url":"https:\/\/www.waterskis.lv\/en\/","logo":{"@type":"ImageObject","inLanguage":"en-US","@id":"https:\/\/www.waterskis.lv\/en\/#\/schema\/logo\/image\/","url":"https:\/\/www.waterskis.lv\/wp-content\/uploads\/2025\/01\/JUVP-logo.png","contentUrl":"https:\/\/www.waterskis.lv\/wp-content\/uploads\/2025\/01\/JUVP-logo.png","width":421,"height":202,"caption":"WATERSKIS.LV"},"image":{"@id":"https:\/\/www.waterskis.lv\/en\/#\/schema\/logo\/image\/"},"sameAs":["https:\/\/www.facebook.com\/jurmalawaterskiwakeboardpark\/"]}]}},"_links":{"self":[{"href":"https:\/\/www.waterskis.lv\/en\/wp-json\/wp\/v2\/product\/26478","targetHints":{"allow":["GET"]}}],"collection":[{"href":"https:\/\/www.waterskis.lv\/en\/wp-json\/wp\/v2\/product"}],"about":[{"href":"https:\/\/www.waterskis.lv\/en\/wp-json\/wp\/v2\/types\/product"}],"replies":[{"embeddable":true,"href":"https:\/\/www.waterskis.lv\/en\/wp-json\/wp\/v2\/comments?post=26478"}],"wp:featuredmedia":[{"embeddable":true,"href":"https:\/\/www.waterskis.lv\/en\/wp-json\/wp\/v2\/media\/23048"}],"wp:attachment":[{"href":"https:\/\/www.waterskis.lv\/en\/wp-json\/wp\/v2\/media?parent=26478"}],"wp:term":[{"taxonomy":"product_brand","embeddable":true,"href":"https:\/\/www.waterskis.lv\/en\/wp-json\/wp\/v2\/product_brand?post=26478"},{"taxonomy":"product_cat","embeddable":true,"href":"https:\/\/www.waterskis.lv\/en\/wp-json\/wp\/v2\/product_cat?post=26478"},{"taxonomy":"product_tag","embeddable":true,"href":"https:\/\/www.waterskis.lv\/en\/wp-json\/wp\/v2\/product_tag?post=26478"}],"curies":[{"name":"wp","href":"https:\/\/api.w.org\/{rel}","templated":true}]}}