{"id":27760,"date":"2021-03-19T09:42:44","date_gmt":"2021-03-19T06:42:44","guid":{"rendered":"https:\/\/www.waterskis.lv\/products\/tandema-kajaks-prijon-customline-470-relax-basic\/"},"modified":"2022-02-07T18:29:38","modified_gmt":"2022-02-07T15:29:38","slug":"tandem-kayak-prijon-customline-470-relax-basic","status":"publish","type":"product","link":"https:\/\/www.waterskis.lv\/en\/product\/tandem-kayak-prijon-customline-470-relax-basic\/","title":{"rendered":"Tandem kayak PRIJON CUSTOMLINE 470 RELAX"},"content":{"rendered":"<p>Tandem kayak PRIJON CUSTOMLINE 470 RELAX<\/p>\n<p>The CL 470 RELAX is an open double-seater for families and rental stations.<\/p>\n<p>Its main characteristics are a very high stability and easy handling.<\/p>\n<p>The combination of a length of 470cm and a moderate rocker enables the CL-RELAX for the sea, lakes\u00a0and smaller tighter waters.<\/p>\n<p>An optional child\u2019s seat can be added fast and will transform the CL-RELAX into an ideal family-kayak.<\/p>\n<p>The big cockpit offers an easy entry and exit. Our tour-seat with the new, high Custom Line-backrest guarantees a comfortable sitting position.<\/p>\n<p>In the full-version, the front seat can be fixed in a centric position and is therefore usable as single-paddler-position. By this, you can also paddle the CL 470 RELAX alone.<\/p>\n<p>Thanks to the different configurations everything&#8217;s possible &#8211; from a lightweight and low priced basic model to full equipped touring kayak.<\/p>\n<ul>\n<li>Sawtooth-footrest<\/li>\n<li>Tour-seat with Tour-padding<\/li>\n<li>CL-backrest with foam padding and comfortable cover<\/li>\n<li>Luggage spider<\/li>\n<\/ul>\n<table class=\"block_content2 table-data-sheet\">\n<tbody>\n<tr class=\"odd\">\n<td>Type<\/td>\n<td>Touring<\/td>\n<\/tr>\n<tr class=\"even\">\n<td>Length<\/td>\n<td>476 cm<\/td>\n<\/tr>\n<tr class=\"odd\">\n<td>Width<\/td>\n<td>76 cm<\/td>\n<\/tr>\n<tr class=\"even\">\n<td>Weight<\/td>\n<td>35 kg<\/td>\n<\/tr>\n<tr class=\"odd\">\n<td>Material<\/td>\n<td>HTP &#8211; Blow-molded special high density PE<\/td>\n<\/tr>\n<tr class=\"even\">\n<td>Number of persons<\/td>\n<td>2<\/td>\n<\/tr>\n<tr class=\"odd\">\n<td>Set<\/td>\n<td>Basic<\/td>\n<\/tr>\n<tr class=\"even\">\n<td>Capacity<\/td>\n<td>250 kg<\/td>\n<\/tr>\n<tr class=\"odd\">\n<td>Volume<\/td>\n<td>560 L<\/td>\n<\/tr>\n<tr class=\"even\">\n<td>Purpose of usage<\/td>\n<td>Touring kayak<\/td>\n<\/tr>\n<tr class=\"odd\">\n<td>Country of origin<\/td>\n<td>Germany<\/td>\n<\/tr>\n<\/tbody>\n<\/table>\n<p>Color: red, yellow<\/p>\n<p>Tandem kayak PRIJON CUSTOMLINE 470 RELAX<\/p>\n","protected":false},"excerpt":{"rendered":"<p>https:\/\/www.youtube.com\/watch?v=ZqpvNMUF6YA&amp;t=12s [&#8230;]<\/p>\n<p><a class=\"btn btn-secondary understrap-read-more-link\" href=\"https:\/\/www.waterskis.lv\/en\/product\/tandem-kayak-prijon-customline-470-relax-basic\/\">Read More&#8230;<\/a><\/p>\n","protected":false},"featured_media":27751,"comment_status":"closed","ping_status":"closed","template":"","meta":{"_acf_changed":false,"inline_featured_image":false},"product_brand":[],"product_cat":[507,534,525],"product_tag":[],"class_list":{"0":"post-27760","1":"product","2":"type-product","3":"status-publish","4":"has-post-thumbnail","6":"product_cat-kayaks","7":"product_cat-sit-in-kayaks","8":"product_cat-tandem-kayaks","10":"first","11":"instock","12":"shipping-taxable","13":"product-type-simple"},"acf":[],"yoast_head":"<!-- This site is optimized with the Yoast SEO plugin v27.3 - https:\/\/yoast.com\/product\/yoast-seo-wordpress\/ -->\n<title>Tandem kayak PRIJON CUSTOMLINE 470 RELAX - WATERSKIS.LV<\/title>\n<meta name=\"description\" content=\"Tandem kayak PRIJON CUSTOMLINE 470 RELAX BASIC. Waterskis.lv Buy, rent different types of kayaks and related equipment\" \/>\n<meta name=\"robots\" content=\"index, follow, max-snippet:-1, max-image-preview:large, max-video-preview:-1\" \/>\n<link rel=\"canonical\" href=\"https:\/\/www.waterskis.lv\/en\/product\/tandem-kayak-prijon-customline-470-relax-basic\/\" \/>\n<meta property=\"og:locale\" content=\"en_US\" \/>\n<meta property=\"og:type\" content=\"article\" \/>\n<meta property=\"og:title\" content=\"Tandem kayak PRIJON CUSTOMLINE 470 RELAX\" \/>\n<meta property=\"og:description\" content=\"Tandem kayak PRIJON CUSTOMLINE 470 RELAX\" \/>\n<meta property=\"og:url\" content=\"https:\/\/www.waterskis.lv\/en\/product\/tandem-kayak-prijon-customline-470-relax-basic\/\" \/>\n<meta property=\"og:site_name\" content=\"WATERSKIS.LV\" \/>\n<meta property=\"article:publisher\" content=\"https:\/\/www.facebook.com\/jurmalawaterskiwakeboardpark\/\" \/>\n<meta property=\"article:modified_time\" content=\"2022-02-07T15:29:38+00:00\" \/>\n<meta property=\"og:image\" content=\"https:\/\/www.waterskis.lv\/wp-content\/uploads\/2021\/03\/prijon-customline-470-relax-basic1.png\" \/>\n<meta name=\"twitter:card\" content=\"summary_large_image\" \/>\n<meta name=\"twitter:label1\" content=\"Est. reading time\" \/>\n\t<meta name=\"twitter:data1\" content=\"2 minutes\" \/>\n<script type=\"application\/ld+json\" class=\"yoast-schema-graph\">{\"@context\":\"https:\\\/\\\/schema.org\",\"@graph\":[{\"@type\":\"WebPage\",\"@id\":\"https:\\\/\\\/www.waterskis.lv\\\/en\\\/product\\\/tandem-kayak-prijon-customline-470-relax-basic\\\/\",\"url\":\"https:\\\/\\\/www.waterskis.lv\\\/en\\\/product\\\/tandem-kayak-prijon-customline-470-relax-basic\\\/\",\"name\":\"Tandem kayak PRIJON CUSTOMLINE 470 RELAX - WATERSKIS.LV\",\"isPartOf\":{\"@id\":\"https:\\\/\\\/www.waterskis.lv\\\/en\\\/#website\"},\"primaryImageOfPage\":{\"@id\":\"https:\\\/\\\/www.waterskis.lv\\\/en\\\/product\\\/tandem-kayak-prijon-customline-470-relax-basic\\\/#primaryimage\"},\"image\":{\"@id\":\"https:\\\/\\\/www.waterskis.lv\\\/en\\\/product\\\/tandem-kayak-prijon-customline-470-relax-basic\\\/#primaryimage\"},\"thumbnailUrl\":\"https:\\\/\\\/www.waterskis.lv\\\/wp-content\\\/uploads\\\/2021\\\/03\\\/prijon-customline-470-relax-basic.jpg\",\"datePublished\":\"2021-03-19T06:42:44+00:00\",\"dateModified\":\"2022-02-07T15:29:38+00:00\",\"description\":\"Tandem kayak PRIJON CUSTOMLINE 470 RELAX BASIC. Waterskis.lv Buy, rent different types of kayaks and related equipment\",\"breadcrumb\":{\"@id\":\"https:\\\/\\\/www.waterskis.lv\\\/en\\\/product\\\/tandem-kayak-prijon-customline-470-relax-basic\\\/#breadcrumb\"},\"inLanguage\":\"en-US\",\"potentialAction\":[{\"@type\":\"ReadAction\",\"target\":[\"https:\\\/\\\/www.waterskis.lv\\\/en\\\/product\\\/tandem-kayak-prijon-customline-470-relax-basic\\\/\"]}]},{\"@type\":\"ImageObject\",\"inLanguage\":\"en-US\",\"@id\":\"https:\\\/\\\/www.waterskis.lv\\\/en\\\/product\\\/tandem-kayak-prijon-customline-470-relax-basic\\\/#primaryimage\",\"url\":\"https:\\\/\\\/www.waterskis.lv\\\/wp-content\\\/uploads\\\/2021\\\/03\\\/prijon-customline-470-relax-basic.jpg\",\"contentUrl\":\"https:\\\/\\\/www.waterskis.lv\\\/wp-content\\\/uploads\\\/2021\\\/03\\\/prijon-customline-470-relax-basic.jpg\",\"width\":1000,\"height\":1000,\"caption\":\"Tandem kayak PRIJON CUSTOMLINE 470 RELAX BASIC\"},{\"@type\":\"BreadcrumbList\",\"@id\":\"https:\\\/\\\/www.waterskis.lv\\\/en\\\/product\\\/tandem-kayak-prijon-customline-470-relax-basic\\\/#breadcrumb\",\"itemListElement\":[{\"@type\":\"ListItem\",\"position\":1,\"name\":\"Home\",\"item\":\"https:\\\/\\\/www.waterskis.lv\\\/en\\\/\"},{\"@type\":\"ListItem\",\"position\":2,\"name\":\"Shop\",\"item\":\"https:\\\/\\\/waterskis.lv\\\/en\\\/shop\\\/\"},{\"@type\":\"ListItem\",\"position\":3,\"name\":\"Private: Tandem kayak PRIJON CUSTOMLINE 470 RELAX\"}]},{\"@type\":\"WebSite\",\"@id\":\"https:\\\/\\\/www.waterskis.lv\\\/en\\\/#website\",\"url\":\"https:\\\/\\\/www.waterskis.lv\\\/en\\\/\",\"name\":\"WATERSKIS.LV\",\"description\":\"SUP d\u0113\u013ci, kajaki, kanoe, airu laivas, \u016bdenssl\u0113po\u0161ana, veikbords, SUP d\u0113\u013cu noma, kajaku nomaakt\u012bv\u0101s atp\u016btas centrs, laivu noma, sup noma, kajaku noma\",\"publisher\":{\"@id\":\"https:\\\/\\\/www.waterskis.lv\\\/en\\\/#organization\"},\"potentialAction\":[{\"@type\":\"SearchAction\",\"target\":{\"@type\":\"EntryPoint\",\"urlTemplate\":\"https:\\\/\\\/www.waterskis.lv\\\/en\\\/?s={search_term_string}\"},\"query-input\":{\"@type\":\"PropertyValueSpecification\",\"valueRequired\":true,\"valueName\":\"search_term_string\"}}],\"inLanguage\":\"en-US\"},{\"@type\":\"Organization\",\"@id\":\"https:\\\/\\\/www.waterskis.lv\\\/en\\\/#organization\",\"name\":\"WATERSKIS.LV\",\"url\":\"https:\\\/\\\/www.waterskis.lv\\\/en\\\/\",\"logo\":{\"@type\":\"ImageObject\",\"inLanguage\":\"en-US\",\"@id\":\"https:\\\/\\\/www.waterskis.lv\\\/en\\\/#\\\/schema\\\/logo\\\/image\\\/\",\"url\":\"https:\\\/\\\/www.waterskis.lv\\\/wp-content\\\/uploads\\\/2025\\\/01\\\/JUVP-logo.png\",\"contentUrl\":\"https:\\\/\\\/www.waterskis.lv\\\/wp-content\\\/uploads\\\/2025\\\/01\\\/JUVP-logo.png\",\"width\":421,\"height\":202,\"caption\":\"WATERSKIS.LV\"},\"image\":{\"@id\":\"https:\\\/\\\/www.waterskis.lv\\\/en\\\/#\\\/schema\\\/logo\\\/image\\\/\"},\"sameAs\":[\"https:\\\/\\\/www.facebook.com\\\/jurmalawaterskiwakeboardpark\\\/\"]}]}<\/script>\n<!-- \/ Yoast SEO plugin. -->","yoast_head_json":{"title":"Tandem kayak PRIJON CUSTOMLINE 470 RELAX - WATERSKIS.LV","description":"Tandem kayak PRIJON CUSTOMLINE 470 RELAX BASIC. Waterskis.lv Buy, rent different types of kayaks and related equipment","robots":{"index":"index","follow":"follow","max-snippet":"max-snippet:-1","max-image-preview":"max-image-preview:large","max-video-preview":"max-video-preview:-1"},"canonical":"https:\/\/www.waterskis.lv\/en\/product\/tandem-kayak-prijon-customline-470-relax-basic\/","og_locale":"en_US","og_type":"article","og_title":"Tandem kayak PRIJON CUSTOMLINE 470 RELAX","og_description":"Tandem kayak PRIJON CUSTOMLINE 470 RELAX","og_url":"https:\/\/www.waterskis.lv\/en\/product\/tandem-kayak-prijon-customline-470-relax-basic\/","og_site_name":"WATERSKIS.LV","article_publisher":"https:\/\/www.facebook.com\/jurmalawaterskiwakeboardpark\/","article_modified_time":"2022-02-07T15:29:38+00:00","og_image":[{"url":"https:\/\/www.waterskis.lv\/wp-content\/uploads\/2021\/03\/prijon-customline-470-relax-basic1.png","type":"","width":"","height":""}],"twitter_card":"summary_large_image","twitter_misc":{"Est. reading time":"2 minutes"},"schema":{"@context":"https:\/\/schema.org","@graph":[{"@type":"WebPage","@id":"https:\/\/www.waterskis.lv\/en\/product\/tandem-kayak-prijon-customline-470-relax-basic\/","url":"https:\/\/www.waterskis.lv\/en\/product\/tandem-kayak-prijon-customline-470-relax-basic\/","name":"Tandem kayak PRIJON CUSTOMLINE 470 RELAX - WATERSKIS.LV","isPartOf":{"@id":"https:\/\/www.waterskis.lv\/en\/#website"},"primaryImageOfPage":{"@id":"https:\/\/www.waterskis.lv\/en\/product\/tandem-kayak-prijon-customline-470-relax-basic\/#primaryimage"},"image":{"@id":"https:\/\/www.waterskis.lv\/en\/product\/tandem-kayak-prijon-customline-470-relax-basic\/#primaryimage"},"thumbnailUrl":"https:\/\/www.waterskis.lv\/wp-content\/uploads\/2021\/03\/prijon-customline-470-relax-basic.jpg","datePublished":"2021-03-19T06:42:44+00:00","dateModified":"2022-02-07T15:29:38+00:00","description":"Tandem kayak PRIJON CUSTOMLINE 470 RELAX BASIC. Waterskis.lv Buy, rent different types of kayaks and related equipment","breadcrumb":{"@id":"https:\/\/www.waterskis.lv\/en\/product\/tandem-kayak-prijon-customline-470-relax-basic\/#breadcrumb"},"inLanguage":"en-US","potentialAction":[{"@type":"ReadAction","target":["https:\/\/www.waterskis.lv\/en\/product\/tandem-kayak-prijon-customline-470-relax-basic\/"]}]},{"@type":"ImageObject","inLanguage":"en-US","@id":"https:\/\/www.waterskis.lv\/en\/product\/tandem-kayak-prijon-customline-470-relax-basic\/#primaryimage","url":"https:\/\/www.waterskis.lv\/wp-content\/uploads\/2021\/03\/prijon-customline-470-relax-basic.jpg","contentUrl":"https:\/\/www.waterskis.lv\/wp-content\/uploads\/2021\/03\/prijon-customline-470-relax-basic.jpg","width":1000,"height":1000,"caption":"Tandem kayak PRIJON CUSTOMLINE 470 RELAX BASIC"},{"@type":"BreadcrumbList","@id":"https:\/\/www.waterskis.lv\/en\/product\/tandem-kayak-prijon-customline-470-relax-basic\/#breadcrumb","itemListElement":[{"@type":"ListItem","position":1,"name":"Home","item":"https:\/\/www.waterskis.lv\/en\/"},{"@type":"ListItem","position":2,"name":"Shop","item":"https:\/\/waterskis.lv\/en\/shop\/"},{"@type":"ListItem","position":3,"name":"Private: Tandem kayak PRIJON CUSTOMLINE 470 RELAX"}]},{"@type":"WebSite","@id":"https:\/\/www.waterskis.lv\/en\/#website","url":"https:\/\/www.waterskis.lv\/en\/","name":"WATERSKIS.LV","description":"SUP d\u0113\u013ci, kajaki, kanoe, airu laivas, \u016bdenssl\u0113po\u0161ana, veikbords, SUP d\u0113\u013cu noma, kajaku nomaakt\u012bv\u0101s atp\u016btas centrs, laivu noma, sup noma, kajaku noma","publisher":{"@id":"https:\/\/www.waterskis.lv\/en\/#organization"},"potentialAction":[{"@type":"SearchAction","target":{"@type":"EntryPoint","urlTemplate":"https:\/\/www.waterskis.lv\/en\/?s={search_term_string}"},"query-input":{"@type":"PropertyValueSpecification","valueRequired":true,"valueName":"search_term_string"}}],"inLanguage":"en-US"},{"@type":"Organization","@id":"https:\/\/www.waterskis.lv\/en\/#organization","name":"WATERSKIS.LV","url":"https:\/\/www.waterskis.lv\/en\/","logo":{"@type":"ImageObject","inLanguage":"en-US","@id":"https:\/\/www.waterskis.lv\/en\/#\/schema\/logo\/image\/","url":"https:\/\/www.waterskis.lv\/wp-content\/uploads\/2025\/01\/JUVP-logo.png","contentUrl":"https:\/\/www.waterskis.lv\/wp-content\/uploads\/2025\/01\/JUVP-logo.png","width":421,"height":202,"caption":"WATERSKIS.LV"},"image":{"@id":"https:\/\/www.waterskis.lv\/en\/#\/schema\/logo\/image\/"},"sameAs":["https:\/\/www.facebook.com\/jurmalawaterskiwakeboardpark\/"]}]}},"_links":{"self":[{"href":"https:\/\/www.waterskis.lv\/en\/wp-json\/wp\/v2\/product\/27760","targetHints":{"allow":["GET"]}}],"collection":[{"href":"https:\/\/www.waterskis.lv\/en\/wp-json\/wp\/v2\/product"}],"about":[{"href":"https:\/\/www.waterskis.lv\/en\/wp-json\/wp\/v2\/types\/product"}],"replies":[{"embeddable":true,"href":"https:\/\/www.waterskis.lv\/en\/wp-json\/wp\/v2\/comments?post=27760"}],"wp:featuredmedia":[{"embeddable":true,"href":"https:\/\/www.waterskis.lv\/en\/wp-json\/wp\/v2\/media\/27751"}],"wp:attachment":[{"href":"https:\/\/www.waterskis.lv\/en\/wp-json\/wp\/v2\/media?parent=27760"}],"wp:term":[{"taxonomy":"product_brand","embeddable":true,"href":"https:\/\/www.waterskis.lv\/en\/wp-json\/wp\/v2\/product_brand?post=27760"},{"taxonomy":"product_cat","embeddable":true,"href":"https:\/\/www.waterskis.lv\/en\/wp-json\/wp\/v2\/product_cat?post=27760"},{"taxonomy":"product_tag","embeddable":true,"href":"https:\/\/www.waterskis.lv\/en\/wp-json\/wp\/v2\/product_tag?post=27760"}],"curies":[{"name":"wp","href":"https:\/\/api.w.org\/{rel}","templated":true}]}}