{"id":28170,"date":"2021-03-30T18:38:45","date_gmt":"2021-03-30T15:38:45","guid":{"rendered":"https:\/\/www.waterskis.lv\/products\/sup-delis-arrow-11-0-pe\/"},"modified":"2026-02-01T10:11:21","modified_gmt":"2026-02-01T08:11:21","slug":"sup-board-arrow-11-0-pe","status":"publish","type":"product","link":"https:\/\/www.waterskis.lv\/en\/product\/sup-board-arrow-11-0-pe\/","title":{"rendered":"SUP board ECHO 11.0 PE"},"content":{"rendered":"<h1>SUP board ECHO 11.0 PE<\/h1>\n<p>SUP board ECHO 11.0 PE<\/p>\n<h3 id=\"more-info\" class=\"page-product-heading active\">More info<\/h3>\n<div class=\"block_content1 rte active\">\n<p>ECHO\u00a010.0 PE is a stable and extremely easy-to-operate paddle board. The paddle board is designed for use in calm waters. Comes with a non-slip mat at the top of the case, raised edges for extra stability and balance, molded bottom grooves and better course retention, elastic item fastening rubber and comfortable carrying handles for easy land transport. Manufactured using thermal blowing technology using closed-cell PU filler and highly resistant HDPE material. This paddle board will serve you for many years, giving you more and more indelible holiday memories.<\/p>\n<p>Included: Paddle board, leash, paddle.<\/p>\n<p>Carrying strap, not included.<\/p>\n<\/div>\n<h3 id=\"table-data\" class=\"page-product-heading\">Data sheet<\/h3>\n<table class=\"block_content2 table-data-sheet\">\n<tbody>\n<tr class=\"odd\">\n<td>Type<\/td>\n<td>PE SUP board<\/td>\n<\/tr>\n<tr class=\"even\">\n<td>Length<\/td>\n<td>325 cm<\/td>\n<\/tr>\n<tr class=\"odd\">\n<td>Width<\/td>\n<td>81 cm<\/td>\n<\/tr>\n<tr class=\"even\">\n<td>Height<\/td>\n<td>12 cm<\/td>\n<\/tr>\n<tr class=\"odd\">\n<td>Weight<\/td>\n<td>14,5 kg<\/td>\n<\/tr>\n<tr class=\"even\">\n<td>Material<\/td>\n<td>BLOW MOLDED HDPE (PU filler)<\/td>\n<\/tr>\n<tr class=\"odd\">\n<td>Number of persons<\/td>\n<td>1<\/td>\n<\/tr>\n<tr class=\"even\">\n<td>Set<\/td>\n<td>Paddle board, Leash, Paddle<\/td>\n<\/tr>\n<tr class=\"odd\">\n<td>Capacity<\/td>\n<td>125 kg<\/td>\n<\/tr>\n<tr class=\"even\">\n<td>Purpose of usage<\/td>\n<td>Universal<\/td>\n<\/tr>\n<tr class=\"odd\">\n<td>Country of origin<\/td>\n<td>China<\/td>\n<\/tr>\n<\/tbody>\n<\/table>\n","protected":false},"excerpt":{"rendered":"<p>[caption id=\"attachment_28164\" align=\"alignnone\" width=\"300\"]<img decoding=\"async\" class=\"size-medium wp-image-28164\" src=\"https:\/\/www.waterskis.lv\/wp-content\/uploads\/2021\/03\/Arrow-300x300.jpg\" alt=\"SUP board ARROW 11.0 PE\" width=\"300\" height=\"300\" srcset=\"https:\/\/www.waterskis.lv\/wp-content\/uploads\/2021\/03\/Arrow-300x300.jpg 300w, https:\/\/www.waterskis.lv\/wp-content\/uploads\/2021\/03\/Arrow-100x100.jpg 100w, https:\/\/www.waterskis.lv\/wp-content\/uploads\/2021\/03\/Arrow-600x600.jpg 600w, https:\/\/www.waterskis.lv\/wp-content\/uploads\/2021\/03\/Arrow-700x700.jpg 700w, https:\/\/www.waterskis.lv\/wp-content\/uploads\/2021\/03\/Arrow-150x150.jpg 150w, https:\/\/www.waterskis.lv\/wp-content\/uploads\/2021\/03\/Arrow-768x768.jpg 768w, https:\/\/www.waterskis.lv\/wp-content\/uploads\/2021\/03\/Arrow.jpg 1000w\" sizes=\"(max-width: 300px) 100vw, 300px\" \/> SUP board ARROW 11.0 PE[\/caption] [&#8230;]<\/p>\n<p><a class=\"btn btn-secondary understrap-read-more-link\" href=\"https:\/\/www.waterskis.lv\/en\/product\/sup-board-arrow-11-0-pe\/\">Read More&#8230;<\/a><\/p>\n","protected":false},"featured_media":68735,"comment_status":"closed","ping_status":"closed","template":"","meta":{"_acf_changed":false,"inline_featured_image":false},"product_brand":[],"product_cat":[468,351,487],"product_tag":[3166,3149,3146,3147,3148,3169,3167,1288,3168,3171],"class_list":{"0":"post-28170","1":"product","2":"type-product","3":"status-publish","4":"has-post-thumbnail","6":"product_cat-cietie-sup-deli","7":"product_cat-atlaides","8":"product_cat-sup-deli","9":"product_tag-aufblasbares-sup","10":"product_tag-composite-paddleboards","11":"product_tag-hard-sup-boards","12":"product_tag-rigid-sup-boards","13":"product_tag-solid-paddleboards","14":"product_tag-stand-up-paddleboard","15":"product_tag-stand-up-paddling","16":"product_tag-sup","17":"product_tag-sup-surfer","18":"product_tag-supkayak","20":"first","21":"instock","22":"sale","23":"shipping-taxable","24":"purchasable","25":"product-type-simple"},"acf":[],"yoast_head":"<!-- This site is optimized with the Yoast SEO plugin v27.5 - https:\/\/yoast.com\/product\/yoast-seo-wordpress\/ -->\n<title>SUP board ECHO 11.0 PE - WATERSKIS.LV<\/title>\n<meta name=\"description\" content=\"SUP board ECHO 11.0 PE is a stable and extremely easy-to-operate paddle board. The paddle board is designed for use in calm waters.\" \/>\n<meta name=\"robots\" content=\"index, follow, max-snippet:-1, max-image-preview:large, max-video-preview:-1\" \/>\n<link rel=\"canonical\" href=\"https:\/\/www.waterskis.lv\/en\/product\/sup-board-arrow-11-0-pe\/\" \/>\n<meta property=\"og:locale\" content=\"en_US\" \/>\n<meta property=\"og:type\" content=\"article\" \/>\n<meta property=\"og:title\" content=\"SUP board ARROW 11.0 PE\" \/>\n<meta property=\"og:description\" content=\"SUP board ARROW 11.0 PE is a stable and extremely easy-to-operate paddle board. The paddle board is designed for use in calm waters. Comes with a non-slip mat at the top of the case, raised edges for extra stability and balance, molded bottom grooves and better course retention, elastic item fastening rubber and comfortable carrying handles for easy land transport. Manufactured using thermal blowing technology using closed-cell PU filler and highly resistant HDPE material. This paddle board will serve you for many years, giving you more and more indelible holiday memories.SUP board ARROW 11.0 PE included: Paddle board, leash, paddle, carrying strap\" \/>\n<meta property=\"og:url\" content=\"https:\/\/www.waterskis.lv\/en\/product\/sup-board-arrow-11-0-pe\/\" \/>\n<meta property=\"og:site_name\" content=\"WATERSKIS.LV\" \/>\n<meta property=\"article:publisher\" content=\"https:\/\/www.facebook.com\/jurmalawaterskiwakeboardpark\/\" \/>\n<meta property=\"article:modified_time\" content=\"2026-02-01T08:11:21+00:00\" \/>\n<meta property=\"og:image\" content=\"https:\/\/www.waterskis.lv\/wp-content\/uploads\/2021\/03\/Arrow1.jpg\" \/>\n\t<meta property=\"og:image:width\" content=\"1000\" \/>\n\t<meta property=\"og:image:height\" content=\"1000\" \/>\n\t<meta property=\"og:image:type\" content=\"image\/jpeg\" \/>\n<meta name=\"twitter:card\" content=\"summary_large_image\" \/>\n<meta name=\"twitter:label1\" content=\"Est. reading time\" \/>\n\t<meta name=\"twitter:data1\" content=\"2 minutes\" \/>\n<script type=\"application\/ld+json\" class=\"yoast-schema-graph\">{\"@context\":\"https:\\\/\\\/schema.org\",\"@graph\":[{\"@type\":\"WebPage\",\"@id\":\"https:\\\/\\\/www.waterskis.lv\\\/en\\\/product\\\/sup-board-arrow-11-0-pe\\\/\",\"url\":\"https:\\\/\\\/www.waterskis.lv\\\/en\\\/product\\\/sup-board-arrow-11-0-pe\\\/\",\"name\":\"SUP board ECHO 11.0 PE - WATERSKIS.LV\",\"isPartOf\":{\"@id\":\"https:\\\/\\\/www.waterskis.lv\\\/en\\\/#website\"},\"primaryImageOfPage\":{\"@id\":\"https:\\\/\\\/www.waterskis.lv\\\/en\\\/product\\\/sup-board-arrow-11-0-pe\\\/#primaryimage\"},\"image\":{\"@id\":\"https:\\\/\\\/www.waterskis.lv\\\/en\\\/product\\\/sup-board-arrow-11-0-pe\\\/#primaryimage\"},\"thumbnailUrl\":\"https:\\\/\\\/www.waterskis.lv\\\/wp-content\\\/uploads\\\/2021\\\/03\\\/irklente-echo-100-pe.png\",\"datePublished\":\"2021-03-30T15:38:45+00:00\",\"dateModified\":\"2026-02-01T08:11:21+00:00\",\"description\":\"SUP board ECHO 11.0 PE is a stable and extremely easy-to-operate paddle board. The paddle board is designed for use in calm waters.\",\"breadcrumb\":{\"@id\":\"https:\\\/\\\/www.waterskis.lv\\\/en\\\/product\\\/sup-board-arrow-11-0-pe\\\/#breadcrumb\"},\"inLanguage\":\"en-US\",\"potentialAction\":[{\"@type\":\"ReadAction\",\"target\":[\"https:\\\/\\\/www.waterskis.lv\\\/en\\\/product\\\/sup-board-arrow-11-0-pe\\\/\"]}]},{\"@type\":\"ImageObject\",\"inLanguage\":\"en-US\",\"@id\":\"https:\\\/\\\/www.waterskis.lv\\\/en\\\/product\\\/sup-board-arrow-11-0-pe\\\/#primaryimage\",\"url\":\"https:\\\/\\\/www.waterskis.lv\\\/wp-content\\\/uploads\\\/2021\\\/03\\\/irklente-echo-100-pe.png\",\"contentUrl\":\"https:\\\/\\\/www.waterskis.lv\\\/wp-content\\\/uploads\\\/2021\\\/03\\\/irklente-echo-100-pe.png\",\"width\":1000,\"height\":1000,\"caption\":\"SUP d\u0113lis ECHO 11.0 PE\"},{\"@type\":\"BreadcrumbList\",\"@id\":\"https:\\\/\\\/www.waterskis.lv\\\/en\\\/product\\\/sup-board-arrow-11-0-pe\\\/#breadcrumb\",\"itemListElement\":[{\"@type\":\"ListItem\",\"position\":1,\"name\":\"Home\",\"item\":\"https:\\\/\\\/www.waterskis.lv\\\/en\\\/\"},{\"@type\":\"ListItem\",\"position\":2,\"name\":\"Shop\",\"item\":\"https:\\\/\\\/waterskis.lv\\\/en\\\/shop\\\/\"},{\"@type\":\"ListItem\",\"position\":3,\"name\":\"SUP board ECHO 11.0 PE\"}]},{\"@type\":\"WebSite\",\"@id\":\"https:\\\/\\\/www.waterskis.lv\\\/en\\\/#website\",\"url\":\"https:\\\/\\\/www.waterskis.lv\\\/en\\\/\",\"name\":\"WATERSKIS.LV\",\"description\":\"SUP d\u0113\u013ci, kajaki, kanoe, airu laivas, \u016bdenssl\u0113po\u0161ana, veikbords, SUP d\u0113\u013cu noma, kajaku nomaakt\u012bv\u0101s atp\u016btas centrs, laivu noma, sup noma, kajaku noma\",\"publisher\":{\"@id\":\"https:\\\/\\\/www.waterskis.lv\\\/en\\\/#organization\"},\"potentialAction\":[{\"@type\":\"SearchAction\",\"target\":{\"@type\":\"EntryPoint\",\"urlTemplate\":\"https:\\\/\\\/www.waterskis.lv\\\/en\\\/?s={search_term_string}\"},\"query-input\":{\"@type\":\"PropertyValueSpecification\",\"valueRequired\":true,\"valueName\":\"search_term_string\"}}],\"inLanguage\":\"en-US\"},{\"@type\":\"Organization\",\"@id\":\"https:\\\/\\\/www.waterskis.lv\\\/en\\\/#organization\",\"name\":\"WATERSKIS.LV\",\"url\":\"https:\\\/\\\/www.waterskis.lv\\\/en\\\/\",\"logo\":{\"@type\":\"ImageObject\",\"inLanguage\":\"en-US\",\"@id\":\"https:\\\/\\\/www.waterskis.lv\\\/en\\\/#\\\/schema\\\/logo\\\/image\\\/\",\"url\":\"https:\\\/\\\/www.waterskis.lv\\\/wp-content\\\/uploads\\\/2025\\\/01\\\/JUVP-logo.png\",\"contentUrl\":\"https:\\\/\\\/www.waterskis.lv\\\/wp-content\\\/uploads\\\/2025\\\/01\\\/JUVP-logo.png\",\"width\":421,\"height\":202,\"caption\":\"WATERSKIS.LV\"},\"image\":{\"@id\":\"https:\\\/\\\/www.waterskis.lv\\\/en\\\/#\\\/schema\\\/logo\\\/image\\\/\"},\"sameAs\":[\"https:\\\/\\\/www.facebook.com\\\/jurmalawaterskiwakeboardpark\\\/\"]}]}<\/script>\n<!-- \/ Yoast SEO plugin. -->","yoast_head_json":{"title":"SUP board ECHO 11.0 PE - WATERSKIS.LV","description":"SUP board ECHO 11.0 PE is a stable and extremely easy-to-operate paddle board. The paddle board is designed for use in calm waters.","robots":{"index":"index","follow":"follow","max-snippet":"max-snippet:-1","max-image-preview":"max-image-preview:large","max-video-preview":"max-video-preview:-1"},"canonical":"https:\/\/www.waterskis.lv\/en\/product\/sup-board-arrow-11-0-pe\/","og_locale":"en_US","og_type":"article","og_title":"SUP board ARROW 11.0 PE","og_description":"SUP board ARROW 11.0 PE is a stable and extremely easy-to-operate paddle board. The paddle board is designed for use in calm waters. Comes with a non-slip mat at the top of the case, raised edges for extra stability and balance, molded bottom grooves and better course retention, elastic item fastening rubber and comfortable carrying handles for easy land transport. Manufactured using thermal blowing technology using closed-cell PU filler and highly resistant HDPE material. This paddle board will serve you for many years, giving you more and more indelible holiday memories.SUP board ARROW 11.0 PE included: Paddle board, leash, paddle, carrying strap","og_url":"https:\/\/www.waterskis.lv\/en\/product\/sup-board-arrow-11-0-pe\/","og_site_name":"WATERSKIS.LV","article_publisher":"https:\/\/www.facebook.com\/jurmalawaterskiwakeboardpark\/","article_modified_time":"2026-02-01T08:11:21+00:00","og_image":[{"width":1000,"height":1000,"url":"https:\/\/www.waterskis.lv\/wp-content\/uploads\/2021\/03\/Arrow1.jpg","type":"image\/jpeg"}],"twitter_card":"summary_large_image","twitter_misc":{"Est. reading time":"2 minutes"},"schema":{"@context":"https:\/\/schema.org","@graph":[{"@type":"WebPage","@id":"https:\/\/www.waterskis.lv\/en\/product\/sup-board-arrow-11-0-pe\/","url":"https:\/\/www.waterskis.lv\/en\/product\/sup-board-arrow-11-0-pe\/","name":"SUP board ECHO 11.0 PE - WATERSKIS.LV","isPartOf":{"@id":"https:\/\/www.waterskis.lv\/en\/#website"},"primaryImageOfPage":{"@id":"https:\/\/www.waterskis.lv\/en\/product\/sup-board-arrow-11-0-pe\/#primaryimage"},"image":{"@id":"https:\/\/www.waterskis.lv\/en\/product\/sup-board-arrow-11-0-pe\/#primaryimage"},"thumbnailUrl":"https:\/\/www.waterskis.lv\/wp-content\/uploads\/2021\/03\/irklente-echo-100-pe.png","datePublished":"2021-03-30T15:38:45+00:00","dateModified":"2026-02-01T08:11:21+00:00","description":"SUP board ECHO 11.0 PE is a stable and extremely easy-to-operate paddle board. The paddle board is designed for use in calm waters.","breadcrumb":{"@id":"https:\/\/www.waterskis.lv\/en\/product\/sup-board-arrow-11-0-pe\/#breadcrumb"},"inLanguage":"en-US","potentialAction":[{"@type":"ReadAction","target":["https:\/\/www.waterskis.lv\/en\/product\/sup-board-arrow-11-0-pe\/"]}]},{"@type":"ImageObject","inLanguage":"en-US","@id":"https:\/\/www.waterskis.lv\/en\/product\/sup-board-arrow-11-0-pe\/#primaryimage","url":"https:\/\/www.waterskis.lv\/wp-content\/uploads\/2021\/03\/irklente-echo-100-pe.png","contentUrl":"https:\/\/www.waterskis.lv\/wp-content\/uploads\/2021\/03\/irklente-echo-100-pe.png","width":1000,"height":1000,"caption":"SUP d\u0113lis ECHO 11.0 PE"},{"@type":"BreadcrumbList","@id":"https:\/\/www.waterskis.lv\/en\/product\/sup-board-arrow-11-0-pe\/#breadcrumb","itemListElement":[{"@type":"ListItem","position":1,"name":"Home","item":"https:\/\/www.waterskis.lv\/en\/"},{"@type":"ListItem","position":2,"name":"Shop","item":"https:\/\/waterskis.lv\/en\/shop\/"},{"@type":"ListItem","position":3,"name":"SUP board ECHO 11.0 PE"}]},{"@type":"WebSite","@id":"https:\/\/www.waterskis.lv\/en\/#website","url":"https:\/\/www.waterskis.lv\/en\/","name":"WATERSKIS.LV","description":"SUP d\u0113\u013ci, kajaki, kanoe, airu laivas, \u016bdenssl\u0113po\u0161ana, veikbords, SUP d\u0113\u013cu noma, kajaku nomaakt\u012bv\u0101s atp\u016btas centrs, laivu noma, sup noma, kajaku noma","publisher":{"@id":"https:\/\/www.waterskis.lv\/en\/#organization"},"potentialAction":[{"@type":"SearchAction","target":{"@type":"EntryPoint","urlTemplate":"https:\/\/www.waterskis.lv\/en\/?s={search_term_string}"},"query-input":{"@type":"PropertyValueSpecification","valueRequired":true,"valueName":"search_term_string"}}],"inLanguage":"en-US"},{"@type":"Organization","@id":"https:\/\/www.waterskis.lv\/en\/#organization","name":"WATERSKIS.LV","url":"https:\/\/www.waterskis.lv\/en\/","logo":{"@type":"ImageObject","inLanguage":"en-US","@id":"https:\/\/www.waterskis.lv\/en\/#\/schema\/logo\/image\/","url":"https:\/\/www.waterskis.lv\/wp-content\/uploads\/2025\/01\/JUVP-logo.png","contentUrl":"https:\/\/www.waterskis.lv\/wp-content\/uploads\/2025\/01\/JUVP-logo.png","width":421,"height":202,"caption":"WATERSKIS.LV"},"image":{"@id":"https:\/\/www.waterskis.lv\/en\/#\/schema\/logo\/image\/"},"sameAs":["https:\/\/www.facebook.com\/jurmalawaterskiwakeboardpark\/"]}]}},"_links":{"self":[{"href":"https:\/\/www.waterskis.lv\/en\/wp-json\/wp\/v2\/product\/28170","targetHints":{"allow":["GET"]}}],"collection":[{"href":"https:\/\/www.waterskis.lv\/en\/wp-json\/wp\/v2\/product"}],"about":[{"href":"https:\/\/www.waterskis.lv\/en\/wp-json\/wp\/v2\/types\/product"}],"replies":[{"embeddable":true,"href":"https:\/\/www.waterskis.lv\/en\/wp-json\/wp\/v2\/comments?post=28170"}],"wp:featuredmedia":[{"embeddable":true,"href":"https:\/\/www.waterskis.lv\/en\/wp-json\/wp\/v2\/media\/68735"}],"wp:attachment":[{"href":"https:\/\/www.waterskis.lv\/en\/wp-json\/wp\/v2\/media?parent=28170"}],"wp:term":[{"taxonomy":"product_brand","embeddable":true,"href":"https:\/\/www.waterskis.lv\/en\/wp-json\/wp\/v2\/product_brand?post=28170"},{"taxonomy":"product_cat","embeddable":true,"href":"https:\/\/www.waterskis.lv\/en\/wp-json\/wp\/v2\/product_cat?post=28170"},{"taxonomy":"product_tag","embeddable":true,"href":"https:\/\/www.waterskis.lv\/en\/wp-json\/wp\/v2\/product_tag?post=28170"}],"curies":[{"name":"wp","href":"https:\/\/api.w.org\/{rel}","templated":true}]}}