{"id":28179,"date":"2021-03-25T21:27:53","date_gmt":"2021-03-25T18:27:53","guid":{"rendered":"https:\/\/www.waterskis.lv\/products\/airu-laiva-amber-250\/"},"modified":"2026-02-04T19:12:55","modified_gmt":"2026-02-04T17:12:55","slug":"paddle-boat-amber-250","status":"publish","type":"product","link":"https:\/\/www.waterskis.lv\/en\/product\/paddle-boat-amber-250\/","title":{"rendered":"Paddle boat AMBER 250"},"content":{"rendered":"<h1>Paddle boat AMBER 250<\/h1>\n<p>Paddle boat AMBER 250<\/p>\n<p>Mobile, compact boat for hunting or relaxing on the water.<\/p>\n<p>Light and mobile boat<br \/>\nThe AMBER 250 boat is perfect for hunting, as an additional or lifeboat for a larger boat or as the first boat for the youngest captain of the family. The boat is compact and very light, which can be effortlessly erected by one person on the car roof or placed in the luggage compartment. The weight of the boat is 23 kilograms.<br \/>\nSafe and stable boat<br \/>\nDespite the small size of the boat, like all AMBER boats, it fulfills the basic principle of our company &#8211; safety and stability &#8211; airbags are built into the front and rear of the boat.<br \/>\nRowing boat with the possibility to attach an engine<br \/>\nThe AMBER 250 is built as a single-hull boat, so it is easy to move with both rowing and an attached engine (maximum engine power up to 3 hp).<br \/>\nBasic model and additional options<br \/>\nThe basic model of the boat is available in white, gray, blue or green, equipped with paddle holders and metal loops at the front and rear to secure the boat. To complete the boat according to your wishes, see our additional equipment. If you want something special &#8211; contact us &#8211; we are happy to realize non-standard orders.<\/p>\n<p>Technical specification: Paddle boat AMBER 250<br \/>\nLength: 248 cm<br \/>\nWidth: 130 cm<br \/>\nHeight: 0.38 m<br \/>\nWeight: 23 kg<br \/>\nLifting capacity: 210 kg<br \/>\nNumber of places: 2<br \/>\nEngine: up to 3 hp<\/p>\n<p><img decoding=\"async\" src=\"https:\/\/site-357498.mozfiles.com\/files\/357498\/medium\/2-7.jpg\" alt=\"2-7.jpg\" \/><br \/>\nAdditional equipment:<br \/>\nRubber edging around the perimeter of the boat<br \/>\nHermetically sealed luggage storage boxes<br \/>\nWater runoff<br \/>\nWheels for moving a boat<br \/>\nDoorknob<br \/>\nOars<\/p>\n","protected":false},"excerpt":{"rendered":"<p><img decoding=\"async\" src=\"https:\/\/site-357498.mozfiles.com\/files\/357498\/medium\/2-7.jpg\" alt=\"2-7.jpg\" \/> [&#8230;]<\/p>\n<p><a class=\"btn btn-secondary understrap-read-more-link\" href=\"https:\/\/www.waterskis.lv\/en\/product\/paddle-boat-amber-250\/\">Read More&#8230;<\/a><\/p>\n","protected":false},"featured_media":27874,"comment_status":"closed","ping_status":"closed","template":"","meta":{"_acf_changed":false,"inline_featured_image":false},"product_brand":[2766],"product_cat":[571,944],"product_tag":[3337,3338,2771,2772,3339,3340,2773,3341,3342,3343,3344,3345,3346,3347],"class_list":{"0":"post-28179","1":"product","2":"type-product","3":"status-publish","4":"has-post-thumbnail","6":"product_brand-amberlat","7":"product_cat-boats","8":"product_cat-fiberglass-paddle-boats","9":"product_tag-airu-laivas","10":"product_tag-amber","11":"product_tag-amber-laivas","12":"product_tag-amberlat","13":"product_tag-boats","14":"product_tag-fiberglass-boats","15":"product_tag-laivas","16":"product_tag-paddle-boats","17":"product_tag-rowing-boats","18":"product_tag-stiklaskiedras-laivas","19":"product_tag-3344","20":"product_tag-3345","21":"product_tag-3346","22":"product_tag-3347","24":"first","25":"instock","26":"shipping-taxable","27":"purchasable","28":"product-type-simple"},"acf":[],"yoast_head":"<!-- This site is optimized with the Yoast SEO plugin v27.3 - https:\/\/yoast.com\/product\/yoast-seo-wordpress\/ -->\n<title>Paddle boat AMBER 250 - WATERSKIS.LV<\/title>\n<meta name=\"description\" content=\"Paddle boat AMBER 250 is compact and very light, which can be effortlessly erected by one person on the car roof or placed in the luggage compartment\" \/>\n<meta name=\"robots\" content=\"index, follow, max-snippet:-1, max-image-preview:large, max-video-preview:-1\" \/>\n<link rel=\"canonical\" href=\"https:\/\/www.waterskis.lv\/en\/product\/paddle-boat-amber-250\/\" \/>\n<meta property=\"og:locale\" content=\"en_US\" \/>\n<meta property=\"og:type\" content=\"article\" \/>\n<meta property=\"og:title\" content=\"Paddle boat AMBER 250\" \/>\n<meta property=\"og:description\" content=\"Paddle boat AMBER 250\" \/>\n<meta property=\"og:url\" content=\"https:\/\/www.waterskis.lv\/en\/product\/paddle-boat-amber-250\/\" \/>\n<meta property=\"og:site_name\" content=\"WATERSKIS.LV\" \/>\n<meta property=\"article:publisher\" content=\"https:\/\/www.facebook.com\/jurmalawaterskiwakeboardpark\/\" \/>\n<meta property=\"article:modified_time\" content=\"2026-02-04T17:12:55+00:00\" \/>\n<meta property=\"og:image\" content=\"https:\/\/www.waterskis.lv\/wp-content\/uploads\/2021\/03\/Amber250.jpg\" \/>\n<meta name=\"twitter:card\" content=\"summary_large_image\" \/>\n<meta name=\"twitter:label1\" content=\"Est. reading time\" \/>\n\t<meta name=\"twitter:data1\" content=\"2 minutes\" \/>\n<script type=\"application\/ld+json\" class=\"yoast-schema-graph\">{\"@context\":\"https:\\\/\\\/schema.org\",\"@graph\":[{\"@type\":\"WebPage\",\"@id\":\"https:\\\/\\\/www.waterskis.lv\\\/en\\\/product\\\/paddle-boat-amber-250\\\/\",\"url\":\"https:\\\/\\\/www.waterskis.lv\\\/en\\\/product\\\/paddle-boat-amber-250\\\/\",\"name\":\"Paddle boat AMBER 250 - WATERSKIS.LV\",\"isPartOf\":{\"@id\":\"https:\\\/\\\/www.waterskis.lv\\\/en\\\/#website\"},\"primaryImageOfPage\":{\"@id\":\"https:\\\/\\\/www.waterskis.lv\\\/en\\\/product\\\/paddle-boat-amber-250\\\/#primaryimage\"},\"image\":{\"@id\":\"https:\\\/\\\/www.waterskis.lv\\\/en\\\/product\\\/paddle-boat-amber-250\\\/#primaryimage\"},\"thumbnailUrl\":\"https:\\\/\\\/www.waterskis.lv\\\/wp-content\\\/uploads\\\/2021\\\/03\\\/Amber250.jpg\",\"datePublished\":\"2021-03-25T18:27:53+00:00\",\"dateModified\":\"2026-02-04T17:12:55+00:00\",\"description\":\"Paddle boat AMBER 250 is compact and very light, which can be effortlessly erected by one person on the car roof or placed in the luggage compartment\",\"breadcrumb\":{\"@id\":\"https:\\\/\\\/www.waterskis.lv\\\/en\\\/product\\\/paddle-boat-amber-250\\\/#breadcrumb\"},\"inLanguage\":\"en-US\",\"potentialAction\":[{\"@type\":\"ReadAction\",\"target\":[\"https:\\\/\\\/www.waterskis.lv\\\/en\\\/product\\\/paddle-boat-amber-250\\\/\"]}]},{\"@type\":\"ImageObject\",\"inLanguage\":\"en-US\",\"@id\":\"https:\\\/\\\/www.waterskis.lv\\\/en\\\/product\\\/paddle-boat-amber-250\\\/#primaryimage\",\"url\":\"https:\\\/\\\/www.waterskis.lv\\\/wp-content\\\/uploads\\\/2021\\\/03\\\/Amber250.jpg\",\"contentUrl\":\"https:\\\/\\\/www.waterskis.lv\\\/wp-content\\\/uploads\\\/2021\\\/03\\\/Amber250.jpg\",\"width\":1200,\"height\":900,\"caption\":\"Paddle boat AMBER 250\"},{\"@type\":\"BreadcrumbList\",\"@id\":\"https:\\\/\\\/www.waterskis.lv\\\/en\\\/product\\\/paddle-boat-amber-250\\\/#breadcrumb\",\"itemListElement\":[{\"@type\":\"ListItem\",\"position\":1,\"name\":\"Home\",\"item\":\"https:\\\/\\\/www.waterskis.lv\\\/en\\\/\"},{\"@type\":\"ListItem\",\"position\":2,\"name\":\"Shop\",\"item\":\"https:\\\/\\\/waterskis.lv\\\/en\\\/shop\\\/\"},{\"@type\":\"ListItem\",\"position\":3,\"name\":\"Paddle boat AMBER 250\"}]},{\"@type\":\"WebSite\",\"@id\":\"https:\\\/\\\/www.waterskis.lv\\\/en\\\/#website\",\"url\":\"https:\\\/\\\/www.waterskis.lv\\\/en\\\/\",\"name\":\"WATERSKIS.LV\",\"description\":\"SUP d\u0113\u013ci, kajaki, kanoe, airu laivas, \u016bdenssl\u0113po\u0161ana, veikbords, SUP d\u0113\u013cu noma, kajaku nomaakt\u012bv\u0101s atp\u016btas centrs, laivu noma, sup noma, kajaku noma\",\"publisher\":{\"@id\":\"https:\\\/\\\/www.waterskis.lv\\\/en\\\/#organization\"},\"potentialAction\":[{\"@type\":\"SearchAction\",\"target\":{\"@type\":\"EntryPoint\",\"urlTemplate\":\"https:\\\/\\\/www.waterskis.lv\\\/en\\\/?s={search_term_string}\"},\"query-input\":{\"@type\":\"PropertyValueSpecification\",\"valueRequired\":true,\"valueName\":\"search_term_string\"}}],\"inLanguage\":\"en-US\"},{\"@type\":\"Organization\",\"@id\":\"https:\\\/\\\/www.waterskis.lv\\\/en\\\/#organization\",\"name\":\"WATERSKIS.LV\",\"url\":\"https:\\\/\\\/www.waterskis.lv\\\/en\\\/\",\"logo\":{\"@type\":\"ImageObject\",\"inLanguage\":\"en-US\",\"@id\":\"https:\\\/\\\/www.waterskis.lv\\\/en\\\/#\\\/schema\\\/logo\\\/image\\\/\",\"url\":\"https:\\\/\\\/www.waterskis.lv\\\/wp-content\\\/uploads\\\/2025\\\/01\\\/JUVP-logo.png\",\"contentUrl\":\"https:\\\/\\\/www.waterskis.lv\\\/wp-content\\\/uploads\\\/2025\\\/01\\\/JUVP-logo.png\",\"width\":421,\"height\":202,\"caption\":\"WATERSKIS.LV\"},\"image\":{\"@id\":\"https:\\\/\\\/www.waterskis.lv\\\/en\\\/#\\\/schema\\\/logo\\\/image\\\/\"},\"sameAs\":[\"https:\\\/\\\/www.facebook.com\\\/jurmalawaterskiwakeboardpark\\\/\"]}]}<\/script>\n<!-- \/ Yoast SEO plugin. -->","yoast_head_json":{"title":"Paddle boat AMBER 250 - WATERSKIS.LV","description":"Paddle boat AMBER 250 is compact and very light, which can be effortlessly erected by one person on the car roof or placed in the luggage compartment","robots":{"index":"index","follow":"follow","max-snippet":"max-snippet:-1","max-image-preview":"max-image-preview:large","max-video-preview":"max-video-preview:-1"},"canonical":"https:\/\/www.waterskis.lv\/en\/product\/paddle-boat-amber-250\/","og_locale":"en_US","og_type":"article","og_title":"Paddle boat AMBER 250","og_description":"Paddle boat AMBER 250","og_url":"https:\/\/www.waterskis.lv\/en\/product\/paddle-boat-amber-250\/","og_site_name":"WATERSKIS.LV","article_publisher":"https:\/\/www.facebook.com\/jurmalawaterskiwakeboardpark\/","article_modified_time":"2026-02-04T17:12:55+00:00","og_image":[{"url":"https:\/\/www.waterskis.lv\/wp-content\/uploads\/2021\/03\/Amber250.jpg","type":"","width":"","height":""}],"twitter_card":"summary_large_image","twitter_misc":{"Est. reading time":"2 minutes"},"schema":{"@context":"https:\/\/schema.org","@graph":[{"@type":"WebPage","@id":"https:\/\/www.waterskis.lv\/en\/product\/paddle-boat-amber-250\/","url":"https:\/\/www.waterskis.lv\/en\/product\/paddle-boat-amber-250\/","name":"Paddle boat AMBER 250 - WATERSKIS.LV","isPartOf":{"@id":"https:\/\/www.waterskis.lv\/en\/#website"},"primaryImageOfPage":{"@id":"https:\/\/www.waterskis.lv\/en\/product\/paddle-boat-amber-250\/#primaryimage"},"image":{"@id":"https:\/\/www.waterskis.lv\/en\/product\/paddle-boat-amber-250\/#primaryimage"},"thumbnailUrl":"https:\/\/www.waterskis.lv\/wp-content\/uploads\/2021\/03\/Amber250.jpg","datePublished":"2021-03-25T18:27:53+00:00","dateModified":"2026-02-04T17:12:55+00:00","description":"Paddle boat AMBER 250 is compact and very light, which can be effortlessly erected by one person on the car roof or placed in the luggage compartment","breadcrumb":{"@id":"https:\/\/www.waterskis.lv\/en\/product\/paddle-boat-amber-250\/#breadcrumb"},"inLanguage":"en-US","potentialAction":[{"@type":"ReadAction","target":["https:\/\/www.waterskis.lv\/en\/product\/paddle-boat-amber-250\/"]}]},{"@type":"ImageObject","inLanguage":"en-US","@id":"https:\/\/www.waterskis.lv\/en\/product\/paddle-boat-amber-250\/#primaryimage","url":"https:\/\/www.waterskis.lv\/wp-content\/uploads\/2021\/03\/Amber250.jpg","contentUrl":"https:\/\/www.waterskis.lv\/wp-content\/uploads\/2021\/03\/Amber250.jpg","width":1200,"height":900,"caption":"Paddle boat AMBER 250"},{"@type":"BreadcrumbList","@id":"https:\/\/www.waterskis.lv\/en\/product\/paddle-boat-amber-250\/#breadcrumb","itemListElement":[{"@type":"ListItem","position":1,"name":"Home","item":"https:\/\/www.waterskis.lv\/en\/"},{"@type":"ListItem","position":2,"name":"Shop","item":"https:\/\/waterskis.lv\/en\/shop\/"},{"@type":"ListItem","position":3,"name":"Paddle boat AMBER 250"}]},{"@type":"WebSite","@id":"https:\/\/www.waterskis.lv\/en\/#website","url":"https:\/\/www.waterskis.lv\/en\/","name":"WATERSKIS.LV","description":"SUP d\u0113\u013ci, kajaki, kanoe, airu laivas, \u016bdenssl\u0113po\u0161ana, veikbords, SUP d\u0113\u013cu noma, kajaku nomaakt\u012bv\u0101s atp\u016btas centrs, laivu noma, sup noma, kajaku noma","publisher":{"@id":"https:\/\/www.waterskis.lv\/en\/#organization"},"potentialAction":[{"@type":"SearchAction","target":{"@type":"EntryPoint","urlTemplate":"https:\/\/www.waterskis.lv\/en\/?s={search_term_string}"},"query-input":{"@type":"PropertyValueSpecification","valueRequired":true,"valueName":"search_term_string"}}],"inLanguage":"en-US"},{"@type":"Organization","@id":"https:\/\/www.waterskis.lv\/en\/#organization","name":"WATERSKIS.LV","url":"https:\/\/www.waterskis.lv\/en\/","logo":{"@type":"ImageObject","inLanguage":"en-US","@id":"https:\/\/www.waterskis.lv\/en\/#\/schema\/logo\/image\/","url":"https:\/\/www.waterskis.lv\/wp-content\/uploads\/2025\/01\/JUVP-logo.png","contentUrl":"https:\/\/www.waterskis.lv\/wp-content\/uploads\/2025\/01\/JUVP-logo.png","width":421,"height":202,"caption":"WATERSKIS.LV"},"image":{"@id":"https:\/\/www.waterskis.lv\/en\/#\/schema\/logo\/image\/"},"sameAs":["https:\/\/www.facebook.com\/jurmalawaterskiwakeboardpark\/"]}]}},"_links":{"self":[{"href":"https:\/\/www.waterskis.lv\/en\/wp-json\/wp\/v2\/product\/28179","targetHints":{"allow":["GET"]}}],"collection":[{"href":"https:\/\/www.waterskis.lv\/en\/wp-json\/wp\/v2\/product"}],"about":[{"href":"https:\/\/www.waterskis.lv\/en\/wp-json\/wp\/v2\/types\/product"}],"replies":[{"embeddable":true,"href":"https:\/\/www.waterskis.lv\/en\/wp-json\/wp\/v2\/comments?post=28179"}],"wp:featuredmedia":[{"embeddable":true,"href":"https:\/\/www.waterskis.lv\/en\/wp-json\/wp\/v2\/media\/27874"}],"wp:attachment":[{"href":"https:\/\/www.waterskis.lv\/en\/wp-json\/wp\/v2\/media?parent=28179"}],"wp:term":[{"taxonomy":"product_brand","embeddable":true,"href":"https:\/\/www.waterskis.lv\/en\/wp-json\/wp\/v2\/product_brand?post=28179"},{"taxonomy":"product_cat","embeddable":true,"href":"https:\/\/www.waterskis.lv\/en\/wp-json\/wp\/v2\/product_cat?post=28179"},{"taxonomy":"product_tag","embeddable":true,"href":"https:\/\/www.waterskis.lv\/en\/wp-json\/wp\/v2\/product_tag?post=28179"}],"curies":[{"name":"wp","href":"https:\/\/api.w.org\/{rel}","templated":true}]}}