{"id":28183,"date":"2021-03-30T17:24:33","date_gmt":"2021-03-30T14:24:33","guid":{"rendered":"https:\/\/www.waterskis.lv\/products\/kanoe-laiva-kano-540\/"},"modified":"2026-02-02T18:06:52","modified_gmt":"2026-02-02T16:06:52","slug":"canoe-boat-kano-540","status":"publish","type":"product","link":"https:\/\/www.waterskis.lv\/en\/product\/canoe-boat-kano-540\/","title":{"rendered":"Canoe boat KANO 540"},"content":{"rendered":"<h1>Canoe boat KANO 540<\/h1>\n<p>Canoe boat KANO 540<\/p>\n<p><b>Scandinavian designed canoe boat<\/b><\/p>\n<p class=\"moze-justify\">KANO 440 has enough space for the entire family with the equipment. Boat quickly stabilizes after heeling. Two air pockets (in front and back) ensure that the boat after overturning turns back, and so it float on free flatbed when it is full of water. Air pockets have special can what allows condensate to drain out when boat is overturned. Long, elegant boat keel creates a good directional stability. KANO 440 boat is light, so it is easy to move and transport it.<\/p>\n<p>Boat is ideal for recreational trips, hunting, fishing or boat rent.<\/p>\n<p><b>Technical features:<\/b><\/p>\n<ul type=\"disc\">\n<li>Length: 540 cm<\/li>\n<li>Width: 75 cm<\/li>\n<li>Weight: 43 kg<\/li>\n<li>Seats: 5<\/li>\n<li>Two crosspieces take care of hull rigidity and are suitable for fixing the luggage<\/li>\n<\/ul>\n<p><b>Additionally:<\/b><\/p>\n<ul type=\"disc\">\n<li>Canoe paddles<\/li>\n<li>Fishing rod holders<\/li>\n<li>Mooring eyes<\/li>\n<li>Clamp<\/li>\n<li>Safety equipment<\/li>\n<\/ul>\n","protected":false},"excerpt":{"rendered":"<p>https:\/\/www.youtube.com\/watch?v=1ecWb8A6C5I [&#8230;]<\/p>\n<p><a class=\"btn btn-secondary understrap-read-more-link\" href=\"https:\/\/www.waterskis.lv\/en\/product\/canoe-boat-kano-540\/\">Read More&#8230;<\/a><\/p>\n","protected":false},"featured_media":28149,"comment_status":"closed","ping_status":"closed","template":"","meta":{"_acf_changed":false,"inline_featured_image":false},"product_brand":[2766],"product_cat":[497,943],"product_tag":[3296,3294,3295,3297,3298],"class_list":{"0":"post-28183","1":"product","2":"type-product","3":"status-publish","4":"has-post-thumbnail","6":"product_brand-amberlat","7":"product_cat-canoe-boats","8":"product_cat-fiberglass-canoe-boats","9":"product_tag-fiberglass-canoe-boats","10":"product_tag-kanoe-laivas","11":"product_tag-kanoe-laivas-no-stiklaskiedras","12":"product_tag-3297","13":"product_tag-3298","15":"first","16":"instock","17":"shipping-taxable","18":"purchasable","19":"product-type-simple"},"acf":[],"yoast_head":"<!-- This site is optimized with the Yoast SEO plugin v27.4 - https:\/\/yoast.com\/product\/yoast-seo-wordpress\/ -->\n<title>Canoe boat KANO 540 - WATERSKIS.LV<\/title>\n<meta name=\"description\" content=\"Canoe boat KANO 540 fiberglass. KANO 440 has enough space for the entire family with the equipment. Boat quickly stabilizes after heeling.\" \/>\n<meta name=\"robots\" content=\"index, follow, max-snippet:-1, max-image-preview:large, max-video-preview:-1\" \/>\n<link rel=\"canonical\" href=\"https:\/\/www.waterskis.lv\/en\/product\/canoe-boat-kano-540\/\" \/>\n<meta property=\"og:locale\" content=\"en_US\" \/>\n<meta property=\"og:type\" content=\"article\" \/>\n<meta property=\"og:title\" content=\"Canoe boat KANO 540\" \/>\n<meta property=\"og:description\" content=\"Canoe boat KANO 540 has enough space for the whole family with equipment. The boat stabilizes quickly after tilting to the side. Two air pockets at the bow and stern of the boat ensure that the canoe turns back on its own when overturned and that it floats freeboard when it is full of water. The pockets have a flow-through, so the condensate is drained out when the boat is turned ashore. The long, elegant keel of the boat creates good directional stability. Canoe boat The KANO 540 boat is light, so it is easy to move and transport. The boat is perfect for recreational trips, hunting, fishing or boat rental. Technical specification: Length: 540 cm Width: 75 cm Weight: 43 kg Number of seats: 5 rigidity and are suitable for securing luggage\" \/>\n<meta property=\"og:url\" content=\"https:\/\/www.waterskis.lv\/en\/product\/canoe-boat-kano-540\/\" \/>\n<meta property=\"og:site_name\" content=\"WATERSKIS.LV\" \/>\n<meta property=\"article:publisher\" content=\"https:\/\/www.facebook.com\/jurmalawaterskiwakeboardpark\/\" \/>\n<meta property=\"article:modified_time\" content=\"2026-02-02T16:06:52+00:00\" \/>\n<meta property=\"og:image\" content=\"https:\/\/www.waterskis.lv\/wp-content\/uploads\/2021\/03\/K440-4.jpg\" \/>\n<meta name=\"twitter:card\" content=\"summary_large_image\" \/>\n<meta name=\"twitter:label1\" content=\"Est. reading time\" \/>\n\t<meta name=\"twitter:data1\" content=\"1 minute\" \/>\n<script type=\"application\/ld+json\" class=\"yoast-schema-graph\">{\"@context\":\"https:\\\/\\\/schema.org\",\"@graph\":[{\"@type\":\"WebPage\",\"@id\":\"https:\\\/\\\/www.waterskis.lv\\\/en\\\/product\\\/canoe-boat-kano-540\\\/\",\"url\":\"https:\\\/\\\/www.waterskis.lv\\\/en\\\/product\\\/canoe-boat-kano-540\\\/\",\"name\":\"Canoe boat KANO 540 - WATERSKIS.LV\",\"isPartOf\":{\"@id\":\"https:\\\/\\\/www.waterskis.lv\\\/en\\\/#website\"},\"primaryImageOfPage\":{\"@id\":\"https:\\\/\\\/www.waterskis.lv\\\/en\\\/product\\\/canoe-boat-kano-540\\\/#primaryimage\"},\"image\":{\"@id\":\"https:\\\/\\\/www.waterskis.lv\\\/en\\\/product\\\/canoe-boat-kano-540\\\/#primaryimage\"},\"thumbnailUrl\":\"https:\\\/\\\/www.waterskis.lv\\\/wp-content\\\/uploads\\\/2021\\\/03\\\/K540.jpg\",\"datePublished\":\"2021-03-30T14:24:33+00:00\",\"dateModified\":\"2026-02-02T16:06:52+00:00\",\"description\":\"Canoe boat KANO 540 fiberglass. KANO 440 has enough space for the entire family with the equipment. Boat quickly stabilizes after heeling.\",\"breadcrumb\":{\"@id\":\"https:\\\/\\\/www.waterskis.lv\\\/en\\\/product\\\/canoe-boat-kano-540\\\/#breadcrumb\"},\"inLanguage\":\"en-US\",\"potentialAction\":[{\"@type\":\"ReadAction\",\"target\":[\"https:\\\/\\\/www.waterskis.lv\\\/en\\\/product\\\/canoe-boat-kano-540\\\/\"]}]},{\"@type\":\"ImageObject\",\"inLanguage\":\"en-US\",\"@id\":\"https:\\\/\\\/www.waterskis.lv\\\/en\\\/product\\\/canoe-boat-kano-540\\\/#primaryimage\",\"url\":\"https:\\\/\\\/www.waterskis.lv\\\/wp-content\\\/uploads\\\/2021\\\/03\\\/K540.jpg\",\"contentUrl\":\"https:\\\/\\\/www.waterskis.lv\\\/wp-content\\\/uploads\\\/2021\\\/03\\\/K540.jpg\",\"width\":280,\"height\":200,\"caption\":\"Canoe boat KANO 540\"},{\"@type\":\"BreadcrumbList\",\"@id\":\"https:\\\/\\\/www.waterskis.lv\\\/en\\\/product\\\/canoe-boat-kano-540\\\/#breadcrumb\",\"itemListElement\":[{\"@type\":\"ListItem\",\"position\":1,\"name\":\"Home\",\"item\":\"https:\\\/\\\/www.waterskis.lv\\\/en\\\/\"},{\"@type\":\"ListItem\",\"position\":2,\"name\":\"Shop\",\"item\":\"https:\\\/\\\/waterskis.lv\\\/en\\\/shop\\\/\"},{\"@type\":\"ListItem\",\"position\":3,\"name\":\"Canoe boat KANO 540\"}]},{\"@type\":\"WebSite\",\"@id\":\"https:\\\/\\\/www.waterskis.lv\\\/en\\\/#website\",\"url\":\"https:\\\/\\\/www.waterskis.lv\\\/en\\\/\",\"name\":\"WATERSKIS.LV\",\"description\":\"SUP d\u0113\u013ci, kajaki, kanoe, airu laivas, \u016bdenssl\u0113po\u0161ana, veikbords, SUP d\u0113\u013cu noma, kajaku nomaakt\u012bv\u0101s atp\u016btas centrs, laivu noma, sup noma, kajaku noma\",\"publisher\":{\"@id\":\"https:\\\/\\\/www.waterskis.lv\\\/en\\\/#organization\"},\"potentialAction\":[{\"@type\":\"SearchAction\",\"target\":{\"@type\":\"EntryPoint\",\"urlTemplate\":\"https:\\\/\\\/www.waterskis.lv\\\/en\\\/?s={search_term_string}\"},\"query-input\":{\"@type\":\"PropertyValueSpecification\",\"valueRequired\":true,\"valueName\":\"search_term_string\"}}],\"inLanguage\":\"en-US\"},{\"@type\":\"Organization\",\"@id\":\"https:\\\/\\\/www.waterskis.lv\\\/en\\\/#organization\",\"name\":\"WATERSKIS.LV\",\"url\":\"https:\\\/\\\/www.waterskis.lv\\\/en\\\/\",\"logo\":{\"@type\":\"ImageObject\",\"inLanguage\":\"en-US\",\"@id\":\"https:\\\/\\\/www.waterskis.lv\\\/en\\\/#\\\/schema\\\/logo\\\/image\\\/\",\"url\":\"https:\\\/\\\/www.waterskis.lv\\\/wp-content\\\/uploads\\\/2025\\\/01\\\/JUVP-logo.png\",\"contentUrl\":\"https:\\\/\\\/www.waterskis.lv\\\/wp-content\\\/uploads\\\/2025\\\/01\\\/JUVP-logo.png\",\"width\":421,\"height\":202,\"caption\":\"WATERSKIS.LV\"},\"image\":{\"@id\":\"https:\\\/\\\/www.waterskis.lv\\\/en\\\/#\\\/schema\\\/logo\\\/image\\\/\"},\"sameAs\":[\"https:\\\/\\\/www.facebook.com\\\/jurmalawaterskiwakeboardpark\\\/\"]}]}<\/script>\n<!-- \/ Yoast SEO plugin. -->","yoast_head_json":{"title":"Canoe boat KANO 540 - WATERSKIS.LV","description":"Canoe boat KANO 540 fiberglass. KANO 440 has enough space for the entire family with the equipment. Boat quickly stabilizes after heeling.","robots":{"index":"index","follow":"follow","max-snippet":"max-snippet:-1","max-image-preview":"max-image-preview:large","max-video-preview":"max-video-preview:-1"},"canonical":"https:\/\/www.waterskis.lv\/en\/product\/canoe-boat-kano-540\/","og_locale":"en_US","og_type":"article","og_title":"Canoe boat KANO 540","og_description":"Canoe boat KANO 540 has enough space for the whole family with equipment. The boat stabilizes quickly after tilting to the side. Two air pockets at the bow and stern of the boat ensure that the canoe turns back on its own when overturned and that it floats freeboard when it is full of water. The pockets have a flow-through, so the condensate is drained out when the boat is turned ashore. The long, elegant keel of the boat creates good directional stability. Canoe boat The KANO 540 boat is light, so it is easy to move and transport. The boat is perfect for recreational trips, hunting, fishing or boat rental. Technical specification: Length: 540 cm Width: 75 cm Weight: 43 kg Number of seats: 5 rigidity and are suitable for securing luggage","og_url":"https:\/\/www.waterskis.lv\/en\/product\/canoe-boat-kano-540\/","og_site_name":"WATERSKIS.LV","article_publisher":"https:\/\/www.facebook.com\/jurmalawaterskiwakeboardpark\/","article_modified_time":"2026-02-02T16:06:52+00:00","og_image":[{"url":"https:\/\/www.waterskis.lv\/wp-content\/uploads\/2021\/03\/K440-4.jpg","type":"","width":"","height":""}],"twitter_card":"summary_large_image","twitter_misc":{"Est. reading time":"1 minute"},"schema":{"@context":"https:\/\/schema.org","@graph":[{"@type":"WebPage","@id":"https:\/\/www.waterskis.lv\/en\/product\/canoe-boat-kano-540\/","url":"https:\/\/www.waterskis.lv\/en\/product\/canoe-boat-kano-540\/","name":"Canoe boat KANO 540 - WATERSKIS.LV","isPartOf":{"@id":"https:\/\/www.waterskis.lv\/en\/#website"},"primaryImageOfPage":{"@id":"https:\/\/www.waterskis.lv\/en\/product\/canoe-boat-kano-540\/#primaryimage"},"image":{"@id":"https:\/\/www.waterskis.lv\/en\/product\/canoe-boat-kano-540\/#primaryimage"},"thumbnailUrl":"https:\/\/www.waterskis.lv\/wp-content\/uploads\/2021\/03\/K540.jpg","datePublished":"2021-03-30T14:24:33+00:00","dateModified":"2026-02-02T16:06:52+00:00","description":"Canoe boat KANO 540 fiberglass. KANO 440 has enough space for the entire family with the equipment. Boat quickly stabilizes after heeling.","breadcrumb":{"@id":"https:\/\/www.waterskis.lv\/en\/product\/canoe-boat-kano-540\/#breadcrumb"},"inLanguage":"en-US","potentialAction":[{"@type":"ReadAction","target":["https:\/\/www.waterskis.lv\/en\/product\/canoe-boat-kano-540\/"]}]},{"@type":"ImageObject","inLanguage":"en-US","@id":"https:\/\/www.waterskis.lv\/en\/product\/canoe-boat-kano-540\/#primaryimage","url":"https:\/\/www.waterskis.lv\/wp-content\/uploads\/2021\/03\/K540.jpg","contentUrl":"https:\/\/www.waterskis.lv\/wp-content\/uploads\/2021\/03\/K540.jpg","width":280,"height":200,"caption":"Canoe boat KANO 540"},{"@type":"BreadcrumbList","@id":"https:\/\/www.waterskis.lv\/en\/product\/canoe-boat-kano-540\/#breadcrumb","itemListElement":[{"@type":"ListItem","position":1,"name":"Home","item":"https:\/\/www.waterskis.lv\/en\/"},{"@type":"ListItem","position":2,"name":"Shop","item":"https:\/\/waterskis.lv\/en\/shop\/"},{"@type":"ListItem","position":3,"name":"Canoe boat KANO 540"}]},{"@type":"WebSite","@id":"https:\/\/www.waterskis.lv\/en\/#website","url":"https:\/\/www.waterskis.lv\/en\/","name":"WATERSKIS.LV","description":"SUP d\u0113\u013ci, kajaki, kanoe, airu laivas, \u016bdenssl\u0113po\u0161ana, veikbords, SUP d\u0113\u013cu noma, kajaku nomaakt\u012bv\u0101s atp\u016btas centrs, laivu noma, sup noma, kajaku noma","publisher":{"@id":"https:\/\/www.waterskis.lv\/en\/#organization"},"potentialAction":[{"@type":"SearchAction","target":{"@type":"EntryPoint","urlTemplate":"https:\/\/www.waterskis.lv\/en\/?s={search_term_string}"},"query-input":{"@type":"PropertyValueSpecification","valueRequired":true,"valueName":"search_term_string"}}],"inLanguage":"en-US"},{"@type":"Organization","@id":"https:\/\/www.waterskis.lv\/en\/#organization","name":"WATERSKIS.LV","url":"https:\/\/www.waterskis.lv\/en\/","logo":{"@type":"ImageObject","inLanguage":"en-US","@id":"https:\/\/www.waterskis.lv\/en\/#\/schema\/logo\/image\/","url":"https:\/\/www.waterskis.lv\/wp-content\/uploads\/2025\/01\/JUVP-logo.png","contentUrl":"https:\/\/www.waterskis.lv\/wp-content\/uploads\/2025\/01\/JUVP-logo.png","width":421,"height":202,"caption":"WATERSKIS.LV"},"image":{"@id":"https:\/\/www.waterskis.lv\/en\/#\/schema\/logo\/image\/"},"sameAs":["https:\/\/www.facebook.com\/jurmalawaterskiwakeboardpark\/"]}]}},"_links":{"self":[{"href":"https:\/\/www.waterskis.lv\/en\/wp-json\/wp\/v2\/product\/28183","targetHints":{"allow":["GET"]}}],"collection":[{"href":"https:\/\/www.waterskis.lv\/en\/wp-json\/wp\/v2\/product"}],"about":[{"href":"https:\/\/www.waterskis.lv\/en\/wp-json\/wp\/v2\/types\/product"}],"replies":[{"embeddable":true,"href":"https:\/\/www.waterskis.lv\/en\/wp-json\/wp\/v2\/comments?post=28183"}],"wp:featuredmedia":[{"embeddable":true,"href":"https:\/\/www.waterskis.lv\/en\/wp-json\/wp\/v2\/media\/28149"}],"wp:attachment":[{"href":"https:\/\/www.waterskis.lv\/en\/wp-json\/wp\/v2\/media?parent=28183"}],"wp:term":[{"taxonomy":"product_brand","embeddable":true,"href":"https:\/\/www.waterskis.lv\/en\/wp-json\/wp\/v2\/product_brand?post=28183"},{"taxonomy":"product_cat","embeddable":true,"href":"https:\/\/www.waterskis.lv\/en\/wp-json\/wp\/v2\/product_cat?post=28183"},{"taxonomy":"product_tag","embeddable":true,"href":"https:\/\/www.waterskis.lv\/en\/wp-json\/wp\/v2\/product_tag?post=28183"}],"curies":[{"name":"wp","href":"https:\/\/api.w.org\/{rel}","templated":true}]}}