{"id":28197,"date":"2021-03-26T08:14:15","date_gmt":"2021-03-26T05:14:15","guid":{"rendered":"https:\/\/www.waterskis.lv\/products\/airu-laiva-amber-310\/"},"modified":"2026-02-04T19:10:18","modified_gmt":"2026-02-04T17:10:18","slug":"paddle-boat-amber-310","status":"publish","type":"product","link":"https:\/\/www.waterskis.lv\/en\/product\/paddle-boat-amber-310\/","title":{"rendered":"Paddle boat AMBER 310"},"content":{"rendered":"<h1>Paddle boat AMBER 310<\/h1>\n<p>Paddle boat AMBER 310<\/p>\n<p class=\"moze-justify\"><b>Lightweight, compact and mobile boat<\/b><\/p>\n<p class=\"moze-justify\">One of the most lightest and mobile of our manufactured boat model.<\/p>\n<p class=\"moze-justify\">Because of the size and weight the boat will be easy to store and carry on the car roof.<\/p>\n<p class=\"moze-justify\">Developed design allows it to easily overcome water resistance.<\/p>\n<p class=\"moze-justify\"><b>Trimaran type aqua soaring boat<\/b><\/p>\n<p class=\"moze-justify\">Three keels that placed under the boat floor for user enables to keep stable direction when driving.<\/p>\n<p class=\"moze-justify\">With 5 h\/p motors for the boat, by moving off the front little bit takes off and stats aqua soaring.<\/p>\n<p class=\"moze-justify\">By aqua soaring from middle keel to side keels underneath the boat is forming airbag, which enables fast pick up speed and softens motion.<\/p>\n<p class=\"moze-justify\"><b>Safe and stable boat<\/b><\/p>\n<p class=\"moze-justify\">In the performance of our company`s key &#8211; security and stability &#8211; boat is loaded with the air bags in front and back.<\/p>\n<p class=\"moze-justify\">Keels are filled with foam which makes the boat stable when someone is standing on legs in it, and impossible to sink.<\/p>\n<p class=\"moze-justify\">In our companies ordered safety checks during the time when the boat is filled with water and there is driver in it, the boat is not sinking.<\/p>\n<p class=\"moze-justify\"><b>Rowing boat with chance to add a engine<\/b><\/p>\n<p class=\"moze-justify\">AMBER 310 is constructed as a single-hull design so it is easy to move by paddling, as well as by added power assistance .<\/p>\n<p class=\"moze-justify\">It is possible for it to install the electric motor as well as gasoline engine with capacity up to 5 h\/p.<\/p>\n<p class=\"moze-justify\"><b>The basic model and added options<\/b><\/p>\n<p class=\"moze-justify\">Basic model of boat is available in white, gray or green color, equipped with oars holders and metal eyelets on the front and back of the boat for boat strengthening.<\/p>\n<p class=\"moze-justify\">To complete boat to your desire, check out our proposed additional equipment.<\/p>\n<p class=\"moze-justify\">If you want something special &#8211; please contact us &#8211; we are pleased to implement non-standard orders.<\/p>\n<p class=\"moze-justify\"><b>Technical features: Paddle boat AMBER 310<\/b><\/p>\n<ul>\n<li>Length: 315 cm<\/li>\n<li>Width: 134 cm<\/li>\n<li>Height: 0,40 m<\/li>\n<li>Weight: 40 kg<\/li>\n<li>Capacity: 230 kg<\/li>\n<li>Seats: 2<\/li>\n<li>Engine: up to 5 HP<\/li>\n<\/ul>\n<p><img decoding=\"async\" src=\"https:\/\/site-357498.mozfiles.com\/files\/357498\/medium\/2-9.jpg\" alt=\"2-9.jpg\" \/><\/p>\n<p><img decoding=\"async\" src=\"https:\/\/site-357498.mozfiles.com\/files\/357498\/medium\/1-8.jpg\" alt=\"1-8.jpg\" \/><\/p>\n<p class=\"moze-justify\"><u><b>Possible additional equipment:<\/b><\/u><\/p>\n<ul>\n<li>Hermetically sealed luggage storage boxes<\/li>\n<li>Moveable or removable middle chair<\/li>\n<li>Side pontoons<\/li>\n<li>Back bulkhead<\/li>\n<li>Gasoline supply<\/li>\n<li>Water runoff<\/li>\n<li>Stainless steel hoops on keels<\/li>\n<li>Wheels for boat moving<\/li>\n<li>Handles<\/li>\n<li>Rotary angling chair<\/li>\n<li>Boat tent of roof construction<\/li>\n<li>Oars<\/li>\n<li>Console and steering system (if it is not included in standard boat set)<\/li>\n<li>Motorshaft transition<\/li>\n<\/ul>\n","protected":false},"excerpt":{"rendered":"<p><img decoding=\"async\" src=\"https:\/\/site-357498.mozfiles.com\/files\/357498\/medium\/2-9.jpg\" alt=\"2-9.jpg\" \/> [&#8230;]<\/p>\n<p><a class=\"btn btn-secondary understrap-read-more-link\" href=\"https:\/\/www.waterskis.lv\/en\/product\/paddle-boat-amber-310\/\">Read More&#8230;<\/a><\/p>\n","protected":false},"featured_media":27893,"comment_status":"closed","ping_status":"closed","template":"","meta":{"_acf_changed":false,"inline_featured_image":false},"product_brand":[2766],"product_cat":[571,944],"product_tag":[2769,3337,3338,2771,2772,3339,3340,2773,3341,3342,3343,3344,3345,3346,3347],"class_list":{"0":"post-28197","1":"product","2":"type-product","3":"status-publish","4":"has-post-thumbnail","6":"product_brand-amberlat","7":"product_cat-boats","8":"product_cat-fiberglass-paddle-boats","9":"product_tag-airu-laiva","10":"product_tag-airu-laivas","11":"product_tag-amber","12":"product_tag-amber-laivas","13":"product_tag-amberlat","14":"product_tag-boats","15":"product_tag-fiberglass-boats","16":"product_tag-laivas","17":"product_tag-paddle-boats","18":"product_tag-rowing-boats","19":"product_tag-stiklaskiedras-laivas","20":"product_tag-3344","21":"product_tag-3345","22":"product_tag-3346","23":"product_tag-3347","25":"first","26":"instock","27":"shipping-taxable","28":"purchasable","29":"product-type-simple"},"acf":[],"yoast_head":"<!-- This site is optimized with the Yoast SEO plugin v27.3 - https:\/\/yoast.com\/product\/yoast-seo-wordpress\/ -->\n<title>Paddle boat AMBER 310 - WATERSKIS.LV<\/title>\n<meta name=\"description\" content=\"Paddle boat AMBER 310. Trimaran type aqua soaring boat. Three keels that placed under the boat floor for user enables to keep stable direction when driving.\" \/>\n<meta name=\"robots\" content=\"index, follow, max-snippet:-1, max-image-preview:large, max-video-preview:-1\" \/>\n<link rel=\"canonical\" href=\"https:\/\/www.waterskis.lv\/en\/product\/paddle-boat-amber-310\/\" \/>\n<meta property=\"og:locale\" content=\"en_US\" \/>\n<meta property=\"og:type\" content=\"article\" \/>\n<meta property=\"og:title\" content=\"Paddle boat AMBER 310\" \/>\n<meta property=\"og:description\" content=\"Paddle boat AMBER 310\" \/>\n<meta property=\"og:url\" content=\"https:\/\/www.waterskis.lv\/en\/product\/paddle-boat-amber-310\/\" \/>\n<meta property=\"og:site_name\" content=\"WATERSKIS.LV\" \/>\n<meta property=\"article:publisher\" content=\"https:\/\/www.facebook.com\/jurmalawaterskiwakeboardpark\/\" \/>\n<meta property=\"article:modified_time\" content=\"2026-02-04T17:10:18+00:00\" \/>\n<meta property=\"og:image\" content=\"https:\/\/www.waterskis.lv\/wp-content\/uploads\/2021\/03\/Amber310-1.jpg\" \/>\n<meta name=\"twitter:card\" content=\"summary_large_image\" \/>\n<meta name=\"twitter:label1\" content=\"Est. reading time\" \/>\n\t<meta name=\"twitter:data1\" content=\"3 minutes\" \/>\n<script type=\"application\/ld+json\" class=\"yoast-schema-graph\">{\"@context\":\"https:\\\/\\\/schema.org\",\"@graph\":[{\"@type\":\"WebPage\",\"@id\":\"https:\\\/\\\/www.waterskis.lv\\\/en\\\/product\\\/paddle-boat-amber-310\\\/\",\"url\":\"https:\\\/\\\/www.waterskis.lv\\\/en\\\/product\\\/paddle-boat-amber-310\\\/\",\"name\":\"Paddle boat AMBER 310 - WATERSKIS.LV\",\"isPartOf\":{\"@id\":\"https:\\\/\\\/www.waterskis.lv\\\/en\\\/#website\"},\"primaryImageOfPage\":{\"@id\":\"https:\\\/\\\/www.waterskis.lv\\\/en\\\/product\\\/paddle-boat-amber-310\\\/#primaryimage\"},\"image\":{\"@id\":\"https:\\\/\\\/www.waterskis.lv\\\/en\\\/product\\\/paddle-boat-amber-310\\\/#primaryimage\"},\"thumbnailUrl\":\"https:\\\/\\\/www.waterskis.lv\\\/wp-content\\\/uploads\\\/2021\\\/03\\\/Amber310.jpg\",\"datePublished\":\"2021-03-26T05:14:15+00:00\",\"dateModified\":\"2026-02-04T17:10:18+00:00\",\"description\":\"Paddle boat AMBER 310. Trimaran type aqua soaring boat. Three keels that placed under the boat floor for user enables to keep stable direction when driving.\",\"breadcrumb\":{\"@id\":\"https:\\\/\\\/www.waterskis.lv\\\/en\\\/product\\\/paddle-boat-amber-310\\\/#breadcrumb\"},\"inLanguage\":\"en-US\",\"potentialAction\":[{\"@type\":\"ReadAction\",\"target\":[\"https:\\\/\\\/www.waterskis.lv\\\/en\\\/product\\\/paddle-boat-amber-310\\\/\"]}]},{\"@type\":\"ImageObject\",\"inLanguage\":\"en-US\",\"@id\":\"https:\\\/\\\/www.waterskis.lv\\\/en\\\/product\\\/paddle-boat-amber-310\\\/#primaryimage\",\"url\":\"https:\\\/\\\/www.waterskis.lv\\\/wp-content\\\/uploads\\\/2021\\\/03\\\/Amber310.jpg\",\"contentUrl\":\"https:\\\/\\\/www.waterskis.lv\\\/wp-content\\\/uploads\\\/2021\\\/03\\\/Amber310.jpg\",\"width\":280,\"height\":200,\"caption\":\"Paddle boat AMBER 310\"},{\"@type\":\"BreadcrumbList\",\"@id\":\"https:\\\/\\\/www.waterskis.lv\\\/en\\\/product\\\/paddle-boat-amber-310\\\/#breadcrumb\",\"itemListElement\":[{\"@type\":\"ListItem\",\"position\":1,\"name\":\"Home\",\"item\":\"https:\\\/\\\/www.waterskis.lv\\\/en\\\/\"},{\"@type\":\"ListItem\",\"position\":2,\"name\":\"Shop\",\"item\":\"https:\\\/\\\/waterskis.lv\\\/en\\\/shop\\\/\"},{\"@type\":\"ListItem\",\"position\":3,\"name\":\"Paddle boat AMBER 310\"}]},{\"@type\":\"WebSite\",\"@id\":\"https:\\\/\\\/www.waterskis.lv\\\/en\\\/#website\",\"url\":\"https:\\\/\\\/www.waterskis.lv\\\/en\\\/\",\"name\":\"WATERSKIS.LV\",\"description\":\"SUP d\u0113\u013ci, kajaki, kanoe, airu laivas, \u016bdenssl\u0113po\u0161ana, veikbords, SUP d\u0113\u013cu noma, kajaku nomaakt\u012bv\u0101s atp\u016btas centrs, laivu noma, sup noma, kajaku noma\",\"publisher\":{\"@id\":\"https:\\\/\\\/www.waterskis.lv\\\/en\\\/#organization\"},\"potentialAction\":[{\"@type\":\"SearchAction\",\"target\":{\"@type\":\"EntryPoint\",\"urlTemplate\":\"https:\\\/\\\/www.waterskis.lv\\\/en\\\/?s={search_term_string}\"},\"query-input\":{\"@type\":\"PropertyValueSpecification\",\"valueRequired\":true,\"valueName\":\"search_term_string\"}}],\"inLanguage\":\"en-US\"},{\"@type\":\"Organization\",\"@id\":\"https:\\\/\\\/www.waterskis.lv\\\/en\\\/#organization\",\"name\":\"WATERSKIS.LV\",\"url\":\"https:\\\/\\\/www.waterskis.lv\\\/en\\\/\",\"logo\":{\"@type\":\"ImageObject\",\"inLanguage\":\"en-US\",\"@id\":\"https:\\\/\\\/www.waterskis.lv\\\/en\\\/#\\\/schema\\\/logo\\\/image\\\/\",\"url\":\"https:\\\/\\\/www.waterskis.lv\\\/wp-content\\\/uploads\\\/2025\\\/01\\\/JUVP-logo.png\",\"contentUrl\":\"https:\\\/\\\/www.waterskis.lv\\\/wp-content\\\/uploads\\\/2025\\\/01\\\/JUVP-logo.png\",\"width\":421,\"height\":202,\"caption\":\"WATERSKIS.LV\"},\"image\":{\"@id\":\"https:\\\/\\\/www.waterskis.lv\\\/en\\\/#\\\/schema\\\/logo\\\/image\\\/\"},\"sameAs\":[\"https:\\\/\\\/www.facebook.com\\\/jurmalawaterskiwakeboardpark\\\/\"]}]}<\/script>\n<!-- \/ Yoast SEO plugin. -->","yoast_head_json":{"title":"Paddle boat AMBER 310 - WATERSKIS.LV","description":"Paddle boat AMBER 310. Trimaran type aqua soaring boat. Three keels that placed under the boat floor for user enables to keep stable direction when driving.","robots":{"index":"index","follow":"follow","max-snippet":"max-snippet:-1","max-image-preview":"max-image-preview:large","max-video-preview":"max-video-preview:-1"},"canonical":"https:\/\/www.waterskis.lv\/en\/product\/paddle-boat-amber-310\/","og_locale":"en_US","og_type":"article","og_title":"Paddle boat AMBER 310","og_description":"Paddle boat AMBER 310","og_url":"https:\/\/www.waterskis.lv\/en\/product\/paddle-boat-amber-310\/","og_site_name":"WATERSKIS.LV","article_publisher":"https:\/\/www.facebook.com\/jurmalawaterskiwakeboardpark\/","article_modified_time":"2026-02-04T17:10:18+00:00","og_image":[{"url":"https:\/\/www.waterskis.lv\/wp-content\/uploads\/2021\/03\/Amber310-1.jpg","type":"","width":"","height":""}],"twitter_card":"summary_large_image","twitter_misc":{"Est. reading time":"3 minutes"},"schema":{"@context":"https:\/\/schema.org","@graph":[{"@type":"WebPage","@id":"https:\/\/www.waterskis.lv\/en\/product\/paddle-boat-amber-310\/","url":"https:\/\/www.waterskis.lv\/en\/product\/paddle-boat-amber-310\/","name":"Paddle boat AMBER 310 - WATERSKIS.LV","isPartOf":{"@id":"https:\/\/www.waterskis.lv\/en\/#website"},"primaryImageOfPage":{"@id":"https:\/\/www.waterskis.lv\/en\/product\/paddle-boat-amber-310\/#primaryimage"},"image":{"@id":"https:\/\/www.waterskis.lv\/en\/product\/paddle-boat-amber-310\/#primaryimage"},"thumbnailUrl":"https:\/\/www.waterskis.lv\/wp-content\/uploads\/2021\/03\/Amber310.jpg","datePublished":"2021-03-26T05:14:15+00:00","dateModified":"2026-02-04T17:10:18+00:00","description":"Paddle boat AMBER 310. Trimaran type aqua soaring boat. Three keels that placed under the boat floor for user enables to keep stable direction when driving.","breadcrumb":{"@id":"https:\/\/www.waterskis.lv\/en\/product\/paddle-boat-amber-310\/#breadcrumb"},"inLanguage":"en-US","potentialAction":[{"@type":"ReadAction","target":["https:\/\/www.waterskis.lv\/en\/product\/paddle-boat-amber-310\/"]}]},{"@type":"ImageObject","inLanguage":"en-US","@id":"https:\/\/www.waterskis.lv\/en\/product\/paddle-boat-amber-310\/#primaryimage","url":"https:\/\/www.waterskis.lv\/wp-content\/uploads\/2021\/03\/Amber310.jpg","contentUrl":"https:\/\/www.waterskis.lv\/wp-content\/uploads\/2021\/03\/Amber310.jpg","width":280,"height":200,"caption":"Paddle boat AMBER 310"},{"@type":"BreadcrumbList","@id":"https:\/\/www.waterskis.lv\/en\/product\/paddle-boat-amber-310\/#breadcrumb","itemListElement":[{"@type":"ListItem","position":1,"name":"Home","item":"https:\/\/www.waterskis.lv\/en\/"},{"@type":"ListItem","position":2,"name":"Shop","item":"https:\/\/waterskis.lv\/en\/shop\/"},{"@type":"ListItem","position":3,"name":"Paddle boat AMBER 310"}]},{"@type":"WebSite","@id":"https:\/\/www.waterskis.lv\/en\/#website","url":"https:\/\/www.waterskis.lv\/en\/","name":"WATERSKIS.LV","description":"SUP d\u0113\u013ci, kajaki, kanoe, airu laivas, \u016bdenssl\u0113po\u0161ana, veikbords, SUP d\u0113\u013cu noma, kajaku nomaakt\u012bv\u0101s atp\u016btas centrs, laivu noma, sup noma, kajaku noma","publisher":{"@id":"https:\/\/www.waterskis.lv\/en\/#organization"},"potentialAction":[{"@type":"SearchAction","target":{"@type":"EntryPoint","urlTemplate":"https:\/\/www.waterskis.lv\/en\/?s={search_term_string}"},"query-input":{"@type":"PropertyValueSpecification","valueRequired":true,"valueName":"search_term_string"}}],"inLanguage":"en-US"},{"@type":"Organization","@id":"https:\/\/www.waterskis.lv\/en\/#organization","name":"WATERSKIS.LV","url":"https:\/\/www.waterskis.lv\/en\/","logo":{"@type":"ImageObject","inLanguage":"en-US","@id":"https:\/\/www.waterskis.lv\/en\/#\/schema\/logo\/image\/","url":"https:\/\/www.waterskis.lv\/wp-content\/uploads\/2025\/01\/JUVP-logo.png","contentUrl":"https:\/\/www.waterskis.lv\/wp-content\/uploads\/2025\/01\/JUVP-logo.png","width":421,"height":202,"caption":"WATERSKIS.LV"},"image":{"@id":"https:\/\/www.waterskis.lv\/en\/#\/schema\/logo\/image\/"},"sameAs":["https:\/\/www.facebook.com\/jurmalawaterskiwakeboardpark\/"]}]}},"_links":{"self":[{"href":"https:\/\/www.waterskis.lv\/en\/wp-json\/wp\/v2\/product\/28197","targetHints":{"allow":["GET"]}}],"collection":[{"href":"https:\/\/www.waterskis.lv\/en\/wp-json\/wp\/v2\/product"}],"about":[{"href":"https:\/\/www.waterskis.lv\/en\/wp-json\/wp\/v2\/types\/product"}],"replies":[{"embeddable":true,"href":"https:\/\/www.waterskis.lv\/en\/wp-json\/wp\/v2\/comments?post=28197"}],"wp:featuredmedia":[{"embeddable":true,"href":"https:\/\/www.waterskis.lv\/en\/wp-json\/wp\/v2\/media\/27893"}],"wp:attachment":[{"href":"https:\/\/www.waterskis.lv\/en\/wp-json\/wp\/v2\/media?parent=28197"}],"wp:term":[{"taxonomy":"product_brand","embeddable":true,"href":"https:\/\/www.waterskis.lv\/en\/wp-json\/wp\/v2\/product_brand?post=28197"},{"taxonomy":"product_cat","embeddable":true,"href":"https:\/\/www.waterskis.lv\/en\/wp-json\/wp\/v2\/product_cat?post=28197"},{"taxonomy":"product_tag","embeddable":true,"href":"https:\/\/www.waterskis.lv\/en\/wp-json\/wp\/v2\/product_tag?post=28197"}],"curies":[{"name":"wp","href":"https:\/\/api.w.org\/{rel}","templated":true}]}}