{"id":28200,"date":"2021-03-26T08:18:43","date_gmt":"2021-03-26T05:18:43","guid":{"rendered":"https:\/\/www.waterskis.lv\/products\/airu-laiva-amber-315\/"},"modified":"2026-02-04T19:08:52","modified_gmt":"2026-02-04T17:08:52","slug":"paddle-boat-amber-315","status":"publish","type":"product","link":"https:\/\/www.waterskis.lv\/en\/product\/paddle-boat-amber-315\/","title":{"rendered":"Paddle boat AMBER 315"},"content":{"rendered":"<div>\n<h1>Paddle boat AMBER 315<\/h1>\n<p>Paddle boat AMBER 315<\/p>\n<p class=\"moze-justify\"><b>Compact, comfortable boat.<\/b><\/p>\n<p class=\"moze-justify\">Compact and still one of the lightest models we offer, but with a wider and more comfortable seats. Because of the size and weight the boat will be easy to store and carry on the car roof.<\/p>\n<\/div>\n<div>\n<p class=\"moze-justify\"><b>Trimaran type aqua soaring boat.<\/b><\/p>\n<p class=\"moze-justify\">Three keels that placed under the boat floor for user enables to keep stable direction when driving. With 5 z \/s motors for the boat, by moving off the front little bit takes off and stats aqua soaring. By aqua soaring from middle keel to side keels underneath the boat is forming airbag, which enables fast pick up speed and softens motion.<\/p>\n<\/div>\n<div>\n<p class=\"moze-justify\"><b>Safe and stable boat.<\/b><\/p>\n<p class=\"moze-justify\">In the performance of our company`s key &#8211; security and stability &#8211; boat is loaded with the air bags in front and back. Keels are filled with foam which makes the boat stable when someone is standing on legs in it, and impossible to sink. In our companies ordered safety checks during the time when the boat is filled with water and there is driver in it, the boat is not sinking.<\/p>\n<\/div>\n<div>\n<p class=\"moze-justify\"><b>Rowing boat with chance to add a engine.<\/b><\/p>\n<p class=\"moze-justify\">AMBER 315\u00a0 is easy to move by paddling, as well as by added power assistance (maximum engine capacity 6 HP).<\/p>\n<p class=\"moze-justify\"><b>The basic model and added options.<\/b><\/p>\n<p class=\"moze-justify\">Basic model of boat is available in white, gray or green color, equipped with oars holders and metal eyelets on the front and back of the boat for boat strengthening. To complete boat to your desire, check out our proposed additional equipment. If you want something special &#8211; please contact us &#8211; we are pleased to implement non-standard orders.<\/p>\n<p class=\"moze-justify\"><b>Tehnical features:<\/b><\/p>\n<ul>\n<li>Length: 315 cm<\/li>\n<li>Width: 143 cm<\/li>\n<li>Height: 0,45 m<\/li>\n<li>Weight: 63 kg<\/li>\n<li>Capacity: 297 kg<\/li>\n<li>Seats: 3<\/li>\n<li>Engine: up to 6 HP<\/li>\n<\/ul>\n<p><img decoding=\"async\" src=\"https:\/\/site-357498.mozfiles.com\/files\/357498\/medium\/315__1_.jpg\" alt=\"315__1_.jpg\" \/><\/p>\n<p><img decoding=\"async\" src=\"https:\/\/site-357498.mozfiles.com\/files\/357498\/medium\/315-1.jpg\" alt=\"315-1.jpg\" \/><\/p>\n<p>&nbsp;<\/p>\n<\/div>\n<p class=\"moze-justify\"><u><b>Possible additional equipment:<\/b><\/u><\/p>\n<ul>\n<li>Hermetically sealed luggage storage boxes<\/li>\n<li>Moveable or removable middle chair<\/li>\n<li>Side pontoons<\/li>\n<li>Back buklhead<\/li>\n<li>Gasoline supply<\/li>\n<li>Water runoff<\/li>\n<li>Stainless steel hoops on keels<\/li>\n<li>Wheels for boat moving<\/li>\n<li>Handles<\/li>\n<li>Rotary angling chair<\/li>\n<li>Boat tent of roof construction<\/li>\n<li>Oars<\/li>\n<li>Console and steering system (if it is not included in standard boat set)<\/li>\n<li>Motorshaft transition<\/li>\n<\/ul>\n","protected":false},"excerpt":{"rendered":"<p>[caption id=\"attachment_27908\" align=\"alignnone\" width=\"300\"]<img decoding=\"async\" class=\"size-medium wp-image-27908\" src=\"https:\/\/www.waterskis.lv\/wp-content\/uploads\/2021\/03\/A315-300x201.jpg\" alt=\"Airu laiva AMBER 315\" width=\"300\" height=\"201\" srcset=\"https:\/\/www.waterskis.lv\/wp-content\/uploads\/2021\/03\/A315-300x201.jpg 300w, https:\/\/www.waterskis.lv\/wp-content\/uploads\/2021\/03\/A315-600x402.jpg 600w, https:\/\/www.waterskis.lv\/wp-content\/uploads\/2021\/03\/A315-700x469.jpg 700w, https:\/\/www.waterskis.lv\/wp-content\/uploads\/2021\/03\/A315-768x515.jpg 768w, https:\/\/www.waterskis.lv\/wp-content\/uploads\/2021\/03\/A315.jpg 800w\" sizes=\"(max-width: 300px) 100vw, 300px\" \/> Airu laiva AMBER 315[\/caption] [&#8230;]<\/p>\n<p><a class=\"btn btn-secondary understrap-read-more-link\" href=\"https:\/\/www.waterskis.lv\/en\/product\/paddle-boat-amber-315\/\">Read More&#8230;<\/a><\/p>\n","protected":false},"featured_media":27906,"comment_status":"closed","ping_status":"closed","template":"","meta":{"_acf_changed":false,"inline_featured_image":false},"product_brand":[],"product_cat":[571,944,361],"product_tag":[2770,3337,3338,2771,2772,3339,3340,2773,3341,3342,3343,3344,3345,3346,3347],"class_list":{"0":"post-28200","1":"product","2":"type-product","3":"status-publish","4":"has-post-thumbnail","6":"product_cat-boats","7":"product_cat-fiberglass-paddle-boats","8":"product_cat-sale","9":"product_tag-airu-laiva-makskeresanai","10":"product_tag-airu-laivas","11":"product_tag-amber","12":"product_tag-amber-laivas","13":"product_tag-amberlat","14":"product_tag-boats","15":"product_tag-fiberglass-boats","16":"product_tag-laivas","17":"product_tag-paddle-boats","18":"product_tag-rowing-boats","19":"product_tag-stiklaskiedras-laivas","20":"product_tag-3344","21":"product_tag-3345","22":"product_tag-3346","23":"product_tag-3347","25":"first","26":"instock","27":"sale","28":"shipping-taxable","29":"purchasable","30":"product-type-simple"},"acf":[],"yoast_head":"<!-- This site is optimized with the Yoast SEO plugin v27.5 - https:\/\/yoast.com\/product\/yoast-seo-wordpress\/ -->\n<title>Paddle boat AMBER 315 - WATERSKIS.LV<\/title>\n<meta name=\"description\" content=\"Paddle boat AMBER 315. Trimaran type aqua soaring boat. Compact and still one of the lightest models we offer, but with a wider and more comfortable seats\" \/>\n<meta name=\"robots\" content=\"index, follow, max-snippet:-1, max-image-preview:large, max-video-preview:-1\" \/>\n<link rel=\"canonical\" href=\"https:\/\/www.waterskis.lv\/en\/product\/paddle-boat-amber-315\/\" \/>\n<meta property=\"og:locale\" content=\"en_US\" \/>\n<meta property=\"og:type\" content=\"article\" \/>\n<meta property=\"og:title\" content=\"Paddle boat AMBER 315\" \/>\n<meta property=\"og:description\" content=\"Paddle boat AMBER 315\" \/>\n<meta property=\"og:url\" content=\"https:\/\/www.waterskis.lv\/en\/product\/paddle-boat-amber-315\/\" \/>\n<meta property=\"og:site_name\" content=\"WATERSKIS.LV\" \/>\n<meta property=\"article:publisher\" content=\"https:\/\/www.facebook.com\/jurmalawaterskiwakeboardpark\/\" \/>\n<meta property=\"article:modified_time\" content=\"2026-02-04T17:08:52+00:00\" \/>\n<meta property=\"og:image\" content=\"https:\/\/www.waterskis.lv\/wp-content\/uploads\/2021\/03\/A315-1.jpg\" \/>\n<meta name=\"twitter:card\" content=\"summary_large_image\" \/>\n<meta name=\"twitter:label1\" content=\"Est. reading time\" \/>\n\t<meta name=\"twitter:data1\" content=\"3 minutes\" \/>\n<script type=\"application\/ld+json\" class=\"yoast-schema-graph\">{\"@context\":\"https:\\\/\\\/schema.org\",\"@graph\":[{\"@type\":\"WebPage\",\"@id\":\"https:\\\/\\\/www.waterskis.lv\\\/en\\\/product\\\/paddle-boat-amber-315\\\/\",\"url\":\"https:\\\/\\\/www.waterskis.lv\\\/en\\\/product\\\/paddle-boat-amber-315\\\/\",\"name\":\"Paddle boat AMBER 315 - WATERSKIS.LV\",\"isPartOf\":{\"@id\":\"https:\\\/\\\/www.waterskis.lv\\\/en\\\/#website\"},\"primaryImageOfPage\":{\"@id\":\"https:\\\/\\\/www.waterskis.lv\\\/en\\\/product\\\/paddle-boat-amber-315\\\/#primaryimage\"},\"image\":{\"@id\":\"https:\\\/\\\/www.waterskis.lv\\\/en\\\/product\\\/paddle-boat-amber-315\\\/#primaryimage\"},\"thumbnailUrl\":\"https:\\\/\\\/www.waterskis.lv\\\/wp-content\\\/uploads\\\/2021\\\/03\\\/Amber315.jpg\",\"datePublished\":\"2021-03-26T05:18:43+00:00\",\"dateModified\":\"2026-02-04T17:08:52+00:00\",\"description\":\"Paddle boat AMBER 315. Trimaran type aqua soaring boat. Compact and still one of the lightest models we offer, but with a wider and more comfortable seats\",\"breadcrumb\":{\"@id\":\"https:\\\/\\\/www.waterskis.lv\\\/en\\\/product\\\/paddle-boat-amber-315\\\/#breadcrumb\"},\"inLanguage\":\"en-US\",\"potentialAction\":[{\"@type\":\"ReadAction\",\"target\":[\"https:\\\/\\\/www.waterskis.lv\\\/en\\\/product\\\/paddle-boat-amber-315\\\/\"]}]},{\"@type\":\"ImageObject\",\"inLanguage\":\"en-US\",\"@id\":\"https:\\\/\\\/www.waterskis.lv\\\/en\\\/product\\\/paddle-boat-amber-315\\\/#primaryimage\",\"url\":\"https:\\\/\\\/www.waterskis.lv\\\/wp-content\\\/uploads\\\/2021\\\/03\\\/Amber315.jpg\",\"contentUrl\":\"https:\\\/\\\/www.waterskis.lv\\\/wp-content\\\/uploads\\\/2021\\\/03\\\/Amber315.jpg\",\"width\":280,\"height\":200,\"caption\":\"Paddle boat AMBER 315\"},{\"@type\":\"BreadcrumbList\",\"@id\":\"https:\\\/\\\/www.waterskis.lv\\\/en\\\/product\\\/paddle-boat-amber-315\\\/#breadcrumb\",\"itemListElement\":[{\"@type\":\"ListItem\",\"position\":1,\"name\":\"Home\",\"item\":\"https:\\\/\\\/www.waterskis.lv\\\/en\\\/\"},{\"@type\":\"ListItem\",\"position\":2,\"name\":\"Shop\",\"item\":\"https:\\\/\\\/waterskis.lv\\\/en\\\/shop\\\/\"},{\"@type\":\"ListItem\",\"position\":3,\"name\":\"Paddle boat AMBER 315\"}]},{\"@type\":\"WebSite\",\"@id\":\"https:\\\/\\\/www.waterskis.lv\\\/en\\\/#website\",\"url\":\"https:\\\/\\\/www.waterskis.lv\\\/en\\\/\",\"name\":\"WATERSKIS.LV\",\"description\":\"SUP d\u0113\u013ci, kajaki, kanoe, airu laivas, \u016bdenssl\u0113po\u0161ana, veikbords, SUP d\u0113\u013cu noma, kajaku nomaakt\u012bv\u0101s atp\u016btas centrs, laivu noma, sup noma, kajaku noma\",\"publisher\":{\"@id\":\"https:\\\/\\\/www.waterskis.lv\\\/en\\\/#organization\"},\"potentialAction\":[{\"@type\":\"SearchAction\",\"target\":{\"@type\":\"EntryPoint\",\"urlTemplate\":\"https:\\\/\\\/www.waterskis.lv\\\/en\\\/?s={search_term_string}\"},\"query-input\":{\"@type\":\"PropertyValueSpecification\",\"valueRequired\":true,\"valueName\":\"search_term_string\"}}],\"inLanguage\":\"en-US\"},{\"@type\":\"Organization\",\"@id\":\"https:\\\/\\\/www.waterskis.lv\\\/en\\\/#organization\",\"name\":\"WATERSKIS.LV\",\"url\":\"https:\\\/\\\/www.waterskis.lv\\\/en\\\/\",\"logo\":{\"@type\":\"ImageObject\",\"inLanguage\":\"en-US\",\"@id\":\"https:\\\/\\\/www.waterskis.lv\\\/en\\\/#\\\/schema\\\/logo\\\/image\\\/\",\"url\":\"https:\\\/\\\/www.waterskis.lv\\\/wp-content\\\/uploads\\\/2025\\\/01\\\/JUVP-logo.png\",\"contentUrl\":\"https:\\\/\\\/www.waterskis.lv\\\/wp-content\\\/uploads\\\/2025\\\/01\\\/JUVP-logo.png\",\"width\":421,\"height\":202,\"caption\":\"WATERSKIS.LV\"},\"image\":{\"@id\":\"https:\\\/\\\/www.waterskis.lv\\\/en\\\/#\\\/schema\\\/logo\\\/image\\\/\"},\"sameAs\":[\"https:\\\/\\\/www.facebook.com\\\/jurmalawaterskiwakeboardpark\\\/\"]}]}<\/script>\n<!-- \/ Yoast SEO plugin. -->","yoast_head_json":{"title":"Paddle boat AMBER 315 - WATERSKIS.LV","description":"Paddle boat AMBER 315. Trimaran type aqua soaring boat. Compact and still one of the lightest models we offer, but with a wider and more comfortable seats","robots":{"index":"index","follow":"follow","max-snippet":"max-snippet:-1","max-image-preview":"max-image-preview:large","max-video-preview":"max-video-preview:-1"},"canonical":"https:\/\/www.waterskis.lv\/en\/product\/paddle-boat-amber-315\/","og_locale":"en_US","og_type":"article","og_title":"Paddle boat AMBER 315","og_description":"Paddle boat AMBER 315","og_url":"https:\/\/www.waterskis.lv\/en\/product\/paddle-boat-amber-315\/","og_site_name":"WATERSKIS.LV","article_publisher":"https:\/\/www.facebook.com\/jurmalawaterskiwakeboardpark\/","article_modified_time":"2026-02-04T17:08:52+00:00","og_image":[{"url":"https:\/\/www.waterskis.lv\/wp-content\/uploads\/2021\/03\/A315-1.jpg","type":"","width":"","height":""}],"twitter_card":"summary_large_image","twitter_misc":{"Est. reading time":"3 minutes"},"schema":{"@context":"https:\/\/schema.org","@graph":[{"@type":"WebPage","@id":"https:\/\/www.waterskis.lv\/en\/product\/paddle-boat-amber-315\/","url":"https:\/\/www.waterskis.lv\/en\/product\/paddle-boat-amber-315\/","name":"Paddle boat AMBER 315 - WATERSKIS.LV","isPartOf":{"@id":"https:\/\/www.waterskis.lv\/en\/#website"},"primaryImageOfPage":{"@id":"https:\/\/www.waterskis.lv\/en\/product\/paddle-boat-amber-315\/#primaryimage"},"image":{"@id":"https:\/\/www.waterskis.lv\/en\/product\/paddle-boat-amber-315\/#primaryimage"},"thumbnailUrl":"https:\/\/www.waterskis.lv\/wp-content\/uploads\/2021\/03\/Amber315.jpg","datePublished":"2021-03-26T05:18:43+00:00","dateModified":"2026-02-04T17:08:52+00:00","description":"Paddle boat AMBER 315. Trimaran type aqua soaring boat. Compact and still one of the lightest models we offer, but with a wider and more comfortable seats","breadcrumb":{"@id":"https:\/\/www.waterskis.lv\/en\/product\/paddle-boat-amber-315\/#breadcrumb"},"inLanguage":"en-US","potentialAction":[{"@type":"ReadAction","target":["https:\/\/www.waterskis.lv\/en\/product\/paddle-boat-amber-315\/"]}]},{"@type":"ImageObject","inLanguage":"en-US","@id":"https:\/\/www.waterskis.lv\/en\/product\/paddle-boat-amber-315\/#primaryimage","url":"https:\/\/www.waterskis.lv\/wp-content\/uploads\/2021\/03\/Amber315.jpg","contentUrl":"https:\/\/www.waterskis.lv\/wp-content\/uploads\/2021\/03\/Amber315.jpg","width":280,"height":200,"caption":"Paddle boat AMBER 315"},{"@type":"BreadcrumbList","@id":"https:\/\/www.waterskis.lv\/en\/product\/paddle-boat-amber-315\/#breadcrumb","itemListElement":[{"@type":"ListItem","position":1,"name":"Home","item":"https:\/\/www.waterskis.lv\/en\/"},{"@type":"ListItem","position":2,"name":"Shop","item":"https:\/\/waterskis.lv\/en\/shop\/"},{"@type":"ListItem","position":3,"name":"Paddle boat AMBER 315"}]},{"@type":"WebSite","@id":"https:\/\/www.waterskis.lv\/en\/#website","url":"https:\/\/www.waterskis.lv\/en\/","name":"WATERSKIS.LV","description":"SUP d\u0113\u013ci, kajaki, kanoe, airu laivas, \u016bdenssl\u0113po\u0161ana, veikbords, SUP d\u0113\u013cu noma, kajaku nomaakt\u012bv\u0101s atp\u016btas centrs, laivu noma, sup noma, kajaku noma","publisher":{"@id":"https:\/\/www.waterskis.lv\/en\/#organization"},"potentialAction":[{"@type":"SearchAction","target":{"@type":"EntryPoint","urlTemplate":"https:\/\/www.waterskis.lv\/en\/?s={search_term_string}"},"query-input":{"@type":"PropertyValueSpecification","valueRequired":true,"valueName":"search_term_string"}}],"inLanguage":"en-US"},{"@type":"Organization","@id":"https:\/\/www.waterskis.lv\/en\/#organization","name":"WATERSKIS.LV","url":"https:\/\/www.waterskis.lv\/en\/","logo":{"@type":"ImageObject","inLanguage":"en-US","@id":"https:\/\/www.waterskis.lv\/en\/#\/schema\/logo\/image\/","url":"https:\/\/www.waterskis.lv\/wp-content\/uploads\/2025\/01\/JUVP-logo.png","contentUrl":"https:\/\/www.waterskis.lv\/wp-content\/uploads\/2025\/01\/JUVP-logo.png","width":421,"height":202,"caption":"WATERSKIS.LV"},"image":{"@id":"https:\/\/www.waterskis.lv\/en\/#\/schema\/logo\/image\/"},"sameAs":["https:\/\/www.facebook.com\/jurmalawaterskiwakeboardpark\/"]}]}},"_links":{"self":[{"href":"https:\/\/www.waterskis.lv\/en\/wp-json\/wp\/v2\/product\/28200","targetHints":{"allow":["GET"]}}],"collection":[{"href":"https:\/\/www.waterskis.lv\/en\/wp-json\/wp\/v2\/product"}],"about":[{"href":"https:\/\/www.waterskis.lv\/en\/wp-json\/wp\/v2\/types\/product"}],"replies":[{"embeddable":true,"href":"https:\/\/www.waterskis.lv\/en\/wp-json\/wp\/v2\/comments?post=28200"}],"wp:featuredmedia":[{"embeddable":true,"href":"https:\/\/www.waterskis.lv\/en\/wp-json\/wp\/v2\/media\/27906"}],"wp:attachment":[{"href":"https:\/\/www.waterskis.lv\/en\/wp-json\/wp\/v2\/media?parent=28200"}],"wp:term":[{"taxonomy":"product_brand","embeddable":true,"href":"https:\/\/www.waterskis.lv\/en\/wp-json\/wp\/v2\/product_brand?post=28200"},{"taxonomy":"product_cat","embeddable":true,"href":"https:\/\/www.waterskis.lv\/en\/wp-json\/wp\/v2\/product_cat?post=28200"},{"taxonomy":"product_tag","embeddable":true,"href":"https:\/\/www.waterskis.lv\/en\/wp-json\/wp\/v2\/product_tag?post=28200"}],"curies":[{"name":"wp","href":"https:\/\/api.w.org\/{rel}","templated":true}]}}