{"id":28203,"date":"2021-03-25T21:02:06","date_gmt":"2021-03-25T18:02:06","guid":{"rendered":"https:\/\/www.waterskis.lv\/products\/airu-laiva-amber-365\/"},"modified":"2025-12-07T09:29:18","modified_gmt":"2025-12-07T07:29:18","slug":"paddle-boat-amber-365","status":"publish","type":"product","link":"https:\/\/www.waterskis.lv\/en\/product\/paddle-boat-amber-365\/","title":{"rendered":"Paddle boat AMBER 365"},"content":{"rendered":"<h1>Paddle boat AMBER 365<\/h1>\n<p>Paddle boat AMBER 365<\/p>\n<p>Medium-sized, stable, gliding trimaran-type boat with three wedges.<\/p>\n<h2>Comfortable and simple boat<\/h2>\n<p>Easy to operate, comfortable boat with wide, high, comfortably placed seats, firm sides and slightly raised bow, medium size and single hull design, moderate weight.<\/p>\n<p>It can be parked and transported on the car roof or with a trailer.<\/p>\n<p>The developed design allows it to easily overcome water resistance, as well as passengers to stand in it freely.<\/p>\n<h2>Safe and stable boat<\/h2>\n<p>Fulfilling the basic position of our company &#8211; safety and stability &#8211; the boat seats are equipped with air tanks (pontoons), which make the boat stable when standing on it and immersed.<\/p>\n<p>During safety inspections, the boat is filled with water and the boat cannot be sunk while the driver is in it.<\/p>\n<h2>Rowing boat with the possibility to attach an engine<\/h2>\n<p>AMBER 365 is built in both single-hull and double-hull. The boat glides easily on the water surface both when rowing and when interfering with the engine.<\/p>\n<p>It can be equipped with both an electric motor and a gasoline engine with a power of up to 15 hp.<\/p>\n<p>With a 5-6 hp engine, when the boat starts moving, its bow raises slightly, quickly accelerates and softens the course.<\/p>\n<h2>Basic model and additional options<\/h2>\n<p>The basic model of the boat is available in white, gray or green, equipped with paddle holders and metal loops at the front and rear to secure the boat.<\/p>\n<p>To complete the boat according to your wishes, see our additional equipment.<\/p>\n<p>If you want something special &#8211; contact us &#8211; we are happy to realize non-standard orders.<\/p>\n<h2>Technical parameters:<\/h2>\n<p>Length: 365 cm<br \/>\nWidth: 150 cm<br \/>\nHeight: 0.45 m<br \/>\nWeight: 78 kg<br \/>\nLifting capacity: 380 kg<br \/>\nNumber of places: 3+<br \/>\nEngine: up to 15 Hp<\/p>\n<p><img decoding=\"async\" src=\"https:\/\/site-357498.mozfiles.com\/files\/357498\/medium\/STABILITATE__1_.jpg\" alt=\"STABILITATE__1_.jpg\" \/><\/p>\n<h2><img decoding=\"async\" src=\"https:\/\/site-357498.mozfiles.com\/files\/357498\/medium\/STABILITATE-1.jpg\" alt=\"STABILITATE-1.jpg\" \/><br \/>\nPossible additional equipment:<\/h2>\n<p>Hermetically sealed luggage storage boxes<br \/>\nLiftable or extendable middle bench<br \/>\nSide pontoons<br \/>\nReinforced rear bulkhead<br \/>\nFuel supply<br \/>\nWater runoff<br \/>\nStainless steel hoops on wedges<br \/>\nWheels for moving a boat<br \/>\nDoorknob<br \/>\nRotating fishing chair<br \/>\nBoat awning or roof structure<br \/>\nOars<br \/>\nSteering console (if not included as standard)<br \/>\nEngine transition<\/p>\n<p><img decoding=\"async\" src=\"https:\/\/site-357498.mozfiles.com\/files\/357498\/medium\/STABILITATE__2_.jpg\" alt=\"STABILITATE__2_.jpg\" \/><\/p>\n","protected":false},"excerpt":{"rendered":"<p><img decoding=\"async\" src=\"https:\/\/site-357498.mozfiles.com\/files\/357498\/medium\/STABILITATE__1_.jpg\" alt=\"STABILITATE__1_.jpg\" \/> [&#8230;]<\/p>\n<p><a class=\"btn btn-secondary understrap-read-more-link\" href=\"https:\/\/www.waterskis.lv\/en\/product\/paddle-boat-amber-365\/\">Read More&#8230;<\/a><\/p>\n","protected":false},"featured_media":27867,"comment_status":"closed","ping_status":"closed","template":"","meta":{"_acf_changed":false,"inline_featured_image":false},"product_brand":[],"product_cat":[571,944],"product_tag":[2769,2770,3337,3338,2771,2772,3339,3340,2773,3341,3342,3343,3344,3345,3346,3347],"class_list":{"0":"post-28203","1":"product","2":"type-product","3":"status-publish","4":"has-post-thumbnail","6":"product_cat-boats","7":"product_cat-fiberglass-paddle-boats","8":"product_tag-airu-laiva","9":"product_tag-airu-laiva-makskeresanai","10":"product_tag-airu-laivas","11":"product_tag-amber","12":"product_tag-amber-laivas","13":"product_tag-amberlat","14":"product_tag-boats","15":"product_tag-fiberglass-boats","16":"product_tag-laivas","17":"product_tag-paddle-boats","18":"product_tag-rowing-boats","19":"product_tag-stiklaskiedras-laivas","20":"product_tag-3344","21":"product_tag-3345","22":"product_tag-3346","23":"product_tag-3347","25":"first","26":"instock","27":"shipping-taxable","28":"purchasable","29":"product-type-simple"},"acf":[],"yoast_head":"<!-- This site is optimized with the Yoast SEO plugin v27.3 - https:\/\/yoast.com\/product\/yoast-seo-wordpress\/ -->\n<title>Paddle boat AMBER 365 - WATERSKIS.LV<\/title>\n<meta name=\"description\" content=\"Paddle boat AMBER 365. Mid-size, stable, trimaran type soaring boat with three keels. Comfortable and simple boat. Safe and stable boat\" \/>\n<meta name=\"robots\" content=\"index, follow, max-snippet:-1, max-image-preview:large, max-video-preview:-1\" \/>\n<link rel=\"canonical\" href=\"https:\/\/www.waterskis.lv\/en\/product\/paddle-boat-amber-365\/\" \/>\n<meta property=\"og:locale\" content=\"en_US\" \/>\n<meta property=\"og:type\" content=\"article\" \/>\n<meta property=\"og:title\" content=\"Paddle boat AMBER 365\" \/>\n<meta property=\"og:description\" content=\"Paddle boat AMBER 365\" \/>\n<meta property=\"og:url\" content=\"https:\/\/www.waterskis.lv\/en\/product\/paddle-boat-amber-365\/\" \/>\n<meta property=\"og:site_name\" content=\"WATERSKIS.LV\" \/>\n<meta property=\"article:publisher\" content=\"https:\/\/www.facebook.com\/jurmalawaterskiwakeboardpark\/\" \/>\n<meta property=\"article:modified_time\" content=\"2025-12-07T07:29:18+00:00\" \/>\n<meta property=\"og:image\" content=\"https:\/\/www.waterskis.lv\/wp-content\/uploads\/2021\/03\/Amber365.jpg\" \/>\n<meta name=\"twitter:card\" content=\"summary_large_image\" \/>\n<meta name=\"twitter:label1\" content=\"Est. reading time\" \/>\n\t<meta name=\"twitter:data1\" content=\"3 minutes\" \/>\n<script type=\"application\/ld+json\" class=\"yoast-schema-graph\">{\"@context\":\"https:\\\/\\\/schema.org\",\"@graph\":[{\"@type\":\"WebPage\",\"@id\":\"https:\\\/\\\/www.waterskis.lv\\\/en\\\/product\\\/paddle-boat-amber-365\\\/\",\"url\":\"https:\\\/\\\/www.waterskis.lv\\\/en\\\/product\\\/paddle-boat-amber-365\\\/\",\"name\":\"Paddle boat AMBER 365 - WATERSKIS.LV\",\"isPartOf\":{\"@id\":\"https:\\\/\\\/www.waterskis.lv\\\/en\\\/#website\"},\"primaryImageOfPage\":{\"@id\":\"https:\\\/\\\/www.waterskis.lv\\\/en\\\/product\\\/paddle-boat-amber-365\\\/#primaryimage\"},\"image\":{\"@id\":\"https:\\\/\\\/www.waterskis.lv\\\/en\\\/product\\\/paddle-boat-amber-365\\\/#primaryimage\"},\"thumbnailUrl\":\"https:\\\/\\\/www.waterskis.lv\\\/wp-content\\\/uploads\\\/2021\\\/03\\\/Amber365-2.jpg\",\"datePublished\":\"2021-03-25T18:02:06+00:00\",\"dateModified\":\"2025-12-07T07:29:18+00:00\",\"description\":\"Paddle boat AMBER 365. Mid-size, stable, trimaran type soaring boat with three keels. Comfortable and simple boat. Safe and stable boat\",\"breadcrumb\":{\"@id\":\"https:\\\/\\\/www.waterskis.lv\\\/en\\\/product\\\/paddle-boat-amber-365\\\/#breadcrumb\"},\"inLanguage\":\"en-US\",\"potentialAction\":[{\"@type\":\"ReadAction\",\"target\":[\"https:\\\/\\\/www.waterskis.lv\\\/en\\\/product\\\/paddle-boat-amber-365\\\/\"]}]},{\"@type\":\"ImageObject\",\"inLanguage\":\"en-US\",\"@id\":\"https:\\\/\\\/www.waterskis.lv\\\/en\\\/product\\\/paddle-boat-amber-365\\\/#primaryimage\",\"url\":\"https:\\\/\\\/www.waterskis.lv\\\/wp-content\\\/uploads\\\/2021\\\/03\\\/Amber365-2.jpg\",\"contentUrl\":\"https:\\\/\\\/www.waterskis.lv\\\/wp-content\\\/uploads\\\/2021\\\/03\\\/Amber365-2.jpg\",\"width\":672,\"height\":450,\"caption\":\"Paddle boat AMBER 365\"},{\"@type\":\"BreadcrumbList\",\"@id\":\"https:\\\/\\\/www.waterskis.lv\\\/en\\\/product\\\/paddle-boat-amber-365\\\/#breadcrumb\",\"itemListElement\":[{\"@type\":\"ListItem\",\"position\":1,\"name\":\"Home\",\"item\":\"https:\\\/\\\/www.waterskis.lv\\\/en\\\/\"},{\"@type\":\"ListItem\",\"position\":2,\"name\":\"Shop\",\"item\":\"https:\\\/\\\/waterskis.lv\\\/en\\\/shop\\\/\"},{\"@type\":\"ListItem\",\"position\":3,\"name\":\"Paddle boat AMBER 365\"}]},{\"@type\":\"WebSite\",\"@id\":\"https:\\\/\\\/www.waterskis.lv\\\/en\\\/#website\",\"url\":\"https:\\\/\\\/www.waterskis.lv\\\/en\\\/\",\"name\":\"WATERSKIS.LV\",\"description\":\"SUP d\u0113\u013ci, kajaki, kanoe, airu laivas, \u016bdenssl\u0113po\u0161ana, veikbords, SUP d\u0113\u013cu noma, kajaku nomaakt\u012bv\u0101s atp\u016btas centrs, laivu noma, sup noma, kajaku noma\",\"publisher\":{\"@id\":\"https:\\\/\\\/www.waterskis.lv\\\/en\\\/#organization\"},\"potentialAction\":[{\"@type\":\"SearchAction\",\"target\":{\"@type\":\"EntryPoint\",\"urlTemplate\":\"https:\\\/\\\/www.waterskis.lv\\\/en\\\/?s={search_term_string}\"},\"query-input\":{\"@type\":\"PropertyValueSpecification\",\"valueRequired\":true,\"valueName\":\"search_term_string\"}}],\"inLanguage\":\"en-US\"},{\"@type\":\"Organization\",\"@id\":\"https:\\\/\\\/www.waterskis.lv\\\/en\\\/#organization\",\"name\":\"WATERSKIS.LV\",\"url\":\"https:\\\/\\\/www.waterskis.lv\\\/en\\\/\",\"logo\":{\"@type\":\"ImageObject\",\"inLanguage\":\"en-US\",\"@id\":\"https:\\\/\\\/www.waterskis.lv\\\/en\\\/#\\\/schema\\\/logo\\\/image\\\/\",\"url\":\"https:\\\/\\\/www.waterskis.lv\\\/wp-content\\\/uploads\\\/2025\\\/01\\\/JUVP-logo.png\",\"contentUrl\":\"https:\\\/\\\/www.waterskis.lv\\\/wp-content\\\/uploads\\\/2025\\\/01\\\/JUVP-logo.png\",\"width\":421,\"height\":202,\"caption\":\"WATERSKIS.LV\"},\"image\":{\"@id\":\"https:\\\/\\\/www.waterskis.lv\\\/en\\\/#\\\/schema\\\/logo\\\/image\\\/\"},\"sameAs\":[\"https:\\\/\\\/www.facebook.com\\\/jurmalawaterskiwakeboardpark\\\/\"]}]}<\/script>\n<!-- \/ Yoast SEO plugin. -->","yoast_head_json":{"title":"Paddle boat AMBER 365 - WATERSKIS.LV","description":"Paddle boat AMBER 365. Mid-size, stable, trimaran type soaring boat with three keels. Comfortable and simple boat. Safe and stable boat","robots":{"index":"index","follow":"follow","max-snippet":"max-snippet:-1","max-image-preview":"max-image-preview:large","max-video-preview":"max-video-preview:-1"},"canonical":"https:\/\/www.waterskis.lv\/en\/product\/paddle-boat-amber-365\/","og_locale":"en_US","og_type":"article","og_title":"Paddle boat AMBER 365","og_description":"Paddle boat AMBER 365","og_url":"https:\/\/www.waterskis.lv\/en\/product\/paddle-boat-amber-365\/","og_site_name":"WATERSKIS.LV","article_publisher":"https:\/\/www.facebook.com\/jurmalawaterskiwakeboardpark\/","article_modified_time":"2025-12-07T07:29:18+00:00","og_image":[{"url":"https:\/\/www.waterskis.lv\/wp-content\/uploads\/2021\/03\/Amber365.jpg","type":"","width":"","height":""}],"twitter_card":"summary_large_image","twitter_misc":{"Est. reading time":"3 minutes"},"schema":{"@context":"https:\/\/schema.org","@graph":[{"@type":"WebPage","@id":"https:\/\/www.waterskis.lv\/en\/product\/paddle-boat-amber-365\/","url":"https:\/\/www.waterskis.lv\/en\/product\/paddle-boat-amber-365\/","name":"Paddle boat AMBER 365 - WATERSKIS.LV","isPartOf":{"@id":"https:\/\/www.waterskis.lv\/en\/#website"},"primaryImageOfPage":{"@id":"https:\/\/www.waterskis.lv\/en\/product\/paddle-boat-amber-365\/#primaryimage"},"image":{"@id":"https:\/\/www.waterskis.lv\/en\/product\/paddle-boat-amber-365\/#primaryimage"},"thumbnailUrl":"https:\/\/www.waterskis.lv\/wp-content\/uploads\/2021\/03\/Amber365-2.jpg","datePublished":"2021-03-25T18:02:06+00:00","dateModified":"2025-12-07T07:29:18+00:00","description":"Paddle boat AMBER 365. Mid-size, stable, trimaran type soaring boat with three keels. Comfortable and simple boat. Safe and stable boat","breadcrumb":{"@id":"https:\/\/www.waterskis.lv\/en\/product\/paddle-boat-amber-365\/#breadcrumb"},"inLanguage":"en-US","potentialAction":[{"@type":"ReadAction","target":["https:\/\/www.waterskis.lv\/en\/product\/paddle-boat-amber-365\/"]}]},{"@type":"ImageObject","inLanguage":"en-US","@id":"https:\/\/www.waterskis.lv\/en\/product\/paddle-boat-amber-365\/#primaryimage","url":"https:\/\/www.waterskis.lv\/wp-content\/uploads\/2021\/03\/Amber365-2.jpg","contentUrl":"https:\/\/www.waterskis.lv\/wp-content\/uploads\/2021\/03\/Amber365-2.jpg","width":672,"height":450,"caption":"Paddle boat AMBER 365"},{"@type":"BreadcrumbList","@id":"https:\/\/www.waterskis.lv\/en\/product\/paddle-boat-amber-365\/#breadcrumb","itemListElement":[{"@type":"ListItem","position":1,"name":"Home","item":"https:\/\/www.waterskis.lv\/en\/"},{"@type":"ListItem","position":2,"name":"Shop","item":"https:\/\/waterskis.lv\/en\/shop\/"},{"@type":"ListItem","position":3,"name":"Paddle boat AMBER 365"}]},{"@type":"WebSite","@id":"https:\/\/www.waterskis.lv\/en\/#website","url":"https:\/\/www.waterskis.lv\/en\/","name":"WATERSKIS.LV","description":"SUP d\u0113\u013ci, kajaki, kanoe, airu laivas, \u016bdenssl\u0113po\u0161ana, veikbords, SUP d\u0113\u013cu noma, kajaku nomaakt\u012bv\u0101s atp\u016btas centrs, laivu noma, sup noma, kajaku noma","publisher":{"@id":"https:\/\/www.waterskis.lv\/en\/#organization"},"potentialAction":[{"@type":"SearchAction","target":{"@type":"EntryPoint","urlTemplate":"https:\/\/www.waterskis.lv\/en\/?s={search_term_string}"},"query-input":{"@type":"PropertyValueSpecification","valueRequired":true,"valueName":"search_term_string"}}],"inLanguage":"en-US"},{"@type":"Organization","@id":"https:\/\/www.waterskis.lv\/en\/#organization","name":"WATERSKIS.LV","url":"https:\/\/www.waterskis.lv\/en\/","logo":{"@type":"ImageObject","inLanguage":"en-US","@id":"https:\/\/www.waterskis.lv\/en\/#\/schema\/logo\/image\/","url":"https:\/\/www.waterskis.lv\/wp-content\/uploads\/2025\/01\/JUVP-logo.png","contentUrl":"https:\/\/www.waterskis.lv\/wp-content\/uploads\/2025\/01\/JUVP-logo.png","width":421,"height":202,"caption":"WATERSKIS.LV"},"image":{"@id":"https:\/\/www.waterskis.lv\/en\/#\/schema\/logo\/image\/"},"sameAs":["https:\/\/www.facebook.com\/jurmalawaterskiwakeboardpark\/"]}]}},"_links":{"self":[{"href":"https:\/\/www.waterskis.lv\/en\/wp-json\/wp\/v2\/product\/28203","targetHints":{"allow":["GET"]}}],"collection":[{"href":"https:\/\/www.waterskis.lv\/en\/wp-json\/wp\/v2\/product"}],"about":[{"href":"https:\/\/www.waterskis.lv\/en\/wp-json\/wp\/v2\/types\/product"}],"replies":[{"embeddable":true,"href":"https:\/\/www.waterskis.lv\/en\/wp-json\/wp\/v2\/comments?post=28203"}],"wp:featuredmedia":[{"embeddable":true,"href":"https:\/\/www.waterskis.lv\/en\/wp-json\/wp\/v2\/media\/27867"}],"wp:attachment":[{"href":"https:\/\/www.waterskis.lv\/en\/wp-json\/wp\/v2\/media?parent=28203"}],"wp:term":[{"taxonomy":"product_brand","embeddable":true,"href":"https:\/\/www.waterskis.lv\/en\/wp-json\/wp\/v2\/product_brand?post=28203"},{"taxonomy":"product_cat","embeddable":true,"href":"https:\/\/www.waterskis.lv\/en\/wp-json\/wp\/v2\/product_cat?post=28203"},{"taxonomy":"product_tag","embeddable":true,"href":"https:\/\/www.waterskis.lv\/en\/wp-json\/wp\/v2\/product_tag?post=28203"}],"curies":[{"name":"wp","href":"https:\/\/api.w.org\/{rel}","templated":true}]}}