{"id":28214,"date":"2021-03-29T14:33:22","date_gmt":"2021-03-29T11:33:22","guid":{"rendered":"https:\/\/www.waterskis.lv\/products\/laiva-amber-400\/"},"modified":"2026-02-04T17:48:38","modified_gmt":"2026-02-04T15:48:38","slug":"open-motorboat-amber-400","status":"publish","type":"product","link":"https:\/\/www.waterskis.lv\/en\/product\/open-motorboat-amber-400\/","title":{"rendered":"Boat AMBER 400"},"content":{"rendered":"<h1>Boat AMBER 400<\/h1>\n<p>Boat AMBER 400<\/p>\n<p class=\"moze-justify\">NEW! We created a new boat model &#8211; an open motorboat.<\/p>\n<p class=\"moze-justify\">The boat is easy to move by rowing, as well as by added engine. It could even be said that this is also like rowing motor boat. The boat was built by Finnish design for a small number of passengers &#8211; 4 to 5 persons, excellent for leisure rides or active sport fishing.<\/p>\n<p class=\"moze-justify\">Boats stability and buoyancy provides incorporated air modules. Boats have excellent aquaplaning performance, and it can be equipped with an outboatd engine up to 30 h\/p.<\/p>\n<p class=\"moze-justify\">In addition to the standard boat model performance, it can be equipted with luggage boxes, movable or removable woden benches, handles, rims, fishing rod holders, as well as a console and other accessories.<\/p>\n<p class=\"moze-justify\">We also install steering system for boat, complete with trailers and engines.<\/p>\n<p class=\"moze-justify\">Technical parameters:<\/p>\n<p class=\"moze-justify\">-Length: 400 cm<\/p>\n<p class=\"moze-justify\">-Width: 168 cm<\/p>\n<p class=\"moze-justify\">&#8211; Height: 61 cm<\/p>\n<p class=\"moze-justify\">&#8211; Weight: 110 kg<\/p>\n<p class=\"moze-justify\">&#8211; Load capacity: 400 kg<\/p>\n<p class=\"moze-justify\">-Seats: 5<\/p>\n<p class=\"moze-justify\">-Engine: up to 30 h\/p<\/p>\n<p><img decoding=\"async\" src=\"https:\/\/site-357498.mozfiles.com\/files\/357498\/medium\/amb400.jpg\" alt=\"amb400.jpg\" \/><\/p>\n<p><img decoding=\"async\" src=\"https:\/\/site-357498.mozfiles.com\/files\/357498\/medium\/amb400__1_.jpg\" alt=\"amb400__1_.jpg\" \/><\/p>\n<p><img decoding=\"async\" src=\"https:\/\/site-357498.mozfiles.com\/files\/357498\/medium\/amb400__2_.jpg\" alt=\"amb400__2_.jpg\" \/><\/p>\n","protected":false},"excerpt":{"rendered":"<p><img decoding=\"async\" src=\"https:\/\/site-357498.mozfiles.com\/files\/357498\/medium\/amb400__1_.jpg\" alt=\"amb400__1_.jpg\" \/> [&#8230;]<\/p>\n<p><a class=\"btn btn-secondary understrap-read-more-link\" href=\"https:\/\/www.waterskis.lv\/en\/product\/open-motorboat-amber-400\/\">Read More&#8230;<\/a><\/p>\n","protected":false},"featured_media":28091,"comment_status":"closed","ping_status":"closed","template":"","meta":{"_acf_changed":false,"inline_featured_image":false},"product_brand":[2766],"product_cat":[571,944],"product_tag":[2769,2770,3337,3338,3404,2771,2772,3339,3340,2773,3391,3341,3342,3343,3344,3345,3346,3347],"class_list":{"0":"post-28214","1":"product","2":"type-product","3":"status-publish","4":"has-post-thumbnail","6":"product_brand-amberlat","7":"product_cat-boats","8":"product_cat-fiberglass-paddle-boats","9":"product_tag-airu-laiva","10":"product_tag-airu-laiva-makskeresanai","11":"product_tag-airu-laivas","12":"product_tag-amber","13":"product_tag-amber-400","14":"product_tag-amber-laivas","15":"product_tag-amberlat","16":"product_tag-boats","17":"product_tag-fiberglass-boats","18":"product_tag-laivas","19":"product_tag-motorlaiva","20":"product_tag-paddle-boats","21":"product_tag-rowing-boats","22":"product_tag-stiklaskiedras-laivas","23":"product_tag-3344","24":"product_tag-3345","25":"product_tag-3346","26":"product_tag-3347","28":"first","29":"instock","30":"shipping-taxable","31":"purchasable","32":"product-type-simple"},"acf":[],"yoast_head":"<!-- This site is optimized with the Yoast SEO plugin v27.3 - https:\/\/yoast.com\/product\/yoast-seo-wordpress\/ -->\n<title>Boat AMBER 400 - WATERSKIS.LV<\/title>\n<meta name=\"description\" content=\"Boat AMBER 400. is easy to move by rowing, as well as by added engine. It could even be said that this is also like rowing motor boat\" \/>\n<meta name=\"robots\" content=\"index, follow, max-snippet:-1, max-image-preview:large, max-video-preview:-1\" \/>\n<link rel=\"canonical\" href=\"https:\/\/www.waterskis.lv\/en\/product\/open-motorboat-amber-400\/\" \/>\n<meta property=\"og:locale\" content=\"en_US\" \/>\n<meta property=\"og:type\" content=\"article\" \/>\n<meta property=\"og:title\" content=\"Boat AMBER 400\" \/>\n<meta property=\"og:description\" content=\"Boat AMBER 400\" \/>\n<meta property=\"og:url\" content=\"https:\/\/www.waterskis.lv\/en\/product\/open-motorboat-amber-400\/\" \/>\n<meta property=\"og:site_name\" content=\"WATERSKIS.LV\" \/>\n<meta property=\"article:publisher\" content=\"https:\/\/www.facebook.com\/jurmalawaterskiwakeboardpark\/\" \/>\n<meta property=\"article:modified_time\" content=\"2026-02-04T15:48:38+00:00\" \/>\n<meta property=\"og:image\" content=\"https:\/\/www.waterskis.lv\/wp-content\/uploads\/2021\/03\/A400.jpg\" \/>\n<meta name=\"twitter:card\" content=\"summary_large_image\" \/>\n<meta name=\"twitter:label1\" content=\"Est. reading time\" \/>\n\t<meta name=\"twitter:data1\" content=\"2 minutes\" \/>\n<script type=\"application\/ld+json\" class=\"yoast-schema-graph\">{\"@context\":\"https:\\\/\\\/schema.org\",\"@graph\":[{\"@type\":\"WebPage\",\"@id\":\"https:\\\/\\\/www.waterskis.lv\\\/en\\\/product\\\/open-motorboat-amber-400\\\/\",\"url\":\"https:\\\/\\\/www.waterskis.lv\\\/en\\\/product\\\/open-motorboat-amber-400\\\/\",\"name\":\"Boat AMBER 400 - WATERSKIS.LV\",\"isPartOf\":{\"@id\":\"https:\\\/\\\/www.waterskis.lv\\\/en\\\/#website\"},\"primaryImageOfPage\":{\"@id\":\"https:\\\/\\\/www.waterskis.lv\\\/en\\\/product\\\/open-motorboat-amber-400\\\/#primaryimage\"},\"image\":{\"@id\":\"https:\\\/\\\/www.waterskis.lv\\\/en\\\/product\\\/open-motorboat-amber-400\\\/#primaryimage\"},\"thumbnailUrl\":\"https:\\\/\\\/www.waterskis.lv\\\/wp-content\\\/uploads\\\/2021\\\/03\\\/A400.jpg\",\"datePublished\":\"2021-03-29T11:33:22+00:00\",\"dateModified\":\"2026-02-04T15:48:38+00:00\",\"description\":\"Boat AMBER 400. is easy to move by rowing, as well as by added engine. It could even be said that this is also like rowing motor boat\",\"breadcrumb\":{\"@id\":\"https:\\\/\\\/www.waterskis.lv\\\/en\\\/product\\\/open-motorboat-amber-400\\\/#breadcrumb\"},\"inLanguage\":\"en-US\",\"potentialAction\":[{\"@type\":\"ReadAction\",\"target\":[\"https:\\\/\\\/www.waterskis.lv\\\/en\\\/product\\\/open-motorboat-amber-400\\\/\"]}]},{\"@type\":\"ImageObject\",\"inLanguage\":\"en-US\",\"@id\":\"https:\\\/\\\/www.waterskis.lv\\\/en\\\/product\\\/open-motorboat-amber-400\\\/#primaryimage\",\"url\":\"https:\\\/\\\/www.waterskis.lv\\\/wp-content\\\/uploads\\\/2021\\\/03\\\/A400.jpg\",\"contentUrl\":\"https:\\\/\\\/www.waterskis.lv\\\/wp-content\\\/uploads\\\/2021\\\/03\\\/A400.jpg\",\"width\":1195,\"height\":800,\"caption\":\"Open motorboat AMBER 400\"},{\"@type\":\"BreadcrumbList\",\"@id\":\"https:\\\/\\\/www.waterskis.lv\\\/en\\\/product\\\/open-motorboat-amber-400\\\/#breadcrumb\",\"itemListElement\":[{\"@type\":\"ListItem\",\"position\":1,\"name\":\"Home\",\"item\":\"https:\\\/\\\/www.waterskis.lv\\\/en\\\/\"},{\"@type\":\"ListItem\",\"position\":2,\"name\":\"Shop\",\"item\":\"https:\\\/\\\/waterskis.lv\\\/en\\\/shop\\\/\"},{\"@type\":\"ListItem\",\"position\":3,\"name\":\"Boat AMBER 400\"}]},{\"@type\":\"WebSite\",\"@id\":\"https:\\\/\\\/www.waterskis.lv\\\/en\\\/#website\",\"url\":\"https:\\\/\\\/www.waterskis.lv\\\/en\\\/\",\"name\":\"WATERSKIS.LV\",\"description\":\"SUP d\u0113\u013ci, kajaki, kanoe, airu laivas, \u016bdenssl\u0113po\u0161ana, veikbords, SUP d\u0113\u013cu noma, kajaku nomaakt\u012bv\u0101s atp\u016btas centrs, laivu noma, sup noma, kajaku noma\",\"publisher\":{\"@id\":\"https:\\\/\\\/www.waterskis.lv\\\/en\\\/#organization\"},\"potentialAction\":[{\"@type\":\"SearchAction\",\"target\":{\"@type\":\"EntryPoint\",\"urlTemplate\":\"https:\\\/\\\/www.waterskis.lv\\\/en\\\/?s={search_term_string}\"},\"query-input\":{\"@type\":\"PropertyValueSpecification\",\"valueRequired\":true,\"valueName\":\"search_term_string\"}}],\"inLanguage\":\"en-US\"},{\"@type\":\"Organization\",\"@id\":\"https:\\\/\\\/www.waterskis.lv\\\/en\\\/#organization\",\"name\":\"WATERSKIS.LV\",\"url\":\"https:\\\/\\\/www.waterskis.lv\\\/en\\\/\",\"logo\":{\"@type\":\"ImageObject\",\"inLanguage\":\"en-US\",\"@id\":\"https:\\\/\\\/www.waterskis.lv\\\/en\\\/#\\\/schema\\\/logo\\\/image\\\/\",\"url\":\"https:\\\/\\\/www.waterskis.lv\\\/wp-content\\\/uploads\\\/2025\\\/01\\\/JUVP-logo.png\",\"contentUrl\":\"https:\\\/\\\/www.waterskis.lv\\\/wp-content\\\/uploads\\\/2025\\\/01\\\/JUVP-logo.png\",\"width\":421,\"height\":202,\"caption\":\"WATERSKIS.LV\"},\"image\":{\"@id\":\"https:\\\/\\\/www.waterskis.lv\\\/en\\\/#\\\/schema\\\/logo\\\/image\\\/\"},\"sameAs\":[\"https:\\\/\\\/www.facebook.com\\\/jurmalawaterskiwakeboardpark\\\/\"]}]}<\/script>\n<!-- \/ Yoast SEO plugin. -->","yoast_head_json":{"title":"Boat AMBER 400 - WATERSKIS.LV","description":"Boat AMBER 400. is easy to move by rowing, as well as by added engine. It could even be said that this is also like rowing motor boat","robots":{"index":"index","follow":"follow","max-snippet":"max-snippet:-1","max-image-preview":"max-image-preview:large","max-video-preview":"max-video-preview:-1"},"canonical":"https:\/\/www.waterskis.lv\/en\/product\/open-motorboat-amber-400\/","og_locale":"en_US","og_type":"article","og_title":"Boat AMBER 400","og_description":"Boat AMBER 400","og_url":"https:\/\/www.waterskis.lv\/en\/product\/open-motorboat-amber-400\/","og_site_name":"WATERSKIS.LV","article_publisher":"https:\/\/www.facebook.com\/jurmalawaterskiwakeboardpark\/","article_modified_time":"2026-02-04T15:48:38+00:00","og_image":[{"url":"https:\/\/www.waterskis.lv\/wp-content\/uploads\/2021\/03\/A400.jpg","type":"","width":"","height":""}],"twitter_card":"summary_large_image","twitter_misc":{"Est. reading time":"2 minutes"},"schema":{"@context":"https:\/\/schema.org","@graph":[{"@type":"WebPage","@id":"https:\/\/www.waterskis.lv\/en\/product\/open-motorboat-amber-400\/","url":"https:\/\/www.waterskis.lv\/en\/product\/open-motorboat-amber-400\/","name":"Boat AMBER 400 - WATERSKIS.LV","isPartOf":{"@id":"https:\/\/www.waterskis.lv\/en\/#website"},"primaryImageOfPage":{"@id":"https:\/\/www.waterskis.lv\/en\/product\/open-motorboat-amber-400\/#primaryimage"},"image":{"@id":"https:\/\/www.waterskis.lv\/en\/product\/open-motorboat-amber-400\/#primaryimage"},"thumbnailUrl":"https:\/\/www.waterskis.lv\/wp-content\/uploads\/2021\/03\/A400.jpg","datePublished":"2021-03-29T11:33:22+00:00","dateModified":"2026-02-04T15:48:38+00:00","description":"Boat AMBER 400. is easy to move by rowing, as well as by added engine. It could even be said that this is also like rowing motor boat","breadcrumb":{"@id":"https:\/\/www.waterskis.lv\/en\/product\/open-motorboat-amber-400\/#breadcrumb"},"inLanguage":"en-US","potentialAction":[{"@type":"ReadAction","target":["https:\/\/www.waterskis.lv\/en\/product\/open-motorboat-amber-400\/"]}]},{"@type":"ImageObject","inLanguage":"en-US","@id":"https:\/\/www.waterskis.lv\/en\/product\/open-motorboat-amber-400\/#primaryimage","url":"https:\/\/www.waterskis.lv\/wp-content\/uploads\/2021\/03\/A400.jpg","contentUrl":"https:\/\/www.waterskis.lv\/wp-content\/uploads\/2021\/03\/A400.jpg","width":1195,"height":800,"caption":"Open motorboat AMBER 400"},{"@type":"BreadcrumbList","@id":"https:\/\/www.waterskis.lv\/en\/product\/open-motorboat-amber-400\/#breadcrumb","itemListElement":[{"@type":"ListItem","position":1,"name":"Home","item":"https:\/\/www.waterskis.lv\/en\/"},{"@type":"ListItem","position":2,"name":"Shop","item":"https:\/\/waterskis.lv\/en\/shop\/"},{"@type":"ListItem","position":3,"name":"Boat AMBER 400"}]},{"@type":"WebSite","@id":"https:\/\/www.waterskis.lv\/en\/#website","url":"https:\/\/www.waterskis.lv\/en\/","name":"WATERSKIS.LV","description":"SUP d\u0113\u013ci, kajaki, kanoe, airu laivas, \u016bdenssl\u0113po\u0161ana, veikbords, SUP d\u0113\u013cu noma, kajaku nomaakt\u012bv\u0101s atp\u016btas centrs, laivu noma, sup noma, kajaku noma","publisher":{"@id":"https:\/\/www.waterskis.lv\/en\/#organization"},"potentialAction":[{"@type":"SearchAction","target":{"@type":"EntryPoint","urlTemplate":"https:\/\/www.waterskis.lv\/en\/?s={search_term_string}"},"query-input":{"@type":"PropertyValueSpecification","valueRequired":true,"valueName":"search_term_string"}}],"inLanguage":"en-US"},{"@type":"Organization","@id":"https:\/\/www.waterskis.lv\/en\/#organization","name":"WATERSKIS.LV","url":"https:\/\/www.waterskis.lv\/en\/","logo":{"@type":"ImageObject","inLanguage":"en-US","@id":"https:\/\/www.waterskis.lv\/en\/#\/schema\/logo\/image\/","url":"https:\/\/www.waterskis.lv\/wp-content\/uploads\/2025\/01\/JUVP-logo.png","contentUrl":"https:\/\/www.waterskis.lv\/wp-content\/uploads\/2025\/01\/JUVP-logo.png","width":421,"height":202,"caption":"WATERSKIS.LV"},"image":{"@id":"https:\/\/www.waterskis.lv\/en\/#\/schema\/logo\/image\/"},"sameAs":["https:\/\/www.facebook.com\/jurmalawaterskiwakeboardpark\/"]}]}},"_links":{"self":[{"href":"https:\/\/www.waterskis.lv\/en\/wp-json\/wp\/v2\/product\/28214","targetHints":{"allow":["GET"]}}],"collection":[{"href":"https:\/\/www.waterskis.lv\/en\/wp-json\/wp\/v2\/product"}],"about":[{"href":"https:\/\/www.waterskis.lv\/en\/wp-json\/wp\/v2\/types\/product"}],"replies":[{"embeddable":true,"href":"https:\/\/www.waterskis.lv\/en\/wp-json\/wp\/v2\/comments?post=28214"}],"wp:featuredmedia":[{"embeddable":true,"href":"https:\/\/www.waterskis.lv\/en\/wp-json\/wp\/v2\/media\/28091"}],"wp:attachment":[{"href":"https:\/\/www.waterskis.lv\/en\/wp-json\/wp\/v2\/media?parent=28214"}],"wp:term":[{"taxonomy":"product_brand","embeddable":true,"href":"https:\/\/www.waterskis.lv\/en\/wp-json\/wp\/v2\/product_brand?post=28214"},{"taxonomy":"product_cat","embeddable":true,"href":"https:\/\/www.waterskis.lv\/en\/wp-json\/wp\/v2\/product_cat?post=28214"},{"taxonomy":"product_tag","embeddable":true,"href":"https:\/\/www.waterskis.lv\/en\/wp-json\/wp\/v2\/product_tag?post=28214"}],"curies":[{"name":"wp","href":"https:\/\/api.w.org\/{rel}","templated":true}]}}