{"id":28222,"date":"2021-03-28T19:21:01","date_gmt":"2021-03-28T16:21:01","guid":{"rendered":"https:\/\/www.waterskis.lv\/products\/laiva-amber-450-e\/"},"modified":"2026-02-04T18:20:29","modified_gmt":"2026-02-04T16:20:29","slug":"boat-amber-450-e","status":"publish","type":"product","link":"https:\/\/www.waterskis.lv\/en\/product\/boat-amber-450-e\/","title":{"rendered":"Boat AMBER 450 E"},"content":{"rendered":"<h1>Boat AMBER 450 E<\/h1>\n<p>Boat AMBER 450 E<\/p>\n<p>Four-seated, classic design boat in double hull performance.<\/p>\n<p class=\"moze-justify\"><b>Classic keel boat<\/b><\/p>\n<p class=\"moze-justify\">Easy to exploit, comfortable, with wide, high, comfortable arrange seats, rigid sides and slightly lift from, mid-size and in double hull performance.\u00a0The company has designed this boat for the Scandinavian market, as it is designed as a classic keel boat.<\/p>\n<p class=\"moze-justify\"><b>Safe and stable boat<\/b><\/p>\n<p class=\"moze-justify\">In the performance of our company`s key &#8211; security and stability &#8211; boat is loaded with the air bags in front and back. Keel are filled with foam which makes the boat stable when someone is standing on legs in it, and impossible to sink. In our companies ordered safety checks during the time when the boat is filled with water and there is driver in it, the boat is not sinking.<\/p>\n<p class=\"moze-justify\"><b>Rowing boat with chance to add a engine<\/b><\/p>\n<p class=\"moze-justify\">AMBER 450 is easy to move by paddling, as well as by added power assistance . It is possible for it to install the electric motor as well as gasoline engine with capacity up to 7 h\/p.<\/p>\n<p class=\"moze-justify\"><b>The basic model and added options<\/b><\/p>\n<p class=\"moze-justify\">Basic model of boat is available in white, gray or green color, equipped with oars holders and metal eyelets on the front and back of the boat for boat strengthening. To complete boat to your desire, check out our proposed additional equipment. If you want something special &#8211; please contact us &#8211; we are pleased to implement non-standard orders.<\/p>\n<p class=\"moze-justify\"><b>Technical features:<\/b><\/p>\n<ul>\n<li>Length: 450 cm<\/li>\n<li>Width: 145 cm<\/li>\n<li>Height: 0,62 m<\/li>\n<li>Weight: 140 kg<\/li>\n<li>Capacity: 450 kg<\/li>\n<li>Seats: 4<\/li>\n<li>Engine: from 2,7 to 7 HP<\/li>\n<\/ul>\n<p><img decoding=\"async\" src=\"https:\/\/site-357498.mozfiles.com\/files\/357498\/medium\/1-2.jpg\" alt=\"1-2.jpg\" \/><\/p>\n<p><img decoding=\"async\" src=\"https:\/\/site-357498.mozfiles.com\/files\/357498\/medium\/2-2.jpg\" alt=\"2-2.jpg\" \/><\/p>\n<p class=\"moze-justify\"><u><b>Possible additional equipment:<\/b><\/u><\/p>\n<ul>\n<li>Hermetically sealed luggage storage boxes<\/li>\n<li>Moveable or removable middle chair<\/li>\n<li>Side pontoons<\/li>\n<li>Back buklhead<\/li>\n<li>Gasoline supply<\/li>\n<li>Water runoff<\/li>\n<li>Stainless steel hoops on keels<\/li>\n<li>Wheels for boat moving<\/li>\n<li>Handles<\/li>\n<li>Rotary angling chair<\/li>\n<li>Boat tent of roof construction<\/li>\n<li>Oars<\/li>\n<li>Console and steering system (if it is not included in standard boat set)<\/li>\n<li>Motorshaft transition<\/li>\n<\/ul>\n<p><img decoding=\"async\" src=\"https:\/\/site-357498.mozfiles.com\/files\/357498\/medium\/3-1.jpg\" alt=\"3-1.jpg\" \/><\/p>\n","protected":false},"excerpt":{"rendered":"<p><img decoding=\"async\" src=\"https:\/\/site-357498.mozfiles.com\/files\/357498\/medium\/2-2.jpg\" alt=\"2-2.jpg\" \/> [&#8230;]<\/p>\n<p><a class=\"btn btn-secondary understrap-read-more-link\" href=\"https:\/\/www.waterskis.lv\/en\/product\/boat-amber-450-e\/\">Read More&#8230;<\/a><\/p>\n","protected":false},"featured_media":28004,"comment_status":"closed","ping_status":"closed","template":"","meta":{"_acf_changed":false,"inline_featured_image":false},"product_brand":[2766],"product_cat":[571,944],"product_tag":[2770,3337,3338,2771,2772,3339,3340,2773,3341,3342,3343,3344,3345,3346,3347],"class_list":{"0":"post-28222","1":"product","2":"type-product","3":"status-publish","4":"has-post-thumbnail","6":"product_brand-amberlat","7":"product_cat-boats","8":"product_cat-fiberglass-paddle-boats","9":"product_tag-airu-laiva-makskeresanai","10":"product_tag-airu-laivas","11":"product_tag-amber","12":"product_tag-amber-laivas","13":"product_tag-amberlat","14":"product_tag-boats","15":"product_tag-fiberglass-boats","16":"product_tag-laivas","17":"product_tag-paddle-boats","18":"product_tag-rowing-boats","19":"product_tag-stiklaskiedras-laivas","20":"product_tag-3344","21":"product_tag-3345","22":"product_tag-3346","23":"product_tag-3347","25":"first","26":"instock","27":"shipping-taxable","28":"purchasable","29":"product-type-simple"},"acf":[],"yoast_head":"<!-- This site is optimized with the Yoast SEO plugin v27.3 - https:\/\/yoast.com\/product\/yoast-seo-wordpress\/ -->\n<title>Boat AMBER 450 E - WATERSKIS.LV<\/title>\n<meta name=\"description\" content=\"Boat AMBER 450 E. Four-seated, classic design boat in double hull performance has designed for the Scandinavian market. Designed as a classic keel boat.\" \/>\n<meta name=\"robots\" content=\"index, follow, max-snippet:-1, max-image-preview:large, max-video-preview:-1\" \/>\n<link rel=\"canonical\" href=\"https:\/\/www.waterskis.lv\/en\/product\/boat-amber-450-e\/\" \/>\n<meta property=\"og:locale\" content=\"en_US\" \/>\n<meta property=\"og:type\" content=\"article\" \/>\n<meta property=\"og:title\" content=\"Boat AMBER 450 E\" \/>\n<meta property=\"og:description\" content=\"Boat AMBER 450 E\" \/>\n<meta property=\"og:url\" content=\"https:\/\/www.waterskis.lv\/en\/product\/boat-amber-450-e\/\" \/>\n<meta property=\"og:site_name\" content=\"WATERSKIS.LV\" \/>\n<meta property=\"article:publisher\" content=\"https:\/\/www.facebook.com\/jurmalawaterskiwakeboardpark\/\" \/>\n<meta property=\"article:modified_time\" content=\"2026-02-04T16:20:29+00:00\" \/>\n<meta property=\"og:image\" content=\"https:\/\/www.waterskis.lv\/wp-content\/uploads\/2021\/03\/A450E-1.jpg\" \/>\n<meta name=\"twitter:card\" content=\"summary_large_image\" \/>\n<meta name=\"twitter:label1\" content=\"Est. reading time\" \/>\n\t<meta name=\"twitter:data1\" content=\"3 minutes\" \/>\n<script type=\"application\/ld+json\" class=\"yoast-schema-graph\">{\"@context\":\"https:\\\/\\\/schema.org\",\"@graph\":[{\"@type\":\"WebPage\",\"@id\":\"https:\\\/\\\/www.waterskis.lv\\\/en\\\/product\\\/boat-amber-450-e\\\/\",\"url\":\"https:\\\/\\\/www.waterskis.lv\\\/en\\\/product\\\/boat-amber-450-e\\\/\",\"name\":\"Boat AMBER 450 E - WATERSKIS.LV\",\"isPartOf\":{\"@id\":\"https:\\\/\\\/www.waterskis.lv\\\/en\\\/#website\"},\"primaryImageOfPage\":{\"@id\":\"https:\\\/\\\/www.waterskis.lv\\\/en\\\/product\\\/boat-amber-450-e\\\/#primaryimage\"},\"image\":{\"@id\":\"https:\\\/\\\/www.waterskis.lv\\\/en\\\/product\\\/boat-amber-450-e\\\/#primaryimage\"},\"thumbnailUrl\":\"https:\\\/\\\/www.waterskis.lv\\\/wp-content\\\/uploads\\\/2021\\\/03\\\/A450E.png\",\"datePublished\":\"2021-03-28T16:21:01+00:00\",\"dateModified\":\"2026-02-04T16:20:29+00:00\",\"description\":\"Boat AMBER 450 E. Four-seated, classic design boat in double hull performance has designed for the Scandinavian market. Designed as a classic keel boat.\",\"breadcrumb\":{\"@id\":\"https:\\\/\\\/www.waterskis.lv\\\/en\\\/product\\\/boat-amber-450-e\\\/#breadcrumb\"},\"inLanguage\":\"en-US\",\"potentialAction\":[{\"@type\":\"ReadAction\",\"target\":[\"https:\\\/\\\/www.waterskis.lv\\\/en\\\/product\\\/boat-amber-450-e\\\/\"]}]},{\"@type\":\"ImageObject\",\"inLanguage\":\"en-US\",\"@id\":\"https:\\\/\\\/www.waterskis.lv\\\/en\\\/product\\\/boat-amber-450-e\\\/#primaryimage\",\"url\":\"https:\\\/\\\/www.waterskis.lv\\\/wp-content\\\/uploads\\\/2021\\\/03\\\/A450E.png\",\"contentUrl\":\"https:\\\/\\\/www.waterskis.lv\\\/wp-content\\\/uploads\\\/2021\\\/03\\\/A450E.png\",\"width\":280,\"height\":200,\"caption\":\"Boat AMBER 450 E Four-seated, classic design boat in double hull performance\"},{\"@type\":\"BreadcrumbList\",\"@id\":\"https:\\\/\\\/www.waterskis.lv\\\/en\\\/product\\\/boat-amber-450-e\\\/#breadcrumb\",\"itemListElement\":[{\"@type\":\"ListItem\",\"position\":1,\"name\":\"Home\",\"item\":\"https:\\\/\\\/www.waterskis.lv\\\/en\\\/\"},{\"@type\":\"ListItem\",\"position\":2,\"name\":\"Shop\",\"item\":\"https:\\\/\\\/waterskis.lv\\\/en\\\/shop\\\/\"},{\"@type\":\"ListItem\",\"position\":3,\"name\":\"Boat AMBER 450 E\"}]},{\"@type\":\"WebSite\",\"@id\":\"https:\\\/\\\/www.waterskis.lv\\\/en\\\/#website\",\"url\":\"https:\\\/\\\/www.waterskis.lv\\\/en\\\/\",\"name\":\"WATERSKIS.LV\",\"description\":\"SUP d\u0113\u013ci, kajaki, kanoe, airu laivas, \u016bdenssl\u0113po\u0161ana, veikbords, SUP d\u0113\u013cu noma, kajaku nomaakt\u012bv\u0101s atp\u016btas centrs, laivu noma, sup noma, kajaku noma\",\"publisher\":{\"@id\":\"https:\\\/\\\/www.waterskis.lv\\\/en\\\/#organization\"},\"potentialAction\":[{\"@type\":\"SearchAction\",\"target\":{\"@type\":\"EntryPoint\",\"urlTemplate\":\"https:\\\/\\\/www.waterskis.lv\\\/en\\\/?s={search_term_string}\"},\"query-input\":{\"@type\":\"PropertyValueSpecification\",\"valueRequired\":true,\"valueName\":\"search_term_string\"}}],\"inLanguage\":\"en-US\"},{\"@type\":\"Organization\",\"@id\":\"https:\\\/\\\/www.waterskis.lv\\\/en\\\/#organization\",\"name\":\"WATERSKIS.LV\",\"url\":\"https:\\\/\\\/www.waterskis.lv\\\/en\\\/\",\"logo\":{\"@type\":\"ImageObject\",\"inLanguage\":\"en-US\",\"@id\":\"https:\\\/\\\/www.waterskis.lv\\\/en\\\/#\\\/schema\\\/logo\\\/image\\\/\",\"url\":\"https:\\\/\\\/www.waterskis.lv\\\/wp-content\\\/uploads\\\/2025\\\/01\\\/JUVP-logo.png\",\"contentUrl\":\"https:\\\/\\\/www.waterskis.lv\\\/wp-content\\\/uploads\\\/2025\\\/01\\\/JUVP-logo.png\",\"width\":421,\"height\":202,\"caption\":\"WATERSKIS.LV\"},\"image\":{\"@id\":\"https:\\\/\\\/www.waterskis.lv\\\/en\\\/#\\\/schema\\\/logo\\\/image\\\/\"},\"sameAs\":[\"https:\\\/\\\/www.facebook.com\\\/jurmalawaterskiwakeboardpark\\\/\"]}]}<\/script>\n<!-- \/ Yoast SEO plugin. -->","yoast_head_json":{"title":"Boat AMBER 450 E - WATERSKIS.LV","description":"Boat AMBER 450 E. Four-seated, classic design boat in double hull performance has designed for the Scandinavian market. Designed as a classic keel boat.","robots":{"index":"index","follow":"follow","max-snippet":"max-snippet:-1","max-image-preview":"max-image-preview:large","max-video-preview":"max-video-preview:-1"},"canonical":"https:\/\/www.waterskis.lv\/en\/product\/boat-amber-450-e\/","og_locale":"en_US","og_type":"article","og_title":"Boat AMBER 450 E","og_description":"Boat AMBER 450 E","og_url":"https:\/\/www.waterskis.lv\/en\/product\/boat-amber-450-e\/","og_site_name":"WATERSKIS.LV","article_publisher":"https:\/\/www.facebook.com\/jurmalawaterskiwakeboardpark\/","article_modified_time":"2026-02-04T16:20:29+00:00","og_image":[{"url":"https:\/\/www.waterskis.lv\/wp-content\/uploads\/2021\/03\/A450E-1.jpg","type":"","width":"","height":""}],"twitter_card":"summary_large_image","twitter_misc":{"Est. reading time":"3 minutes"},"schema":{"@context":"https:\/\/schema.org","@graph":[{"@type":"WebPage","@id":"https:\/\/www.waterskis.lv\/en\/product\/boat-amber-450-e\/","url":"https:\/\/www.waterskis.lv\/en\/product\/boat-amber-450-e\/","name":"Boat AMBER 450 E - WATERSKIS.LV","isPartOf":{"@id":"https:\/\/www.waterskis.lv\/en\/#website"},"primaryImageOfPage":{"@id":"https:\/\/www.waterskis.lv\/en\/product\/boat-amber-450-e\/#primaryimage"},"image":{"@id":"https:\/\/www.waterskis.lv\/en\/product\/boat-amber-450-e\/#primaryimage"},"thumbnailUrl":"https:\/\/www.waterskis.lv\/wp-content\/uploads\/2021\/03\/A450E.png","datePublished":"2021-03-28T16:21:01+00:00","dateModified":"2026-02-04T16:20:29+00:00","description":"Boat AMBER 450 E. Four-seated, classic design boat in double hull performance has designed for the Scandinavian market. Designed as a classic keel boat.","breadcrumb":{"@id":"https:\/\/www.waterskis.lv\/en\/product\/boat-amber-450-e\/#breadcrumb"},"inLanguage":"en-US","potentialAction":[{"@type":"ReadAction","target":["https:\/\/www.waterskis.lv\/en\/product\/boat-amber-450-e\/"]}]},{"@type":"ImageObject","inLanguage":"en-US","@id":"https:\/\/www.waterskis.lv\/en\/product\/boat-amber-450-e\/#primaryimage","url":"https:\/\/www.waterskis.lv\/wp-content\/uploads\/2021\/03\/A450E.png","contentUrl":"https:\/\/www.waterskis.lv\/wp-content\/uploads\/2021\/03\/A450E.png","width":280,"height":200,"caption":"Boat AMBER 450 E Four-seated, classic design boat in double hull performance"},{"@type":"BreadcrumbList","@id":"https:\/\/www.waterskis.lv\/en\/product\/boat-amber-450-e\/#breadcrumb","itemListElement":[{"@type":"ListItem","position":1,"name":"Home","item":"https:\/\/www.waterskis.lv\/en\/"},{"@type":"ListItem","position":2,"name":"Shop","item":"https:\/\/waterskis.lv\/en\/shop\/"},{"@type":"ListItem","position":3,"name":"Boat AMBER 450 E"}]},{"@type":"WebSite","@id":"https:\/\/www.waterskis.lv\/en\/#website","url":"https:\/\/www.waterskis.lv\/en\/","name":"WATERSKIS.LV","description":"SUP d\u0113\u013ci, kajaki, kanoe, airu laivas, \u016bdenssl\u0113po\u0161ana, veikbords, SUP d\u0113\u013cu noma, kajaku nomaakt\u012bv\u0101s atp\u016btas centrs, laivu noma, sup noma, kajaku noma","publisher":{"@id":"https:\/\/www.waterskis.lv\/en\/#organization"},"potentialAction":[{"@type":"SearchAction","target":{"@type":"EntryPoint","urlTemplate":"https:\/\/www.waterskis.lv\/en\/?s={search_term_string}"},"query-input":{"@type":"PropertyValueSpecification","valueRequired":true,"valueName":"search_term_string"}}],"inLanguage":"en-US"},{"@type":"Organization","@id":"https:\/\/www.waterskis.lv\/en\/#organization","name":"WATERSKIS.LV","url":"https:\/\/www.waterskis.lv\/en\/","logo":{"@type":"ImageObject","inLanguage":"en-US","@id":"https:\/\/www.waterskis.lv\/en\/#\/schema\/logo\/image\/","url":"https:\/\/www.waterskis.lv\/wp-content\/uploads\/2025\/01\/JUVP-logo.png","contentUrl":"https:\/\/www.waterskis.lv\/wp-content\/uploads\/2025\/01\/JUVP-logo.png","width":421,"height":202,"caption":"WATERSKIS.LV"},"image":{"@id":"https:\/\/www.waterskis.lv\/en\/#\/schema\/logo\/image\/"},"sameAs":["https:\/\/www.facebook.com\/jurmalawaterskiwakeboardpark\/"]}]}},"_links":{"self":[{"href":"https:\/\/www.waterskis.lv\/en\/wp-json\/wp\/v2\/product\/28222","targetHints":{"allow":["GET"]}}],"collection":[{"href":"https:\/\/www.waterskis.lv\/en\/wp-json\/wp\/v2\/product"}],"about":[{"href":"https:\/\/www.waterskis.lv\/en\/wp-json\/wp\/v2\/types\/product"}],"replies":[{"embeddable":true,"href":"https:\/\/www.waterskis.lv\/en\/wp-json\/wp\/v2\/comments?post=28222"}],"wp:featuredmedia":[{"embeddable":true,"href":"https:\/\/www.waterskis.lv\/en\/wp-json\/wp\/v2\/media\/28004"}],"wp:attachment":[{"href":"https:\/\/www.waterskis.lv\/en\/wp-json\/wp\/v2\/media?parent=28222"}],"wp:term":[{"taxonomy":"product_brand","embeddable":true,"href":"https:\/\/www.waterskis.lv\/en\/wp-json\/wp\/v2\/product_brand?post=28222"},{"taxonomy":"product_cat","embeddable":true,"href":"https:\/\/www.waterskis.lv\/en\/wp-json\/wp\/v2\/product_cat?post=28222"},{"taxonomy":"product_tag","embeddable":true,"href":"https:\/\/www.waterskis.lv\/en\/wp-json\/wp\/v2\/product_tag?post=28222"}],"curies":[{"name":"wp","href":"https:\/\/api.w.org\/{rel}","templated":true}]}}