{"id":28228,"date":"2021-03-29T14:12:17","date_gmt":"2021-03-29T11:12:17","guid":{"rendered":"https:\/\/www.waterskis.lv\/products\/laiva-amber-600\/"},"modified":"2026-02-04T17:55:36","modified_gmt":"2026-02-04T15:55:36","slug":"boat-amber-600","status":"publish","type":"product","link":"https:\/\/www.waterskis.lv\/en\/product\/boat-amber-600\/","title":{"rendered":"Boat AMBER 600"},"content":{"rendered":"<h1>Boat AMBER 600<\/h1>\n<p>Boat AMBER 600<\/p>\n<p>Very safe and stable, eight-seated, trimaran type industrial fishing boat with three keels<\/p>\n<div>\n<p class=\"moze-justify\"><b>Comfortable, spacious and well used boat in fishing industry<\/b><\/p>\n<p class=\"moze-justify\">As well as all of the Amberlat boats, AMBER 600 is simple to operate and, unlike other boats manufactured by our company, are used in the fishing industry. The boat has width, height, conveniently placed seats, sides and front, a separate compartment anchor placement.<\/p>\n<\/div>\n<div>\n<p class=\"moze-justify\"><b>Trimaran type aqua soaring boat<\/b><\/p>\n<p class=\"moze-justify\">Three keels that placed under the boat floor for user enables to keep stable direction when driving. With 15 z \/s motors for the boat, by moving off the front little bit takes off and stats aqua soaring. By aqua soaring from middle keel to side keels underneath the boat is forming airbag, which enables fast pick up speed and softens motion.<\/p>\n<\/div>\n<div>\n<p class=\"moze-justify\"><b>Safe and stable boat<\/b><\/p>\n<p class=\"moze-justify\">In the performance of our company`s key &#8211; security and stability &#8211; boat is loaded with the air bags in front and back. Keels are filled with foam which makes the boat stable when someone is standing on legs in it, and impossible to sink. In our companies ordered safety checks during the time when the boat is filled with water and there is driver in it, the boat is not sinking.<\/p>\n<\/div>\n<div>\n<p class=\"moze-justify\"><b>The basic model and added options<\/b><\/p>\n<\/div>\n<div>\n<p class=\"moze-justify\">Basic model of boat is available in white, gray or green color, equipped with oars holders and metal eyelets on the front and back of the boat for boat strengthening. To complete boat to your desire, check out our proposed additional equipment. If you want something special &#8211; please contact us &#8211; we are pleased to implement non-standard orders.<\/p>\n<p class=\"moze-justify\"><b>Technical features:<\/b><\/p>\n<ul>\n<li>Length: 603 cm<\/li>\n<li>Width: 216 cm<\/li>\n<li>Height: 0,74 m<\/li>\n<li>Weight: 350-400 kg<\/li>\n<li>Capacity: 1450 kg<\/li>\n<li>Seats: 8<\/li>\n<li>Engine: up to 40 h\/p<\/li>\n<\/ul>\n<p><img decoding=\"async\" src=\"https:\/\/site-357498.mozfiles.com\/files\/357498\/medium\/2-5.jpg\" alt=\"2-5.jpg\" \/><\/p>\n<p><u><b>Possible additional equipment:<\/b><\/u><\/p>\n<\/div>\n<ul>\n<li>Hermetically sealed luggage storage boxes<\/li>\n<li>Moveable or removable middle chair<\/li>\n<li>Side pontoons<\/li>\n<li>Back buklhead<\/li>\n<li>Gasoline supply<\/li>\n<li>Water runoff<\/li>\n<li>Stainless steel hoops on keels<\/li>\n<li>Wheels for boat moving<\/li>\n<li>Handles<\/li>\n<li>Rotary angling chair<\/li>\n<li>Boat tent of roof construction<\/li>\n<li>Oars<\/li>\n<li>Console and steering system (if it is not included in standard boat set)<\/li>\n<li>Motorshaft transition<\/li>\n<\/ul>\n","protected":false},"excerpt":{"rendered":"<p>Boat AMBER 600 Boat AMBER 600 Very safe and stable, eight-seated, trimaran type industrial fishing boat with three keels Comfortable, spacious and well used boat in fishing industry As well as all of the Amberlat boats, AMBER 600 is simple to operate and, unlike other boats manufactured by our company, are used in the fishing [&#8230;]<\/p>\n<p><a class=\"btn btn-secondary understrap-read-more-link\" href=\"https:\/\/www.waterskis.lv\/en\/product\/boat-amber-600\/\">Read More&#8230;<\/a><\/p>\n","protected":false},"featured_media":28059,"comment_status":"closed","ping_status":"closed","template":"","meta":{"_acf_changed":false,"inline_featured_image":false},"product_brand":[2766],"product_cat":[571,944],"product_tag":[3337,3338,2771,2772,3339,3340,2773,3341,3342,3343,3344,3345,3346,3347],"class_list":{"0":"post-28228","1":"product","2":"type-product","3":"status-publish","4":"has-post-thumbnail","6":"product_brand-amberlat","7":"product_cat-boats","8":"product_cat-fiberglass-paddle-boats","9":"product_tag-airu-laivas","10":"product_tag-amber","11":"product_tag-amber-laivas","12":"product_tag-amberlat","13":"product_tag-boats","14":"product_tag-fiberglass-boats","15":"product_tag-laivas","16":"product_tag-paddle-boats","17":"product_tag-rowing-boats","18":"product_tag-stiklaskiedras-laivas","19":"product_tag-3344","20":"product_tag-3345","21":"product_tag-3346","22":"product_tag-3347","24":"first","25":"instock","26":"shipping-taxable","27":"purchasable","28":"product-type-simple"},"acf":[],"yoast_head":"<!-- This site is optimized with the Yoast SEO plugin v27.3 - https:\/\/yoast.com\/product\/yoast-seo-wordpress\/ -->\n<title>Boat AMBER 600 - WATERSKIS.LV<\/title>\n<meta name=\"description\" content=\"Boat AMBER 600 eight-seated, trimaran type industrial fishing boat with three keels. Waterskis.lv - high quality, good prices.\" \/>\n<meta name=\"robots\" content=\"index, follow, max-snippet:-1, max-image-preview:large, max-video-preview:-1\" \/>\n<link rel=\"canonical\" href=\"https:\/\/www.waterskis.lv\/en\/product\/boat-amber-600\/\" \/>\n<meta property=\"og:locale\" content=\"en_US\" \/>\n<meta property=\"og:type\" content=\"article\" \/>\n<meta property=\"og:title\" content=\"Boat AMBER 600 - WATERSKIS.LV\" \/>\n<meta property=\"og:description\" content=\"Boat AMBER 600 eight-seated, trimaran type industrial fishing boat with three keels. Waterskis.lv - high quality, good prices.\" \/>\n<meta property=\"og:url\" content=\"https:\/\/www.waterskis.lv\/en\/product\/boat-amber-600\/\" \/>\n<meta property=\"og:site_name\" content=\"WATERSKIS.LV\" \/>\n<meta property=\"article:publisher\" content=\"https:\/\/www.facebook.com\/jurmalawaterskiwakeboardpark\/\" \/>\n<meta property=\"article:modified_time\" content=\"2026-02-04T15:55:36+00:00\" \/>\n<meta property=\"og:image\" content=\"https:\/\/www.waterskis.lv\/wp-content\/uploads\/2021\/03\/A600.jpg\" \/>\n\t<meta property=\"og:image:width\" content=\"280\" \/>\n\t<meta property=\"og:image:height\" content=\"200\" \/>\n\t<meta property=\"og:image:type\" content=\"image\/jpeg\" \/>\n<meta name=\"twitter:card\" content=\"summary_large_image\" \/>\n<meta name=\"twitter:label1\" content=\"Est. reading time\" \/>\n\t<meta name=\"twitter:data1\" content=\"3 minutes\" \/>\n<script type=\"application\/ld+json\" class=\"yoast-schema-graph\">{\"@context\":\"https:\\\/\\\/schema.org\",\"@graph\":[{\"@type\":\"WebPage\",\"@id\":\"https:\\\/\\\/www.waterskis.lv\\\/en\\\/product\\\/boat-amber-600\\\/\",\"url\":\"https:\\\/\\\/www.waterskis.lv\\\/en\\\/product\\\/boat-amber-600\\\/\",\"name\":\"Boat AMBER 600 - WATERSKIS.LV\",\"isPartOf\":{\"@id\":\"https:\\\/\\\/www.waterskis.lv\\\/en\\\/#website\"},\"primaryImageOfPage\":{\"@id\":\"https:\\\/\\\/www.waterskis.lv\\\/en\\\/product\\\/boat-amber-600\\\/#primaryimage\"},\"image\":{\"@id\":\"https:\\\/\\\/www.waterskis.lv\\\/en\\\/product\\\/boat-amber-600\\\/#primaryimage\"},\"thumbnailUrl\":\"https:\\\/\\\/www.waterskis.lv\\\/wp-content\\\/uploads\\\/2021\\\/03\\\/A600.jpg\",\"datePublished\":\"2021-03-29T11:12:17+00:00\",\"dateModified\":\"2026-02-04T15:55:36+00:00\",\"description\":\"Boat AMBER 600 eight-seated, trimaran type industrial fishing boat with three keels. Waterskis.lv - high quality, good prices.\",\"breadcrumb\":{\"@id\":\"https:\\\/\\\/www.waterskis.lv\\\/en\\\/product\\\/boat-amber-600\\\/#breadcrumb\"},\"inLanguage\":\"en-US\",\"potentialAction\":[{\"@type\":\"ReadAction\",\"target\":[\"https:\\\/\\\/www.waterskis.lv\\\/en\\\/product\\\/boat-amber-600\\\/\"]}]},{\"@type\":\"ImageObject\",\"inLanguage\":\"en-US\",\"@id\":\"https:\\\/\\\/www.waterskis.lv\\\/en\\\/product\\\/boat-amber-600\\\/#primaryimage\",\"url\":\"https:\\\/\\\/www.waterskis.lv\\\/wp-content\\\/uploads\\\/2021\\\/03\\\/A600.jpg\",\"contentUrl\":\"https:\\\/\\\/www.waterskis.lv\\\/wp-content\\\/uploads\\\/2021\\\/03\\\/A600.jpg\",\"width\":280,\"height\":200,\"caption\":\"Boat AMBER 600 eight-seated, trimaran type industrial fishing boat with three keels\"},{\"@type\":\"BreadcrumbList\",\"@id\":\"https:\\\/\\\/www.waterskis.lv\\\/en\\\/product\\\/boat-amber-600\\\/#breadcrumb\",\"itemListElement\":[{\"@type\":\"ListItem\",\"position\":1,\"name\":\"Home\",\"item\":\"https:\\\/\\\/www.waterskis.lv\\\/en\\\/\"},{\"@type\":\"ListItem\",\"position\":2,\"name\":\"Shop\",\"item\":\"https:\\\/\\\/waterskis.lv\\\/en\\\/shop\\\/\"},{\"@type\":\"ListItem\",\"position\":3,\"name\":\"Boat AMBER 600\"}]},{\"@type\":\"WebSite\",\"@id\":\"https:\\\/\\\/www.waterskis.lv\\\/en\\\/#website\",\"url\":\"https:\\\/\\\/www.waterskis.lv\\\/en\\\/\",\"name\":\"WATERSKIS.LV\",\"description\":\"SUP d\u0113\u013ci, kajaki, kanoe, airu laivas, \u016bdenssl\u0113po\u0161ana, veikbords, SUP d\u0113\u013cu noma, kajaku nomaakt\u012bv\u0101s atp\u016btas centrs, laivu noma, sup noma, kajaku noma\",\"publisher\":{\"@id\":\"https:\\\/\\\/www.waterskis.lv\\\/en\\\/#organization\"},\"potentialAction\":[{\"@type\":\"SearchAction\",\"target\":{\"@type\":\"EntryPoint\",\"urlTemplate\":\"https:\\\/\\\/www.waterskis.lv\\\/en\\\/?s={search_term_string}\"},\"query-input\":{\"@type\":\"PropertyValueSpecification\",\"valueRequired\":true,\"valueName\":\"search_term_string\"}}],\"inLanguage\":\"en-US\"},{\"@type\":\"Organization\",\"@id\":\"https:\\\/\\\/www.waterskis.lv\\\/en\\\/#organization\",\"name\":\"WATERSKIS.LV\",\"url\":\"https:\\\/\\\/www.waterskis.lv\\\/en\\\/\",\"logo\":{\"@type\":\"ImageObject\",\"inLanguage\":\"en-US\",\"@id\":\"https:\\\/\\\/www.waterskis.lv\\\/en\\\/#\\\/schema\\\/logo\\\/image\\\/\",\"url\":\"https:\\\/\\\/www.waterskis.lv\\\/wp-content\\\/uploads\\\/2025\\\/01\\\/JUVP-logo.png\",\"contentUrl\":\"https:\\\/\\\/www.waterskis.lv\\\/wp-content\\\/uploads\\\/2025\\\/01\\\/JUVP-logo.png\",\"width\":421,\"height\":202,\"caption\":\"WATERSKIS.LV\"},\"image\":{\"@id\":\"https:\\\/\\\/www.waterskis.lv\\\/en\\\/#\\\/schema\\\/logo\\\/image\\\/\"},\"sameAs\":[\"https:\\\/\\\/www.facebook.com\\\/jurmalawaterskiwakeboardpark\\\/\"]}]}<\/script>\n<!-- \/ Yoast SEO plugin. -->","yoast_head_json":{"title":"Boat AMBER 600 - WATERSKIS.LV","description":"Boat AMBER 600 eight-seated, trimaran type industrial fishing boat with three keels. Waterskis.lv - high quality, good prices.","robots":{"index":"index","follow":"follow","max-snippet":"max-snippet:-1","max-image-preview":"max-image-preview:large","max-video-preview":"max-video-preview:-1"},"canonical":"https:\/\/www.waterskis.lv\/en\/product\/boat-amber-600\/","og_locale":"en_US","og_type":"article","og_title":"Boat AMBER 600 - WATERSKIS.LV","og_description":"Boat AMBER 600 eight-seated, trimaran type industrial fishing boat with three keels. Waterskis.lv - high quality, good prices.","og_url":"https:\/\/www.waterskis.lv\/en\/product\/boat-amber-600\/","og_site_name":"WATERSKIS.LV","article_publisher":"https:\/\/www.facebook.com\/jurmalawaterskiwakeboardpark\/","article_modified_time":"2026-02-04T15:55:36+00:00","og_image":[{"width":280,"height":200,"url":"https:\/\/www.waterskis.lv\/wp-content\/uploads\/2021\/03\/A600.jpg","type":"image\/jpeg"}],"twitter_card":"summary_large_image","twitter_misc":{"Est. reading time":"3 minutes"},"schema":{"@context":"https:\/\/schema.org","@graph":[{"@type":"WebPage","@id":"https:\/\/www.waterskis.lv\/en\/product\/boat-amber-600\/","url":"https:\/\/www.waterskis.lv\/en\/product\/boat-amber-600\/","name":"Boat AMBER 600 - WATERSKIS.LV","isPartOf":{"@id":"https:\/\/www.waterskis.lv\/en\/#website"},"primaryImageOfPage":{"@id":"https:\/\/www.waterskis.lv\/en\/product\/boat-amber-600\/#primaryimage"},"image":{"@id":"https:\/\/www.waterskis.lv\/en\/product\/boat-amber-600\/#primaryimage"},"thumbnailUrl":"https:\/\/www.waterskis.lv\/wp-content\/uploads\/2021\/03\/A600.jpg","datePublished":"2021-03-29T11:12:17+00:00","dateModified":"2026-02-04T15:55:36+00:00","description":"Boat AMBER 600 eight-seated, trimaran type industrial fishing boat with three keels. Waterskis.lv - high quality, good prices.","breadcrumb":{"@id":"https:\/\/www.waterskis.lv\/en\/product\/boat-amber-600\/#breadcrumb"},"inLanguage":"en-US","potentialAction":[{"@type":"ReadAction","target":["https:\/\/www.waterskis.lv\/en\/product\/boat-amber-600\/"]}]},{"@type":"ImageObject","inLanguage":"en-US","@id":"https:\/\/www.waterskis.lv\/en\/product\/boat-amber-600\/#primaryimage","url":"https:\/\/www.waterskis.lv\/wp-content\/uploads\/2021\/03\/A600.jpg","contentUrl":"https:\/\/www.waterskis.lv\/wp-content\/uploads\/2021\/03\/A600.jpg","width":280,"height":200,"caption":"Boat AMBER 600 eight-seated, trimaran type industrial fishing boat with three keels"},{"@type":"BreadcrumbList","@id":"https:\/\/www.waterskis.lv\/en\/product\/boat-amber-600\/#breadcrumb","itemListElement":[{"@type":"ListItem","position":1,"name":"Home","item":"https:\/\/www.waterskis.lv\/en\/"},{"@type":"ListItem","position":2,"name":"Shop","item":"https:\/\/waterskis.lv\/en\/shop\/"},{"@type":"ListItem","position":3,"name":"Boat AMBER 600"}]},{"@type":"WebSite","@id":"https:\/\/www.waterskis.lv\/en\/#website","url":"https:\/\/www.waterskis.lv\/en\/","name":"WATERSKIS.LV","description":"SUP d\u0113\u013ci, kajaki, kanoe, airu laivas, \u016bdenssl\u0113po\u0161ana, veikbords, SUP d\u0113\u013cu noma, kajaku nomaakt\u012bv\u0101s atp\u016btas centrs, laivu noma, sup noma, kajaku noma","publisher":{"@id":"https:\/\/www.waterskis.lv\/en\/#organization"},"potentialAction":[{"@type":"SearchAction","target":{"@type":"EntryPoint","urlTemplate":"https:\/\/www.waterskis.lv\/en\/?s={search_term_string}"},"query-input":{"@type":"PropertyValueSpecification","valueRequired":true,"valueName":"search_term_string"}}],"inLanguage":"en-US"},{"@type":"Organization","@id":"https:\/\/www.waterskis.lv\/en\/#organization","name":"WATERSKIS.LV","url":"https:\/\/www.waterskis.lv\/en\/","logo":{"@type":"ImageObject","inLanguage":"en-US","@id":"https:\/\/www.waterskis.lv\/en\/#\/schema\/logo\/image\/","url":"https:\/\/www.waterskis.lv\/wp-content\/uploads\/2025\/01\/JUVP-logo.png","contentUrl":"https:\/\/www.waterskis.lv\/wp-content\/uploads\/2025\/01\/JUVP-logo.png","width":421,"height":202,"caption":"WATERSKIS.LV"},"image":{"@id":"https:\/\/www.waterskis.lv\/en\/#\/schema\/logo\/image\/"},"sameAs":["https:\/\/www.facebook.com\/jurmalawaterskiwakeboardpark\/"]}]}},"_links":{"self":[{"href":"https:\/\/www.waterskis.lv\/en\/wp-json\/wp\/v2\/product\/28228","targetHints":{"allow":["GET"]}}],"collection":[{"href":"https:\/\/www.waterskis.lv\/en\/wp-json\/wp\/v2\/product"}],"about":[{"href":"https:\/\/www.waterskis.lv\/en\/wp-json\/wp\/v2\/types\/product"}],"replies":[{"embeddable":true,"href":"https:\/\/www.waterskis.lv\/en\/wp-json\/wp\/v2\/comments?post=28228"}],"wp:featuredmedia":[{"embeddable":true,"href":"https:\/\/www.waterskis.lv\/en\/wp-json\/wp\/v2\/media\/28059"}],"wp:attachment":[{"href":"https:\/\/www.waterskis.lv\/en\/wp-json\/wp\/v2\/media?parent=28228"}],"wp:term":[{"taxonomy":"product_brand","embeddable":true,"href":"https:\/\/www.waterskis.lv\/en\/wp-json\/wp\/v2\/product_brand?post=28228"},{"taxonomy":"product_cat","embeddable":true,"href":"https:\/\/www.waterskis.lv\/en\/wp-json\/wp\/v2\/product_cat?post=28228"},{"taxonomy":"product_tag","embeddable":true,"href":"https:\/\/www.waterskis.lv\/en\/wp-json\/wp\/v2\/product_tag?post=28228"}],"curies":[{"name":"wp","href":"https:\/\/api.w.org\/{rel}","templated":true}]}}