{"id":28233,"date":"2021-03-28T21:07:16","date_gmt":"2021-03-28T18:07:16","guid":{"rendered":"https:\/\/www.waterskis.lv\/products\/motorlaiva-amber-510e\/"},"modified":"2026-02-04T18:18:29","modified_gmt":"2026-02-04T16:18:29","slug":"motorboat-amber-510e","status":"publish","type":"product","link":"https:\/\/www.waterskis.lv\/en\/product\/motorboat-amber-510e\/","title":{"rendered":"Motorboat AMBER 510E"},"content":{"rendered":"<h1>Motorboat AMBER 510E<\/h1>\n<p>Motorboat AMBER 510E<\/p>\n<p>Specially designed powerful motor boat.<\/p>\n<p class=\"moze-justify\"><b>Elegant and comfortable boat<\/b><\/p>\n<div class=\"moze-justify\">Five seated, aquaplaning, moderate angle keel boat in double hull performance. Its advantages are an innovative glossy design, both inside and outside, which gives it an elegant, modern and contemporary look, with a high level of safety and stability. Boats standard equipment includes water-proof, soft cushion on front seat, which provides comfortable sitting for boaters, but stainless steel hoop, located in front part is making boating even more safer and enjoyable.<\/div>\n<div class=\"moze-justify\">Model is perfect for relaxing with friends and family, sport activities and anglers.<\/div>\n<p class=\"moze-justify\"><b>Safe and stable boat<\/b><\/p>\n<p class=\"moze-justify\">n the performance of our company`s key &#8211; security and stability &#8211;\u00a0\u00a0boat space between the hulls is designed as an air tanks (pontoons),\u00a0which makes the boat stable when someone is standing on legs in it, and impossible to sink. In our companies ordered safety checks during the time when the boat is filled with water and there is driver in it, the boat is not sinking.<\/p>\n<p class=\"moze-justify\"><b>Powerful motor boat<\/b><\/p>\n<p class=\"moze-justify\">It is possible for it to install the electric motor as well as gasoline engine with capacity up to 90 h\/p,\u00a0that will allow for rapid movement of both internal and coastal waters, and also will provide an opportunity to practice your favorite water sport modes-waterskiing, wakeboarding. This new boats engine power can provide boating even in extreme weather conditions.<\/p>\n<p class=\"moze-justify\"><b>The basic model and added options<\/b><\/p>\n<div class=\"moze-justify\">Boat`s standard equipment includes stainless steel rails, two luggage boxes, navigation lights, steering system and console, stairs, windshield, anchorbox, front and back seat cushions.<\/div>\n<div class=\"moze-justify\">But in addition it is also possible to add a ski pylon, built-in fuel tank or fishing equipment holders, roof tent construction and different course control devices.<\/div>\n<div class=\"moze-justify\">If you want something special &#8211; please contact us &#8211; we are happy to realize non-standard orders.<\/div>\n<p class=\"moze-justify\"><b>\u00a0Tehnical features:<\/b><\/p>\n<ul>\n<li>Length: 510 cm<\/li>\n<li>Width: 200 cm<\/li>\n<li>Height: 1,80 m<\/li>\n<li>Weight: 400 kg<\/li>\n<li>Capacity: 600 kg<\/li>\n<li>Seats: 5<\/li>\n<li>Engine: up to 90 h\/p<\/li>\n<\/ul>\n<p class=\"moze-justify\"><u><b>Possible additional equipment:<\/b><\/u><\/p>\n<ul>\n<li>Hermetically sealed luggage storage boxes<\/li>\n<li>Moveable or removable middle chair<\/li>\n<li>Side pontoons<\/li>\n<li>Back buklhead<\/li>\n<li>Gasoline supply<\/li>\n<li>Water runoff<\/li>\n<li>Stainless steel hoops on keels<\/li>\n<li>Wheels for boat moving<\/li>\n<li>Handles<\/li>\n<li>Rotary angling chair<\/li>\n<li>Boat tent of roof construction<\/li>\n<li>Oars<\/li>\n<li>Console and steering system (if it is not included in standard boat set)<\/li>\n<li>Motorshaft transition<\/li>\n<\/ul>\n","protected":false},"excerpt":{"rendered":"<p>[caption id=\"attachment_28022\" align=\"alignnone\" width=\"300\"]<img decoding=\"async\" class=\"size-medium wp-image-28022\" src=\"https:\/\/www.waterskis.lv\/wp-content\/uploads\/2021\/03\/A510E-1-300x201.jpg\" alt=\"Motorlaiva AMBER 510E\" width=\"300\" height=\"201\" srcset=\"https:\/\/www.waterskis.lv\/wp-content\/uploads\/2021\/03\/A510E-1-300x201.jpg 300w, https:\/\/www.waterskis.lv\/wp-content\/uploads\/2021\/03\/A510E-1-600x402.jpg 600w, https:\/\/www.waterskis.lv\/wp-content\/uploads\/2021\/03\/A510E-1.jpg 672w\" sizes=\"(max-width: 300px) 100vw, 300px\" \/> Motorlaiva AMBER 510E[\/caption] [&#8230;]<\/p>\n<p><a class=\"btn btn-secondary understrap-read-more-link\" href=\"https:\/\/www.waterskis.lv\/en\/product\/motorboat-amber-510e\/\">Read More&#8230;<\/a><\/p>\n","protected":false},"featured_media":28020,"comment_status":"closed","ping_status":"closed","template":"","meta":{"_acf_changed":false,"inline_featured_image":false},"product_brand":[2766],"product_cat":[571,944],"product_tag":[3337,3338,2771,2772,3339,3340,2773,3391,3341,3342,3343,3344,3345,3346,3347],"class_list":{"0":"post-28233","1":"product","2":"type-product","3":"status-publish","4":"has-post-thumbnail","6":"product_brand-amberlat","7":"product_cat-boats","8":"product_cat-fiberglass-paddle-boats","9":"product_tag-airu-laivas","10":"product_tag-amber","11":"product_tag-amber-laivas","12":"product_tag-amberlat","13":"product_tag-boats","14":"product_tag-fiberglass-boats","15":"product_tag-laivas","16":"product_tag-motorlaiva","17":"product_tag-paddle-boats","18":"product_tag-rowing-boats","19":"product_tag-stiklaskiedras-laivas","20":"product_tag-3344","21":"product_tag-3345","22":"product_tag-3346","23":"product_tag-3347","25":"first","26":"instock","27":"shipping-taxable","28":"purchasable","29":"product-type-simple"},"acf":[],"yoast_head":"<!-- This site is optimized with the Yoast SEO plugin v27.3 - https:\/\/yoast.com\/product\/yoast-seo-wordpress\/ -->\n<title>Motorboat AMBER 510E - WATERSKIS.LV<\/title>\n<meta name=\"description\" content=\"Motorboat AMBER 510E. Specially designed powerful, elegant and comfortable, five seated, aquaplaning, moderate angle keel boat in double hull performance\" \/>\n<meta name=\"robots\" content=\"index, follow, max-snippet:-1, max-image-preview:large, max-video-preview:-1\" \/>\n<link rel=\"canonical\" href=\"https:\/\/www.waterskis.lv\/en\/product\/motorboat-amber-510e\/\" \/>\n<meta property=\"og:locale\" content=\"en_US\" \/>\n<meta property=\"og:type\" content=\"article\" \/>\n<meta property=\"og:title\" content=\"Motorboat AMBER 510E\" \/>\n<meta property=\"og:description\" content=\"Motorboat AMBER 510E\" \/>\n<meta property=\"og:url\" content=\"https:\/\/www.waterskis.lv\/en\/product\/motorboat-amber-510e\/\" \/>\n<meta property=\"og:site_name\" content=\"WATERSKIS.LV\" \/>\n<meta property=\"article:publisher\" content=\"https:\/\/www.facebook.com\/jurmalawaterskiwakeboardpark\/\" \/>\n<meta property=\"article:modified_time\" content=\"2026-02-04T16:18:29+00:00\" \/>\n<meta property=\"og:image\" content=\"https:\/\/www.waterskis.lv\/wp-content\/uploads\/2021\/03\/A510E.jpg\" \/>\n\t<meta property=\"og:image:width\" content=\"280\" \/>\n\t<meta property=\"og:image:height\" content=\"200\" \/>\n\t<meta property=\"og:image:type\" content=\"image\/jpeg\" \/>\n<meta name=\"twitter:card\" content=\"summary_large_image\" \/>\n<meta name=\"twitter:label1\" content=\"Est. reading time\" \/>\n\t<meta name=\"twitter:data1\" content=\"3 minutes\" \/>\n<script type=\"application\/ld+json\" class=\"yoast-schema-graph\">{\"@context\":\"https:\\\/\\\/schema.org\",\"@graph\":[{\"@type\":\"WebPage\",\"@id\":\"https:\\\/\\\/www.waterskis.lv\\\/en\\\/product\\\/motorboat-amber-510e\\\/\",\"url\":\"https:\\\/\\\/www.waterskis.lv\\\/en\\\/product\\\/motorboat-amber-510e\\\/\",\"name\":\"Motorboat AMBER 510E - WATERSKIS.LV\",\"isPartOf\":{\"@id\":\"https:\\\/\\\/www.waterskis.lv\\\/en\\\/#website\"},\"primaryImageOfPage\":{\"@id\":\"https:\\\/\\\/www.waterskis.lv\\\/en\\\/product\\\/motorboat-amber-510e\\\/#primaryimage\"},\"image\":{\"@id\":\"https:\\\/\\\/www.waterskis.lv\\\/en\\\/product\\\/motorboat-amber-510e\\\/#primaryimage\"},\"thumbnailUrl\":\"https:\\\/\\\/www.waterskis.lv\\\/wp-content\\\/uploads\\\/2021\\\/03\\\/A510E.jpg\",\"datePublished\":\"2021-03-28T18:07:16+00:00\",\"dateModified\":\"2026-02-04T16:18:29+00:00\",\"description\":\"Motorboat AMBER 510E. Specially designed powerful, elegant and comfortable, five seated, aquaplaning, moderate angle keel boat in double hull performance\",\"breadcrumb\":{\"@id\":\"https:\\\/\\\/www.waterskis.lv\\\/en\\\/product\\\/motorboat-amber-510e\\\/#breadcrumb\"},\"inLanguage\":\"en-US\",\"potentialAction\":[{\"@type\":\"ReadAction\",\"target\":[\"https:\\\/\\\/www.waterskis.lv\\\/en\\\/product\\\/motorboat-amber-510e\\\/\"]}]},{\"@type\":\"ImageObject\",\"inLanguage\":\"en-US\",\"@id\":\"https:\\\/\\\/www.waterskis.lv\\\/en\\\/product\\\/motorboat-amber-510e\\\/#primaryimage\",\"url\":\"https:\\\/\\\/www.waterskis.lv\\\/wp-content\\\/uploads\\\/2021\\\/03\\\/A510E.jpg\",\"contentUrl\":\"https:\\\/\\\/www.waterskis.lv\\\/wp-content\\\/uploads\\\/2021\\\/03\\\/A510E.jpg\",\"width\":280,\"height\":200,\"caption\":\"Motorboat AMBER 510E\"},{\"@type\":\"BreadcrumbList\",\"@id\":\"https:\\\/\\\/www.waterskis.lv\\\/en\\\/product\\\/motorboat-amber-510e\\\/#breadcrumb\",\"itemListElement\":[{\"@type\":\"ListItem\",\"position\":1,\"name\":\"Home\",\"item\":\"https:\\\/\\\/www.waterskis.lv\\\/en\\\/\"},{\"@type\":\"ListItem\",\"position\":2,\"name\":\"Shop\",\"item\":\"https:\\\/\\\/waterskis.lv\\\/en\\\/shop\\\/\"},{\"@type\":\"ListItem\",\"position\":3,\"name\":\"Motorboat AMBER 510E\"}]},{\"@type\":\"WebSite\",\"@id\":\"https:\\\/\\\/www.waterskis.lv\\\/en\\\/#website\",\"url\":\"https:\\\/\\\/www.waterskis.lv\\\/en\\\/\",\"name\":\"WATERSKIS.LV\",\"description\":\"SUP d\u0113\u013ci, kajaki, kanoe, airu laivas, \u016bdenssl\u0113po\u0161ana, veikbords, SUP d\u0113\u013cu noma, kajaku nomaakt\u012bv\u0101s atp\u016btas centrs, laivu noma, sup noma, kajaku noma\",\"publisher\":{\"@id\":\"https:\\\/\\\/www.waterskis.lv\\\/en\\\/#organization\"},\"potentialAction\":[{\"@type\":\"SearchAction\",\"target\":{\"@type\":\"EntryPoint\",\"urlTemplate\":\"https:\\\/\\\/www.waterskis.lv\\\/en\\\/?s={search_term_string}\"},\"query-input\":{\"@type\":\"PropertyValueSpecification\",\"valueRequired\":true,\"valueName\":\"search_term_string\"}}],\"inLanguage\":\"en-US\"},{\"@type\":\"Organization\",\"@id\":\"https:\\\/\\\/www.waterskis.lv\\\/en\\\/#organization\",\"name\":\"WATERSKIS.LV\",\"url\":\"https:\\\/\\\/www.waterskis.lv\\\/en\\\/\",\"logo\":{\"@type\":\"ImageObject\",\"inLanguage\":\"en-US\",\"@id\":\"https:\\\/\\\/www.waterskis.lv\\\/en\\\/#\\\/schema\\\/logo\\\/image\\\/\",\"url\":\"https:\\\/\\\/www.waterskis.lv\\\/wp-content\\\/uploads\\\/2025\\\/01\\\/JUVP-logo.png\",\"contentUrl\":\"https:\\\/\\\/www.waterskis.lv\\\/wp-content\\\/uploads\\\/2025\\\/01\\\/JUVP-logo.png\",\"width\":421,\"height\":202,\"caption\":\"WATERSKIS.LV\"},\"image\":{\"@id\":\"https:\\\/\\\/www.waterskis.lv\\\/en\\\/#\\\/schema\\\/logo\\\/image\\\/\"},\"sameAs\":[\"https:\\\/\\\/www.facebook.com\\\/jurmalawaterskiwakeboardpark\\\/\"]}]}<\/script>\n<!-- \/ Yoast SEO plugin. -->","yoast_head_json":{"title":"Motorboat AMBER 510E - WATERSKIS.LV","description":"Motorboat AMBER 510E. Specially designed powerful, elegant and comfortable, five seated, aquaplaning, moderate angle keel boat in double hull performance","robots":{"index":"index","follow":"follow","max-snippet":"max-snippet:-1","max-image-preview":"max-image-preview:large","max-video-preview":"max-video-preview:-1"},"canonical":"https:\/\/www.waterskis.lv\/en\/product\/motorboat-amber-510e\/","og_locale":"en_US","og_type":"article","og_title":"Motorboat AMBER 510E","og_description":"Motorboat AMBER 510E","og_url":"https:\/\/www.waterskis.lv\/en\/product\/motorboat-amber-510e\/","og_site_name":"WATERSKIS.LV","article_publisher":"https:\/\/www.facebook.com\/jurmalawaterskiwakeboardpark\/","article_modified_time":"2026-02-04T16:18:29+00:00","og_image":[{"width":280,"height":200,"url":"https:\/\/www.waterskis.lv\/wp-content\/uploads\/2021\/03\/A510E.jpg","type":"image\/jpeg"}],"twitter_card":"summary_large_image","twitter_misc":{"Est. reading time":"3 minutes"},"schema":{"@context":"https:\/\/schema.org","@graph":[{"@type":"WebPage","@id":"https:\/\/www.waterskis.lv\/en\/product\/motorboat-amber-510e\/","url":"https:\/\/www.waterskis.lv\/en\/product\/motorboat-amber-510e\/","name":"Motorboat AMBER 510E - WATERSKIS.LV","isPartOf":{"@id":"https:\/\/www.waterskis.lv\/en\/#website"},"primaryImageOfPage":{"@id":"https:\/\/www.waterskis.lv\/en\/product\/motorboat-amber-510e\/#primaryimage"},"image":{"@id":"https:\/\/www.waterskis.lv\/en\/product\/motorboat-amber-510e\/#primaryimage"},"thumbnailUrl":"https:\/\/www.waterskis.lv\/wp-content\/uploads\/2021\/03\/A510E.jpg","datePublished":"2021-03-28T18:07:16+00:00","dateModified":"2026-02-04T16:18:29+00:00","description":"Motorboat AMBER 510E. Specially designed powerful, elegant and comfortable, five seated, aquaplaning, moderate angle keel boat in double hull performance","breadcrumb":{"@id":"https:\/\/www.waterskis.lv\/en\/product\/motorboat-amber-510e\/#breadcrumb"},"inLanguage":"en-US","potentialAction":[{"@type":"ReadAction","target":["https:\/\/www.waterskis.lv\/en\/product\/motorboat-amber-510e\/"]}]},{"@type":"ImageObject","inLanguage":"en-US","@id":"https:\/\/www.waterskis.lv\/en\/product\/motorboat-amber-510e\/#primaryimage","url":"https:\/\/www.waterskis.lv\/wp-content\/uploads\/2021\/03\/A510E.jpg","contentUrl":"https:\/\/www.waterskis.lv\/wp-content\/uploads\/2021\/03\/A510E.jpg","width":280,"height":200,"caption":"Motorboat AMBER 510E"},{"@type":"BreadcrumbList","@id":"https:\/\/www.waterskis.lv\/en\/product\/motorboat-amber-510e\/#breadcrumb","itemListElement":[{"@type":"ListItem","position":1,"name":"Home","item":"https:\/\/www.waterskis.lv\/en\/"},{"@type":"ListItem","position":2,"name":"Shop","item":"https:\/\/waterskis.lv\/en\/shop\/"},{"@type":"ListItem","position":3,"name":"Motorboat AMBER 510E"}]},{"@type":"WebSite","@id":"https:\/\/www.waterskis.lv\/en\/#website","url":"https:\/\/www.waterskis.lv\/en\/","name":"WATERSKIS.LV","description":"SUP d\u0113\u013ci, kajaki, kanoe, airu laivas, \u016bdenssl\u0113po\u0161ana, veikbords, SUP d\u0113\u013cu noma, kajaku nomaakt\u012bv\u0101s atp\u016btas centrs, laivu noma, sup noma, kajaku noma","publisher":{"@id":"https:\/\/www.waterskis.lv\/en\/#organization"},"potentialAction":[{"@type":"SearchAction","target":{"@type":"EntryPoint","urlTemplate":"https:\/\/www.waterskis.lv\/en\/?s={search_term_string}"},"query-input":{"@type":"PropertyValueSpecification","valueRequired":true,"valueName":"search_term_string"}}],"inLanguage":"en-US"},{"@type":"Organization","@id":"https:\/\/www.waterskis.lv\/en\/#organization","name":"WATERSKIS.LV","url":"https:\/\/www.waterskis.lv\/en\/","logo":{"@type":"ImageObject","inLanguage":"en-US","@id":"https:\/\/www.waterskis.lv\/en\/#\/schema\/logo\/image\/","url":"https:\/\/www.waterskis.lv\/wp-content\/uploads\/2025\/01\/JUVP-logo.png","contentUrl":"https:\/\/www.waterskis.lv\/wp-content\/uploads\/2025\/01\/JUVP-logo.png","width":421,"height":202,"caption":"WATERSKIS.LV"},"image":{"@id":"https:\/\/www.waterskis.lv\/en\/#\/schema\/logo\/image\/"},"sameAs":["https:\/\/www.facebook.com\/jurmalawaterskiwakeboardpark\/"]}]}},"_links":{"self":[{"href":"https:\/\/www.waterskis.lv\/en\/wp-json\/wp\/v2\/product\/28233","targetHints":{"allow":["GET"]}}],"collection":[{"href":"https:\/\/www.waterskis.lv\/en\/wp-json\/wp\/v2\/product"}],"about":[{"href":"https:\/\/www.waterskis.lv\/en\/wp-json\/wp\/v2\/types\/product"}],"replies":[{"embeddable":true,"href":"https:\/\/www.waterskis.lv\/en\/wp-json\/wp\/v2\/comments?post=28233"}],"wp:featuredmedia":[{"embeddable":true,"href":"https:\/\/www.waterskis.lv\/en\/wp-json\/wp\/v2\/media\/28020"}],"wp:attachment":[{"href":"https:\/\/www.waterskis.lv\/en\/wp-json\/wp\/v2\/media?parent=28233"}],"wp:term":[{"taxonomy":"product_brand","embeddable":true,"href":"https:\/\/www.waterskis.lv\/en\/wp-json\/wp\/v2\/product_brand?post=28233"},{"taxonomy":"product_cat","embeddable":true,"href":"https:\/\/www.waterskis.lv\/en\/wp-json\/wp\/v2\/product_cat?post=28233"},{"taxonomy":"product_tag","embeddable":true,"href":"https:\/\/www.waterskis.lv\/en\/wp-json\/wp\/v2\/product_tag?post=28233"}],"curies":[{"name":"wp","href":"https:\/\/api.w.org\/{rel}","templated":true}]}}