{"id":28251,"date":"2021-04-02T07:06:47","date_gmt":"2021-04-02T04:06:47","guid":{"rendered":"https:\/\/www.waterskis.lv\/products\/airis-ar-plastmasas-lapstinu-225cm\/"},"modified":"2026-02-06T15:22:58","modified_gmt":"2026-02-06T13:22:58","slug":"oars-with-plastic-blade-225-cm","status":"publish","type":"product","link":"https:\/\/www.waterskis.lv\/en\/product\/oars-with-plastic-blade-225-cm\/","title":{"rendered":"Oar\u044b with plastic blade 225 cm"},"content":{"rendered":"<h1>Oar\u044b with plastic blade 225 cm<\/h1>\n<p>Oar\u044b with plastic blade 225 cm<\/p>\n<p>Typical oars for boats.<\/p>\n<p>Made of pine, carefully finished and covered with clear lacquer providing resistance to the water environment. By using techniques of longitudinal bonding of many elements, users can be sure of strength even at large oars stress occurring during rowing.<\/p>\n<p>&nbsp;<\/p>\n<ul>\n<li>Elastic material from which rowing blades are made ensure durability in high load conditions.<\/li>\n<li>Rowing paddles are easily to clash with wooden handles, providing a strong connection fixation.<\/li>\n<li>Rowing, with light movements, rowing paddles in the water creates a high resistance and fast boat&#8217;s movement.<\/li>\n<\/ul>\n<p>Color: green, white, blue<\/p>\n","protected":false},"excerpt":{"rendered":"<p>Oar\u044b with plastic blade 225 cm Oar\u044b with plastic blade 225 cm Typical oars for boats. Made of pine, carefully finished and covered with clear lacquer providing resistance to the water environment. By using techniques of longitudinal bonding of many elements, users can be sure of strength even at large oars stress occurring during rowing. [&#8230;]<\/p>\n<p><a class=\"btn btn-secondary understrap-read-more-link\" href=\"https:\/\/www.waterskis.lv\/en\/product\/oars-with-plastic-blade-225-cm\/\">Read More&#8230;<\/a><\/p>\n","protected":false},"featured_media":28239,"comment_status":"closed","ping_status":"closed","template":"","meta":{"_acf_changed":false,"inline_featured_image":false},"product_brand":[3376],"product_cat":[677,673],"product_tag":[3517,3518,3519,3521,3522,3523,3524,3525],"class_list":{"0":"post-28251","1":"product","2":"type-product","3":"status-publish","4":"has-post-thumbnail","6":"product_brand-dole-marine","7":"product_cat-paddle-boat-oars","8":"product_cat-paddles-oars","9":"product_tag-airi","10":"product_tag-airi-ar-plastmasas-lapstinu","11":"product_tag-airu-laivu-airi","12":"product_tag-paddle-boats-oars","13":"product_tag-rowing-boat-oars","14":"product_tag-3523","15":"product_tag-3524","16":"product_tag-3525","18":"first","19":"instock","20":"shipping-taxable","21":"purchasable","22":"product-type-simple"},"acf":[],"yoast_head":"<!-- This site is optimized with the Yoast SEO plugin v27.5 - https:\/\/yoast.com\/product\/yoast-seo-wordpress\/ -->\n<title>Oar\u044b with plastic blade 225 cm - WATERSKIS.LV<\/title>\n<meta name=\"description\" content=\"Oar\u044b with plastic blade 225 cm. Rowing paddles are easily to clash with wooden handles, providing a strong connection fixation.\" \/>\n<meta name=\"robots\" content=\"index, follow, max-snippet:-1, max-image-preview:large, max-video-preview:-1\" \/>\n<link rel=\"canonical\" href=\"https:\/\/www.waterskis.lv\/en\/product\/oars-with-plastic-blade-225-cm\/\" \/>\n<meta property=\"og:locale\" content=\"en_US\" \/>\n<meta property=\"og:type\" content=\"article\" \/>\n<meta property=\"og:title\" content=\"Oar\u044b with plastic blade 225 cm - WATERSKIS.LV\" \/>\n<meta property=\"og:description\" content=\"Oar\u044b with plastic blade 225 cm. Rowing paddles are easily to clash with wooden handles, providing a strong connection fixation.\" \/>\n<meta property=\"og:url\" content=\"https:\/\/www.waterskis.lv\/en\/product\/oars-with-plastic-blade-225-cm\/\" \/>\n<meta property=\"og:site_name\" content=\"WATERSKIS.LV\" \/>\n<meta property=\"article:publisher\" content=\"https:\/\/www.facebook.com\/jurmalawaterskiwakeboardpark\/\" \/>\n<meta property=\"article:modified_time\" content=\"2026-02-06T13:22:58+00:00\" \/>\n<meta property=\"og:image\" content=\"https:\/\/www.waterskis.lv\/wp-content\/uploads\/2021\/04\/Airis.jpg\" \/>\n\t<meta property=\"og:image:width\" content=\"280\" \/>\n\t<meta property=\"og:image:height\" content=\"201\" \/>\n\t<meta property=\"og:image:type\" content=\"image\/jpeg\" \/>\n<meta name=\"twitter:card\" content=\"summary_large_image\" \/>\n<meta name=\"twitter:label1\" content=\"Est. reading time\" \/>\n\t<meta name=\"twitter:data1\" content=\"1 minute\" \/>\n<script type=\"application\/ld+json\" class=\"yoast-schema-graph\">{\"@context\":\"https:\\\/\\\/schema.org\",\"@graph\":[{\"@type\":\"WebPage\",\"@id\":\"https:\\\/\\\/www.waterskis.lv\\\/en\\\/product\\\/oars-with-plastic-blade-225-cm\\\/\",\"url\":\"https:\\\/\\\/www.waterskis.lv\\\/en\\\/product\\\/oars-with-plastic-blade-225-cm\\\/\",\"name\":\"Oar\u044b with plastic blade 225 cm - WATERSKIS.LV\",\"isPartOf\":{\"@id\":\"https:\\\/\\\/www.waterskis.lv\\\/en\\\/#website\"},\"primaryImageOfPage\":{\"@id\":\"https:\\\/\\\/www.waterskis.lv\\\/en\\\/product\\\/oars-with-plastic-blade-225-cm\\\/#primaryimage\"},\"image\":{\"@id\":\"https:\\\/\\\/www.waterskis.lv\\\/en\\\/product\\\/oars-with-plastic-blade-225-cm\\\/#primaryimage\"},\"thumbnailUrl\":\"https:\\\/\\\/www.waterskis.lv\\\/wp-content\\\/uploads\\\/2021\\\/04\\\/Airis.jpg\",\"datePublished\":\"2021-04-02T04:06:47+00:00\",\"dateModified\":\"2026-02-06T13:22:58+00:00\",\"description\":\"Oar\u044b with plastic blade 225 cm. Rowing paddles are easily to clash with wooden handles, providing a strong connection fixation.\",\"breadcrumb\":{\"@id\":\"https:\\\/\\\/www.waterskis.lv\\\/en\\\/product\\\/oars-with-plastic-blade-225-cm\\\/#breadcrumb\"},\"inLanguage\":\"en-US\",\"potentialAction\":[{\"@type\":\"ReadAction\",\"target\":[\"https:\\\/\\\/www.waterskis.lv\\\/en\\\/product\\\/oars-with-plastic-blade-225-cm\\\/\"]}]},{\"@type\":\"ImageObject\",\"inLanguage\":\"en-US\",\"@id\":\"https:\\\/\\\/www.waterskis.lv\\\/en\\\/product\\\/oars-with-plastic-blade-225-cm\\\/#primaryimage\",\"url\":\"https:\\\/\\\/www.waterskis.lv\\\/wp-content\\\/uploads\\\/2021\\\/04\\\/Airis.jpg\",\"contentUrl\":\"https:\\\/\\\/www.waterskis.lv\\\/wp-content\\\/uploads\\\/2021\\\/04\\\/Airis.jpg\",\"width\":280,\"height\":201,\"caption\":\"Oar with plastic blade\"},{\"@type\":\"BreadcrumbList\",\"@id\":\"https:\\\/\\\/www.waterskis.lv\\\/en\\\/product\\\/oars-with-plastic-blade-225-cm\\\/#breadcrumb\",\"itemListElement\":[{\"@type\":\"ListItem\",\"position\":1,\"name\":\"Home\",\"item\":\"https:\\\/\\\/www.waterskis.lv\\\/en\\\/\"},{\"@type\":\"ListItem\",\"position\":2,\"name\":\"Shop\",\"item\":\"https:\\\/\\\/waterskis.lv\\\/en\\\/shop\\\/\"},{\"@type\":\"ListItem\",\"position\":3,\"name\":\"Oar\u044b with plastic blade 225 cm\"}]},{\"@type\":\"WebSite\",\"@id\":\"https:\\\/\\\/www.waterskis.lv\\\/en\\\/#website\",\"url\":\"https:\\\/\\\/www.waterskis.lv\\\/en\\\/\",\"name\":\"WATERSKIS.LV\",\"description\":\"SUP d\u0113\u013ci, kajaki, kanoe, airu laivas, \u016bdenssl\u0113po\u0161ana, veikbords, SUP d\u0113\u013cu noma, kajaku nomaakt\u012bv\u0101s atp\u016btas centrs, laivu noma, sup noma, kajaku noma\",\"publisher\":{\"@id\":\"https:\\\/\\\/www.waterskis.lv\\\/en\\\/#organization\"},\"potentialAction\":[{\"@type\":\"SearchAction\",\"target\":{\"@type\":\"EntryPoint\",\"urlTemplate\":\"https:\\\/\\\/www.waterskis.lv\\\/en\\\/?s={search_term_string}\"},\"query-input\":{\"@type\":\"PropertyValueSpecification\",\"valueRequired\":true,\"valueName\":\"search_term_string\"}}],\"inLanguage\":\"en-US\"},{\"@type\":\"Organization\",\"@id\":\"https:\\\/\\\/www.waterskis.lv\\\/en\\\/#organization\",\"name\":\"WATERSKIS.LV\",\"url\":\"https:\\\/\\\/www.waterskis.lv\\\/en\\\/\",\"logo\":{\"@type\":\"ImageObject\",\"inLanguage\":\"en-US\",\"@id\":\"https:\\\/\\\/www.waterskis.lv\\\/en\\\/#\\\/schema\\\/logo\\\/image\\\/\",\"url\":\"https:\\\/\\\/www.waterskis.lv\\\/wp-content\\\/uploads\\\/2025\\\/01\\\/JUVP-logo.png\",\"contentUrl\":\"https:\\\/\\\/www.waterskis.lv\\\/wp-content\\\/uploads\\\/2025\\\/01\\\/JUVP-logo.png\",\"width\":421,\"height\":202,\"caption\":\"WATERSKIS.LV\"},\"image\":{\"@id\":\"https:\\\/\\\/www.waterskis.lv\\\/en\\\/#\\\/schema\\\/logo\\\/image\\\/\"},\"sameAs\":[\"https:\\\/\\\/www.facebook.com\\\/jurmalawaterskiwakeboardpark\\\/\"]}]}<\/script>\n<!-- \/ Yoast SEO plugin. -->","yoast_head_json":{"title":"Oar\u044b with plastic blade 225 cm - WATERSKIS.LV","description":"Oar\u044b with plastic blade 225 cm. Rowing paddles are easily to clash with wooden handles, providing a strong connection fixation.","robots":{"index":"index","follow":"follow","max-snippet":"max-snippet:-1","max-image-preview":"max-image-preview:large","max-video-preview":"max-video-preview:-1"},"canonical":"https:\/\/www.waterskis.lv\/en\/product\/oars-with-plastic-blade-225-cm\/","og_locale":"en_US","og_type":"article","og_title":"Oar\u044b with plastic blade 225 cm - WATERSKIS.LV","og_description":"Oar\u044b with plastic blade 225 cm. Rowing paddles are easily to clash with wooden handles, providing a strong connection fixation.","og_url":"https:\/\/www.waterskis.lv\/en\/product\/oars-with-plastic-blade-225-cm\/","og_site_name":"WATERSKIS.LV","article_publisher":"https:\/\/www.facebook.com\/jurmalawaterskiwakeboardpark\/","article_modified_time":"2026-02-06T13:22:58+00:00","og_image":[{"width":280,"height":201,"url":"https:\/\/www.waterskis.lv\/wp-content\/uploads\/2021\/04\/Airis.jpg","type":"image\/jpeg"}],"twitter_card":"summary_large_image","twitter_misc":{"Est. reading time":"1 minute"},"schema":{"@context":"https:\/\/schema.org","@graph":[{"@type":"WebPage","@id":"https:\/\/www.waterskis.lv\/en\/product\/oars-with-plastic-blade-225-cm\/","url":"https:\/\/www.waterskis.lv\/en\/product\/oars-with-plastic-blade-225-cm\/","name":"Oar\u044b with plastic blade 225 cm - WATERSKIS.LV","isPartOf":{"@id":"https:\/\/www.waterskis.lv\/en\/#website"},"primaryImageOfPage":{"@id":"https:\/\/www.waterskis.lv\/en\/product\/oars-with-plastic-blade-225-cm\/#primaryimage"},"image":{"@id":"https:\/\/www.waterskis.lv\/en\/product\/oars-with-plastic-blade-225-cm\/#primaryimage"},"thumbnailUrl":"https:\/\/www.waterskis.lv\/wp-content\/uploads\/2021\/04\/Airis.jpg","datePublished":"2021-04-02T04:06:47+00:00","dateModified":"2026-02-06T13:22:58+00:00","description":"Oar\u044b with plastic blade 225 cm. Rowing paddles are easily to clash with wooden handles, providing a strong connection fixation.","breadcrumb":{"@id":"https:\/\/www.waterskis.lv\/en\/product\/oars-with-plastic-blade-225-cm\/#breadcrumb"},"inLanguage":"en-US","potentialAction":[{"@type":"ReadAction","target":["https:\/\/www.waterskis.lv\/en\/product\/oars-with-plastic-blade-225-cm\/"]}]},{"@type":"ImageObject","inLanguage":"en-US","@id":"https:\/\/www.waterskis.lv\/en\/product\/oars-with-plastic-blade-225-cm\/#primaryimage","url":"https:\/\/www.waterskis.lv\/wp-content\/uploads\/2021\/04\/Airis.jpg","contentUrl":"https:\/\/www.waterskis.lv\/wp-content\/uploads\/2021\/04\/Airis.jpg","width":280,"height":201,"caption":"Oar with plastic blade"},{"@type":"BreadcrumbList","@id":"https:\/\/www.waterskis.lv\/en\/product\/oars-with-plastic-blade-225-cm\/#breadcrumb","itemListElement":[{"@type":"ListItem","position":1,"name":"Home","item":"https:\/\/www.waterskis.lv\/en\/"},{"@type":"ListItem","position":2,"name":"Shop","item":"https:\/\/waterskis.lv\/en\/shop\/"},{"@type":"ListItem","position":3,"name":"Oar\u044b with plastic blade 225 cm"}]},{"@type":"WebSite","@id":"https:\/\/www.waterskis.lv\/en\/#website","url":"https:\/\/www.waterskis.lv\/en\/","name":"WATERSKIS.LV","description":"SUP d\u0113\u013ci, kajaki, kanoe, airu laivas, \u016bdenssl\u0113po\u0161ana, veikbords, SUP d\u0113\u013cu noma, kajaku nomaakt\u012bv\u0101s atp\u016btas centrs, laivu noma, sup noma, kajaku noma","publisher":{"@id":"https:\/\/www.waterskis.lv\/en\/#organization"},"potentialAction":[{"@type":"SearchAction","target":{"@type":"EntryPoint","urlTemplate":"https:\/\/www.waterskis.lv\/en\/?s={search_term_string}"},"query-input":{"@type":"PropertyValueSpecification","valueRequired":true,"valueName":"search_term_string"}}],"inLanguage":"en-US"},{"@type":"Organization","@id":"https:\/\/www.waterskis.lv\/en\/#organization","name":"WATERSKIS.LV","url":"https:\/\/www.waterskis.lv\/en\/","logo":{"@type":"ImageObject","inLanguage":"en-US","@id":"https:\/\/www.waterskis.lv\/en\/#\/schema\/logo\/image\/","url":"https:\/\/www.waterskis.lv\/wp-content\/uploads\/2025\/01\/JUVP-logo.png","contentUrl":"https:\/\/www.waterskis.lv\/wp-content\/uploads\/2025\/01\/JUVP-logo.png","width":421,"height":202,"caption":"WATERSKIS.LV"},"image":{"@id":"https:\/\/www.waterskis.lv\/en\/#\/schema\/logo\/image\/"},"sameAs":["https:\/\/www.facebook.com\/jurmalawaterskiwakeboardpark\/"]}]}},"_links":{"self":[{"href":"https:\/\/www.waterskis.lv\/en\/wp-json\/wp\/v2\/product\/28251","targetHints":{"allow":["GET"]}}],"collection":[{"href":"https:\/\/www.waterskis.lv\/en\/wp-json\/wp\/v2\/product"}],"about":[{"href":"https:\/\/www.waterskis.lv\/en\/wp-json\/wp\/v2\/types\/product"}],"replies":[{"embeddable":true,"href":"https:\/\/www.waterskis.lv\/en\/wp-json\/wp\/v2\/comments?post=28251"}],"wp:featuredmedia":[{"embeddable":true,"href":"https:\/\/www.waterskis.lv\/en\/wp-json\/wp\/v2\/media\/28239"}],"wp:attachment":[{"href":"https:\/\/www.waterskis.lv\/en\/wp-json\/wp\/v2\/media?parent=28251"}],"wp:term":[{"taxonomy":"product_brand","embeddable":true,"href":"https:\/\/www.waterskis.lv\/en\/wp-json\/wp\/v2\/product_brand?post=28251"},{"taxonomy":"product_cat","embeddable":true,"href":"https:\/\/www.waterskis.lv\/en\/wp-json\/wp\/v2\/product_cat?post=28251"},{"taxonomy":"product_tag","embeddable":true,"href":"https:\/\/www.waterskis.lv\/en\/wp-json\/wp\/v2\/product_tag?post=28251"}],"curies":[{"name":"wp","href":"https:\/\/api.w.org\/{rel}","templated":true}]}}