{"id":28333,"date":"2021-04-08T07:19:36","date_gmt":"2021-04-08T04:19:36","guid":{"rendered":"https:\/\/www.waterskis.lv\/products\/piepusams-kajaks-hobie-mirage-itrek-14-duo\/"},"modified":"2022-02-15T16:07:27","modified_gmt":"2022-02-15T13:07:27","slug":"inflatable-pedal-kayak-hobie-mirage-itrek-14-duo","status":"publish","type":"product","link":"https:\/\/www.waterskis.lv\/en\/product\/inflatable-pedal-kayak-hobie-mirage-itrek-14-duo\/","title":{"rendered":"Kayak HOBIE MIRAGE ITREK 14 DUO"},"content":{"rendered":"<p>Inflatable kayak HOBIE MIRAGE ITREK 14 DUO<\/p>\n<p>Introducing the all-new 2021 Mirage iTrek 14 Duo! This tandem inflatable pedal kayak has been redesigned with construction enhancements for increased durability and less weight for easy transport. The iTrek 14 Duo is powered by two MirageDrives with Glide Technology and patented Kick-Up Fins. Its new design takes comfort to a new level with breathable nano-mesh fabric seating equipped with cup holders. The new, vibrant colors are highly visible when you\u2019re out on the water with your family. Enjoy everything from touring your tandem kayak to an all-day, multi-sport adventure. The iTrek 14 Duo comes with a wheeled storage bag designed for convenience with an extension handle, along with a high-pressure hand pump and high-volume electric pump, for quick and easy hauling, storing and inflating.<\/p>\n<table class=\"table\">\n<tbody>\n<tr>\n<th scope=\"row\">COLORS:<\/th>\n<td><img decoding=\"async\" class=\"pc-color-chip\" title=\"\" src=\"https:\/\/static.hobie.com\/consumer\/images\/colorchip-slate-blue.png\" data-toggle=\"tooltip\" data-original-title=\"Slate Blue\" \/><\/td>\n<\/tr>\n<tr>\n<th scope=\"row\">CREW:<\/th>\n<td>2<\/td>\n<\/tr>\n<tr>\n<th scope=\"row\">DRIVE:<\/th>\n<td>MIRAGEDRIVE GT<\/td>\n<\/tr>\n<tr>\n<th scope=\"row\">LENGTH:<\/th>\n<td>13&#8242; 8&#8243; \/ 4.17 M<\/td>\n<\/tr>\n<tr>\n<th scope=\"row\">WIDTH:<\/th>\n<td>44&#8243; \/ 1.2 M<\/td>\n<\/tr>\n<tr>\n<th scope=\"row\">CAPACITY:<\/th>\n<td>600 LBS \/ 272 KG<\/td>\n<\/tr>\n<tr>\n<th scope=\"row\">FITTED HULL WEIGHT:<\/th>\n<td>45 LBS \/ 20.4 kg<\/td>\n<\/tr>\n<tr>\n<th scope=\"row\">FULLY RIGGED WEIGHT:<\/th>\n<td>73 LBS \/ 33.1 kg<\/td>\n<\/tr>\n<\/tbody>\n<\/table>\n<ul class=\"m-0 pl-3\">\n<li>CARRY HANDLE<\/li>\n<li>MIRAGE DRIVE WITH GLIDE TECHNOLOGY AND KICK UP FINS<\/li>\n<li>FOUR PIECE ALUMINUM PADDLE AND PADDLE HOLDER<\/li>\n<li>SIDE CARRY HANDLE<\/li>\n<li>EVA DECK PAD<\/li>\n<li>RUDDER CONTROL<\/li>\n<li>ITREK ELEVATED SEATING<\/li>\n<li>REAR CARGO AREA<\/li>\n<li>REAR CARRY HANDLE<\/li>\n<li>REMOVABLE RUDDER<\/li>\n<li>LOCKING VALVES<\/li>\n<li>550 DENIER PVC HULL<\/li>\n<\/ul>\n<p>Inflatable kayak HOBIE MIRAGE ITREK 14 DUO<\/p>\n","protected":false},"excerpt":{"rendered":"<p>https:\/\/www.youtube.com\/watch?v=uLCIfzSZSo0<\/p>\n<p>https:\/\/www.youtube.com\/watch?v=j_cJWAV5Y20 [&#8230;]<\/p>\n<p><a class=\"btn btn-secondary understrap-read-more-link\" href=\"https:\/\/www.waterskis.lv\/en\/product\/inflatable-pedal-kayak-hobie-mirage-itrek-14-duo\/\">Read More&#8230;<\/a><\/p>\n","protected":false},"featured_media":28328,"comment_status":"closed","ping_status":"closed","template":"","meta":{"_acf_changed":false,"inline_featured_image":false},"product_brand":[],"product_cat":[687,682,685,686,507,535,684],"product_tag":[],"class_list":{"0":"post-28333","1":"product","2":"type-product","3":"status-publish","4":"has-post-thumbnail","6":"product_cat-all-inflatable-kayaks","7":"product_cat-hobie-pedal-kayaks","8":"product_cat-inflatable-hobie-kayaks","9":"product_cat-inflatable-kayaks","10":"product_cat-kayaks","11":"product_cat-sot-kayaks","12":"product_cat-tandem-hobie-kayaks","14":"first","15":"instock","16":"shipping-taxable","17":"purchasable","18":"product-type-simple"},"acf":[],"yoast_head":"<!-- This site is optimized with the Yoast SEO plugin v27.3 - https:\/\/yoast.com\/product\/yoast-seo-wordpress\/ -->\n<title>Kayak HOBIE MIRAGE ITREK 14 DUO - WATERSKIS.LV<\/title>\n<meta name=\"description\" content=\"Inflatable kayak HOBIE MIRAGE ITREK 14 DUO. Waterskis.lv - established manufacturers, high quality, good price. Boat rental in Jurmala\" \/>\n<meta name=\"robots\" content=\"index, follow, max-snippet:-1, max-image-preview:large, max-video-preview:-1\" \/>\n<link rel=\"canonical\" href=\"https:\/\/www.waterskis.lv\/en\/product\/inflatable-pedal-kayak-hobie-mirage-itrek-14-duo\/\" \/>\n<meta property=\"og:locale\" content=\"en_US\" \/>\n<meta property=\"og:type\" content=\"article\" \/>\n<meta property=\"og:title\" content=\"Inflatable kayak HOBIE MIRAGE ITREK 14 DUO\" \/>\n<meta property=\"og:description\" content=\"Inflatable kayak HOBIE MIRAGE ITREK 14 DUO\" \/>\n<meta property=\"og:url\" content=\"https:\/\/www.waterskis.lv\/en\/product\/inflatable-pedal-kayak-hobie-mirage-itrek-14-duo\/\" \/>\n<meta property=\"og:site_name\" content=\"WATERSKIS.LV\" \/>\n<meta property=\"article:publisher\" content=\"https:\/\/www.facebook.com\/jurmalawaterskiwakeboardpark\/\" \/>\n<meta property=\"article:modified_time\" content=\"2022-02-15T13:07:27+00:00\" \/>\n<meta property=\"og:image\" content=\"https:\/\/www.waterskis.lv\/wp-content\/uploads\/2021\/04\/iTrek_14-1.png\" \/>\n<meta name=\"twitter:card\" content=\"summary_large_image\" \/>\n<meta name=\"twitter:label1\" content=\"Est. reading time\" \/>\n\t<meta name=\"twitter:data1\" content=\"2 minutes\" \/>\n<script type=\"application\/ld+json\" class=\"yoast-schema-graph\">{\"@context\":\"https:\\\/\\\/schema.org\",\"@graph\":[{\"@type\":\"WebPage\",\"@id\":\"https:\\\/\\\/www.waterskis.lv\\\/en\\\/product\\\/inflatable-pedal-kayak-hobie-mirage-itrek-14-duo\\\/\",\"url\":\"https:\\\/\\\/www.waterskis.lv\\\/en\\\/product\\\/inflatable-pedal-kayak-hobie-mirage-itrek-14-duo\\\/\",\"name\":\"Kayak HOBIE MIRAGE ITREK 14 DUO - WATERSKIS.LV\",\"isPartOf\":{\"@id\":\"https:\\\/\\\/www.waterskis.lv\\\/en\\\/#website\"},\"primaryImageOfPage\":{\"@id\":\"https:\\\/\\\/www.waterskis.lv\\\/en\\\/product\\\/inflatable-pedal-kayak-hobie-mirage-itrek-14-duo\\\/#primaryimage\"},\"image\":{\"@id\":\"https:\\\/\\\/www.waterskis.lv\\\/en\\\/product\\\/inflatable-pedal-kayak-hobie-mirage-itrek-14-duo\\\/#primaryimage\"},\"thumbnailUrl\":\"https:\\\/\\\/www.waterskis.lv\\\/wp-content\\\/uploads\\\/2021\\\/04\\\/iTrek_14.png\",\"datePublished\":\"2021-04-08T04:19:36+00:00\",\"dateModified\":\"2022-02-15T13:07:27+00:00\",\"description\":\"Inflatable kayak HOBIE MIRAGE ITREK 14 DUO. Waterskis.lv - established manufacturers, high quality, good price. Boat rental in Jurmala\",\"breadcrumb\":{\"@id\":\"https:\\\/\\\/www.waterskis.lv\\\/en\\\/product\\\/inflatable-pedal-kayak-hobie-mirage-itrek-14-duo\\\/#breadcrumb\"},\"inLanguage\":\"en-US\",\"potentialAction\":[{\"@type\":\"ReadAction\",\"target\":[\"https:\\\/\\\/www.waterskis.lv\\\/en\\\/product\\\/inflatable-pedal-kayak-hobie-mirage-itrek-14-duo\\\/\"]}]},{\"@type\":\"ImageObject\",\"inLanguage\":\"en-US\",\"@id\":\"https:\\\/\\\/www.waterskis.lv\\\/en\\\/product\\\/inflatable-pedal-kayak-hobie-mirage-itrek-14-duo\\\/#primaryimage\",\"url\":\"https:\\\/\\\/www.waterskis.lv\\\/wp-content\\\/uploads\\\/2021\\\/04\\\/iTrek_14.png\",\"contentUrl\":\"https:\\\/\\\/www.waterskis.lv\\\/wp-content\\\/uploads\\\/2021\\\/04\\\/iTrek_14.png\",\"width\":1200,\"height\":312,\"caption\":\"Inflatable pedal kayak HOBIE MIRAGE ITREK 14 DUO\"},{\"@type\":\"BreadcrumbList\",\"@id\":\"https:\\\/\\\/www.waterskis.lv\\\/en\\\/product\\\/inflatable-pedal-kayak-hobie-mirage-itrek-14-duo\\\/#breadcrumb\",\"itemListElement\":[{\"@type\":\"ListItem\",\"position\":1,\"name\":\"Home\",\"item\":\"https:\\\/\\\/www.waterskis.lv\\\/en\\\/\"},{\"@type\":\"ListItem\",\"position\":2,\"name\":\"Shop\",\"item\":\"https:\\\/\\\/waterskis.lv\\\/en\\\/shop\\\/\"},{\"@type\":\"ListItem\",\"position\":3,\"name\":\"Kayak HOBIE MIRAGE ITREK 14 DUO\"}]},{\"@type\":\"WebSite\",\"@id\":\"https:\\\/\\\/www.waterskis.lv\\\/en\\\/#website\",\"url\":\"https:\\\/\\\/www.waterskis.lv\\\/en\\\/\",\"name\":\"WATERSKIS.LV\",\"description\":\"SUP d\u0113\u013ci, kajaki, kanoe, airu laivas, \u016bdenssl\u0113po\u0161ana, veikbords, SUP d\u0113\u013cu noma, kajaku nomaakt\u012bv\u0101s atp\u016btas centrs, laivu noma, sup noma, kajaku noma\",\"publisher\":{\"@id\":\"https:\\\/\\\/www.waterskis.lv\\\/en\\\/#organization\"},\"potentialAction\":[{\"@type\":\"SearchAction\",\"target\":{\"@type\":\"EntryPoint\",\"urlTemplate\":\"https:\\\/\\\/www.waterskis.lv\\\/en\\\/?s={search_term_string}\"},\"query-input\":{\"@type\":\"PropertyValueSpecification\",\"valueRequired\":true,\"valueName\":\"search_term_string\"}}],\"inLanguage\":\"en-US\"},{\"@type\":\"Organization\",\"@id\":\"https:\\\/\\\/www.waterskis.lv\\\/en\\\/#organization\",\"name\":\"WATERSKIS.LV\",\"url\":\"https:\\\/\\\/www.waterskis.lv\\\/en\\\/\",\"logo\":{\"@type\":\"ImageObject\",\"inLanguage\":\"en-US\",\"@id\":\"https:\\\/\\\/www.waterskis.lv\\\/en\\\/#\\\/schema\\\/logo\\\/image\\\/\",\"url\":\"https:\\\/\\\/www.waterskis.lv\\\/wp-content\\\/uploads\\\/2025\\\/01\\\/JUVP-logo.png\",\"contentUrl\":\"https:\\\/\\\/www.waterskis.lv\\\/wp-content\\\/uploads\\\/2025\\\/01\\\/JUVP-logo.png\",\"width\":421,\"height\":202,\"caption\":\"WATERSKIS.LV\"},\"image\":{\"@id\":\"https:\\\/\\\/www.waterskis.lv\\\/en\\\/#\\\/schema\\\/logo\\\/image\\\/\"},\"sameAs\":[\"https:\\\/\\\/www.facebook.com\\\/jurmalawaterskiwakeboardpark\\\/\"]}]}<\/script>\n<!-- \/ Yoast SEO plugin. -->","yoast_head_json":{"title":"Kayak HOBIE MIRAGE ITREK 14 DUO - WATERSKIS.LV","description":"Inflatable kayak HOBIE MIRAGE ITREK 14 DUO. Waterskis.lv - established manufacturers, high quality, good price. Boat rental in Jurmala","robots":{"index":"index","follow":"follow","max-snippet":"max-snippet:-1","max-image-preview":"max-image-preview:large","max-video-preview":"max-video-preview:-1"},"canonical":"https:\/\/www.waterskis.lv\/en\/product\/inflatable-pedal-kayak-hobie-mirage-itrek-14-duo\/","og_locale":"en_US","og_type":"article","og_title":"Inflatable kayak HOBIE MIRAGE ITREK 14 DUO","og_description":"Inflatable kayak HOBIE MIRAGE ITREK 14 DUO","og_url":"https:\/\/www.waterskis.lv\/en\/product\/inflatable-pedal-kayak-hobie-mirage-itrek-14-duo\/","og_site_name":"WATERSKIS.LV","article_publisher":"https:\/\/www.facebook.com\/jurmalawaterskiwakeboardpark\/","article_modified_time":"2022-02-15T13:07:27+00:00","og_image":[{"url":"https:\/\/www.waterskis.lv\/wp-content\/uploads\/2021\/04\/iTrek_14-1.png","type":"","width":"","height":""}],"twitter_card":"summary_large_image","twitter_misc":{"Est. reading time":"2 minutes"},"schema":{"@context":"https:\/\/schema.org","@graph":[{"@type":"WebPage","@id":"https:\/\/www.waterskis.lv\/en\/product\/inflatable-pedal-kayak-hobie-mirage-itrek-14-duo\/","url":"https:\/\/www.waterskis.lv\/en\/product\/inflatable-pedal-kayak-hobie-mirage-itrek-14-duo\/","name":"Kayak HOBIE MIRAGE ITREK 14 DUO - WATERSKIS.LV","isPartOf":{"@id":"https:\/\/www.waterskis.lv\/en\/#website"},"primaryImageOfPage":{"@id":"https:\/\/www.waterskis.lv\/en\/product\/inflatable-pedal-kayak-hobie-mirage-itrek-14-duo\/#primaryimage"},"image":{"@id":"https:\/\/www.waterskis.lv\/en\/product\/inflatable-pedal-kayak-hobie-mirage-itrek-14-duo\/#primaryimage"},"thumbnailUrl":"https:\/\/www.waterskis.lv\/wp-content\/uploads\/2021\/04\/iTrek_14.png","datePublished":"2021-04-08T04:19:36+00:00","dateModified":"2022-02-15T13:07:27+00:00","description":"Inflatable kayak HOBIE MIRAGE ITREK 14 DUO. Waterskis.lv - established manufacturers, high quality, good price. Boat rental in Jurmala","breadcrumb":{"@id":"https:\/\/www.waterskis.lv\/en\/product\/inflatable-pedal-kayak-hobie-mirage-itrek-14-duo\/#breadcrumb"},"inLanguage":"en-US","potentialAction":[{"@type":"ReadAction","target":["https:\/\/www.waterskis.lv\/en\/product\/inflatable-pedal-kayak-hobie-mirage-itrek-14-duo\/"]}]},{"@type":"ImageObject","inLanguage":"en-US","@id":"https:\/\/www.waterskis.lv\/en\/product\/inflatable-pedal-kayak-hobie-mirage-itrek-14-duo\/#primaryimage","url":"https:\/\/www.waterskis.lv\/wp-content\/uploads\/2021\/04\/iTrek_14.png","contentUrl":"https:\/\/www.waterskis.lv\/wp-content\/uploads\/2021\/04\/iTrek_14.png","width":1200,"height":312,"caption":"Inflatable pedal kayak HOBIE MIRAGE ITREK 14 DUO"},{"@type":"BreadcrumbList","@id":"https:\/\/www.waterskis.lv\/en\/product\/inflatable-pedal-kayak-hobie-mirage-itrek-14-duo\/#breadcrumb","itemListElement":[{"@type":"ListItem","position":1,"name":"Home","item":"https:\/\/www.waterskis.lv\/en\/"},{"@type":"ListItem","position":2,"name":"Shop","item":"https:\/\/waterskis.lv\/en\/shop\/"},{"@type":"ListItem","position":3,"name":"Kayak HOBIE MIRAGE ITREK 14 DUO"}]},{"@type":"WebSite","@id":"https:\/\/www.waterskis.lv\/en\/#website","url":"https:\/\/www.waterskis.lv\/en\/","name":"WATERSKIS.LV","description":"SUP d\u0113\u013ci, kajaki, kanoe, airu laivas, \u016bdenssl\u0113po\u0161ana, veikbords, SUP d\u0113\u013cu noma, kajaku nomaakt\u012bv\u0101s atp\u016btas centrs, laivu noma, sup noma, kajaku noma","publisher":{"@id":"https:\/\/www.waterskis.lv\/en\/#organization"},"potentialAction":[{"@type":"SearchAction","target":{"@type":"EntryPoint","urlTemplate":"https:\/\/www.waterskis.lv\/en\/?s={search_term_string}"},"query-input":{"@type":"PropertyValueSpecification","valueRequired":true,"valueName":"search_term_string"}}],"inLanguage":"en-US"},{"@type":"Organization","@id":"https:\/\/www.waterskis.lv\/en\/#organization","name":"WATERSKIS.LV","url":"https:\/\/www.waterskis.lv\/en\/","logo":{"@type":"ImageObject","inLanguage":"en-US","@id":"https:\/\/www.waterskis.lv\/en\/#\/schema\/logo\/image\/","url":"https:\/\/www.waterskis.lv\/wp-content\/uploads\/2025\/01\/JUVP-logo.png","contentUrl":"https:\/\/www.waterskis.lv\/wp-content\/uploads\/2025\/01\/JUVP-logo.png","width":421,"height":202,"caption":"WATERSKIS.LV"},"image":{"@id":"https:\/\/www.waterskis.lv\/en\/#\/schema\/logo\/image\/"},"sameAs":["https:\/\/www.facebook.com\/jurmalawaterskiwakeboardpark\/"]}]}},"_links":{"self":[{"href":"https:\/\/www.waterskis.lv\/en\/wp-json\/wp\/v2\/product\/28333","targetHints":{"allow":["GET"]}}],"collection":[{"href":"https:\/\/www.waterskis.lv\/en\/wp-json\/wp\/v2\/product"}],"about":[{"href":"https:\/\/www.waterskis.lv\/en\/wp-json\/wp\/v2\/types\/product"}],"replies":[{"embeddable":true,"href":"https:\/\/www.waterskis.lv\/en\/wp-json\/wp\/v2\/comments?post=28333"}],"wp:featuredmedia":[{"embeddable":true,"href":"https:\/\/www.waterskis.lv\/en\/wp-json\/wp\/v2\/media\/28328"}],"wp:attachment":[{"href":"https:\/\/www.waterskis.lv\/en\/wp-json\/wp\/v2\/media?parent=28333"}],"wp:term":[{"taxonomy":"product_brand","embeddable":true,"href":"https:\/\/www.waterskis.lv\/en\/wp-json\/wp\/v2\/product_brand?post=28333"},{"taxonomy":"product_cat","embeddable":true,"href":"https:\/\/www.waterskis.lv\/en\/wp-json\/wp\/v2\/product_cat?post=28333"},{"taxonomy":"product_tag","embeddable":true,"href":"https:\/\/www.waterskis.lv\/en\/wp-json\/wp\/v2\/product_tag?post=28333"}],"curies":[{"name":"wp","href":"https:\/\/api.w.org\/{rel}","templated":true}]}}