{"id":29419,"date":"2021-06-30T22:28:19","date_gmt":"2021-06-30T19:28:19","guid":{"rendered":"https:\/\/www.waterskis.lv\/products\/udensslepes-connelly-voyage-68\/"},"modified":"2026-03-02T14:14:32","modified_gmt":"2026-03-02T12:14:32","slug":"connelly-voyage-68-waterskis","status":"publish","type":"product","link":"https:\/\/www.waterskis.lv\/en\/product\/connelly-voyage-68-waterskis\/","title":{"rendered":"CONNELLY VOYAGE 68&#8243; waterskis"},"content":{"rendered":"<h1>CONNELLY VOYAGE 68&#8243; waterskis<\/h1>\n<p>CONNELLY VOYAGE 68&#8243; waterskis<\/p>\n<p>The Voyage combo pair uses a traditional shape with a slightly wider frame, specifically under the bindings and going back to the tail end. The extra surface area makes getting up and out of the water easier while providing you with stability to perfect your balance and stance. Step base technology through the bottom tunnels reduces drag and gives the skis that free maneuvering feeling.<\/p>\n<p><strong style=\"background-color: var(--bs-body-bg); color: var(--bs-body-color); font-family: var(--bs-body-font-family); font-size: var(--bs-body-font-size); text-align: var(--bs-body-text-align);\"><span style=\"color: #000000;\">FEATURES<\/span><\/strong><\/p>\n<div class=\"accordion__content\">\n<div>\n<div>\n<div><\/div>\n<div class=\"paragraph\">\u2022 Reinforced composite construction<br \/>\n\u2022 Step base technology for less drag<br \/>\n\u2022 Beveled tips for turn initiation<br \/>\n\u2022 High gloss UV coat<br \/>\n\u2022 Stabilizer bar inserts<\/div>\n<\/div>\n<\/div>\n<\/div>\n<div><\/div>\n<div>\n<div class=\"accordion__title\">\n<div class=\"paragraph\"><span style=\"color: #000000; font-size: large;\">BINDING OPTIONS\u00a0<\/span><\/div>\n<\/div>\n<div class=\"accordion__content\">\n<div class=\"paragraph\">\u2022 Slide-Type Adjustable<\/div>\n<div>\n<div><\/div>\n<div><span style=\"color: #000000; font-size: large;\">FIN<\/span><\/div>\n<\/div>\n<div class=\"paragraph\">\u2022 Glass filled nylon<\/div>\n<\/div>\n<\/div>\n<div><\/div>\n<div>\n<div class=\"accordion__title\">\n<div class=\"paragraph\"><span style=\"color: #000000; font-size: large;\">SUGGESTED SKI SIZE<\/span><\/div>\n<\/div>\n<div class=\"accordion__content\">\n<div class=\"paragraph\"><strong>Size | Skier Weight | Foot Size<br \/>\n<\/strong><br \/>\n64\u201d \/ 163 cm\u00a0| \u2264150lbs | 9-14<br \/>\n68\u201d \/ 173 cm | \u2265120lbs | 9-14<\/div>\n<div><img decoding=\"async\" src=\"https:\/\/www.buywake.eu\/media\/catalog\/product\/cache\/85926cf993e2da71c6d80495a1f783a4\/c\/o\/con-25-voyage-thumb-1000_2.jpg\" alt=\"Connelly Voyage w\/Slide Adj. Combo Waterski Package\" \/><\/div>\n<\/div>\n<\/div>\n","protected":false},"excerpt":{"rendered":"<p>https:\/\/www.youtube.com\/watch?v=zpP_4xf0NAg<\/p>\n<p>https:\/\/www.youtube.com\/watch?v=OJIfdBiRdFc [&#8230;]<\/p>\n<p><a class=\"btn btn-secondary understrap-read-more-link\" href=\"https:\/\/www.waterskis.lv\/en\/product\/connelly-voyage-68-waterskis\/\">Read More&#8230;<\/a><\/p>\n","protected":false},"featured_media":72086,"comment_status":"closed","ping_status":"closed","template":"","meta":{"_acf_changed":false,"inline_featured_image":false},"product_brand":[],"product_cat":[559,556],"product_tag":[2533,3963],"class_list":{"0":"post-29419","1":"product","2":"type-product","3":"status-publish","4":"has-post-thumbnail","6":"product_cat-559","7":"product_cat-b-","8":"product_tag-connelly-waterskis","9":"product_tag-waterskis","11":"first","12":"instock","13":"shipping-taxable","14":"purchasable","15":"product-type-simple"},"acf":[],"yoast_head":"<!-- This site is optimized with the Yoast SEO plugin v27.4 - https:\/\/yoast.com\/product\/yoast-seo-wordpress\/ -->\n<title>CONNELLY VOYAGE 68&quot; waterskis - WATERSKIS.LV<\/title>\n<meta name=\"description\" content=\"CONNELLY VOYAGE 68&quot; waterskis at www.waterskis.lv. Traditional shape with a slightly wider frame, specifically under the bindings\" \/>\n<meta name=\"robots\" content=\"index, follow, max-snippet:-1, max-image-preview:large, max-video-preview:-1\" \/>\n<link rel=\"canonical\" href=\"https:\/\/www.waterskis.lv\/en\/product\/connelly-voyage-68-waterskis\/\" \/>\n<meta property=\"og:locale\" content=\"en_US\" \/>\n<meta property=\"og:type\" content=\"article\" \/>\n<meta property=\"og:title\" content=\"CONNELLY VOYAGE 68&quot; waterskis - WATERSKIS.LV\" \/>\n<meta property=\"og:description\" content=\"CONNELLY VOYAGE 68&quot; waterskis at www.waterskis.lv. Traditional shape with a slightly wider frame, specifically under the bindings\" \/>\n<meta property=\"og:url\" content=\"https:\/\/www.waterskis.lv\/en\/product\/connelly-voyage-68-waterskis\/\" \/>\n<meta property=\"og:site_name\" content=\"WATERSKIS.LV\" \/>\n<meta property=\"article:publisher\" content=\"https:\/\/www.facebook.com\/jurmalawaterskiwakeboardpark\/\" \/>\n<meta property=\"article:modified_time\" content=\"2026-03-02T12:14:32+00:00\" \/>\n<meta property=\"og:image\" content=\"https:\/\/www.waterskis.lv\/wp-content\/uploads\/2021\/06\/con-25-voyage-thumb-1000_2.jpg\" \/>\n\t<meta property=\"og:image:width\" content=\"459\" \/>\n\t<meta property=\"og:image:height\" content=\"1600\" \/>\n\t<meta property=\"og:image:type\" content=\"image\/jpeg\" \/>\n<meta name=\"twitter:card\" content=\"summary_large_image\" \/>\n<meta name=\"twitter:label1\" content=\"Est. reading time\" \/>\n\t<meta name=\"twitter:data1\" content=\"1 minute\" \/>\n<script type=\"application\/ld+json\" class=\"yoast-schema-graph\">{\"@context\":\"https:\\\/\\\/schema.org\",\"@graph\":[{\"@type\":\"WebPage\",\"@id\":\"https:\\\/\\\/www.waterskis.lv\\\/en\\\/product\\\/connelly-voyage-68-waterskis\\\/\",\"url\":\"https:\\\/\\\/www.waterskis.lv\\\/en\\\/product\\\/connelly-voyage-68-waterskis\\\/\",\"name\":\"CONNELLY VOYAGE 68\\\" waterskis - WATERSKIS.LV\",\"isPartOf\":{\"@id\":\"https:\\\/\\\/www.waterskis.lv\\\/en\\\/#website\"},\"primaryImageOfPage\":{\"@id\":\"https:\\\/\\\/www.waterskis.lv\\\/en\\\/product\\\/connelly-voyage-68-waterskis\\\/#primaryimage\"},\"image\":{\"@id\":\"https:\\\/\\\/www.waterskis.lv\\\/en\\\/product\\\/connelly-voyage-68-waterskis\\\/#primaryimage\"},\"thumbnailUrl\":\"https:\\\/\\\/www.waterskis.lv\\\/wp-content\\\/uploads\\\/2021\\\/06\\\/con-25-voyage-thumb-1000_2.jpg\",\"datePublished\":\"2021-06-30T19:28:19+00:00\",\"dateModified\":\"2026-03-02T12:14:32+00:00\",\"description\":\"CONNELLY VOYAGE 68\\\" waterskis at www.waterskis.lv. Traditional shape with a slightly wider frame, specifically under the bindings\",\"breadcrumb\":{\"@id\":\"https:\\\/\\\/www.waterskis.lv\\\/en\\\/product\\\/connelly-voyage-68-waterskis\\\/#breadcrumb\"},\"inLanguage\":\"en-US\",\"potentialAction\":[{\"@type\":\"ReadAction\",\"target\":[\"https:\\\/\\\/www.waterskis.lv\\\/en\\\/product\\\/connelly-voyage-68-waterskis\\\/\"]}]},{\"@type\":\"ImageObject\",\"inLanguage\":\"en-US\",\"@id\":\"https:\\\/\\\/www.waterskis.lv\\\/en\\\/product\\\/connelly-voyage-68-waterskis\\\/#primaryimage\",\"url\":\"https:\\\/\\\/www.waterskis.lv\\\/wp-content\\\/uploads\\\/2021\\\/06\\\/con-25-voyage-thumb-1000_2.jpg\",\"contentUrl\":\"https:\\\/\\\/www.waterskis.lv\\\/wp-content\\\/uploads\\\/2021\\\/06\\\/con-25-voyage-thumb-1000_2.jpg\",\"width\":459,\"height\":1600,\"caption\":\"\u016adenssl\u0113pes CONNELLY VOYAGE 68\\\"\"},{\"@type\":\"BreadcrumbList\",\"@id\":\"https:\\\/\\\/www.waterskis.lv\\\/en\\\/product\\\/connelly-voyage-68-waterskis\\\/#breadcrumb\",\"itemListElement\":[{\"@type\":\"ListItem\",\"position\":1,\"name\":\"Home\",\"item\":\"https:\\\/\\\/www.waterskis.lv\\\/en\\\/\"},{\"@type\":\"ListItem\",\"position\":2,\"name\":\"Shop\",\"item\":\"https:\\\/\\\/waterskis.lv\\\/en\\\/shop\\\/\"},{\"@type\":\"ListItem\",\"position\":3,\"name\":\"CONNELLY VOYAGE 68&#8243; waterskis\"}]},{\"@type\":\"WebSite\",\"@id\":\"https:\\\/\\\/www.waterskis.lv\\\/en\\\/#website\",\"url\":\"https:\\\/\\\/www.waterskis.lv\\\/en\\\/\",\"name\":\"WATERSKIS.LV\",\"description\":\"SUP d\u0113\u013ci, kajaki, kanoe, airu laivas, \u016bdenssl\u0113po\u0161ana, veikbords, SUP d\u0113\u013cu noma, kajaku nomaakt\u012bv\u0101s atp\u016btas centrs, laivu noma, sup noma, kajaku noma\",\"publisher\":{\"@id\":\"https:\\\/\\\/www.waterskis.lv\\\/en\\\/#organization\"},\"potentialAction\":[{\"@type\":\"SearchAction\",\"target\":{\"@type\":\"EntryPoint\",\"urlTemplate\":\"https:\\\/\\\/www.waterskis.lv\\\/en\\\/?s={search_term_string}\"},\"query-input\":{\"@type\":\"PropertyValueSpecification\",\"valueRequired\":true,\"valueName\":\"search_term_string\"}}],\"inLanguage\":\"en-US\"},{\"@type\":\"Organization\",\"@id\":\"https:\\\/\\\/www.waterskis.lv\\\/en\\\/#organization\",\"name\":\"WATERSKIS.LV\",\"url\":\"https:\\\/\\\/www.waterskis.lv\\\/en\\\/\",\"logo\":{\"@type\":\"ImageObject\",\"inLanguage\":\"en-US\",\"@id\":\"https:\\\/\\\/www.waterskis.lv\\\/en\\\/#\\\/schema\\\/logo\\\/image\\\/\",\"url\":\"https:\\\/\\\/www.waterskis.lv\\\/wp-content\\\/uploads\\\/2025\\\/01\\\/JUVP-logo.png\",\"contentUrl\":\"https:\\\/\\\/www.waterskis.lv\\\/wp-content\\\/uploads\\\/2025\\\/01\\\/JUVP-logo.png\",\"width\":421,\"height\":202,\"caption\":\"WATERSKIS.LV\"},\"image\":{\"@id\":\"https:\\\/\\\/www.waterskis.lv\\\/en\\\/#\\\/schema\\\/logo\\\/image\\\/\"},\"sameAs\":[\"https:\\\/\\\/www.facebook.com\\\/jurmalawaterskiwakeboardpark\\\/\"]}]}<\/script>\n<!-- \/ Yoast SEO plugin. -->","yoast_head_json":{"title":"CONNELLY VOYAGE 68\" waterskis - WATERSKIS.LV","description":"CONNELLY VOYAGE 68\" waterskis at www.waterskis.lv. Traditional shape with a slightly wider frame, specifically under the bindings","robots":{"index":"index","follow":"follow","max-snippet":"max-snippet:-1","max-image-preview":"max-image-preview:large","max-video-preview":"max-video-preview:-1"},"canonical":"https:\/\/www.waterskis.lv\/en\/product\/connelly-voyage-68-waterskis\/","og_locale":"en_US","og_type":"article","og_title":"CONNELLY VOYAGE 68\" waterskis - WATERSKIS.LV","og_description":"CONNELLY VOYAGE 68\" waterskis at www.waterskis.lv. Traditional shape with a slightly wider frame, specifically under the bindings","og_url":"https:\/\/www.waterskis.lv\/en\/product\/connelly-voyage-68-waterskis\/","og_site_name":"WATERSKIS.LV","article_publisher":"https:\/\/www.facebook.com\/jurmalawaterskiwakeboardpark\/","article_modified_time":"2026-03-02T12:14:32+00:00","og_image":[{"width":459,"height":1600,"url":"https:\/\/www.waterskis.lv\/wp-content\/uploads\/2021\/06\/con-25-voyage-thumb-1000_2.jpg","type":"image\/jpeg"}],"twitter_card":"summary_large_image","twitter_misc":{"Est. reading time":"1 minute"},"schema":{"@context":"https:\/\/schema.org","@graph":[{"@type":"WebPage","@id":"https:\/\/www.waterskis.lv\/en\/product\/connelly-voyage-68-waterskis\/","url":"https:\/\/www.waterskis.lv\/en\/product\/connelly-voyage-68-waterskis\/","name":"CONNELLY VOYAGE 68\" waterskis - WATERSKIS.LV","isPartOf":{"@id":"https:\/\/www.waterskis.lv\/en\/#website"},"primaryImageOfPage":{"@id":"https:\/\/www.waterskis.lv\/en\/product\/connelly-voyage-68-waterskis\/#primaryimage"},"image":{"@id":"https:\/\/www.waterskis.lv\/en\/product\/connelly-voyage-68-waterskis\/#primaryimage"},"thumbnailUrl":"https:\/\/www.waterskis.lv\/wp-content\/uploads\/2021\/06\/con-25-voyage-thumb-1000_2.jpg","datePublished":"2021-06-30T19:28:19+00:00","dateModified":"2026-03-02T12:14:32+00:00","description":"CONNELLY VOYAGE 68\" waterskis at www.waterskis.lv. Traditional shape with a slightly wider frame, specifically under the bindings","breadcrumb":{"@id":"https:\/\/www.waterskis.lv\/en\/product\/connelly-voyage-68-waterskis\/#breadcrumb"},"inLanguage":"en-US","potentialAction":[{"@type":"ReadAction","target":["https:\/\/www.waterskis.lv\/en\/product\/connelly-voyage-68-waterskis\/"]}]},{"@type":"ImageObject","inLanguage":"en-US","@id":"https:\/\/www.waterskis.lv\/en\/product\/connelly-voyage-68-waterskis\/#primaryimage","url":"https:\/\/www.waterskis.lv\/wp-content\/uploads\/2021\/06\/con-25-voyage-thumb-1000_2.jpg","contentUrl":"https:\/\/www.waterskis.lv\/wp-content\/uploads\/2021\/06\/con-25-voyage-thumb-1000_2.jpg","width":459,"height":1600,"caption":"\u016adenssl\u0113pes CONNELLY VOYAGE 68\""},{"@type":"BreadcrumbList","@id":"https:\/\/www.waterskis.lv\/en\/product\/connelly-voyage-68-waterskis\/#breadcrumb","itemListElement":[{"@type":"ListItem","position":1,"name":"Home","item":"https:\/\/www.waterskis.lv\/en\/"},{"@type":"ListItem","position":2,"name":"Shop","item":"https:\/\/waterskis.lv\/en\/shop\/"},{"@type":"ListItem","position":3,"name":"CONNELLY VOYAGE 68&#8243; waterskis"}]},{"@type":"WebSite","@id":"https:\/\/www.waterskis.lv\/en\/#website","url":"https:\/\/www.waterskis.lv\/en\/","name":"WATERSKIS.LV","description":"SUP d\u0113\u013ci, kajaki, kanoe, airu laivas, \u016bdenssl\u0113po\u0161ana, veikbords, SUP d\u0113\u013cu noma, kajaku nomaakt\u012bv\u0101s atp\u016btas centrs, laivu noma, sup noma, kajaku noma","publisher":{"@id":"https:\/\/www.waterskis.lv\/en\/#organization"},"potentialAction":[{"@type":"SearchAction","target":{"@type":"EntryPoint","urlTemplate":"https:\/\/www.waterskis.lv\/en\/?s={search_term_string}"},"query-input":{"@type":"PropertyValueSpecification","valueRequired":true,"valueName":"search_term_string"}}],"inLanguage":"en-US"},{"@type":"Organization","@id":"https:\/\/www.waterskis.lv\/en\/#organization","name":"WATERSKIS.LV","url":"https:\/\/www.waterskis.lv\/en\/","logo":{"@type":"ImageObject","inLanguage":"en-US","@id":"https:\/\/www.waterskis.lv\/en\/#\/schema\/logo\/image\/","url":"https:\/\/www.waterskis.lv\/wp-content\/uploads\/2025\/01\/JUVP-logo.png","contentUrl":"https:\/\/www.waterskis.lv\/wp-content\/uploads\/2025\/01\/JUVP-logo.png","width":421,"height":202,"caption":"WATERSKIS.LV"},"image":{"@id":"https:\/\/www.waterskis.lv\/en\/#\/schema\/logo\/image\/"},"sameAs":["https:\/\/www.facebook.com\/jurmalawaterskiwakeboardpark\/"]}]}},"_links":{"self":[{"href":"https:\/\/www.waterskis.lv\/en\/wp-json\/wp\/v2\/product\/29419","targetHints":{"allow":["GET"]}}],"collection":[{"href":"https:\/\/www.waterskis.lv\/en\/wp-json\/wp\/v2\/product"}],"about":[{"href":"https:\/\/www.waterskis.lv\/en\/wp-json\/wp\/v2\/types\/product"}],"replies":[{"embeddable":true,"href":"https:\/\/www.waterskis.lv\/en\/wp-json\/wp\/v2\/comments?post=29419"}],"wp:featuredmedia":[{"embeddable":true,"href":"https:\/\/www.waterskis.lv\/en\/wp-json\/wp\/v2\/media\/72086"}],"wp:attachment":[{"href":"https:\/\/www.waterskis.lv\/en\/wp-json\/wp\/v2\/media?parent=29419"}],"wp:term":[{"taxonomy":"product_brand","embeddable":true,"href":"https:\/\/www.waterskis.lv\/en\/wp-json\/wp\/v2\/product_brand?post=29419"},{"taxonomy":"product_cat","embeddable":true,"href":"https:\/\/www.waterskis.lv\/en\/wp-json\/wp\/v2\/product_cat?post=29419"},{"taxonomy":"product_tag","embeddable":true,"href":"https:\/\/www.waterskis.lv\/en\/wp-json\/wp\/v2\/product_tag?post=29419"}],"curies":[{"name":"wp","href":"https:\/\/api.w.org\/{rel}","templated":true}]}}