{"id":29421,"date":"2021-07-01T09:23:21","date_gmt":"2021-07-01T06:23:21","guid":{"rendered":"https:\/\/www.waterskis.lv\/products\/udensslepes-connelly-eclipse-67\/"},"modified":"2024-10-11T15:05:37","modified_gmt":"2024-10-11T12:05:37","slug":"connelly-eclypse-67-waterskis","status":"publish","type":"product","link":"https:\/\/www.waterskis.lv\/en\/product\/connelly-eclypse-67-waterskis\/","title":{"rendered":"CONNELLY ECLYPSE 67&#8243; waterskis"},"content":{"rendered":"<h1>CONNELLY ECLYPSE 67&#8243; waterskis<\/h1>\n<p>CONNELLY ECLYPSE 67&#8243; waterskis<\/p>\n<p>The Eclypse is our premier combo set designed to make skiing easier for more fun for all ages and skill levels. The wide nose and tail make deep water starts easier and the narrow waist keeps the ski lively out on the water. Fit with our newly designed Swerve binding with a contour conforming elastomer outer wrap, this combo pair will keep the whole family smiling.<\/p>\n<p><strong style=\"background-color: var(--bs-body-bg); color: var(--bs-body-color); font-family: var(--bs-body-font-family); font-size: var(--bs-body-font-size); text-align: var(--bs-body-text-align);\"><span style=\"color: #000000;\">FEATURES<\/span><\/strong><\/p>\n<div class=\"accordion__content\">\n<div>\n<div>\n<div><\/div>\n<div class=\"paragraph\">\u2022 Reinforced composite construction<br \/>\n\u2022 High gloss UV coat<br \/>\n\u2022 C.T.S. (Connelly Tracking System)<\/div>\n<div><\/div>\n<\/div>\n<\/div>\n<\/div>\n<div><span style=\"color: #000000; font-size: large;\">RECOMMENDED BINDING OPTIONS\u00a0<\/span><\/div>\n<div>\n<div class=\"paragraph\">\u2022 Swerve with RTS<\/div>\n<div><\/div>\n<\/div>\n<div><span style=\"color: #000000; font-size: large;\">FIN<\/span><\/div>\n<div>\n<div class=\"paragraph\">\u2022 Aluminum drop through fin<\/div>\n<div><\/div>\n<\/div>\n<div><strong>Size | Skier Weight | Foot Size<br \/>\n<\/strong><br \/>\n67\u201d \/ 170cm | \u2264275lbs | One size fits most<\/div>\n","protected":false},"excerpt":{"rendered":"<p>https:\/\/www.youtube.com\/watch?v=RVcD9248Uy4<\/p>\n<p>https:\/\/www.youtube.com\/watch?v=kUZ_3KKS7mA [&#8230;]<\/p>\n<p><a class=\"btn btn-secondary understrap-read-more-link\" href=\"https:\/\/www.waterskis.lv\/en\/product\/connelly-eclypse-67-waterskis\/\">Read More&#8230;<\/a><\/p>\n","protected":false},"featured_media":55360,"comment_status":"closed","ping_status":"closed","template":"","meta":{"_acf_changed":false,"inline_featured_image":false},"product_brand":[],"product_cat":[564,561],"product_tag":[1421,2533,1422,2945],"class_list":{"0":"post-29421","1":"product","2":"type-product","3":"status-publish","4":"has-post-thumbnail","6":"product_cat-combo-waterskis","7":"product_cat-waterskis","8":"product_tag-akcija","9":"product_tag-connelly-waterskis","10":"product_tag-izpardosana","11":"product_tag-waterskis","13":"first","14":"instock","15":"shipping-taxable","16":"purchasable","17":"product-type-simple"},"acf":[],"yoast_head":"<!-- This site is optimized with the Yoast SEO plugin v27.3 - https:\/\/yoast.com\/product\/yoast-seo-wordpress\/ -->\n<title>CONNELLY ECLYPSE 67&quot; waterskis - WATERSKIS.LV<\/title>\n<meta name=\"description\" content=\"CONNELLY ECLYPSE 67&quot; waterskis is our premier combo set designed to make skiing easier for more fun for all ages and skill levels\/waterskis.lv\" \/>\n<meta name=\"robots\" content=\"index, follow, max-snippet:-1, max-image-preview:large, max-video-preview:-1\" \/>\n<link rel=\"canonical\" href=\"https:\/\/www.waterskis.lv\/en\/product\/connelly-eclypse-67-waterskis\/\" \/>\n<meta property=\"og:locale\" content=\"en_US\" \/>\n<meta property=\"og:type\" content=\"article\" \/>\n<meta property=\"og:title\" content=\"CONNELLY ECLYPSE 67&quot; waterskis - WATERSKIS.LV\" \/>\n<meta property=\"og:description\" content=\"CONNELLY ECLYPSE 67&quot; waterskis is our premier combo set designed to make skiing easier for more fun for all ages and skill levels\/waterskis.lv\" \/>\n<meta property=\"og:url\" content=\"https:\/\/www.waterskis.lv\/en\/product\/connelly-eclypse-67-waterskis\/\" \/>\n<meta property=\"og:site_name\" content=\"WATERSKIS.LV\" \/>\n<meta property=\"article:publisher\" content=\"https:\/\/www.facebook.com\/jurmalawaterskiwakeboardpark\/\" \/>\n<meta property=\"article:modified_time\" content=\"2024-10-11T12:05:37+00:00\" \/>\n<meta property=\"og:image\" content=\"https:\/\/www.waterskis.lv\/wp-content\/uploads\/2021\/07\/Eclypse-Swerve.jpg\" \/>\n\t<meta property=\"og:image:width\" content=\"1600\" \/>\n\t<meta property=\"og:image:height\" content=\"1600\" \/>\n\t<meta property=\"og:image:type\" content=\"image\/jpeg\" \/>\n<meta name=\"twitter:card\" content=\"summary_large_image\" \/>\n<meta name=\"twitter:label1\" content=\"Est. reading time\" \/>\n\t<meta name=\"twitter:data1\" content=\"1 minute\" \/>\n<script type=\"application\/ld+json\" class=\"yoast-schema-graph\">{\"@context\":\"https:\\\/\\\/schema.org\",\"@graph\":[{\"@type\":\"WebPage\",\"@id\":\"https:\\\/\\\/www.waterskis.lv\\\/en\\\/product\\\/connelly-eclypse-67-waterskis\\\/\",\"url\":\"https:\\\/\\\/www.waterskis.lv\\\/en\\\/product\\\/connelly-eclypse-67-waterskis\\\/\",\"name\":\"CONNELLY ECLYPSE 67\\\" waterskis - WATERSKIS.LV\",\"isPartOf\":{\"@id\":\"https:\\\/\\\/www.waterskis.lv\\\/en\\\/#website\"},\"primaryImageOfPage\":{\"@id\":\"https:\\\/\\\/www.waterskis.lv\\\/en\\\/product\\\/connelly-eclypse-67-waterskis\\\/#primaryimage\"},\"image\":{\"@id\":\"https:\\\/\\\/www.waterskis.lv\\\/en\\\/product\\\/connelly-eclypse-67-waterskis\\\/#primaryimage\"},\"thumbnailUrl\":\"https:\\\/\\\/www.waterskis.lv\\\/wp-content\\\/uploads\\\/2021\\\/07\\\/Eclypse-Swerve.jpg\",\"datePublished\":\"2021-07-01T06:23:21+00:00\",\"dateModified\":\"2024-10-11T12:05:37+00:00\",\"description\":\"CONNELLY ECLYPSE 67\\\" waterskis is our premier combo set designed to make skiing easier for more fun for all ages and skill levels\\\/waterskis.lv\",\"breadcrumb\":{\"@id\":\"https:\\\/\\\/www.waterskis.lv\\\/en\\\/product\\\/connelly-eclypse-67-waterskis\\\/#breadcrumb\"},\"inLanguage\":\"en-US\",\"potentialAction\":[{\"@type\":\"ReadAction\",\"target\":[\"https:\\\/\\\/www.waterskis.lv\\\/en\\\/product\\\/connelly-eclypse-67-waterskis\\\/\"]}]},{\"@type\":\"ImageObject\",\"inLanguage\":\"en-US\",\"@id\":\"https:\\\/\\\/www.waterskis.lv\\\/en\\\/product\\\/connelly-eclypse-67-waterskis\\\/#primaryimage\",\"url\":\"https:\\\/\\\/www.waterskis.lv\\\/wp-content\\\/uploads\\\/2021\\\/07\\\/Eclypse-Swerve.jpg\",\"contentUrl\":\"https:\\\/\\\/www.waterskis.lv\\\/wp-content\\\/uploads\\\/2021\\\/07\\\/Eclypse-Swerve.jpg\",\"width\":1600,\"height\":1600,\"caption\":\"\u016adenssl\u0113pes CONNELLY ECLYPSE 67\\\"\"},{\"@type\":\"BreadcrumbList\",\"@id\":\"https:\\\/\\\/www.waterskis.lv\\\/en\\\/product\\\/connelly-eclypse-67-waterskis\\\/#breadcrumb\",\"itemListElement\":[{\"@type\":\"ListItem\",\"position\":1,\"name\":\"Home\",\"item\":\"https:\\\/\\\/www.waterskis.lv\\\/en\\\/\"},{\"@type\":\"ListItem\",\"position\":2,\"name\":\"Shop\",\"item\":\"https:\\\/\\\/waterskis.lv\\\/en\\\/shop\\\/\"},{\"@type\":\"ListItem\",\"position\":3,\"name\":\"CONNELLY ECLYPSE 67&#8243; waterskis\"}]},{\"@type\":\"WebSite\",\"@id\":\"https:\\\/\\\/www.waterskis.lv\\\/en\\\/#website\",\"url\":\"https:\\\/\\\/www.waterskis.lv\\\/en\\\/\",\"name\":\"WATERSKIS.LV\",\"description\":\"SUP d\u0113\u013ci, kajaki, kanoe, airu laivas, \u016bdenssl\u0113po\u0161ana, veikbords, SUP d\u0113\u013cu noma, kajaku nomaakt\u012bv\u0101s atp\u016btas centrs, laivu noma, sup noma, kajaku noma\",\"publisher\":{\"@id\":\"https:\\\/\\\/www.waterskis.lv\\\/en\\\/#organization\"},\"potentialAction\":[{\"@type\":\"SearchAction\",\"target\":{\"@type\":\"EntryPoint\",\"urlTemplate\":\"https:\\\/\\\/www.waterskis.lv\\\/en\\\/?s={search_term_string}\"},\"query-input\":{\"@type\":\"PropertyValueSpecification\",\"valueRequired\":true,\"valueName\":\"search_term_string\"}}],\"inLanguage\":\"en-US\"},{\"@type\":\"Organization\",\"@id\":\"https:\\\/\\\/www.waterskis.lv\\\/en\\\/#organization\",\"name\":\"WATERSKIS.LV\",\"url\":\"https:\\\/\\\/www.waterskis.lv\\\/en\\\/\",\"logo\":{\"@type\":\"ImageObject\",\"inLanguage\":\"en-US\",\"@id\":\"https:\\\/\\\/www.waterskis.lv\\\/en\\\/#\\\/schema\\\/logo\\\/image\\\/\",\"url\":\"https:\\\/\\\/www.waterskis.lv\\\/wp-content\\\/uploads\\\/2025\\\/01\\\/JUVP-logo.png\",\"contentUrl\":\"https:\\\/\\\/www.waterskis.lv\\\/wp-content\\\/uploads\\\/2025\\\/01\\\/JUVP-logo.png\",\"width\":421,\"height\":202,\"caption\":\"WATERSKIS.LV\"},\"image\":{\"@id\":\"https:\\\/\\\/www.waterskis.lv\\\/en\\\/#\\\/schema\\\/logo\\\/image\\\/\"},\"sameAs\":[\"https:\\\/\\\/www.facebook.com\\\/jurmalawaterskiwakeboardpark\\\/\"]}]}<\/script>\n<!-- \/ Yoast SEO plugin. -->","yoast_head_json":{"title":"CONNELLY ECLYPSE 67\" waterskis - WATERSKIS.LV","description":"CONNELLY ECLYPSE 67\" waterskis is our premier combo set designed to make skiing easier for more fun for all ages and skill levels\/waterskis.lv","robots":{"index":"index","follow":"follow","max-snippet":"max-snippet:-1","max-image-preview":"max-image-preview:large","max-video-preview":"max-video-preview:-1"},"canonical":"https:\/\/www.waterskis.lv\/en\/product\/connelly-eclypse-67-waterskis\/","og_locale":"en_US","og_type":"article","og_title":"CONNELLY ECLYPSE 67\" waterskis - WATERSKIS.LV","og_description":"CONNELLY ECLYPSE 67\" waterskis is our premier combo set designed to make skiing easier for more fun for all ages and skill levels\/waterskis.lv","og_url":"https:\/\/www.waterskis.lv\/en\/product\/connelly-eclypse-67-waterskis\/","og_site_name":"WATERSKIS.LV","article_publisher":"https:\/\/www.facebook.com\/jurmalawaterskiwakeboardpark\/","article_modified_time":"2024-10-11T12:05:37+00:00","og_image":[{"width":1600,"height":1600,"url":"https:\/\/www.waterskis.lv\/wp-content\/uploads\/2021\/07\/Eclypse-Swerve.jpg","type":"image\/jpeg"}],"twitter_card":"summary_large_image","twitter_misc":{"Est. reading time":"1 minute"},"schema":{"@context":"https:\/\/schema.org","@graph":[{"@type":"WebPage","@id":"https:\/\/www.waterskis.lv\/en\/product\/connelly-eclypse-67-waterskis\/","url":"https:\/\/www.waterskis.lv\/en\/product\/connelly-eclypse-67-waterskis\/","name":"CONNELLY ECLYPSE 67\" waterskis - WATERSKIS.LV","isPartOf":{"@id":"https:\/\/www.waterskis.lv\/en\/#website"},"primaryImageOfPage":{"@id":"https:\/\/www.waterskis.lv\/en\/product\/connelly-eclypse-67-waterskis\/#primaryimage"},"image":{"@id":"https:\/\/www.waterskis.lv\/en\/product\/connelly-eclypse-67-waterskis\/#primaryimage"},"thumbnailUrl":"https:\/\/www.waterskis.lv\/wp-content\/uploads\/2021\/07\/Eclypse-Swerve.jpg","datePublished":"2021-07-01T06:23:21+00:00","dateModified":"2024-10-11T12:05:37+00:00","description":"CONNELLY ECLYPSE 67\" waterskis is our premier combo set designed to make skiing easier for more fun for all ages and skill levels\/waterskis.lv","breadcrumb":{"@id":"https:\/\/www.waterskis.lv\/en\/product\/connelly-eclypse-67-waterskis\/#breadcrumb"},"inLanguage":"en-US","potentialAction":[{"@type":"ReadAction","target":["https:\/\/www.waterskis.lv\/en\/product\/connelly-eclypse-67-waterskis\/"]}]},{"@type":"ImageObject","inLanguage":"en-US","@id":"https:\/\/www.waterskis.lv\/en\/product\/connelly-eclypse-67-waterskis\/#primaryimage","url":"https:\/\/www.waterskis.lv\/wp-content\/uploads\/2021\/07\/Eclypse-Swerve.jpg","contentUrl":"https:\/\/www.waterskis.lv\/wp-content\/uploads\/2021\/07\/Eclypse-Swerve.jpg","width":1600,"height":1600,"caption":"\u016adenssl\u0113pes CONNELLY ECLYPSE 67\""},{"@type":"BreadcrumbList","@id":"https:\/\/www.waterskis.lv\/en\/product\/connelly-eclypse-67-waterskis\/#breadcrumb","itemListElement":[{"@type":"ListItem","position":1,"name":"Home","item":"https:\/\/www.waterskis.lv\/en\/"},{"@type":"ListItem","position":2,"name":"Shop","item":"https:\/\/waterskis.lv\/en\/shop\/"},{"@type":"ListItem","position":3,"name":"CONNELLY ECLYPSE 67&#8243; waterskis"}]},{"@type":"WebSite","@id":"https:\/\/www.waterskis.lv\/en\/#website","url":"https:\/\/www.waterskis.lv\/en\/","name":"WATERSKIS.LV","description":"SUP d\u0113\u013ci, kajaki, kanoe, airu laivas, \u016bdenssl\u0113po\u0161ana, veikbords, SUP d\u0113\u013cu noma, kajaku nomaakt\u012bv\u0101s atp\u016btas centrs, laivu noma, sup noma, kajaku noma","publisher":{"@id":"https:\/\/www.waterskis.lv\/en\/#organization"},"potentialAction":[{"@type":"SearchAction","target":{"@type":"EntryPoint","urlTemplate":"https:\/\/www.waterskis.lv\/en\/?s={search_term_string}"},"query-input":{"@type":"PropertyValueSpecification","valueRequired":true,"valueName":"search_term_string"}}],"inLanguage":"en-US"},{"@type":"Organization","@id":"https:\/\/www.waterskis.lv\/en\/#organization","name":"WATERSKIS.LV","url":"https:\/\/www.waterskis.lv\/en\/","logo":{"@type":"ImageObject","inLanguage":"en-US","@id":"https:\/\/www.waterskis.lv\/en\/#\/schema\/logo\/image\/","url":"https:\/\/www.waterskis.lv\/wp-content\/uploads\/2025\/01\/JUVP-logo.png","contentUrl":"https:\/\/www.waterskis.lv\/wp-content\/uploads\/2025\/01\/JUVP-logo.png","width":421,"height":202,"caption":"WATERSKIS.LV"},"image":{"@id":"https:\/\/www.waterskis.lv\/en\/#\/schema\/logo\/image\/"},"sameAs":["https:\/\/www.facebook.com\/jurmalawaterskiwakeboardpark\/"]}]}},"_links":{"self":[{"href":"https:\/\/www.waterskis.lv\/en\/wp-json\/wp\/v2\/product\/29421","targetHints":{"allow":["GET"]}}],"collection":[{"href":"https:\/\/www.waterskis.lv\/en\/wp-json\/wp\/v2\/product"}],"about":[{"href":"https:\/\/www.waterskis.lv\/en\/wp-json\/wp\/v2\/types\/product"}],"replies":[{"embeddable":true,"href":"https:\/\/www.waterskis.lv\/en\/wp-json\/wp\/v2\/comments?post=29421"}],"wp:featuredmedia":[{"embeddable":true,"href":"https:\/\/www.waterskis.lv\/en\/wp-json\/wp\/v2\/media\/55360"}],"wp:attachment":[{"href":"https:\/\/www.waterskis.lv\/en\/wp-json\/wp\/v2\/media?parent=29421"}],"wp:term":[{"taxonomy":"product_brand","embeddable":true,"href":"https:\/\/www.waterskis.lv\/en\/wp-json\/wp\/v2\/product_brand?post=29421"},{"taxonomy":"product_cat","embeddable":true,"href":"https:\/\/www.waterskis.lv\/en\/wp-json\/wp\/v2\/product_cat?post=29421"},{"taxonomy":"product_tag","embeddable":true,"href":"https:\/\/www.waterskis.lv\/en\/wp-json\/wp\/v2\/product_tag?post=29421"}],"curies":[{"name":"wp","href":"https:\/\/api.w.org\/{rel}","templated":true}]}}