{"id":30839,"date":"2021-10-06T17:09:55","date_gmt":"2021-10-06T14:09:55","guid":{"rendered":"https:\/\/www.waterskis.lv\/products\/sup-delis-wildsup-fierce-lynx-10-0\/"},"modified":"2026-02-01T15:37:01","modified_gmt":"2026-02-01T13:37:01","slug":"sup-board-wildsup-fierce-lynx-10-0","status":"publish","type":"product","link":"https:\/\/www.waterskis.lv\/en\/product\/sup-board-wildsup-fierce-lynx-10-0\/","title":{"rendered":"SUP board WILDSUP FIERCE LYNX 10.0"},"content":{"rendered":"<h1>SUP board WILDSUP FIERCE LYNX 10.0<\/h1>\n<p>SUP board WILDSUP FIERCE LYNX 10.0 &#8211; Designed for extreme conditions.<\/p>\n<p>New from WILDSUP 2022 !<\/p>\n<p>GET READY TO GET WILD! WILDSUP SINCE\u00a0 2012!<\/p>\n<table class=\"block_content2 table-data-sheet\">\n<tbody>\n<tr class=\"odd\">\n<td>Class<\/td>\n<td>PREMIUM class inflatable SUP board<\/td>\n<\/tr>\n<tr class=\"even\">\n<td>Type<\/td>\n<td>Leisure Stand Up Paddle board<\/td>\n<\/tr>\n<tr class=\"odd\">\n<td>Length<\/td>\n<td>305 cm<\/td>\n<\/tr>\n<tr class=\"even\">\n<td>Width<\/td>\n<td>90 cm<\/td>\n<\/tr>\n<tr class=\"odd\">\n<td>Height<\/td>\n<td>15 cm<\/td>\n<\/tr>\n<tr class=\"even\">\n<td>Weight<\/td>\n<td>10 kg<\/td>\n<\/tr>\n<tr class=\"odd\">\n<td>Material<\/td>\n<td>Dropstich PVC Fusion Plus<\/td>\n<\/tr>\n<tr class=\"even\">\n<td>Number of persons<\/td>\n<td>1<\/td>\n<\/tr>\n<tr class=\"odd\">\n<td>Set<\/td>\n<td>Board, bag, pump, leash, repair kit, paddle<\/td>\n<\/tr>\n<tr class=\"even\">\n<td>Color<\/td>\n<td>Black\/Red\/White<\/td>\n<\/tr>\n<tr class=\"odd\">\n<td>Capacity<\/td>\n<td>110 kg<\/td>\n<\/tr>\n<tr class=\"even\">\n<td>Max pressure<\/td>\n<td>27 psi (1,86 bar)<\/td>\n<\/tr>\n<tr class=\"odd\">\n<td>Purpose of usage<\/td>\n<td>Universal usage<\/td>\n<\/tr>\n<\/tbody>\n<\/table>\n<p>&nbsp;<\/p>\n<p>The SUP board inflatable paddle board is one of the highest quality and best paddle boards in Europe in terms of price and quality. Designed for extreme conditions.<\/p>\n<p>Made of a new generation of PVC DROP STITCH FUSION PLUS, which is extremely strong, but up to 20% lighter than standard.<\/p>\n<p>It is inflated up to 27 psi and is of high quality, which ensures its strength and the fact that it does not bend when standing on it. Thanks to the exclusive and unique design, you will be stylish and stand out from the crowd.<\/p>\n<p>This is a great paddle for a very good price.<\/p>\n","protected":false},"excerpt":{"rendered":"<p>https:\/\/www.youtube.com\/watch?v=-m5EzDjo-dw [&#8230;]<\/p>\n<p><a class=\"btn btn-secondary understrap-read-more-link\" href=\"https:\/\/www.waterskis.lv\/en\/product\/sup-board-wildsup-fierce-lynx-10-0\/\">Read More&#8230;<\/a><\/p>\n","protected":false},"featured_media":30831,"comment_status":"closed","ping_status":"closed","template":"","meta":{"_acf_changed":false,"inline_featured_image":false},"product_brand":[2452],"product_cat":[700,502,501],"product_tag":[3172,1334,3173,3174,1335,3131,1316,3175,3140,3176,3141],"class_list":{"0":"post-30839","1":"product","2":"type-product","3":"status-publish","4":"has-post-thumbnail","6":"product_brand-wildsup","7":"product_cat-inflatable-sup-boards","8":"product_cat-stand-up-paddle-boards","9":"product_cat-wildsup-isup-boards","10":"product_tag-aufblasbares-sup","11":"product_tag-paddle-boards","12":"product_tag-stand-up-paddleboard","13":"product_tag-stand-up-paddling","14":"product_tag-sup","15":"product_tag-sup-boards","16":"product_tag-sup-delis","17":"product_tag-sup-surfer","18":"product_tag-sup-","19":"product_tag-supkayak","20":"product_tag-3141","22":"first","23":"instock","24":"shipping-taxable","25":"purchasable","26":"product-type-simple"},"acf":[],"yoast_head":"<!-- This site is optimized with the Yoast SEO plugin v27.3 - https:\/\/yoast.com\/product\/yoast-seo-wordpress\/ -->\n<title>SUP board WILDSUP FIERCE LYNX 10.0 - WATERSKIS.LV<\/title>\n<meta name=\"description\" content=\"SUP board WILDSUP FIERCE LYNX 10.0 is one of the highest quality and best paddle boards in Europe in terms of price and quality\" \/>\n<meta name=\"robots\" content=\"index, follow, max-snippet:-1, max-image-preview:large, max-video-preview:-1\" \/>\n<link rel=\"canonical\" href=\"https:\/\/www.waterskis.lv\/en\/product\/sup-board-wildsup-fierce-lynx-10-0\/\" \/>\n<meta property=\"og:locale\" content=\"en_US\" \/>\n<meta property=\"og:type\" content=\"article\" \/>\n<meta property=\"og:title\" content=\"SUP paddleboard WILDSUP FIERCE LYNX 10.0\" \/>\n<meta property=\"og:description\" content=\"SUP board WILDSUP FIERCE LYNX 10.0 PREMIUM class inflatable SUP board. 2021 new from WILDSUP. Length 305 cm Width 90 cm Height 15 cm\" \/>\n<meta property=\"og:url\" content=\"https:\/\/www.waterskis.lv\/en\/product\/sup-board-wildsup-fierce-lynx-10-0\/\" \/>\n<meta property=\"og:site_name\" content=\"WATERSKIS.LV\" \/>\n<meta property=\"article:publisher\" content=\"https:\/\/www.facebook.com\/jurmalawaterskiwakeboardpark\/\" \/>\n<meta property=\"article:modified_time\" content=\"2026-02-01T13:37:01+00:00\" \/>\n<meta property=\"og:image\" content=\"https:\/\/www.waterskis.lv\/wp-content\/uploads\/2021\/10\/Lynx.png\" \/>\n\t<meta property=\"og:image:width\" content=\"1000\" \/>\n\t<meta property=\"og:image:height\" content=\"1000\" \/>\n\t<meta property=\"og:image:type\" content=\"image\/png\" \/>\n<meta name=\"twitter:card\" content=\"summary_large_image\" \/>\n<meta name=\"twitter:title\" content=\"SUP paddleboard WILDSUP FIERCE LYNX 10.0\" \/>\n<meta name=\"twitter:description\" content=\"SUP board WILDSUP FIERCE LYNX 10.0 PREMIUM class inflatable SUP board. 2021 new from WILDSUP. Length 305 cm Width 90 cm Height 15 cm\" \/>\n<meta name=\"twitter:image\" content=\"https:\/\/www.waterskis.lv\/wp-content\/uploads\/2021\/10\/Lynx.png\" \/>\n<meta name=\"twitter:label1\" content=\"Est. reading time\" \/>\n\t<meta name=\"twitter:data1\" content=\"2 minutes\" \/>\n<script type=\"application\/ld+json\" class=\"yoast-schema-graph\">{\"@context\":\"https:\\\/\\\/schema.org\",\"@graph\":[{\"@type\":\"WebPage\",\"@id\":\"https:\\\/\\\/www.waterskis.lv\\\/en\\\/product\\\/sup-board-wildsup-fierce-lynx-10-0\\\/\",\"url\":\"https:\\\/\\\/www.waterskis.lv\\\/en\\\/product\\\/sup-board-wildsup-fierce-lynx-10-0\\\/\",\"name\":\"SUP board WILDSUP FIERCE LYNX 10.0 - WATERSKIS.LV\",\"isPartOf\":{\"@id\":\"https:\\\/\\\/www.waterskis.lv\\\/en\\\/#website\"},\"primaryImageOfPage\":{\"@id\":\"https:\\\/\\\/www.waterskis.lv\\\/en\\\/product\\\/sup-board-wildsup-fierce-lynx-10-0\\\/#primaryimage\"},\"image\":{\"@id\":\"https:\\\/\\\/www.waterskis.lv\\\/en\\\/product\\\/sup-board-wildsup-fierce-lynx-10-0\\\/#primaryimage\"},\"thumbnailUrl\":\"https:\\\/\\\/www.waterskis.lv\\\/wp-content\\\/uploads\\\/2021\\\/10\\\/Lynx.png\",\"datePublished\":\"2021-10-06T14:09:55+00:00\",\"dateModified\":\"2026-02-01T13:37:01+00:00\",\"description\":\"SUP board WILDSUP FIERCE LYNX 10.0 is one of the highest quality and best paddle boards in Europe in terms of price and quality\",\"breadcrumb\":{\"@id\":\"https:\\\/\\\/www.waterskis.lv\\\/en\\\/product\\\/sup-board-wildsup-fierce-lynx-10-0\\\/#breadcrumb\"},\"inLanguage\":\"en-US\",\"potentialAction\":[{\"@type\":\"ReadAction\",\"target\":[\"https:\\\/\\\/www.waterskis.lv\\\/en\\\/product\\\/sup-board-wildsup-fierce-lynx-10-0\\\/\"]}]},{\"@type\":\"ImageObject\",\"inLanguage\":\"en-US\",\"@id\":\"https:\\\/\\\/www.waterskis.lv\\\/en\\\/product\\\/sup-board-wildsup-fierce-lynx-10-0\\\/#primaryimage\",\"url\":\"https:\\\/\\\/www.waterskis.lv\\\/wp-content\\\/uploads\\\/2021\\\/10\\\/Lynx.png\",\"contentUrl\":\"https:\\\/\\\/www.waterskis.lv\\\/wp-content\\\/uploads\\\/2021\\\/10\\\/Lynx.png\",\"width\":1000,\"height\":1000,\"caption\":\"Inflatable SUP board WILDSUP FIERCE LYNX 10.0\"},{\"@type\":\"BreadcrumbList\",\"@id\":\"https:\\\/\\\/www.waterskis.lv\\\/en\\\/product\\\/sup-board-wildsup-fierce-lynx-10-0\\\/#breadcrumb\",\"itemListElement\":[{\"@type\":\"ListItem\",\"position\":1,\"name\":\"Home\",\"item\":\"https:\\\/\\\/www.waterskis.lv\\\/en\\\/\"},{\"@type\":\"ListItem\",\"position\":2,\"name\":\"Shop\",\"item\":\"https:\\\/\\\/waterskis.lv\\\/en\\\/shop\\\/\"},{\"@type\":\"ListItem\",\"position\":3,\"name\":\"SUP board WILDSUP FIERCE LYNX 10.0\"}]},{\"@type\":\"WebSite\",\"@id\":\"https:\\\/\\\/www.waterskis.lv\\\/en\\\/#website\",\"url\":\"https:\\\/\\\/www.waterskis.lv\\\/en\\\/\",\"name\":\"WATERSKIS.LV\",\"description\":\"SUP d\u0113\u013ci, kajaki, kanoe, airu laivas, \u016bdenssl\u0113po\u0161ana, veikbords, SUP d\u0113\u013cu noma, kajaku nomaakt\u012bv\u0101s atp\u016btas centrs, laivu noma, sup noma, kajaku noma\",\"publisher\":{\"@id\":\"https:\\\/\\\/www.waterskis.lv\\\/en\\\/#organization\"},\"potentialAction\":[{\"@type\":\"SearchAction\",\"target\":{\"@type\":\"EntryPoint\",\"urlTemplate\":\"https:\\\/\\\/www.waterskis.lv\\\/en\\\/?s={search_term_string}\"},\"query-input\":{\"@type\":\"PropertyValueSpecification\",\"valueRequired\":true,\"valueName\":\"search_term_string\"}}],\"inLanguage\":\"en-US\"},{\"@type\":\"Organization\",\"@id\":\"https:\\\/\\\/www.waterskis.lv\\\/en\\\/#organization\",\"name\":\"WATERSKIS.LV\",\"url\":\"https:\\\/\\\/www.waterskis.lv\\\/en\\\/\",\"logo\":{\"@type\":\"ImageObject\",\"inLanguage\":\"en-US\",\"@id\":\"https:\\\/\\\/www.waterskis.lv\\\/en\\\/#\\\/schema\\\/logo\\\/image\\\/\",\"url\":\"https:\\\/\\\/www.waterskis.lv\\\/wp-content\\\/uploads\\\/2025\\\/01\\\/JUVP-logo.png\",\"contentUrl\":\"https:\\\/\\\/www.waterskis.lv\\\/wp-content\\\/uploads\\\/2025\\\/01\\\/JUVP-logo.png\",\"width\":421,\"height\":202,\"caption\":\"WATERSKIS.LV\"},\"image\":{\"@id\":\"https:\\\/\\\/www.waterskis.lv\\\/en\\\/#\\\/schema\\\/logo\\\/image\\\/\"},\"sameAs\":[\"https:\\\/\\\/www.facebook.com\\\/jurmalawaterskiwakeboardpark\\\/\"]}]}<\/script>\n<!-- \/ Yoast SEO plugin. -->","yoast_head_json":{"title":"SUP board WILDSUP FIERCE LYNX 10.0 - WATERSKIS.LV","description":"SUP board WILDSUP FIERCE LYNX 10.0 is one of the highest quality and best paddle boards in Europe in terms of price and quality","robots":{"index":"index","follow":"follow","max-snippet":"max-snippet:-1","max-image-preview":"max-image-preview:large","max-video-preview":"max-video-preview:-1"},"canonical":"https:\/\/www.waterskis.lv\/en\/product\/sup-board-wildsup-fierce-lynx-10-0\/","og_locale":"en_US","og_type":"article","og_title":"SUP paddleboard WILDSUP FIERCE LYNX 10.0","og_description":"SUP board WILDSUP FIERCE LYNX 10.0 PREMIUM class inflatable SUP board. 2021 new from WILDSUP. Length 305 cm Width 90 cm Height 15 cm","og_url":"https:\/\/www.waterskis.lv\/en\/product\/sup-board-wildsup-fierce-lynx-10-0\/","og_site_name":"WATERSKIS.LV","article_publisher":"https:\/\/www.facebook.com\/jurmalawaterskiwakeboardpark\/","article_modified_time":"2026-02-01T13:37:01+00:00","og_image":[{"width":1000,"height":1000,"url":"https:\/\/www.waterskis.lv\/wp-content\/uploads\/2021\/10\/Lynx.png","type":"image\/png"}],"twitter_card":"summary_large_image","twitter_title":"SUP paddleboard WILDSUP FIERCE LYNX 10.0","twitter_description":"SUP board WILDSUP FIERCE LYNX 10.0 PREMIUM class inflatable SUP board. 2021 new from WILDSUP. Length 305 cm Width 90 cm Height 15 cm","twitter_image":"https:\/\/www.waterskis.lv\/wp-content\/uploads\/2021\/10\/Lynx.png","twitter_misc":{"Est. reading time":"2 minutes"},"schema":{"@context":"https:\/\/schema.org","@graph":[{"@type":"WebPage","@id":"https:\/\/www.waterskis.lv\/en\/product\/sup-board-wildsup-fierce-lynx-10-0\/","url":"https:\/\/www.waterskis.lv\/en\/product\/sup-board-wildsup-fierce-lynx-10-0\/","name":"SUP board WILDSUP FIERCE LYNX 10.0 - WATERSKIS.LV","isPartOf":{"@id":"https:\/\/www.waterskis.lv\/en\/#website"},"primaryImageOfPage":{"@id":"https:\/\/www.waterskis.lv\/en\/product\/sup-board-wildsup-fierce-lynx-10-0\/#primaryimage"},"image":{"@id":"https:\/\/www.waterskis.lv\/en\/product\/sup-board-wildsup-fierce-lynx-10-0\/#primaryimage"},"thumbnailUrl":"https:\/\/www.waterskis.lv\/wp-content\/uploads\/2021\/10\/Lynx.png","datePublished":"2021-10-06T14:09:55+00:00","dateModified":"2026-02-01T13:37:01+00:00","description":"SUP board WILDSUP FIERCE LYNX 10.0 is one of the highest quality and best paddle boards in Europe in terms of price and quality","breadcrumb":{"@id":"https:\/\/www.waterskis.lv\/en\/product\/sup-board-wildsup-fierce-lynx-10-0\/#breadcrumb"},"inLanguage":"en-US","potentialAction":[{"@type":"ReadAction","target":["https:\/\/www.waterskis.lv\/en\/product\/sup-board-wildsup-fierce-lynx-10-0\/"]}]},{"@type":"ImageObject","inLanguage":"en-US","@id":"https:\/\/www.waterskis.lv\/en\/product\/sup-board-wildsup-fierce-lynx-10-0\/#primaryimage","url":"https:\/\/www.waterskis.lv\/wp-content\/uploads\/2021\/10\/Lynx.png","contentUrl":"https:\/\/www.waterskis.lv\/wp-content\/uploads\/2021\/10\/Lynx.png","width":1000,"height":1000,"caption":"Inflatable SUP board WILDSUP FIERCE LYNX 10.0"},{"@type":"BreadcrumbList","@id":"https:\/\/www.waterskis.lv\/en\/product\/sup-board-wildsup-fierce-lynx-10-0\/#breadcrumb","itemListElement":[{"@type":"ListItem","position":1,"name":"Home","item":"https:\/\/www.waterskis.lv\/en\/"},{"@type":"ListItem","position":2,"name":"Shop","item":"https:\/\/waterskis.lv\/en\/shop\/"},{"@type":"ListItem","position":3,"name":"SUP board WILDSUP FIERCE LYNX 10.0"}]},{"@type":"WebSite","@id":"https:\/\/www.waterskis.lv\/en\/#website","url":"https:\/\/www.waterskis.lv\/en\/","name":"WATERSKIS.LV","description":"SUP d\u0113\u013ci, kajaki, kanoe, airu laivas, \u016bdenssl\u0113po\u0161ana, veikbords, SUP d\u0113\u013cu noma, kajaku nomaakt\u012bv\u0101s atp\u016btas centrs, laivu noma, sup noma, kajaku noma","publisher":{"@id":"https:\/\/www.waterskis.lv\/en\/#organization"},"potentialAction":[{"@type":"SearchAction","target":{"@type":"EntryPoint","urlTemplate":"https:\/\/www.waterskis.lv\/en\/?s={search_term_string}"},"query-input":{"@type":"PropertyValueSpecification","valueRequired":true,"valueName":"search_term_string"}}],"inLanguage":"en-US"},{"@type":"Organization","@id":"https:\/\/www.waterskis.lv\/en\/#organization","name":"WATERSKIS.LV","url":"https:\/\/www.waterskis.lv\/en\/","logo":{"@type":"ImageObject","inLanguage":"en-US","@id":"https:\/\/www.waterskis.lv\/en\/#\/schema\/logo\/image\/","url":"https:\/\/www.waterskis.lv\/wp-content\/uploads\/2025\/01\/JUVP-logo.png","contentUrl":"https:\/\/www.waterskis.lv\/wp-content\/uploads\/2025\/01\/JUVP-logo.png","width":421,"height":202,"caption":"WATERSKIS.LV"},"image":{"@id":"https:\/\/www.waterskis.lv\/en\/#\/schema\/logo\/image\/"},"sameAs":["https:\/\/www.facebook.com\/jurmalawaterskiwakeboardpark\/"]}]}},"_links":{"self":[{"href":"https:\/\/www.waterskis.lv\/en\/wp-json\/wp\/v2\/product\/30839","targetHints":{"allow":["GET"]}}],"collection":[{"href":"https:\/\/www.waterskis.lv\/en\/wp-json\/wp\/v2\/product"}],"about":[{"href":"https:\/\/www.waterskis.lv\/en\/wp-json\/wp\/v2\/types\/product"}],"replies":[{"embeddable":true,"href":"https:\/\/www.waterskis.lv\/en\/wp-json\/wp\/v2\/comments?post=30839"}],"wp:featuredmedia":[{"embeddable":true,"href":"https:\/\/www.waterskis.lv\/en\/wp-json\/wp\/v2\/media\/30831"}],"wp:attachment":[{"href":"https:\/\/www.waterskis.lv\/en\/wp-json\/wp\/v2\/media?parent=30839"}],"wp:term":[{"taxonomy":"product_brand","embeddable":true,"href":"https:\/\/www.waterskis.lv\/en\/wp-json\/wp\/v2\/product_brand?post=30839"},{"taxonomy":"product_cat","embeddable":true,"href":"https:\/\/www.waterskis.lv\/en\/wp-json\/wp\/v2\/product_cat?post=30839"},{"taxonomy":"product_tag","embeddable":true,"href":"https:\/\/www.waterskis.lv\/en\/wp-json\/wp\/v2\/product_tag?post=30839"}],"curies":[{"name":"wp","href":"https:\/\/api.w.org\/{rel}","templated":true}]}}