{"id":30945,"date":"2021-10-14T15:24:28","date_gmt":"2021-10-14T12:24:28","guid":{"rendered":"https:\/\/www.waterskis.lv\/products\/kajaka-airis-panda\/"},"modified":"2022-03-19T15:11:55","modified_gmt":"2022-03-19T12:11:55","slug":"kayak-paddle-panda","status":"publish","type":"product","link":"https:\/\/www.waterskis.lv\/en\/product\/kayak-paddle-panda\/","title":{"rendered":"Kayak paddle PANDA"},"content":{"rendered":"<p>Kayak paddle PANDA<\/p>\n<p>Classic kayak paddle with bent blade shape.\u00a0\u00a0The blade material\u00a0is made of highly tough polyethylene (HDPE). Its best feature are high durability and firmness.<\/p>\n<p>This model is suitable for whitewater actions as well as for recreational paddling.<\/p>\n<table class=\"block_content2 table-data-sheet\">\n<tbody>\n<tr class=\"odd\">\n<td>Type<\/td>\n<td>All-round paddle<\/td>\n<\/tr>\n<tr class=\"even\">\n<td>Weight<\/td>\n<td>1,2 kg<\/td>\n<\/tr>\n<tr class=\"odd\">\n<td>Shaft material<\/td>\n<td>aluminum<\/td>\n<\/tr>\n<tr class=\"even\">\n<td>Number of parts<\/td>\n<td>1<\/td>\n<\/tr>\n<tr class=\"odd\">\n<td>Blade material<\/td>\n<td>HDPE<\/td>\n<\/tr>\n<tr class=\"even\">\n<td>Blade surface<\/td>\n<td>617 cm2<\/td>\n<\/tr>\n<tr class=\"odd\">\n<td>Shaft diameter<\/td>\n<td>30 mm<\/td>\n<\/tr>\n<tr class=\"even\">\n<td>Purpose of usage<\/td>\n<td>Universal usage. Suitable for all types of water<\/td>\n<\/tr>\n<tr class=\"odd\">\n<td>Country of origin<\/td>\n<td>Czech Republic<\/td>\n<\/tr>\n<\/tbody>\n<\/table>\n","protected":false},"excerpt":{"rendered":"<p>https:\/\/www.youtube.com\/watch?v=RY-39a4pYs4&amp;t=1s [&#8230;]<\/p>\n<p><a class=\"btn btn-secondary understrap-read-more-link\" href=\"https:\/\/www.waterskis.lv\/en\/product\/kayak-paddle-panda\/\">Read More&#8230;<\/a><\/p>\n","protected":false},"featured_media":30938,"comment_status":"closed","ping_status":"closed","template":"","meta":{"_acf_changed":false,"inline_featured_image":false},"product_brand":[],"product_cat":[674,533,673],"product_tag":[3495,3496,3497,3498],"class_list":{"0":"post-30945","1":"product","2":"type-product","3":"status-publish","4":"has-post-thumbnail","6":"product_cat-all-round-touring-paddles","7":"product_cat-kayak-paddles","8":"product_cat-paddles-oars","9":"product_tag-kajaka-airis","10":"product_tag-kayak-paddle","11":"product_tag-tnp","12":"product_tag-3498","14":"first","15":"instock","16":"shipping-taxable","17":"purchasable","18":"product-type-simple"},"acf":[],"yoast_head":"<!-- This site is optimized with the Yoast SEO plugin v27.5 - https:\/\/yoast.com\/product\/yoast-seo-wordpress\/ -->\n<title>Kayak paddle PANDA - WATERSKIS.LV<\/title>\n<meta name=\"description\" content=\"Kayak paddle PANDA Classic kayak paddle with bent blade shape.\u00a0Waterskis.lv - established manufacturers, high quality, good prices.\" \/>\n<meta name=\"robots\" content=\"index, follow, max-snippet:-1, max-image-preview:large, max-video-preview:-1\" \/>\n<link rel=\"canonical\" href=\"https:\/\/www.waterskis.lv\/en\/product\/kayak-paddle-panda\/\" \/>\n<meta property=\"og:locale\" content=\"en_US\" \/>\n<meta property=\"og:type\" content=\"article\" \/>\n<meta property=\"og:title\" content=\"Kayak paddle PANDA\" \/>\n<meta property=\"og:description\" content=\"Kayak paddle PANDA Classic kayak paddle with bent blade shape.\u00a0\u00a0\" \/>\n<meta property=\"og:url\" content=\"https:\/\/www.waterskis.lv\/en\/product\/kayak-paddle-panda\/\" \/>\n<meta property=\"og:site_name\" content=\"WATERSKIS.LV\" \/>\n<meta property=\"article:publisher\" content=\"https:\/\/www.facebook.com\/jurmalawaterskiwakeboardpark\/\" \/>\n<meta property=\"article:modified_time\" content=\"2022-03-19T12:11:55+00:00\" \/>\n<meta property=\"og:image\" content=\"https:\/\/waterskis.lv\/wp-content\/uploads\/2021\/10\/Panda.jpg\" \/>\n\t<meta property=\"og:image:width\" content=\"1000\" \/>\n\t<meta property=\"og:image:height\" content=\"1000\" \/>\n\t<meta property=\"og:image:type\" content=\"image\/jpeg\" \/>\n<meta name=\"twitter:card\" content=\"summary_large_image\" \/>\n<meta name=\"twitter:title\" content=\"Kayak paddle PANDA\" \/>\n<meta name=\"twitter:description\" content=\"Kajaka airis PANDAKlasisks kajaka airis Panda ar ieliektu l\u0101psti\u0146u. L\u0101psti\u0146as materi\u0101ls ir izgatavots no \u012bpa\u0161i iztur\u012bga polietil\u0113na (HDPE). T\u0101 lab\u0101k\u0101 \u012bpa\u0161\u012bba ir augsta iztur\u012bba un stingr\u012bba.\u0160is modelis ir piem\u0113rots strauj\u016bdens white water aktivit\u0101t\u0113m, k\u0101 ar\u012b izklaideiTips Univers\u0101ls airisSvars 1,2 kgK\u0101ta materi\u0101ls Duralum\u012bnijsDa\u013cu skaits 1Asmens materi\u0101ls HDPEL\u0101psti\u0146as virsma (cm2) 617K\u0101ta diametrs 30 mmLieto\u0161anas m\u0113r\u0137is Univers\u0101ls lietojums. Piem\u0113rots visu veidu \u016bde\u0146iemIzcelsmes valsts \u010cehijaKr\u0101sa: melna, sarkana, za\u013caGarums: 230 cmL\u0101psti\u0146as le\u0146\u0137is: 45R, 0R\" \/>\n<meta name=\"twitter:image\" content=\"https:\/\/www.waterskis.lv\/wp-content\/uploads\/2021\/10\/Panda.jpg\" \/>\n<meta name=\"twitter:label1\" content=\"Est. reading time\" \/>\n\t<meta name=\"twitter:data1\" content=\"1 minute\" \/>\n<script type=\"application\/ld+json\" class=\"yoast-schema-graph\">{\"@context\":\"https:\\\/\\\/schema.org\",\"@graph\":[{\"@type\":\"WebPage\",\"@id\":\"https:\\\/\\\/www.waterskis.lv\\\/en\\\/product\\\/kayak-paddle-panda\\\/\",\"url\":\"https:\\\/\\\/www.waterskis.lv\\\/en\\\/product\\\/kayak-paddle-panda\\\/\",\"name\":\"Kayak paddle PANDA - WATERSKIS.LV\",\"isPartOf\":{\"@id\":\"https:\\\/\\\/www.waterskis.lv\\\/en\\\/#website\"},\"primaryImageOfPage\":{\"@id\":\"https:\\\/\\\/www.waterskis.lv\\\/en\\\/product\\\/kayak-paddle-panda\\\/#primaryimage\"},\"image\":{\"@id\":\"https:\\\/\\\/www.waterskis.lv\\\/en\\\/product\\\/kayak-paddle-panda\\\/#primaryimage\"},\"thumbnailUrl\":\"https:\\\/\\\/www.waterskis.lv\\\/wp-content\\\/uploads\\\/2021\\\/10\\\/Panda.jpg\",\"datePublished\":\"2021-10-14T12:24:28+00:00\",\"dateModified\":\"2022-03-19T12:11:55+00:00\",\"description\":\"Kayak paddle PANDA Classic kayak paddle with bent blade shape.\u00a0Waterskis.lv - established manufacturers, high quality, good prices.\",\"breadcrumb\":{\"@id\":\"https:\\\/\\\/www.waterskis.lv\\\/en\\\/product\\\/kayak-paddle-panda\\\/#breadcrumb\"},\"inLanguage\":\"en-US\",\"potentialAction\":[{\"@type\":\"ReadAction\",\"target\":[\"https:\\\/\\\/www.waterskis.lv\\\/en\\\/product\\\/kayak-paddle-panda\\\/\"]}]},{\"@type\":\"ImageObject\",\"inLanguage\":\"en-US\",\"@id\":\"https:\\\/\\\/www.waterskis.lv\\\/en\\\/product\\\/kayak-paddle-panda\\\/#primaryimage\",\"url\":\"https:\\\/\\\/www.waterskis.lv\\\/wp-content\\\/uploads\\\/2021\\\/10\\\/Panda.jpg\",\"contentUrl\":\"https:\\\/\\\/www.waterskis.lv\\\/wp-content\\\/uploads\\\/2021\\\/10\\\/Panda.jpg\",\"width\":1000,\"height\":1000,\"caption\":\"Kayak paddle PANDA\"},{\"@type\":\"BreadcrumbList\",\"@id\":\"https:\\\/\\\/www.waterskis.lv\\\/en\\\/product\\\/kayak-paddle-panda\\\/#breadcrumb\",\"itemListElement\":[{\"@type\":\"ListItem\",\"position\":1,\"name\":\"Home\",\"item\":\"https:\\\/\\\/www.waterskis.lv\\\/en\\\/\"},{\"@type\":\"ListItem\",\"position\":2,\"name\":\"Shop\",\"item\":\"https:\\\/\\\/waterskis.lv\\\/en\\\/shop\\\/\"},{\"@type\":\"ListItem\",\"position\":3,\"name\":\"Kayak paddle PANDA\"}]},{\"@type\":\"WebSite\",\"@id\":\"https:\\\/\\\/www.waterskis.lv\\\/en\\\/#website\",\"url\":\"https:\\\/\\\/www.waterskis.lv\\\/en\\\/\",\"name\":\"WATERSKIS.LV\",\"description\":\"SUP d\u0113\u013ci, kajaki, kanoe, airu laivas, \u016bdenssl\u0113po\u0161ana, veikbords, SUP d\u0113\u013cu noma, kajaku nomaakt\u012bv\u0101s atp\u016btas centrs, laivu noma, sup noma, kajaku noma\",\"publisher\":{\"@id\":\"https:\\\/\\\/www.waterskis.lv\\\/en\\\/#organization\"},\"potentialAction\":[{\"@type\":\"SearchAction\",\"target\":{\"@type\":\"EntryPoint\",\"urlTemplate\":\"https:\\\/\\\/www.waterskis.lv\\\/en\\\/?s={search_term_string}\"},\"query-input\":{\"@type\":\"PropertyValueSpecification\",\"valueRequired\":true,\"valueName\":\"search_term_string\"}}],\"inLanguage\":\"en-US\"},{\"@type\":\"Organization\",\"@id\":\"https:\\\/\\\/www.waterskis.lv\\\/en\\\/#organization\",\"name\":\"WATERSKIS.LV\",\"url\":\"https:\\\/\\\/www.waterskis.lv\\\/en\\\/\",\"logo\":{\"@type\":\"ImageObject\",\"inLanguage\":\"en-US\",\"@id\":\"https:\\\/\\\/www.waterskis.lv\\\/en\\\/#\\\/schema\\\/logo\\\/image\\\/\",\"url\":\"https:\\\/\\\/www.waterskis.lv\\\/wp-content\\\/uploads\\\/2025\\\/01\\\/JUVP-logo.png\",\"contentUrl\":\"https:\\\/\\\/www.waterskis.lv\\\/wp-content\\\/uploads\\\/2025\\\/01\\\/JUVP-logo.png\",\"width\":421,\"height\":202,\"caption\":\"WATERSKIS.LV\"},\"image\":{\"@id\":\"https:\\\/\\\/www.waterskis.lv\\\/en\\\/#\\\/schema\\\/logo\\\/image\\\/\"},\"sameAs\":[\"https:\\\/\\\/www.facebook.com\\\/jurmalawaterskiwakeboardpark\\\/\"]}]}<\/script>\n<!-- \/ Yoast SEO plugin. -->","yoast_head_json":{"title":"Kayak paddle PANDA - WATERSKIS.LV","description":"Kayak paddle PANDA Classic kayak paddle with bent blade shape.\u00a0Waterskis.lv - established manufacturers, high quality, good prices.","robots":{"index":"index","follow":"follow","max-snippet":"max-snippet:-1","max-image-preview":"max-image-preview:large","max-video-preview":"max-video-preview:-1"},"canonical":"https:\/\/www.waterskis.lv\/en\/product\/kayak-paddle-panda\/","og_locale":"en_US","og_type":"article","og_title":"Kayak paddle PANDA","og_description":"Kayak paddle PANDA Classic kayak paddle with bent blade shape.\u00a0\u00a0","og_url":"https:\/\/www.waterskis.lv\/en\/product\/kayak-paddle-panda\/","og_site_name":"WATERSKIS.LV","article_publisher":"https:\/\/www.facebook.com\/jurmalawaterskiwakeboardpark\/","article_modified_time":"2022-03-19T12:11:55+00:00","og_image":[{"width":1000,"height":1000,"url":"https:\/\/waterskis.lv\/wp-content\/uploads\/2021\/10\/Panda.jpg","type":"image\/jpeg"}],"twitter_card":"summary_large_image","twitter_title":"Kayak paddle PANDA","twitter_description":"Kajaka airis PANDAKlasisks kajaka airis Panda ar ieliektu l\u0101psti\u0146u. L\u0101psti\u0146as materi\u0101ls ir izgatavots no \u012bpa\u0161i iztur\u012bga polietil\u0113na (HDPE). T\u0101 lab\u0101k\u0101 \u012bpa\u0161\u012bba ir augsta iztur\u012bba un stingr\u012bba.\u0160is modelis ir piem\u0113rots strauj\u016bdens white water aktivit\u0101t\u0113m, k\u0101 ar\u012b izklaideiTips Univers\u0101ls airisSvars 1,2 kgK\u0101ta materi\u0101ls Duralum\u012bnijsDa\u013cu skaits 1Asmens materi\u0101ls HDPEL\u0101psti\u0146as virsma (cm2) 617K\u0101ta diametrs 30 mmLieto\u0161anas m\u0113r\u0137is Univers\u0101ls lietojums. Piem\u0113rots visu veidu \u016bde\u0146iemIzcelsmes valsts \u010cehijaKr\u0101sa: melna, sarkana, za\u013caGarums: 230 cmL\u0101psti\u0146as le\u0146\u0137is: 45R, 0R","twitter_image":"https:\/\/www.waterskis.lv\/wp-content\/uploads\/2021\/10\/Panda.jpg","twitter_misc":{"Est. reading time":"1 minute"},"schema":{"@context":"https:\/\/schema.org","@graph":[{"@type":"WebPage","@id":"https:\/\/www.waterskis.lv\/en\/product\/kayak-paddle-panda\/","url":"https:\/\/www.waterskis.lv\/en\/product\/kayak-paddle-panda\/","name":"Kayak paddle PANDA - WATERSKIS.LV","isPartOf":{"@id":"https:\/\/www.waterskis.lv\/en\/#website"},"primaryImageOfPage":{"@id":"https:\/\/www.waterskis.lv\/en\/product\/kayak-paddle-panda\/#primaryimage"},"image":{"@id":"https:\/\/www.waterskis.lv\/en\/product\/kayak-paddle-panda\/#primaryimage"},"thumbnailUrl":"https:\/\/www.waterskis.lv\/wp-content\/uploads\/2021\/10\/Panda.jpg","datePublished":"2021-10-14T12:24:28+00:00","dateModified":"2022-03-19T12:11:55+00:00","description":"Kayak paddle PANDA Classic kayak paddle with bent blade shape.\u00a0Waterskis.lv - established manufacturers, high quality, good prices.","breadcrumb":{"@id":"https:\/\/www.waterskis.lv\/en\/product\/kayak-paddle-panda\/#breadcrumb"},"inLanguage":"en-US","potentialAction":[{"@type":"ReadAction","target":["https:\/\/www.waterskis.lv\/en\/product\/kayak-paddle-panda\/"]}]},{"@type":"ImageObject","inLanguage":"en-US","@id":"https:\/\/www.waterskis.lv\/en\/product\/kayak-paddle-panda\/#primaryimage","url":"https:\/\/www.waterskis.lv\/wp-content\/uploads\/2021\/10\/Panda.jpg","contentUrl":"https:\/\/www.waterskis.lv\/wp-content\/uploads\/2021\/10\/Panda.jpg","width":1000,"height":1000,"caption":"Kayak paddle PANDA"},{"@type":"BreadcrumbList","@id":"https:\/\/www.waterskis.lv\/en\/product\/kayak-paddle-panda\/#breadcrumb","itemListElement":[{"@type":"ListItem","position":1,"name":"Home","item":"https:\/\/www.waterskis.lv\/en\/"},{"@type":"ListItem","position":2,"name":"Shop","item":"https:\/\/waterskis.lv\/en\/shop\/"},{"@type":"ListItem","position":3,"name":"Kayak paddle PANDA"}]},{"@type":"WebSite","@id":"https:\/\/www.waterskis.lv\/en\/#website","url":"https:\/\/www.waterskis.lv\/en\/","name":"WATERSKIS.LV","description":"SUP d\u0113\u013ci, kajaki, kanoe, airu laivas, \u016bdenssl\u0113po\u0161ana, veikbords, SUP d\u0113\u013cu noma, kajaku nomaakt\u012bv\u0101s atp\u016btas centrs, laivu noma, sup noma, kajaku noma","publisher":{"@id":"https:\/\/www.waterskis.lv\/en\/#organization"},"potentialAction":[{"@type":"SearchAction","target":{"@type":"EntryPoint","urlTemplate":"https:\/\/www.waterskis.lv\/en\/?s={search_term_string}"},"query-input":{"@type":"PropertyValueSpecification","valueRequired":true,"valueName":"search_term_string"}}],"inLanguage":"en-US"},{"@type":"Organization","@id":"https:\/\/www.waterskis.lv\/en\/#organization","name":"WATERSKIS.LV","url":"https:\/\/www.waterskis.lv\/en\/","logo":{"@type":"ImageObject","inLanguage":"en-US","@id":"https:\/\/www.waterskis.lv\/en\/#\/schema\/logo\/image\/","url":"https:\/\/www.waterskis.lv\/wp-content\/uploads\/2025\/01\/JUVP-logo.png","contentUrl":"https:\/\/www.waterskis.lv\/wp-content\/uploads\/2025\/01\/JUVP-logo.png","width":421,"height":202,"caption":"WATERSKIS.LV"},"image":{"@id":"https:\/\/www.waterskis.lv\/en\/#\/schema\/logo\/image\/"},"sameAs":["https:\/\/www.facebook.com\/jurmalawaterskiwakeboardpark\/"]}]}},"_links":{"self":[{"href":"https:\/\/www.waterskis.lv\/en\/wp-json\/wp\/v2\/product\/30945","targetHints":{"allow":["GET"]}}],"collection":[{"href":"https:\/\/www.waterskis.lv\/en\/wp-json\/wp\/v2\/product"}],"about":[{"href":"https:\/\/www.waterskis.lv\/en\/wp-json\/wp\/v2\/types\/product"}],"replies":[{"embeddable":true,"href":"https:\/\/www.waterskis.lv\/en\/wp-json\/wp\/v2\/comments?post=30945"}],"wp:featuredmedia":[{"embeddable":true,"href":"https:\/\/www.waterskis.lv\/en\/wp-json\/wp\/v2\/media\/30938"}],"wp:attachment":[{"href":"https:\/\/www.waterskis.lv\/en\/wp-json\/wp\/v2\/media?parent=30945"}],"wp:term":[{"taxonomy":"product_brand","embeddable":true,"href":"https:\/\/www.waterskis.lv\/en\/wp-json\/wp\/v2\/product_brand?post=30945"},{"taxonomy":"product_cat","embeddable":true,"href":"https:\/\/www.waterskis.lv\/en\/wp-json\/wp\/v2\/product_cat?post=30945"},{"taxonomy":"product_tag","embeddable":true,"href":"https:\/\/www.waterskis.lv\/en\/wp-json\/wp\/v2\/product_tag?post=30945"}],"curies":[{"name":"wp","href":"https:\/\/api.w.org\/{rel}","templated":true}]}}