{"id":31945,"date":"2021-11-10T19:33:17","date_gmt":"2021-11-10T16:33:17","guid":{"rendered":"https:\/\/www.waterskis.lv\/products\/tandema-kajaks-prijon-customline-470-relax\/"},"modified":"2022-02-07T21:44:17","modified_gmt":"2022-02-07T18:44:17","slug":"tandem-kayak-prijon-customline-470-relax","status":"publish","type":"product","link":"https:\/\/www.waterskis.lv\/en\/product\/tandem-kayak-prijon-customline-470-relax\/","title":{"rendered":"Tandem kayak PRIJON CUSTOMLINE 470 RELAX"},"content":{"rendered":"<p>Tandem kayak PRIJON CUSTOMLINE 470 RELAX<\/p>\n<p>It is an open double-seater for families and rental stations<\/p>\n<table class=\"block_content2 table-data-sheet\">\n<tbody>\n<tr class=\"odd\">\n<td>Type<\/td>\n<td>Touring<\/td>\n<\/tr>\n<tr class=\"even\">\n<td>Length<\/td>\n<td>476 cm<\/td>\n<\/tr>\n<tr class=\"odd\">\n<td>Width<\/td>\n<td>76 cm<\/td>\n<\/tr>\n<tr class=\"even\">\n<td>Weight<\/td>\n<td>35 kg<\/td>\n<\/tr>\n<tr class=\"odd\">\n<td>Material<\/td>\n<td>HTP &#8211; Blow-molded special high density PE<\/td>\n<\/tr>\n<tr class=\"even\">\n<td>Number of persons<\/td>\n<td>2<\/td>\n<\/tr>\n<tr class=\"odd\">\n<td>Set<\/td>\n<td>FULL<\/td>\n<\/tr>\n<tr class=\"even\">\n<td>Capacity<\/td>\n<td>250 kg<\/td>\n<\/tr>\n<tr class=\"odd\">\n<td>Volume<\/td>\n<td>560 L<\/td>\n<\/tr>\n<tr class=\"even\">\n<td>Purpose of usage<\/td>\n<td>Touring kayak<\/td>\n<\/tr>\n<tr class=\"odd\">\n<td>Country of origin<\/td>\n<td>Germany<\/td>\n<\/tr>\n<\/tbody>\n<\/table>\n<p>Tandem kayak PRIJON CUSTOMLINE 470 RELAX is an open double-seater for families and rental stations.<\/p>\n<p>Its main characteristics are a very high stability and easy handling.<\/p>\n<p>The combination of a length of 470cm and a moderate rocker enables the CL-RELAX for the sea, lakes\u00a0and smaller tighter waters.<\/p>\n<p>An optional child\u2019s seat can be added fast and will transform the CL-RELAX into an ideal family-kayak.<\/p>\n<p>The big cockpit offers an easy entry and exit. Our tour-seat with the new, high CustomLine-backrest guarantees a comfortable sitting position.<\/p>\n<p>In the full-version, the front seat can be fixed in a centric position and is therefore usable as single-paddler-position. By this, you can also paddle the CL 470 RELAX alone.<\/p>\n<p>Thanks to the different configurations everything&#8217;s possible &#8211; from a lightweight and low priced basic model to full equipped touring kayak.<\/p>\n<ul>\n<li>Tour-seat with Tour-padding<\/li>\n<li>CL-backrest with foam padding and comfortable cover<\/li>\n<li>Waterproof bulkhead with rubber hatch in the rear<\/li>\n<li>Luggage spider in front<\/li>\n<li>Single Paddler possibility<\/li>\n<li>Sawtooth-footrest (not adjustable)<\/li>\n<\/ul>\n","protected":false},"excerpt":{"rendered":"<p>https:\/\/www.youtube.com\/watch?v=ZqpvNMUF6YA [&#8230;]<\/p>\n<p><a class=\"btn btn-secondary understrap-read-more-link\" href=\"https:\/\/www.waterskis.lv\/en\/product\/tandem-kayak-prijon-customline-470-relax\/\">Read More&#8230;<\/a><\/p>\n","protected":false},"featured_media":31948,"comment_status":"closed","ping_status":"closed","template":"","meta":{"_acf_changed":false,"inline_featured_image":false},"product_brand":[],"product_cat":[507,534,525],"product_tag":[],"class_list":{"0":"post-31945","1":"product","2":"type-product","3":"status-publish","4":"has-post-thumbnail","6":"product_cat-kayaks","7":"product_cat-sit-in-kayaks","8":"product_cat-tandem-kayaks","10":"first","11":"instock","12":"shipping-taxable","13":"product-type-simple"},"acf":[],"yoast_head":"<!-- This site is optimized with the Yoast SEO plugin v27.3 - https:\/\/yoast.com\/product\/yoast-seo-wordpress\/ -->\n<title>Tandem kayak PRIJON CUSTOMLINE 470 RELAX - WATERSKIS.LV<\/title>\n<meta name=\"description\" content=\"Tandem kayak PRIJON CUSTOMLINE 470 RELAX is an open double-seater for families and rental stations. Visit waterskis.lv\" \/>\n<meta name=\"robots\" content=\"index, follow, max-snippet:-1, max-image-preview:large, max-video-preview:-1\" \/>\n<link rel=\"canonical\" href=\"https:\/\/www.waterskis.lv\/en\/product\/tandem-kayak-prijon-customline-470-relax\/\" \/>\n<meta property=\"og:locale\" content=\"en_US\" \/>\n<meta property=\"og:type\" content=\"article\" \/>\n<meta property=\"og:title\" content=\"Tandem kayak PRIJON CUSTOMLINE 470 RELAX\" \/>\n<meta property=\"og:description\" content=\"The CL 470 RELAX is an open double-seater for families and rental stations. Its main characteristics are a very high stability and easy handling. The combination of a length of 470cm and a moderate rocker enables the CL-RELAX for the sea, lakes and smaller tighter waters. An optional child\u2019s seat can be added fast and will transform the CL-RELAX into an ideal family-kayak. The big cockpit offers an easy entry and exit. Our tour-seat with the new, high CustomLine-backrest guarantees a comfortable sitting position. In the full-version, the front seat can be fixed in a centric position and is therefore usable as single-paddler-position. By this, you can also paddle the CL 470 RELAX alone. Thanks to the different configurations everything&#039;s possible - from a lightweight and low priced basic model to full equipped touring kayak.\" \/>\n<meta property=\"og:url\" content=\"https:\/\/www.waterskis.lv\/en\/product\/tandem-kayak-prijon-customline-470-relax\/\" \/>\n<meta property=\"og:site_name\" content=\"WATERSKIS.LV\" \/>\n<meta property=\"article:publisher\" content=\"https:\/\/www.facebook.com\/jurmalawaterskiwakeboardpark\/\" \/>\n<meta property=\"article:modified_time\" content=\"2022-02-07T18:44:17+00:00\" \/>\n<meta property=\"og:image\" content=\"https:\/\/www.waterskis.lv\/wp-content\/uploads\/2021\/03\/prijon-customline-470-relax-basic2.png\" \/>\n\t<meta property=\"og:image:width\" content=\"1000\" \/>\n\t<meta property=\"og:image:height\" content=\"1000\" \/>\n\t<meta property=\"og:image:type\" content=\"image\/png\" \/>\n<meta name=\"twitter:card\" content=\"summary_large_image\" \/>\n<meta name=\"twitter:label1\" content=\"Est. reading time\" \/>\n\t<meta name=\"twitter:data1\" content=\"2 minutes\" \/>\n<script type=\"application\/ld+json\" class=\"yoast-schema-graph\">{\"@context\":\"https:\\\/\\\/schema.org\",\"@graph\":[{\"@type\":\"WebPage\",\"@id\":\"https:\\\/\\\/www.waterskis.lv\\\/en\\\/product\\\/tandem-kayak-prijon-customline-470-relax\\\/\",\"url\":\"https:\\\/\\\/www.waterskis.lv\\\/en\\\/product\\\/tandem-kayak-prijon-customline-470-relax\\\/\",\"name\":\"Tandem kayak PRIJON CUSTOMLINE 470 RELAX - WATERSKIS.LV\",\"isPartOf\":{\"@id\":\"https:\\\/\\\/www.waterskis.lv\\\/en\\\/#website\"},\"primaryImageOfPage\":{\"@id\":\"https:\\\/\\\/www.waterskis.lv\\\/en\\\/product\\\/tandem-kayak-prijon-customline-470-relax\\\/#primaryimage\"},\"image\":{\"@id\":\"https:\\\/\\\/www.waterskis.lv\\\/en\\\/product\\\/tandem-kayak-prijon-customline-470-relax\\\/#primaryimage\"},\"thumbnailUrl\":\"https:\\\/\\\/www.waterskis.lv\\\/wp-content\\\/uploads\\\/2021\\\/11\\\/PrijonCustom470-relax.png\",\"datePublished\":\"2021-11-10T16:33:17+00:00\",\"dateModified\":\"2022-02-07T18:44:17+00:00\",\"description\":\"Tandem kayak PRIJON CUSTOMLINE 470 RELAX is an open double-seater for families and rental stations. Visit waterskis.lv\",\"breadcrumb\":{\"@id\":\"https:\\\/\\\/www.waterskis.lv\\\/en\\\/product\\\/tandem-kayak-prijon-customline-470-relax\\\/#breadcrumb\"},\"inLanguage\":\"en-US\",\"potentialAction\":[{\"@type\":\"ReadAction\",\"target\":[\"https:\\\/\\\/www.waterskis.lv\\\/en\\\/product\\\/tandem-kayak-prijon-customline-470-relax\\\/\"]}]},{\"@type\":\"ImageObject\",\"inLanguage\":\"en-US\",\"@id\":\"https:\\\/\\\/www.waterskis.lv\\\/en\\\/product\\\/tandem-kayak-prijon-customline-470-relax\\\/#primaryimage\",\"url\":\"https:\\\/\\\/www.waterskis.lv\\\/wp-content\\\/uploads\\\/2021\\\/11\\\/PrijonCustom470-relax.png\",\"contentUrl\":\"https:\\\/\\\/www.waterskis.lv\\\/wp-content\\\/uploads\\\/2021\\\/11\\\/PrijonCustom470-relax.png\",\"width\":1000,\"height\":1000,\"caption\":\"Tandem kayak PRIJON CUSTOMLINE 470 RELAX\"},{\"@type\":\"BreadcrumbList\",\"@id\":\"https:\\\/\\\/www.waterskis.lv\\\/en\\\/product\\\/tandem-kayak-prijon-customline-470-relax\\\/#breadcrumb\",\"itemListElement\":[{\"@type\":\"ListItem\",\"position\":1,\"name\":\"Home\",\"item\":\"https:\\\/\\\/www.waterskis.lv\\\/en\\\/\"},{\"@type\":\"ListItem\",\"position\":2,\"name\":\"Shop\",\"item\":\"https:\\\/\\\/waterskis.lv\\\/en\\\/shop\\\/\"},{\"@type\":\"ListItem\",\"position\":3,\"name\":\"Tandem kayak PRIJON CUSTOMLINE 470 RELAX\"}]},{\"@type\":\"WebSite\",\"@id\":\"https:\\\/\\\/www.waterskis.lv\\\/en\\\/#website\",\"url\":\"https:\\\/\\\/www.waterskis.lv\\\/en\\\/\",\"name\":\"WATERSKIS.LV\",\"description\":\"SUP d\u0113\u013ci, kajaki, kanoe, airu laivas, \u016bdenssl\u0113po\u0161ana, veikbords, SUP d\u0113\u013cu noma, kajaku nomaakt\u012bv\u0101s atp\u016btas centrs, laivu noma, sup noma, kajaku noma\",\"publisher\":{\"@id\":\"https:\\\/\\\/www.waterskis.lv\\\/en\\\/#organization\"},\"potentialAction\":[{\"@type\":\"SearchAction\",\"target\":{\"@type\":\"EntryPoint\",\"urlTemplate\":\"https:\\\/\\\/www.waterskis.lv\\\/en\\\/?s={search_term_string}\"},\"query-input\":{\"@type\":\"PropertyValueSpecification\",\"valueRequired\":true,\"valueName\":\"search_term_string\"}}],\"inLanguage\":\"en-US\"},{\"@type\":\"Organization\",\"@id\":\"https:\\\/\\\/www.waterskis.lv\\\/en\\\/#organization\",\"name\":\"WATERSKIS.LV\",\"url\":\"https:\\\/\\\/www.waterskis.lv\\\/en\\\/\",\"logo\":{\"@type\":\"ImageObject\",\"inLanguage\":\"en-US\",\"@id\":\"https:\\\/\\\/www.waterskis.lv\\\/en\\\/#\\\/schema\\\/logo\\\/image\\\/\",\"url\":\"https:\\\/\\\/www.waterskis.lv\\\/wp-content\\\/uploads\\\/2025\\\/01\\\/JUVP-logo.png\",\"contentUrl\":\"https:\\\/\\\/www.waterskis.lv\\\/wp-content\\\/uploads\\\/2025\\\/01\\\/JUVP-logo.png\",\"width\":421,\"height\":202,\"caption\":\"WATERSKIS.LV\"},\"image\":{\"@id\":\"https:\\\/\\\/www.waterskis.lv\\\/en\\\/#\\\/schema\\\/logo\\\/image\\\/\"},\"sameAs\":[\"https:\\\/\\\/www.facebook.com\\\/jurmalawaterskiwakeboardpark\\\/\"]}]}<\/script>\n<!-- \/ Yoast SEO plugin. -->","yoast_head_json":{"title":"Tandem kayak PRIJON CUSTOMLINE 470 RELAX - WATERSKIS.LV","description":"Tandem kayak PRIJON CUSTOMLINE 470 RELAX is an open double-seater for families and rental stations. Visit waterskis.lv","robots":{"index":"index","follow":"follow","max-snippet":"max-snippet:-1","max-image-preview":"max-image-preview:large","max-video-preview":"max-video-preview:-1"},"canonical":"https:\/\/www.waterskis.lv\/en\/product\/tandem-kayak-prijon-customline-470-relax\/","og_locale":"en_US","og_type":"article","og_title":"Tandem kayak PRIJON CUSTOMLINE 470 RELAX","og_description":"The CL 470 RELAX is an open double-seater for families and rental stations. Its main characteristics are a very high stability and easy handling. The combination of a length of 470cm and a moderate rocker enables the CL-RELAX for the sea, lakes and smaller tighter waters. An optional child\u2019s seat can be added fast and will transform the CL-RELAX into an ideal family-kayak. The big cockpit offers an easy entry and exit. Our tour-seat with the new, high CustomLine-backrest guarantees a comfortable sitting position. In the full-version, the front seat can be fixed in a centric position and is therefore usable as single-paddler-position. By this, you can also paddle the CL 470 RELAX alone. Thanks to the different configurations everything's possible - from a lightweight and low priced basic model to full equipped touring kayak.","og_url":"https:\/\/www.waterskis.lv\/en\/product\/tandem-kayak-prijon-customline-470-relax\/","og_site_name":"WATERSKIS.LV","article_publisher":"https:\/\/www.facebook.com\/jurmalawaterskiwakeboardpark\/","article_modified_time":"2022-02-07T18:44:17+00:00","og_image":[{"width":1000,"height":1000,"url":"https:\/\/www.waterskis.lv\/wp-content\/uploads\/2021\/03\/prijon-customline-470-relax-basic2.png","type":"image\/png"}],"twitter_card":"summary_large_image","twitter_misc":{"Est. reading time":"2 minutes"},"schema":{"@context":"https:\/\/schema.org","@graph":[{"@type":"WebPage","@id":"https:\/\/www.waterskis.lv\/en\/product\/tandem-kayak-prijon-customline-470-relax\/","url":"https:\/\/www.waterskis.lv\/en\/product\/tandem-kayak-prijon-customline-470-relax\/","name":"Tandem kayak PRIJON CUSTOMLINE 470 RELAX - WATERSKIS.LV","isPartOf":{"@id":"https:\/\/www.waterskis.lv\/en\/#website"},"primaryImageOfPage":{"@id":"https:\/\/www.waterskis.lv\/en\/product\/tandem-kayak-prijon-customline-470-relax\/#primaryimage"},"image":{"@id":"https:\/\/www.waterskis.lv\/en\/product\/tandem-kayak-prijon-customline-470-relax\/#primaryimage"},"thumbnailUrl":"https:\/\/www.waterskis.lv\/wp-content\/uploads\/2021\/11\/PrijonCustom470-relax.png","datePublished":"2021-11-10T16:33:17+00:00","dateModified":"2022-02-07T18:44:17+00:00","description":"Tandem kayak PRIJON CUSTOMLINE 470 RELAX is an open double-seater for families and rental stations. Visit waterskis.lv","breadcrumb":{"@id":"https:\/\/www.waterskis.lv\/en\/product\/tandem-kayak-prijon-customline-470-relax\/#breadcrumb"},"inLanguage":"en-US","potentialAction":[{"@type":"ReadAction","target":["https:\/\/www.waterskis.lv\/en\/product\/tandem-kayak-prijon-customline-470-relax\/"]}]},{"@type":"ImageObject","inLanguage":"en-US","@id":"https:\/\/www.waterskis.lv\/en\/product\/tandem-kayak-prijon-customline-470-relax\/#primaryimage","url":"https:\/\/www.waterskis.lv\/wp-content\/uploads\/2021\/11\/PrijonCustom470-relax.png","contentUrl":"https:\/\/www.waterskis.lv\/wp-content\/uploads\/2021\/11\/PrijonCustom470-relax.png","width":1000,"height":1000,"caption":"Tandem kayak PRIJON CUSTOMLINE 470 RELAX"},{"@type":"BreadcrumbList","@id":"https:\/\/www.waterskis.lv\/en\/product\/tandem-kayak-prijon-customline-470-relax\/#breadcrumb","itemListElement":[{"@type":"ListItem","position":1,"name":"Home","item":"https:\/\/www.waterskis.lv\/en\/"},{"@type":"ListItem","position":2,"name":"Shop","item":"https:\/\/waterskis.lv\/en\/shop\/"},{"@type":"ListItem","position":3,"name":"Tandem kayak PRIJON CUSTOMLINE 470 RELAX"}]},{"@type":"WebSite","@id":"https:\/\/www.waterskis.lv\/en\/#website","url":"https:\/\/www.waterskis.lv\/en\/","name":"WATERSKIS.LV","description":"SUP d\u0113\u013ci, kajaki, kanoe, airu laivas, \u016bdenssl\u0113po\u0161ana, veikbords, SUP d\u0113\u013cu noma, kajaku nomaakt\u012bv\u0101s atp\u016btas centrs, laivu noma, sup noma, kajaku noma","publisher":{"@id":"https:\/\/www.waterskis.lv\/en\/#organization"},"potentialAction":[{"@type":"SearchAction","target":{"@type":"EntryPoint","urlTemplate":"https:\/\/www.waterskis.lv\/en\/?s={search_term_string}"},"query-input":{"@type":"PropertyValueSpecification","valueRequired":true,"valueName":"search_term_string"}}],"inLanguage":"en-US"},{"@type":"Organization","@id":"https:\/\/www.waterskis.lv\/en\/#organization","name":"WATERSKIS.LV","url":"https:\/\/www.waterskis.lv\/en\/","logo":{"@type":"ImageObject","inLanguage":"en-US","@id":"https:\/\/www.waterskis.lv\/en\/#\/schema\/logo\/image\/","url":"https:\/\/www.waterskis.lv\/wp-content\/uploads\/2025\/01\/JUVP-logo.png","contentUrl":"https:\/\/www.waterskis.lv\/wp-content\/uploads\/2025\/01\/JUVP-logo.png","width":421,"height":202,"caption":"WATERSKIS.LV"},"image":{"@id":"https:\/\/www.waterskis.lv\/en\/#\/schema\/logo\/image\/"},"sameAs":["https:\/\/www.facebook.com\/jurmalawaterskiwakeboardpark\/"]}]}},"_links":{"self":[{"href":"https:\/\/www.waterskis.lv\/en\/wp-json\/wp\/v2\/product\/31945","targetHints":{"allow":["GET"]}}],"collection":[{"href":"https:\/\/www.waterskis.lv\/en\/wp-json\/wp\/v2\/product"}],"about":[{"href":"https:\/\/www.waterskis.lv\/en\/wp-json\/wp\/v2\/types\/product"}],"replies":[{"embeddable":true,"href":"https:\/\/www.waterskis.lv\/en\/wp-json\/wp\/v2\/comments?post=31945"}],"wp:featuredmedia":[{"embeddable":true,"href":"https:\/\/www.waterskis.lv\/en\/wp-json\/wp\/v2\/media\/31948"}],"wp:attachment":[{"href":"https:\/\/www.waterskis.lv\/en\/wp-json\/wp\/v2\/media?parent=31945"}],"wp:term":[{"taxonomy":"product_brand","embeddable":true,"href":"https:\/\/www.waterskis.lv\/en\/wp-json\/wp\/v2\/product_brand?post=31945"},{"taxonomy":"product_cat","embeddable":true,"href":"https:\/\/www.waterskis.lv\/en\/wp-json\/wp\/v2\/product_cat?post=31945"},{"taxonomy":"product_tag","embeddable":true,"href":"https:\/\/www.waterskis.lv\/en\/wp-json\/wp\/v2\/product_tag?post=31945"}],"curies":[{"name":"wp","href":"https:\/\/api.w.org\/{rel}","templated":true}]}}