{"id":32080,"date":"2021-11-15T17:51:27","date_gmt":"2021-11-15T14:51:27","guid":{"rendered":"https:\/\/www.waterskis.lv\/products\/laiva-amber-430-pro-fish\/"},"modified":"2026-02-04T17:42:21","modified_gmt":"2026-02-04T15:42:21","slug":"boat-amber-430-pro-fish","status":"publish","type":"product","link":"https:\/\/www.waterskis.lv\/en\/product\/boat-amber-430-pro-fish\/","title":{"rendered":"Boat AMBER 430 PRO FISH"},"content":{"rendered":"<h1>Boat AMBER 430 PRO FISH<\/h1>\n<p>A real fishing boat<\/p>\n<p>Four-seater, gliding, trimerane fishing boat, especially suitable for fishing, with standard features such as stainless steel wedges, reinforced transom, engine bulkhead, fuel supply, two airtight storage compartments, double raised floor, anchor box, platform side pontoons, moldings, console, steering gear and steering wheel, rotating soft chair, wheels for moving the boat, oars, small storage pocket. The boat is absolutely stable thanks to three wedges, high edges.<\/p>\n<p>Safe and stable boat<\/p>\n<p>Fulfilling the basic principle of our company &#8211; safety and stability &#8211; the space between the hulls of the boat is designed as air tanks (pontoons), which make the boat stable when standing on it and immersed. During safety inspections, the boat is filled with water and the boat cannot be sunk while the driver is in it.<\/p>\n<p>Possibility to connect an engine<\/p>\n<p>The boat AMBER 430 PRO FISH can be equipped with an engine of up to 30 hp, which will ensure fast movement in both inland and coastal waters. The engine power of this new boat can enable boating even in extreme weather conditions.<\/p>\n<p>But it can also be equipped with a built-in fuel tank or fishing equipment holders, a roof awning structure, a console and various running control devices.<\/p>\n<p>If you want something special &#8211; contact us &#8211; we are happy to fulfill non-standard orders.<\/p>\n<p>Technical parameters:<\/p>\n<p>Length: 430 cm<\/p>\n<p>Width: 155 cm<\/p>\n<p>Height: 0.52 m<\/p>\n<p>Number of places: 4<\/p>\n<p>Engine: up to 30 hp<\/p>\n","protected":false},"excerpt":{"rendered":"<p>https:\/\/www.youtube.com\/watch?v=atfM9JHRsD4<\/p>\n<p>https:\/\/www.youtube.com\/watch?v=q51444_spTY&amp;t=26s [&#8230;]<\/p>\n<p><a class=\"btn btn-secondary understrap-read-more-link\" href=\"https:\/\/www.waterskis.lv\/en\/product\/boat-amber-430-pro-fish\/\">Read More&#8230;<\/a><\/p>\n","protected":false},"featured_media":32068,"comment_status":"closed","ping_status":"closed","template":"","meta":{"_acf_changed":false,"inline_featured_image":false},"product_brand":[2766],"product_cat":[571,944],"product_tag":[2769,2770,3337,2771,2772,3339,3340,2773,3391,3341,3342,3343,3392,3344,3345,3346,3347],"class_list":{"0":"post-32080","1":"product","2":"type-product","3":"status-publish","4":"has-post-thumbnail","6":"product_brand-amberlat","7":"product_cat-boats","8":"product_cat-fiberglass-paddle-boats","9":"product_tag-airu-laiva","10":"product_tag-airu-laiva-makskeresanai","11":"product_tag-airu-laivas","12":"product_tag-amber-laivas","13":"product_tag-amberlat","14":"product_tag-boats","15":"product_tag-fiberglass-boats","16":"product_tag-laivas","17":"product_tag-motorlaiva","18":"product_tag-paddle-boats","19":"product_tag-rowing-boats","20":"product_tag-stiklaskiedras-laivas","21":"product_tag-trimarantipa-laiva","22":"product_tag-3344","23":"product_tag-3345","24":"product_tag-3346","25":"product_tag-3347","27":"first","28":"instock","29":"shipping-taxable","30":"purchasable","31":"product-type-simple"},"acf":[],"yoast_head":"<!-- This site is optimized with the Yoast SEO plugin v27.3 - https:\/\/yoast.com\/product\/yoast-seo-wordpress\/ -->\n<title>Boat AMBER 430 PRO FISH - WATERSKIS.LV<\/title>\n<meta name=\"description\" content=\"Boat AMBER 430 PRO FISH - A real fishing boat. A four-seater, gliding, trimaran fishing boat, especially suitable for fishing\" \/>\n<meta name=\"robots\" content=\"index, follow, max-snippet:-1, max-image-preview:large, max-video-preview:-1\" \/>\n<link rel=\"canonical\" href=\"https:\/\/www.waterskis.lv\/en\/product\/boat-amber-430-pro-fish\/\" \/>\n<meta property=\"og:locale\" content=\"en_US\" \/>\n<meta property=\"og:type\" content=\"article\" \/>\n<meta property=\"og:title\" content=\"Boat AMBER 430 PRO FISH\" \/>\n<meta property=\"og:description\" content=\"Real fishing boatFour-seat, gliding, trimeran fishing boat, especially suitable for fishing, with standard features such as stainless steel wedge hoops, reinforced transom, engine bulkhead, fuel supply, two airtight storage compartments, double lifted platform, double lifted for fastening, side pontoons, moldings, console, steering gear and steering wheel, rotating soft chair, wheels for moving the boat, oars, small storage pocket. The boat is absolutely stable thanks to three wedges, high edges.\" \/>\n<meta property=\"og:url\" content=\"https:\/\/www.waterskis.lv\/en\/product\/boat-amber-430-pro-fish\/\" \/>\n<meta property=\"og:site_name\" content=\"WATERSKIS.LV\" \/>\n<meta property=\"article:publisher\" content=\"https:\/\/www.facebook.com\/jurmalawaterskiwakeboardpark\/\" \/>\n<meta property=\"article:modified_time\" content=\"2026-02-04T15:42:21+00:00\" \/>\n<meta property=\"og:image\" content=\"https:\/\/www.waterskis.lv\/wp-content\/uploads\/2021\/11\/AProFish1.jpeg\" \/>\n\t<meta property=\"og:image:width\" content=\"1200\" \/>\n\t<meta property=\"og:image:height\" content=\"900\" \/>\n\t<meta property=\"og:image:type\" content=\"image\/jpeg\" \/>\n<meta name=\"twitter:card\" content=\"summary_large_image\" \/>\n<meta name=\"twitter:label1\" content=\"Est. reading time\" \/>\n\t<meta name=\"twitter:data1\" content=\"2 minutes\" \/>\n<script type=\"application\/ld+json\" class=\"yoast-schema-graph\">{\"@context\":\"https:\\\/\\\/schema.org\",\"@graph\":[{\"@type\":\"WebPage\",\"@id\":\"https:\\\/\\\/www.waterskis.lv\\\/en\\\/product\\\/boat-amber-430-pro-fish\\\/\",\"url\":\"https:\\\/\\\/www.waterskis.lv\\\/en\\\/product\\\/boat-amber-430-pro-fish\\\/\",\"name\":\"Boat AMBER 430 PRO FISH - WATERSKIS.LV\",\"isPartOf\":{\"@id\":\"https:\\\/\\\/www.waterskis.lv\\\/en\\\/#website\"},\"primaryImageOfPage\":{\"@id\":\"https:\\\/\\\/www.waterskis.lv\\\/en\\\/product\\\/boat-amber-430-pro-fish\\\/#primaryimage\"},\"image\":{\"@id\":\"https:\\\/\\\/www.waterskis.lv\\\/en\\\/product\\\/boat-amber-430-pro-fish\\\/#primaryimage\"},\"thumbnailUrl\":\"https:\\\/\\\/www.waterskis.lv\\\/wp-content\\\/uploads\\\/2021\\\/11\\\/AProFish.jpeg\",\"datePublished\":\"2021-11-15T14:51:27+00:00\",\"dateModified\":\"2026-02-04T15:42:21+00:00\",\"description\":\"Boat AMBER 430 PRO FISH - A real fishing boat. A four-seater, gliding, trimaran fishing boat, especially suitable for fishing\",\"breadcrumb\":{\"@id\":\"https:\\\/\\\/www.waterskis.lv\\\/en\\\/product\\\/boat-amber-430-pro-fish\\\/#breadcrumb\"},\"inLanguage\":\"en-US\",\"potentialAction\":[{\"@type\":\"ReadAction\",\"target\":[\"https:\\\/\\\/www.waterskis.lv\\\/en\\\/product\\\/boat-amber-430-pro-fish\\\/\"]}]},{\"@type\":\"ImageObject\",\"inLanguage\":\"en-US\",\"@id\":\"https:\\\/\\\/www.waterskis.lv\\\/en\\\/product\\\/boat-amber-430-pro-fish\\\/#primaryimage\",\"url\":\"https:\\\/\\\/www.waterskis.lv\\\/wp-content\\\/uploads\\\/2021\\\/11\\\/AProFish.jpeg\",\"contentUrl\":\"https:\\\/\\\/www.waterskis.lv\\\/wp-content\\\/uploads\\\/2021\\\/11\\\/AProFish.jpeg\",\"width\":1200,\"height\":900,\"caption\":\"Boat AMBER 430 PRO FISH\"},{\"@type\":\"BreadcrumbList\",\"@id\":\"https:\\\/\\\/www.waterskis.lv\\\/en\\\/product\\\/boat-amber-430-pro-fish\\\/#breadcrumb\",\"itemListElement\":[{\"@type\":\"ListItem\",\"position\":1,\"name\":\"Home\",\"item\":\"https:\\\/\\\/www.waterskis.lv\\\/en\\\/\"},{\"@type\":\"ListItem\",\"position\":2,\"name\":\"Shop\",\"item\":\"https:\\\/\\\/waterskis.lv\\\/en\\\/shop\\\/\"},{\"@type\":\"ListItem\",\"position\":3,\"name\":\"Boat AMBER 430 PRO FISH\"}]},{\"@type\":\"WebSite\",\"@id\":\"https:\\\/\\\/www.waterskis.lv\\\/en\\\/#website\",\"url\":\"https:\\\/\\\/www.waterskis.lv\\\/en\\\/\",\"name\":\"WATERSKIS.LV\",\"description\":\"SUP d\u0113\u013ci, kajaki, kanoe, airu laivas, \u016bdenssl\u0113po\u0161ana, veikbords, SUP d\u0113\u013cu noma, kajaku nomaakt\u012bv\u0101s atp\u016btas centrs, laivu noma, sup noma, kajaku noma\",\"publisher\":{\"@id\":\"https:\\\/\\\/www.waterskis.lv\\\/en\\\/#organization\"},\"potentialAction\":[{\"@type\":\"SearchAction\",\"target\":{\"@type\":\"EntryPoint\",\"urlTemplate\":\"https:\\\/\\\/www.waterskis.lv\\\/en\\\/?s={search_term_string}\"},\"query-input\":{\"@type\":\"PropertyValueSpecification\",\"valueRequired\":true,\"valueName\":\"search_term_string\"}}],\"inLanguage\":\"en-US\"},{\"@type\":\"Organization\",\"@id\":\"https:\\\/\\\/www.waterskis.lv\\\/en\\\/#organization\",\"name\":\"WATERSKIS.LV\",\"url\":\"https:\\\/\\\/www.waterskis.lv\\\/en\\\/\",\"logo\":{\"@type\":\"ImageObject\",\"inLanguage\":\"en-US\",\"@id\":\"https:\\\/\\\/www.waterskis.lv\\\/en\\\/#\\\/schema\\\/logo\\\/image\\\/\",\"url\":\"https:\\\/\\\/www.waterskis.lv\\\/wp-content\\\/uploads\\\/2025\\\/01\\\/JUVP-logo.png\",\"contentUrl\":\"https:\\\/\\\/www.waterskis.lv\\\/wp-content\\\/uploads\\\/2025\\\/01\\\/JUVP-logo.png\",\"width\":421,\"height\":202,\"caption\":\"WATERSKIS.LV\"},\"image\":{\"@id\":\"https:\\\/\\\/www.waterskis.lv\\\/en\\\/#\\\/schema\\\/logo\\\/image\\\/\"},\"sameAs\":[\"https:\\\/\\\/www.facebook.com\\\/jurmalawaterskiwakeboardpark\\\/\"]}]}<\/script>\n<!-- \/ Yoast SEO plugin. -->","yoast_head_json":{"title":"Boat AMBER 430 PRO FISH - WATERSKIS.LV","description":"Boat AMBER 430 PRO FISH - A real fishing boat. A four-seater, gliding, trimaran fishing boat, especially suitable for fishing","robots":{"index":"index","follow":"follow","max-snippet":"max-snippet:-1","max-image-preview":"max-image-preview:large","max-video-preview":"max-video-preview:-1"},"canonical":"https:\/\/www.waterskis.lv\/en\/product\/boat-amber-430-pro-fish\/","og_locale":"en_US","og_type":"article","og_title":"Boat AMBER 430 PRO FISH","og_description":"Real fishing boatFour-seat, gliding, trimeran fishing boat, especially suitable for fishing, with standard features such as stainless steel wedge hoops, reinforced transom, engine bulkhead, fuel supply, two airtight storage compartments, double lifted platform, double lifted for fastening, side pontoons, moldings, console, steering gear and steering wheel, rotating soft chair, wheels for moving the boat, oars, small storage pocket. The boat is absolutely stable thanks to three wedges, high edges.","og_url":"https:\/\/www.waterskis.lv\/en\/product\/boat-amber-430-pro-fish\/","og_site_name":"WATERSKIS.LV","article_publisher":"https:\/\/www.facebook.com\/jurmalawaterskiwakeboardpark\/","article_modified_time":"2026-02-04T15:42:21+00:00","og_image":[{"width":1200,"height":900,"url":"https:\/\/www.waterskis.lv\/wp-content\/uploads\/2021\/11\/AProFish1.jpeg","type":"image\/jpeg"}],"twitter_card":"summary_large_image","twitter_misc":{"Est. reading time":"2 minutes"},"schema":{"@context":"https:\/\/schema.org","@graph":[{"@type":"WebPage","@id":"https:\/\/www.waterskis.lv\/en\/product\/boat-amber-430-pro-fish\/","url":"https:\/\/www.waterskis.lv\/en\/product\/boat-amber-430-pro-fish\/","name":"Boat AMBER 430 PRO FISH - WATERSKIS.LV","isPartOf":{"@id":"https:\/\/www.waterskis.lv\/en\/#website"},"primaryImageOfPage":{"@id":"https:\/\/www.waterskis.lv\/en\/product\/boat-amber-430-pro-fish\/#primaryimage"},"image":{"@id":"https:\/\/www.waterskis.lv\/en\/product\/boat-amber-430-pro-fish\/#primaryimage"},"thumbnailUrl":"https:\/\/www.waterskis.lv\/wp-content\/uploads\/2021\/11\/AProFish.jpeg","datePublished":"2021-11-15T14:51:27+00:00","dateModified":"2026-02-04T15:42:21+00:00","description":"Boat AMBER 430 PRO FISH - A real fishing boat. A four-seater, gliding, trimaran fishing boat, especially suitable for fishing","breadcrumb":{"@id":"https:\/\/www.waterskis.lv\/en\/product\/boat-amber-430-pro-fish\/#breadcrumb"},"inLanguage":"en-US","potentialAction":[{"@type":"ReadAction","target":["https:\/\/www.waterskis.lv\/en\/product\/boat-amber-430-pro-fish\/"]}]},{"@type":"ImageObject","inLanguage":"en-US","@id":"https:\/\/www.waterskis.lv\/en\/product\/boat-amber-430-pro-fish\/#primaryimage","url":"https:\/\/www.waterskis.lv\/wp-content\/uploads\/2021\/11\/AProFish.jpeg","contentUrl":"https:\/\/www.waterskis.lv\/wp-content\/uploads\/2021\/11\/AProFish.jpeg","width":1200,"height":900,"caption":"Boat AMBER 430 PRO FISH"},{"@type":"BreadcrumbList","@id":"https:\/\/www.waterskis.lv\/en\/product\/boat-amber-430-pro-fish\/#breadcrumb","itemListElement":[{"@type":"ListItem","position":1,"name":"Home","item":"https:\/\/www.waterskis.lv\/en\/"},{"@type":"ListItem","position":2,"name":"Shop","item":"https:\/\/waterskis.lv\/en\/shop\/"},{"@type":"ListItem","position":3,"name":"Boat AMBER 430 PRO FISH"}]},{"@type":"WebSite","@id":"https:\/\/www.waterskis.lv\/en\/#website","url":"https:\/\/www.waterskis.lv\/en\/","name":"WATERSKIS.LV","description":"SUP d\u0113\u013ci, kajaki, kanoe, airu laivas, \u016bdenssl\u0113po\u0161ana, veikbords, SUP d\u0113\u013cu noma, kajaku nomaakt\u012bv\u0101s atp\u016btas centrs, laivu noma, sup noma, kajaku noma","publisher":{"@id":"https:\/\/www.waterskis.lv\/en\/#organization"},"potentialAction":[{"@type":"SearchAction","target":{"@type":"EntryPoint","urlTemplate":"https:\/\/www.waterskis.lv\/en\/?s={search_term_string}"},"query-input":{"@type":"PropertyValueSpecification","valueRequired":true,"valueName":"search_term_string"}}],"inLanguage":"en-US"},{"@type":"Organization","@id":"https:\/\/www.waterskis.lv\/en\/#organization","name":"WATERSKIS.LV","url":"https:\/\/www.waterskis.lv\/en\/","logo":{"@type":"ImageObject","inLanguage":"en-US","@id":"https:\/\/www.waterskis.lv\/en\/#\/schema\/logo\/image\/","url":"https:\/\/www.waterskis.lv\/wp-content\/uploads\/2025\/01\/JUVP-logo.png","contentUrl":"https:\/\/www.waterskis.lv\/wp-content\/uploads\/2025\/01\/JUVP-logo.png","width":421,"height":202,"caption":"WATERSKIS.LV"},"image":{"@id":"https:\/\/www.waterskis.lv\/en\/#\/schema\/logo\/image\/"},"sameAs":["https:\/\/www.facebook.com\/jurmalawaterskiwakeboardpark\/"]}]}},"_links":{"self":[{"href":"https:\/\/www.waterskis.lv\/en\/wp-json\/wp\/v2\/product\/32080","targetHints":{"allow":["GET"]}}],"collection":[{"href":"https:\/\/www.waterskis.lv\/en\/wp-json\/wp\/v2\/product"}],"about":[{"href":"https:\/\/www.waterskis.lv\/en\/wp-json\/wp\/v2\/types\/product"}],"replies":[{"embeddable":true,"href":"https:\/\/www.waterskis.lv\/en\/wp-json\/wp\/v2\/comments?post=32080"}],"wp:featuredmedia":[{"embeddable":true,"href":"https:\/\/www.waterskis.lv\/en\/wp-json\/wp\/v2\/media\/32068"}],"wp:attachment":[{"href":"https:\/\/www.waterskis.lv\/en\/wp-json\/wp\/v2\/media?parent=32080"}],"wp:term":[{"taxonomy":"product_brand","embeddable":true,"href":"https:\/\/www.waterskis.lv\/en\/wp-json\/wp\/v2\/product_brand?post=32080"},{"taxonomy":"product_cat","embeddable":true,"href":"https:\/\/www.waterskis.lv\/en\/wp-json\/wp\/v2\/product_cat?post=32080"},{"taxonomy":"product_tag","embeddable":true,"href":"https:\/\/www.waterskis.lv\/en\/wp-json\/wp\/v2\/product_tag?post=32080"}],"curies":[{"name":"wp","href":"https:\/\/api.w.org\/{rel}","templated":true}]}}