{"id":32090,"date":"2021-11-15T18:38:57","date_gmt":"2021-11-15T15:38:57","guid":{"rendered":"https:\/\/www.waterskis.lv\/products\/laiva-amber-430-aligator\/"},"modified":"2026-02-04T17:14:30","modified_gmt":"2026-02-04T15:14:30","slug":"boat-amber-430-aligator","status":"publish","type":"product","link":"https:\/\/www.waterskis.lv\/en\/product\/boat-amber-430-aligator\/","title":{"rendered":"Boat AMBER 430 ALIGATOR"},"content":{"rendered":"<h1>Boat AMBER 430 ALIGATOR<\/h1>\n<p>Boat AMBER 430 ALIGATOR<\/p>\n<p>Comfort fishing boat<\/p>\n<p>A four-seater, gliding, trimeran fishing boat, especially suitable for recreation and fishing, with standard features such as a flat floor, a rotating seat with a soft base and various fishing accessories. It can also be equipped with different types of consoles. The boat has 5 storage compartments. The boat is absolutely stable thanks to three wedges, high edges.<\/p>\n<p>Safe and stable boat<\/p>\n<p>Fulfilling the basic principle of our company &#8211; safety and stability &#8211; the space between the hulls of the boat is designed as air tanks (pontoons), which make the boat stable when standing on it and immersed. During safety inspections, the boat is filled with water and the boat cannot be sunk while the driver is in it.<\/p>\n<p>Possibility to connect an engine<\/p>\n<p>The boat can be equipped with an engine of up to 30 hp, which will ensure fast movement in both inland and coastal waters. The engine power of this new boat can enable boating even in extreme weather conditions.<\/p>\n<p>Basic model and additional options<\/p>\n<p>The standard boat AMBER 430 ALIGATOR is equipped with stainless steel rails, five luggage compartments, double floor, hard bow (for attaching iPilot), molding, four stubs, engine bulkhead and reinforced transom, fuel supply, two floodlights, echo sounder mount, two fishing rod holders, water drain.<\/p>\n<p>But it can also be equipped with a built-in fuel tank or fishing equipment holders, a roof awning structure, a console and various running control devices.<\/p>\n<p>If you want something special &#8211; contact us &#8211; we are happy to fulfill non-standard orders.<\/p>\n<p>Technical parameters:<\/p>\n<p>Length: 430 cm<\/p>\n<p>Width: 155 cm<\/p>\n<p>Height: 0.52 m<\/p>\n<p>Number of places: 4<\/p>\n<p>Engine: up to 30 hp<\/p>\n<p><img decoding=\"async\" src=\"https:\/\/site-357498.mozfiles.com\/files\/357498\/medium\/Copy_of_430aligator__3_.jpg\" alt=\"Copy_of_430aligator__3_.jpg\" \/><\/p>\n<p><img decoding=\"async\" src=\"https:\/\/site-357498.mozfiles.com\/files\/357498\/medium\/Copy_of_430aligator__2_.jpg\" alt=\"Copy_of_430aligator__2_.jpg\" \/><\/p>\n","protected":false},"excerpt":{"rendered":"<p><img decoding=\"async\" src=\"https:\/\/site-357498.mozfiles.com\/files\/357498\/medium\/Copy_of_430aligator__3_.jpg\" alt=\"Copy_of_430aligator__3_.jpg\" \/> [&#8230;]<\/p>\n<p><a class=\"btn btn-secondary understrap-read-more-link\" href=\"https:\/\/www.waterskis.lv\/en\/product\/boat-amber-430-aligator\/\">Read More&#8230;<\/a><\/p>\n","protected":false},"featured_media":32085,"comment_status":"closed","ping_status":"closed","template":"","meta":{"_acf_changed":false,"inline_featured_image":false},"product_brand":[2766],"product_cat":[571,944],"product_tag":[2769,2770,3337,2771,2772,3339,3340,2773,3341,3342,3343,3392,3344,3345,3346,3347],"class_list":{"0":"post-32090","1":"product","2":"type-product","3":"status-publish","4":"has-post-thumbnail","6":"product_brand-amberlat","7":"product_cat-boats","8":"product_cat-fiberglass-paddle-boats","9":"product_tag-airu-laiva","10":"product_tag-airu-laiva-makskeresanai","11":"product_tag-airu-laivas","12":"product_tag-amber-laivas","13":"product_tag-amberlat","14":"product_tag-boats","15":"product_tag-fiberglass-boats","16":"product_tag-laivas","17":"product_tag-paddle-boats","18":"product_tag-rowing-boats","19":"product_tag-stiklaskiedras-laivas","20":"product_tag-trimarantipa-laiva","21":"product_tag-3344","22":"product_tag-3345","23":"product_tag-3346","24":"product_tag-3347","26":"first","27":"instock","28":"shipping-taxable","29":"purchasable","30":"product-type-simple"},"acf":[],"yoast_head":"<!-- This site is optimized with the Yoast SEO plugin v27.3 - https:\/\/yoast.com\/product\/yoast-seo-wordpress\/ -->\n<title>Boat AMBER 430 ALIGATOR - WATERSKIS.LV<\/title>\n<meta name=\"description\" content=\"Boat AMBER 430 ALIGATOR A four-seater, gliding, trimaran fishing boat, especially suitable for recreation and fishing, with flat floor\" \/>\n<meta name=\"robots\" content=\"index, follow, max-snippet:-1, max-image-preview:large, max-video-preview:-1\" \/>\n<link rel=\"canonical\" href=\"https:\/\/www.waterskis.lv\/en\/product\/boat-amber-430-aligator\/\" \/>\n<meta property=\"og:locale\" content=\"en_US\" \/>\n<meta property=\"og:type\" content=\"article\" \/>\n<meta property=\"og:title\" content=\"Boat AMBER 430 ALIGATOR\" \/>\n<meta property=\"og:description\" content=\"Boat AMBER 430 ALIGATOR Fishing boat-comfort Four-seater, gliding, trimeran fishing boat, especially suitable for recreation and fishing, with standard features such as flat floor, swivel seat with soft bottom and various fishing accessories. It can also be equipped with various types of consoles. The boat has 5 storage compartments. The boat is absolutely stable thanks to its three wedges, high edges.\" \/>\n<meta property=\"og:url\" content=\"https:\/\/www.waterskis.lv\/en\/product\/boat-amber-430-aligator\/\" \/>\n<meta property=\"og:site_name\" content=\"WATERSKIS.LV\" \/>\n<meta property=\"article:publisher\" content=\"https:\/\/www.facebook.com\/jurmalawaterskiwakeboardpark\/\" \/>\n<meta property=\"article:modified_time\" content=\"2026-02-04T15:14:30+00:00\" \/>\n<meta property=\"og:image\" content=\"https:\/\/www.waterskis.lv\/wp-content\/uploads\/2021\/11\/AAligator.jpeg\" \/>\n\t<meta property=\"og:image:width\" content=\"675\" \/>\n\t<meta property=\"og:image:height\" content=\"900\" \/>\n\t<meta property=\"og:image:type\" content=\"image\/jpeg\" \/>\n<meta name=\"twitter:card\" content=\"summary_large_image\" \/>\n<meta name=\"twitter:label1\" content=\"Est. reading time\" \/>\n\t<meta name=\"twitter:data1\" content=\"3 minutes\" \/>\n<script type=\"application\/ld+json\" class=\"yoast-schema-graph\">{\"@context\":\"https:\\\/\\\/schema.org\",\"@graph\":[{\"@type\":\"WebPage\",\"@id\":\"https:\\\/\\\/www.waterskis.lv\\\/en\\\/product\\\/boat-amber-430-aligator\\\/\",\"url\":\"https:\\\/\\\/www.waterskis.lv\\\/en\\\/product\\\/boat-amber-430-aligator\\\/\",\"name\":\"Boat AMBER 430 ALIGATOR - WATERSKIS.LV\",\"isPartOf\":{\"@id\":\"https:\\\/\\\/www.waterskis.lv\\\/en\\\/#website\"},\"primaryImageOfPage\":{\"@id\":\"https:\\\/\\\/www.waterskis.lv\\\/en\\\/product\\\/boat-amber-430-aligator\\\/#primaryimage\"},\"image\":{\"@id\":\"https:\\\/\\\/www.waterskis.lv\\\/en\\\/product\\\/boat-amber-430-aligator\\\/#primaryimage\"},\"thumbnailUrl\":\"https:\\\/\\\/www.waterskis.lv\\\/wp-content\\\/uploads\\\/2021\\\/11\\\/AAligator.jpeg\",\"datePublished\":\"2021-11-15T15:38:57+00:00\",\"dateModified\":\"2026-02-04T15:14:30+00:00\",\"description\":\"Boat AMBER 430 ALIGATOR A four-seater, gliding, trimaran fishing boat, especially suitable for recreation and fishing, with flat floor\",\"breadcrumb\":{\"@id\":\"https:\\\/\\\/www.waterskis.lv\\\/en\\\/product\\\/boat-amber-430-aligator\\\/#breadcrumb\"},\"inLanguage\":\"en-US\",\"potentialAction\":[{\"@type\":\"ReadAction\",\"target\":[\"https:\\\/\\\/www.waterskis.lv\\\/en\\\/product\\\/boat-amber-430-aligator\\\/\"]}]},{\"@type\":\"ImageObject\",\"inLanguage\":\"en-US\",\"@id\":\"https:\\\/\\\/www.waterskis.lv\\\/en\\\/product\\\/boat-amber-430-aligator\\\/#primaryimage\",\"url\":\"https:\\\/\\\/www.waterskis.lv\\\/wp-content\\\/uploads\\\/2021\\\/11\\\/AAligator.jpeg\",\"contentUrl\":\"https:\\\/\\\/www.waterskis.lv\\\/wp-content\\\/uploads\\\/2021\\\/11\\\/AAligator.jpeg\",\"width\":675,\"height\":900,\"caption\":\"Boat AMBER 430 ALIGATOR\"},{\"@type\":\"BreadcrumbList\",\"@id\":\"https:\\\/\\\/www.waterskis.lv\\\/en\\\/product\\\/boat-amber-430-aligator\\\/#breadcrumb\",\"itemListElement\":[{\"@type\":\"ListItem\",\"position\":1,\"name\":\"Home\",\"item\":\"https:\\\/\\\/www.waterskis.lv\\\/en\\\/\"},{\"@type\":\"ListItem\",\"position\":2,\"name\":\"Shop\",\"item\":\"https:\\\/\\\/waterskis.lv\\\/en\\\/shop\\\/\"},{\"@type\":\"ListItem\",\"position\":3,\"name\":\"Boat AMBER 430 ALIGATOR\"}]},{\"@type\":\"WebSite\",\"@id\":\"https:\\\/\\\/www.waterskis.lv\\\/en\\\/#website\",\"url\":\"https:\\\/\\\/www.waterskis.lv\\\/en\\\/\",\"name\":\"WATERSKIS.LV\",\"description\":\"SUP d\u0113\u013ci, kajaki, kanoe, airu laivas, \u016bdenssl\u0113po\u0161ana, veikbords, SUP d\u0113\u013cu noma, kajaku nomaakt\u012bv\u0101s atp\u016btas centrs, laivu noma, sup noma, kajaku noma\",\"publisher\":{\"@id\":\"https:\\\/\\\/www.waterskis.lv\\\/en\\\/#organization\"},\"potentialAction\":[{\"@type\":\"SearchAction\",\"target\":{\"@type\":\"EntryPoint\",\"urlTemplate\":\"https:\\\/\\\/www.waterskis.lv\\\/en\\\/?s={search_term_string}\"},\"query-input\":{\"@type\":\"PropertyValueSpecification\",\"valueRequired\":true,\"valueName\":\"search_term_string\"}}],\"inLanguage\":\"en-US\"},{\"@type\":\"Organization\",\"@id\":\"https:\\\/\\\/www.waterskis.lv\\\/en\\\/#organization\",\"name\":\"WATERSKIS.LV\",\"url\":\"https:\\\/\\\/www.waterskis.lv\\\/en\\\/\",\"logo\":{\"@type\":\"ImageObject\",\"inLanguage\":\"en-US\",\"@id\":\"https:\\\/\\\/www.waterskis.lv\\\/en\\\/#\\\/schema\\\/logo\\\/image\\\/\",\"url\":\"https:\\\/\\\/www.waterskis.lv\\\/wp-content\\\/uploads\\\/2025\\\/01\\\/JUVP-logo.png\",\"contentUrl\":\"https:\\\/\\\/www.waterskis.lv\\\/wp-content\\\/uploads\\\/2025\\\/01\\\/JUVP-logo.png\",\"width\":421,\"height\":202,\"caption\":\"WATERSKIS.LV\"},\"image\":{\"@id\":\"https:\\\/\\\/www.waterskis.lv\\\/en\\\/#\\\/schema\\\/logo\\\/image\\\/\"},\"sameAs\":[\"https:\\\/\\\/www.facebook.com\\\/jurmalawaterskiwakeboardpark\\\/\"]}]}<\/script>\n<!-- \/ Yoast SEO plugin. -->","yoast_head_json":{"title":"Boat AMBER 430 ALIGATOR - WATERSKIS.LV","description":"Boat AMBER 430 ALIGATOR A four-seater, gliding, trimaran fishing boat, especially suitable for recreation and fishing, with flat floor","robots":{"index":"index","follow":"follow","max-snippet":"max-snippet:-1","max-image-preview":"max-image-preview:large","max-video-preview":"max-video-preview:-1"},"canonical":"https:\/\/www.waterskis.lv\/en\/product\/boat-amber-430-aligator\/","og_locale":"en_US","og_type":"article","og_title":"Boat AMBER 430 ALIGATOR","og_description":"Boat AMBER 430 ALIGATOR Fishing boat-comfort Four-seater, gliding, trimeran fishing boat, especially suitable for recreation and fishing, with standard features such as flat floor, swivel seat with soft bottom and various fishing accessories. It can also be equipped with various types of consoles. The boat has 5 storage compartments. The boat is absolutely stable thanks to its three wedges, high edges.","og_url":"https:\/\/www.waterskis.lv\/en\/product\/boat-amber-430-aligator\/","og_site_name":"WATERSKIS.LV","article_publisher":"https:\/\/www.facebook.com\/jurmalawaterskiwakeboardpark\/","article_modified_time":"2026-02-04T15:14:30+00:00","og_image":[{"width":675,"height":900,"url":"https:\/\/www.waterskis.lv\/wp-content\/uploads\/2021\/11\/AAligator.jpeg","type":"image\/jpeg"}],"twitter_card":"summary_large_image","twitter_misc":{"Est. reading time":"3 minutes"},"schema":{"@context":"https:\/\/schema.org","@graph":[{"@type":"WebPage","@id":"https:\/\/www.waterskis.lv\/en\/product\/boat-amber-430-aligator\/","url":"https:\/\/www.waterskis.lv\/en\/product\/boat-amber-430-aligator\/","name":"Boat AMBER 430 ALIGATOR - WATERSKIS.LV","isPartOf":{"@id":"https:\/\/www.waterskis.lv\/en\/#website"},"primaryImageOfPage":{"@id":"https:\/\/www.waterskis.lv\/en\/product\/boat-amber-430-aligator\/#primaryimage"},"image":{"@id":"https:\/\/www.waterskis.lv\/en\/product\/boat-amber-430-aligator\/#primaryimage"},"thumbnailUrl":"https:\/\/www.waterskis.lv\/wp-content\/uploads\/2021\/11\/AAligator.jpeg","datePublished":"2021-11-15T15:38:57+00:00","dateModified":"2026-02-04T15:14:30+00:00","description":"Boat AMBER 430 ALIGATOR A four-seater, gliding, trimaran fishing boat, especially suitable for recreation and fishing, with flat floor","breadcrumb":{"@id":"https:\/\/www.waterskis.lv\/en\/product\/boat-amber-430-aligator\/#breadcrumb"},"inLanguage":"en-US","potentialAction":[{"@type":"ReadAction","target":["https:\/\/www.waterskis.lv\/en\/product\/boat-amber-430-aligator\/"]}]},{"@type":"ImageObject","inLanguage":"en-US","@id":"https:\/\/www.waterskis.lv\/en\/product\/boat-amber-430-aligator\/#primaryimage","url":"https:\/\/www.waterskis.lv\/wp-content\/uploads\/2021\/11\/AAligator.jpeg","contentUrl":"https:\/\/www.waterskis.lv\/wp-content\/uploads\/2021\/11\/AAligator.jpeg","width":675,"height":900,"caption":"Boat AMBER 430 ALIGATOR"},{"@type":"BreadcrumbList","@id":"https:\/\/www.waterskis.lv\/en\/product\/boat-amber-430-aligator\/#breadcrumb","itemListElement":[{"@type":"ListItem","position":1,"name":"Home","item":"https:\/\/www.waterskis.lv\/en\/"},{"@type":"ListItem","position":2,"name":"Shop","item":"https:\/\/waterskis.lv\/en\/shop\/"},{"@type":"ListItem","position":3,"name":"Boat AMBER 430 ALIGATOR"}]},{"@type":"WebSite","@id":"https:\/\/www.waterskis.lv\/en\/#website","url":"https:\/\/www.waterskis.lv\/en\/","name":"WATERSKIS.LV","description":"SUP d\u0113\u013ci, kajaki, kanoe, airu laivas, \u016bdenssl\u0113po\u0161ana, veikbords, SUP d\u0113\u013cu noma, kajaku nomaakt\u012bv\u0101s atp\u016btas centrs, laivu noma, sup noma, kajaku noma","publisher":{"@id":"https:\/\/www.waterskis.lv\/en\/#organization"},"potentialAction":[{"@type":"SearchAction","target":{"@type":"EntryPoint","urlTemplate":"https:\/\/www.waterskis.lv\/en\/?s={search_term_string}"},"query-input":{"@type":"PropertyValueSpecification","valueRequired":true,"valueName":"search_term_string"}}],"inLanguage":"en-US"},{"@type":"Organization","@id":"https:\/\/www.waterskis.lv\/en\/#organization","name":"WATERSKIS.LV","url":"https:\/\/www.waterskis.lv\/en\/","logo":{"@type":"ImageObject","inLanguage":"en-US","@id":"https:\/\/www.waterskis.lv\/en\/#\/schema\/logo\/image\/","url":"https:\/\/www.waterskis.lv\/wp-content\/uploads\/2025\/01\/JUVP-logo.png","contentUrl":"https:\/\/www.waterskis.lv\/wp-content\/uploads\/2025\/01\/JUVP-logo.png","width":421,"height":202,"caption":"WATERSKIS.LV"},"image":{"@id":"https:\/\/www.waterskis.lv\/en\/#\/schema\/logo\/image\/"},"sameAs":["https:\/\/www.facebook.com\/jurmalawaterskiwakeboardpark\/"]}]}},"_links":{"self":[{"href":"https:\/\/www.waterskis.lv\/en\/wp-json\/wp\/v2\/product\/32090","targetHints":{"allow":["GET"]}}],"collection":[{"href":"https:\/\/www.waterskis.lv\/en\/wp-json\/wp\/v2\/product"}],"about":[{"href":"https:\/\/www.waterskis.lv\/en\/wp-json\/wp\/v2\/types\/product"}],"replies":[{"embeddable":true,"href":"https:\/\/www.waterskis.lv\/en\/wp-json\/wp\/v2\/comments?post=32090"}],"wp:featuredmedia":[{"embeddable":true,"href":"https:\/\/www.waterskis.lv\/en\/wp-json\/wp\/v2\/media\/32085"}],"wp:attachment":[{"href":"https:\/\/www.waterskis.lv\/en\/wp-json\/wp\/v2\/media?parent=32090"}],"wp:term":[{"taxonomy":"product_brand","embeddable":true,"href":"https:\/\/www.waterskis.lv\/en\/wp-json\/wp\/v2\/product_brand?post=32090"},{"taxonomy":"product_cat","embeddable":true,"href":"https:\/\/www.waterskis.lv\/en\/wp-json\/wp\/v2\/product_cat?post=32090"},{"taxonomy":"product_tag","embeddable":true,"href":"https:\/\/www.waterskis.lv\/en\/wp-json\/wp\/v2\/product_tag?post=32090"}],"curies":[{"name":"wp","href":"https:\/\/api.w.org\/{rel}","templated":true}]}}