{"id":33090,"date":"2021-12-16T20:39:17","date_gmt":"2021-12-16T17:39:17","guid":{"rendered":"https:\/\/www.waterskis.lv\/products\/hermetisks-maiss-hiko-rover-5-l\/"},"modified":"2022-04-02T12:40:44","modified_gmt":"2022-04-02T09:40:44","slug":"dry-bag-hiko-rover-5-l","status":"publish","type":"product","link":"https:\/\/www.waterskis.lv\/en\/product\/dry-bag-hiko-rover-5-l\/","title":{"rendered":"Dry bag HIKO ROVER 5 l"},"content":{"rendered":"<p>Dry bag HIKO ROVER 5 l<\/p>\n<p>Dry bag for general purposes. Abrasion resistant and very durable.<\/p>\n<table class=\"block_content2 table-data-sheet\">\n<tbody>\n<tr class=\"odd\">\n<td>Type<\/td>\n<td>Dry bag<\/td>\n<\/tr>\n<tr class=\"even\">\n<td>Width<\/td>\n<td>27,5 cm<\/td>\n<\/tr>\n<tr class=\"odd\">\n<td>Height<\/td>\n<td>43 cm<\/td>\n<\/tr>\n<tr class=\"even\">\n<td>Volume<\/td>\n<td>5 L<\/td>\n<\/tr>\n<tr class=\"odd\">\n<td>Country of origin<\/td>\n<td>Czech Republic<\/td>\n<\/tr>\n<\/tbody>\n<\/table>\n<p>Color: grey<\/p>\n<p>Dry bag HIKO ROVER 5 l<\/p>\n<p>This bag for general purposes is abrasion resistant and very durable.<strong><br \/>\n<\/strong><\/p>\n<p>&#8211;\u00a0100% dry.<\/p>\n<p>&#8211; Durable high denier fabric with PVC coating.<\/p>\n<p>&#8211;\u00a0Adjustable shoulder strap for easy transport.<\/p>\n<p>Super durable PU dry bag with a sleek matte black finish. Keep dry stuff away from wet or wet stuff away from dry.<br \/>\nROVER\u00a0is the perfect barrier between dry and wet environment.<\/p>\n<p>The bag is made from high denier fabric with PU coating which makes it\u00a0an extremely durable waterproof bag, but still treat it nicely.<\/p>\n<p>Hide your camera, phone or a towel in this waterproof bag. Transport\u00a0wet gear in a car trunk, or inside a backpack, full of dry clothes without concern. Store food and clothes safely in a kayak without getting any moisture on them. Use as a pillow. Fill with ice and bring it to a beach party, or\u00a0carry it alone as a waterproof backpack. It can act as a waterproof phone puch, or secure storage area for your camera. You get the idea.<\/p>\n<p><strong>ATTENTION:<\/strong>\u00a0to make sure the bag is properly closed\u00a0align the edges properly and\u00a0at minimum\u00a0three times before snapping the buckle. Squeeze the bag &#8211; if there is air coming out the chances are water will get in.<\/p>\n","protected":false},"excerpt":{"rendered":"<p>https:\/\/www.youtube.com\/watch?v=9b3DZCxXz9g&amp;t=106s [&#8230;]<\/p>\n<p><a class=\"btn btn-secondary understrap-read-more-link\" href=\"https:\/\/www.waterskis.lv\/en\/product\/dry-bag-hiko-rover-5-l\/\">Read More&#8230;<\/a><\/p>\n","protected":false},"featured_media":33073,"comment_status":"closed","ping_status":"closed","template":"","meta":{"_acf_changed":false,"inline_featured_image":false},"product_brand":[],"product_cat":[1051],"product_tag":[],"class_list":{"0":"post-33090","1":"product","2":"type-product","3":"status-publish","4":"has-post-thumbnail","6":"product_cat-balance-boards-longboards","8":"first","9":"instock","10":"shipping-taxable","11":"purchasable","12":"product-type-simple"},"acf":[],"yoast_head":"<!-- This site is optimized with the Yoast SEO plugin v27.4 - https:\/\/yoast.com\/product\/yoast-seo-wordpress\/ -->\n<title>Dry bag HIKO ROVER 5 l - WATERSKIS.LV<\/title>\n<meta name=\"description\" content=\"Dry bag HIKO ROVER 5 l. Waterskis.lv - boat rental, kayaks, engines, paddles, every accessory you need and more. Visit us!\" \/>\n<meta name=\"robots\" content=\"index, follow, max-snippet:-1, max-image-preview:large, max-video-preview:-1\" \/>\n<link rel=\"canonical\" href=\"https:\/\/www.waterskis.lv\/en\/product\/dry-bag-hiko-rover-5-l\/\" \/>\n<meta property=\"og:locale\" content=\"en_US\" \/>\n<meta property=\"og:type\" content=\"article\" \/>\n<meta property=\"og:title\" content=\"Dry bag HIKO ROVER 5 l - WATERSKIS.LV\" \/>\n<meta property=\"og:description\" content=\"Dry bag HIKO ROVER 5 l. Waterskis.lv - boat rental, kayaks, engines, paddles, every accessory you need and more. Visit us!\" \/>\n<meta property=\"og:url\" content=\"https:\/\/www.waterskis.lv\/en\/product\/dry-bag-hiko-rover-5-l\/\" \/>\n<meta property=\"og:site_name\" content=\"WATERSKIS.LV\" \/>\n<meta property=\"article:publisher\" content=\"https:\/\/www.facebook.com\/jurmalawaterskiwakeboardpark\/\" \/>\n<meta property=\"article:modified_time\" content=\"2022-04-02T09:40:44+00:00\" \/>\n<meta property=\"og:image\" content=\"https:\/\/www.waterskis.lv\/wp-content\/uploads\/2021\/12\/dry-bag-hiko-rover-5-l.jpg\" \/>\n\t<meta property=\"og:image:width\" content=\"1000\" \/>\n\t<meta property=\"og:image:height\" content=\"1000\" \/>\n\t<meta property=\"og:image:type\" content=\"image\/jpeg\" \/>\n<meta name=\"twitter:card\" content=\"summary_large_image\" \/>\n<meta name=\"twitter:label1\" content=\"Est. reading time\" \/>\n\t<meta name=\"twitter:data1\" content=\"2 minutes\" \/>\n<script type=\"application\/ld+json\" class=\"yoast-schema-graph\">{\"@context\":\"https:\\\/\\\/schema.org\",\"@graph\":[{\"@type\":\"WebPage\",\"@id\":\"https:\\\/\\\/www.waterskis.lv\\\/en\\\/product\\\/dry-bag-hiko-rover-5-l\\\/\",\"url\":\"https:\\\/\\\/www.waterskis.lv\\\/en\\\/product\\\/dry-bag-hiko-rover-5-l\\\/\",\"name\":\"Dry bag HIKO ROVER 5 l - WATERSKIS.LV\",\"isPartOf\":{\"@id\":\"https:\\\/\\\/www.waterskis.lv\\\/en\\\/#website\"},\"primaryImageOfPage\":{\"@id\":\"https:\\\/\\\/www.waterskis.lv\\\/en\\\/product\\\/dry-bag-hiko-rover-5-l\\\/#primaryimage\"},\"image\":{\"@id\":\"https:\\\/\\\/www.waterskis.lv\\\/en\\\/product\\\/dry-bag-hiko-rover-5-l\\\/#primaryimage\"},\"thumbnailUrl\":\"https:\\\/\\\/www.waterskis.lv\\\/wp-content\\\/uploads\\\/2021\\\/12\\\/dry-bag-hiko-rover-5-l.jpg\",\"datePublished\":\"2021-12-16T17:39:17+00:00\",\"dateModified\":\"2022-04-02T09:40:44+00:00\",\"description\":\"Dry bag HIKO ROVER 5 l. Waterskis.lv - boat rental, kayaks, engines, paddles, every accessory you need and more. Visit us!\",\"breadcrumb\":{\"@id\":\"https:\\\/\\\/www.waterskis.lv\\\/en\\\/product\\\/dry-bag-hiko-rover-5-l\\\/#breadcrumb\"},\"inLanguage\":\"en-US\",\"potentialAction\":[{\"@type\":\"ReadAction\",\"target\":[\"https:\\\/\\\/www.waterskis.lv\\\/en\\\/product\\\/dry-bag-hiko-rover-5-l\\\/\"]}]},{\"@type\":\"ImageObject\",\"inLanguage\":\"en-US\",\"@id\":\"https:\\\/\\\/www.waterskis.lv\\\/en\\\/product\\\/dry-bag-hiko-rover-5-l\\\/#primaryimage\",\"url\":\"https:\\\/\\\/www.waterskis.lv\\\/wp-content\\\/uploads\\\/2021\\\/12\\\/dry-bag-hiko-rover-5-l.jpg\",\"contentUrl\":\"https:\\\/\\\/www.waterskis.lv\\\/wp-content\\\/uploads\\\/2021\\\/12\\\/dry-bag-hiko-rover-5-l.jpg\",\"width\":1000,\"height\":1000,\"caption\":\"Dry bag HIKO ROVER 5 l\"},{\"@type\":\"BreadcrumbList\",\"@id\":\"https:\\\/\\\/www.waterskis.lv\\\/en\\\/product\\\/dry-bag-hiko-rover-5-l\\\/#breadcrumb\",\"itemListElement\":[{\"@type\":\"ListItem\",\"position\":1,\"name\":\"Home\",\"item\":\"https:\\\/\\\/www.waterskis.lv\\\/en\\\/\"},{\"@type\":\"ListItem\",\"position\":2,\"name\":\"Shop\",\"item\":\"https:\\\/\\\/waterskis.lv\\\/en\\\/shop\\\/\"},{\"@type\":\"ListItem\",\"position\":3,\"name\":\"Dry bag HIKO ROVER 5 l\"}]},{\"@type\":\"WebSite\",\"@id\":\"https:\\\/\\\/www.waterskis.lv\\\/en\\\/#website\",\"url\":\"https:\\\/\\\/www.waterskis.lv\\\/en\\\/\",\"name\":\"WATERSKIS.LV\",\"description\":\"SUP d\u0113\u013ci, kajaki, kanoe, airu laivas, \u016bdenssl\u0113po\u0161ana, veikbords, SUP d\u0113\u013cu noma, kajaku nomaakt\u012bv\u0101s atp\u016btas centrs, laivu noma, sup noma, kajaku noma\",\"publisher\":{\"@id\":\"https:\\\/\\\/www.waterskis.lv\\\/en\\\/#organization\"},\"potentialAction\":[{\"@type\":\"SearchAction\",\"target\":{\"@type\":\"EntryPoint\",\"urlTemplate\":\"https:\\\/\\\/www.waterskis.lv\\\/en\\\/?s={search_term_string}\"},\"query-input\":{\"@type\":\"PropertyValueSpecification\",\"valueRequired\":true,\"valueName\":\"search_term_string\"}}],\"inLanguage\":\"en-US\"},{\"@type\":\"Organization\",\"@id\":\"https:\\\/\\\/www.waterskis.lv\\\/en\\\/#organization\",\"name\":\"WATERSKIS.LV\",\"url\":\"https:\\\/\\\/www.waterskis.lv\\\/en\\\/\",\"logo\":{\"@type\":\"ImageObject\",\"inLanguage\":\"en-US\",\"@id\":\"https:\\\/\\\/www.waterskis.lv\\\/en\\\/#\\\/schema\\\/logo\\\/image\\\/\",\"url\":\"https:\\\/\\\/www.waterskis.lv\\\/wp-content\\\/uploads\\\/2025\\\/01\\\/JUVP-logo.png\",\"contentUrl\":\"https:\\\/\\\/www.waterskis.lv\\\/wp-content\\\/uploads\\\/2025\\\/01\\\/JUVP-logo.png\",\"width\":421,\"height\":202,\"caption\":\"WATERSKIS.LV\"},\"image\":{\"@id\":\"https:\\\/\\\/www.waterskis.lv\\\/en\\\/#\\\/schema\\\/logo\\\/image\\\/\"},\"sameAs\":[\"https:\\\/\\\/www.facebook.com\\\/jurmalawaterskiwakeboardpark\\\/\"]}]}<\/script>\n<!-- \/ Yoast SEO plugin. -->","yoast_head_json":{"title":"Dry bag HIKO ROVER 5 l - WATERSKIS.LV","description":"Dry bag HIKO ROVER 5 l. Waterskis.lv - boat rental, kayaks, engines, paddles, every accessory you need and more. Visit us!","robots":{"index":"index","follow":"follow","max-snippet":"max-snippet:-1","max-image-preview":"max-image-preview:large","max-video-preview":"max-video-preview:-1"},"canonical":"https:\/\/www.waterskis.lv\/en\/product\/dry-bag-hiko-rover-5-l\/","og_locale":"en_US","og_type":"article","og_title":"Dry bag HIKO ROVER 5 l - WATERSKIS.LV","og_description":"Dry bag HIKO ROVER 5 l. Waterskis.lv - boat rental, kayaks, engines, paddles, every accessory you need and more. Visit us!","og_url":"https:\/\/www.waterskis.lv\/en\/product\/dry-bag-hiko-rover-5-l\/","og_site_name":"WATERSKIS.LV","article_publisher":"https:\/\/www.facebook.com\/jurmalawaterskiwakeboardpark\/","article_modified_time":"2022-04-02T09:40:44+00:00","og_image":[{"width":1000,"height":1000,"url":"https:\/\/www.waterskis.lv\/wp-content\/uploads\/2021\/12\/dry-bag-hiko-rover-5-l.jpg","type":"image\/jpeg"}],"twitter_card":"summary_large_image","twitter_misc":{"Est. reading time":"2 minutes"},"schema":{"@context":"https:\/\/schema.org","@graph":[{"@type":"WebPage","@id":"https:\/\/www.waterskis.lv\/en\/product\/dry-bag-hiko-rover-5-l\/","url":"https:\/\/www.waterskis.lv\/en\/product\/dry-bag-hiko-rover-5-l\/","name":"Dry bag HIKO ROVER 5 l - WATERSKIS.LV","isPartOf":{"@id":"https:\/\/www.waterskis.lv\/en\/#website"},"primaryImageOfPage":{"@id":"https:\/\/www.waterskis.lv\/en\/product\/dry-bag-hiko-rover-5-l\/#primaryimage"},"image":{"@id":"https:\/\/www.waterskis.lv\/en\/product\/dry-bag-hiko-rover-5-l\/#primaryimage"},"thumbnailUrl":"https:\/\/www.waterskis.lv\/wp-content\/uploads\/2021\/12\/dry-bag-hiko-rover-5-l.jpg","datePublished":"2021-12-16T17:39:17+00:00","dateModified":"2022-04-02T09:40:44+00:00","description":"Dry bag HIKO ROVER 5 l. Waterskis.lv - boat rental, kayaks, engines, paddles, every accessory you need and more. Visit us!","breadcrumb":{"@id":"https:\/\/www.waterskis.lv\/en\/product\/dry-bag-hiko-rover-5-l\/#breadcrumb"},"inLanguage":"en-US","potentialAction":[{"@type":"ReadAction","target":["https:\/\/www.waterskis.lv\/en\/product\/dry-bag-hiko-rover-5-l\/"]}]},{"@type":"ImageObject","inLanguage":"en-US","@id":"https:\/\/www.waterskis.lv\/en\/product\/dry-bag-hiko-rover-5-l\/#primaryimage","url":"https:\/\/www.waterskis.lv\/wp-content\/uploads\/2021\/12\/dry-bag-hiko-rover-5-l.jpg","contentUrl":"https:\/\/www.waterskis.lv\/wp-content\/uploads\/2021\/12\/dry-bag-hiko-rover-5-l.jpg","width":1000,"height":1000,"caption":"Dry bag HIKO ROVER 5 l"},{"@type":"BreadcrumbList","@id":"https:\/\/www.waterskis.lv\/en\/product\/dry-bag-hiko-rover-5-l\/#breadcrumb","itemListElement":[{"@type":"ListItem","position":1,"name":"Home","item":"https:\/\/www.waterskis.lv\/en\/"},{"@type":"ListItem","position":2,"name":"Shop","item":"https:\/\/waterskis.lv\/en\/shop\/"},{"@type":"ListItem","position":3,"name":"Dry bag HIKO ROVER 5 l"}]},{"@type":"WebSite","@id":"https:\/\/www.waterskis.lv\/en\/#website","url":"https:\/\/www.waterskis.lv\/en\/","name":"WATERSKIS.LV","description":"SUP d\u0113\u013ci, kajaki, kanoe, airu laivas, \u016bdenssl\u0113po\u0161ana, veikbords, SUP d\u0113\u013cu noma, kajaku nomaakt\u012bv\u0101s atp\u016btas centrs, laivu noma, sup noma, kajaku noma","publisher":{"@id":"https:\/\/www.waterskis.lv\/en\/#organization"},"potentialAction":[{"@type":"SearchAction","target":{"@type":"EntryPoint","urlTemplate":"https:\/\/www.waterskis.lv\/en\/?s={search_term_string}"},"query-input":{"@type":"PropertyValueSpecification","valueRequired":true,"valueName":"search_term_string"}}],"inLanguage":"en-US"},{"@type":"Organization","@id":"https:\/\/www.waterskis.lv\/en\/#organization","name":"WATERSKIS.LV","url":"https:\/\/www.waterskis.lv\/en\/","logo":{"@type":"ImageObject","inLanguage":"en-US","@id":"https:\/\/www.waterskis.lv\/en\/#\/schema\/logo\/image\/","url":"https:\/\/www.waterskis.lv\/wp-content\/uploads\/2025\/01\/JUVP-logo.png","contentUrl":"https:\/\/www.waterskis.lv\/wp-content\/uploads\/2025\/01\/JUVP-logo.png","width":421,"height":202,"caption":"WATERSKIS.LV"},"image":{"@id":"https:\/\/www.waterskis.lv\/en\/#\/schema\/logo\/image\/"},"sameAs":["https:\/\/www.facebook.com\/jurmalawaterskiwakeboardpark\/"]}]}},"_links":{"self":[{"href":"https:\/\/www.waterskis.lv\/en\/wp-json\/wp\/v2\/product\/33090","targetHints":{"allow":["GET"]}}],"collection":[{"href":"https:\/\/www.waterskis.lv\/en\/wp-json\/wp\/v2\/product"}],"about":[{"href":"https:\/\/www.waterskis.lv\/en\/wp-json\/wp\/v2\/types\/product"}],"replies":[{"embeddable":true,"href":"https:\/\/www.waterskis.lv\/en\/wp-json\/wp\/v2\/comments?post=33090"}],"wp:featuredmedia":[{"embeddable":true,"href":"https:\/\/www.waterskis.lv\/en\/wp-json\/wp\/v2\/media\/33073"}],"wp:attachment":[{"href":"https:\/\/www.waterskis.lv\/en\/wp-json\/wp\/v2\/media?parent=33090"}],"wp:term":[{"taxonomy":"product_brand","embeddable":true,"href":"https:\/\/www.waterskis.lv\/en\/wp-json\/wp\/v2\/product_brand?post=33090"},{"taxonomy":"product_cat","embeddable":true,"href":"https:\/\/www.waterskis.lv\/en\/wp-json\/wp\/v2\/product_cat?post=33090"},{"taxonomy":"product_tag","embeddable":true,"href":"https:\/\/www.waterskis.lv\/en\/wp-json\/wp\/v2\/product_tag?post=33090"}],"curies":[{"name":"wp","href":"https:\/\/api.w.org\/{rel}","templated":true}]}}